{"id":10713,"date":"2025-07-18T16:47:15","date_gmt":"2025-07-18T15:47:15","guid":{"rendered":"https:\/\/andpro.net\/?post_type=product&#038;p=10713"},"modified":"2025-07-18T17:10:05","modified_gmt":"2025-07-18T16:10:05","slug":"jurav-zascitne-rokavice-j-devacut","status":"publish","type":"product","link":"http:\/\/andpro.net\/en\/product\/jurav-zascitne-rokavice-j-devacut\/","title":{"rendered":"JURAV PROTECTIVE GLOVES J-DEVACUT"},"content":{"rendered":"<p>Protective gloves.<\/p>\n<p>&nbsp;<\/p>\n<p>Knitted products: combination of polyester with glass fibers, nylon, and elastane (stitch 13)<\/p>\n<p>Coated with polyurethane<\/p>\n<p>Finished with piping<\/p>\n<p>they provide dexterity and a great feel for the object being held<\/p>\n<p>Highly flexible and fit the hand perfectly<\/p>\n<p>High cut resistance coefficient (D) and maximum abrasion resistance coefficient (4) and tear resistance coefficient (4)<\/p>\n<p>Ideal for working with sharp tools, sheet metal edges, pipes, or glass<\/p>","protected":false},"excerpt":{"rendered":"<p>Za\u0161\u010ditne rokavice. &nbsp; Pleteni izdelki: kombinacija poliestra s steklenimi vlakni, najlona in elastana (\u0161iv 13) Prevle\u010dene s poliuretanom Zaklju\u010dene s kederjem Zagotavljajo spretnost in odli\u010den ob\u010dutek za predmet, ki ga dr\u017eite So zelo prilagodljive in se popolnoma prilegajo roki Visok koeficient odpornosti proti prerezanju (D) in najvi\u0161ji koeficient odpornosti proti obrabi (4) in odpornosti proti [&hellip;]<\/p>","protected":false},"featured_media":10714,"template":"","meta":[],"product_brand":[],"product_cat":[22,115],"product_tag":[],"class_list":{"0":"post-10713","1":"product","2":"type-product","3":"status-publish","4":"has-post-thumbnail","6":"product_cat-rokavice","7":"product_cat-zascita-za-roke","9":"first","10":"onbackorder","11":"taxable","12":"shipping-taxable","13":"purchasable","14":"product-type-variable"},"bundled_by":[],"bundle_stock_status":"onbackorder","bundle_stock_quantity":null,"bundle_virtual":false,"bundle_layout":"","bundle_add_to_cart_form_location":"","bundle_editable_in_cart":false,"bundle_sold_individually_context":"","bundle_item_grouping":"","bundle_min_size":"","bundle_max_size":"","bundle_price":[],"bundled_items":[],"bundle_sell_ids":[],"group_of_quantity":0,"min_quantity":120,"max_quantity":"","exclude_order_quantity_value_rules":"no","exclude_category_quantity_rules":"no","combine_variations":"no","yoast_head":"<!-- This site is optimized with the Yoast SEO Premium plugin v23.9 (Yoast SEO v27.4) - https:\/\/yoast.com\/product\/yoast-seo-premium-wordpress\/ -->\n<title>JURAV ZA\u0160\u010cITNE ROKAVICE J-DEVACUT - AndPro<\/title>\n<meta name=\"robots\" content=\"index, follow, max-snippet:-1, max-image-preview:large, max-video-preview:-1\" \/>\n<link rel=\"canonical\" href=\"http:\/\/andpro.net\/en\/product\/jurav-zascitne-rokavice-j-devacut\/\" \/>\n<meta property=\"og:locale\" content=\"en_GB\" \/>\n<meta property=\"og:type\" content=\"article\" \/>\n<meta property=\"og:title\" content=\"JURAV ZA\u0160\u010cITNE ROKAVICE J-DEVACUT\" \/>\n<meta property=\"og:description\" content=\"Za\u0161\u010ditne rokavice. &nbsp; Pleteni izdelki: kombinacija poliestra s steklenimi vlakni, najlona in elastana (\u0161iv 13) Prevle\u010dene s poliuretanom Zaklju\u010dene s kederjem Zagotavljajo spretnost in odli\u010den ob\u010dutek za predmet, ki ga dr\u017eite So zelo prilagodljive in se popolnoma prilegajo roki Visok koeficient odpornosti proti prerezanju (D) in najvi\u0161ji koeficient odpornosti proti obrabi (4) in odpornosti proti [&hellip;]\" \/>\n<meta property=\"og:url\" content=\"http:\/\/andpro.net\/en\/product\/jurav-zascitne-rokavice-j-devacut\/\" \/>\n<meta property=\"og:site_name\" content=\"AndPro\" \/>\n<meta property=\"article:modified_time\" content=\"2025-07-18T16:10:05+00:00\" \/>\n<meta property=\"og:image\" content=\"https:\/\/andpro.net\/wp-content\/uploads\/2025\/07\/0079372768-608x1024.png\" \/>\n\t<meta property=\"og:image:width\" content=\"608\" \/>\n\t<meta property=\"og:image:height\" content=\"1024\" \/>\n\t<meta property=\"og:image:type\" content=\"image\/png\" \/>\n<meta name=\"twitter:card\" content=\"summary_large_image\" \/>\n<meta name=\"twitter:label1\" content=\"Estimated reading time\" \/>\n\t<meta name=\"twitter:data1\" content=\"1 minute\" \/>\n<script type=\"application\/ld+json\" class=\"yoast-schema-graph\">{\"@context\":\"https:\\\/\\\/schema.org\",\"@graph\":[{\"@type\":\"WebPage\",\"@id\":\"https:\\\/\\\/andpro.net\\\/product\\\/jurav-zascitne-rokavice-j-devacut\\\/\",\"url\":\"https:\\\/\\\/andpro.net\\\/product\\\/jurav-zascitne-rokavice-j-devacut\\\/\",\"name\":\"JURAV ZA\u0160\u010cITNE ROKAVICE J-DEVACUT - AndPro\",\"isPartOf\":{\"@id\":\"https:\\\/\\\/andpro.net\\\/de\\\/#website\"},\"primaryImageOfPage\":{\"@id\":\"https:\\\/\\\/andpro.net\\\/product\\\/jurav-zascitne-rokavice-j-devacut\\\/#primaryimage\"},\"image\":{\"@id\":\"https:\\\/\\\/andpro.net\\\/product\\\/jurav-zascitne-rokavice-j-devacut\\\/#primaryimage\"},\"thumbnailUrl\":\"https:\\\/\\\/andpro.net\\\/wp-content\\\/uploads\\\/2025\\\/07\\\/0079372768.png\",\"datePublished\":\"2025-07-18T15:47:15+00:00\",\"dateModified\":\"2025-07-18T16:10:05+00:00\",\"breadcrumb\":{\"@id\":\"https:\\\/\\\/andpro.net\\\/product\\\/jurav-zascitne-rokavice-j-devacut\\\/#breadcrumb\"},\"inLanguage\":\"en-GB\",\"potentialAction\":[{\"@type\":\"ReadAction\",\"target\":[\"https:\\\/\\\/andpro.net\\\/product\\\/jurav-zascitne-rokavice-j-devacut\\\/\"]}]},{\"@type\":\"ImageObject\",\"inLanguage\":\"en-GB\",\"@id\":\"https:\\\/\\\/andpro.net\\\/product\\\/jurav-zascitne-rokavice-j-devacut\\\/#primaryimage\",\"url\":\"https:\\\/\\\/andpro.net\\\/wp-content\\\/uploads\\\/2025\\\/07\\\/0079372768.png\",\"contentUrl\":\"https:\\\/\\\/andpro.net\\\/wp-content\\\/uploads\\\/2025\\\/07\\\/0079372768.png\",\"width\":1113,\"height\":1875},{\"@type\":\"BreadcrumbList\",\"@id\":\"https:\\\/\\\/andpro.net\\\/product\\\/jurav-zascitne-rokavice-j-devacut\\\/#breadcrumb\",\"itemListElement\":[{\"@type\":\"ListItem\",\"position\":1,\"name\":\"Home\",\"item\":\"https:\\\/\\\/andpro.net\\\/\"},{\"@type\":\"ListItem\",\"position\":2,\"name\":\"Shop\",\"item\":\"https:\\\/\\\/andpro.net\\\/en\\\/shop\\\/\"},{\"@type\":\"ListItem\",\"position\":3,\"name\":\"JURAV ZA\u0160\u010cITNE ROKAVICE J-DEVACUT\"}]},{\"@type\":\"WebSite\",\"@id\":\"https:\\\/\\\/andpro.net\\\/de\\\/#website\",\"url\":\"https:\\\/\\\/andpro.net\\\/de\\\/\",\"name\":\"AndPro\",\"description\":\"The best decision\",\"publisher\":{\"@id\":\"https:\\\/\\\/andpro.net\\\/de\\\/#organization\"},\"potentialAction\":[{\"@type\":\"SearchAction\",\"target\":{\"@type\":\"EntryPoint\",\"urlTemplate\":\"https:\\\/\\\/andpro.net\\\/de\\\/?s={search_term_string}\"},\"query-input\":{\"@type\":\"PropertyValueSpecification\",\"valueRequired\":true,\"valueName\":\"search_term_string\"}}],\"inLanguage\":\"en-GB\"},{\"@type\":\"Organization\",\"@id\":\"https:\\\/\\\/andpro.net\\\/de\\\/#organization\",\"name\":\"AndPro\",\"url\":\"https:\\\/\\\/andpro.net\\\/de\\\/\",\"logo\":{\"@type\":\"ImageObject\",\"inLanguage\":\"en-GB\",\"@id\":\"https:\\\/\\\/andpro.net\\\/de\\\/#\\\/schema\\\/logo\\\/image\\\/\",\"url\":\"https:\\\/\\\/andpro.net\\\/wp-content\\\/uploads\\\/2023\\\/11\\\/logo_fix.png\",\"contentUrl\":\"https:\\\/\\\/andpro.net\\\/wp-content\\\/uploads\\\/2023\\\/11\\\/logo_fix.png\",\"width\":1244,\"height\":637,\"caption\":\"AndPro\"},\"image\":{\"@id\":\"https:\\\/\\\/andpro.net\\\/de\\\/#\\\/schema\\\/logo\\\/image\\\/\"}}]}<\/script>\n<!-- \/ Yoast SEO Premium plugin. -->","yoast_head_json":{"title":"JURAV ZA\u0160\u010cITNE ROKAVICE J-DEVACUT - AndPro","robots":{"index":"index","follow":"follow","max-snippet":"max-snippet:-1","max-image-preview":"max-image-preview:large","max-video-preview":"max-video-preview:-1"},"canonical":"http:\/\/andpro.net\/en\/product\/jurav-zascitne-rokavice-j-devacut\/","og_locale":"en_GB","og_type":"article","og_title":"JURAV ZA\u0160\u010cITNE ROKAVICE J-DEVACUT","og_description":"Za\u0161\u010ditne rokavice. &nbsp; Pleteni izdelki: kombinacija poliestra s steklenimi vlakni, najlona in elastana (\u0161iv 13) Prevle\u010dene s poliuretanom Zaklju\u010dene s kederjem Zagotavljajo spretnost in odli\u010den ob\u010dutek za predmet, ki ga dr\u017eite So zelo prilagodljive in se popolnoma prilegajo roki Visok koeficient odpornosti proti prerezanju (D) in najvi\u0161ji koeficient odpornosti proti obrabi (4) in odpornosti proti [&hellip;]","og_url":"http:\/\/andpro.net\/en\/product\/jurav-zascitne-rokavice-j-devacut\/","og_site_name":"AndPro","article_modified_time":"2025-07-18T16:10:05+00:00","og_image":[{"width":608,"height":1024,"url":"https:\/\/andpro.net\/wp-content\/uploads\/2025\/07\/0079372768-608x1024.png","type":"image\/png"}],"twitter_card":"summary_large_image","twitter_misc":{"Estimated reading time":"1 minute"},"schema":{"@context":"https:\/\/schema.org","@graph":[{"@type":"WebPage","@id":"https:\/\/andpro.net\/product\/jurav-zascitne-rokavice-j-devacut\/","url":"https:\/\/andpro.net\/product\/jurav-zascitne-rokavice-j-devacut\/","name":"JURAV ZA\u0160\u010cITNE ROKAVICE J-DEVACUT - AndPro","isPartOf":{"@id":"https:\/\/andpro.net\/de\/#website"},"primaryImageOfPage":{"@id":"https:\/\/andpro.net\/product\/jurav-zascitne-rokavice-j-devacut\/#primaryimage"},"image":{"@id":"https:\/\/andpro.net\/product\/jurav-zascitne-rokavice-j-devacut\/#primaryimage"},"thumbnailUrl":"https:\/\/andpro.net\/wp-content\/uploads\/2025\/07\/0079372768.png","datePublished":"2025-07-18T15:47:15+00:00","dateModified":"2025-07-18T16:10:05+00:00","breadcrumb":{"@id":"https:\/\/andpro.net\/product\/jurav-zascitne-rokavice-j-devacut\/#breadcrumb"},"inLanguage":"en-GB","potentialAction":[{"@type":"ReadAction","target":["https:\/\/andpro.net\/product\/jurav-zascitne-rokavice-j-devacut\/"]}]},{"@type":"ImageObject","inLanguage":"en-GB","@id":"https:\/\/andpro.net\/product\/jurav-zascitne-rokavice-j-devacut\/#primaryimage","url":"https:\/\/andpro.net\/wp-content\/uploads\/2025\/07\/0079372768.png","contentUrl":"https:\/\/andpro.net\/wp-content\/uploads\/2025\/07\/0079372768.png","width":1113,"height":1875},{"@type":"BreadcrumbList","@id":"https:\/\/andpro.net\/product\/jurav-zascitne-rokavice-j-devacut\/#breadcrumb","itemListElement":[{"@type":"ListItem","position":1,"name":"Home","item":"https:\/\/andpro.net\/"},{"@type":"ListItem","position":2,"name":"Shop","item":"https:\/\/andpro.net\/en\/shop\/"},{"@type":"ListItem","position":3,"name":"JURAV ZA\u0160\u010cITNE ROKAVICE J-DEVACUT"}]},{"@type":"WebSite","@id":"https:\/\/andpro.net\/de\/#website","url":"https:\/\/andpro.net\/de\/","name":"AndPro","description":"The best decision","publisher":{"@id":"https:\/\/andpro.net\/de\/#organization"},"potentialAction":[{"@type":"SearchAction","target":{"@type":"EntryPoint","urlTemplate":"https:\/\/andpro.net\/de\/?s={search_term_string}"},"query-input":{"@type":"PropertyValueSpecification","valueRequired":true,"valueName":"search_term_string"}}],"inLanguage":"en-GB"},{"@type":"Organization","@id":"https:\/\/andpro.net\/de\/#organization","name":"AndPro","url":"https:\/\/andpro.net\/de\/","logo":{"@type":"ImageObject","inLanguage":"en-GB","@id":"https:\/\/andpro.net\/de\/#\/schema\/logo\/image\/","url":"https:\/\/andpro.net\/wp-content\/uploads\/2023\/11\/logo_fix.png","contentUrl":"https:\/\/andpro.net\/wp-content\/uploads\/2023\/11\/logo_fix.png","width":1244,"height":637,"caption":"AndPro"},"image":{"@id":"https:\/\/andpro.net\/de\/#\/schema\/logo\/image\/"}}]}},"_links":{"self":[{"href":"http:\/\/andpro.net\/en\/wp-json\/wp\/v2\/product\/10713","targetHints":{"allow":["GET"]}}],"collection":[{"href":"http:\/\/andpro.net\/en\/wp-json\/wp\/v2\/product"}],"about":[{"href":"http:\/\/andpro.net\/en\/wp-json\/wp\/v2\/types\/product"}],"wp:featuredmedia":[{"embeddable":true,"href":"http:\/\/andpro.net\/en\/wp-json\/wp\/v2\/media\/10714"}],"wp:attachment":[{"href":"http:\/\/andpro.net\/en\/wp-json\/wp\/v2\/media?parent=10713"}],"wp:term":[{"taxonomy":"product_brand","embeddable":true,"href":"http:\/\/andpro.net\/en\/wp-json\/wp\/v2\/product_brand?post=10713"},{"taxonomy":"product_cat","embeddable":true,"href":"http:\/\/andpro.net\/en\/wp-json\/wp\/v2\/product_cat?post=10713"},{"taxonomy":"product_tag","embeddable":true,"href":"http:\/\/andpro.net\/en\/wp-json\/wp\/v2\/product_tag?post=10713"}],"curies":[{"name":"wp","href":"https:\/\/api.w.org\/{rel}","templated":true}]}}