{"id":5439,"date":"2023-12-28T02:50:14","date_gmt":"2023-12-28T01:50:14","guid":{"rendered":"https:\/\/andpro.net\/?post_type=product&#038;p=5439"},"modified":"2025-07-20T12:34:39","modified_gmt":"2025-07-20T11:34:39","slug":"l-hollman-dezne-hlace-lh-fluer-t-p","status":"publish","type":"product","link":"http:\/\/andpro.net\/en\/product\/l-hollman-dezne-hlace-lh-fluer-t-p\/","title":{"rendered":"L.HOLLMAN RAIN PANTS LH-FLUER-T P"},"content":{"rendered":"<p>Rain pants with reflective stripes.<\/p>\n<p>&nbsp;<\/p>\n<p>100% polyester OXFORD 300D coating, coated with polyurethane<\/p>\n<p>3M Scotchlite reflective strips - two on the bottom of the legs for increased visibility<\/p>\n<p>The waterproof coating of the material offers excellent protection against rain, while at the same time allowing the skin to \"breathe\"<\/p>\n<p>two pocket openings provide access to the pockets of the actual clothing<\/p>\n<p>Stretchable elastic in the waist allows you to better adjust the size<\/p>\n<p>To protect against water ingress, the seams on the inside are also taped<\/p>\n<p>Zippers on the lower part of the legs allow adjusting the width of the legs and provide excellent protection against the rain<\/p>\n<p>ideal for working in traffic and in places where the user must be clearly visible<\/p>\n<p>packed in a ziplock bag that can be used to transport other things<\/p>\n<p>Meets the requirements of EN ISO 20471 (class 1) and EN343 standards<\/p>","protected":false},"excerpt":{"rendered":"<p>Delavske de\u017ene hla\u010de z odsevnimi \u010drtami. &nbsp; 100% poliestrski premaz OXFORD 300D, prevle\u010den s poliuretanom 3M Scotchline odsevni trakovi &#8211; dva na dnu nog za ve\u010djo vidljivost Vodoodporna prevleka materiala nudi odli\u010dno za\u0161\u010dito pred de\u017ejem, hkrati pa ko\u017ei omogo\u010da, da &#8220;diha&#8221; dve \u017eepni odprtini omogo\u010data dostop do \u017eepov dejanskih obla\u010dil Raztegljiva elastika v pasu vam [&hellip;]<\/p>","protected":false},"featured_media":5450,"template":"","meta":[],"product_brand":[],"product_cat":[21,41],"product_tag":[],"class_list":{"0":"post-5439","1":"product","2":"type-product","3":"status-publish","4":"has-post-thumbnail","6":"product_cat-oblacila","7":"product_cat-hlace","9":"first","10":"onbackorder","11":"taxable","12":"shipping-taxable","13":"purchasable","14":"product-type-variable"},"bundled_by":[],"bundle_stock_status":"onbackorder","bundle_stock_quantity":null,"bundle_virtual":false,"bundle_layout":"","bundle_add_to_cart_form_location":"","bundle_editable_in_cart":false,"bundle_sold_individually_context":"","bundle_item_grouping":"","bundle_min_size":"","bundle_max_size":"","bundle_price":[],"bundled_items":[],"bundle_sell_ids":[],"group_of_quantity":0,"min_quantity":0,"max_quantity":"","exclude_order_quantity_value_rules":"no","exclude_category_quantity_rules":"no","combine_variations":"no","yoast_head":"<!-- This site is optimized with the Yoast SEO Premium plugin v23.9 (Yoast SEO v27.3) - https:\/\/yoast.com\/product\/yoast-seo-premium-wordpress\/ -->\n<title>L.HOLLMAN DE\u017dNE HLA\u010cE LH-FLUER-T P - AndPro<\/title>\n<meta name=\"robots\" content=\"index, follow, max-snippet:-1, max-image-preview:large, max-video-preview:-1\" \/>\n<link rel=\"canonical\" href=\"http:\/\/andpro.net\/en\/product\/l-hollman-dezne-hlace-lh-fluer-t-p\/\" \/>\n<meta property=\"og:locale\" content=\"en_GB\" \/>\n<meta property=\"og:type\" content=\"article\" \/>\n<meta property=\"og:title\" content=\"L.HOLLMAN DE\u017dNE HLA\u010cE LH-FLUER-T P\" \/>\n<meta property=\"og:description\" content=\"Delavske de\u017ene hla\u010de z odsevnimi \u010drtami. &nbsp; 100% poliestrski premaz OXFORD 300D, prevle\u010den s poliuretanom 3M Scotchline odsevni trakovi &#8211; dva na dnu nog za ve\u010djo vidljivost Vodoodporna prevleka materiala nudi odli\u010dno za\u0161\u010dito pred de\u017ejem, hkrati pa ko\u017ei omogo\u010da, da &#8220;diha&#8221; dve \u017eepni odprtini omogo\u010data dostop do \u017eepov dejanskih obla\u010dil Raztegljiva elastika v pasu vam [&hellip;]\" \/>\n<meta property=\"og:url\" content=\"http:\/\/andpro.net\/en\/product\/l-hollman-dezne-hlace-lh-fluer-t-p\/\" \/>\n<meta property=\"og:site_name\" content=\"AndPro\" \/>\n<meta property=\"article:modified_time\" content=\"2025-07-20T11:34:39+00:00\" \/>\n<meta property=\"og:image\" content=\"https:\/\/andpro.net\/wp-content\/uploads\/2023\/12\/0047056752.jpg\" \/>\n\t<meta property=\"og:image:width\" content=\"484\" \/>\n\t<meta property=\"og:image:height\" content=\"1024\" \/>\n\t<meta property=\"og:image:type\" content=\"image\/jpeg\" \/>\n<meta name=\"twitter:card\" content=\"summary_large_image\" \/>\n<meta name=\"twitter:label1\" content=\"Estimated reading time\" \/>\n\t<meta name=\"twitter:data1\" content=\"1 minute\" \/>\n<script type=\"application\/ld+json\" class=\"yoast-schema-graph\">{\"@context\":\"https:\\\/\\\/schema.org\",\"@graph\":[{\"@type\":\"WebPage\",\"@id\":\"https:\\\/\\\/andpro.net\\\/product\\\/l-hollman-dezne-hlace-lh-fluer-t-p\\\/\",\"url\":\"https:\\\/\\\/andpro.net\\\/product\\\/l-hollman-dezne-hlace-lh-fluer-t-p\\\/\",\"name\":\"L.HOLLMAN DE\u017dNE HLA\u010cE LH-FLUER-T P - AndPro\",\"isPartOf\":{\"@id\":\"https:\\\/\\\/andpro.net\\\/de\\\/#website\"},\"primaryImageOfPage\":{\"@id\":\"https:\\\/\\\/andpro.net\\\/product\\\/l-hollman-dezne-hlace-lh-fluer-t-p\\\/#primaryimage\"},\"image\":{\"@id\":\"https:\\\/\\\/andpro.net\\\/product\\\/l-hollman-dezne-hlace-lh-fluer-t-p\\\/#primaryimage\"},\"thumbnailUrl\":\"https:\\\/\\\/andpro.net\\\/wp-content\\\/uploads\\\/2023\\\/12\\\/0047056752.jpg\",\"datePublished\":\"2023-12-28T01:50:14+00:00\",\"dateModified\":\"2025-07-20T11:34:39+00:00\",\"breadcrumb\":{\"@id\":\"https:\\\/\\\/andpro.net\\\/product\\\/l-hollman-dezne-hlace-lh-fluer-t-p\\\/#breadcrumb\"},\"inLanguage\":\"en-GB\",\"potentialAction\":[{\"@type\":\"ReadAction\",\"target\":[\"https:\\\/\\\/andpro.net\\\/product\\\/l-hollman-dezne-hlace-lh-fluer-t-p\\\/\"]}]},{\"@type\":\"ImageObject\",\"inLanguage\":\"en-GB\",\"@id\":\"https:\\\/\\\/andpro.net\\\/product\\\/l-hollman-dezne-hlace-lh-fluer-t-p\\\/#primaryimage\",\"url\":\"https:\\\/\\\/andpro.net\\\/wp-content\\\/uploads\\\/2023\\\/12\\\/0047056752.jpg\",\"contentUrl\":\"https:\\\/\\\/andpro.net\\\/wp-content\\\/uploads\\\/2023\\\/12\\\/0047056752.jpg\",\"width\":484,\"height\":1024},{\"@type\":\"BreadcrumbList\",\"@id\":\"https:\\\/\\\/andpro.net\\\/product\\\/l-hollman-dezne-hlace-lh-fluer-t-p\\\/#breadcrumb\",\"itemListElement\":[{\"@type\":\"ListItem\",\"position\":1,\"name\":\"Home\",\"item\":\"https:\\\/\\\/andpro.net\\\/\"},{\"@type\":\"ListItem\",\"position\":2,\"name\":\"Shop\",\"item\":\"https:\\\/\\\/andpro.net\\\/en\\\/shop\\\/\"},{\"@type\":\"ListItem\",\"position\":3,\"name\":\"L.HOLLMAN DE\u017dNE HLA\u010cE LH-FLUER-T P\"}]},{\"@type\":\"WebSite\",\"@id\":\"https:\\\/\\\/andpro.net\\\/de\\\/#website\",\"url\":\"https:\\\/\\\/andpro.net\\\/de\\\/\",\"name\":\"AndPro\",\"description\":\"The best decision\",\"publisher\":{\"@id\":\"https:\\\/\\\/andpro.net\\\/de\\\/#organization\"},\"potentialAction\":[{\"@type\":\"SearchAction\",\"target\":{\"@type\":\"EntryPoint\",\"urlTemplate\":\"https:\\\/\\\/andpro.net\\\/de\\\/?s={search_term_string}\"},\"query-input\":{\"@type\":\"PropertyValueSpecification\",\"valueRequired\":true,\"valueName\":\"search_term_string\"}}],\"inLanguage\":\"en-GB\"},{\"@type\":\"Organization\",\"@id\":\"https:\\\/\\\/andpro.net\\\/de\\\/#organization\",\"name\":\"AndPro\",\"url\":\"https:\\\/\\\/andpro.net\\\/de\\\/\",\"logo\":{\"@type\":\"ImageObject\",\"inLanguage\":\"en-GB\",\"@id\":\"https:\\\/\\\/andpro.net\\\/de\\\/#\\\/schema\\\/logo\\\/image\\\/\",\"url\":\"https:\\\/\\\/andpro.net\\\/wp-content\\\/uploads\\\/2023\\\/11\\\/logo_fix.png\",\"contentUrl\":\"https:\\\/\\\/andpro.net\\\/wp-content\\\/uploads\\\/2023\\\/11\\\/logo_fix.png\",\"width\":1244,\"height\":637,\"caption\":\"AndPro\"},\"image\":{\"@id\":\"https:\\\/\\\/andpro.net\\\/de\\\/#\\\/schema\\\/logo\\\/image\\\/\"}}]}<\/script>\n<!-- \/ Yoast SEO Premium plugin. -->","yoast_head_json":{"title":"L.HOLLMAN DE\u017dNE HLA\u010cE LH-FLUER-T P - AndPro","robots":{"index":"index","follow":"follow","max-snippet":"max-snippet:-1","max-image-preview":"max-image-preview:large","max-video-preview":"max-video-preview:-1"},"canonical":"http:\/\/andpro.net\/en\/product\/l-hollman-dezne-hlace-lh-fluer-t-p\/","og_locale":"en_GB","og_type":"article","og_title":"L.HOLLMAN DE\u017dNE HLA\u010cE LH-FLUER-T P","og_description":"Delavske de\u017ene hla\u010de z odsevnimi \u010drtami. &nbsp; 100% poliestrski premaz OXFORD 300D, prevle\u010den s poliuretanom 3M Scotchline odsevni trakovi &#8211; dva na dnu nog za ve\u010djo vidljivost Vodoodporna prevleka materiala nudi odli\u010dno za\u0161\u010dito pred de\u017ejem, hkrati pa ko\u017ei omogo\u010da, da &#8220;diha&#8221; dve \u017eepni odprtini omogo\u010data dostop do \u017eepov dejanskih obla\u010dil Raztegljiva elastika v pasu vam [&hellip;]","og_url":"http:\/\/andpro.net\/en\/product\/l-hollman-dezne-hlace-lh-fluer-t-p\/","og_site_name":"AndPro","article_modified_time":"2025-07-20T11:34:39+00:00","og_image":[{"width":484,"height":1024,"url":"https:\/\/andpro.net\/wp-content\/uploads\/2023\/12\/0047056752.jpg","type":"image\/jpeg"}],"twitter_card":"summary_large_image","twitter_misc":{"Estimated reading time":"1 minute"},"schema":{"@context":"https:\/\/schema.org","@graph":[{"@type":"WebPage","@id":"https:\/\/andpro.net\/product\/l-hollman-dezne-hlace-lh-fluer-t-p\/","url":"https:\/\/andpro.net\/product\/l-hollman-dezne-hlace-lh-fluer-t-p\/","name":"L.HOLLMAN DE\u017dNE HLA\u010cE LH-FLUER-T P - AndPro","isPartOf":{"@id":"https:\/\/andpro.net\/de\/#website"},"primaryImageOfPage":{"@id":"https:\/\/andpro.net\/product\/l-hollman-dezne-hlace-lh-fluer-t-p\/#primaryimage"},"image":{"@id":"https:\/\/andpro.net\/product\/l-hollman-dezne-hlace-lh-fluer-t-p\/#primaryimage"},"thumbnailUrl":"https:\/\/andpro.net\/wp-content\/uploads\/2023\/12\/0047056752.jpg","datePublished":"2023-12-28T01:50:14+00:00","dateModified":"2025-07-20T11:34:39+00:00","breadcrumb":{"@id":"https:\/\/andpro.net\/product\/l-hollman-dezne-hlace-lh-fluer-t-p\/#breadcrumb"},"inLanguage":"en-GB","potentialAction":[{"@type":"ReadAction","target":["https:\/\/andpro.net\/product\/l-hollman-dezne-hlace-lh-fluer-t-p\/"]}]},{"@type":"ImageObject","inLanguage":"en-GB","@id":"https:\/\/andpro.net\/product\/l-hollman-dezne-hlace-lh-fluer-t-p\/#primaryimage","url":"https:\/\/andpro.net\/wp-content\/uploads\/2023\/12\/0047056752.jpg","contentUrl":"https:\/\/andpro.net\/wp-content\/uploads\/2023\/12\/0047056752.jpg","width":484,"height":1024},{"@type":"BreadcrumbList","@id":"https:\/\/andpro.net\/product\/l-hollman-dezne-hlace-lh-fluer-t-p\/#breadcrumb","itemListElement":[{"@type":"ListItem","position":1,"name":"Home","item":"https:\/\/andpro.net\/"},{"@type":"ListItem","position":2,"name":"Shop","item":"https:\/\/andpro.net\/en\/shop\/"},{"@type":"ListItem","position":3,"name":"L.HOLLMAN DE\u017dNE HLA\u010cE LH-FLUER-T P"}]},{"@type":"WebSite","@id":"https:\/\/andpro.net\/de\/#website","url":"https:\/\/andpro.net\/de\/","name":"AndPro","description":"The best decision","publisher":{"@id":"https:\/\/andpro.net\/de\/#organization"},"potentialAction":[{"@type":"SearchAction","target":{"@type":"EntryPoint","urlTemplate":"https:\/\/andpro.net\/de\/?s={search_term_string}"},"query-input":{"@type":"PropertyValueSpecification","valueRequired":true,"valueName":"search_term_string"}}],"inLanguage":"en-GB"},{"@type":"Organization","@id":"https:\/\/andpro.net\/de\/#organization","name":"AndPro","url":"https:\/\/andpro.net\/de\/","logo":{"@type":"ImageObject","inLanguage":"en-GB","@id":"https:\/\/andpro.net\/de\/#\/schema\/logo\/image\/","url":"https:\/\/andpro.net\/wp-content\/uploads\/2023\/11\/logo_fix.png","contentUrl":"https:\/\/andpro.net\/wp-content\/uploads\/2023\/11\/logo_fix.png","width":1244,"height":637,"caption":"AndPro"},"image":{"@id":"https:\/\/andpro.net\/de\/#\/schema\/logo\/image\/"}}]}},"_links":{"self":[{"href":"http:\/\/andpro.net\/en\/wp-json\/wp\/v2\/product\/5439","targetHints":{"allow":["GET"]}}],"collection":[{"href":"http:\/\/andpro.net\/en\/wp-json\/wp\/v2\/product"}],"about":[{"href":"http:\/\/andpro.net\/en\/wp-json\/wp\/v2\/types\/product"}],"wp:featuredmedia":[{"embeddable":true,"href":"http:\/\/andpro.net\/en\/wp-json\/wp\/v2\/media\/5450"}],"wp:attachment":[{"href":"http:\/\/andpro.net\/en\/wp-json\/wp\/v2\/media?parent=5439"}],"wp:term":[{"taxonomy":"product_brand","embeddable":true,"href":"http:\/\/andpro.net\/en\/wp-json\/wp\/v2\/product_brand?post=5439"},{"taxonomy":"product_cat","embeddable":true,"href":"http:\/\/andpro.net\/en\/wp-json\/wp\/v2\/product_cat?post=5439"},{"taxonomy":"product_tag","embeddable":true,"href":"http:\/\/andpro.net\/en\/wp-json\/wp\/v2\/product_tag?post=5439"}],"curies":[{"name":"wp","href":"https:\/\/api.w.org\/{rel}","templated":true}]}}