{"id":10433,"date":"2025-05-05T16:49:38","date_gmt":"2025-05-05T15:49:38","guid":{"rendered":"https:\/\/andpro.net\/?post_type=product&#038;p=10433"},"modified":"2025-07-30T10:47:53","modified_gmt":"2025-07-30T09:47:53","slug":"l-hollman-polo-k-majica-lh-rautex-ps","status":"publish","type":"product","link":"https:\/\/andpro.net\/de\/product\/l-hollman-polo-k-majica-lh-rautex-ps\/","title":{"rendered":"L.HOLLMAN POLO SHIRT LH-RAUTEX-PS"},"content":{"rendered":"<p>Herren-Polohemd mit Netz und hoher Sichtbarkeit.<\/p>\n<p>&nbsp;<\/p>\n<p>Material: 100 % recyceltes Polyester<\/p>\n<p>140 g\/m\u00b2<\/p>\n<p>Zapenja se z dvema gumboma<\/p>\n<p>Kragen<\/p>\n<p>Das Mesh-Material sorgt f\u00fcr eine hervorragende Bel\u00fcftung.<\/p>\n<p>Kurze \u00c4rmel<\/p>\n<p>Fluoreszierendes Gewebe und segmentierte Reflexionsstreifen erh\u00f6hen die Sichtbarkeit<\/p>","protected":false},"excerpt":{"rendered":"<p>Mo\u0161ka polo majica z mre\u017eo in visoko vidljivostjo. &nbsp; Pletenina: 100 % recikliran poliester 140 g\/m\u00b2 Zapenja se z dvema gumboma Ovratnik Mesh material zagotavlja odli\u010dno prezra\u010devanje Kratki rokavi Segmentirane odsevne \u010drte pove\u010dujejo vidljivost<\/p>","protected":false},"featured_media":10440,"template":"","meta":[],"product_brand":[],"product_cat":[21,40],"product_tag":[],"class_list":{"0":"post-10433","1":"product","2":"type-product","3":"status-publish","4":"has-post-thumbnail","6":"product_cat-oblacila","7":"product_cat-majice","9":"first","10":"onbackorder","11":"taxable","12":"shipping-taxable","13":"purchasable","14":"product-type-variable"},"bundled_by":[],"bundle_stock_status":"onbackorder","bundle_stock_quantity":-49,"bundle_virtual":false,"bundle_layout":"","bundle_add_to_cart_form_location":"","bundle_editable_in_cart":false,"bundle_sold_individually_context":"","bundle_item_grouping":"","bundle_min_size":"","bundle_max_size":"","bundle_price":[],"bundled_items":[],"bundle_sell_ids":[],"group_of_quantity":0,"min_quantity":0,"max_quantity":"","exclude_order_quantity_value_rules":"no","exclude_category_quantity_rules":"no","combine_variations":"no","yoast_head":"<!-- This site is optimized with the Yoast SEO Premium plugin v23.9 (Yoast SEO v27.4) - https:\/\/yoast.com\/product\/yoast-seo-premium-wordpress\/ -->\n<title>L.HOLLMAN POLO K.MAJICA LH-RAUTEX-PS - AndPro<\/title>\n<meta name=\"robots\" content=\"index, follow, max-snippet:-1, max-image-preview:large, max-video-preview:-1\" \/>\n<link rel=\"canonical\" href=\"https:\/\/andpro.net\/de\/product\/l-hollman-polo-k-majica-lh-rautex-ps\/\" \/>\n<meta property=\"og:locale\" content=\"de_DE\" \/>\n<meta property=\"og:type\" content=\"article\" \/>\n<meta property=\"og:title\" content=\"L.HOLLMAN POLO K.MAJICA LH-RAUTEX-PS\" \/>\n<meta property=\"og:description\" content=\"Mo\u0161ka polo majica z mre\u017eo in visoko vidljivostjo. &nbsp; Pletenina: 100 % recikliran poliester 140 g\/m\u00b2 Zapenja se z dvema gumboma Ovratnik Mesh material zagotavlja odli\u010dno prezra\u010devanje Kratki rokavi Segmentirane odsevne \u010drte pove\u010dujejo vidljivost\" \/>\n<meta property=\"og:url\" content=\"https:\/\/andpro.net\/de\/product\/l-hollman-polo-k-majica-lh-rautex-ps\/\" \/>\n<meta property=\"og:site_name\" content=\"AndPro\" \/>\n<meta property=\"article:modified_time\" content=\"2025-07-30T09:47:53+00:00\" \/>\n<meta property=\"og:image\" content=\"https:\/\/andpro.net\/wp-content\/uploads\/2025\/05\/0079360768-600x1024.png\" \/>\n\t<meta property=\"og:image:width\" content=\"600\" \/>\n\t<meta property=\"og:image:height\" content=\"1024\" \/>\n\t<meta property=\"og:image:type\" content=\"image\/png\" \/>\n<meta name=\"twitter:card\" content=\"summary_large_image\" \/>\n<meta name=\"twitter:label1\" content=\"Gesch\u00e4tzte Lesezeit\" \/>\n\t<meta name=\"twitter:data1\" content=\"1\u00a0Minute\" \/>\n<script type=\"application\/ld+json\" class=\"yoast-schema-graph\">{\"@context\":\"https:\\\/\\\/schema.org\",\"@graph\":[{\"@type\":\"WebPage\",\"@id\":\"https:\\\/\\\/andpro.net\\\/product\\\/l-hollman-polo-k-majica-lh-rautex-ps\\\/\",\"url\":\"https:\\\/\\\/andpro.net\\\/product\\\/l-hollman-polo-k-majica-lh-rautex-ps\\\/\",\"name\":\"L.HOLLMAN POLO K.MAJICA LH-RAUTEX-PS - AndPro\",\"isPartOf\":{\"@id\":\"https:\\\/\\\/andpro.net\\\/de\\\/#website\"},\"primaryImageOfPage\":{\"@id\":\"https:\\\/\\\/andpro.net\\\/product\\\/l-hollman-polo-k-majica-lh-rautex-ps\\\/#primaryimage\"},\"image\":{\"@id\":\"https:\\\/\\\/andpro.net\\\/product\\\/l-hollman-polo-k-majica-lh-rautex-ps\\\/#primaryimage\"},\"thumbnailUrl\":\"https:\\\/\\\/andpro.net\\\/wp-content\\\/uploads\\\/2025\\\/05\\\/0079360768.png\",\"datePublished\":\"2025-05-05T15:49:38+00:00\",\"dateModified\":\"2025-07-30T09:47:53+00:00\",\"breadcrumb\":{\"@id\":\"https:\\\/\\\/andpro.net\\\/product\\\/l-hollman-polo-k-majica-lh-rautex-ps\\\/#breadcrumb\"},\"inLanguage\":\"de\",\"potentialAction\":[{\"@type\":\"ReadAction\",\"target\":[\"https:\\\/\\\/andpro.net\\\/product\\\/l-hollman-polo-k-majica-lh-rautex-ps\\\/\"]}]},{\"@type\":\"ImageObject\",\"inLanguage\":\"de\",\"@id\":\"https:\\\/\\\/andpro.net\\\/product\\\/l-hollman-polo-k-majica-lh-rautex-ps\\\/#primaryimage\",\"url\":\"https:\\\/\\\/andpro.net\\\/wp-content\\\/uploads\\\/2025\\\/05\\\/0079360768.png\",\"contentUrl\":\"https:\\\/\\\/andpro.net\\\/wp-content\\\/uploads\\\/2025\\\/05\\\/0079360768.png\",\"width\":1110,\"height\":1895},{\"@type\":\"BreadcrumbList\",\"@id\":\"https:\\\/\\\/andpro.net\\\/product\\\/l-hollman-polo-k-majica-lh-rautex-ps\\\/#breadcrumb\",\"itemListElement\":[{\"@type\":\"ListItem\",\"position\":1,\"name\":\"Home\",\"item\":\"https:\\\/\\\/andpro.net\\\/\"},{\"@type\":\"ListItem\",\"position\":2,\"name\":\"Shop\",\"item\":\"https:\\\/\\\/andpro.net\\\/en\\\/shop\\\/\"},{\"@type\":\"ListItem\",\"position\":3,\"name\":\"L.HOLLMAN POLO K.MAJICA LH-RAUTEX-PS\"}]},{\"@type\":\"WebSite\",\"@id\":\"https:\\\/\\\/andpro.net\\\/de\\\/#website\",\"url\":\"https:\\\/\\\/andpro.net\\\/de\\\/\",\"name\":\"AndPro\",\"description\":\"The best decision\",\"publisher\":{\"@id\":\"https:\\\/\\\/andpro.net\\\/de\\\/#organization\"},\"potentialAction\":[{\"@type\":\"SearchAction\",\"target\":{\"@type\":\"EntryPoint\",\"urlTemplate\":\"https:\\\/\\\/andpro.net\\\/de\\\/?s={search_term_string}\"},\"query-input\":{\"@type\":\"PropertyValueSpecification\",\"valueRequired\":true,\"valueName\":\"search_term_string\"}}],\"inLanguage\":\"de\"},{\"@type\":\"Organization\",\"@id\":\"https:\\\/\\\/andpro.net\\\/de\\\/#organization\",\"name\":\"AndPro\",\"url\":\"https:\\\/\\\/andpro.net\\\/de\\\/\",\"logo\":{\"@type\":\"ImageObject\",\"inLanguage\":\"de\",\"@id\":\"https:\\\/\\\/andpro.net\\\/de\\\/#\\\/schema\\\/logo\\\/image\\\/\",\"url\":\"https:\\\/\\\/andpro.net\\\/wp-content\\\/uploads\\\/2023\\\/11\\\/logo_fix.png\",\"contentUrl\":\"https:\\\/\\\/andpro.net\\\/wp-content\\\/uploads\\\/2023\\\/11\\\/logo_fix.png\",\"width\":1244,\"height\":637,\"caption\":\"AndPro\"},\"image\":{\"@id\":\"https:\\\/\\\/andpro.net\\\/de\\\/#\\\/schema\\\/logo\\\/image\\\/\"}}]}<\/script>\n<!-- \/ Yoast SEO Premium plugin. -->","yoast_head_json":{"title":"L.HOLLMAN POLO K.MAJICA LH-RAUTEX-PS - AndPro","robots":{"index":"index","follow":"follow","max-snippet":"max-snippet:-1","max-image-preview":"max-image-preview:large","max-video-preview":"max-video-preview:-1"},"canonical":"https:\/\/andpro.net\/de\/product\/l-hollman-polo-k-majica-lh-rautex-ps\/","og_locale":"de_DE","og_type":"article","og_title":"L.HOLLMAN POLO K.MAJICA LH-RAUTEX-PS","og_description":"Mo\u0161ka polo majica z mre\u017eo in visoko vidljivostjo. &nbsp; Pletenina: 100 % recikliran poliester 140 g\/m\u00b2 Zapenja se z dvema gumboma Ovratnik Mesh material zagotavlja odli\u010dno prezra\u010devanje Kratki rokavi Segmentirane odsevne \u010drte pove\u010dujejo vidljivost","og_url":"https:\/\/andpro.net\/de\/product\/l-hollman-polo-k-majica-lh-rautex-ps\/","og_site_name":"AndPro","article_modified_time":"2025-07-30T09:47:53+00:00","og_image":[{"width":600,"height":1024,"url":"https:\/\/andpro.net\/wp-content\/uploads\/2025\/05\/0079360768-600x1024.png","type":"image\/png"}],"twitter_card":"summary_large_image","twitter_misc":{"Gesch\u00e4tzte Lesezeit":"1\u00a0Minute"},"schema":{"@context":"https:\/\/schema.org","@graph":[{"@type":"WebPage","@id":"https:\/\/andpro.net\/product\/l-hollman-polo-k-majica-lh-rautex-ps\/","url":"https:\/\/andpro.net\/product\/l-hollman-polo-k-majica-lh-rautex-ps\/","name":"L.HOLLMAN POLO K.MAJICA LH-RAUTEX-PS - AndPro","isPartOf":{"@id":"https:\/\/andpro.net\/de\/#website"},"primaryImageOfPage":{"@id":"https:\/\/andpro.net\/product\/l-hollman-polo-k-majica-lh-rautex-ps\/#primaryimage"},"image":{"@id":"https:\/\/andpro.net\/product\/l-hollman-polo-k-majica-lh-rautex-ps\/#primaryimage"},"thumbnailUrl":"https:\/\/andpro.net\/wp-content\/uploads\/2025\/05\/0079360768.png","datePublished":"2025-05-05T15:49:38+00:00","dateModified":"2025-07-30T09:47:53+00:00","breadcrumb":{"@id":"https:\/\/andpro.net\/product\/l-hollman-polo-k-majica-lh-rautex-ps\/#breadcrumb"},"inLanguage":"de","potentialAction":[{"@type":"ReadAction","target":["https:\/\/andpro.net\/product\/l-hollman-polo-k-majica-lh-rautex-ps\/"]}]},{"@type":"ImageObject","inLanguage":"de","@id":"https:\/\/andpro.net\/product\/l-hollman-polo-k-majica-lh-rautex-ps\/#primaryimage","url":"https:\/\/andpro.net\/wp-content\/uploads\/2025\/05\/0079360768.png","contentUrl":"https:\/\/andpro.net\/wp-content\/uploads\/2025\/05\/0079360768.png","width":1110,"height":1895},{"@type":"BreadcrumbList","@id":"https:\/\/andpro.net\/product\/l-hollman-polo-k-majica-lh-rautex-ps\/#breadcrumb","itemListElement":[{"@type":"ListItem","position":1,"name":"Home","item":"https:\/\/andpro.net\/"},{"@type":"ListItem","position":2,"name":"Shop","item":"https:\/\/andpro.net\/en\/shop\/"},{"@type":"ListItem","position":3,"name":"L.HOLLMAN POLO K.MAJICA LH-RAUTEX-PS"}]},{"@type":"WebSite","@id":"https:\/\/andpro.net\/de\/#website","url":"https:\/\/andpro.net\/de\/","name":"AndPro","description":"The best decision","publisher":{"@id":"https:\/\/andpro.net\/de\/#organization"},"potentialAction":[{"@type":"SearchAction","target":{"@type":"EntryPoint","urlTemplate":"https:\/\/andpro.net\/de\/?s={search_term_string}"},"query-input":{"@type":"PropertyValueSpecification","valueRequired":true,"valueName":"search_term_string"}}],"inLanguage":"de"},{"@type":"Organization","@id":"https:\/\/andpro.net\/de\/#organization","name":"AndPro","url":"https:\/\/andpro.net\/de\/","logo":{"@type":"ImageObject","inLanguage":"de","@id":"https:\/\/andpro.net\/de\/#\/schema\/logo\/image\/","url":"https:\/\/andpro.net\/wp-content\/uploads\/2023\/11\/logo_fix.png","contentUrl":"https:\/\/andpro.net\/wp-content\/uploads\/2023\/11\/logo_fix.png","width":1244,"height":637,"caption":"AndPro"},"image":{"@id":"https:\/\/andpro.net\/de\/#\/schema\/logo\/image\/"}}]}},"_links":{"self":[{"href":"https:\/\/andpro.net\/de\/wp-json\/wp\/v2\/product\/10433","targetHints":{"allow":["GET"]}}],"collection":[{"href":"https:\/\/andpro.net\/de\/wp-json\/wp\/v2\/product"}],"about":[{"href":"https:\/\/andpro.net\/de\/wp-json\/wp\/v2\/types\/product"}],"wp:featuredmedia":[{"embeddable":true,"href":"https:\/\/andpro.net\/de\/wp-json\/wp\/v2\/media\/10440"}],"wp:attachment":[{"href":"https:\/\/andpro.net\/de\/wp-json\/wp\/v2\/media?parent=10433"}],"wp:term":[{"taxonomy":"product_brand","embeddable":true,"href":"https:\/\/andpro.net\/de\/wp-json\/wp\/v2\/product_brand?post=10433"},{"taxonomy":"product_cat","embeddable":true,"href":"https:\/\/andpro.net\/de\/wp-json\/wp\/v2\/product_cat?post=10433"},{"taxonomy":"product_tag","embeddable":true,"href":"https:\/\/andpro.net\/de\/wp-json\/wp\/v2\/product_tag?post=10433"}],"curies":[{"name":"wp","href":"https:\/\/api.w.org\/{rel}","templated":true}]}}