{"id":3091,"date":"2023-12-18T11:48:22","date_gmt":"2023-12-18T10:48:22","guid":{"rendered":"https:\/\/andpro.net\/product\/l-hollman-izoliran-zascitni-jopic-lh-strada-j-yp\/"},"modified":"2025-07-20T13:36:47","modified_gmt":"2025-07-20T12:36:47","slug":"l-hollman-izoliran-zascitni-jopic-lh-strada-j-yp","status":"publish","type":"product","link":"https:\/\/andpro.net\/de\/product\/l-hollman-izoliran-zascitni-jopic-lh-strada-j-yp\/","title":{"rendered":"L.HOLLMAN GEF\u00dcTTERTE SCHUTZJACKE LH:STRADA-J YP"},"content":{"rendered":"<p>Wattierte STRADA-Schutzjacke mit abnehmbaren \u00c4rmeln und im Kragen versteckter Kapuze, gewebt.<br \/>\n- Beschichtung 100 % OXFORD 300D Polyester, Grammatur 170 g\/m2, beschichtet mit Polyurethan<br \/>\n\u2013 Futter 100 % Polyester, Grammatur 180 g\/m2<br \/>\n\u2013 Futter 100 % Polyester-Taft 190T, Gewicht 60 g\/m2<br \/>\n\u2013 Rei\u00dfverschluss mit zus\u00e4tzlichem Druckknopfverschluss<br \/>\nStehkragen<br \/>\n\u2013 Kapuze mit Kordelzug<br \/>\n\u2013 drei Brusttaschen mit Klettverschluss<br \/>\n\u2013 zus\u00e4tzliches Ausweisfach auf der rechten Seite<br \/>\nzwei Taschen unten mit Rei\u00dfverschluss<br \/>\nRei\u00dfverschlusstasche am linken \u00c4rmel<br \/>\n- innen befindet sich eine zus\u00e4tzliche Tasche, die mit Klettverschluss befestigt wird<br \/>\n\u2013 Der untere Teil der Jacke wird mit Kordeln festgezogen<br \/>\n\u2013 Die \u00c4rmel werden mit Schnallen befestigt<br \/>\n\u2013 abnehmbare \u00c4rmel<br \/>\nFluoreszierender Stoff und segmentierte Reflektorstreifen erh\u00f6hen die Sichtbarkeit<br \/>\nErf\u00fcllt die Anforderungen der EN ISO 20471 (Klasse 2), EN 14058 und EN ISO 13688<\/p>","protected":false},"excerpt":{"rendered":"<p>Podlo\u017eena delavska za\u0161\u010ditna jakna STRADA s snemljivimi rokavi in \u200b\u200bv ovratniku skrito kapuco, tkana. &#8211; premaz 100% OXFORD 300D poliester, gramatura 170 g\/m2, premazan s poliuretanom &#8211; podloga 100% poliester, gramatura 180 g\/m2 &#8211; podloga 100% poliester taft 190T, te\u017ea 60 g\/m2 &#8211; zapenjanje z zadrgo z dodatnim zapenjanjem na zaskok &#8211; stoje\u010di ovratnik &#8211; [&hellip;]<\/p>","protected":false},"featured_media":1440,"template":"","meta":[],"product_brand":[116],"product_cat":[44,117],"product_tag":[],"class_list":{"0":"post-3091","1":"product","2":"type-product","3":"status-publish","4":"has-post-thumbnail","6":"product_brand-l-hollman","7":"product_cat-jakne","8":"product_cat-zascita-telesa","10":"first","11":"onbackorder","12":"taxable","13":"shipping-taxable","14":"purchasable","15":"product-type-bundle"},"bundled_by":[],"bundle_stock_status":"instock","bundle_stock_quantity":"","bundle_virtual":false,"bundle_layout":"default","bundle_add_to_cart_form_location":"default","bundle_editable_in_cart":false,"bundle_sold_individually_context":"product","bundle_item_grouping":"parent","bundle_min_size":"","bundle_max_size":"","bundle_price":{"price":{"min":{"incl_tax":"67.99","excl_tax":"55.73"},"max":{"incl_tax":"108.85","excl_tax":"89.22"}},"regular_price":{"min":{"incl_tax":"67.99","excl_tax":"55.73"},"max":{"incl_tax":"108.85","excl_tax":"89.22"}}},"bundled_items":[{"bundled_item_id":8,"product_id":3610,"menu_order":0,"quantity_min":1,"quantity_max":1,"quantity_default":1,"priced_individually":true,"shipped_individually":false,"override_title":false,"title":"L.HOLLMAN PODLO\u017dENE ZA\u0160\u010cITNE HLA\u010cE LH-STRADA-T YP","override_description":false,"description":"","optional":true,"hide_thumbnail":false,"discount":"","override_variations":false,"allowed_variations":[],"override_default_variation_attributes":false,"default_variation_attributes":[],"single_product_visibility":"visible","cart_visibility":"visible","order_visibility":"visible","single_product_price_visibility":"visible","cart_price_visibility":"visible","order_price_visibility":"visible","stock_status":"on_backorder"}],"bundle_sell_ids":[],"group_of_quantity":0,"min_quantity":0,"max_quantity":"","exclude_order_quantity_value_rules":"no","exclude_category_quantity_rules":"no","combine_variations":"no","yoast_head":"<!-- This site is optimized with the Yoast SEO Premium plugin v23.9 (Yoast SEO v27.3) - https:\/\/yoast.com\/product\/yoast-seo-premium-wordpress\/ -->\n<title>L.HOLLMAN PODLO\u017dENA ZA\u0160\u010cITNA JAKNA LH-STRADA-J YP - AndPro<\/title>\n<meta name=\"robots\" content=\"index, follow, max-snippet:-1, max-image-preview:large, max-video-preview:-1\" \/>\n<link rel=\"canonical\" href=\"https:\/\/andpro.net\/de\/product\/l-hollman-izoliran-zascitni-jopic-lh-strada-j-yp\/\" \/>\n<meta property=\"og:locale\" content=\"de_DE\" \/>\n<meta property=\"og:type\" content=\"article\" \/>\n<meta property=\"og:title\" content=\"L.HOLLMAN PODLO\u017dENA ZA\u0160\u010cITNA JAKNA LH-STRADA-J YP\" \/>\n<meta property=\"og:description\" content=\"Podlo\u017eena delavska za\u0161\u010ditna jakna STRADA s snemljivimi rokavi in \u200b\u200bv ovratniku skrito kapuco, tkana. &#8211; premaz 100% OXFORD 300D poliester, gramatura 170 g\/m2, premazan s poliuretanom &#8211; podloga 100% poliester, gramatura 180 g\/m2 &#8211; podloga 100% poliester taft 190T, te\u017ea 60 g\/m2 &#8211; zapenjanje z zadrgo z dodatnim zapenjanjem na zaskok &#8211; stoje\u010di ovratnik &#8211; [&hellip;]\" \/>\n<meta property=\"og:url\" content=\"https:\/\/andpro.net\/de\/product\/l-hollman-izoliran-zascitni-jopic-lh-strada-j-yp\/\" \/>\n<meta property=\"og:site_name\" content=\"AndPro\" \/>\n<meta property=\"article:modified_time\" content=\"2025-07-20T12:36:47+00:00\" \/>\n<meta property=\"og:image\" content=\"https:\/\/andpro.net\/wp-content\/uploads\/2023\/12\/0047947856.jpg\" \/>\n\t<meta property=\"og:image:width\" content=\"619\" \/>\n\t<meta property=\"og:image:height\" content=\"1024\" \/>\n\t<meta property=\"og:image:type\" content=\"image\/jpeg\" \/>\n<meta name=\"twitter:card\" content=\"summary_large_image\" \/>\n<meta name=\"twitter:label1\" content=\"Gesch\u00e4tzte Lesezeit\" \/>\n\t<meta name=\"twitter:data1\" content=\"1\u00a0Minute\" \/>\n<script type=\"application\/ld+json\" class=\"yoast-schema-graph\">{\"@context\":\"https:\\\/\\\/schema.org\",\"@graph\":[{\"@type\":\"WebPage\",\"@id\":\"https:\\\/\\\/andpro.net\\\/product\\\/l-hollman-izoliran-zascitni-jopic-lh-strada-j-yp\\\/\",\"url\":\"https:\\\/\\\/andpro.net\\\/product\\\/l-hollman-izoliran-zascitni-jopic-lh-strada-j-yp\\\/\",\"name\":\"L.HOLLMAN PODLO\u017dENA ZA\u0160\u010cITNA JAKNA LH-STRADA-J YP - AndPro\",\"isPartOf\":{\"@id\":\"https:\\\/\\\/andpro.net\\\/de\\\/#website\"},\"primaryImageOfPage\":{\"@id\":\"https:\\\/\\\/andpro.net\\\/product\\\/l-hollman-izoliran-zascitni-jopic-lh-strada-j-yp\\\/#primaryimage\"},\"image\":{\"@id\":\"https:\\\/\\\/andpro.net\\\/product\\\/l-hollman-izoliran-zascitni-jopic-lh-strada-j-yp\\\/#primaryimage\"},\"thumbnailUrl\":\"https:\\\/\\\/andpro.net\\\/wp-content\\\/uploads\\\/2023\\\/12\\\/0047947856.jpg\",\"datePublished\":\"2023-12-18T10:48:22+00:00\",\"dateModified\":\"2025-07-20T12:36:47+00:00\",\"breadcrumb\":{\"@id\":\"https:\\\/\\\/andpro.net\\\/product\\\/l-hollman-izoliran-zascitni-jopic-lh-strada-j-yp\\\/#breadcrumb\"},\"inLanguage\":\"de\",\"potentialAction\":[{\"@type\":\"ReadAction\",\"target\":[\"https:\\\/\\\/andpro.net\\\/product\\\/l-hollman-izoliran-zascitni-jopic-lh-strada-j-yp\\\/\"]}]},{\"@type\":\"ImageObject\",\"inLanguage\":\"de\",\"@id\":\"https:\\\/\\\/andpro.net\\\/product\\\/l-hollman-izoliran-zascitni-jopic-lh-strada-j-yp\\\/#primaryimage\",\"url\":\"https:\\\/\\\/andpro.net\\\/wp-content\\\/uploads\\\/2023\\\/12\\\/0047947856.jpg\",\"contentUrl\":\"https:\\\/\\\/andpro.net\\\/wp-content\\\/uploads\\\/2023\\\/12\\\/0047947856.jpg\",\"width\":619,\"height\":1024,\"caption\":\"35492688\"},{\"@type\":\"BreadcrumbList\",\"@id\":\"https:\\\/\\\/andpro.net\\\/product\\\/l-hollman-izoliran-zascitni-jopic-lh-strada-j-yp\\\/#breadcrumb\",\"itemListElement\":[{\"@type\":\"ListItem\",\"position\":1,\"name\":\"Home\",\"item\":\"https:\\\/\\\/andpro.net\\\/\"},{\"@type\":\"ListItem\",\"position\":2,\"name\":\"Shop\",\"item\":\"https:\\\/\\\/andpro.net\\\/en\\\/shop\\\/\"},{\"@type\":\"ListItem\",\"position\":3,\"name\":\"L.HOLLMAN PODLO\u017dENA ZA\u0160\u010cITNA JAKNA LH-STRADA-J YP\"}]},{\"@type\":\"WebSite\",\"@id\":\"https:\\\/\\\/andpro.net\\\/de\\\/#website\",\"url\":\"https:\\\/\\\/andpro.net\\\/de\\\/\",\"name\":\"AndPro\",\"description\":\"The best decision\",\"publisher\":{\"@id\":\"https:\\\/\\\/andpro.net\\\/de\\\/#organization\"},\"potentialAction\":[{\"@type\":\"SearchAction\",\"target\":{\"@type\":\"EntryPoint\",\"urlTemplate\":\"https:\\\/\\\/andpro.net\\\/de\\\/?s={search_term_string}\"},\"query-input\":{\"@type\":\"PropertyValueSpecification\",\"valueRequired\":true,\"valueName\":\"search_term_string\"}}],\"inLanguage\":\"de\"},{\"@type\":\"Organization\",\"@id\":\"https:\\\/\\\/andpro.net\\\/de\\\/#organization\",\"name\":\"AndPro\",\"url\":\"https:\\\/\\\/andpro.net\\\/de\\\/\",\"logo\":{\"@type\":\"ImageObject\",\"inLanguage\":\"de\",\"@id\":\"https:\\\/\\\/andpro.net\\\/de\\\/#\\\/schema\\\/logo\\\/image\\\/\",\"url\":\"https:\\\/\\\/andpro.net\\\/wp-content\\\/uploads\\\/2023\\\/11\\\/logo_fix.png\",\"contentUrl\":\"https:\\\/\\\/andpro.net\\\/wp-content\\\/uploads\\\/2023\\\/11\\\/logo_fix.png\",\"width\":1244,\"height\":637,\"caption\":\"AndPro\"},\"image\":{\"@id\":\"https:\\\/\\\/andpro.net\\\/de\\\/#\\\/schema\\\/logo\\\/image\\\/\"}}]}<\/script>\n<!-- \/ Yoast SEO Premium plugin. -->","yoast_head_json":{"title":"L.HOLLMAN PODLO\u017dENA ZA\u0160\u010cITNA JAKNA LH-STRADA-J YP - AndPro","robots":{"index":"index","follow":"follow","max-snippet":"max-snippet:-1","max-image-preview":"max-image-preview:large","max-video-preview":"max-video-preview:-1"},"canonical":"https:\/\/andpro.net\/de\/product\/l-hollman-izoliran-zascitni-jopic-lh-strada-j-yp\/","og_locale":"de_DE","og_type":"article","og_title":"L.HOLLMAN PODLO\u017dENA ZA\u0160\u010cITNA JAKNA LH-STRADA-J YP","og_description":"Podlo\u017eena delavska za\u0161\u010ditna jakna STRADA s snemljivimi rokavi in \u200b\u200bv ovratniku skrito kapuco, tkana. &#8211; premaz 100% OXFORD 300D poliester, gramatura 170 g\/m2, premazan s poliuretanom &#8211; podloga 100% poliester, gramatura 180 g\/m2 &#8211; podloga 100% poliester taft 190T, te\u017ea 60 g\/m2 &#8211; zapenjanje z zadrgo z dodatnim zapenjanjem na zaskok &#8211; stoje\u010di ovratnik &#8211; [&hellip;]","og_url":"https:\/\/andpro.net\/de\/product\/l-hollman-izoliran-zascitni-jopic-lh-strada-j-yp\/","og_site_name":"AndPro","article_modified_time":"2025-07-20T12:36:47+00:00","og_image":[{"width":619,"height":1024,"url":"https:\/\/andpro.net\/wp-content\/uploads\/2023\/12\/0047947856.jpg","type":"image\/jpeg"}],"twitter_card":"summary_large_image","twitter_misc":{"Gesch\u00e4tzte Lesezeit":"1\u00a0Minute"},"schema":{"@context":"https:\/\/schema.org","@graph":[{"@type":"WebPage","@id":"https:\/\/andpro.net\/product\/l-hollman-izoliran-zascitni-jopic-lh-strada-j-yp\/","url":"https:\/\/andpro.net\/product\/l-hollman-izoliran-zascitni-jopic-lh-strada-j-yp\/","name":"L.HOLLMAN PODLO\u017dENA ZA\u0160\u010cITNA JAKNA LH-STRADA-J YP - AndPro","isPartOf":{"@id":"https:\/\/andpro.net\/de\/#website"},"primaryImageOfPage":{"@id":"https:\/\/andpro.net\/product\/l-hollman-izoliran-zascitni-jopic-lh-strada-j-yp\/#primaryimage"},"image":{"@id":"https:\/\/andpro.net\/product\/l-hollman-izoliran-zascitni-jopic-lh-strada-j-yp\/#primaryimage"},"thumbnailUrl":"https:\/\/andpro.net\/wp-content\/uploads\/2023\/12\/0047947856.jpg","datePublished":"2023-12-18T10:48:22+00:00","dateModified":"2025-07-20T12:36:47+00:00","breadcrumb":{"@id":"https:\/\/andpro.net\/product\/l-hollman-izoliran-zascitni-jopic-lh-strada-j-yp\/#breadcrumb"},"inLanguage":"de","potentialAction":[{"@type":"ReadAction","target":["https:\/\/andpro.net\/product\/l-hollman-izoliran-zascitni-jopic-lh-strada-j-yp\/"]}]},{"@type":"ImageObject","inLanguage":"de","@id":"https:\/\/andpro.net\/product\/l-hollman-izoliran-zascitni-jopic-lh-strada-j-yp\/#primaryimage","url":"https:\/\/andpro.net\/wp-content\/uploads\/2023\/12\/0047947856.jpg","contentUrl":"https:\/\/andpro.net\/wp-content\/uploads\/2023\/12\/0047947856.jpg","width":619,"height":1024,"caption":"35492688"},{"@type":"BreadcrumbList","@id":"https:\/\/andpro.net\/product\/l-hollman-izoliran-zascitni-jopic-lh-strada-j-yp\/#breadcrumb","itemListElement":[{"@type":"ListItem","position":1,"name":"Home","item":"https:\/\/andpro.net\/"},{"@type":"ListItem","position":2,"name":"Shop","item":"https:\/\/andpro.net\/en\/shop\/"},{"@type":"ListItem","position":3,"name":"L.HOLLMAN PODLO\u017dENA ZA\u0160\u010cITNA JAKNA LH-STRADA-J YP"}]},{"@type":"WebSite","@id":"https:\/\/andpro.net\/de\/#website","url":"https:\/\/andpro.net\/de\/","name":"AndPro","description":"The best decision","publisher":{"@id":"https:\/\/andpro.net\/de\/#organization"},"potentialAction":[{"@type":"SearchAction","target":{"@type":"EntryPoint","urlTemplate":"https:\/\/andpro.net\/de\/?s={search_term_string}"},"query-input":{"@type":"PropertyValueSpecification","valueRequired":true,"valueName":"search_term_string"}}],"inLanguage":"de"},{"@type":"Organization","@id":"https:\/\/andpro.net\/de\/#organization","name":"AndPro","url":"https:\/\/andpro.net\/de\/","logo":{"@type":"ImageObject","inLanguage":"de","@id":"https:\/\/andpro.net\/de\/#\/schema\/logo\/image\/","url":"https:\/\/andpro.net\/wp-content\/uploads\/2023\/11\/logo_fix.png","contentUrl":"https:\/\/andpro.net\/wp-content\/uploads\/2023\/11\/logo_fix.png","width":1244,"height":637,"caption":"AndPro"},"image":{"@id":"https:\/\/andpro.net\/de\/#\/schema\/logo\/image\/"}}]}},"_links":{"self":[{"href":"https:\/\/andpro.net\/de\/wp-json\/wp\/v2\/product\/3091","targetHints":{"allow":["GET"]}}],"collection":[{"href":"https:\/\/andpro.net\/de\/wp-json\/wp\/v2\/product"}],"about":[{"href":"https:\/\/andpro.net\/de\/wp-json\/wp\/v2\/types\/product"}],"wp:featuredmedia":[{"embeddable":true,"href":"https:\/\/andpro.net\/de\/wp-json\/wp\/v2\/media\/1440"}],"wp:attachment":[{"href":"https:\/\/andpro.net\/de\/wp-json\/wp\/v2\/media?parent=3091"}],"wp:term":[{"taxonomy":"product_brand","embeddable":true,"href":"https:\/\/andpro.net\/de\/wp-json\/wp\/v2\/product_brand?post=3091"},{"taxonomy":"product_cat","embeddable":true,"href":"https:\/\/andpro.net\/de\/wp-json\/wp\/v2\/product_cat?post=3091"},{"taxonomy":"product_tag","embeddable":true,"href":"https:\/\/andpro.net\/de\/wp-json\/wp\/v2\/product_tag?post=3091"}],"curies":[{"name":"wp","href":"https:\/\/api.w.org\/{rel}","templated":true}]}}