{"id":3673,"date":"2023-12-18T11:53:28","date_gmt":"2023-12-18T10:53:28","guid":{"rendered":"https:\/\/andpro.net\/product\/l-hollman-zascitne-hlace-lh-hayton-t-by\/"},"modified":"2025-07-20T12:57:53","modified_gmt":"2025-07-20T11:57:53","slug":"l-hollman-zascitne-hlace-lh-hayton-t-by","status":"publish","type":"product","link":"https:\/\/andpro.net\/de\/product\/l-hollman-zascitne-hlace-lh-hayton-t-by\/","title":{"rendered":"L.HOLLMAN SCHUTZHOSE LH-HAYTON-T BY"},"content":{"rendered":"<p>HAYTON-Schutzhose.<\/p>\n<p>- Stoff: 86 % Polyester, 14 % Baumwolle, Grammatur 300 g\/m2<br \/>\n- Eins\u00e4tze aus Kontrastmaterial 80% Polyester, 20 % Baumwolle, Grammatur 290 g\/m2<br \/>\n\u2013 Knopf- und Rei\u00dfverschluss<br \/>\n\u2013 vier Seitentaschen, davon zwei eingen\u00e4ht \u2013 perfekt zur Werkzeugaufbewahrung<br \/>\nzwei Taschen auf der R\u00fcckseite<br \/>\n- abnehmbare Ausweistasche<br \/>\n\u2013 Taschen an den Beinen, auch f\u00fcr ein Mobiltelefon<br \/>\n\u2013 Tipp zum Anbringen von Schl\u00fcsseln<br \/>\n\u2013 Knietaschen mit Klettverschluss<br \/>\nReflektierende Streifen sorgen f\u00fcr bessere Sichtbarkeit<br \/>\n\u2013 die Anforderungen der EN ISO 20471 (Klasse 2)<\/p>","protected":false},"excerpt":{"rendered":"<p>HAYTON za\u0161\u010ditne delavske hla\u010de. &#8211; blago: 86% poliester, 14% bomba\u017e, gramatura 300 g\/m2 &#8211; vstavki iz kontrastnega materiala 80% poliester, 20% bomba\u017e, gramatura 290 g\/m2 &#8211; zapenjanje z gumbom in zadrgo &#8211; \u0161tirje \u017eepi ob straneh, vklju\u010dno z dvema v\u0161itima &#8211; popolni za shranjevanje orodja &#8211; dva \u017eepa na zadnji strani &#8211; snemljiv \u017eep za [&hellip;]<\/p>","protected":false},"featured_media":1823,"template":"","meta":[],"product_brand":[116],"product_cat":[41,117],"product_tag":[],"class_list":{"0":"post-3673","1":"product","2":"type-product","3":"status-publish","4":"has-post-thumbnail","6":"product_brand-l-hollman","7":"product_cat-hlace","8":"product_cat-zascita-telesa","10":"first","11":"onbackorder","12":"taxable","13":"shipping-taxable","14":"purchasable","15":"product-type-variable"},"bundled_by":[],"bundle_stock_status":"onbackorder","bundle_stock_quantity":null,"bundle_virtual":false,"bundle_layout":"","bundle_add_to_cart_form_location":"","bundle_editable_in_cart":false,"bundle_sold_individually_context":"","bundle_item_grouping":"","bundle_min_size":"","bundle_max_size":"","bundle_price":[],"bundled_items":[],"bundle_sell_ids":[],"group_of_quantity":0,"min_quantity":0,"max_quantity":"","exclude_order_quantity_value_rules":"no","exclude_category_quantity_rules":"no","combine_variations":"no","yoast_head":"<!-- This site is optimized with the Yoast SEO Premium plugin v23.9 (Yoast SEO v27.4) - https:\/\/yoast.com\/product\/yoast-seo-premium-wordpress\/ -->\n<title>L.HOLLMAN ZA\u0160\u010cITNE HLA\u010cE LH-HAYTON-T BY - AndPro<\/title>\n<meta name=\"robots\" content=\"index, follow, max-snippet:-1, max-image-preview:large, max-video-preview:-1\" \/>\n<link rel=\"canonical\" href=\"https:\/\/andpro.net\/de\/product\/l-hollman-zascitne-hlace-lh-hayton-t-by\/\" \/>\n<meta property=\"og:locale\" content=\"de_DE\" \/>\n<meta property=\"og:type\" content=\"article\" \/>\n<meta property=\"og:title\" content=\"L.HOLLMAN ZA\u0160\u010cITNE HLA\u010cE LH-HAYTON-T BY\" \/>\n<meta property=\"og:description\" content=\"HAYTON za\u0161\u010ditne delavske hla\u010de. &#8211; blago: 86% poliester, 14% bomba\u017e, gramatura 300 g\/m2 &#8211; vstavki iz kontrastnega materiala 80% poliester, 20% bomba\u017e, gramatura 290 g\/m2 &#8211; zapenjanje z gumbom in zadrgo &#8211; \u0161tirje \u017eepi ob straneh, vklju\u010dno z dvema v\u0161itima &#8211; popolni za shranjevanje orodja &#8211; dva \u017eepa na zadnji strani &#8211; snemljiv \u017eep za [&hellip;]\" \/>\n<meta property=\"og:url\" content=\"https:\/\/andpro.net\/de\/product\/l-hollman-zascitne-hlace-lh-hayton-t-by\/\" \/>\n<meta property=\"og:site_name\" content=\"AndPro\" \/>\n<meta property=\"article:modified_time\" content=\"2025-07-20T11:57:53+00:00\" \/>\n<meta property=\"og:image\" content=\"https:\/\/andpro.net\/wp-content\/uploads\/2023\/12\/0047588016.jpg\" \/>\n\t<meta property=\"og:image:width\" content=\"537\" \/>\n\t<meta property=\"og:image:height\" content=\"1024\" \/>\n\t<meta property=\"og:image:type\" content=\"image\/jpeg\" \/>\n<meta name=\"twitter:card\" content=\"summary_large_image\" \/>\n<meta name=\"twitter:label1\" content=\"Gesch\u00e4tzte Lesezeit\" \/>\n\t<meta name=\"twitter:data1\" content=\"1\u00a0Minute\" \/>\n<script type=\"application\/ld+json\" class=\"yoast-schema-graph\">{\"@context\":\"https:\\\/\\\/schema.org\",\"@graph\":[{\"@type\":\"WebPage\",\"@id\":\"https:\\\/\\\/andpro.net\\\/product\\\/l-hollman-zascitne-hlace-lh-hayton-t-by\\\/\",\"url\":\"https:\\\/\\\/andpro.net\\\/product\\\/l-hollman-zascitne-hlace-lh-hayton-t-by\\\/\",\"name\":\"L.HOLLMAN ZA\u0160\u010cITNE HLA\u010cE LH-HAYTON-T BY - AndPro\",\"isPartOf\":{\"@id\":\"https:\\\/\\\/andpro.net\\\/de\\\/#website\"},\"primaryImageOfPage\":{\"@id\":\"https:\\\/\\\/andpro.net\\\/product\\\/l-hollman-zascitne-hlace-lh-hayton-t-by\\\/#primaryimage\"},\"image\":{\"@id\":\"https:\\\/\\\/andpro.net\\\/product\\\/l-hollman-zascitne-hlace-lh-hayton-t-by\\\/#primaryimage\"},\"thumbnailUrl\":\"https:\\\/\\\/andpro.net\\\/wp-content\\\/uploads\\\/2023\\\/12\\\/0047588016.jpg\",\"datePublished\":\"2023-12-18T10:53:28+00:00\",\"dateModified\":\"2025-07-20T11:57:53+00:00\",\"breadcrumb\":{\"@id\":\"https:\\\/\\\/andpro.net\\\/product\\\/l-hollman-zascitne-hlace-lh-hayton-t-by\\\/#breadcrumb\"},\"inLanguage\":\"de\",\"potentialAction\":[{\"@type\":\"ReadAction\",\"target\":[\"https:\\\/\\\/andpro.net\\\/product\\\/l-hollman-zascitne-hlace-lh-hayton-t-by\\\/\"]}]},{\"@type\":\"ImageObject\",\"inLanguage\":\"de\",\"@id\":\"https:\\\/\\\/andpro.net\\\/product\\\/l-hollman-zascitne-hlace-lh-hayton-t-by\\\/#primaryimage\",\"url\":\"https:\\\/\\\/andpro.net\\\/wp-content\\\/uploads\\\/2023\\\/12\\\/0047588016.jpg\",\"contentUrl\":\"https:\\\/\\\/andpro.net\\\/wp-content\\\/uploads\\\/2023\\\/12\\\/0047588016.jpg\",\"width\":537,\"height\":1024,\"caption\":\"37300640\"},{\"@type\":\"BreadcrumbList\",\"@id\":\"https:\\\/\\\/andpro.net\\\/product\\\/l-hollman-zascitne-hlace-lh-hayton-t-by\\\/#breadcrumb\",\"itemListElement\":[{\"@type\":\"ListItem\",\"position\":1,\"name\":\"Home\",\"item\":\"https:\\\/\\\/andpro.net\\\/\"},{\"@type\":\"ListItem\",\"position\":2,\"name\":\"Shop\",\"item\":\"https:\\\/\\\/andpro.net\\\/en\\\/shop\\\/\"},{\"@type\":\"ListItem\",\"position\":3,\"name\":\"L.HOLLMAN ZA\u0160\u010cITNE HLA\u010cE LH-HAYTON-T BY\"}]},{\"@type\":\"WebSite\",\"@id\":\"https:\\\/\\\/andpro.net\\\/de\\\/#website\",\"url\":\"https:\\\/\\\/andpro.net\\\/de\\\/\",\"name\":\"AndPro\",\"description\":\"The best decision\",\"publisher\":{\"@id\":\"https:\\\/\\\/andpro.net\\\/de\\\/#organization\"},\"potentialAction\":[{\"@type\":\"SearchAction\",\"target\":{\"@type\":\"EntryPoint\",\"urlTemplate\":\"https:\\\/\\\/andpro.net\\\/de\\\/?s={search_term_string}\"},\"query-input\":{\"@type\":\"PropertyValueSpecification\",\"valueRequired\":true,\"valueName\":\"search_term_string\"}}],\"inLanguage\":\"de\"},{\"@type\":\"Organization\",\"@id\":\"https:\\\/\\\/andpro.net\\\/de\\\/#organization\",\"name\":\"AndPro\",\"url\":\"https:\\\/\\\/andpro.net\\\/de\\\/\",\"logo\":{\"@type\":\"ImageObject\",\"inLanguage\":\"de\",\"@id\":\"https:\\\/\\\/andpro.net\\\/de\\\/#\\\/schema\\\/logo\\\/image\\\/\",\"url\":\"https:\\\/\\\/andpro.net\\\/wp-content\\\/uploads\\\/2023\\\/11\\\/logo_fix.png\",\"contentUrl\":\"https:\\\/\\\/andpro.net\\\/wp-content\\\/uploads\\\/2023\\\/11\\\/logo_fix.png\",\"width\":1244,\"height\":637,\"caption\":\"AndPro\"},\"image\":{\"@id\":\"https:\\\/\\\/andpro.net\\\/de\\\/#\\\/schema\\\/logo\\\/image\\\/\"}}]}<\/script>\n<!-- \/ Yoast SEO Premium plugin. -->","yoast_head_json":{"title":"L.HOLLMAN ZA\u0160\u010cITNE HLA\u010cE LH-HAYTON-T BY - AndPro","robots":{"index":"index","follow":"follow","max-snippet":"max-snippet:-1","max-image-preview":"max-image-preview:large","max-video-preview":"max-video-preview:-1"},"canonical":"https:\/\/andpro.net\/de\/product\/l-hollman-zascitne-hlace-lh-hayton-t-by\/","og_locale":"de_DE","og_type":"article","og_title":"L.HOLLMAN ZA\u0160\u010cITNE HLA\u010cE LH-HAYTON-T BY","og_description":"HAYTON za\u0161\u010ditne delavske hla\u010de. &#8211; blago: 86% poliester, 14% bomba\u017e, gramatura 300 g\/m2 &#8211; vstavki iz kontrastnega materiala 80% poliester, 20% bomba\u017e, gramatura 290 g\/m2 &#8211; zapenjanje z gumbom in zadrgo &#8211; \u0161tirje \u017eepi ob straneh, vklju\u010dno z dvema v\u0161itima &#8211; popolni za shranjevanje orodja &#8211; dva \u017eepa na zadnji strani &#8211; snemljiv \u017eep za [&hellip;]","og_url":"https:\/\/andpro.net\/de\/product\/l-hollman-zascitne-hlace-lh-hayton-t-by\/","og_site_name":"AndPro","article_modified_time":"2025-07-20T11:57:53+00:00","og_image":[{"width":537,"height":1024,"url":"https:\/\/andpro.net\/wp-content\/uploads\/2023\/12\/0047588016.jpg","type":"image\/jpeg"}],"twitter_card":"summary_large_image","twitter_misc":{"Gesch\u00e4tzte Lesezeit":"1\u00a0Minute"},"schema":{"@context":"https:\/\/schema.org","@graph":[{"@type":"WebPage","@id":"https:\/\/andpro.net\/product\/l-hollman-zascitne-hlace-lh-hayton-t-by\/","url":"https:\/\/andpro.net\/product\/l-hollman-zascitne-hlace-lh-hayton-t-by\/","name":"L.HOLLMAN ZA\u0160\u010cITNE HLA\u010cE LH-HAYTON-T BY - AndPro","isPartOf":{"@id":"https:\/\/andpro.net\/de\/#website"},"primaryImageOfPage":{"@id":"https:\/\/andpro.net\/product\/l-hollman-zascitne-hlace-lh-hayton-t-by\/#primaryimage"},"image":{"@id":"https:\/\/andpro.net\/product\/l-hollman-zascitne-hlace-lh-hayton-t-by\/#primaryimage"},"thumbnailUrl":"https:\/\/andpro.net\/wp-content\/uploads\/2023\/12\/0047588016.jpg","datePublished":"2023-12-18T10:53:28+00:00","dateModified":"2025-07-20T11:57:53+00:00","breadcrumb":{"@id":"https:\/\/andpro.net\/product\/l-hollman-zascitne-hlace-lh-hayton-t-by\/#breadcrumb"},"inLanguage":"de","potentialAction":[{"@type":"ReadAction","target":["https:\/\/andpro.net\/product\/l-hollman-zascitne-hlace-lh-hayton-t-by\/"]}]},{"@type":"ImageObject","inLanguage":"de","@id":"https:\/\/andpro.net\/product\/l-hollman-zascitne-hlace-lh-hayton-t-by\/#primaryimage","url":"https:\/\/andpro.net\/wp-content\/uploads\/2023\/12\/0047588016.jpg","contentUrl":"https:\/\/andpro.net\/wp-content\/uploads\/2023\/12\/0047588016.jpg","width":537,"height":1024,"caption":"37300640"},{"@type":"BreadcrumbList","@id":"https:\/\/andpro.net\/product\/l-hollman-zascitne-hlace-lh-hayton-t-by\/#breadcrumb","itemListElement":[{"@type":"ListItem","position":1,"name":"Home","item":"https:\/\/andpro.net\/"},{"@type":"ListItem","position":2,"name":"Shop","item":"https:\/\/andpro.net\/en\/shop\/"},{"@type":"ListItem","position":3,"name":"L.HOLLMAN ZA\u0160\u010cITNE HLA\u010cE LH-HAYTON-T BY"}]},{"@type":"WebSite","@id":"https:\/\/andpro.net\/de\/#website","url":"https:\/\/andpro.net\/de\/","name":"AndPro","description":"The best decision","publisher":{"@id":"https:\/\/andpro.net\/de\/#organization"},"potentialAction":[{"@type":"SearchAction","target":{"@type":"EntryPoint","urlTemplate":"https:\/\/andpro.net\/de\/?s={search_term_string}"},"query-input":{"@type":"PropertyValueSpecification","valueRequired":true,"valueName":"search_term_string"}}],"inLanguage":"de"},{"@type":"Organization","@id":"https:\/\/andpro.net\/de\/#organization","name":"AndPro","url":"https:\/\/andpro.net\/de\/","logo":{"@type":"ImageObject","inLanguage":"de","@id":"https:\/\/andpro.net\/de\/#\/schema\/logo\/image\/","url":"https:\/\/andpro.net\/wp-content\/uploads\/2023\/11\/logo_fix.png","contentUrl":"https:\/\/andpro.net\/wp-content\/uploads\/2023\/11\/logo_fix.png","width":1244,"height":637,"caption":"AndPro"},"image":{"@id":"https:\/\/andpro.net\/de\/#\/schema\/logo\/image\/"}}]}},"_links":{"self":[{"href":"https:\/\/andpro.net\/de\/wp-json\/wp\/v2\/product\/3673","targetHints":{"allow":["GET"]}}],"collection":[{"href":"https:\/\/andpro.net\/de\/wp-json\/wp\/v2\/product"}],"about":[{"href":"https:\/\/andpro.net\/de\/wp-json\/wp\/v2\/types\/product"}],"wp:featuredmedia":[{"embeddable":true,"href":"https:\/\/andpro.net\/de\/wp-json\/wp\/v2\/media\/1823"}],"wp:attachment":[{"href":"https:\/\/andpro.net\/de\/wp-json\/wp\/v2\/media?parent=3673"}],"wp:term":[{"taxonomy":"product_brand","embeddable":true,"href":"https:\/\/andpro.net\/de\/wp-json\/wp\/v2\/product_brand?post=3673"},{"taxonomy":"product_cat","embeddable":true,"href":"https:\/\/andpro.net\/de\/wp-json\/wp\/v2\/product_cat?post=3673"},{"taxonomy":"product_tag","embeddable":true,"href":"https:\/\/andpro.net\/de\/wp-json\/wp\/v2\/product_tag?post=3673"}],"curies":[{"name":"wp","href":"https:\/\/api.w.org\/{rel}","templated":true}]}}