{"id":3790,"date":"2023-12-18T12:05:12","date_gmt":"2023-12-18T11:05:12","guid":{"rendered":"https:\/\/andpro.net\/product\/dupont-zascitni-kombinezon-tyvekx-chf5w-w\/"},"modified":"2025-07-20T12:54:14","modified_gmt":"2025-07-20T11:54:14","slug":"dupont-zascitni-kombinezon-tyvekx-chf5w-w","status":"publish","type":"product","link":"https:\/\/andpro.net\/de\/product\/dupont-zascitni-kombinezon-tyvekx-chf5w-w\/","title":{"rendered":"DUPONT SCHUTZDECKUNG TYVEKX-CHF5W W"},"content":{"rendered":"<p>TYVEK\u00ae500 XPERT protective suit made of breathable Tyvek\u00ae material.<br \/>\n\u2013 Schutzbarriere gem\u00e4\u00df Schutzkleidungskategorie III, Typ 5 und 6<br \/>\n\u2013 sch\u00fctzt vor Staub und Fl\u00fcssigkeitspartikeln sowie Chemikalienspritzern<br \/>\n- Durch die glatte Oberfl\u00e4che des Stoffes nimmt er keine Fl\u00fcssigkeit auf und es bleiben keine harten Partikel daran haften<br \/>\n\u2013 hohe Verschlei\u00dffestigkeit<br \/>\n\u2013 Die dreilagige Haube passt sich den Bewegungen von Kopf und Gesichtsmaske optimal an, auch wenn sich der Benutzer bewegt<br \/>\n\u2013 Das \u00c4rmeldesign verhindert, dass der \u00c4rmel herunterf\u00e4llt, wenn Sie die Arme heben<br \/>\n- Die neue Nahttechnologie bietet einen wirksameren Schutz und sorgt daf\u00fcr, dass der Anzug viel mehr Fl\u00fcssigkeit zur\u00fcckh\u00e4lt als ein Anzug mit herk\u00f6mmlichen N\u00e4hten<br \/>\n- Ein dreiteiliger Einsatz, der die Beine verbindet, und ein geklebter (nicht gen\u00e4hter) Gummizug in der Taille sorgen f\u00fcr Bewegungsfreiheit<br \/>\n\u2013 dichtet an kritischen Stellen ab, d. h. der Rei\u00dfverschluss ist mit einer Schutzh\u00fclle abgedeckt, elastische B\u00fcndchen an \u00c4rmeln und Beinen<br \/>\n- Der ergonomische Schnitt des Kleides sorgt f\u00fcr eine perfekte Passform am K\u00f6rper und Schutz bei den Bewegungen des Tr\u00e4gers<br \/>\n\u2013 hat antistatische Eigenschaften<br \/>\n\u2013 sch\u00fctzt vor radioaktiven Partikeln<br \/>\n\u2013 einsetzbar in Zone 10.000 (ISO 6), 10.000 (GMP-Klasse C, ISO 7) und 100.000 (GMP-Klasse D, ISO 8)<br \/>\n- Funktioniert gut in der Chemie-, Pharma-, Automobil-, Raffinerie- und Petrochemieindustrie, zur Abfallentsorgung und f\u00fcr die Arbeit mit Asbest<br \/>\n\u2013 erf\u00fcllt die Anforderungen der Normen EN13982-1, EN13034, EN1149-5, EN14126* und EN1073-2 (*gilt f\u00fcr Material)<\/p>","protected":false},"excerpt":{"rendered":"<p>TYVEK\u00ae500 XPERT za\u0161\u010ditna obleka iz zra\u010dnega materiala Tyvek\u00ae. &#8211; za\u0161\u010ditna pregrada, skladna z za\u0161\u010ditno obleko kategorije III, tipa 5 in 6 &#8211; \u0161\u010diti pred prahom in teko\u010dimi delci ter kemi\u010dnimi brizgami &#8211; gladka povr\u0161ina blaga pomeni, da ne vpija teko\u010dine in se nanj ne lepijo trdi delci &#8211; visoka odpornost proti obrabi in trganju &#8211; [&hellip;]<\/p>","protected":false},"featured_media":1962,"template":"","meta":[],"product_brand":[132],"product_cat":[133,117,215],"product_tag":[],"class_list":{"0":"post-3790","1":"product","2":"type-product","3":"status-publish","4":"has-post-thumbnail","6":"product_brand-dupont","7":"product_cat-zascita-dihal","8":"product_cat-zascita-telesa","9":"product_cat-zascitna-pregrinjala-maske","11":"first","12":"onbackorder","13":"taxable","14":"shipping-taxable","15":"purchasable","16":"product-type-variable"},"bundled_by":[],"bundle_stock_status":"onbackorder","bundle_stock_quantity":null,"bundle_virtual":false,"bundle_layout":"","bundle_add_to_cart_form_location":"","bundle_editable_in_cart":false,"bundle_sold_individually_context":"","bundle_item_grouping":"","bundle_min_size":"","bundle_max_size":"","bundle_price":[],"bundled_items":[],"bundle_sell_ids":[],"group_of_quantity":0,"min_quantity":0,"max_quantity":"","exclude_order_quantity_value_rules":"no","exclude_category_quantity_rules":"no","combine_variations":"no","yoast_head":"<!-- This site is optimized with the Yoast SEO Premium plugin v23.9 (Yoast SEO v27.3) - https:\/\/yoast.com\/product\/yoast-seo-premium-wordpress\/ -->\n<title>DUPONT ZA\u0160\u010cITNI KOMBINEZON TYVEKX-CHF5W W - AndPro<\/title>\n<meta name=\"robots\" content=\"index, follow, max-snippet:-1, max-image-preview:large, max-video-preview:-1\" \/>\n<link rel=\"canonical\" href=\"https:\/\/andpro.net\/de\/product\/dupont-zascitni-kombinezon-tyvekx-chf5w-w\/\" \/>\n<meta property=\"og:locale\" content=\"de_DE\" \/>\n<meta property=\"og:type\" content=\"article\" \/>\n<meta property=\"og:title\" content=\"DUPONT ZA\u0160\u010cITNI KOMBINEZON TYVEKX-CHF5W W\" \/>\n<meta property=\"og:description\" content=\"TYVEK\u00ae500 XPERT za\u0161\u010ditna obleka iz zra\u010dnega materiala Tyvek\u00ae. &#8211; za\u0161\u010ditna pregrada, skladna z za\u0161\u010ditno obleko kategorije III, tipa 5 in 6 &#8211; \u0161\u010diti pred prahom in teko\u010dimi delci ter kemi\u010dnimi brizgami &#8211; gladka povr\u0161ina blaga pomeni, da ne vpija teko\u010dine in se nanj ne lepijo trdi delci &#8211; visoka odpornost proti obrabi in trganju &#8211; [&hellip;]\" \/>\n<meta property=\"og:url\" content=\"https:\/\/andpro.net\/de\/product\/dupont-zascitni-kombinezon-tyvekx-chf5w-w\/\" \/>\n<meta property=\"og:site_name\" content=\"AndPro\" \/>\n<meta property=\"article:modified_time\" content=\"2025-07-20T11:54:14+00:00\" \/>\n<meta property=\"og:image\" content=\"https:\/\/andpro.net\/wp-content\/uploads\/2023\/12\/0061191616.jpg\" \/>\n\t<meta property=\"og:image:width\" content=\"420\" \/>\n\t<meta property=\"og:image:height\" content=\"1024\" \/>\n\t<meta property=\"og:image:type\" content=\"image\/jpeg\" \/>\n<meta name=\"twitter:card\" content=\"summary_large_image\" \/>\n<meta name=\"twitter:label1\" content=\"Gesch\u00e4tzte Lesezeit\" \/>\n\t<meta name=\"twitter:data1\" content=\"2\u00a0Minuten\" \/>\n<script type=\"application\/ld+json\" class=\"yoast-schema-graph\">{\"@context\":\"https:\\\/\\\/schema.org\",\"@graph\":[{\"@type\":\"WebPage\",\"@id\":\"https:\\\/\\\/andpro.net\\\/product\\\/dupont-zascitni-kombinezon-tyvekx-chf5w-w\\\/\",\"url\":\"https:\\\/\\\/andpro.net\\\/product\\\/dupont-zascitni-kombinezon-tyvekx-chf5w-w\\\/\",\"name\":\"DUPONT ZA\u0160\u010cITNI KOMBINEZON TYVEKX-CHF5W W - AndPro\",\"isPartOf\":{\"@id\":\"https:\\\/\\\/andpro.net\\\/de\\\/#website\"},\"primaryImageOfPage\":{\"@id\":\"https:\\\/\\\/andpro.net\\\/product\\\/dupont-zascitni-kombinezon-tyvekx-chf5w-w\\\/#primaryimage\"},\"image\":{\"@id\":\"https:\\\/\\\/andpro.net\\\/product\\\/dupont-zascitni-kombinezon-tyvekx-chf5w-w\\\/#primaryimage\"},\"thumbnailUrl\":\"https:\\\/\\\/andpro.net\\\/wp-content\\\/uploads\\\/2023\\\/12\\\/0061191616.jpg\",\"datePublished\":\"2023-12-18T11:05:12+00:00\",\"dateModified\":\"2025-07-20T11:54:14+00:00\",\"breadcrumb\":{\"@id\":\"https:\\\/\\\/andpro.net\\\/product\\\/dupont-zascitni-kombinezon-tyvekx-chf5w-w\\\/#breadcrumb\"},\"inLanguage\":\"de\",\"potentialAction\":[{\"@type\":\"ReadAction\",\"target\":[\"https:\\\/\\\/andpro.net\\\/product\\\/dupont-zascitni-kombinezon-tyvekx-chf5w-w\\\/\"]}]},{\"@type\":\"ImageObject\",\"inLanguage\":\"de\",\"@id\":\"https:\\\/\\\/andpro.net\\\/product\\\/dupont-zascitni-kombinezon-tyvekx-chf5w-w\\\/#primaryimage\",\"url\":\"https:\\\/\\\/andpro.net\\\/wp-content\\\/uploads\\\/2023\\\/12\\\/0061191616.jpg\",\"contentUrl\":\"https:\\\/\\\/andpro.net\\\/wp-content\\\/uploads\\\/2023\\\/12\\\/0061191616.jpg\",\"width\":420,\"height\":1024,\"caption\":\"1147216\"},{\"@type\":\"BreadcrumbList\",\"@id\":\"https:\\\/\\\/andpro.net\\\/product\\\/dupont-zascitni-kombinezon-tyvekx-chf5w-w\\\/#breadcrumb\",\"itemListElement\":[{\"@type\":\"ListItem\",\"position\":1,\"name\":\"Home\",\"item\":\"https:\\\/\\\/andpro.net\\\/\"},{\"@type\":\"ListItem\",\"position\":2,\"name\":\"Shop\",\"item\":\"https:\\\/\\\/andpro.net\\\/en\\\/shop\\\/\"},{\"@type\":\"ListItem\",\"position\":3,\"name\":\"DUPONT ZA\u0160\u010cITNI KOMBINEZON TYVEKX-CHF5W W\"}]},{\"@type\":\"WebSite\",\"@id\":\"https:\\\/\\\/andpro.net\\\/de\\\/#website\",\"url\":\"https:\\\/\\\/andpro.net\\\/de\\\/\",\"name\":\"AndPro\",\"description\":\"The best decision\",\"publisher\":{\"@id\":\"https:\\\/\\\/andpro.net\\\/de\\\/#organization\"},\"potentialAction\":[{\"@type\":\"SearchAction\",\"target\":{\"@type\":\"EntryPoint\",\"urlTemplate\":\"https:\\\/\\\/andpro.net\\\/de\\\/?s={search_term_string}\"},\"query-input\":{\"@type\":\"PropertyValueSpecification\",\"valueRequired\":true,\"valueName\":\"search_term_string\"}}],\"inLanguage\":\"de\"},{\"@type\":\"Organization\",\"@id\":\"https:\\\/\\\/andpro.net\\\/de\\\/#organization\",\"name\":\"AndPro\",\"url\":\"https:\\\/\\\/andpro.net\\\/de\\\/\",\"logo\":{\"@type\":\"ImageObject\",\"inLanguage\":\"de\",\"@id\":\"https:\\\/\\\/andpro.net\\\/de\\\/#\\\/schema\\\/logo\\\/image\\\/\",\"url\":\"https:\\\/\\\/andpro.net\\\/wp-content\\\/uploads\\\/2023\\\/11\\\/logo_fix.png\",\"contentUrl\":\"https:\\\/\\\/andpro.net\\\/wp-content\\\/uploads\\\/2023\\\/11\\\/logo_fix.png\",\"width\":1244,\"height\":637,\"caption\":\"AndPro\"},\"image\":{\"@id\":\"https:\\\/\\\/andpro.net\\\/de\\\/#\\\/schema\\\/logo\\\/image\\\/\"}}]}<\/script>\n<!-- \/ Yoast SEO Premium plugin. -->","yoast_head_json":{"title":"DUPONT ZA\u0160\u010cITNI KOMBINEZON TYVEKX-CHF5W W - AndPro","robots":{"index":"index","follow":"follow","max-snippet":"max-snippet:-1","max-image-preview":"max-image-preview:large","max-video-preview":"max-video-preview:-1"},"canonical":"https:\/\/andpro.net\/de\/product\/dupont-zascitni-kombinezon-tyvekx-chf5w-w\/","og_locale":"de_DE","og_type":"article","og_title":"DUPONT ZA\u0160\u010cITNI KOMBINEZON TYVEKX-CHF5W W","og_description":"TYVEK\u00ae500 XPERT za\u0161\u010ditna obleka iz zra\u010dnega materiala Tyvek\u00ae. &#8211; za\u0161\u010ditna pregrada, skladna z za\u0161\u010ditno obleko kategorije III, tipa 5 in 6 &#8211; \u0161\u010diti pred prahom in teko\u010dimi delci ter kemi\u010dnimi brizgami &#8211; gladka povr\u0161ina blaga pomeni, da ne vpija teko\u010dine in se nanj ne lepijo trdi delci &#8211; visoka odpornost proti obrabi in trganju &#8211; [&hellip;]","og_url":"https:\/\/andpro.net\/de\/product\/dupont-zascitni-kombinezon-tyvekx-chf5w-w\/","og_site_name":"AndPro","article_modified_time":"2025-07-20T11:54:14+00:00","og_image":[{"width":420,"height":1024,"url":"https:\/\/andpro.net\/wp-content\/uploads\/2023\/12\/0061191616.jpg","type":"image\/jpeg"}],"twitter_card":"summary_large_image","twitter_misc":{"Gesch\u00e4tzte Lesezeit":"2\u00a0Minuten"},"schema":{"@context":"https:\/\/schema.org","@graph":[{"@type":"WebPage","@id":"https:\/\/andpro.net\/product\/dupont-zascitni-kombinezon-tyvekx-chf5w-w\/","url":"https:\/\/andpro.net\/product\/dupont-zascitni-kombinezon-tyvekx-chf5w-w\/","name":"DUPONT ZA\u0160\u010cITNI KOMBINEZON TYVEKX-CHF5W W - AndPro","isPartOf":{"@id":"https:\/\/andpro.net\/de\/#website"},"primaryImageOfPage":{"@id":"https:\/\/andpro.net\/product\/dupont-zascitni-kombinezon-tyvekx-chf5w-w\/#primaryimage"},"image":{"@id":"https:\/\/andpro.net\/product\/dupont-zascitni-kombinezon-tyvekx-chf5w-w\/#primaryimage"},"thumbnailUrl":"https:\/\/andpro.net\/wp-content\/uploads\/2023\/12\/0061191616.jpg","datePublished":"2023-12-18T11:05:12+00:00","dateModified":"2025-07-20T11:54:14+00:00","breadcrumb":{"@id":"https:\/\/andpro.net\/product\/dupont-zascitni-kombinezon-tyvekx-chf5w-w\/#breadcrumb"},"inLanguage":"de","potentialAction":[{"@type":"ReadAction","target":["https:\/\/andpro.net\/product\/dupont-zascitni-kombinezon-tyvekx-chf5w-w\/"]}]},{"@type":"ImageObject","inLanguage":"de","@id":"https:\/\/andpro.net\/product\/dupont-zascitni-kombinezon-tyvekx-chf5w-w\/#primaryimage","url":"https:\/\/andpro.net\/wp-content\/uploads\/2023\/12\/0061191616.jpg","contentUrl":"https:\/\/andpro.net\/wp-content\/uploads\/2023\/12\/0061191616.jpg","width":420,"height":1024,"caption":"1147216"},{"@type":"BreadcrumbList","@id":"https:\/\/andpro.net\/product\/dupont-zascitni-kombinezon-tyvekx-chf5w-w\/#breadcrumb","itemListElement":[{"@type":"ListItem","position":1,"name":"Home","item":"https:\/\/andpro.net\/"},{"@type":"ListItem","position":2,"name":"Shop","item":"https:\/\/andpro.net\/en\/shop\/"},{"@type":"ListItem","position":3,"name":"DUPONT ZA\u0160\u010cITNI KOMBINEZON TYVEKX-CHF5W W"}]},{"@type":"WebSite","@id":"https:\/\/andpro.net\/de\/#website","url":"https:\/\/andpro.net\/de\/","name":"AndPro","description":"The best decision","publisher":{"@id":"https:\/\/andpro.net\/de\/#organization"},"potentialAction":[{"@type":"SearchAction","target":{"@type":"EntryPoint","urlTemplate":"https:\/\/andpro.net\/de\/?s={search_term_string}"},"query-input":{"@type":"PropertyValueSpecification","valueRequired":true,"valueName":"search_term_string"}}],"inLanguage":"de"},{"@type":"Organization","@id":"https:\/\/andpro.net\/de\/#organization","name":"AndPro","url":"https:\/\/andpro.net\/de\/","logo":{"@type":"ImageObject","inLanguage":"de","@id":"https:\/\/andpro.net\/de\/#\/schema\/logo\/image\/","url":"https:\/\/andpro.net\/wp-content\/uploads\/2023\/11\/logo_fix.png","contentUrl":"https:\/\/andpro.net\/wp-content\/uploads\/2023\/11\/logo_fix.png","width":1244,"height":637,"caption":"AndPro"},"image":{"@id":"https:\/\/andpro.net\/de\/#\/schema\/logo\/image\/"}}]}},"_links":{"self":[{"href":"https:\/\/andpro.net\/de\/wp-json\/wp\/v2\/product\/3790","targetHints":{"allow":["GET"]}}],"collection":[{"href":"https:\/\/andpro.net\/de\/wp-json\/wp\/v2\/product"}],"about":[{"href":"https:\/\/andpro.net\/de\/wp-json\/wp\/v2\/types\/product"}],"wp:featuredmedia":[{"embeddable":true,"href":"https:\/\/andpro.net\/de\/wp-json\/wp\/v2\/media\/1962"}],"wp:attachment":[{"href":"https:\/\/andpro.net\/de\/wp-json\/wp\/v2\/media?parent=3790"}],"wp:term":[{"taxonomy":"product_brand","embeddable":true,"href":"https:\/\/andpro.net\/de\/wp-json\/wp\/v2\/product_brand?post=3790"},{"taxonomy":"product_cat","embeddable":true,"href":"https:\/\/andpro.net\/de\/wp-json\/wp\/v2\/product_cat?post=3790"},{"taxonomy":"product_tag","embeddable":true,"href":"https:\/\/andpro.net\/de\/wp-json\/wp\/v2\/product_tag?post=3790"}],"curies":[{"name":"wp","href":"https:\/\/api.w.org\/{rel}","templated":true}]}}