{"id":3795,"date":"2023-12-18T12:05:12","date_gmt":"2023-12-18T11:05:12","guid":{"rendered":"https:\/\/andpro.net\/product\/dupont-zascitni-kombinezon-tyv-labo-w\/"},"modified":"2025-07-20T12:54:26","modified_gmt":"2025-07-20T11:54:26","slug":"dupont-zascitni-kombinezon-tyv-labo-w","status":"publish","type":"product","link":"https:\/\/andpro.net\/de\/product\/dupont-zascitni-kombinezon-tyv-labo-w\/","title":{"rendered":"DUPONT SCHUTZABDECKUNG TYVEK-LABO W"},"content":{"rendered":"<p>TYVEK\u00ae500 LABO Schutzanzug.<br \/>\n\u2013 aus Tyvek\u00ae-Vliesstoff<br \/>\n\u2013 Schutzbarriere gem\u00e4\u00df Schutzkleidungskategorie III, Typ 5 und 6<br \/>\n\u2013 erm\u00f6glicht Luft (Atmung), was den Bedienkomfort erh\u00f6ht<br \/>\n\u2013 h\u00e4lt Aerosole zur\u00fcck und nimmt keine fl\u00fcssigen anorganischen Chemikalien geringer Konzentration auf, hat eine extrem glatte Oberfl\u00e4che, sodass harte Partikel nicht daran haften bleiben<br \/>\n\u2013 Schuh\u00fcberz\u00fcge mit rutschfester Sohle, die mit den Kleiderbeinen verbunden sind<br \/>\n\u2013 teilelastische Kapuze mit elastischem Band, das sich optimal an das Gesicht anpasst, und elastischen B\u00fcndchen an den \u00c4rmeln<br \/>\n\u2013 Der mit einer Klappe abgedeckte Rei\u00dfverschluss und die Innenn\u00e4hte erh\u00f6hen den Schutz des Benutzers und des technologischen Prozesses<br \/>\n\u2013 verf\u00fcgt \u00fcber antistatische Eigenschaften, verf\u00fcgt \u00fcber eine antistatische Ausr\u00fcstung auf beiden Seiten des Materials, sodass elektrostatische Aufladungen abgeleitet werden, wenn der Tr\u00e4ger und der Anzug ordnungsgem\u00e4\u00df geerdet sind<br \/>\n\u2013 geeignet f\u00fcr die Reinheitsklassen ISO-7\/ISO-8\/ISO-9; GMP C\/D<br \/>\n- Es leistet gute Dienste in der pharmazeutischen Industrie bei der Vorbereitung von Arzneimitteln, beim Laden von Rohstoffen f\u00fcr die Herstellung von Arzneimitteln in den Brecher und wird auch in der pharmazeutischen Industrie und in Labors eingesetzt<br \/>\n\u2013 wird bei der Asbestsanierung verwendet<br \/>\n- erf\u00fcllt die Anforderungen der Normen EN 13982-1, EN13034, EN 1149-5, EN 14126, EN 14605 und EN1073-2<\/p>","protected":false},"excerpt":{"rendered":"<p>TYVEK\u00ae500 LABO za\u0161\u010ditna obleka. &#8211; iz Tyvek\u00ae netkane tkanine &#8211; za\u0161\u010ditna pregrada, skladna z za\u0161\u010ditno obleko kategorije III, tipa 5 in 6 &#8211; prepu\u0161\u010da zrak (diha), kar pove\u010da udobje uporabe &#8211; zadr\u017euje aerosole in ne absorbira teko\u010dih anorganskih kemikalij nizke koncentracije, ima izjemno gladko povr\u0161ino, zato se nanjo ne lepijo trdi delci &#8211; prevleke za [&hellip;]<\/p>","protected":false},"featured_media":1964,"template":"","meta":[],"product_brand":[132],"product_cat":[133,117,215],"product_tag":[],"class_list":{"0":"post-3795","1":"product","2":"type-product","3":"status-publish","4":"has-post-thumbnail","6":"product_brand-dupont","7":"product_cat-zascita-dihal","8":"product_cat-zascita-telesa","9":"product_cat-zascitna-pregrinjala-maske","11":"first","12":"onbackorder","13":"taxable","14":"shipping-taxable","15":"purchasable","16":"product-type-variable"},"bundled_by":[],"bundle_stock_status":"onbackorder","bundle_stock_quantity":null,"bundle_virtual":false,"bundle_layout":"","bundle_add_to_cart_form_location":"","bundle_editable_in_cart":false,"bundle_sold_individually_context":"","bundle_item_grouping":"","bundle_min_size":"","bundle_max_size":"","bundle_price":[],"bundled_items":[],"bundle_sell_ids":[],"group_of_quantity":0,"min_quantity":25,"max_quantity":"","exclude_order_quantity_value_rules":"no","exclude_category_quantity_rules":"no","combine_variations":"no","yoast_head":"<!-- This site is optimized with the Yoast SEO Premium plugin v23.9 (Yoast SEO v27.4) - https:\/\/yoast.com\/product\/yoast-seo-premium-wordpress\/ -->\n<title>DUPONT ZA\u0160\u010cITNI KOMBINEZON TYV-LABO W - AndPro<\/title>\n<meta name=\"robots\" content=\"index, follow, max-snippet:-1, max-image-preview:large, max-video-preview:-1\" \/>\n<link rel=\"canonical\" href=\"https:\/\/andpro.net\/de\/product\/dupont-zascitni-kombinezon-tyv-labo-w\/\" \/>\n<meta property=\"og:locale\" content=\"de_DE\" \/>\n<meta property=\"og:type\" content=\"article\" \/>\n<meta property=\"og:title\" content=\"DUPONT ZA\u0160\u010cITNI KOMBINEZON TYV-LABO W\" \/>\n<meta property=\"og:description\" content=\"TYVEK\u00ae500 LABO za\u0161\u010ditna obleka. &#8211; iz Tyvek\u00ae netkane tkanine &#8211; za\u0161\u010ditna pregrada, skladna z za\u0161\u010ditno obleko kategorije III, tipa 5 in 6 &#8211; prepu\u0161\u010da zrak (diha), kar pove\u010da udobje uporabe &#8211; zadr\u017euje aerosole in ne absorbira teko\u010dih anorganskih kemikalij nizke koncentracije, ima izjemno gladko povr\u0161ino, zato se nanjo ne lepijo trdi delci &#8211; prevleke za [&hellip;]\" \/>\n<meta property=\"og:url\" content=\"https:\/\/andpro.net\/de\/product\/dupont-zascitni-kombinezon-tyv-labo-w\/\" \/>\n<meta property=\"og:site_name\" content=\"AndPro\" \/>\n<meta property=\"article:modified_time\" content=\"2025-07-20T11:54:26+00:00\" \/>\n<meta property=\"og:image\" content=\"https:\/\/andpro.net\/wp-content\/uploads\/2023\/12\/0061194304.jpg\" \/>\n\t<meta property=\"og:image:width\" content=\"363\" \/>\n\t<meta property=\"og:image:height\" content=\"1024\" \/>\n\t<meta property=\"og:image:type\" content=\"image\/jpeg\" \/>\n<meta name=\"twitter:card\" content=\"summary_large_image\" \/>\n<meta name=\"twitter:label1\" content=\"Gesch\u00e4tzte Lesezeit\" \/>\n\t<meta name=\"twitter:data1\" content=\"2\u00a0Minuten\" \/>\n<script type=\"application\/ld+json\" class=\"yoast-schema-graph\">{\"@context\":\"https:\\\/\\\/schema.org\",\"@graph\":[{\"@type\":\"WebPage\",\"@id\":\"https:\\\/\\\/andpro.net\\\/product\\\/dupont-zascitni-kombinezon-tyv-labo-w\\\/\",\"url\":\"https:\\\/\\\/andpro.net\\\/product\\\/dupont-zascitni-kombinezon-tyv-labo-w\\\/\",\"name\":\"DUPONT ZA\u0160\u010cITNI KOMBINEZON TYV-LABO W - AndPro\",\"isPartOf\":{\"@id\":\"https:\\\/\\\/andpro.net\\\/de\\\/#website\"},\"primaryImageOfPage\":{\"@id\":\"https:\\\/\\\/andpro.net\\\/product\\\/dupont-zascitni-kombinezon-tyv-labo-w\\\/#primaryimage\"},\"image\":{\"@id\":\"https:\\\/\\\/andpro.net\\\/product\\\/dupont-zascitni-kombinezon-tyv-labo-w\\\/#primaryimage\"},\"thumbnailUrl\":\"https:\\\/\\\/andpro.net\\\/wp-content\\\/uploads\\\/2023\\\/12\\\/0061194304.jpg\",\"datePublished\":\"2023-12-18T11:05:12+00:00\",\"dateModified\":\"2025-07-20T11:54:26+00:00\",\"breadcrumb\":{\"@id\":\"https:\\\/\\\/andpro.net\\\/product\\\/dupont-zascitni-kombinezon-tyv-labo-w\\\/#breadcrumb\"},\"inLanguage\":\"de\",\"potentialAction\":[{\"@type\":\"ReadAction\",\"target\":[\"https:\\\/\\\/andpro.net\\\/product\\\/dupont-zascitni-kombinezon-tyv-labo-w\\\/\"]}]},{\"@type\":\"ImageObject\",\"inLanguage\":\"de\",\"@id\":\"https:\\\/\\\/andpro.net\\\/product\\\/dupont-zascitni-kombinezon-tyv-labo-w\\\/#primaryimage\",\"url\":\"https:\\\/\\\/andpro.net\\\/wp-content\\\/uploads\\\/2023\\\/12\\\/0061194304.jpg\",\"contentUrl\":\"https:\\\/\\\/andpro.net\\\/wp-content\\\/uploads\\\/2023\\\/12\\\/0061194304.jpg\",\"width\":363,\"height\":1024,\"caption\":\"1082784\"},{\"@type\":\"BreadcrumbList\",\"@id\":\"https:\\\/\\\/andpro.net\\\/product\\\/dupont-zascitni-kombinezon-tyv-labo-w\\\/#breadcrumb\",\"itemListElement\":[{\"@type\":\"ListItem\",\"position\":1,\"name\":\"Home\",\"item\":\"https:\\\/\\\/andpro.net\\\/\"},{\"@type\":\"ListItem\",\"position\":2,\"name\":\"Shop\",\"item\":\"https:\\\/\\\/andpro.net\\\/en\\\/shop\\\/\"},{\"@type\":\"ListItem\",\"position\":3,\"name\":\"DUPONT ZA\u0160\u010cITNI KOMBINEZON TYV-LABO W\"}]},{\"@type\":\"WebSite\",\"@id\":\"https:\\\/\\\/andpro.net\\\/de\\\/#website\",\"url\":\"https:\\\/\\\/andpro.net\\\/de\\\/\",\"name\":\"AndPro\",\"description\":\"The best decision\",\"publisher\":{\"@id\":\"https:\\\/\\\/andpro.net\\\/de\\\/#organization\"},\"potentialAction\":[{\"@type\":\"SearchAction\",\"target\":{\"@type\":\"EntryPoint\",\"urlTemplate\":\"https:\\\/\\\/andpro.net\\\/de\\\/?s={search_term_string}\"},\"query-input\":{\"@type\":\"PropertyValueSpecification\",\"valueRequired\":true,\"valueName\":\"search_term_string\"}}],\"inLanguage\":\"de\"},{\"@type\":\"Organization\",\"@id\":\"https:\\\/\\\/andpro.net\\\/de\\\/#organization\",\"name\":\"AndPro\",\"url\":\"https:\\\/\\\/andpro.net\\\/de\\\/\",\"logo\":{\"@type\":\"ImageObject\",\"inLanguage\":\"de\",\"@id\":\"https:\\\/\\\/andpro.net\\\/de\\\/#\\\/schema\\\/logo\\\/image\\\/\",\"url\":\"https:\\\/\\\/andpro.net\\\/wp-content\\\/uploads\\\/2023\\\/11\\\/logo_fix.png\",\"contentUrl\":\"https:\\\/\\\/andpro.net\\\/wp-content\\\/uploads\\\/2023\\\/11\\\/logo_fix.png\",\"width\":1244,\"height\":637,\"caption\":\"AndPro\"},\"image\":{\"@id\":\"https:\\\/\\\/andpro.net\\\/de\\\/#\\\/schema\\\/logo\\\/image\\\/\"}}]}<\/script>\n<!-- \/ Yoast SEO Premium plugin. -->","yoast_head_json":{"title":"DUPONT ZA\u0160\u010cITNI KOMBINEZON TYV-LABO W - AndPro","robots":{"index":"index","follow":"follow","max-snippet":"max-snippet:-1","max-image-preview":"max-image-preview:large","max-video-preview":"max-video-preview:-1"},"canonical":"https:\/\/andpro.net\/de\/product\/dupont-zascitni-kombinezon-tyv-labo-w\/","og_locale":"de_DE","og_type":"article","og_title":"DUPONT ZA\u0160\u010cITNI KOMBINEZON TYV-LABO W","og_description":"TYVEK\u00ae500 LABO za\u0161\u010ditna obleka. &#8211; iz Tyvek\u00ae netkane tkanine &#8211; za\u0161\u010ditna pregrada, skladna z za\u0161\u010ditno obleko kategorije III, tipa 5 in 6 &#8211; prepu\u0161\u010da zrak (diha), kar pove\u010da udobje uporabe &#8211; zadr\u017euje aerosole in ne absorbira teko\u010dih anorganskih kemikalij nizke koncentracije, ima izjemno gladko povr\u0161ino, zato se nanjo ne lepijo trdi delci &#8211; prevleke za [&hellip;]","og_url":"https:\/\/andpro.net\/de\/product\/dupont-zascitni-kombinezon-tyv-labo-w\/","og_site_name":"AndPro","article_modified_time":"2025-07-20T11:54:26+00:00","og_image":[{"width":363,"height":1024,"url":"https:\/\/andpro.net\/wp-content\/uploads\/2023\/12\/0061194304.jpg","type":"image\/jpeg"}],"twitter_card":"summary_large_image","twitter_misc":{"Gesch\u00e4tzte Lesezeit":"2\u00a0Minuten"},"schema":{"@context":"https:\/\/schema.org","@graph":[{"@type":"WebPage","@id":"https:\/\/andpro.net\/product\/dupont-zascitni-kombinezon-tyv-labo-w\/","url":"https:\/\/andpro.net\/product\/dupont-zascitni-kombinezon-tyv-labo-w\/","name":"DUPONT ZA\u0160\u010cITNI KOMBINEZON TYV-LABO W - AndPro","isPartOf":{"@id":"https:\/\/andpro.net\/de\/#website"},"primaryImageOfPage":{"@id":"https:\/\/andpro.net\/product\/dupont-zascitni-kombinezon-tyv-labo-w\/#primaryimage"},"image":{"@id":"https:\/\/andpro.net\/product\/dupont-zascitni-kombinezon-tyv-labo-w\/#primaryimage"},"thumbnailUrl":"https:\/\/andpro.net\/wp-content\/uploads\/2023\/12\/0061194304.jpg","datePublished":"2023-12-18T11:05:12+00:00","dateModified":"2025-07-20T11:54:26+00:00","breadcrumb":{"@id":"https:\/\/andpro.net\/product\/dupont-zascitni-kombinezon-tyv-labo-w\/#breadcrumb"},"inLanguage":"de","potentialAction":[{"@type":"ReadAction","target":["https:\/\/andpro.net\/product\/dupont-zascitni-kombinezon-tyv-labo-w\/"]}]},{"@type":"ImageObject","inLanguage":"de","@id":"https:\/\/andpro.net\/product\/dupont-zascitni-kombinezon-tyv-labo-w\/#primaryimage","url":"https:\/\/andpro.net\/wp-content\/uploads\/2023\/12\/0061194304.jpg","contentUrl":"https:\/\/andpro.net\/wp-content\/uploads\/2023\/12\/0061194304.jpg","width":363,"height":1024,"caption":"1082784"},{"@type":"BreadcrumbList","@id":"https:\/\/andpro.net\/product\/dupont-zascitni-kombinezon-tyv-labo-w\/#breadcrumb","itemListElement":[{"@type":"ListItem","position":1,"name":"Home","item":"https:\/\/andpro.net\/"},{"@type":"ListItem","position":2,"name":"Shop","item":"https:\/\/andpro.net\/en\/shop\/"},{"@type":"ListItem","position":3,"name":"DUPONT ZA\u0160\u010cITNI KOMBINEZON TYV-LABO W"}]},{"@type":"WebSite","@id":"https:\/\/andpro.net\/de\/#website","url":"https:\/\/andpro.net\/de\/","name":"AndPro","description":"The best decision","publisher":{"@id":"https:\/\/andpro.net\/de\/#organization"},"potentialAction":[{"@type":"SearchAction","target":{"@type":"EntryPoint","urlTemplate":"https:\/\/andpro.net\/de\/?s={search_term_string}"},"query-input":{"@type":"PropertyValueSpecification","valueRequired":true,"valueName":"search_term_string"}}],"inLanguage":"de"},{"@type":"Organization","@id":"https:\/\/andpro.net\/de\/#organization","name":"AndPro","url":"https:\/\/andpro.net\/de\/","logo":{"@type":"ImageObject","inLanguage":"de","@id":"https:\/\/andpro.net\/de\/#\/schema\/logo\/image\/","url":"https:\/\/andpro.net\/wp-content\/uploads\/2023\/11\/logo_fix.png","contentUrl":"https:\/\/andpro.net\/wp-content\/uploads\/2023\/11\/logo_fix.png","width":1244,"height":637,"caption":"AndPro"},"image":{"@id":"https:\/\/andpro.net\/de\/#\/schema\/logo\/image\/"}}]}},"_links":{"self":[{"href":"https:\/\/andpro.net\/de\/wp-json\/wp\/v2\/product\/3795","targetHints":{"allow":["GET"]}}],"collection":[{"href":"https:\/\/andpro.net\/de\/wp-json\/wp\/v2\/product"}],"about":[{"href":"https:\/\/andpro.net\/de\/wp-json\/wp\/v2\/types\/product"}],"wp:featuredmedia":[{"embeddable":true,"href":"https:\/\/andpro.net\/de\/wp-json\/wp\/v2\/media\/1964"}],"wp:attachment":[{"href":"https:\/\/andpro.net\/de\/wp-json\/wp\/v2\/media?parent=3795"}],"wp:term":[{"taxonomy":"product_brand","embeddable":true,"href":"https:\/\/andpro.net\/de\/wp-json\/wp\/v2\/product_brand?post=3795"},{"taxonomy":"product_cat","embeddable":true,"href":"https:\/\/andpro.net\/de\/wp-json\/wp\/v2\/product_cat?post=3795"},{"taxonomy":"product_tag","embeddable":true,"href":"https:\/\/andpro.net\/de\/wp-json\/wp\/v2\/product_tag?post=3795"}],"curies":[{"name":"wp","href":"https:\/\/api.w.org\/{rel}","templated":true}]}}