{"id":3799,"date":"2023-12-18T12:05:22","date_gmt":"2023-12-18T11:05:22","guid":{"rendered":"https:\/\/andpro.net\/product\/reis-higienske-maske-iz-polipropilena-mas-w\/"},"modified":"2025-07-20T12:49:12","modified_gmt":"2025-07-20T11:49:12","slug":"reis-higienske-maske-iz-polipropilena-mas-w","status":"publish","type":"product","link":"https:\/\/andpro.net\/de\/product\/reis-higienske-maske-iz-polipropilena-mas-w\/","title":{"rendered":"REIS HYGIENISCHE MASKEN AUS POLYPROPYLEN MAS W"},"content":{"rendered":"<p>Dreischichtige Hygienemaske aus Polypropylen.<\/p>\n<p>\u2013 Dicke: 20 g\/m2 + 20 g\/m2 + 23 g\/m2 (erste\/zweite\/dritte Schicht)<br \/>\n\u2013 wird mit zwei elastischen B\u00e4ndern an den Seiten getragen<br \/>\n\u2013 Metallschnalle auf H\u00f6he der Nase<br \/>\n\u2013 verpackt in 100 St\u00fcck pro Packung<br \/>\n- Die Hygienemaske dient der Aufrechterhaltung der Sauberkeit, indem sie verhindert, dass Sekrete aus Mund und Nase in die Umgebung gelangen und die \u00dcbertragung von Schmutz von den H\u00e4nden auf das Gesicht verhindert<br \/>\n\u2013 Das Produkt ist kein Atemschutzger\u00e4t oder Medizinprodukt<\/p>","protected":false},"excerpt":{"rendered":"<p>Troslojna higienska maska \u200b\u200biz polipropilena. &#8211; debelina: 20 g\/m2 + 20 g\/m2 + 23 g\/m2 (prvi\/drugi\/tretji sloj) &#8211; nosi se z dvema elasti\u010dnima trakoma, pripetima ob straneh &#8211; kovinska zaponka v vi\u0161ini nosu &#8211; pakirano po 100 kosov v paketu &#8211; higienska maska \u200b\u200bslu\u017ei vzdr\u017eevanju \u010disto\u010de tako, da prepre\u010duje vdor izlo\u010dkov iz ust in nosu [&hellip;]<\/p>","protected":false},"featured_media":1966,"template":"","meta":[],"product_brand":[105],"product_cat":[133,215],"product_tag":[],"class_list":{"0":"post-3799","1":"product","2":"type-product","3":"status-publish","4":"has-post-thumbnail","6":"product_brand-reis","7":"product_cat-zascita-dihal","8":"product_cat-zascitna-pregrinjala-maske","10":"first","11":"onbackorder","12":"taxable","13":"shipping-taxable","14":"purchasable","15":"product-type-simple"},"bundled_by":[],"bundle_stock_status":"onbackorder","bundle_stock_quantity":null,"bundle_virtual":false,"bundle_layout":"","bundle_add_to_cart_form_location":"","bundle_editable_in_cart":false,"bundle_sold_individually_context":"","bundle_item_grouping":"","bundle_min_size":"","bundle_max_size":"","bundle_price":[],"bundled_items":[],"bundle_sell_ids":[],"group_of_quantity":0,"min_quantity":0,"max_quantity":"","exclude_order_quantity_value_rules":"no","exclude_category_quantity_rules":"no","combine_variations":"no","yoast_head":"<!-- This site is optimized with the Yoast SEO Premium plugin v23.9 (Yoast SEO v27.5) - https:\/\/yoast.com\/product\/yoast-seo-premium-wordpress\/ -->\n<title>REIS HIGIENSKE MASKE IZ POLIPROPILENA MAS W - AndPro<\/title>\n<meta name=\"robots\" content=\"index, follow, max-snippet:-1, max-image-preview:large, max-video-preview:-1\" \/>\n<link rel=\"canonical\" href=\"https:\/\/andpro.net\/de\/product\/reis-higienske-maske-iz-polipropilena-mas-w\/\" \/>\n<meta property=\"og:locale\" content=\"de_DE\" \/>\n<meta property=\"og:type\" content=\"article\" \/>\n<meta property=\"og:title\" content=\"REIS HIGIENSKE MASKE IZ POLIPROPILENA MAS W\" \/>\n<meta property=\"og:description\" content=\"Troslojna higienska maska \u200b\u200biz polipropilena. &#8211; debelina: 20 g\/m2 + 20 g\/m2 + 23 g\/m2 (prvi\/drugi\/tretji sloj) &#8211; nosi se z dvema elasti\u010dnima trakoma, pripetima ob straneh &#8211; kovinska zaponka v vi\u0161ini nosu &#8211; pakirano po 100 kosov v paketu &#8211; higienska maska \u200b\u200bslu\u017ei vzdr\u017eevanju \u010disto\u010de tako, da prepre\u010duje vdor izlo\u010dkov iz ust in nosu [&hellip;]\" \/>\n<meta property=\"og:url\" content=\"https:\/\/andpro.net\/de\/product\/reis-higienske-maske-iz-polipropilena-mas-w\/\" \/>\n<meta property=\"og:site_name\" content=\"AndPro\" \/>\n<meta property=\"article:modified_time\" content=\"2025-07-20T11:49:12+00:00\" \/>\n<meta property=\"og:image\" content=\"https:\/\/andpro.net\/wp-content\/uploads\/2023\/12\/0058540400.jpg\" \/>\n\t<meta property=\"og:image:width\" content=\"672\" \/>\n\t<meta property=\"og:image:height\" content=\"1024\" \/>\n\t<meta property=\"og:image:type\" content=\"image\/jpeg\" \/>\n<meta name=\"twitter:card\" content=\"summary_large_image\" \/>\n<meta name=\"twitter:label1\" content=\"Gesch\u00e4tzte Lesezeit\" \/>\n\t<meta name=\"twitter:data1\" content=\"1\u00a0Minute\" \/>\n<script type=\"application\/ld+json\" class=\"yoast-schema-graph\">{\"@context\":\"https:\\\/\\\/schema.org\",\"@graph\":[{\"@type\":\"WebPage\",\"@id\":\"https:\\\/\\\/andpro.net\\\/product\\\/reis-higienske-maske-iz-polipropilena-mas-w\\\/\",\"url\":\"https:\\\/\\\/andpro.net\\\/product\\\/reis-higienske-maske-iz-polipropilena-mas-w\\\/\",\"name\":\"REIS HIGIENSKE MASKE IZ POLIPROPILENA MAS W - AndPro\",\"isPartOf\":{\"@id\":\"https:\\\/\\\/andpro.net\\\/de\\\/#website\"},\"primaryImageOfPage\":{\"@id\":\"https:\\\/\\\/andpro.net\\\/product\\\/reis-higienske-maske-iz-polipropilena-mas-w\\\/#primaryimage\"},\"image\":{\"@id\":\"https:\\\/\\\/andpro.net\\\/product\\\/reis-higienske-maske-iz-polipropilena-mas-w\\\/#primaryimage\"},\"thumbnailUrl\":\"https:\\\/\\\/andpro.net\\\/wp-content\\\/uploads\\\/2023\\\/12\\\/0058540400.jpg\",\"datePublished\":\"2023-12-18T11:05:22+00:00\",\"dateModified\":\"2025-07-20T11:49:12+00:00\",\"breadcrumb\":{\"@id\":\"https:\\\/\\\/andpro.net\\\/product\\\/reis-higienske-maske-iz-polipropilena-mas-w\\\/#breadcrumb\"},\"inLanguage\":\"de\",\"potentialAction\":[{\"@type\":\"ReadAction\",\"target\":[\"https:\\\/\\\/andpro.net\\\/product\\\/reis-higienske-maske-iz-polipropilena-mas-w\\\/\"]}]},{\"@type\":\"ImageObject\",\"inLanguage\":\"de\",\"@id\":\"https:\\\/\\\/andpro.net\\\/product\\\/reis-higienske-maske-iz-polipropilena-mas-w\\\/#primaryimage\",\"url\":\"https:\\\/\\\/andpro.net\\\/wp-content\\\/uploads\\\/2023\\\/12\\\/0058540400.jpg\",\"contentUrl\":\"https:\\\/\\\/andpro.net\\\/wp-content\\\/uploads\\\/2023\\\/12\\\/0058540400.jpg\",\"width\":672,\"height\":1024,\"caption\":\"643136\"},{\"@type\":\"BreadcrumbList\",\"@id\":\"https:\\\/\\\/andpro.net\\\/product\\\/reis-higienske-maske-iz-polipropilena-mas-w\\\/#breadcrumb\",\"itemListElement\":[{\"@type\":\"ListItem\",\"position\":1,\"name\":\"Home\",\"item\":\"https:\\\/\\\/andpro.net\\\/\"},{\"@type\":\"ListItem\",\"position\":2,\"name\":\"Shop\",\"item\":\"https:\\\/\\\/andpro.net\\\/en\\\/shop\\\/\"},{\"@type\":\"ListItem\",\"position\":3,\"name\":\"REIS HIGIENSKE MASKE IZ POLIPROPILENA MAS W\"}]},{\"@type\":\"WebSite\",\"@id\":\"https:\\\/\\\/andpro.net\\\/de\\\/#website\",\"url\":\"https:\\\/\\\/andpro.net\\\/de\\\/\",\"name\":\"AndPro\",\"description\":\"The best decision\",\"publisher\":{\"@id\":\"https:\\\/\\\/andpro.net\\\/de\\\/#organization\"},\"potentialAction\":[{\"@type\":\"SearchAction\",\"target\":{\"@type\":\"EntryPoint\",\"urlTemplate\":\"https:\\\/\\\/andpro.net\\\/de\\\/?s={search_term_string}\"},\"query-input\":{\"@type\":\"PropertyValueSpecification\",\"valueRequired\":true,\"valueName\":\"search_term_string\"}}],\"inLanguage\":\"de\"},{\"@type\":\"Organization\",\"@id\":\"https:\\\/\\\/andpro.net\\\/de\\\/#organization\",\"name\":\"AndPro\",\"url\":\"https:\\\/\\\/andpro.net\\\/de\\\/\",\"logo\":{\"@type\":\"ImageObject\",\"inLanguage\":\"de\",\"@id\":\"https:\\\/\\\/andpro.net\\\/de\\\/#\\\/schema\\\/logo\\\/image\\\/\",\"url\":\"https:\\\/\\\/andpro.net\\\/wp-content\\\/uploads\\\/2023\\\/11\\\/logo_fix.png\",\"contentUrl\":\"https:\\\/\\\/andpro.net\\\/wp-content\\\/uploads\\\/2023\\\/11\\\/logo_fix.png\",\"width\":1244,\"height\":637,\"caption\":\"AndPro\"},\"image\":{\"@id\":\"https:\\\/\\\/andpro.net\\\/de\\\/#\\\/schema\\\/logo\\\/image\\\/\"}}]}<\/script>\n<!-- \/ Yoast SEO Premium plugin. -->","yoast_head_json":{"title":"REIS HIGIENSKE MASKE IZ POLIPROPILENA MAS W - AndPro","robots":{"index":"index","follow":"follow","max-snippet":"max-snippet:-1","max-image-preview":"max-image-preview:large","max-video-preview":"max-video-preview:-1"},"canonical":"https:\/\/andpro.net\/de\/product\/reis-higienske-maske-iz-polipropilena-mas-w\/","og_locale":"de_DE","og_type":"article","og_title":"REIS HIGIENSKE MASKE IZ POLIPROPILENA MAS W","og_description":"Troslojna higienska maska \u200b\u200biz polipropilena. &#8211; debelina: 20 g\/m2 + 20 g\/m2 + 23 g\/m2 (prvi\/drugi\/tretji sloj) &#8211; nosi se z dvema elasti\u010dnima trakoma, pripetima ob straneh &#8211; kovinska zaponka v vi\u0161ini nosu &#8211; pakirano po 100 kosov v paketu &#8211; higienska maska \u200b\u200bslu\u017ei vzdr\u017eevanju \u010disto\u010de tako, da prepre\u010duje vdor izlo\u010dkov iz ust in nosu [&hellip;]","og_url":"https:\/\/andpro.net\/de\/product\/reis-higienske-maske-iz-polipropilena-mas-w\/","og_site_name":"AndPro","article_modified_time":"2025-07-20T11:49:12+00:00","og_image":[{"width":672,"height":1024,"url":"https:\/\/andpro.net\/wp-content\/uploads\/2023\/12\/0058540400.jpg","type":"image\/jpeg"}],"twitter_card":"summary_large_image","twitter_misc":{"Gesch\u00e4tzte Lesezeit":"1\u00a0Minute"},"schema":{"@context":"https:\/\/schema.org","@graph":[{"@type":"WebPage","@id":"https:\/\/andpro.net\/product\/reis-higienske-maske-iz-polipropilena-mas-w\/","url":"https:\/\/andpro.net\/product\/reis-higienske-maske-iz-polipropilena-mas-w\/","name":"REIS HIGIENSKE MASKE IZ POLIPROPILENA MAS W - AndPro","isPartOf":{"@id":"https:\/\/andpro.net\/de\/#website"},"primaryImageOfPage":{"@id":"https:\/\/andpro.net\/product\/reis-higienske-maske-iz-polipropilena-mas-w\/#primaryimage"},"image":{"@id":"https:\/\/andpro.net\/product\/reis-higienske-maske-iz-polipropilena-mas-w\/#primaryimage"},"thumbnailUrl":"https:\/\/andpro.net\/wp-content\/uploads\/2023\/12\/0058540400.jpg","datePublished":"2023-12-18T11:05:22+00:00","dateModified":"2025-07-20T11:49:12+00:00","breadcrumb":{"@id":"https:\/\/andpro.net\/product\/reis-higienske-maske-iz-polipropilena-mas-w\/#breadcrumb"},"inLanguage":"de","potentialAction":[{"@type":"ReadAction","target":["https:\/\/andpro.net\/product\/reis-higienske-maske-iz-polipropilena-mas-w\/"]}]},{"@type":"ImageObject","inLanguage":"de","@id":"https:\/\/andpro.net\/product\/reis-higienske-maske-iz-polipropilena-mas-w\/#primaryimage","url":"https:\/\/andpro.net\/wp-content\/uploads\/2023\/12\/0058540400.jpg","contentUrl":"https:\/\/andpro.net\/wp-content\/uploads\/2023\/12\/0058540400.jpg","width":672,"height":1024,"caption":"643136"},{"@type":"BreadcrumbList","@id":"https:\/\/andpro.net\/product\/reis-higienske-maske-iz-polipropilena-mas-w\/#breadcrumb","itemListElement":[{"@type":"ListItem","position":1,"name":"Home","item":"https:\/\/andpro.net\/"},{"@type":"ListItem","position":2,"name":"Shop","item":"https:\/\/andpro.net\/en\/shop\/"},{"@type":"ListItem","position":3,"name":"REIS HIGIENSKE MASKE IZ POLIPROPILENA MAS W"}]},{"@type":"WebSite","@id":"https:\/\/andpro.net\/de\/#website","url":"https:\/\/andpro.net\/de\/","name":"AndPro","description":"The best decision","publisher":{"@id":"https:\/\/andpro.net\/de\/#organization"},"potentialAction":[{"@type":"SearchAction","target":{"@type":"EntryPoint","urlTemplate":"https:\/\/andpro.net\/de\/?s={search_term_string}"},"query-input":{"@type":"PropertyValueSpecification","valueRequired":true,"valueName":"search_term_string"}}],"inLanguage":"de"},{"@type":"Organization","@id":"https:\/\/andpro.net\/de\/#organization","name":"AndPro","url":"https:\/\/andpro.net\/de\/","logo":{"@type":"ImageObject","inLanguage":"de","@id":"https:\/\/andpro.net\/de\/#\/schema\/logo\/image\/","url":"https:\/\/andpro.net\/wp-content\/uploads\/2023\/11\/logo_fix.png","contentUrl":"https:\/\/andpro.net\/wp-content\/uploads\/2023\/11\/logo_fix.png","width":1244,"height":637,"caption":"AndPro"},"image":{"@id":"https:\/\/andpro.net\/de\/#\/schema\/logo\/image\/"}}]}},"_links":{"self":[{"href":"https:\/\/andpro.net\/de\/wp-json\/wp\/v2\/product\/3799","targetHints":{"allow":["GET"]}}],"collection":[{"href":"https:\/\/andpro.net\/de\/wp-json\/wp\/v2\/product"}],"about":[{"href":"https:\/\/andpro.net\/de\/wp-json\/wp\/v2\/types\/product"}],"wp:featuredmedia":[{"embeddable":true,"href":"https:\/\/andpro.net\/de\/wp-json\/wp\/v2\/media\/1966"}],"wp:attachment":[{"href":"https:\/\/andpro.net\/de\/wp-json\/wp\/v2\/media?parent=3799"}],"wp:term":[{"taxonomy":"product_brand","embeddable":true,"href":"https:\/\/andpro.net\/de\/wp-json\/wp\/v2\/product_brand?post=3799"},{"taxonomy":"product_cat","embeddable":true,"href":"https:\/\/andpro.net\/de\/wp-json\/wp\/v2\/product_cat?post=3799"},{"taxonomy":"product_tag","embeddable":true,"href":"https:\/\/andpro.net\/de\/wp-json\/wp\/v2\/product_tag?post=3799"}],"curies":[{"name":"wp","href":"https:\/\/api.w.org\/{rel}","templated":true}]}}