{"id":3813,"date":"2023-12-18T12:05:22","date_gmt":"2023-12-18T11:05:22","guid":{"rendered":"https:\/\/andpro.net\/product\/reis-zascitna-ocala-oo-fargo-tbc\/"},"modified":"2025-07-20T12:53:09","modified_gmt":"2025-07-20T11:53:09","slug":"reis-zascitna-ocala-oo-fargo-tbc","status":"publish","type":"product","link":"https:\/\/andpro.net\/de\/product\/reis-zascitna-ocala-oo-fargo-tbc\/","title":{"rendered":"REIS SICHERHEITSBRILLE OO-FARGO TBC"},"content":{"rendered":"<p>SICHERHEITSBRILLE<\/p>\n<p>\u2013 optische Klasse 1<br \/>\n\u2013 2C-1,2 UV-Schutzfilter<br \/>\n\u2013 sch\u00fctzt vor kleinen Spritzern fester K\u00f6rper mit einer Aufprallenergie von bis zu 45 m\/s (FT)<br \/>\n\u2013 Polycarbonat-Linsen<br \/>\n\u2013 Schwarze und rote Gummizeiger<br \/>\n- Entwickelt, um die Augen vor Spritzern fester K\u00f6rper zu sch\u00fctzen, die bei der manuellen und maschinellen Bearbeitung von Metallen, Holz, Kunststoffen, Keramikmaterialien, der Mineralgewinnung usw. entstehen.<br \/>\n\u2013 die Anforderungen der Normen EN166 und EN170 erf\u00fcllen<\/p>","protected":false},"excerpt":{"rendered":"<p>Za\u0161\u010ditna o\u010dala. &#8211; opti\u010dni razred 1 &#8211; 2C-1.2 ultravijoli\u010dni za\u0161\u010ditni filter &#8211; zagotavlja za\u0161\u010dito pred majhnimi brizgi trdnih teles z energijo udarca do 45 m\/s (FT) &#8211; le\u010de iz polikarbonata &#8211; roke iz \u010drne in rde\u010de gume &#8211; namenjeni za\u0161\u010diti o\u010di pred brizgi trdnih teles, ki nastanejo pri ro\u010dni in strojni obdelavi kovin, lesa, umetnih [&hellip;]<\/p>","protected":false},"featured_media":1987,"template":"","meta":[],"product_brand":[105],"product_cat":[214],"product_tag":[],"class_list":{"0":"post-3813","1":"product","2":"type-product","3":"status-publish","4":"has-post-thumbnail","6":"product_brand-reis","7":"product_cat-zascita-za-glavo-2","9":"first","10":"onbackorder","11":"taxable","12":"shipping-taxable","13":"purchasable","14":"product-type-variable"},"bundled_by":[],"bundle_stock_status":"onbackorder","bundle_stock_quantity":null,"bundle_virtual":false,"bundle_layout":"","bundle_add_to_cart_form_location":"","bundle_editable_in_cart":false,"bundle_sold_individually_context":"","bundle_item_grouping":"","bundle_min_size":"","bundle_max_size":"","bundle_price":[],"bundled_items":[],"bundle_sell_ids":[],"group_of_quantity":0,"min_quantity":20,"max_quantity":"","exclude_order_quantity_value_rules":"no","exclude_category_quantity_rules":"no","combine_variations":"no","yoast_head":"<!-- This site is optimized with the Yoast SEO Premium plugin v23.9 (Yoast SEO v27.3) - https:\/\/yoast.com\/product\/yoast-seo-premium-wordpress\/ -->\n<title>REIS ZA\u0160\u010cITNA O\u010cALA OO-FARGO TBC - AndPro<\/title>\n<meta name=\"robots\" content=\"index, follow, max-snippet:-1, max-image-preview:large, max-video-preview:-1\" \/>\n<link rel=\"canonical\" href=\"https:\/\/andpro.net\/de\/product\/reis-zascitna-ocala-oo-fargo-tbc\/\" \/>\n<meta property=\"og:locale\" content=\"de_DE\" \/>\n<meta property=\"og:type\" content=\"article\" \/>\n<meta property=\"og:title\" content=\"REIS ZA\u0160\u010cITNA O\u010cALA OO-FARGO TBC\" \/>\n<meta property=\"og:description\" content=\"Za\u0161\u010ditna o\u010dala. &#8211; opti\u010dni razred 1 &#8211; 2C-1.2 ultravijoli\u010dni za\u0161\u010ditni filter &#8211; zagotavlja za\u0161\u010dito pred majhnimi brizgi trdnih teles z energijo udarca do 45 m\/s (FT) &#8211; le\u010de iz polikarbonata &#8211; roke iz \u010drne in rde\u010de gume &#8211; namenjeni za\u0161\u010diti o\u010di pred brizgi trdnih teles, ki nastanejo pri ro\u010dni in strojni obdelavi kovin, lesa, umetnih [&hellip;]\" \/>\n<meta property=\"og:url\" content=\"https:\/\/andpro.net\/de\/product\/reis-zascitna-ocala-oo-fargo-tbc\/\" \/>\n<meta property=\"og:site_name\" content=\"AndPro\" \/>\n<meta property=\"article:modified_time\" content=\"2025-07-20T11:53:09+00:00\" \/>\n<meta property=\"og:image\" content=\"https:\/\/andpro.net\/wp-content\/uploads\/2023\/12\/0058815888.jpg\" \/>\n\t<meta property=\"og:image:width\" content=\"712\" \/>\n\t<meta property=\"og:image:height\" content=\"1024\" \/>\n\t<meta property=\"og:image:type\" content=\"image\/jpeg\" \/>\n<meta name=\"twitter:card\" content=\"summary_large_image\" \/>\n<meta name=\"twitter:label1\" content=\"Gesch\u00e4tzte Lesezeit\" \/>\n\t<meta name=\"twitter:data1\" content=\"1\u00a0Minute\" \/>\n<script type=\"application\/ld+json\" class=\"yoast-schema-graph\">{\"@context\":\"https:\\\/\\\/schema.org\",\"@graph\":[{\"@type\":\"WebPage\",\"@id\":\"https:\\\/\\\/andpro.net\\\/product\\\/reis-zascitna-ocala-oo-fargo-tbc\\\/\",\"url\":\"https:\\\/\\\/andpro.net\\\/product\\\/reis-zascitna-ocala-oo-fargo-tbc\\\/\",\"name\":\"REIS ZA\u0160\u010cITNA O\u010cALA OO-FARGO TBC - AndPro\",\"isPartOf\":{\"@id\":\"https:\\\/\\\/andpro.net\\\/de\\\/#website\"},\"primaryImageOfPage\":{\"@id\":\"https:\\\/\\\/andpro.net\\\/product\\\/reis-zascitna-ocala-oo-fargo-tbc\\\/#primaryimage\"},\"image\":{\"@id\":\"https:\\\/\\\/andpro.net\\\/product\\\/reis-zascitna-ocala-oo-fargo-tbc\\\/#primaryimage\"},\"thumbnailUrl\":\"https:\\\/\\\/andpro.net\\\/wp-content\\\/uploads\\\/2023\\\/12\\\/0058815888.jpg\",\"datePublished\":\"2023-12-18T11:05:22+00:00\",\"dateModified\":\"2025-07-20T11:53:09+00:00\",\"breadcrumb\":{\"@id\":\"https:\\\/\\\/andpro.net\\\/product\\\/reis-zascitna-ocala-oo-fargo-tbc\\\/#breadcrumb\"},\"inLanguage\":\"de\",\"potentialAction\":[{\"@type\":\"ReadAction\",\"target\":[\"https:\\\/\\\/andpro.net\\\/product\\\/reis-zascitna-ocala-oo-fargo-tbc\\\/\"]}]},{\"@type\":\"ImageObject\",\"inLanguage\":\"de\",\"@id\":\"https:\\\/\\\/andpro.net\\\/product\\\/reis-zascitna-ocala-oo-fargo-tbc\\\/#primaryimage\",\"url\":\"https:\\\/\\\/andpro.net\\\/wp-content\\\/uploads\\\/2023\\\/12\\\/0058815888.jpg\",\"contentUrl\":\"https:\\\/\\\/andpro.net\\\/wp-content\\\/uploads\\\/2023\\\/12\\\/0058815888.jpg\",\"width\":712,\"height\":1024,\"caption\":\"37041776\"},{\"@type\":\"BreadcrumbList\",\"@id\":\"https:\\\/\\\/andpro.net\\\/product\\\/reis-zascitna-ocala-oo-fargo-tbc\\\/#breadcrumb\",\"itemListElement\":[{\"@type\":\"ListItem\",\"position\":1,\"name\":\"Home\",\"item\":\"https:\\\/\\\/andpro.net\\\/\"},{\"@type\":\"ListItem\",\"position\":2,\"name\":\"Shop\",\"item\":\"https:\\\/\\\/andpro.net\\\/en\\\/shop\\\/\"},{\"@type\":\"ListItem\",\"position\":3,\"name\":\"REIS ZA\u0160\u010cITNA O\u010cALA OO-FARGO TBC\"}]},{\"@type\":\"WebSite\",\"@id\":\"https:\\\/\\\/andpro.net\\\/de\\\/#website\",\"url\":\"https:\\\/\\\/andpro.net\\\/de\\\/\",\"name\":\"AndPro\",\"description\":\"The best decision\",\"publisher\":{\"@id\":\"https:\\\/\\\/andpro.net\\\/de\\\/#organization\"},\"potentialAction\":[{\"@type\":\"SearchAction\",\"target\":{\"@type\":\"EntryPoint\",\"urlTemplate\":\"https:\\\/\\\/andpro.net\\\/de\\\/?s={search_term_string}\"},\"query-input\":{\"@type\":\"PropertyValueSpecification\",\"valueRequired\":true,\"valueName\":\"search_term_string\"}}],\"inLanguage\":\"de\"},{\"@type\":\"Organization\",\"@id\":\"https:\\\/\\\/andpro.net\\\/de\\\/#organization\",\"name\":\"AndPro\",\"url\":\"https:\\\/\\\/andpro.net\\\/de\\\/\",\"logo\":{\"@type\":\"ImageObject\",\"inLanguage\":\"de\",\"@id\":\"https:\\\/\\\/andpro.net\\\/de\\\/#\\\/schema\\\/logo\\\/image\\\/\",\"url\":\"https:\\\/\\\/andpro.net\\\/wp-content\\\/uploads\\\/2023\\\/11\\\/logo_fix.png\",\"contentUrl\":\"https:\\\/\\\/andpro.net\\\/wp-content\\\/uploads\\\/2023\\\/11\\\/logo_fix.png\",\"width\":1244,\"height\":637,\"caption\":\"AndPro\"},\"image\":{\"@id\":\"https:\\\/\\\/andpro.net\\\/de\\\/#\\\/schema\\\/logo\\\/image\\\/\"}}]}<\/script>\n<!-- \/ Yoast SEO Premium plugin. -->","yoast_head_json":{"title":"REIS ZA\u0160\u010cITNA O\u010cALA OO-FARGO TBC - AndPro","robots":{"index":"index","follow":"follow","max-snippet":"max-snippet:-1","max-image-preview":"max-image-preview:large","max-video-preview":"max-video-preview:-1"},"canonical":"https:\/\/andpro.net\/de\/product\/reis-zascitna-ocala-oo-fargo-tbc\/","og_locale":"de_DE","og_type":"article","og_title":"REIS ZA\u0160\u010cITNA O\u010cALA OO-FARGO TBC","og_description":"Za\u0161\u010ditna o\u010dala. &#8211; opti\u010dni razred 1 &#8211; 2C-1.2 ultravijoli\u010dni za\u0161\u010ditni filter &#8211; zagotavlja za\u0161\u010dito pred majhnimi brizgi trdnih teles z energijo udarca do 45 m\/s (FT) &#8211; le\u010de iz polikarbonata &#8211; roke iz \u010drne in rde\u010de gume &#8211; namenjeni za\u0161\u010diti o\u010di pred brizgi trdnih teles, ki nastanejo pri ro\u010dni in strojni obdelavi kovin, lesa, umetnih [&hellip;]","og_url":"https:\/\/andpro.net\/de\/product\/reis-zascitna-ocala-oo-fargo-tbc\/","og_site_name":"AndPro","article_modified_time":"2025-07-20T11:53:09+00:00","og_image":[{"width":712,"height":1024,"url":"https:\/\/andpro.net\/wp-content\/uploads\/2023\/12\/0058815888.jpg","type":"image\/jpeg"}],"twitter_card":"summary_large_image","twitter_misc":{"Gesch\u00e4tzte Lesezeit":"1\u00a0Minute"},"schema":{"@context":"https:\/\/schema.org","@graph":[{"@type":"WebPage","@id":"https:\/\/andpro.net\/product\/reis-zascitna-ocala-oo-fargo-tbc\/","url":"https:\/\/andpro.net\/product\/reis-zascitna-ocala-oo-fargo-tbc\/","name":"REIS ZA\u0160\u010cITNA O\u010cALA OO-FARGO TBC - AndPro","isPartOf":{"@id":"https:\/\/andpro.net\/de\/#website"},"primaryImageOfPage":{"@id":"https:\/\/andpro.net\/product\/reis-zascitna-ocala-oo-fargo-tbc\/#primaryimage"},"image":{"@id":"https:\/\/andpro.net\/product\/reis-zascitna-ocala-oo-fargo-tbc\/#primaryimage"},"thumbnailUrl":"https:\/\/andpro.net\/wp-content\/uploads\/2023\/12\/0058815888.jpg","datePublished":"2023-12-18T11:05:22+00:00","dateModified":"2025-07-20T11:53:09+00:00","breadcrumb":{"@id":"https:\/\/andpro.net\/product\/reis-zascitna-ocala-oo-fargo-tbc\/#breadcrumb"},"inLanguage":"de","potentialAction":[{"@type":"ReadAction","target":["https:\/\/andpro.net\/product\/reis-zascitna-ocala-oo-fargo-tbc\/"]}]},{"@type":"ImageObject","inLanguage":"de","@id":"https:\/\/andpro.net\/product\/reis-zascitna-ocala-oo-fargo-tbc\/#primaryimage","url":"https:\/\/andpro.net\/wp-content\/uploads\/2023\/12\/0058815888.jpg","contentUrl":"https:\/\/andpro.net\/wp-content\/uploads\/2023\/12\/0058815888.jpg","width":712,"height":1024,"caption":"37041776"},{"@type":"BreadcrumbList","@id":"https:\/\/andpro.net\/product\/reis-zascitna-ocala-oo-fargo-tbc\/#breadcrumb","itemListElement":[{"@type":"ListItem","position":1,"name":"Home","item":"https:\/\/andpro.net\/"},{"@type":"ListItem","position":2,"name":"Shop","item":"https:\/\/andpro.net\/en\/shop\/"},{"@type":"ListItem","position":3,"name":"REIS ZA\u0160\u010cITNA O\u010cALA OO-FARGO TBC"}]},{"@type":"WebSite","@id":"https:\/\/andpro.net\/de\/#website","url":"https:\/\/andpro.net\/de\/","name":"AndPro","description":"The best decision","publisher":{"@id":"https:\/\/andpro.net\/de\/#organization"},"potentialAction":[{"@type":"SearchAction","target":{"@type":"EntryPoint","urlTemplate":"https:\/\/andpro.net\/de\/?s={search_term_string}"},"query-input":{"@type":"PropertyValueSpecification","valueRequired":true,"valueName":"search_term_string"}}],"inLanguage":"de"},{"@type":"Organization","@id":"https:\/\/andpro.net\/de\/#organization","name":"AndPro","url":"https:\/\/andpro.net\/de\/","logo":{"@type":"ImageObject","inLanguage":"de","@id":"https:\/\/andpro.net\/de\/#\/schema\/logo\/image\/","url":"https:\/\/andpro.net\/wp-content\/uploads\/2023\/11\/logo_fix.png","contentUrl":"https:\/\/andpro.net\/wp-content\/uploads\/2023\/11\/logo_fix.png","width":1244,"height":637,"caption":"AndPro"},"image":{"@id":"https:\/\/andpro.net\/de\/#\/schema\/logo\/image\/"}}]}},"_links":{"self":[{"href":"https:\/\/andpro.net\/de\/wp-json\/wp\/v2\/product\/3813","targetHints":{"allow":["GET"]}}],"collection":[{"href":"https:\/\/andpro.net\/de\/wp-json\/wp\/v2\/product"}],"about":[{"href":"https:\/\/andpro.net\/de\/wp-json\/wp\/v2\/types\/product"}],"wp:featuredmedia":[{"embeddable":true,"href":"https:\/\/andpro.net\/de\/wp-json\/wp\/v2\/media\/1987"}],"wp:attachment":[{"href":"https:\/\/andpro.net\/de\/wp-json\/wp\/v2\/media?parent=3813"}],"wp:term":[{"taxonomy":"product_brand","embeddable":true,"href":"https:\/\/andpro.net\/de\/wp-json\/wp\/v2\/product_brand?post=3813"},{"taxonomy":"product_cat","embeddable":true,"href":"https:\/\/andpro.net\/de\/wp-json\/wp\/v2\/product_cat?post=3813"},{"taxonomy":"product_tag","embeddable":true,"href":"https:\/\/andpro.net\/de\/wp-json\/wp\/v2\/product_tag?post=3813"}],"curies":[{"name":"wp","href":"https:\/\/api.w.org\/{rel}","templated":true}]}}