{"id":4837,"date":"2023-12-25T12:23:01","date_gmt":"2023-12-25T11:23:01","guid":{"rendered":"https:\/\/andpro.net\/?post_type=product&#038;p=4837"},"modified":"2025-07-20T12:45:27","modified_gmt":"2025-07-20T11:45:27","slug":"reis-odsevna-polo-majica-polo-fluo","status":"publish","type":"product","link":"https:\/\/andpro.net\/de\/product\/reis-odsevna-polo-majica-polo-fluo\/","title":{"rendered":"REFLEKTIERENDES POLO-FLUO-POLOSHIRT VON REIS"},"content":{"rendered":"<p>Reflektierendes Poloshirt mit langen \u00c4rmeln.<\/p>\n<p>&nbsp;<\/p>\n<p>Strick: 100 % Polyester<\/p>\n<p>Gewicht 150 g\/m\u00b2<\/p>\n<p>Aus schnell trocknendem und funktionellem Material, d.h. Luftnetze<\/p>\n<p>Drei-Knopf-Verschluss<\/p>\n<p>abgerundet mit Kragen am Hals<\/p>\n<p>\u00c4rmel mit Manschetten abgeschlossen<\/p>\n<p>Reflektierende Streifen sorgen f\u00fcr bessere Sichtbarkeit<\/p>\n<p>Erf\u00fcllt die Anforderungen der Normen EN ISO 20471 (Klasse 3) und EN13688<\/p>","protected":false},"excerpt":{"rendered":"<p>Odsevna delavska polo majica z dolgimi rokavi. &nbsp; Pletenina: 100% poliester Gramatura 150 g\/m\u00b2 Izdelana iz hitro su\u0161e\u010dega in funkcionalnega materiala, tj. zra\u010dne mre\u017eice zapenjanje s tremi gumbi zaokro\u017een z ovratnikom na vratu Rokavi zaklju\u010deni z man\u0161etami Za bolj\u0161o vidljivost poskrbijo odsevni trakovi Ustreza zahtevam standardov EN ISO 20471 (razred 3) in EN13688<\/p>","protected":false},"featured_media":4844,"template":"","meta":[],"product_brand":[],"product_cat":[21,42,117],"product_tag":[],"class_list":{"0":"post-4837","1":"product","2":"type-product","3":"status-publish","4":"has-post-thumbnail","6":"product_cat-oblacila","7":"product_cat-flisijope-in-puloverji","8":"product_cat-zascita-telesa","10":"first","11":"onbackorder","12":"taxable","13":"shipping-taxable","14":"purchasable","15":"product-type-variable"},"bundled_by":[],"bundle_stock_status":"onbackorder","bundle_stock_quantity":null,"bundle_virtual":false,"bundle_layout":"","bundle_add_to_cart_form_location":"","bundle_editable_in_cart":false,"bundle_sold_individually_context":"","bundle_item_grouping":"","bundle_min_size":"","bundle_max_size":"","bundle_price":[],"bundled_items":[],"bundle_sell_ids":[],"group_of_quantity":0,"min_quantity":0,"max_quantity":"","exclude_order_quantity_value_rules":"no","exclude_category_quantity_rules":"no","combine_variations":"no","yoast_head":"<!-- This site is optimized with the Yoast SEO Premium plugin v23.9 (Yoast SEO v27.3) - https:\/\/yoast.com\/product\/yoast-seo-premium-wordpress\/ -->\n<title>REIS ODSEVNA POLO MAJICA POLO-FLUO - AndPro<\/title>\n<meta name=\"robots\" content=\"index, follow, max-snippet:-1, max-image-preview:large, max-video-preview:-1\" \/>\n<link rel=\"canonical\" href=\"https:\/\/andpro.net\/de\/product\/reis-odsevna-polo-majica-polo-fluo\/\" \/>\n<meta property=\"og:locale\" content=\"de_DE\" \/>\n<meta property=\"og:type\" content=\"article\" \/>\n<meta property=\"og:title\" content=\"REIS ODSEVNA POLO MAJICA POLO-FLUO\" \/>\n<meta property=\"og:description\" content=\"Odsevna delavska polo majica z dolgimi rokavi. &nbsp; Pletenina: 100% poliester Gramatura 150 g\/m\u00b2 Izdelana iz hitro su\u0161e\u010dega in funkcionalnega materiala, tj. zra\u010dne mre\u017eice zapenjanje s tremi gumbi zaokro\u017een z ovratnikom na vratu Rokavi zaklju\u010deni z man\u0161etami Za bolj\u0161o vidljivost poskrbijo odsevni trakovi Ustreza zahtevam standardov EN ISO 20471 (razred 3) in EN13688\" \/>\n<meta property=\"og:url\" content=\"https:\/\/andpro.net\/de\/product\/reis-odsevna-polo-majica-polo-fluo\/\" \/>\n<meta property=\"og:site_name\" content=\"AndPro\" \/>\n<meta property=\"article:modified_time\" content=\"2025-07-20T11:45:27+00:00\" \/>\n<meta property=\"og:image\" content=\"https:\/\/andpro.net\/wp-content\/uploads\/2023\/12\/0053757936.jpg\" \/>\n\t<meta property=\"og:image:width\" content=\"524\" \/>\n\t<meta property=\"og:image:height\" content=\"1024\" \/>\n\t<meta property=\"og:image:type\" content=\"image\/jpeg\" \/>\n<meta name=\"twitter:card\" content=\"summary_large_image\" \/>\n<meta name=\"twitter:label1\" content=\"Gesch\u00e4tzte Lesezeit\" \/>\n\t<meta name=\"twitter:data1\" content=\"1\u00a0Minute\" \/>\n<script type=\"application\/ld+json\" class=\"yoast-schema-graph\">{\"@context\":\"https:\\\/\\\/schema.org\",\"@graph\":[{\"@type\":\"WebPage\",\"@id\":\"https:\\\/\\\/andpro.net\\\/product\\\/reis-odsevna-polo-majica-polo-fluo\\\/\",\"url\":\"https:\\\/\\\/andpro.net\\\/product\\\/reis-odsevna-polo-majica-polo-fluo\\\/\",\"name\":\"REIS ODSEVNA POLO MAJICA POLO-FLUO - AndPro\",\"isPartOf\":{\"@id\":\"https:\\\/\\\/andpro.net\\\/de\\\/#website\"},\"primaryImageOfPage\":{\"@id\":\"https:\\\/\\\/andpro.net\\\/product\\\/reis-odsevna-polo-majica-polo-fluo\\\/#primaryimage\"},\"image\":{\"@id\":\"https:\\\/\\\/andpro.net\\\/product\\\/reis-odsevna-polo-majica-polo-fluo\\\/#primaryimage\"},\"thumbnailUrl\":\"https:\\\/\\\/andpro.net\\\/wp-content\\\/uploads\\\/2023\\\/12\\\/0053757936.jpg\",\"datePublished\":\"2023-12-25T11:23:01+00:00\",\"dateModified\":\"2025-07-20T11:45:27+00:00\",\"breadcrumb\":{\"@id\":\"https:\\\/\\\/andpro.net\\\/product\\\/reis-odsevna-polo-majica-polo-fluo\\\/#breadcrumb\"},\"inLanguage\":\"de\",\"potentialAction\":[{\"@type\":\"ReadAction\",\"target\":[\"https:\\\/\\\/andpro.net\\\/product\\\/reis-odsevna-polo-majica-polo-fluo\\\/\"]}]},{\"@type\":\"ImageObject\",\"inLanguage\":\"de\",\"@id\":\"https:\\\/\\\/andpro.net\\\/product\\\/reis-odsevna-polo-majica-polo-fluo\\\/#primaryimage\",\"url\":\"https:\\\/\\\/andpro.net\\\/wp-content\\\/uploads\\\/2023\\\/12\\\/0053757936.jpg\",\"contentUrl\":\"https:\\\/\\\/andpro.net\\\/wp-content\\\/uploads\\\/2023\\\/12\\\/0053757936.jpg\",\"width\":524,\"height\":1024},{\"@type\":\"BreadcrumbList\",\"@id\":\"https:\\\/\\\/andpro.net\\\/product\\\/reis-odsevna-polo-majica-polo-fluo\\\/#breadcrumb\",\"itemListElement\":[{\"@type\":\"ListItem\",\"position\":1,\"name\":\"Home\",\"item\":\"https:\\\/\\\/andpro.net\\\/\"},{\"@type\":\"ListItem\",\"position\":2,\"name\":\"Shop\",\"item\":\"https:\\\/\\\/andpro.net\\\/en\\\/shop\\\/\"},{\"@type\":\"ListItem\",\"position\":3,\"name\":\"REIS ODSEVNA POLO MAJICA POLO-FLUO\"}]},{\"@type\":\"WebSite\",\"@id\":\"https:\\\/\\\/andpro.net\\\/de\\\/#website\",\"url\":\"https:\\\/\\\/andpro.net\\\/de\\\/\",\"name\":\"AndPro\",\"description\":\"The best decision\",\"publisher\":{\"@id\":\"https:\\\/\\\/andpro.net\\\/de\\\/#organization\"},\"potentialAction\":[{\"@type\":\"SearchAction\",\"target\":{\"@type\":\"EntryPoint\",\"urlTemplate\":\"https:\\\/\\\/andpro.net\\\/de\\\/?s={search_term_string}\"},\"query-input\":{\"@type\":\"PropertyValueSpecification\",\"valueRequired\":true,\"valueName\":\"search_term_string\"}}],\"inLanguage\":\"de\"},{\"@type\":\"Organization\",\"@id\":\"https:\\\/\\\/andpro.net\\\/de\\\/#organization\",\"name\":\"AndPro\",\"url\":\"https:\\\/\\\/andpro.net\\\/de\\\/\",\"logo\":{\"@type\":\"ImageObject\",\"inLanguage\":\"de\",\"@id\":\"https:\\\/\\\/andpro.net\\\/de\\\/#\\\/schema\\\/logo\\\/image\\\/\",\"url\":\"https:\\\/\\\/andpro.net\\\/wp-content\\\/uploads\\\/2023\\\/11\\\/logo_fix.png\",\"contentUrl\":\"https:\\\/\\\/andpro.net\\\/wp-content\\\/uploads\\\/2023\\\/11\\\/logo_fix.png\",\"width\":1244,\"height\":637,\"caption\":\"AndPro\"},\"image\":{\"@id\":\"https:\\\/\\\/andpro.net\\\/de\\\/#\\\/schema\\\/logo\\\/image\\\/\"}}]}<\/script>\n<!-- \/ Yoast SEO Premium plugin. -->","yoast_head_json":{"title":"REIS ODSEVNA POLO MAJICA POLO-FLUO - AndPro","robots":{"index":"index","follow":"follow","max-snippet":"max-snippet:-1","max-image-preview":"max-image-preview:large","max-video-preview":"max-video-preview:-1"},"canonical":"https:\/\/andpro.net\/de\/product\/reis-odsevna-polo-majica-polo-fluo\/","og_locale":"de_DE","og_type":"article","og_title":"REIS ODSEVNA POLO MAJICA POLO-FLUO","og_description":"Odsevna delavska polo majica z dolgimi rokavi. &nbsp; Pletenina: 100% poliester Gramatura 150 g\/m\u00b2 Izdelana iz hitro su\u0161e\u010dega in funkcionalnega materiala, tj. zra\u010dne mre\u017eice zapenjanje s tremi gumbi zaokro\u017een z ovratnikom na vratu Rokavi zaklju\u010deni z man\u0161etami Za bolj\u0161o vidljivost poskrbijo odsevni trakovi Ustreza zahtevam standardov EN ISO 20471 (razred 3) in EN13688","og_url":"https:\/\/andpro.net\/de\/product\/reis-odsevna-polo-majica-polo-fluo\/","og_site_name":"AndPro","article_modified_time":"2025-07-20T11:45:27+00:00","og_image":[{"width":524,"height":1024,"url":"https:\/\/andpro.net\/wp-content\/uploads\/2023\/12\/0053757936.jpg","type":"image\/jpeg"}],"twitter_card":"summary_large_image","twitter_misc":{"Gesch\u00e4tzte Lesezeit":"1\u00a0Minute"},"schema":{"@context":"https:\/\/schema.org","@graph":[{"@type":"WebPage","@id":"https:\/\/andpro.net\/product\/reis-odsevna-polo-majica-polo-fluo\/","url":"https:\/\/andpro.net\/product\/reis-odsevna-polo-majica-polo-fluo\/","name":"REIS ODSEVNA POLO MAJICA POLO-FLUO - AndPro","isPartOf":{"@id":"https:\/\/andpro.net\/de\/#website"},"primaryImageOfPage":{"@id":"https:\/\/andpro.net\/product\/reis-odsevna-polo-majica-polo-fluo\/#primaryimage"},"image":{"@id":"https:\/\/andpro.net\/product\/reis-odsevna-polo-majica-polo-fluo\/#primaryimage"},"thumbnailUrl":"https:\/\/andpro.net\/wp-content\/uploads\/2023\/12\/0053757936.jpg","datePublished":"2023-12-25T11:23:01+00:00","dateModified":"2025-07-20T11:45:27+00:00","breadcrumb":{"@id":"https:\/\/andpro.net\/product\/reis-odsevna-polo-majica-polo-fluo\/#breadcrumb"},"inLanguage":"de","potentialAction":[{"@type":"ReadAction","target":["https:\/\/andpro.net\/product\/reis-odsevna-polo-majica-polo-fluo\/"]}]},{"@type":"ImageObject","inLanguage":"de","@id":"https:\/\/andpro.net\/product\/reis-odsevna-polo-majica-polo-fluo\/#primaryimage","url":"https:\/\/andpro.net\/wp-content\/uploads\/2023\/12\/0053757936.jpg","contentUrl":"https:\/\/andpro.net\/wp-content\/uploads\/2023\/12\/0053757936.jpg","width":524,"height":1024},{"@type":"BreadcrumbList","@id":"https:\/\/andpro.net\/product\/reis-odsevna-polo-majica-polo-fluo\/#breadcrumb","itemListElement":[{"@type":"ListItem","position":1,"name":"Home","item":"https:\/\/andpro.net\/"},{"@type":"ListItem","position":2,"name":"Shop","item":"https:\/\/andpro.net\/en\/shop\/"},{"@type":"ListItem","position":3,"name":"REIS ODSEVNA POLO MAJICA POLO-FLUO"}]},{"@type":"WebSite","@id":"https:\/\/andpro.net\/de\/#website","url":"https:\/\/andpro.net\/de\/","name":"AndPro","description":"The best decision","publisher":{"@id":"https:\/\/andpro.net\/de\/#organization"},"potentialAction":[{"@type":"SearchAction","target":{"@type":"EntryPoint","urlTemplate":"https:\/\/andpro.net\/de\/?s={search_term_string}"},"query-input":{"@type":"PropertyValueSpecification","valueRequired":true,"valueName":"search_term_string"}}],"inLanguage":"de"},{"@type":"Organization","@id":"https:\/\/andpro.net\/de\/#organization","name":"AndPro","url":"https:\/\/andpro.net\/de\/","logo":{"@type":"ImageObject","inLanguage":"de","@id":"https:\/\/andpro.net\/de\/#\/schema\/logo\/image\/","url":"https:\/\/andpro.net\/wp-content\/uploads\/2023\/11\/logo_fix.png","contentUrl":"https:\/\/andpro.net\/wp-content\/uploads\/2023\/11\/logo_fix.png","width":1244,"height":637,"caption":"AndPro"},"image":{"@id":"https:\/\/andpro.net\/de\/#\/schema\/logo\/image\/"}}]}},"_links":{"self":[{"href":"https:\/\/andpro.net\/de\/wp-json\/wp\/v2\/product\/4837","targetHints":{"allow":["GET"]}}],"collection":[{"href":"https:\/\/andpro.net\/de\/wp-json\/wp\/v2\/product"}],"about":[{"href":"https:\/\/andpro.net\/de\/wp-json\/wp\/v2\/types\/product"}],"wp:featuredmedia":[{"embeddable":true,"href":"https:\/\/andpro.net\/de\/wp-json\/wp\/v2\/media\/4844"}],"wp:attachment":[{"href":"https:\/\/andpro.net\/de\/wp-json\/wp\/v2\/media?parent=4837"}],"wp:term":[{"taxonomy":"product_brand","embeddable":true,"href":"https:\/\/andpro.net\/de\/wp-json\/wp\/v2\/product_brand?post=4837"},{"taxonomy":"product_cat","embeddable":true,"href":"https:\/\/andpro.net\/de\/wp-json\/wp\/v2\/product_cat?post=4837"},{"taxonomy":"product_tag","embeddable":true,"href":"https:\/\/andpro.net\/de\/wp-json\/wp\/v2\/product_tag?post=4837"}],"curies":[{"name":"wp","href":"https:\/\/api.w.org\/{rel}","templated":true}]}}