{"id":5062,"date":"2023-12-25T13:53:59","date_gmt":"2023-12-25T12:53:59","guid":{"rendered":"https:\/\/andpro.net\/?post_type=product&#038;p=5062"},"modified":"2025-07-20T12:42:07","modified_gmt":"2025-07-20T11:42:07","slug":"l-hollman-zascitne-hlace-harverair-t","status":"publish","type":"product","link":"https:\/\/andpro.net\/de\/product\/l-hollman-zascitne-hlace-harverair-t\/","title":{"rendered":"L.HOLLMAN SCHUTZHOSE HARVERAIR-T - STRETCH"},"content":{"rendered":"<p>HARVERAIR sch\u00fctzendes stretch Hose.<\/p>\n<p>&nbsp;<\/p>\n<p>Stoff: 97 % Baumwolle, 3 % Elasthan<\/p>\n<p>Grammatur 240 g\/m\u00b2<\/p>\n<p>\u2013 Knopf- und Rei\u00dfverschluss<\/p>\n<p>zwei Seitentaschen<\/p>\n<p>zwei Taschen auf der R\u00fcckseite, eine davon mit Klettverschluss<\/p>\n<p>\u2013 Taschen an den Beinen, auch f\u00fcr ein Mobiltelefon<\/p>\n<p>Knietaschen f\u00fcr Kniesch\u00fctzer mit Klettverschluss<\/p>\n<p>reflektierende Elemente<\/p>\n<p>\u201eS\u201c-Form \u2013 profilierte Beine sorgen f\u00fcr eine bessere Anpassung an die Figur des Benutzers<\/p>\n<p>Auf Schadstoffgehalt gepr\u00fcft nach OEKO-TEX\u00ae Standard 100<\/p>\n<p>&nbsp;<\/p>","protected":false},"excerpt":{"rendered":"<p>HARVERAIR za\u0161\u010ditne delavske stretch hla\u010de. &nbsp; Tkanina: 97% bomba\u017e, 3% elastan Gramatura 240 g\/m\u00b2 Zapenjanje z gumbom in zadrgo dva \u017eepa ob straneh dva \u017eepa na hrbtni strani, od katerih ima eden velcro zaponko \u017depi na nogah, tudi za mobilni telefon \u017depi na kolenih za \u0161\u010ditnike za kolena, pritrjeni z Velcro odsevni elementi \u201cS\u201d oblika [&hellip;]<\/p>","protected":false},"featured_media":5072,"template":"","meta":[],"product_brand":[],"product_cat":[21,41],"product_tag":[],"class_list":{"0":"post-5062","1":"product","2":"type-product","3":"status-publish","4":"has-post-thumbnail","6":"product_cat-oblacila","7":"product_cat-hlace","9":"first","10":"onbackorder","11":"taxable","12":"shipping-taxable","13":"purchasable","14":"product-type-variable"},"bundled_by":[],"bundle_stock_status":"onbackorder","bundle_stock_quantity":null,"bundle_virtual":false,"bundle_layout":"","bundle_add_to_cart_form_location":"","bundle_editable_in_cart":false,"bundle_sold_individually_context":"","bundle_item_grouping":"","bundle_min_size":"","bundle_max_size":"","bundle_price":[],"bundled_items":[],"bundle_sell_ids":[],"group_of_quantity":0,"min_quantity":0,"max_quantity":"","exclude_order_quantity_value_rules":"no","exclude_category_quantity_rules":"no","combine_variations":"no","yoast_head":"<!-- This site is optimized with the Yoast SEO Premium plugin v23.9 (Yoast SEO v27.3) - https:\/\/yoast.com\/product\/yoast-seo-premium-wordpress\/ -->\n<title>L.HOLLMAN ZA\u0160\u010cITNE HLA\u010cE HARVERAIR-T - STRETCH - AndPro<\/title>\n<meta name=\"robots\" content=\"index, follow, max-snippet:-1, max-image-preview:large, max-video-preview:-1\" \/>\n<link rel=\"canonical\" href=\"https:\/\/andpro.net\/de\/product\/l-hollman-zascitne-hlace-harverair-t\/\" \/>\n<meta property=\"og:locale\" content=\"de_DE\" \/>\n<meta property=\"og:type\" content=\"article\" \/>\n<meta property=\"og:title\" content=\"L.HOLLMAN ZA\u0160\u010cITNE HLA\u010cE HARVERAIR-T - STRETCH\" \/>\n<meta property=\"og:description\" content=\"HARVERAIR za\u0161\u010ditne delavske stretch hla\u010de. &nbsp; Tkanina: 97% bomba\u017e, 3% elastan Gramatura 240 g\/m\u00b2 Zapenjanje z gumbom in zadrgo dva \u017eepa ob straneh dva \u017eepa na hrbtni strani, od katerih ima eden velcro zaponko \u017depi na nogah, tudi za mobilni telefon \u017depi na kolenih za \u0161\u010ditnike za kolena, pritrjeni z Velcro odsevni elementi \u201cS\u201d oblika [&hellip;]\" \/>\n<meta property=\"og:url\" content=\"https:\/\/andpro.net\/de\/product\/l-hollman-zascitne-hlace-harverair-t\/\" \/>\n<meta property=\"og:site_name\" content=\"AndPro\" \/>\n<meta property=\"article:modified_time\" content=\"2025-07-20T11:42:07+00:00\" \/>\n<meta property=\"og:image\" content=\"https:\/\/andpro.net\/wp-content\/uploads\/2023\/12\/0046463744.jpg\" \/>\n\t<meta property=\"og:image:width\" content=\"635\" \/>\n\t<meta property=\"og:image:height\" content=\"1024\" \/>\n\t<meta property=\"og:image:type\" content=\"image\/jpeg\" \/>\n<meta name=\"twitter:card\" content=\"summary_large_image\" \/>\n<meta name=\"twitter:label1\" content=\"Gesch\u00e4tzte Lesezeit\" \/>\n\t<meta name=\"twitter:data1\" content=\"1\u00a0Minute\" \/>\n<script type=\"application\/ld+json\" class=\"yoast-schema-graph\">{\"@context\":\"https:\\\/\\\/schema.org\",\"@graph\":[{\"@type\":\"WebPage\",\"@id\":\"https:\\\/\\\/andpro.net\\\/product\\\/l-hollman-zascitne-hlace-harverair-t\\\/\",\"url\":\"https:\\\/\\\/andpro.net\\\/product\\\/l-hollman-zascitne-hlace-harverair-t\\\/\",\"name\":\"L.HOLLMAN ZA\u0160\u010cITNE HLA\u010cE HARVERAIR-T - STRETCH - AndPro\",\"isPartOf\":{\"@id\":\"https:\\\/\\\/andpro.net\\\/de\\\/#website\"},\"primaryImageOfPage\":{\"@id\":\"https:\\\/\\\/andpro.net\\\/product\\\/l-hollman-zascitne-hlace-harverair-t\\\/#primaryimage\"},\"image\":{\"@id\":\"https:\\\/\\\/andpro.net\\\/product\\\/l-hollman-zascitne-hlace-harverair-t\\\/#primaryimage\"},\"thumbnailUrl\":\"https:\\\/\\\/andpro.net\\\/wp-content\\\/uploads\\\/2023\\\/12\\\/0046463744.jpg\",\"datePublished\":\"2023-12-25T12:53:59+00:00\",\"dateModified\":\"2025-07-20T11:42:07+00:00\",\"breadcrumb\":{\"@id\":\"https:\\\/\\\/andpro.net\\\/product\\\/l-hollman-zascitne-hlace-harverair-t\\\/#breadcrumb\"},\"inLanguage\":\"de\",\"potentialAction\":[{\"@type\":\"ReadAction\",\"target\":[\"https:\\\/\\\/andpro.net\\\/product\\\/l-hollman-zascitne-hlace-harverair-t\\\/\"]}]},{\"@type\":\"ImageObject\",\"inLanguage\":\"de\",\"@id\":\"https:\\\/\\\/andpro.net\\\/product\\\/l-hollman-zascitne-hlace-harverair-t\\\/#primaryimage\",\"url\":\"https:\\\/\\\/andpro.net\\\/wp-content\\\/uploads\\\/2023\\\/12\\\/0046463744.jpg\",\"contentUrl\":\"https:\\\/\\\/andpro.net\\\/wp-content\\\/uploads\\\/2023\\\/12\\\/0046463744.jpg\",\"width\":635,\"height\":1024},{\"@type\":\"BreadcrumbList\",\"@id\":\"https:\\\/\\\/andpro.net\\\/product\\\/l-hollman-zascitne-hlace-harverair-t\\\/#breadcrumb\",\"itemListElement\":[{\"@type\":\"ListItem\",\"position\":1,\"name\":\"Home\",\"item\":\"https:\\\/\\\/andpro.net\\\/\"},{\"@type\":\"ListItem\",\"position\":2,\"name\":\"Shop\",\"item\":\"https:\\\/\\\/andpro.net\\\/en\\\/shop\\\/\"},{\"@type\":\"ListItem\",\"position\":3,\"name\":\"L.HOLLMAN ZA\u0160\u010cITNE HLA\u010cE HARVERAIR-T &#8211; STRETCH\"}]},{\"@type\":\"WebSite\",\"@id\":\"https:\\\/\\\/andpro.net\\\/de\\\/#website\",\"url\":\"https:\\\/\\\/andpro.net\\\/de\\\/\",\"name\":\"AndPro\",\"description\":\"The best decision\",\"publisher\":{\"@id\":\"https:\\\/\\\/andpro.net\\\/de\\\/#organization\"},\"potentialAction\":[{\"@type\":\"SearchAction\",\"target\":{\"@type\":\"EntryPoint\",\"urlTemplate\":\"https:\\\/\\\/andpro.net\\\/de\\\/?s={search_term_string}\"},\"query-input\":{\"@type\":\"PropertyValueSpecification\",\"valueRequired\":true,\"valueName\":\"search_term_string\"}}],\"inLanguage\":\"de\"},{\"@type\":\"Organization\",\"@id\":\"https:\\\/\\\/andpro.net\\\/de\\\/#organization\",\"name\":\"AndPro\",\"url\":\"https:\\\/\\\/andpro.net\\\/de\\\/\",\"logo\":{\"@type\":\"ImageObject\",\"inLanguage\":\"de\",\"@id\":\"https:\\\/\\\/andpro.net\\\/de\\\/#\\\/schema\\\/logo\\\/image\\\/\",\"url\":\"https:\\\/\\\/andpro.net\\\/wp-content\\\/uploads\\\/2023\\\/11\\\/logo_fix.png\",\"contentUrl\":\"https:\\\/\\\/andpro.net\\\/wp-content\\\/uploads\\\/2023\\\/11\\\/logo_fix.png\",\"width\":1244,\"height\":637,\"caption\":\"AndPro\"},\"image\":{\"@id\":\"https:\\\/\\\/andpro.net\\\/de\\\/#\\\/schema\\\/logo\\\/image\\\/\"}}]}<\/script>\n<!-- \/ Yoast SEO Premium plugin. -->","yoast_head_json":{"title":"L.HOLLMAN ZA\u0160\u010cITNE HLA\u010cE HARVERAIR-T - STRETCH - AndPro","robots":{"index":"index","follow":"follow","max-snippet":"max-snippet:-1","max-image-preview":"max-image-preview:large","max-video-preview":"max-video-preview:-1"},"canonical":"https:\/\/andpro.net\/de\/product\/l-hollman-zascitne-hlace-harverair-t\/","og_locale":"de_DE","og_type":"article","og_title":"L.HOLLMAN ZA\u0160\u010cITNE HLA\u010cE HARVERAIR-T - STRETCH","og_description":"HARVERAIR za\u0161\u010ditne delavske stretch hla\u010de. &nbsp; Tkanina: 97% bomba\u017e, 3% elastan Gramatura 240 g\/m\u00b2 Zapenjanje z gumbom in zadrgo dva \u017eepa ob straneh dva \u017eepa na hrbtni strani, od katerih ima eden velcro zaponko \u017depi na nogah, tudi za mobilni telefon \u017depi na kolenih za \u0161\u010ditnike za kolena, pritrjeni z Velcro odsevni elementi \u201cS\u201d oblika [&hellip;]","og_url":"https:\/\/andpro.net\/de\/product\/l-hollman-zascitne-hlace-harverair-t\/","og_site_name":"AndPro","article_modified_time":"2025-07-20T11:42:07+00:00","og_image":[{"width":635,"height":1024,"url":"https:\/\/andpro.net\/wp-content\/uploads\/2023\/12\/0046463744.jpg","type":"image\/jpeg"}],"twitter_card":"summary_large_image","twitter_misc":{"Gesch\u00e4tzte Lesezeit":"1\u00a0Minute"},"schema":{"@context":"https:\/\/schema.org","@graph":[{"@type":"WebPage","@id":"https:\/\/andpro.net\/product\/l-hollman-zascitne-hlace-harverair-t\/","url":"https:\/\/andpro.net\/product\/l-hollman-zascitne-hlace-harverair-t\/","name":"L.HOLLMAN ZA\u0160\u010cITNE HLA\u010cE HARVERAIR-T - STRETCH - AndPro","isPartOf":{"@id":"https:\/\/andpro.net\/de\/#website"},"primaryImageOfPage":{"@id":"https:\/\/andpro.net\/product\/l-hollman-zascitne-hlace-harverair-t\/#primaryimage"},"image":{"@id":"https:\/\/andpro.net\/product\/l-hollman-zascitne-hlace-harverair-t\/#primaryimage"},"thumbnailUrl":"https:\/\/andpro.net\/wp-content\/uploads\/2023\/12\/0046463744.jpg","datePublished":"2023-12-25T12:53:59+00:00","dateModified":"2025-07-20T11:42:07+00:00","breadcrumb":{"@id":"https:\/\/andpro.net\/product\/l-hollman-zascitne-hlace-harverair-t\/#breadcrumb"},"inLanguage":"de","potentialAction":[{"@type":"ReadAction","target":["https:\/\/andpro.net\/product\/l-hollman-zascitne-hlace-harverair-t\/"]}]},{"@type":"ImageObject","inLanguage":"de","@id":"https:\/\/andpro.net\/product\/l-hollman-zascitne-hlace-harverair-t\/#primaryimage","url":"https:\/\/andpro.net\/wp-content\/uploads\/2023\/12\/0046463744.jpg","contentUrl":"https:\/\/andpro.net\/wp-content\/uploads\/2023\/12\/0046463744.jpg","width":635,"height":1024},{"@type":"BreadcrumbList","@id":"https:\/\/andpro.net\/product\/l-hollman-zascitne-hlace-harverair-t\/#breadcrumb","itemListElement":[{"@type":"ListItem","position":1,"name":"Home","item":"https:\/\/andpro.net\/"},{"@type":"ListItem","position":2,"name":"Shop","item":"https:\/\/andpro.net\/en\/shop\/"},{"@type":"ListItem","position":3,"name":"L.HOLLMAN ZA\u0160\u010cITNE HLA\u010cE HARVERAIR-T &#8211; STRETCH"}]},{"@type":"WebSite","@id":"https:\/\/andpro.net\/de\/#website","url":"https:\/\/andpro.net\/de\/","name":"AndPro","description":"The best decision","publisher":{"@id":"https:\/\/andpro.net\/de\/#organization"},"potentialAction":[{"@type":"SearchAction","target":{"@type":"EntryPoint","urlTemplate":"https:\/\/andpro.net\/de\/?s={search_term_string}"},"query-input":{"@type":"PropertyValueSpecification","valueRequired":true,"valueName":"search_term_string"}}],"inLanguage":"de"},{"@type":"Organization","@id":"https:\/\/andpro.net\/de\/#organization","name":"AndPro","url":"https:\/\/andpro.net\/de\/","logo":{"@type":"ImageObject","inLanguage":"de","@id":"https:\/\/andpro.net\/de\/#\/schema\/logo\/image\/","url":"https:\/\/andpro.net\/wp-content\/uploads\/2023\/11\/logo_fix.png","contentUrl":"https:\/\/andpro.net\/wp-content\/uploads\/2023\/11\/logo_fix.png","width":1244,"height":637,"caption":"AndPro"},"image":{"@id":"https:\/\/andpro.net\/de\/#\/schema\/logo\/image\/"}}]}},"_links":{"self":[{"href":"https:\/\/andpro.net\/de\/wp-json\/wp\/v2\/product\/5062","targetHints":{"allow":["GET"]}}],"collection":[{"href":"https:\/\/andpro.net\/de\/wp-json\/wp\/v2\/product"}],"about":[{"href":"https:\/\/andpro.net\/de\/wp-json\/wp\/v2\/types\/product"}],"wp:featuredmedia":[{"embeddable":true,"href":"https:\/\/andpro.net\/de\/wp-json\/wp\/v2\/media\/5072"}],"wp:attachment":[{"href":"https:\/\/andpro.net\/de\/wp-json\/wp\/v2\/media?parent=5062"}],"wp:term":[{"taxonomy":"product_brand","embeddable":true,"href":"https:\/\/andpro.net\/de\/wp-json\/wp\/v2\/product_brand?post=5062"},{"taxonomy":"product_cat","embeddable":true,"href":"https:\/\/andpro.net\/de\/wp-json\/wp\/v2\/product_cat?post=5062"},{"taxonomy":"product_tag","embeddable":true,"href":"https:\/\/andpro.net\/de\/wp-json\/wp\/v2\/product_tag?post=5062"}],"curies":[{"name":"wp","href":"https:\/\/api.w.org\/{rel}","templated":true}]}}