{"id":5169,"date":"2023-12-26T14:06:41","date_gmt":"2023-12-26T13:06:41","guid":{"rendered":"https:\/\/andpro.net\/?post_type=product&#038;p=5169"},"modified":"2025-07-20T12:37:31","modified_gmt":"2025-07-20T11:37:31","slug":"reis-zascitna-jopa-iz-flisa-polar-honey","status":"publish","type":"product","link":"https:\/\/andpro.net\/de\/product\/reis-zascitna-jopa-iz-flisa-polar-honey\/","title":{"rendered":"REFIS FLEECE POLAR-HONEY"},"content":{"rendered":"<p>POLAR-HONEY-Fleece mit hochwertigem Kurzschnitt-Fleece.<\/p>\n<p>&nbsp;<\/p>\n<p>Strick: 100 % Polyester<\/p>\n<p>\u2013 Grammatur 280 g\/m2<\/p>\n<p>Rei\u00dfverschluss<\/p>\n<p>drei Au\u00dfentaschen mit Rei\u00dfverschluss: zwei an den Seiten und eine oben<\/p>\n<p>Die \u00c4rmel und die Unterseite der Strickjacke haben einen elastischen Rand, der nicht nur sanft strafft, sondern auch schm\u00fcckt<\/p>\n<p>Das Fleece hat eine sehr angenehme Haptik und ist daher sehr angenehm zu tragen<\/p>","protected":false},"excerpt":{"rendered":"<p>Flis POLAR-HONEY s kakovostnim kratko stri\u017eenim flisom. &nbsp; Pletenina: 100% poliester Gramatura 280 g\/m\u00b2 zapenjanje z zadrgo trije zunanji \u017eepi na zadrgo: dva na straneh in en na vrhu Rokavi in \u200b\u200bspodnji del jopice imajo elasti\u010dno obrobo, ki ne le ne\u017eno zategne, ampak tudi okrasi Flis je zelo prijeten na otip, zato je zelo udoben [&hellip;]<\/p>","protected":false},"featured_media":5170,"template":"","meta":[],"product_brand":[],"product_cat":[21,42],"product_tag":[],"class_list":{"0":"post-5169","1":"product","2":"type-product","3":"status-publish","4":"has-post-thumbnail","6":"product_cat-oblacila","7":"product_cat-flisijope-in-puloverji","9":"first","10":"onbackorder","11":"taxable","12":"shipping-taxable","13":"purchasable","14":"product-type-variable"},"bundled_by":[],"bundle_stock_status":"onbackorder","bundle_stock_quantity":null,"bundle_virtual":false,"bundle_layout":"","bundle_add_to_cart_form_location":"","bundle_editable_in_cart":false,"bundle_sold_individually_context":"","bundle_item_grouping":"","bundle_min_size":"","bundle_max_size":"","bundle_price":[],"bundled_items":[],"bundle_sell_ids":[],"group_of_quantity":0,"min_quantity":0,"max_quantity":"","exclude_order_quantity_value_rules":"no","exclude_category_quantity_rules":"no","combine_variations":"no","yoast_head":"<!-- This site is optimized with the Yoast SEO Premium plugin v23.9 (Yoast SEO v27.3) - https:\/\/yoast.com\/product\/yoast-seo-premium-wordpress\/ -->\n<title>REIS ZA\u0160\u010cITNA JOPA IZ FLISA POLAR-HONEY - AndPro<\/title>\n<meta name=\"robots\" content=\"index, follow, max-snippet:-1, max-image-preview:large, max-video-preview:-1\" \/>\n<link rel=\"canonical\" href=\"https:\/\/andpro.net\/de\/product\/reis-zascitna-jopa-iz-flisa-polar-honey\/\" \/>\n<meta property=\"og:locale\" content=\"de_DE\" \/>\n<meta property=\"og:type\" content=\"article\" \/>\n<meta property=\"og:title\" content=\"REIS ZA\u0160\u010cITNA JOPA IZ FLISA POLAR-HONEY\" \/>\n<meta property=\"og:description\" content=\"Flis POLAR-HONEY s kakovostnim kratko stri\u017eenim flisom. &nbsp; Pletenina: 100% poliester Gramatura 280 g\/m\u00b2 zapenjanje z zadrgo trije zunanji \u017eepi na zadrgo: dva na straneh in en na vrhu Rokavi in \u200b\u200bspodnji del jopice imajo elasti\u010dno obrobo, ki ne le ne\u017eno zategne, ampak tudi okrasi Flis je zelo prijeten na otip, zato je zelo udoben [&hellip;]\" \/>\n<meta property=\"og:url\" content=\"https:\/\/andpro.net\/de\/product\/reis-zascitna-jopa-iz-flisa-polar-honey\/\" \/>\n<meta property=\"og:site_name\" content=\"AndPro\" \/>\n<meta property=\"article:modified_time\" content=\"2025-07-20T11:37:31+00:00\" \/>\n<meta property=\"og:image\" content=\"https:\/\/andpro.net\/wp-content\/uploads\/2023\/12\/0017141760.jpg\" \/>\n\t<meta property=\"og:image:width\" content=\"670\" \/>\n\t<meta property=\"og:image:height\" content=\"1024\" \/>\n\t<meta property=\"og:image:type\" content=\"image\/jpeg\" \/>\n<meta name=\"twitter:card\" content=\"summary_large_image\" \/>\n<meta name=\"twitter:label1\" content=\"Gesch\u00e4tzte Lesezeit\" \/>\n\t<meta name=\"twitter:data1\" content=\"1\u00a0Minute\" \/>\n<script type=\"application\/ld+json\" class=\"yoast-schema-graph\">{\"@context\":\"https:\\\/\\\/schema.org\",\"@graph\":[{\"@type\":\"WebPage\",\"@id\":\"https:\\\/\\\/andpro.net\\\/product\\\/reis-zascitna-jopa-iz-flisa-polar-honey\\\/\",\"url\":\"https:\\\/\\\/andpro.net\\\/product\\\/reis-zascitna-jopa-iz-flisa-polar-honey\\\/\",\"name\":\"REIS ZA\u0160\u010cITNA JOPA IZ FLISA POLAR-HONEY - AndPro\",\"isPartOf\":{\"@id\":\"https:\\\/\\\/andpro.net\\\/de\\\/#website\"},\"primaryImageOfPage\":{\"@id\":\"https:\\\/\\\/andpro.net\\\/product\\\/reis-zascitna-jopa-iz-flisa-polar-honey\\\/#primaryimage\"},\"image\":{\"@id\":\"https:\\\/\\\/andpro.net\\\/product\\\/reis-zascitna-jopa-iz-flisa-polar-honey\\\/#primaryimage\"},\"thumbnailUrl\":\"https:\\\/\\\/andpro.net\\\/wp-content\\\/uploads\\\/2023\\\/12\\\/0017141760.jpg\",\"datePublished\":\"2023-12-26T13:06:41+00:00\",\"dateModified\":\"2025-07-20T11:37:31+00:00\",\"breadcrumb\":{\"@id\":\"https:\\\/\\\/andpro.net\\\/product\\\/reis-zascitna-jopa-iz-flisa-polar-honey\\\/#breadcrumb\"},\"inLanguage\":\"de\",\"potentialAction\":[{\"@type\":\"ReadAction\",\"target\":[\"https:\\\/\\\/andpro.net\\\/product\\\/reis-zascitna-jopa-iz-flisa-polar-honey\\\/\"]}]},{\"@type\":\"ImageObject\",\"inLanguage\":\"de\",\"@id\":\"https:\\\/\\\/andpro.net\\\/product\\\/reis-zascitna-jopa-iz-flisa-polar-honey\\\/#primaryimage\",\"url\":\"https:\\\/\\\/andpro.net\\\/wp-content\\\/uploads\\\/2023\\\/12\\\/0017141760.jpg\",\"contentUrl\":\"https:\\\/\\\/andpro.net\\\/wp-content\\\/uploads\\\/2023\\\/12\\\/0017141760.jpg\",\"width\":670,\"height\":1024},{\"@type\":\"BreadcrumbList\",\"@id\":\"https:\\\/\\\/andpro.net\\\/product\\\/reis-zascitna-jopa-iz-flisa-polar-honey\\\/#breadcrumb\",\"itemListElement\":[{\"@type\":\"ListItem\",\"position\":1,\"name\":\"Home\",\"item\":\"https:\\\/\\\/andpro.net\\\/\"},{\"@type\":\"ListItem\",\"position\":2,\"name\":\"Shop\",\"item\":\"https:\\\/\\\/andpro.net\\\/en\\\/shop\\\/\"},{\"@type\":\"ListItem\",\"position\":3,\"name\":\"REIS ZA\u0160\u010cITNA JOPA IZ FLISA POLAR-HONEY\"}]},{\"@type\":\"WebSite\",\"@id\":\"https:\\\/\\\/andpro.net\\\/de\\\/#website\",\"url\":\"https:\\\/\\\/andpro.net\\\/de\\\/\",\"name\":\"AndPro\",\"description\":\"The best decision\",\"publisher\":{\"@id\":\"https:\\\/\\\/andpro.net\\\/de\\\/#organization\"},\"potentialAction\":[{\"@type\":\"SearchAction\",\"target\":{\"@type\":\"EntryPoint\",\"urlTemplate\":\"https:\\\/\\\/andpro.net\\\/de\\\/?s={search_term_string}\"},\"query-input\":{\"@type\":\"PropertyValueSpecification\",\"valueRequired\":true,\"valueName\":\"search_term_string\"}}],\"inLanguage\":\"de\"},{\"@type\":\"Organization\",\"@id\":\"https:\\\/\\\/andpro.net\\\/de\\\/#organization\",\"name\":\"AndPro\",\"url\":\"https:\\\/\\\/andpro.net\\\/de\\\/\",\"logo\":{\"@type\":\"ImageObject\",\"inLanguage\":\"de\",\"@id\":\"https:\\\/\\\/andpro.net\\\/de\\\/#\\\/schema\\\/logo\\\/image\\\/\",\"url\":\"https:\\\/\\\/andpro.net\\\/wp-content\\\/uploads\\\/2023\\\/11\\\/logo_fix.png\",\"contentUrl\":\"https:\\\/\\\/andpro.net\\\/wp-content\\\/uploads\\\/2023\\\/11\\\/logo_fix.png\",\"width\":1244,\"height\":637,\"caption\":\"AndPro\"},\"image\":{\"@id\":\"https:\\\/\\\/andpro.net\\\/de\\\/#\\\/schema\\\/logo\\\/image\\\/\"}}]}<\/script>\n<!-- \/ Yoast SEO Premium plugin. -->","yoast_head_json":{"title":"REIS ZA\u0160\u010cITNA JOPA IZ FLISA POLAR-HONEY - AndPro","robots":{"index":"index","follow":"follow","max-snippet":"max-snippet:-1","max-image-preview":"max-image-preview:large","max-video-preview":"max-video-preview:-1"},"canonical":"https:\/\/andpro.net\/de\/product\/reis-zascitna-jopa-iz-flisa-polar-honey\/","og_locale":"de_DE","og_type":"article","og_title":"REIS ZA\u0160\u010cITNA JOPA IZ FLISA POLAR-HONEY","og_description":"Flis POLAR-HONEY s kakovostnim kratko stri\u017eenim flisom. &nbsp; Pletenina: 100% poliester Gramatura 280 g\/m\u00b2 zapenjanje z zadrgo trije zunanji \u017eepi na zadrgo: dva na straneh in en na vrhu Rokavi in \u200b\u200bspodnji del jopice imajo elasti\u010dno obrobo, ki ne le ne\u017eno zategne, ampak tudi okrasi Flis je zelo prijeten na otip, zato je zelo udoben [&hellip;]","og_url":"https:\/\/andpro.net\/de\/product\/reis-zascitna-jopa-iz-flisa-polar-honey\/","og_site_name":"AndPro","article_modified_time":"2025-07-20T11:37:31+00:00","og_image":[{"width":670,"height":1024,"url":"https:\/\/andpro.net\/wp-content\/uploads\/2023\/12\/0017141760.jpg","type":"image\/jpeg"}],"twitter_card":"summary_large_image","twitter_misc":{"Gesch\u00e4tzte Lesezeit":"1\u00a0Minute"},"schema":{"@context":"https:\/\/schema.org","@graph":[{"@type":"WebPage","@id":"https:\/\/andpro.net\/product\/reis-zascitna-jopa-iz-flisa-polar-honey\/","url":"https:\/\/andpro.net\/product\/reis-zascitna-jopa-iz-flisa-polar-honey\/","name":"REIS ZA\u0160\u010cITNA JOPA IZ FLISA POLAR-HONEY - AndPro","isPartOf":{"@id":"https:\/\/andpro.net\/de\/#website"},"primaryImageOfPage":{"@id":"https:\/\/andpro.net\/product\/reis-zascitna-jopa-iz-flisa-polar-honey\/#primaryimage"},"image":{"@id":"https:\/\/andpro.net\/product\/reis-zascitna-jopa-iz-flisa-polar-honey\/#primaryimage"},"thumbnailUrl":"https:\/\/andpro.net\/wp-content\/uploads\/2023\/12\/0017141760.jpg","datePublished":"2023-12-26T13:06:41+00:00","dateModified":"2025-07-20T11:37:31+00:00","breadcrumb":{"@id":"https:\/\/andpro.net\/product\/reis-zascitna-jopa-iz-flisa-polar-honey\/#breadcrumb"},"inLanguage":"de","potentialAction":[{"@type":"ReadAction","target":["https:\/\/andpro.net\/product\/reis-zascitna-jopa-iz-flisa-polar-honey\/"]}]},{"@type":"ImageObject","inLanguage":"de","@id":"https:\/\/andpro.net\/product\/reis-zascitna-jopa-iz-flisa-polar-honey\/#primaryimage","url":"https:\/\/andpro.net\/wp-content\/uploads\/2023\/12\/0017141760.jpg","contentUrl":"https:\/\/andpro.net\/wp-content\/uploads\/2023\/12\/0017141760.jpg","width":670,"height":1024},{"@type":"BreadcrumbList","@id":"https:\/\/andpro.net\/product\/reis-zascitna-jopa-iz-flisa-polar-honey\/#breadcrumb","itemListElement":[{"@type":"ListItem","position":1,"name":"Home","item":"https:\/\/andpro.net\/"},{"@type":"ListItem","position":2,"name":"Shop","item":"https:\/\/andpro.net\/en\/shop\/"},{"@type":"ListItem","position":3,"name":"REIS ZA\u0160\u010cITNA JOPA IZ FLISA POLAR-HONEY"}]},{"@type":"WebSite","@id":"https:\/\/andpro.net\/de\/#website","url":"https:\/\/andpro.net\/de\/","name":"AndPro","description":"The best decision","publisher":{"@id":"https:\/\/andpro.net\/de\/#organization"},"potentialAction":[{"@type":"SearchAction","target":{"@type":"EntryPoint","urlTemplate":"https:\/\/andpro.net\/de\/?s={search_term_string}"},"query-input":{"@type":"PropertyValueSpecification","valueRequired":true,"valueName":"search_term_string"}}],"inLanguage":"de"},{"@type":"Organization","@id":"https:\/\/andpro.net\/de\/#organization","name":"AndPro","url":"https:\/\/andpro.net\/de\/","logo":{"@type":"ImageObject","inLanguage":"de","@id":"https:\/\/andpro.net\/de\/#\/schema\/logo\/image\/","url":"https:\/\/andpro.net\/wp-content\/uploads\/2023\/11\/logo_fix.png","contentUrl":"https:\/\/andpro.net\/wp-content\/uploads\/2023\/11\/logo_fix.png","width":1244,"height":637,"caption":"AndPro"},"image":{"@id":"https:\/\/andpro.net\/de\/#\/schema\/logo\/image\/"}}]}},"_links":{"self":[{"href":"https:\/\/andpro.net\/de\/wp-json\/wp\/v2\/product\/5169","targetHints":{"allow":["GET"]}}],"collection":[{"href":"https:\/\/andpro.net\/de\/wp-json\/wp\/v2\/product"}],"about":[{"href":"https:\/\/andpro.net\/de\/wp-json\/wp\/v2\/types\/product"}],"wp:featuredmedia":[{"embeddable":true,"href":"https:\/\/andpro.net\/de\/wp-json\/wp\/v2\/media\/5170"}],"wp:attachment":[{"href":"https:\/\/andpro.net\/de\/wp-json\/wp\/v2\/media?parent=5169"}],"wp:term":[{"taxonomy":"product_brand","embeddable":true,"href":"https:\/\/andpro.net\/de\/wp-json\/wp\/v2\/product_brand?post=5169"},{"taxonomy":"product_cat","embeddable":true,"href":"https:\/\/andpro.net\/de\/wp-json\/wp\/v2\/product_cat?post=5169"},{"taxonomy":"product_tag","embeddable":true,"href":"https:\/\/andpro.net\/de\/wp-json\/wp\/v2\/product_tag?post=5169"}],"curies":[{"name":"wp","href":"https:\/\/api.w.org\/{rel}","templated":true}]}}