{"id":5564,"date":"2023-12-28T18:03:04","date_gmt":"2023-12-28T17:03:04","guid":{"rendered":"https:\/\/andpro.net\/?post_type=product&#038;p=5564"},"modified":"2025-07-20T12:32:34","modified_gmt":"2025-07-20T11:32:34","slug":"l-hollman-zascitni-pulover-kapucar-lh-trottel","status":"publish","type":"product","link":"https:\/\/andpro.net\/de\/product\/l-hollman-zascitni-pulover-kapucar-lh-trottel\/","title":{"rendered":"L.HOLLMAN SCHUTZPULLOVER-KAPUZE LH-TROTTEL"},"content":{"rendered":"<p>Za\u0161\u010ditni delavski pulover \u2013 kapucar.<\/p>\n<p>&nbsp;<\/p>\n<p>100% Polyester<\/p>\n<p>Grammatur 300 g\/m2<\/p>\n<p>Rei\u00dfverschluss mit zus\u00e4tzlicher Lasche unter dem Rei\u00dfverschluss zum Schutz vor Wind<\/p>\n<p>Kapuze mit Kordelzug<\/p>\n<p>drei Au\u00dfentaschen mit Rei\u00dfverschluss: zwei an den Seiten und eine oben<\/p>\n<p>modernes Design mit reflektierenden Eins\u00e4tzen aus segmentierten Linien<\/p>","protected":false},"excerpt":{"rendered":"<p>Za\u0161\u010ditni delavski pulover \u2013 kapucar. &nbsp; 100% poliester Gramatura 300 g\/m\u00b2 Zapenjanje z zadrgo, z dodatnim jezi\u010dkom pod zadrgo za za\u0161\u010dito pred vetrom Kapuca z vrvico trije zunanji \u017eepi: dva ob straneh in en z zadrgo na vrhu moderen dizajn z odsevnimi vstavki iz segmentiranih \u010drt<\/p>","protected":false},"featured_media":5570,"template":"","meta":[],"product_brand":[],"product_cat":[21,42],"product_tag":[],"class_list":{"0":"post-5564","1":"product","2":"type-product","3":"status-publish","4":"has-post-thumbnail","6":"product_cat-oblacila","7":"product_cat-flisijope-in-puloverji","9":"first","10":"instock","11":"taxable","12":"shipping-taxable","13":"purchasable","14":"product-type-variable"},"bundled_by":[],"bundle_stock_status":"instock","bundle_stock_quantity":1,"bundle_virtual":false,"bundle_layout":"","bundle_add_to_cart_form_location":"","bundle_editable_in_cart":false,"bundle_sold_individually_context":"","bundle_item_grouping":"","bundle_min_size":"","bundle_max_size":"","bundle_price":[],"bundled_items":[],"bundle_sell_ids":[],"group_of_quantity":0,"min_quantity":0,"max_quantity":"","exclude_order_quantity_value_rules":"no","exclude_category_quantity_rules":"no","combine_variations":"no","yoast_head":"<!-- This site is optimized with the Yoast SEO Premium plugin v23.9 (Yoast SEO v27.3) - https:\/\/yoast.com\/product\/yoast-seo-premium-wordpress\/ -->\n<title>L.HOLLMAN ZA\u0160\u010cITNI PULOVER-KAPUCAR LH-TROTTEL - AndPro<\/title>\n<meta name=\"robots\" content=\"index, follow, max-snippet:-1, max-image-preview:large, max-video-preview:-1\" \/>\n<link rel=\"canonical\" href=\"https:\/\/andpro.net\/de\/product\/l-hollman-zascitni-pulover-kapucar-lh-trottel\/\" \/>\n<meta property=\"og:locale\" content=\"de_DE\" \/>\n<meta property=\"og:type\" content=\"article\" \/>\n<meta property=\"og:title\" content=\"L.HOLLMAN ZA\u0160\u010cITNI PULOVER-KAPUCAR LH-TROTTEL\" \/>\n<meta property=\"og:description\" content=\"Za\u0161\u010ditni delavski pulover \u2013 kapucar. &nbsp; 100% poliester Gramatura 300 g\/m\u00b2 Zapenjanje z zadrgo, z dodatnim jezi\u010dkom pod zadrgo za za\u0161\u010dito pred vetrom Kapuca z vrvico trije zunanji \u017eepi: dva ob straneh in en z zadrgo na vrhu moderen dizajn z odsevnimi vstavki iz segmentiranih \u010drt\" \/>\n<meta property=\"og:url\" content=\"https:\/\/andpro.net\/de\/product\/l-hollman-zascitni-pulover-kapucar-lh-trottel\/\" \/>\n<meta property=\"og:site_name\" content=\"AndPro\" \/>\n<meta property=\"article:modified_time\" content=\"2025-07-20T11:32:34+00:00\" \/>\n<meta property=\"og:image\" content=\"https:\/\/andpro.net\/wp-content\/uploads\/2023\/12\/0048010016.jpg\" \/>\n\t<meta property=\"og:image:width\" content=\"463\" \/>\n\t<meta property=\"og:image:height\" content=\"1024\" \/>\n\t<meta property=\"og:image:type\" content=\"image\/jpeg\" \/>\n<meta name=\"twitter:card\" content=\"summary_large_image\" \/>\n<meta name=\"twitter:label1\" content=\"Gesch\u00e4tzte Lesezeit\" \/>\n\t<meta name=\"twitter:data1\" content=\"1\u00a0Minute\" \/>\n<script type=\"application\/ld+json\" class=\"yoast-schema-graph\">{\"@context\":\"https:\\\/\\\/schema.org\",\"@graph\":[{\"@type\":\"WebPage\",\"@id\":\"https:\\\/\\\/andpro.net\\\/product\\\/l-hollman-zascitni-pulover-kapucar-lh-trottel\\\/\",\"url\":\"https:\\\/\\\/andpro.net\\\/product\\\/l-hollman-zascitni-pulover-kapucar-lh-trottel\\\/\",\"name\":\"L.HOLLMAN ZA\u0160\u010cITNI PULOVER-KAPUCAR LH-TROTTEL - AndPro\",\"isPartOf\":{\"@id\":\"https:\\\/\\\/andpro.net\\\/de\\\/#website\"},\"primaryImageOfPage\":{\"@id\":\"https:\\\/\\\/andpro.net\\\/product\\\/l-hollman-zascitni-pulover-kapucar-lh-trottel\\\/#primaryimage\"},\"image\":{\"@id\":\"https:\\\/\\\/andpro.net\\\/product\\\/l-hollman-zascitni-pulover-kapucar-lh-trottel\\\/#primaryimage\"},\"thumbnailUrl\":\"https:\\\/\\\/andpro.net\\\/wp-content\\\/uploads\\\/2023\\\/12\\\/0048010016.jpg\",\"datePublished\":\"2023-12-28T17:03:04+00:00\",\"dateModified\":\"2025-07-20T11:32:34+00:00\",\"breadcrumb\":{\"@id\":\"https:\\\/\\\/andpro.net\\\/product\\\/l-hollman-zascitni-pulover-kapucar-lh-trottel\\\/#breadcrumb\"},\"inLanguage\":\"de\",\"potentialAction\":[{\"@type\":\"ReadAction\",\"target\":[\"https:\\\/\\\/andpro.net\\\/product\\\/l-hollman-zascitni-pulover-kapucar-lh-trottel\\\/\"]}]},{\"@type\":\"ImageObject\",\"inLanguage\":\"de\",\"@id\":\"https:\\\/\\\/andpro.net\\\/product\\\/l-hollman-zascitni-pulover-kapucar-lh-trottel\\\/#primaryimage\",\"url\":\"https:\\\/\\\/andpro.net\\\/wp-content\\\/uploads\\\/2023\\\/12\\\/0048010016.jpg\",\"contentUrl\":\"https:\\\/\\\/andpro.net\\\/wp-content\\\/uploads\\\/2023\\\/12\\\/0048010016.jpg\",\"width\":463,\"height\":1024},{\"@type\":\"BreadcrumbList\",\"@id\":\"https:\\\/\\\/andpro.net\\\/product\\\/l-hollman-zascitni-pulover-kapucar-lh-trottel\\\/#breadcrumb\",\"itemListElement\":[{\"@type\":\"ListItem\",\"position\":1,\"name\":\"Home\",\"item\":\"https:\\\/\\\/andpro.net\\\/\"},{\"@type\":\"ListItem\",\"position\":2,\"name\":\"Shop\",\"item\":\"https:\\\/\\\/andpro.net\\\/en\\\/shop\\\/\"},{\"@type\":\"ListItem\",\"position\":3,\"name\":\"L.HOLLMAN ZA\u0160\u010cITNI PULOVER-KAPUCAR LH-TROTTEL\"}]},{\"@type\":\"WebSite\",\"@id\":\"https:\\\/\\\/andpro.net\\\/de\\\/#website\",\"url\":\"https:\\\/\\\/andpro.net\\\/de\\\/\",\"name\":\"AndPro\",\"description\":\"The best decision\",\"publisher\":{\"@id\":\"https:\\\/\\\/andpro.net\\\/de\\\/#organization\"},\"potentialAction\":[{\"@type\":\"SearchAction\",\"target\":{\"@type\":\"EntryPoint\",\"urlTemplate\":\"https:\\\/\\\/andpro.net\\\/de\\\/?s={search_term_string}\"},\"query-input\":{\"@type\":\"PropertyValueSpecification\",\"valueRequired\":true,\"valueName\":\"search_term_string\"}}],\"inLanguage\":\"de\"},{\"@type\":\"Organization\",\"@id\":\"https:\\\/\\\/andpro.net\\\/de\\\/#organization\",\"name\":\"AndPro\",\"url\":\"https:\\\/\\\/andpro.net\\\/de\\\/\",\"logo\":{\"@type\":\"ImageObject\",\"inLanguage\":\"de\",\"@id\":\"https:\\\/\\\/andpro.net\\\/de\\\/#\\\/schema\\\/logo\\\/image\\\/\",\"url\":\"https:\\\/\\\/andpro.net\\\/wp-content\\\/uploads\\\/2023\\\/11\\\/logo_fix.png\",\"contentUrl\":\"https:\\\/\\\/andpro.net\\\/wp-content\\\/uploads\\\/2023\\\/11\\\/logo_fix.png\",\"width\":1244,\"height\":637,\"caption\":\"AndPro\"},\"image\":{\"@id\":\"https:\\\/\\\/andpro.net\\\/de\\\/#\\\/schema\\\/logo\\\/image\\\/\"}}]}<\/script>\n<!-- \/ Yoast SEO Premium plugin. -->","yoast_head_json":{"title":"L.HOLLMAN ZA\u0160\u010cITNI PULOVER-KAPUCAR LH-TROTTEL - AndPro","robots":{"index":"index","follow":"follow","max-snippet":"max-snippet:-1","max-image-preview":"max-image-preview:large","max-video-preview":"max-video-preview:-1"},"canonical":"https:\/\/andpro.net\/de\/product\/l-hollman-zascitni-pulover-kapucar-lh-trottel\/","og_locale":"de_DE","og_type":"article","og_title":"L.HOLLMAN ZA\u0160\u010cITNI PULOVER-KAPUCAR LH-TROTTEL","og_description":"Za\u0161\u010ditni delavski pulover \u2013 kapucar. &nbsp; 100% poliester Gramatura 300 g\/m\u00b2 Zapenjanje z zadrgo, z dodatnim jezi\u010dkom pod zadrgo za za\u0161\u010dito pred vetrom Kapuca z vrvico trije zunanji \u017eepi: dva ob straneh in en z zadrgo na vrhu moderen dizajn z odsevnimi vstavki iz segmentiranih \u010drt","og_url":"https:\/\/andpro.net\/de\/product\/l-hollman-zascitni-pulover-kapucar-lh-trottel\/","og_site_name":"AndPro","article_modified_time":"2025-07-20T11:32:34+00:00","og_image":[{"width":463,"height":1024,"url":"https:\/\/andpro.net\/wp-content\/uploads\/2023\/12\/0048010016.jpg","type":"image\/jpeg"}],"twitter_card":"summary_large_image","twitter_misc":{"Gesch\u00e4tzte Lesezeit":"1\u00a0Minute"},"schema":{"@context":"https:\/\/schema.org","@graph":[{"@type":"WebPage","@id":"https:\/\/andpro.net\/product\/l-hollman-zascitni-pulover-kapucar-lh-trottel\/","url":"https:\/\/andpro.net\/product\/l-hollman-zascitni-pulover-kapucar-lh-trottel\/","name":"L.HOLLMAN ZA\u0160\u010cITNI PULOVER-KAPUCAR LH-TROTTEL - AndPro","isPartOf":{"@id":"https:\/\/andpro.net\/de\/#website"},"primaryImageOfPage":{"@id":"https:\/\/andpro.net\/product\/l-hollman-zascitni-pulover-kapucar-lh-trottel\/#primaryimage"},"image":{"@id":"https:\/\/andpro.net\/product\/l-hollman-zascitni-pulover-kapucar-lh-trottel\/#primaryimage"},"thumbnailUrl":"https:\/\/andpro.net\/wp-content\/uploads\/2023\/12\/0048010016.jpg","datePublished":"2023-12-28T17:03:04+00:00","dateModified":"2025-07-20T11:32:34+00:00","breadcrumb":{"@id":"https:\/\/andpro.net\/product\/l-hollman-zascitni-pulover-kapucar-lh-trottel\/#breadcrumb"},"inLanguage":"de","potentialAction":[{"@type":"ReadAction","target":["https:\/\/andpro.net\/product\/l-hollman-zascitni-pulover-kapucar-lh-trottel\/"]}]},{"@type":"ImageObject","inLanguage":"de","@id":"https:\/\/andpro.net\/product\/l-hollman-zascitni-pulover-kapucar-lh-trottel\/#primaryimage","url":"https:\/\/andpro.net\/wp-content\/uploads\/2023\/12\/0048010016.jpg","contentUrl":"https:\/\/andpro.net\/wp-content\/uploads\/2023\/12\/0048010016.jpg","width":463,"height":1024},{"@type":"BreadcrumbList","@id":"https:\/\/andpro.net\/product\/l-hollman-zascitni-pulover-kapucar-lh-trottel\/#breadcrumb","itemListElement":[{"@type":"ListItem","position":1,"name":"Home","item":"https:\/\/andpro.net\/"},{"@type":"ListItem","position":2,"name":"Shop","item":"https:\/\/andpro.net\/en\/shop\/"},{"@type":"ListItem","position":3,"name":"L.HOLLMAN ZA\u0160\u010cITNI PULOVER-KAPUCAR LH-TROTTEL"}]},{"@type":"WebSite","@id":"https:\/\/andpro.net\/de\/#website","url":"https:\/\/andpro.net\/de\/","name":"AndPro","description":"The best decision","publisher":{"@id":"https:\/\/andpro.net\/de\/#organization"},"potentialAction":[{"@type":"SearchAction","target":{"@type":"EntryPoint","urlTemplate":"https:\/\/andpro.net\/de\/?s={search_term_string}"},"query-input":{"@type":"PropertyValueSpecification","valueRequired":true,"valueName":"search_term_string"}}],"inLanguage":"de"},{"@type":"Organization","@id":"https:\/\/andpro.net\/de\/#organization","name":"AndPro","url":"https:\/\/andpro.net\/de\/","logo":{"@type":"ImageObject","inLanguage":"de","@id":"https:\/\/andpro.net\/de\/#\/schema\/logo\/image\/","url":"https:\/\/andpro.net\/wp-content\/uploads\/2023\/11\/logo_fix.png","contentUrl":"https:\/\/andpro.net\/wp-content\/uploads\/2023\/11\/logo_fix.png","width":1244,"height":637,"caption":"AndPro"},"image":{"@id":"https:\/\/andpro.net\/de\/#\/schema\/logo\/image\/"}}]}},"_links":{"self":[{"href":"https:\/\/andpro.net\/de\/wp-json\/wp\/v2\/product\/5564","targetHints":{"allow":["GET"]}}],"collection":[{"href":"https:\/\/andpro.net\/de\/wp-json\/wp\/v2\/product"}],"about":[{"href":"https:\/\/andpro.net\/de\/wp-json\/wp\/v2\/types\/product"}],"wp:featuredmedia":[{"embeddable":true,"href":"https:\/\/andpro.net\/de\/wp-json\/wp\/v2\/media\/5570"}],"wp:attachment":[{"href":"https:\/\/andpro.net\/de\/wp-json\/wp\/v2\/media?parent=5564"}],"wp:term":[{"taxonomy":"product_brand","embeddable":true,"href":"https:\/\/andpro.net\/de\/wp-json\/wp\/v2\/product_brand?post=5564"},{"taxonomy":"product_cat","embeddable":true,"href":"https:\/\/andpro.net\/de\/wp-json\/wp\/v2\/product_cat?post=5564"},{"taxonomy":"product_tag","embeddable":true,"href":"https:\/\/andpro.net\/de\/wp-json\/wp\/v2\/product_tag?post=5564"}],"curies":[{"name":"wp","href":"https:\/\/api.w.org\/{rel}","templated":true}]}}