{"id":5836,"date":"2024-01-03T08:14:26","date_gmt":"2024-01-03T07:14:26","guid":{"rendered":"https:\/\/andpro.net\/?post_type=product&#038;p=5836"},"modified":"2025-07-20T12:28:33","modified_gmt":"2025-07-20T11:28:33","slug":"reis-zascitna-celada-bumpcapmesh-58-63","status":"publish","type":"product","link":"https:\/\/andpro.net\/de\/product\/reis-zascitna-celada-bumpcapmesh-58-63\/","title":{"rendered":"REIS SCHUTZHELM BUMPCAPMESH 58-63"},"content":{"rendered":"<p>Industrieller leichter Helm.<\/p>\n<p>&nbsp;<\/p>\n<p>Kappenmaterial 85 % Polyester, 15 % Baumwolle<\/p>\n<p>Geh\u00e4use aus ABS-Kunststoff<\/p>\n<p>Mesh-Eins\u00e4tze sorgen f\u00fcr hervorragende Atmungsaktivit\u00e4t<\/p>\n<p>Mit der praktischen Gurtverstellung k\u00f6nnen Sie die Gr\u00f6\u00dfe der Kappe an Ihren Kopfumfang anpassen<\/p>\n<p>Die M\u00f6glichkeit, den Schutzeinsatz zu entfernen, erm\u00f6glicht das Waschen des Au\u00dfenbezugs aus hygienischen Gr\u00fcnden und zur Verl\u00e4ngerung seiner Lebensdauer<\/p>\n<p>Es bietet einen grundlegenden Schutz des Kopfes vor St\u00f6\u00dfen gegen harte, feste Gegenst\u00e4nde mit einer bestimmten Sch\u00e4rfe, die Verletzungen oder andere Oberfl\u00e4chensch\u00e4den verursachen k\u00f6nnen.<\/p>\n<p>\u2013 erf\u00fcllt die Anforderungen der Norm EN812<\/p>","protected":false},"excerpt":{"rendered":"<p>Industrijska lahka \u010delada. &nbsp; Material kape 85% bomba\u017e, 15% poliester Ohi\u0161je iz ABS plastike Mre\u017easti vlo\u017eki zagotavljajo odli\u010dno zra\u010dnost S prakti\u010dno nastavitvijo obsega lahko velikost kape prilagodite obsegu glave Mo\u017enost odstranitve za\u0161\u010ditnega vlo\u017eka, ki omogo\u010da pranje zunanjega pokrova za higieno in podalj\u0161anje \u017eivljenjske dobe Zagotavlja osnovno za\u0161\u010dito glave pred udarci ob trde, trdne predmete dolo\u010dene [&hellip;]<\/p>","protected":false},"featured_media":5843,"template":"","meta":[],"product_brand":[],"product_cat":[24,128],"product_tag":[],"class_list":{"0":"post-5836","1":"product","2":"type-product","3":"status-publish","4":"has-post-thumbnail","6":"product_cat-zascita-glave","7":"product_cat-zascita-za-glavo","9":"first","10":"onbackorder","11":"taxable","12":"shipping-taxable","13":"purchasable","14":"product-type-variable"},"bundled_by":[],"bundle_stock_status":"onbackorder","bundle_stock_quantity":null,"bundle_virtual":false,"bundle_layout":"","bundle_add_to_cart_form_location":"","bundle_editable_in_cart":false,"bundle_sold_individually_context":"","bundle_item_grouping":"","bundle_min_size":"","bundle_max_size":"","bundle_price":[],"bundled_items":[],"bundle_sell_ids":[],"group_of_quantity":0,"min_quantity":0,"max_quantity":"","exclude_order_quantity_value_rules":"no","exclude_category_quantity_rules":"no","combine_variations":"no","yoast_head":"<!-- This site is optimized with the Yoast SEO Premium plugin v23.9 (Yoast SEO v27.3) - https:\/\/yoast.com\/product\/yoast-seo-premium-wordpress\/ -->\n<title>REIS ZA\u0160\u010cITNA \u010cELADA BUMPCAPMESH 58-63 - AndPro<\/title>\n<meta name=\"robots\" content=\"index, follow, max-snippet:-1, max-image-preview:large, max-video-preview:-1\" \/>\n<link rel=\"canonical\" href=\"https:\/\/andpro.net\/de\/product\/reis-zascitna-celada-bumpcapmesh-58-63\/\" \/>\n<meta property=\"og:locale\" content=\"de_DE\" \/>\n<meta property=\"og:type\" content=\"article\" \/>\n<meta property=\"og:title\" content=\"REIS ZA\u0160\u010cITNA \u010cELADA BUMPCAPMESH 58-63\" \/>\n<meta property=\"og:description\" content=\"Industrijska lahka \u010delada. &nbsp; Material kape 85% bomba\u017e, 15% poliester Ohi\u0161je iz ABS plastike Mre\u017easti vlo\u017eki zagotavljajo odli\u010dno zra\u010dnost S prakti\u010dno nastavitvijo obsega lahko velikost kape prilagodite obsegu glave Mo\u017enost odstranitve za\u0161\u010ditnega vlo\u017eka, ki omogo\u010da pranje zunanjega pokrova za higieno in podalj\u0161anje \u017eivljenjske dobe Zagotavlja osnovno za\u0161\u010dito glave pred udarci ob trde, trdne predmete dolo\u010dene [&hellip;]\" \/>\n<meta property=\"og:url\" content=\"https:\/\/andpro.net\/de\/product\/reis-zascitna-celada-bumpcapmesh-58-63\/\" \/>\n<meta property=\"og:site_name\" content=\"AndPro\" \/>\n<meta property=\"article:modified_time\" content=\"2025-07-20T11:28:33+00:00\" \/>\n<meta property=\"og:image\" content=\"https:\/\/andpro.net\/wp-content\/uploads\/2024\/01\/0058051728.jpg\" \/>\n\t<meta property=\"og:image:width\" content=\"1024\" \/>\n\t<meta property=\"og:image:height\" content=\"672\" \/>\n\t<meta property=\"og:image:type\" content=\"image\/jpeg\" \/>\n<meta name=\"twitter:card\" content=\"summary_large_image\" \/>\n<meta name=\"twitter:label1\" content=\"Gesch\u00e4tzte Lesezeit\" \/>\n\t<meta name=\"twitter:data1\" content=\"1\u00a0Minute\" \/>\n<script type=\"application\/ld+json\" class=\"yoast-schema-graph\">{\"@context\":\"https:\\\/\\\/schema.org\",\"@graph\":[{\"@type\":\"WebPage\",\"@id\":\"https:\\\/\\\/andpro.net\\\/product\\\/reis-zascitna-celada-bumpcapmesh-58-63\\\/\",\"url\":\"https:\\\/\\\/andpro.net\\\/product\\\/reis-zascitna-celada-bumpcapmesh-58-63\\\/\",\"name\":\"REIS ZA\u0160\u010cITNA \u010cELADA BUMPCAPMESH 58-63 - AndPro\",\"isPartOf\":{\"@id\":\"https:\\\/\\\/andpro.net\\\/de\\\/#website\"},\"primaryImageOfPage\":{\"@id\":\"https:\\\/\\\/andpro.net\\\/product\\\/reis-zascitna-celada-bumpcapmesh-58-63\\\/#primaryimage\"},\"image\":{\"@id\":\"https:\\\/\\\/andpro.net\\\/product\\\/reis-zascitna-celada-bumpcapmesh-58-63\\\/#primaryimage\"},\"thumbnailUrl\":\"https:\\\/\\\/andpro.net\\\/wp-content\\\/uploads\\\/2024\\\/01\\\/0058051728.jpg\",\"datePublished\":\"2024-01-03T07:14:26+00:00\",\"dateModified\":\"2025-07-20T11:28:33+00:00\",\"breadcrumb\":{\"@id\":\"https:\\\/\\\/andpro.net\\\/product\\\/reis-zascitna-celada-bumpcapmesh-58-63\\\/#breadcrumb\"},\"inLanguage\":\"de\",\"potentialAction\":[{\"@type\":\"ReadAction\",\"target\":[\"https:\\\/\\\/andpro.net\\\/product\\\/reis-zascitna-celada-bumpcapmesh-58-63\\\/\"]}]},{\"@type\":\"ImageObject\",\"inLanguage\":\"de\",\"@id\":\"https:\\\/\\\/andpro.net\\\/product\\\/reis-zascitna-celada-bumpcapmesh-58-63\\\/#primaryimage\",\"url\":\"https:\\\/\\\/andpro.net\\\/wp-content\\\/uploads\\\/2024\\\/01\\\/0058051728.jpg\",\"contentUrl\":\"https:\\\/\\\/andpro.net\\\/wp-content\\\/uploads\\\/2024\\\/01\\\/0058051728.jpg\",\"width\":1024,\"height\":672},{\"@type\":\"BreadcrumbList\",\"@id\":\"https:\\\/\\\/andpro.net\\\/product\\\/reis-zascitna-celada-bumpcapmesh-58-63\\\/#breadcrumb\",\"itemListElement\":[{\"@type\":\"ListItem\",\"position\":1,\"name\":\"Home\",\"item\":\"https:\\\/\\\/andpro.net\\\/\"},{\"@type\":\"ListItem\",\"position\":2,\"name\":\"Shop\",\"item\":\"https:\\\/\\\/andpro.net\\\/en\\\/shop\\\/\"},{\"@type\":\"ListItem\",\"position\":3,\"name\":\"REIS ZA\u0160\u010cITNA \u010cELADA BUMPCAPMESH 58-63\"}]},{\"@type\":\"WebSite\",\"@id\":\"https:\\\/\\\/andpro.net\\\/de\\\/#website\",\"url\":\"https:\\\/\\\/andpro.net\\\/de\\\/\",\"name\":\"AndPro\",\"description\":\"The best decision\",\"publisher\":{\"@id\":\"https:\\\/\\\/andpro.net\\\/de\\\/#organization\"},\"potentialAction\":[{\"@type\":\"SearchAction\",\"target\":{\"@type\":\"EntryPoint\",\"urlTemplate\":\"https:\\\/\\\/andpro.net\\\/de\\\/?s={search_term_string}\"},\"query-input\":{\"@type\":\"PropertyValueSpecification\",\"valueRequired\":true,\"valueName\":\"search_term_string\"}}],\"inLanguage\":\"de\"},{\"@type\":\"Organization\",\"@id\":\"https:\\\/\\\/andpro.net\\\/de\\\/#organization\",\"name\":\"AndPro\",\"url\":\"https:\\\/\\\/andpro.net\\\/de\\\/\",\"logo\":{\"@type\":\"ImageObject\",\"inLanguage\":\"de\",\"@id\":\"https:\\\/\\\/andpro.net\\\/de\\\/#\\\/schema\\\/logo\\\/image\\\/\",\"url\":\"https:\\\/\\\/andpro.net\\\/wp-content\\\/uploads\\\/2023\\\/11\\\/logo_fix.png\",\"contentUrl\":\"https:\\\/\\\/andpro.net\\\/wp-content\\\/uploads\\\/2023\\\/11\\\/logo_fix.png\",\"width\":1244,\"height\":637,\"caption\":\"AndPro\"},\"image\":{\"@id\":\"https:\\\/\\\/andpro.net\\\/de\\\/#\\\/schema\\\/logo\\\/image\\\/\"}}]}<\/script>\n<!-- \/ Yoast SEO Premium plugin. -->","yoast_head_json":{"title":"REIS ZA\u0160\u010cITNA \u010cELADA BUMPCAPMESH 58-63 - AndPro","robots":{"index":"index","follow":"follow","max-snippet":"max-snippet:-1","max-image-preview":"max-image-preview:large","max-video-preview":"max-video-preview:-1"},"canonical":"https:\/\/andpro.net\/de\/product\/reis-zascitna-celada-bumpcapmesh-58-63\/","og_locale":"de_DE","og_type":"article","og_title":"REIS ZA\u0160\u010cITNA \u010cELADA BUMPCAPMESH 58-63","og_description":"Industrijska lahka \u010delada. &nbsp; Material kape 85% bomba\u017e, 15% poliester Ohi\u0161je iz ABS plastike Mre\u017easti vlo\u017eki zagotavljajo odli\u010dno zra\u010dnost S prakti\u010dno nastavitvijo obsega lahko velikost kape prilagodite obsegu glave Mo\u017enost odstranitve za\u0161\u010ditnega vlo\u017eka, ki omogo\u010da pranje zunanjega pokrova za higieno in podalj\u0161anje \u017eivljenjske dobe Zagotavlja osnovno za\u0161\u010dito glave pred udarci ob trde, trdne predmete dolo\u010dene [&hellip;]","og_url":"https:\/\/andpro.net\/de\/product\/reis-zascitna-celada-bumpcapmesh-58-63\/","og_site_name":"AndPro","article_modified_time":"2025-07-20T11:28:33+00:00","og_image":[{"width":1024,"height":672,"url":"https:\/\/andpro.net\/wp-content\/uploads\/2024\/01\/0058051728.jpg","type":"image\/jpeg"}],"twitter_card":"summary_large_image","twitter_misc":{"Gesch\u00e4tzte Lesezeit":"1\u00a0Minute"},"schema":{"@context":"https:\/\/schema.org","@graph":[{"@type":"WebPage","@id":"https:\/\/andpro.net\/product\/reis-zascitna-celada-bumpcapmesh-58-63\/","url":"https:\/\/andpro.net\/product\/reis-zascitna-celada-bumpcapmesh-58-63\/","name":"REIS ZA\u0160\u010cITNA \u010cELADA BUMPCAPMESH 58-63 - AndPro","isPartOf":{"@id":"https:\/\/andpro.net\/de\/#website"},"primaryImageOfPage":{"@id":"https:\/\/andpro.net\/product\/reis-zascitna-celada-bumpcapmesh-58-63\/#primaryimage"},"image":{"@id":"https:\/\/andpro.net\/product\/reis-zascitna-celada-bumpcapmesh-58-63\/#primaryimage"},"thumbnailUrl":"https:\/\/andpro.net\/wp-content\/uploads\/2024\/01\/0058051728.jpg","datePublished":"2024-01-03T07:14:26+00:00","dateModified":"2025-07-20T11:28:33+00:00","breadcrumb":{"@id":"https:\/\/andpro.net\/product\/reis-zascitna-celada-bumpcapmesh-58-63\/#breadcrumb"},"inLanguage":"de","potentialAction":[{"@type":"ReadAction","target":["https:\/\/andpro.net\/product\/reis-zascitna-celada-bumpcapmesh-58-63\/"]}]},{"@type":"ImageObject","inLanguage":"de","@id":"https:\/\/andpro.net\/product\/reis-zascitna-celada-bumpcapmesh-58-63\/#primaryimage","url":"https:\/\/andpro.net\/wp-content\/uploads\/2024\/01\/0058051728.jpg","contentUrl":"https:\/\/andpro.net\/wp-content\/uploads\/2024\/01\/0058051728.jpg","width":1024,"height":672},{"@type":"BreadcrumbList","@id":"https:\/\/andpro.net\/product\/reis-zascitna-celada-bumpcapmesh-58-63\/#breadcrumb","itemListElement":[{"@type":"ListItem","position":1,"name":"Home","item":"https:\/\/andpro.net\/"},{"@type":"ListItem","position":2,"name":"Shop","item":"https:\/\/andpro.net\/en\/shop\/"},{"@type":"ListItem","position":3,"name":"REIS ZA\u0160\u010cITNA \u010cELADA BUMPCAPMESH 58-63"}]},{"@type":"WebSite","@id":"https:\/\/andpro.net\/de\/#website","url":"https:\/\/andpro.net\/de\/","name":"AndPro","description":"The best decision","publisher":{"@id":"https:\/\/andpro.net\/de\/#organization"},"potentialAction":[{"@type":"SearchAction","target":{"@type":"EntryPoint","urlTemplate":"https:\/\/andpro.net\/de\/?s={search_term_string}"},"query-input":{"@type":"PropertyValueSpecification","valueRequired":true,"valueName":"search_term_string"}}],"inLanguage":"de"},{"@type":"Organization","@id":"https:\/\/andpro.net\/de\/#organization","name":"AndPro","url":"https:\/\/andpro.net\/de\/","logo":{"@type":"ImageObject","inLanguage":"de","@id":"https:\/\/andpro.net\/de\/#\/schema\/logo\/image\/","url":"https:\/\/andpro.net\/wp-content\/uploads\/2023\/11\/logo_fix.png","contentUrl":"https:\/\/andpro.net\/wp-content\/uploads\/2023\/11\/logo_fix.png","width":1244,"height":637,"caption":"AndPro"},"image":{"@id":"https:\/\/andpro.net\/de\/#\/schema\/logo\/image\/"}}]}},"_links":{"self":[{"href":"https:\/\/andpro.net\/de\/wp-json\/wp\/v2\/product\/5836","targetHints":{"allow":["GET"]}}],"collection":[{"href":"https:\/\/andpro.net\/de\/wp-json\/wp\/v2\/product"}],"about":[{"href":"https:\/\/andpro.net\/de\/wp-json\/wp\/v2\/types\/product"}],"wp:featuredmedia":[{"embeddable":true,"href":"https:\/\/andpro.net\/de\/wp-json\/wp\/v2\/media\/5843"}],"wp:attachment":[{"href":"https:\/\/andpro.net\/de\/wp-json\/wp\/v2\/media?parent=5836"}],"wp:term":[{"taxonomy":"product_brand","embeddable":true,"href":"https:\/\/andpro.net\/de\/wp-json\/wp\/v2\/product_brand?post=5836"},{"taxonomy":"product_cat","embeddable":true,"href":"https:\/\/andpro.net\/de\/wp-json\/wp\/v2\/product_cat?post=5836"},{"taxonomy":"product_tag","embeddable":true,"href":"https:\/\/andpro.net\/de\/wp-json\/wp\/v2\/product_tag?post=5836"}],"curies":[{"name":"wp","href":"https:\/\/api.w.org\/{rel}","templated":true}]}}