{"id":6267,"date":"2024-01-07T15:50:31","date_gmt":"2024-01-07T14:50:31","guid":{"rendered":"https:\/\/andpro.net\/?post_type=product&#038;p=6267"},"modified":"2024-03-04T08:11:56","modified_gmt":"2024-03-04T07:11:56","slug":"reis-zascitne-rokavice-rnitrio-griff-grip","status":"publish","type":"product","link":"https:\/\/andpro.net\/de\/product\/reis-zascitne-rokavice-rnitrio-griff-grip\/","title":{"rendered":"REIS SCHUTZHANDSCHUHE RNITRIO-GRIFF (GRIP)"},"content":{"rendered":"<p>Nitrilhandschuhe GRIFF (GRIP) - puderfrei.<\/p>\n<p>&nbsp;<\/p>\n<p>passt sowohl f\u00fcr die rechte als auch f\u00fcr die linke Hand<\/p>\n<p>Die Au\u00dfenfl\u00e4che mit einer Rautenstruktur, die das Verrutschen von Gegenst\u00e4nden verhindert, erleichtert das Greifen und sorgt gleichzeitig f\u00fcr eine sehr gute Haptik und Fingerfertigkeit<\/p>\n<p>gr\u00f6\u00dferer Widerstand durch erh\u00f6hte Dicke<\/p>\n<p>\u2013 ideal f\u00fcr komplexe Manipulationen<\/p>\n<p>Wird f\u00fcr allgemeine mechanische Arbeiten verwendet<\/p>\n<p>\u2013 verpackt in 50 St\u00fcck pro Packung<\/p>","protected":false},"excerpt":{"rendered":"<p>Nitrilne rokavice GRIFF (GRIP) \u2013 brez pudra. &nbsp; ustreza tako desni kot levi roki Zunanja povr\u0161ina z diamantno strukturo, ki prepre\u010duje drsenje predmetov, olaj\u0161a oprijem, hkrati pa zagotavlja zelo dober ob\u010dutek in spretnost ve\u010dja odpornost zaradi pove\u010dane debeline idealen za kompleksne manipulacije uporablja se za splo\u0161na mehanska dela Pakirano po 50 kosov v paketu<\/p>","protected":false},"featured_media":6272,"template":"","meta":[],"product_brand":[],"product_cat":[22,115],"product_tag":[],"class_list":{"0":"post-6267","1":"product","2":"type-product","3":"status-publish","4":"has-post-thumbnail","6":"product_cat-rokavice","7":"product_cat-zascita-za-roke","9":"first","10":"instock","11":"taxable","12":"shipping-taxable","13":"purchasable","14":"product-type-variable"},"bundled_by":[],"bundle_stock_status":"instock","bundle_stock_quantity":null,"bundle_virtual":false,"bundle_layout":"","bundle_add_to_cart_form_location":"","bundle_editable_in_cart":false,"bundle_sold_individually_context":"","bundle_item_grouping":"","bundle_min_size":"","bundle_max_size":"","bundle_price":[],"bundled_items":[],"bundle_sell_ids":[],"group_of_quantity":0,"min_quantity":0,"max_quantity":"","exclude_order_quantity_value_rules":"no","exclude_category_quantity_rules":"no","combine_variations":"no","yoast_head":"<!-- This site is optimized with the Yoast SEO Premium plugin v23.9 (Yoast SEO v27.3) - https:\/\/yoast.com\/product\/yoast-seo-premium-wordpress\/ -->\n<title>REIS ZA\u0160\u010cITNE ROKAVICE RNITRIO-GRIFF (GRIP) - AndPro<\/title>\n<meta name=\"robots\" content=\"index, follow, max-snippet:-1, max-image-preview:large, max-video-preview:-1\" \/>\n<link rel=\"canonical\" href=\"http:\/\/andpro.net\/de\/product\/reis-zascitne-rokavice-rnitrio-griff-grip\/\" \/>\n<meta property=\"og:locale\" content=\"de_DE\" \/>\n<meta property=\"og:type\" content=\"article\" \/>\n<meta property=\"og:title\" content=\"REIS ZA\u0160\u010cITNE ROKAVICE RNITRIO-GRIFF (GRIP)\" \/>\n<meta property=\"og:description\" content=\"Nitrilne rokavice GRIFF (GRIP) \u2013 brez pudra. &nbsp; ustreza tako desni kot levi roki Zunanja povr\u0161ina z diamantno strukturo, ki prepre\u010duje drsenje predmetov, olaj\u0161a oprijem, hkrati pa zagotavlja zelo dober ob\u010dutek in spretnost ve\u010dja odpornost zaradi pove\u010dane debeline idealen za kompleksne manipulacije uporablja se za splo\u0161na mehanska dela Pakirano po 50 kosov v paketu\" \/>\n<meta property=\"og:url\" content=\"http:\/\/andpro.net\/de\/product\/reis-zascitne-rokavice-rnitrio-griff-grip\/\" \/>\n<meta property=\"og:site_name\" content=\"AndPro\" \/>\n<meta property=\"article:modified_time\" content=\"2024-03-04T07:11:56+00:00\" \/>\n<meta property=\"og:image\" content=\"https:\/\/andpro.net\/wp-content\/uploads\/2024\/01\/0045664672.jpg\" \/>\n\t<meta property=\"og:image:width\" content=\"1024\" \/>\n\t<meta property=\"og:image:height\" content=\"780\" \/>\n\t<meta property=\"og:image:type\" content=\"image\/jpeg\" \/>\n<meta name=\"twitter:card\" content=\"summary_large_image\" \/>\n<script type=\"application\/ld+json\" class=\"yoast-schema-graph\">{\"@context\":\"https:\\\/\\\/schema.org\",\"@graph\":[{\"@type\":\"WebPage\",\"@id\":\"http:\\\/\\\/andpro.net\\\/de\\\/product\\\/reis-zascitne-rokavice-rnitrio-griff-grip\\\/\",\"url\":\"http:\\\/\\\/andpro.net\\\/de\\\/product\\\/reis-zascitne-rokavice-rnitrio-griff-grip\\\/\",\"name\":\"REIS ZA\u0160\u010cITNE ROKAVICE RNITRIO-GRIFF (GRIP) - AndPro\",\"isPartOf\":{\"@id\":\"https:\\\/\\\/andpro.net\\\/de\\\/#website\"},\"primaryImageOfPage\":{\"@id\":\"http:\\\/\\\/andpro.net\\\/de\\\/product\\\/reis-zascitne-rokavice-rnitrio-griff-grip\\\/#primaryimage\"},\"image\":{\"@id\":\"http:\\\/\\\/andpro.net\\\/de\\\/product\\\/reis-zascitne-rokavice-rnitrio-griff-grip\\\/#primaryimage\"},\"thumbnailUrl\":\"https:\\\/\\\/andpro.net\\\/wp-content\\\/uploads\\\/2024\\\/01\\\/0045664672.jpg\",\"datePublished\":\"2024-01-07T14:50:31+00:00\",\"dateModified\":\"2024-03-04T07:11:56+00:00\",\"breadcrumb\":{\"@id\":\"http:\\\/\\\/andpro.net\\\/de\\\/product\\\/reis-zascitne-rokavice-rnitrio-griff-grip\\\/#breadcrumb\"},\"inLanguage\":\"de\",\"potentialAction\":[{\"@type\":\"ReadAction\",\"target\":[\"http:\\\/\\\/andpro.net\\\/de\\\/product\\\/reis-zascitne-rokavice-rnitrio-griff-grip\\\/\"]}]},{\"@type\":\"ImageObject\",\"inLanguage\":\"de\",\"@id\":\"http:\\\/\\\/andpro.net\\\/de\\\/product\\\/reis-zascitne-rokavice-rnitrio-griff-grip\\\/#primaryimage\",\"url\":\"https:\\\/\\\/andpro.net\\\/wp-content\\\/uploads\\\/2024\\\/01\\\/0045664672.jpg\",\"contentUrl\":\"https:\\\/\\\/andpro.net\\\/wp-content\\\/uploads\\\/2024\\\/01\\\/0045664672.jpg\",\"width\":1024,\"height\":780},{\"@type\":\"BreadcrumbList\",\"@id\":\"http:\\\/\\\/andpro.net\\\/de\\\/product\\\/reis-zascitne-rokavice-rnitrio-griff-grip\\\/#breadcrumb\",\"itemListElement\":[{\"@type\":\"ListItem\",\"position\":1,\"name\":\"Home\",\"item\":\"https:\\\/\\\/andpro.net\\\/\"},{\"@type\":\"ListItem\",\"position\":2,\"name\":\"Shop\",\"item\":\"https:\\\/\\\/andpro.net\\\/en\\\/shop\\\/\"},{\"@type\":\"ListItem\",\"position\":3,\"name\":\"REIS ZA\u0160\u010cITNE ROKAVICE RNITRIO-GRIFF (GRIP)\"}]},{\"@type\":\"WebSite\",\"@id\":\"https:\\\/\\\/andpro.net\\\/de\\\/#website\",\"url\":\"https:\\\/\\\/andpro.net\\\/de\\\/\",\"name\":\"AndPro\",\"description\":\"The best decision\",\"publisher\":{\"@id\":\"https:\\\/\\\/andpro.net\\\/de\\\/#organization\"},\"potentialAction\":[{\"@type\":\"SearchAction\",\"target\":{\"@type\":\"EntryPoint\",\"urlTemplate\":\"https:\\\/\\\/andpro.net\\\/de\\\/?s={search_term_string}\"},\"query-input\":{\"@type\":\"PropertyValueSpecification\",\"valueRequired\":true,\"valueName\":\"search_term_string\"}}],\"inLanguage\":\"de\"},{\"@type\":\"Organization\",\"@id\":\"https:\\\/\\\/andpro.net\\\/de\\\/#organization\",\"name\":\"AndPro\",\"url\":\"https:\\\/\\\/andpro.net\\\/de\\\/\",\"logo\":{\"@type\":\"ImageObject\",\"inLanguage\":\"de\",\"@id\":\"https:\\\/\\\/andpro.net\\\/de\\\/#\\\/schema\\\/logo\\\/image\\\/\",\"url\":\"https:\\\/\\\/andpro.net\\\/wp-content\\\/uploads\\\/2023\\\/11\\\/logo_fix.png\",\"contentUrl\":\"https:\\\/\\\/andpro.net\\\/wp-content\\\/uploads\\\/2023\\\/11\\\/logo_fix.png\",\"width\":1244,\"height\":637,\"caption\":\"AndPro\"},\"image\":{\"@id\":\"https:\\\/\\\/andpro.net\\\/de\\\/#\\\/schema\\\/logo\\\/image\\\/\"}}]}<\/script>\n<!-- \/ Yoast SEO Premium plugin. -->","yoast_head_json":{"title":"REIS ZA\u0160\u010cITNE ROKAVICE RNITRIO-GRIFF (GRIP) - AndPro","robots":{"index":"index","follow":"follow","max-snippet":"max-snippet:-1","max-image-preview":"max-image-preview:large","max-video-preview":"max-video-preview:-1"},"canonical":"http:\/\/andpro.net\/de\/product\/reis-zascitne-rokavice-rnitrio-griff-grip\/","og_locale":"de_DE","og_type":"article","og_title":"REIS ZA\u0160\u010cITNE ROKAVICE RNITRIO-GRIFF (GRIP)","og_description":"Nitrilne rokavice GRIFF (GRIP) \u2013 brez pudra. &nbsp; ustreza tako desni kot levi roki Zunanja povr\u0161ina z diamantno strukturo, ki prepre\u010duje drsenje predmetov, olaj\u0161a oprijem, hkrati pa zagotavlja zelo dober ob\u010dutek in spretnost ve\u010dja odpornost zaradi pove\u010dane debeline idealen za kompleksne manipulacije uporablja se za splo\u0161na mehanska dela Pakirano po 50 kosov v paketu","og_url":"http:\/\/andpro.net\/de\/product\/reis-zascitne-rokavice-rnitrio-griff-grip\/","og_site_name":"AndPro","article_modified_time":"2024-03-04T07:11:56+00:00","og_image":[{"width":1024,"height":780,"url":"https:\/\/andpro.net\/wp-content\/uploads\/2024\/01\/0045664672.jpg","type":"image\/jpeg"}],"twitter_card":"summary_large_image","schema":{"@context":"https:\/\/schema.org","@graph":[{"@type":"WebPage","@id":"http:\/\/andpro.net\/de\/product\/reis-zascitne-rokavice-rnitrio-griff-grip\/","url":"http:\/\/andpro.net\/de\/product\/reis-zascitne-rokavice-rnitrio-griff-grip\/","name":"REIS ZA\u0160\u010cITNE ROKAVICE RNITRIO-GRIFF (GRIP) - AndPro","isPartOf":{"@id":"https:\/\/andpro.net\/de\/#website"},"primaryImageOfPage":{"@id":"http:\/\/andpro.net\/de\/product\/reis-zascitne-rokavice-rnitrio-griff-grip\/#primaryimage"},"image":{"@id":"http:\/\/andpro.net\/de\/product\/reis-zascitne-rokavice-rnitrio-griff-grip\/#primaryimage"},"thumbnailUrl":"https:\/\/andpro.net\/wp-content\/uploads\/2024\/01\/0045664672.jpg","datePublished":"2024-01-07T14:50:31+00:00","dateModified":"2024-03-04T07:11:56+00:00","breadcrumb":{"@id":"http:\/\/andpro.net\/de\/product\/reis-zascitne-rokavice-rnitrio-griff-grip\/#breadcrumb"},"inLanguage":"de","potentialAction":[{"@type":"ReadAction","target":["http:\/\/andpro.net\/de\/product\/reis-zascitne-rokavice-rnitrio-griff-grip\/"]}]},{"@type":"ImageObject","inLanguage":"de","@id":"http:\/\/andpro.net\/de\/product\/reis-zascitne-rokavice-rnitrio-griff-grip\/#primaryimage","url":"https:\/\/andpro.net\/wp-content\/uploads\/2024\/01\/0045664672.jpg","contentUrl":"https:\/\/andpro.net\/wp-content\/uploads\/2024\/01\/0045664672.jpg","width":1024,"height":780},{"@type":"BreadcrumbList","@id":"http:\/\/andpro.net\/de\/product\/reis-zascitne-rokavice-rnitrio-griff-grip\/#breadcrumb","itemListElement":[{"@type":"ListItem","position":1,"name":"Home","item":"https:\/\/andpro.net\/"},{"@type":"ListItem","position":2,"name":"Shop","item":"https:\/\/andpro.net\/en\/shop\/"},{"@type":"ListItem","position":3,"name":"REIS ZA\u0160\u010cITNE ROKAVICE RNITRIO-GRIFF (GRIP)"}]},{"@type":"WebSite","@id":"https:\/\/andpro.net\/de\/#website","url":"https:\/\/andpro.net\/de\/","name":"AndPro","description":"The best decision","publisher":{"@id":"https:\/\/andpro.net\/de\/#organization"},"potentialAction":[{"@type":"SearchAction","target":{"@type":"EntryPoint","urlTemplate":"https:\/\/andpro.net\/de\/?s={search_term_string}"},"query-input":{"@type":"PropertyValueSpecification","valueRequired":true,"valueName":"search_term_string"}}],"inLanguage":"de"},{"@type":"Organization","@id":"https:\/\/andpro.net\/de\/#organization","name":"AndPro","url":"https:\/\/andpro.net\/de\/","logo":{"@type":"ImageObject","inLanguage":"de","@id":"https:\/\/andpro.net\/de\/#\/schema\/logo\/image\/","url":"https:\/\/andpro.net\/wp-content\/uploads\/2023\/11\/logo_fix.png","contentUrl":"https:\/\/andpro.net\/wp-content\/uploads\/2023\/11\/logo_fix.png","width":1244,"height":637,"caption":"AndPro"},"image":{"@id":"https:\/\/andpro.net\/de\/#\/schema\/logo\/image\/"}}]}},"_links":{"self":[{"href":"https:\/\/andpro.net\/de\/wp-json\/wp\/v2\/product\/6267","targetHints":{"allow":["GET"]}}],"collection":[{"href":"https:\/\/andpro.net\/de\/wp-json\/wp\/v2\/product"}],"about":[{"href":"https:\/\/andpro.net\/de\/wp-json\/wp\/v2\/types\/product"}],"wp:featuredmedia":[{"embeddable":true,"href":"https:\/\/andpro.net\/de\/wp-json\/wp\/v2\/media\/6272"}],"wp:attachment":[{"href":"https:\/\/andpro.net\/de\/wp-json\/wp\/v2\/media?parent=6267"}],"wp:term":[{"taxonomy":"product_brand","embeddable":true,"href":"https:\/\/andpro.net\/de\/wp-json\/wp\/v2\/product_brand?post=6267"},{"taxonomy":"product_cat","embeddable":true,"href":"https:\/\/andpro.net\/de\/wp-json\/wp\/v2\/product_cat?post=6267"},{"taxonomy":"product_tag","embeddable":true,"href":"https:\/\/andpro.net\/de\/wp-json\/wp\/v2\/product_tag?post=6267"}],"curies":[{"name":"wp","href":"https:\/\/api.w.org\/{rel}","templated":true}]}}