{"id":7297,"date":"2024-01-21T21:58:35","date_gmt":"2024-01-21T20:58:35","guid":{"rendered":"https:\/\/andpro.net\/?post_type=product&#038;p=7297"},"modified":"2025-07-20T11:53:38","modified_gmt":"2025-07-20T10:53:38","slug":"l-hollman-podlozene-hlace-lh-fmnwx-b","status":"publish","type":"product","link":"https:\/\/andpro.net\/de\/product\/l-hollman-podlozene-hlace-lh-fmnwx-b\/","title":{"rendered":"L.HOLLMAN GEF\u00dcTTERTE HOSE LH-FMNWX-B"},"content":{"rendered":"<p>FORMEN sch\u00fctzende, gef\u00fctterte Hose mit abnehmbaren Schultergurten<\/p>\n<p>&nbsp;<\/p>\n<p>80 % Polyester, 20 % Baumwolle (CSB-Farbe: 100 % Polyester)<\/p>\n<p>\u2013 Grammatur 270 g\/m2<\/p>\n<p>Futter 100 % Polyester, Grammatur 220 g\/m\u00b2<\/p>\n<p>Futter 100 % Polyester-Taft 190T, Gewicht 50 g\/m\u00b2<\/p>\n<p>zwei Ges\u00e4\u00dftaschen mit Klettverschluss und zwei doppelte Seitentaschen<\/p>\n<p>Beintasche mit Klettverschluss und zus\u00e4tzlichen Zubeh\u00f6rtaschen, lange Seitentasche und Brusttasche mit Handy- und Zubeh\u00f6rtaschen<\/p>\n<p>Eine gro\u00dfe Anzahl an Taschen erh\u00f6ht die Funktionalit\u00e4t der Hose<\/p>\n<p>Schl\u00fcsselclip<\/p>\n<p>Schlaufen zum Anbringen von zus\u00e4tzlichem Zubeh\u00f6r<\/p>\n<p>Die M\u00f6glichkeit, die L\u00e4nge mit Riemen und die Weite der Hose am unteren Teil der Hose mit einem Rei\u00dfverschluss anzupassen<\/p>\n<p>Knietaschen f\u00fcr Kniesch\u00fctzer<\/p>\n<p>Zus\u00e4tzliche Verst\u00e4rkung an den Taschen, Knien und Unterschenkeln, was die Verschlei\u00dffestigkeit der Hose erh\u00f6ht<\/p>\n<p>Sorgf\u00e4ltige Konstruktion und erh\u00f6hte Haltbarkeit sorgen f\u00fcr hohen Bedienkomfort<\/p>\n<p>OEKO-TEX\u00ae Standard 100 Zertifikat (Pr\u00fcfungen auf den Gehalt gesundheitssch\u00e4dlicher Stoffe)<\/p>\n<p>Das Material und das Band sind gem\u00e4\u00df der Norm EN20471 gepr\u00fcft<\/p>","protected":false},"excerpt":{"rendered":"<p>Za\u0161\u010ditne, podlo\u017eene delavske hla\u010de FORMEN z odstranljivimi naramnicami. &nbsp; 80% poliester, 20% bomba\u017e (CSB barva: 100% poliester) Gramatura 270 g\/m\u00b2 Podloga 100% poliester, gramatura 220 g\/m\u00b2 Podloga 100% poliester taft 190T, te\u017ea 50 g\/m\u00b2 dva zadnja \u017eepa z je\u017ekom in dva dvojna stranska \u017eepa \u017eep na nogah z je\u017ekom in dodatnimi \u017eepi za dodatke, dolg [&hellip;]<\/p>","protected":false},"featured_media":7313,"template":"","meta":[],"product_brand":[],"product_cat":[21,41],"product_tag":[],"class_list":{"0":"post-7297","1":"product","2":"type-product","3":"status-publish","4":"has-post-thumbnail","6":"product_cat-oblacila","7":"product_cat-hlace","9":"first","10":"onbackorder","11":"taxable","12":"shipping-taxable","13":"purchasable","14":"product-type-variable"},"bundled_by":[],"bundle_stock_status":"onbackorder","bundle_stock_quantity":null,"bundle_virtual":false,"bundle_layout":"","bundle_add_to_cart_form_location":"","bundle_editable_in_cart":false,"bundle_sold_individually_context":"","bundle_item_grouping":"","bundle_min_size":"","bundle_max_size":"","bundle_price":[],"bundled_items":[],"bundle_sell_ids":[],"group_of_quantity":0,"min_quantity":0,"max_quantity":"","exclude_order_quantity_value_rules":"no","exclude_category_quantity_rules":"no","combine_variations":"no","yoast_head":"<!-- This site is optimized with the Yoast SEO Premium plugin v23.9 (Yoast SEO v27.3) - https:\/\/yoast.com\/product\/yoast-seo-premium-wordpress\/ -->\n<title>L.HOLLMAN PODLO\u017dENE HLA\u010cE LH-FMNWX-B - AndPro<\/title>\n<meta name=\"robots\" content=\"index, follow, max-snippet:-1, max-image-preview:large, max-video-preview:-1\" \/>\n<link rel=\"canonical\" href=\"https:\/\/andpro.net\/de\/product\/l-hollman-podlozene-hlace-lh-fmnwx-b\/\" \/>\n<meta property=\"og:locale\" content=\"de_DE\" \/>\n<meta property=\"og:type\" content=\"article\" \/>\n<meta property=\"og:title\" content=\"L.HOLLMAN PODLO\u017dENE HLA\u010cE LH-FMNWX-B\" \/>\n<meta property=\"og:description\" content=\"Za\u0161\u010ditne, podlo\u017eene delavske hla\u010de FORMEN z odstranljivimi naramnicami. &nbsp; 80% poliester, 20% bomba\u017e (CSB barva: 100% poliester) Gramatura 270 g\/m\u00b2 Podloga 100% poliester, gramatura 220 g\/m\u00b2 Podloga 100% poliester taft 190T, te\u017ea 50 g\/m\u00b2 dva zadnja \u017eepa z je\u017ekom in dva dvojna stranska \u017eepa \u017eep na nogah z je\u017ekom in dodatnimi \u017eepi za dodatke, dolg [&hellip;]\" \/>\n<meta property=\"og:url\" content=\"https:\/\/andpro.net\/de\/product\/l-hollman-podlozene-hlace-lh-fmnwx-b\/\" \/>\n<meta property=\"og:site_name\" content=\"AndPro\" \/>\n<meta property=\"article:modified_time\" content=\"2025-07-20T10:53:38+00:00\" \/>\n<meta property=\"og:image\" content=\"https:\/\/andpro.net\/wp-content\/uploads\/2024\/01\/0047420480.jpg\" \/>\n\t<meta property=\"og:image:width\" content=\"574\" \/>\n\t<meta property=\"og:image:height\" content=\"1024\" \/>\n\t<meta property=\"og:image:type\" content=\"image\/jpeg\" \/>\n<meta name=\"twitter:card\" content=\"summary_large_image\" \/>\n<meta name=\"twitter:label1\" content=\"Gesch\u00e4tzte Lesezeit\" \/>\n\t<meta name=\"twitter:data1\" content=\"1\u00a0Minute\" \/>\n<script type=\"application\/ld+json\" class=\"yoast-schema-graph\">{\"@context\":\"https:\\\/\\\/schema.org\",\"@graph\":[{\"@type\":\"WebPage\",\"@id\":\"https:\\\/\\\/andpro.net\\\/product\\\/l-hollman-podlozene-hlace-lh-fmnwx-b\\\/\",\"url\":\"https:\\\/\\\/andpro.net\\\/product\\\/l-hollman-podlozene-hlace-lh-fmnwx-b\\\/\",\"name\":\"L.HOLLMAN PODLO\u017dENE HLA\u010cE LH-FMNWX-B - AndPro\",\"isPartOf\":{\"@id\":\"https:\\\/\\\/andpro.net\\\/de\\\/#website\"},\"primaryImageOfPage\":{\"@id\":\"https:\\\/\\\/andpro.net\\\/product\\\/l-hollman-podlozene-hlace-lh-fmnwx-b\\\/#primaryimage\"},\"image\":{\"@id\":\"https:\\\/\\\/andpro.net\\\/product\\\/l-hollman-podlozene-hlace-lh-fmnwx-b\\\/#primaryimage\"},\"thumbnailUrl\":\"https:\\\/\\\/andpro.net\\\/wp-content\\\/uploads\\\/2024\\\/01\\\/0047420480.jpg\",\"datePublished\":\"2024-01-21T20:58:35+00:00\",\"dateModified\":\"2025-07-20T10:53:38+00:00\",\"breadcrumb\":{\"@id\":\"https:\\\/\\\/andpro.net\\\/product\\\/l-hollman-podlozene-hlace-lh-fmnwx-b\\\/#breadcrumb\"},\"inLanguage\":\"de\",\"potentialAction\":[{\"@type\":\"ReadAction\",\"target\":[\"https:\\\/\\\/andpro.net\\\/product\\\/l-hollman-podlozene-hlace-lh-fmnwx-b\\\/\"]}]},{\"@type\":\"ImageObject\",\"inLanguage\":\"de\",\"@id\":\"https:\\\/\\\/andpro.net\\\/product\\\/l-hollman-podlozene-hlace-lh-fmnwx-b\\\/#primaryimage\",\"url\":\"https:\\\/\\\/andpro.net\\\/wp-content\\\/uploads\\\/2024\\\/01\\\/0047420480.jpg\",\"contentUrl\":\"https:\\\/\\\/andpro.net\\\/wp-content\\\/uploads\\\/2024\\\/01\\\/0047420480.jpg\",\"width\":574,\"height\":1024},{\"@type\":\"BreadcrumbList\",\"@id\":\"https:\\\/\\\/andpro.net\\\/product\\\/l-hollman-podlozene-hlace-lh-fmnwx-b\\\/#breadcrumb\",\"itemListElement\":[{\"@type\":\"ListItem\",\"position\":1,\"name\":\"Home\",\"item\":\"https:\\\/\\\/andpro.net\\\/\"},{\"@type\":\"ListItem\",\"position\":2,\"name\":\"Shop\",\"item\":\"https:\\\/\\\/andpro.net\\\/en\\\/shop\\\/\"},{\"@type\":\"ListItem\",\"position\":3,\"name\":\"L.HOLLMAN PODLO\u017dENE HLA\u010cE LH-FMNWX-B\"}]},{\"@type\":\"WebSite\",\"@id\":\"https:\\\/\\\/andpro.net\\\/de\\\/#website\",\"url\":\"https:\\\/\\\/andpro.net\\\/de\\\/\",\"name\":\"AndPro\",\"description\":\"The best decision\",\"publisher\":{\"@id\":\"https:\\\/\\\/andpro.net\\\/de\\\/#organization\"},\"potentialAction\":[{\"@type\":\"SearchAction\",\"target\":{\"@type\":\"EntryPoint\",\"urlTemplate\":\"https:\\\/\\\/andpro.net\\\/de\\\/?s={search_term_string}\"},\"query-input\":{\"@type\":\"PropertyValueSpecification\",\"valueRequired\":true,\"valueName\":\"search_term_string\"}}],\"inLanguage\":\"de\"},{\"@type\":\"Organization\",\"@id\":\"https:\\\/\\\/andpro.net\\\/de\\\/#organization\",\"name\":\"AndPro\",\"url\":\"https:\\\/\\\/andpro.net\\\/de\\\/\",\"logo\":{\"@type\":\"ImageObject\",\"inLanguage\":\"de\",\"@id\":\"https:\\\/\\\/andpro.net\\\/de\\\/#\\\/schema\\\/logo\\\/image\\\/\",\"url\":\"https:\\\/\\\/andpro.net\\\/wp-content\\\/uploads\\\/2023\\\/11\\\/logo_fix.png\",\"contentUrl\":\"https:\\\/\\\/andpro.net\\\/wp-content\\\/uploads\\\/2023\\\/11\\\/logo_fix.png\",\"width\":1244,\"height\":637,\"caption\":\"AndPro\"},\"image\":{\"@id\":\"https:\\\/\\\/andpro.net\\\/de\\\/#\\\/schema\\\/logo\\\/image\\\/\"}}]}<\/script>\n<!-- \/ Yoast SEO Premium plugin. -->","yoast_head_json":{"title":"L.HOLLMAN PODLO\u017dENE HLA\u010cE LH-FMNWX-B - AndPro","robots":{"index":"index","follow":"follow","max-snippet":"max-snippet:-1","max-image-preview":"max-image-preview:large","max-video-preview":"max-video-preview:-1"},"canonical":"https:\/\/andpro.net\/de\/product\/l-hollman-podlozene-hlace-lh-fmnwx-b\/","og_locale":"de_DE","og_type":"article","og_title":"L.HOLLMAN PODLO\u017dENE HLA\u010cE LH-FMNWX-B","og_description":"Za\u0161\u010ditne, podlo\u017eene delavske hla\u010de FORMEN z odstranljivimi naramnicami. &nbsp; 80% poliester, 20% bomba\u017e (CSB barva: 100% poliester) Gramatura 270 g\/m\u00b2 Podloga 100% poliester, gramatura 220 g\/m\u00b2 Podloga 100% poliester taft 190T, te\u017ea 50 g\/m\u00b2 dva zadnja \u017eepa z je\u017ekom in dva dvojna stranska \u017eepa \u017eep na nogah z je\u017ekom in dodatnimi \u017eepi za dodatke, dolg [&hellip;]","og_url":"https:\/\/andpro.net\/de\/product\/l-hollman-podlozene-hlace-lh-fmnwx-b\/","og_site_name":"AndPro","article_modified_time":"2025-07-20T10:53:38+00:00","og_image":[{"width":574,"height":1024,"url":"https:\/\/andpro.net\/wp-content\/uploads\/2024\/01\/0047420480.jpg","type":"image\/jpeg"}],"twitter_card":"summary_large_image","twitter_misc":{"Gesch\u00e4tzte Lesezeit":"1\u00a0Minute"},"schema":{"@context":"https:\/\/schema.org","@graph":[{"@type":"WebPage","@id":"https:\/\/andpro.net\/product\/l-hollman-podlozene-hlace-lh-fmnwx-b\/","url":"https:\/\/andpro.net\/product\/l-hollman-podlozene-hlace-lh-fmnwx-b\/","name":"L.HOLLMAN PODLO\u017dENE HLA\u010cE LH-FMNWX-B - AndPro","isPartOf":{"@id":"https:\/\/andpro.net\/de\/#website"},"primaryImageOfPage":{"@id":"https:\/\/andpro.net\/product\/l-hollman-podlozene-hlace-lh-fmnwx-b\/#primaryimage"},"image":{"@id":"https:\/\/andpro.net\/product\/l-hollman-podlozene-hlace-lh-fmnwx-b\/#primaryimage"},"thumbnailUrl":"https:\/\/andpro.net\/wp-content\/uploads\/2024\/01\/0047420480.jpg","datePublished":"2024-01-21T20:58:35+00:00","dateModified":"2025-07-20T10:53:38+00:00","breadcrumb":{"@id":"https:\/\/andpro.net\/product\/l-hollman-podlozene-hlace-lh-fmnwx-b\/#breadcrumb"},"inLanguage":"de","potentialAction":[{"@type":"ReadAction","target":["https:\/\/andpro.net\/product\/l-hollman-podlozene-hlace-lh-fmnwx-b\/"]}]},{"@type":"ImageObject","inLanguage":"de","@id":"https:\/\/andpro.net\/product\/l-hollman-podlozene-hlace-lh-fmnwx-b\/#primaryimage","url":"https:\/\/andpro.net\/wp-content\/uploads\/2024\/01\/0047420480.jpg","contentUrl":"https:\/\/andpro.net\/wp-content\/uploads\/2024\/01\/0047420480.jpg","width":574,"height":1024},{"@type":"BreadcrumbList","@id":"https:\/\/andpro.net\/product\/l-hollman-podlozene-hlace-lh-fmnwx-b\/#breadcrumb","itemListElement":[{"@type":"ListItem","position":1,"name":"Home","item":"https:\/\/andpro.net\/"},{"@type":"ListItem","position":2,"name":"Shop","item":"https:\/\/andpro.net\/en\/shop\/"},{"@type":"ListItem","position":3,"name":"L.HOLLMAN PODLO\u017dENE HLA\u010cE LH-FMNWX-B"}]},{"@type":"WebSite","@id":"https:\/\/andpro.net\/de\/#website","url":"https:\/\/andpro.net\/de\/","name":"AndPro","description":"The best decision","publisher":{"@id":"https:\/\/andpro.net\/de\/#organization"},"potentialAction":[{"@type":"SearchAction","target":{"@type":"EntryPoint","urlTemplate":"https:\/\/andpro.net\/de\/?s={search_term_string}"},"query-input":{"@type":"PropertyValueSpecification","valueRequired":true,"valueName":"search_term_string"}}],"inLanguage":"de"},{"@type":"Organization","@id":"https:\/\/andpro.net\/de\/#organization","name":"AndPro","url":"https:\/\/andpro.net\/de\/","logo":{"@type":"ImageObject","inLanguage":"de","@id":"https:\/\/andpro.net\/de\/#\/schema\/logo\/image\/","url":"https:\/\/andpro.net\/wp-content\/uploads\/2023\/11\/logo_fix.png","contentUrl":"https:\/\/andpro.net\/wp-content\/uploads\/2023\/11\/logo_fix.png","width":1244,"height":637,"caption":"AndPro"},"image":{"@id":"https:\/\/andpro.net\/de\/#\/schema\/logo\/image\/"}}]}},"_links":{"self":[{"href":"https:\/\/andpro.net\/de\/wp-json\/wp\/v2\/product\/7297","targetHints":{"allow":["GET"]}}],"collection":[{"href":"https:\/\/andpro.net\/de\/wp-json\/wp\/v2\/product"}],"about":[{"href":"https:\/\/andpro.net\/de\/wp-json\/wp\/v2\/types\/product"}],"wp:featuredmedia":[{"embeddable":true,"href":"https:\/\/andpro.net\/de\/wp-json\/wp\/v2\/media\/7313"}],"wp:attachment":[{"href":"https:\/\/andpro.net\/de\/wp-json\/wp\/v2\/media?parent=7297"}],"wp:term":[{"taxonomy":"product_brand","embeddable":true,"href":"https:\/\/andpro.net\/de\/wp-json\/wp\/v2\/product_brand?post=7297"},{"taxonomy":"product_cat","embeddable":true,"href":"https:\/\/andpro.net\/de\/wp-json\/wp\/v2\/product_cat?post=7297"},{"taxonomy":"product_tag","embeddable":true,"href":"https:\/\/andpro.net\/de\/wp-json\/wp\/v2\/product_tag?post=7297"}],"curies":[{"name":"wp","href":"https:\/\/api.w.org\/{rel}","templated":true}]}}