{"id":7452,"date":"2024-02-05T09:16:57","date_gmt":"2024-02-05T08:16:57","guid":{"rendered":"https:\/\/andpro.net\/?post_type=product&#038;p=7452"},"modified":"2025-07-20T11:51:40","modified_gmt":"2025-07-20T10:51:40","slug":"reis-antistaticne-negorljive-zascitna-hlace-safe-t","status":"publish","type":"product","link":"https:\/\/andpro.net\/de\/product\/reis-antistaticne-negorljive-zascitna-hlace-safe-t\/","title":{"rendered":"REIS ANTISTATIC - FLAMMHEMMENDES SCHUTZHOSE SAFE-T"},"content":{"rendered":"<p>Antistatische, nicht brennbare Schutzhose zum Schutz vor fl\u00fcssigen Chemikalien.<\/p>\n<p>&nbsp;<\/p>\n<p>87 % Baumwolle, 12 % Nylon, 1 % Kohlefaser<\/p>\n<p>\u2013 Grammatur 270 g\/m2<\/p>\n<p>H\u00fcftlange Hose mit Knopfverschluss<\/p>\n<p>zwei Seitentaschen und eine zus\u00e4tzliche Tasche am rechten Bein<\/p>\n<p>Taille mit Gummizug hinten zur Anpassung des Umfangs<\/p>\n<p>bestimmt f\u00fcr Arbeiten in einer Umgebung, in der die F\u00e4higkeit zur Ableitung elektrostatischer Ladung erforderlich ist, um Z\u00fcndentladungen zu verhindern, und in der durch kurzzeitigen Kontakt mit Flammen, W\u00e4rmestrahlung und geschmolzenen Eisenspritzern die Gefahr einer Entz\u00fcndung besteht<\/p>\n<p>Entspricht den Normen: EN ISO 13688, EN 1149-5, EN ISO 11612, EN 13034<\/p>","protected":false},"excerpt":{"rendered":"<p>Antistati\u010dne, negorljive za\u0161\u010ditne delavske hla\u010de za za\u0161\u010dito pred teko\u010dimi kemikalijami. &nbsp; 87% bomba\u017e, 12% najlon, 1% ogljikova vlakna Gramatura 270 g\/m\u00b2 hla\u010de do bokov z zapenjanjem na gumb dva stranska \u017eepa in dodaten \u017eep na desni nogi pas z elastiko zadaj za prilagajanje obsega namenjen za delo v okolju, kjer je potrebna sposobnost razpr\u0161itve elektrostati\u010dnega [&hellip;]<\/p>","protected":false},"featured_media":7461,"template":"","meta":[],"product_brand":[],"product_cat":[21,41],"product_tag":[],"class_list":{"0":"post-7452","1":"product","2":"type-product","3":"status-publish","4":"has-post-thumbnail","6":"product_cat-oblacila","7":"product_cat-hlace","9":"first","10":"onbackorder","11":"taxable","12":"shipping-taxable","13":"purchasable","14":"product-type-variable"},"bundled_by":[],"bundle_stock_status":"onbackorder","bundle_stock_quantity":null,"bundle_virtual":false,"bundle_layout":"","bundle_add_to_cart_form_location":"","bundle_editable_in_cart":false,"bundle_sold_individually_context":"","bundle_item_grouping":"","bundle_min_size":"","bundle_max_size":"","bundle_price":[],"bundled_items":[],"bundle_sell_ids":[],"group_of_quantity":0,"min_quantity":0,"max_quantity":"","exclude_order_quantity_value_rules":"no","exclude_category_quantity_rules":"no","combine_variations":"no","yoast_head":"<!-- This site is optimized with the Yoast SEO Premium plugin v23.9 (Yoast SEO v27.4) - https:\/\/yoast.com\/product\/yoast-seo-premium-wordpress\/ -->\n<title>REIS ANTISTATI\u010cNE - NEGORLJIVE ZA\u0160\u010cITNA HLA\u010cE SAFE-T - AndPro<\/title>\n<meta name=\"robots\" content=\"index, follow, max-snippet:-1, max-image-preview:large, max-video-preview:-1\" \/>\n<link rel=\"canonical\" href=\"https:\/\/andpro.net\/de\/product\/reis-antistaticne-negorljive-zascitna-hlace-safe-t\/\" \/>\n<meta property=\"og:locale\" content=\"de_DE\" \/>\n<meta property=\"og:type\" content=\"article\" \/>\n<meta property=\"og:title\" content=\"REIS ANTISTATI\u010cNE - NEGORLJIVE ZA\u0160\u010cITNA HLA\u010cE SAFE-T\" \/>\n<meta property=\"og:description\" content=\"Antistati\u010dne, negorljive za\u0161\u010ditne delavske hla\u010de za za\u0161\u010dito pred teko\u010dimi kemikalijami. &nbsp; 87% bomba\u017e, 12% najlon, 1% ogljikova vlakna Gramatura 270 g\/m\u00b2 hla\u010de do bokov z zapenjanjem na gumb dva stranska \u017eepa in dodaten \u017eep na desni nogi pas z elastiko zadaj za prilagajanje obsega namenjen za delo v okolju, kjer je potrebna sposobnost razpr\u0161itve elektrostati\u010dnega [&hellip;]\" \/>\n<meta property=\"og:url\" content=\"https:\/\/andpro.net\/de\/product\/reis-antistaticne-negorljive-zascitna-hlace-safe-t\/\" \/>\n<meta property=\"og:site_name\" content=\"AndPro\" \/>\n<meta property=\"article:modified_time\" content=\"2025-07-20T10:51:40+00:00\" \/>\n<meta property=\"og:image\" content=\"https:\/\/andpro.net\/wp-content\/uploads\/2024\/02\/0048858848.jpg\" \/>\n\t<meta property=\"og:image:width\" content=\"556\" \/>\n\t<meta property=\"og:image:height\" content=\"1024\" \/>\n\t<meta property=\"og:image:type\" content=\"image\/jpeg\" \/>\n<meta name=\"twitter:card\" content=\"summary_large_image\" \/>\n<meta name=\"twitter:label1\" content=\"Gesch\u00e4tzte Lesezeit\" \/>\n\t<meta name=\"twitter:data1\" content=\"1\u00a0Minute\" \/>\n<script type=\"application\/ld+json\" class=\"yoast-schema-graph\">{\"@context\":\"https:\\\/\\\/schema.org\",\"@graph\":[{\"@type\":\"WebPage\",\"@id\":\"https:\\\/\\\/andpro.net\\\/product\\\/reis-antistaticne-negorljive-zascitna-hlace-safe-t\\\/\",\"url\":\"https:\\\/\\\/andpro.net\\\/product\\\/reis-antistaticne-negorljive-zascitna-hlace-safe-t\\\/\",\"name\":\"REIS ANTISTATI\u010cNE - NEGORLJIVE ZA\u0160\u010cITNA HLA\u010cE SAFE-T - AndPro\",\"isPartOf\":{\"@id\":\"https:\\\/\\\/andpro.net\\\/de\\\/#website\"},\"primaryImageOfPage\":{\"@id\":\"https:\\\/\\\/andpro.net\\\/product\\\/reis-antistaticne-negorljive-zascitna-hlace-safe-t\\\/#primaryimage\"},\"image\":{\"@id\":\"https:\\\/\\\/andpro.net\\\/product\\\/reis-antistaticne-negorljive-zascitna-hlace-safe-t\\\/#primaryimage\"},\"thumbnailUrl\":\"https:\\\/\\\/andpro.net\\\/wp-content\\\/uploads\\\/2024\\\/02\\\/0048858848.jpg\",\"datePublished\":\"2024-02-05T08:16:57+00:00\",\"dateModified\":\"2025-07-20T10:51:40+00:00\",\"breadcrumb\":{\"@id\":\"https:\\\/\\\/andpro.net\\\/product\\\/reis-antistaticne-negorljive-zascitna-hlace-safe-t\\\/#breadcrumb\"},\"inLanguage\":\"de\",\"potentialAction\":[{\"@type\":\"ReadAction\",\"target\":[\"https:\\\/\\\/andpro.net\\\/product\\\/reis-antistaticne-negorljive-zascitna-hlace-safe-t\\\/\"]}]},{\"@type\":\"ImageObject\",\"inLanguage\":\"de\",\"@id\":\"https:\\\/\\\/andpro.net\\\/product\\\/reis-antistaticne-negorljive-zascitna-hlace-safe-t\\\/#primaryimage\",\"url\":\"https:\\\/\\\/andpro.net\\\/wp-content\\\/uploads\\\/2024\\\/02\\\/0048858848.jpg\",\"contentUrl\":\"https:\\\/\\\/andpro.net\\\/wp-content\\\/uploads\\\/2024\\\/02\\\/0048858848.jpg\",\"width\":556,\"height\":1024},{\"@type\":\"BreadcrumbList\",\"@id\":\"https:\\\/\\\/andpro.net\\\/product\\\/reis-antistaticne-negorljive-zascitna-hlace-safe-t\\\/#breadcrumb\",\"itemListElement\":[{\"@type\":\"ListItem\",\"position\":1,\"name\":\"Home\",\"item\":\"https:\\\/\\\/andpro.net\\\/\"},{\"@type\":\"ListItem\",\"position\":2,\"name\":\"Shop\",\"item\":\"https:\\\/\\\/andpro.net\\\/en\\\/shop\\\/\"},{\"@type\":\"ListItem\",\"position\":3,\"name\":\"REIS ANTISTATI\u010cNE &#8211; NEGORLJIVE ZA\u0160\u010cITNA HLA\u010cE SAFE-T\"}]},{\"@type\":\"WebSite\",\"@id\":\"https:\\\/\\\/andpro.net\\\/de\\\/#website\",\"url\":\"https:\\\/\\\/andpro.net\\\/de\\\/\",\"name\":\"AndPro\",\"description\":\"The best decision\",\"publisher\":{\"@id\":\"https:\\\/\\\/andpro.net\\\/de\\\/#organization\"},\"potentialAction\":[{\"@type\":\"SearchAction\",\"target\":{\"@type\":\"EntryPoint\",\"urlTemplate\":\"https:\\\/\\\/andpro.net\\\/de\\\/?s={search_term_string}\"},\"query-input\":{\"@type\":\"PropertyValueSpecification\",\"valueRequired\":true,\"valueName\":\"search_term_string\"}}],\"inLanguage\":\"de\"},{\"@type\":\"Organization\",\"@id\":\"https:\\\/\\\/andpro.net\\\/de\\\/#organization\",\"name\":\"AndPro\",\"url\":\"https:\\\/\\\/andpro.net\\\/de\\\/\",\"logo\":{\"@type\":\"ImageObject\",\"inLanguage\":\"de\",\"@id\":\"https:\\\/\\\/andpro.net\\\/de\\\/#\\\/schema\\\/logo\\\/image\\\/\",\"url\":\"https:\\\/\\\/andpro.net\\\/wp-content\\\/uploads\\\/2023\\\/11\\\/logo_fix.png\",\"contentUrl\":\"https:\\\/\\\/andpro.net\\\/wp-content\\\/uploads\\\/2023\\\/11\\\/logo_fix.png\",\"width\":1244,\"height\":637,\"caption\":\"AndPro\"},\"image\":{\"@id\":\"https:\\\/\\\/andpro.net\\\/de\\\/#\\\/schema\\\/logo\\\/image\\\/\"}}]}<\/script>\n<!-- \/ Yoast SEO Premium plugin. -->","yoast_head_json":{"title":"REIS ANTISTATI\u010cNE - NEGORLJIVE ZA\u0160\u010cITNA HLA\u010cE SAFE-T - AndPro","robots":{"index":"index","follow":"follow","max-snippet":"max-snippet:-1","max-image-preview":"max-image-preview:large","max-video-preview":"max-video-preview:-1"},"canonical":"https:\/\/andpro.net\/de\/product\/reis-antistaticne-negorljive-zascitna-hlace-safe-t\/","og_locale":"de_DE","og_type":"article","og_title":"REIS ANTISTATI\u010cNE - NEGORLJIVE ZA\u0160\u010cITNA HLA\u010cE SAFE-T","og_description":"Antistati\u010dne, negorljive za\u0161\u010ditne delavske hla\u010de za za\u0161\u010dito pred teko\u010dimi kemikalijami. &nbsp; 87% bomba\u017e, 12% najlon, 1% ogljikova vlakna Gramatura 270 g\/m\u00b2 hla\u010de do bokov z zapenjanjem na gumb dva stranska \u017eepa in dodaten \u017eep na desni nogi pas z elastiko zadaj za prilagajanje obsega namenjen za delo v okolju, kjer je potrebna sposobnost razpr\u0161itve elektrostati\u010dnega [&hellip;]","og_url":"https:\/\/andpro.net\/de\/product\/reis-antistaticne-negorljive-zascitna-hlace-safe-t\/","og_site_name":"AndPro","article_modified_time":"2025-07-20T10:51:40+00:00","og_image":[{"width":556,"height":1024,"url":"https:\/\/andpro.net\/wp-content\/uploads\/2024\/02\/0048858848.jpg","type":"image\/jpeg"}],"twitter_card":"summary_large_image","twitter_misc":{"Gesch\u00e4tzte Lesezeit":"1\u00a0Minute"},"schema":{"@context":"https:\/\/schema.org","@graph":[{"@type":"WebPage","@id":"https:\/\/andpro.net\/product\/reis-antistaticne-negorljive-zascitna-hlace-safe-t\/","url":"https:\/\/andpro.net\/product\/reis-antistaticne-negorljive-zascitna-hlace-safe-t\/","name":"REIS ANTISTATI\u010cNE - NEGORLJIVE ZA\u0160\u010cITNA HLA\u010cE SAFE-T - AndPro","isPartOf":{"@id":"https:\/\/andpro.net\/de\/#website"},"primaryImageOfPage":{"@id":"https:\/\/andpro.net\/product\/reis-antistaticne-negorljive-zascitna-hlace-safe-t\/#primaryimage"},"image":{"@id":"https:\/\/andpro.net\/product\/reis-antistaticne-negorljive-zascitna-hlace-safe-t\/#primaryimage"},"thumbnailUrl":"https:\/\/andpro.net\/wp-content\/uploads\/2024\/02\/0048858848.jpg","datePublished":"2024-02-05T08:16:57+00:00","dateModified":"2025-07-20T10:51:40+00:00","breadcrumb":{"@id":"https:\/\/andpro.net\/product\/reis-antistaticne-negorljive-zascitna-hlace-safe-t\/#breadcrumb"},"inLanguage":"de","potentialAction":[{"@type":"ReadAction","target":["https:\/\/andpro.net\/product\/reis-antistaticne-negorljive-zascitna-hlace-safe-t\/"]}]},{"@type":"ImageObject","inLanguage":"de","@id":"https:\/\/andpro.net\/product\/reis-antistaticne-negorljive-zascitna-hlace-safe-t\/#primaryimage","url":"https:\/\/andpro.net\/wp-content\/uploads\/2024\/02\/0048858848.jpg","contentUrl":"https:\/\/andpro.net\/wp-content\/uploads\/2024\/02\/0048858848.jpg","width":556,"height":1024},{"@type":"BreadcrumbList","@id":"https:\/\/andpro.net\/product\/reis-antistaticne-negorljive-zascitna-hlace-safe-t\/#breadcrumb","itemListElement":[{"@type":"ListItem","position":1,"name":"Home","item":"https:\/\/andpro.net\/"},{"@type":"ListItem","position":2,"name":"Shop","item":"https:\/\/andpro.net\/en\/shop\/"},{"@type":"ListItem","position":3,"name":"REIS ANTISTATI\u010cNE &#8211; NEGORLJIVE ZA\u0160\u010cITNA HLA\u010cE SAFE-T"}]},{"@type":"WebSite","@id":"https:\/\/andpro.net\/de\/#website","url":"https:\/\/andpro.net\/de\/","name":"AndPro","description":"The best decision","publisher":{"@id":"https:\/\/andpro.net\/de\/#organization"},"potentialAction":[{"@type":"SearchAction","target":{"@type":"EntryPoint","urlTemplate":"https:\/\/andpro.net\/de\/?s={search_term_string}"},"query-input":{"@type":"PropertyValueSpecification","valueRequired":true,"valueName":"search_term_string"}}],"inLanguage":"de"},{"@type":"Organization","@id":"https:\/\/andpro.net\/de\/#organization","name":"AndPro","url":"https:\/\/andpro.net\/de\/","logo":{"@type":"ImageObject","inLanguage":"de","@id":"https:\/\/andpro.net\/de\/#\/schema\/logo\/image\/","url":"https:\/\/andpro.net\/wp-content\/uploads\/2023\/11\/logo_fix.png","contentUrl":"https:\/\/andpro.net\/wp-content\/uploads\/2023\/11\/logo_fix.png","width":1244,"height":637,"caption":"AndPro"},"image":{"@id":"https:\/\/andpro.net\/de\/#\/schema\/logo\/image\/"}}]}},"_links":{"self":[{"href":"https:\/\/andpro.net\/de\/wp-json\/wp\/v2\/product\/7452","targetHints":{"allow":["GET"]}}],"collection":[{"href":"https:\/\/andpro.net\/de\/wp-json\/wp\/v2\/product"}],"about":[{"href":"https:\/\/andpro.net\/de\/wp-json\/wp\/v2\/types\/product"}],"wp:featuredmedia":[{"embeddable":true,"href":"https:\/\/andpro.net\/de\/wp-json\/wp\/v2\/media\/7461"}],"wp:attachment":[{"href":"https:\/\/andpro.net\/de\/wp-json\/wp\/v2\/media?parent=7452"}],"wp:term":[{"taxonomy":"product_brand","embeddable":true,"href":"https:\/\/andpro.net\/de\/wp-json\/wp\/v2\/product_brand?post=7452"},{"taxonomy":"product_cat","embeddable":true,"href":"https:\/\/andpro.net\/de\/wp-json\/wp\/v2\/product_cat?post=7452"},{"taxonomy":"product_tag","embeddable":true,"href":"https:\/\/andpro.net\/de\/wp-json\/wp\/v2\/product_tag?post=7452"}],"curies":[{"name":"wp","href":"https:\/\/api.w.org\/{rel}","templated":true}]}}