{"id":7658,"date":"2024-02-16T08:42:46","date_gmt":"2024-02-16T07:42:46","guid":{"rendered":"https:\/\/andpro.net\/?post_type=product&#038;p=7658"},"modified":"2025-07-20T11:43:42","modified_gmt":"2025-07-20T10:43:42","slug":"reis-zascitna-jakna-prox-j","status":"publish","type":"product","link":"https:\/\/andpro.net\/de\/product\/reis-zascitna-jakna-prox-j\/","title":{"rendered":"REIS SCHUTZJACKE PROX-J"},"content":{"rendered":"<p>PROX-Jacke (Bluse).<\/p>\n<p>&nbsp;<\/p>\n<p>Stoff: 65 % Polyester, 35 % Baumwolle<\/p>\n<p>Grammatur 295-300 g\/m2<\/p>\n<p>Gelbe und orangefarbene Materialeins\u00e4tze: 80 % Polyester, 20 % Baumwolle<\/p>\n<p>Wird mit einem Rei\u00dfverschluss mit zus\u00e4tzlichem Klettverschluss befestigt<\/p>\n<p>Die \u00c4rmel werden zur individuellen Anpassung mit Schnallen befestigt<\/p>\n<p>zwei Brusttaschen mit Klettverschluss und zwei an den Seiten<\/p>\n<p>zus\u00e4tzliche Handytasche am Jacken\u00e4rmel<\/p>\n<p>Unterarmbel\u00fcftungssystem<\/p>\n<p>Gummizug am unteren Teil der Jacke, der ein Abstehen der Jacke verhindert und sie vor Wind sch\u00fctzt<\/p>\n<p>Eins\u00e4tze mit reflektierenden Elementen<\/p>\n<p>\u2013 modernes Design und Farben<\/p>","protected":false},"excerpt":{"rendered":"<p>PROX delavska jakna (bluza). &nbsp; Tkanina: 65% poliester, 35% bomba\u017e Gramatura 295-300 g\/m\u00b2 Rumeni in oran\u017eni materialni vlo\u017eki: 80% poliester, 20% bomba\u017e zapenja se z zadrgo z dodatnim je\u017ekom Rokavi se zapenjajo z zaponkami, da jih je mogo\u010de prilagoditi dva \u017eepa na prsih z je\u017eki in dva ob straneh dodaten \u017eep za mobilni telefon na [&hellip;]<\/p>","protected":false},"featured_media":8278,"template":"","meta":[],"product_brand":[],"product_cat":[21,44],"product_tag":[],"class_list":{"0":"post-7658","1":"product","2":"type-product","3":"status-publish","4":"has-post-thumbnail","6":"product_cat-oblacila","7":"product_cat-jakne","9":"first","10":"onbackorder","11":"taxable","12":"shipping-taxable","13":"purchasable","14":"product-type-variable"},"bundled_by":["7842"],"bundle_stock_status":"onbackorder","bundle_stock_quantity":null,"bundle_virtual":false,"bundle_layout":"","bundle_add_to_cart_form_location":"","bundle_editable_in_cart":false,"bundle_sold_individually_context":"","bundle_item_grouping":"","bundle_min_size":"","bundle_max_size":"","bundle_price":[],"bundled_items":[],"bundle_sell_ids":[],"group_of_quantity":0,"min_quantity":0,"max_quantity":"","exclude_order_quantity_value_rules":"no","exclude_category_quantity_rules":"no","combine_variations":"no","yoast_head":"<!-- This site is optimized with the Yoast SEO Premium plugin v23.9 (Yoast SEO v27.4) - https:\/\/yoast.com\/product\/yoast-seo-premium-wordpress\/ -->\n<title>REIS ZA\u0160\u010cITNA JAKNA PROX-J - AndPro<\/title>\n<meta name=\"robots\" content=\"index, follow, max-snippet:-1, max-image-preview:large, max-video-preview:-1\" \/>\n<link rel=\"canonical\" href=\"https:\/\/andpro.net\/de\/product\/reis-zascitna-jakna-prox-j\/\" \/>\n<meta property=\"og:locale\" content=\"de_DE\" \/>\n<meta property=\"og:type\" content=\"article\" \/>\n<meta property=\"og:title\" content=\"REIS ZA\u0160\u010cITNA JAKNA PROX-J\" \/>\n<meta property=\"og:description\" content=\"PROX delavska jakna (bluza). &nbsp; Tkanina: 65% poliester, 35% bomba\u017e Gramatura 295-300 g\/m\u00b2 Rumeni in oran\u017eni materialni vlo\u017eki: 80% poliester, 20% bomba\u017e zapenja se z zadrgo z dodatnim je\u017ekom Rokavi se zapenjajo z zaponkami, da jih je mogo\u010de prilagoditi dva \u017eepa na prsih z je\u017eki in dva ob straneh dodaten \u017eep za mobilni telefon na [&hellip;]\" \/>\n<meta property=\"og:url\" content=\"https:\/\/andpro.net\/de\/product\/reis-zascitna-jakna-prox-j\/\" \/>\n<meta property=\"og:site_name\" content=\"AndPro\" \/>\n<meta property=\"article:modified_time\" content=\"2025-07-20T10:43:42+00:00\" \/>\n<meta property=\"og:image\" content=\"https:\/\/andpro.net\/wp-content\/uploads\/2024\/02\/0048814304-1.jpg\" \/>\n\t<meta property=\"og:image:width\" content=\"586\" \/>\n\t<meta property=\"og:image:height\" content=\"1024\" \/>\n\t<meta property=\"og:image:type\" content=\"image\/jpeg\" \/>\n<meta name=\"twitter:card\" content=\"summary_large_image\" \/>\n<meta name=\"twitter:label1\" content=\"Gesch\u00e4tzte Lesezeit\" \/>\n\t<meta name=\"twitter:data1\" content=\"1\u00a0Minute\" \/>\n<script type=\"application\/ld+json\" class=\"yoast-schema-graph\">{\"@context\":\"https:\\\/\\\/schema.org\",\"@graph\":[{\"@type\":\"WebPage\",\"@id\":\"https:\\\/\\\/andpro.net\\\/product\\\/reis-zascitna-jakna-prox-j\\\/\",\"url\":\"https:\\\/\\\/andpro.net\\\/product\\\/reis-zascitna-jakna-prox-j\\\/\",\"name\":\"REIS ZA\u0160\u010cITNA JAKNA PROX-J - AndPro\",\"isPartOf\":{\"@id\":\"https:\\\/\\\/andpro.net\\\/de\\\/#website\"},\"primaryImageOfPage\":{\"@id\":\"https:\\\/\\\/andpro.net\\\/product\\\/reis-zascitna-jakna-prox-j\\\/#primaryimage\"},\"image\":{\"@id\":\"https:\\\/\\\/andpro.net\\\/product\\\/reis-zascitna-jakna-prox-j\\\/#primaryimage\"},\"thumbnailUrl\":\"https:\\\/\\\/andpro.net\\\/wp-content\\\/uploads\\\/2024\\\/02\\\/0048814304-1.jpg\",\"datePublished\":\"2024-02-16T07:42:46+00:00\",\"dateModified\":\"2025-07-20T10:43:42+00:00\",\"breadcrumb\":{\"@id\":\"https:\\\/\\\/andpro.net\\\/product\\\/reis-zascitna-jakna-prox-j\\\/#breadcrumb\"},\"inLanguage\":\"de\",\"potentialAction\":[{\"@type\":\"ReadAction\",\"target\":[\"https:\\\/\\\/andpro.net\\\/product\\\/reis-zascitna-jakna-prox-j\\\/\"]}]},{\"@type\":\"ImageObject\",\"inLanguage\":\"de\",\"@id\":\"https:\\\/\\\/andpro.net\\\/product\\\/reis-zascitna-jakna-prox-j\\\/#primaryimage\",\"url\":\"https:\\\/\\\/andpro.net\\\/wp-content\\\/uploads\\\/2024\\\/02\\\/0048814304-1.jpg\",\"contentUrl\":\"https:\\\/\\\/andpro.net\\\/wp-content\\\/uploads\\\/2024\\\/02\\\/0048814304-1.jpg\",\"width\":586,\"height\":1024},{\"@type\":\"BreadcrumbList\",\"@id\":\"https:\\\/\\\/andpro.net\\\/product\\\/reis-zascitna-jakna-prox-j\\\/#breadcrumb\",\"itemListElement\":[{\"@type\":\"ListItem\",\"position\":1,\"name\":\"Home\",\"item\":\"https:\\\/\\\/andpro.net\\\/\"},{\"@type\":\"ListItem\",\"position\":2,\"name\":\"Shop\",\"item\":\"https:\\\/\\\/andpro.net\\\/en\\\/shop\\\/\"},{\"@type\":\"ListItem\",\"position\":3,\"name\":\"REIS ZA\u0160\u010cITNA JAKNA PROX-J\"}]},{\"@type\":\"WebSite\",\"@id\":\"https:\\\/\\\/andpro.net\\\/de\\\/#website\",\"url\":\"https:\\\/\\\/andpro.net\\\/de\\\/\",\"name\":\"AndPro\",\"description\":\"The best decision\",\"publisher\":{\"@id\":\"https:\\\/\\\/andpro.net\\\/de\\\/#organization\"},\"potentialAction\":[{\"@type\":\"SearchAction\",\"target\":{\"@type\":\"EntryPoint\",\"urlTemplate\":\"https:\\\/\\\/andpro.net\\\/de\\\/?s={search_term_string}\"},\"query-input\":{\"@type\":\"PropertyValueSpecification\",\"valueRequired\":true,\"valueName\":\"search_term_string\"}}],\"inLanguage\":\"de\"},{\"@type\":\"Organization\",\"@id\":\"https:\\\/\\\/andpro.net\\\/de\\\/#organization\",\"name\":\"AndPro\",\"url\":\"https:\\\/\\\/andpro.net\\\/de\\\/\",\"logo\":{\"@type\":\"ImageObject\",\"inLanguage\":\"de\",\"@id\":\"https:\\\/\\\/andpro.net\\\/de\\\/#\\\/schema\\\/logo\\\/image\\\/\",\"url\":\"https:\\\/\\\/andpro.net\\\/wp-content\\\/uploads\\\/2023\\\/11\\\/logo_fix.png\",\"contentUrl\":\"https:\\\/\\\/andpro.net\\\/wp-content\\\/uploads\\\/2023\\\/11\\\/logo_fix.png\",\"width\":1244,\"height\":637,\"caption\":\"AndPro\"},\"image\":{\"@id\":\"https:\\\/\\\/andpro.net\\\/de\\\/#\\\/schema\\\/logo\\\/image\\\/\"}}]}<\/script>\n<!-- \/ Yoast SEO Premium plugin. -->","yoast_head_json":{"title":"REIS ZA\u0160\u010cITNA JAKNA PROX-J - AndPro","robots":{"index":"index","follow":"follow","max-snippet":"max-snippet:-1","max-image-preview":"max-image-preview:large","max-video-preview":"max-video-preview:-1"},"canonical":"https:\/\/andpro.net\/de\/product\/reis-zascitna-jakna-prox-j\/","og_locale":"de_DE","og_type":"article","og_title":"REIS ZA\u0160\u010cITNA JAKNA PROX-J","og_description":"PROX delavska jakna (bluza). &nbsp; Tkanina: 65% poliester, 35% bomba\u017e Gramatura 295-300 g\/m\u00b2 Rumeni in oran\u017eni materialni vlo\u017eki: 80% poliester, 20% bomba\u017e zapenja se z zadrgo z dodatnim je\u017ekom Rokavi se zapenjajo z zaponkami, da jih je mogo\u010de prilagoditi dva \u017eepa na prsih z je\u017eki in dva ob straneh dodaten \u017eep za mobilni telefon na [&hellip;]","og_url":"https:\/\/andpro.net\/de\/product\/reis-zascitna-jakna-prox-j\/","og_site_name":"AndPro","article_modified_time":"2025-07-20T10:43:42+00:00","og_image":[{"width":586,"height":1024,"url":"https:\/\/andpro.net\/wp-content\/uploads\/2024\/02\/0048814304-1.jpg","type":"image\/jpeg"}],"twitter_card":"summary_large_image","twitter_misc":{"Gesch\u00e4tzte Lesezeit":"1\u00a0Minute"},"schema":{"@context":"https:\/\/schema.org","@graph":[{"@type":"WebPage","@id":"https:\/\/andpro.net\/product\/reis-zascitna-jakna-prox-j\/","url":"https:\/\/andpro.net\/product\/reis-zascitna-jakna-prox-j\/","name":"REIS ZA\u0160\u010cITNA JAKNA PROX-J - AndPro","isPartOf":{"@id":"https:\/\/andpro.net\/de\/#website"},"primaryImageOfPage":{"@id":"https:\/\/andpro.net\/product\/reis-zascitna-jakna-prox-j\/#primaryimage"},"image":{"@id":"https:\/\/andpro.net\/product\/reis-zascitna-jakna-prox-j\/#primaryimage"},"thumbnailUrl":"https:\/\/andpro.net\/wp-content\/uploads\/2024\/02\/0048814304-1.jpg","datePublished":"2024-02-16T07:42:46+00:00","dateModified":"2025-07-20T10:43:42+00:00","breadcrumb":{"@id":"https:\/\/andpro.net\/product\/reis-zascitna-jakna-prox-j\/#breadcrumb"},"inLanguage":"de","potentialAction":[{"@type":"ReadAction","target":["https:\/\/andpro.net\/product\/reis-zascitna-jakna-prox-j\/"]}]},{"@type":"ImageObject","inLanguage":"de","@id":"https:\/\/andpro.net\/product\/reis-zascitna-jakna-prox-j\/#primaryimage","url":"https:\/\/andpro.net\/wp-content\/uploads\/2024\/02\/0048814304-1.jpg","contentUrl":"https:\/\/andpro.net\/wp-content\/uploads\/2024\/02\/0048814304-1.jpg","width":586,"height":1024},{"@type":"BreadcrumbList","@id":"https:\/\/andpro.net\/product\/reis-zascitna-jakna-prox-j\/#breadcrumb","itemListElement":[{"@type":"ListItem","position":1,"name":"Home","item":"https:\/\/andpro.net\/"},{"@type":"ListItem","position":2,"name":"Shop","item":"https:\/\/andpro.net\/en\/shop\/"},{"@type":"ListItem","position":3,"name":"REIS ZA\u0160\u010cITNA JAKNA PROX-J"}]},{"@type":"WebSite","@id":"https:\/\/andpro.net\/de\/#website","url":"https:\/\/andpro.net\/de\/","name":"AndPro","description":"The best decision","publisher":{"@id":"https:\/\/andpro.net\/de\/#organization"},"potentialAction":[{"@type":"SearchAction","target":{"@type":"EntryPoint","urlTemplate":"https:\/\/andpro.net\/de\/?s={search_term_string}"},"query-input":{"@type":"PropertyValueSpecification","valueRequired":true,"valueName":"search_term_string"}}],"inLanguage":"de"},{"@type":"Organization","@id":"https:\/\/andpro.net\/de\/#organization","name":"AndPro","url":"https:\/\/andpro.net\/de\/","logo":{"@type":"ImageObject","inLanguage":"de","@id":"https:\/\/andpro.net\/de\/#\/schema\/logo\/image\/","url":"https:\/\/andpro.net\/wp-content\/uploads\/2023\/11\/logo_fix.png","contentUrl":"https:\/\/andpro.net\/wp-content\/uploads\/2023\/11\/logo_fix.png","width":1244,"height":637,"caption":"AndPro"},"image":{"@id":"https:\/\/andpro.net\/de\/#\/schema\/logo\/image\/"}}]}},"_links":{"self":[{"href":"https:\/\/andpro.net\/de\/wp-json\/wp\/v2\/product\/7658","targetHints":{"allow":["GET"]}}],"collection":[{"href":"https:\/\/andpro.net\/de\/wp-json\/wp\/v2\/product"}],"about":[{"href":"https:\/\/andpro.net\/de\/wp-json\/wp\/v2\/types\/product"}],"wp:featuredmedia":[{"embeddable":true,"href":"https:\/\/andpro.net\/de\/wp-json\/wp\/v2\/media\/8278"}],"wp:attachment":[{"href":"https:\/\/andpro.net\/de\/wp-json\/wp\/v2\/media?parent=7658"}],"wp:term":[{"taxonomy":"product_brand","embeddable":true,"href":"https:\/\/andpro.net\/de\/wp-json\/wp\/v2\/product_brand?post=7658"},{"taxonomy":"product_cat","embeddable":true,"href":"https:\/\/andpro.net\/de\/wp-json\/wp\/v2\/product_cat?post=7658"},{"taxonomy":"product_tag","embeddable":true,"href":"https:\/\/andpro.net\/de\/wp-json\/wp\/v2\/product_tag?post=7658"}],"curies":[{"name":"wp","href":"https:\/\/api.w.org\/{rel}","templated":true}]}}