{"id":8836,"date":"2024-05-27T07:50:15","date_gmt":"2024-05-27T06:50:15","guid":{"rendered":"https:\/\/andpro.net\/?post_type=product&#038;p=8836"},"modified":"2025-07-20T11:24:19","modified_gmt":"2025-07-20T10:24:19","slug":"reis-varnostni-cevlji-bctitanblue_t","status":"publish","type":"product","link":"https:\/\/andpro.net\/de\/product\/reis-varnostni-cevlji-bctitanblue_t\/","title":{"rendered":"REIS SICHERHEITSSCHUHE BCTITANBLUE_T S3 SRC"},"content":{"rendered":"<p>Sicherheits Schuhe TITANBLUE<\/p>\n<p>&nbsp;<\/p>\n<p>Aus Rindsleder<\/p>\n<p>Kn\u00f6chelhohe Arbeitsschuhe TITANBLUE<\/p>\n<p>Rutschfeste, \u00f6lbest\u00e4ndige, antistatische Dual-Density-Polyurethan-Sohle<\/p>\n<p>Sto\u00dfd\u00e4mpfung unter der Ferse<\/p>\n<p>Eine mehrschichtige Fasereinlegesohle, die den Fu\u00df vor Durchstichen mit einem Druck von 1100 N sch\u00fctzt<\/p>\n<p>Fingerteil aus Verbundwerkstoff, best\u00e4ndig gegen St\u00f6\u00dfe mit einer Energie von 200 J und einer Druckkraft von bis zu 15 kN<\/p>\n<p>- eine Gummibeschichtung, die verhindert, dass die Schuhspitze am Untergrund reibt<\/p>\n<p>Kategorie: S3 SRC<\/p>\n<p>\u2013 die Anforderungen der Normen EN20344 und EN20345 erf\u00fcllen<\/p>","protected":false},"excerpt":{"rendered":"<p>Varnostni \u010devlji TITANBLUE, mo\u0161ki. &nbsp; Izdelani iz goveje ko\u017ee \u0160kornji, ki pokrivajo gle\u017eenj Nedrse\u010d, na olje odporen in antistati\u010den podplat iz poliuretana dvojne gostote Absorpcija udarcev pod peto Ve\u010dplastni vlo\u017eek iz vlaken, ki \u0161\u010diti stopalo pred vbodi s pritiskom 1100 N Kompozitni del prsta, odporen na udarce z energijo 200 J in tla\u010dno silo do [&hellip;]<\/p>","protected":false},"featured_media":8846,"template":"","meta":[],"product_brand":[],"product_cat":[23,119],"product_tag":[],"class_list":{"0":"post-8836","1":"product","2":"type-product","3":"status-publish","4":"has-post-thumbnail","6":"product_cat-obutev","7":"product_cat-zascita-za-noge","9":"first","10":"onbackorder","11":"taxable","12":"shipping-taxable","13":"purchasable","14":"product-type-variable"},"bundled_by":[],"bundle_stock_status":"onbackorder","bundle_stock_quantity":null,"bundle_virtual":false,"bundle_layout":"","bundle_add_to_cart_form_location":"","bundle_editable_in_cart":false,"bundle_sold_individually_context":"","bundle_item_grouping":"","bundle_min_size":"","bundle_max_size":"","bundle_price":[],"bundled_items":[],"bundle_sell_ids":[],"group_of_quantity":0,"min_quantity":0,"max_quantity":"","exclude_order_quantity_value_rules":"no","exclude_category_quantity_rules":"no","combine_variations":"no","yoast_head":"<!-- This site is optimized with the Yoast SEO Premium plugin v23.9 (Yoast SEO v27.4) - https:\/\/yoast.com\/product\/yoast-seo-premium-wordpress\/ -->\n<title>REIS VARNOSTNI \u010cEVLJI BCTITANBLUE_T S3 SRC - AndPro<\/title>\n<meta name=\"robots\" content=\"index, follow, max-snippet:-1, max-image-preview:large, max-video-preview:-1\" \/>\n<link rel=\"canonical\" href=\"https:\/\/andpro.net\/de\/product\/reis-varnostni-cevlji-bctitanblue_t\/\" \/>\n<meta property=\"og:locale\" content=\"de_DE\" \/>\n<meta property=\"og:type\" content=\"article\" \/>\n<meta property=\"og:title\" content=\"REIS VARNOSTNI \u010cEVLJI BCTITANBLUE_T S3 SRC\" \/>\n<meta property=\"og:description\" content=\"Varnostni \u010devlji TITANBLUE, mo\u0161ki. &nbsp; Izdelani iz goveje ko\u017ee \u0160kornji, ki pokrivajo gle\u017eenj Nedrse\u010d, na olje odporen in antistati\u010den podplat iz poliuretana dvojne gostote Absorpcija udarcev pod peto Ve\u010dplastni vlo\u017eek iz vlaken, ki \u0161\u010diti stopalo pred vbodi s pritiskom 1100 N Kompozitni del prsta, odporen na udarce z energijo 200 J in tla\u010dno silo do [&hellip;]\" \/>\n<meta property=\"og:url\" content=\"https:\/\/andpro.net\/de\/product\/reis-varnostni-cevlji-bctitanblue_t\/\" \/>\n<meta property=\"og:site_name\" content=\"AndPro\" \/>\n<meta property=\"article:modified_time\" content=\"2025-07-20T10:24:19+00:00\" \/>\n<meta property=\"og:image\" content=\"https:\/\/andpro.net\/wp-content\/uploads\/2024\/05\/0055260336.jpg\" \/>\n\t<meta property=\"og:image:width\" content=\"1024\" \/>\n\t<meta property=\"og:image:height\" content=\"1006\" \/>\n\t<meta property=\"og:image:type\" content=\"image\/jpeg\" \/>\n<meta name=\"twitter:card\" content=\"summary_large_image\" \/>\n<meta name=\"twitter:label1\" content=\"Gesch\u00e4tzte Lesezeit\" \/>\n\t<meta name=\"twitter:data1\" content=\"1\u00a0Minute\" \/>\n<script type=\"application\/ld+json\" class=\"yoast-schema-graph\">{\"@context\":\"https:\\\/\\\/schema.org\",\"@graph\":[{\"@type\":\"WebPage\",\"@id\":\"https:\\\/\\\/andpro.net\\\/product\\\/reis-varnostni-cevlji-bctitanblue_t\\\/\",\"url\":\"https:\\\/\\\/andpro.net\\\/product\\\/reis-varnostni-cevlji-bctitanblue_t\\\/\",\"name\":\"REIS VARNOSTNI \u010cEVLJI BCTITANBLUE_T S3 SRC - AndPro\",\"isPartOf\":{\"@id\":\"https:\\\/\\\/andpro.net\\\/de\\\/#website\"},\"primaryImageOfPage\":{\"@id\":\"https:\\\/\\\/andpro.net\\\/product\\\/reis-varnostni-cevlji-bctitanblue_t\\\/#primaryimage\"},\"image\":{\"@id\":\"https:\\\/\\\/andpro.net\\\/product\\\/reis-varnostni-cevlji-bctitanblue_t\\\/#primaryimage\"},\"thumbnailUrl\":\"https:\\\/\\\/andpro.net\\\/wp-content\\\/uploads\\\/2024\\\/05\\\/0055260336.jpg\",\"datePublished\":\"2024-05-27T06:50:15+00:00\",\"dateModified\":\"2025-07-20T10:24:19+00:00\",\"breadcrumb\":{\"@id\":\"https:\\\/\\\/andpro.net\\\/product\\\/reis-varnostni-cevlji-bctitanblue_t\\\/#breadcrumb\"},\"inLanguage\":\"de\",\"potentialAction\":[{\"@type\":\"ReadAction\",\"target\":[\"https:\\\/\\\/andpro.net\\\/product\\\/reis-varnostni-cevlji-bctitanblue_t\\\/\"]}]},{\"@type\":\"ImageObject\",\"inLanguage\":\"de\",\"@id\":\"https:\\\/\\\/andpro.net\\\/product\\\/reis-varnostni-cevlji-bctitanblue_t\\\/#primaryimage\",\"url\":\"https:\\\/\\\/andpro.net\\\/wp-content\\\/uploads\\\/2024\\\/05\\\/0055260336.jpg\",\"contentUrl\":\"https:\\\/\\\/andpro.net\\\/wp-content\\\/uploads\\\/2024\\\/05\\\/0055260336.jpg\",\"width\":1024,\"height\":1006},{\"@type\":\"BreadcrumbList\",\"@id\":\"https:\\\/\\\/andpro.net\\\/product\\\/reis-varnostni-cevlji-bctitanblue_t\\\/#breadcrumb\",\"itemListElement\":[{\"@type\":\"ListItem\",\"position\":1,\"name\":\"Home\",\"item\":\"https:\\\/\\\/andpro.net\\\/\"},{\"@type\":\"ListItem\",\"position\":2,\"name\":\"Shop\",\"item\":\"https:\\\/\\\/andpro.net\\\/en\\\/shop\\\/\"},{\"@type\":\"ListItem\",\"position\":3,\"name\":\"REIS VARNOSTNI \u010cEVLJI BCTITANBLUE_T S3 SRC\"}]},{\"@type\":\"WebSite\",\"@id\":\"https:\\\/\\\/andpro.net\\\/de\\\/#website\",\"url\":\"https:\\\/\\\/andpro.net\\\/de\\\/\",\"name\":\"AndPro\",\"description\":\"The best decision\",\"publisher\":{\"@id\":\"https:\\\/\\\/andpro.net\\\/de\\\/#organization\"},\"potentialAction\":[{\"@type\":\"SearchAction\",\"target\":{\"@type\":\"EntryPoint\",\"urlTemplate\":\"https:\\\/\\\/andpro.net\\\/de\\\/?s={search_term_string}\"},\"query-input\":{\"@type\":\"PropertyValueSpecification\",\"valueRequired\":true,\"valueName\":\"search_term_string\"}}],\"inLanguage\":\"de\"},{\"@type\":\"Organization\",\"@id\":\"https:\\\/\\\/andpro.net\\\/de\\\/#organization\",\"name\":\"AndPro\",\"url\":\"https:\\\/\\\/andpro.net\\\/de\\\/\",\"logo\":{\"@type\":\"ImageObject\",\"inLanguage\":\"de\",\"@id\":\"https:\\\/\\\/andpro.net\\\/de\\\/#\\\/schema\\\/logo\\\/image\\\/\",\"url\":\"https:\\\/\\\/andpro.net\\\/wp-content\\\/uploads\\\/2023\\\/11\\\/logo_fix.png\",\"contentUrl\":\"https:\\\/\\\/andpro.net\\\/wp-content\\\/uploads\\\/2023\\\/11\\\/logo_fix.png\",\"width\":1244,\"height\":637,\"caption\":\"AndPro\"},\"image\":{\"@id\":\"https:\\\/\\\/andpro.net\\\/de\\\/#\\\/schema\\\/logo\\\/image\\\/\"}}]}<\/script>\n<!-- \/ Yoast SEO Premium plugin. -->","yoast_head_json":{"title":"REIS VARNOSTNI \u010cEVLJI BCTITANBLUE_T S3 SRC - AndPro","robots":{"index":"index","follow":"follow","max-snippet":"max-snippet:-1","max-image-preview":"max-image-preview:large","max-video-preview":"max-video-preview:-1"},"canonical":"https:\/\/andpro.net\/de\/product\/reis-varnostni-cevlji-bctitanblue_t\/","og_locale":"de_DE","og_type":"article","og_title":"REIS VARNOSTNI \u010cEVLJI BCTITANBLUE_T S3 SRC","og_description":"Varnostni \u010devlji TITANBLUE, mo\u0161ki. &nbsp; Izdelani iz goveje ko\u017ee \u0160kornji, ki pokrivajo gle\u017eenj Nedrse\u010d, na olje odporen in antistati\u010den podplat iz poliuretana dvojne gostote Absorpcija udarcev pod peto Ve\u010dplastni vlo\u017eek iz vlaken, ki \u0161\u010diti stopalo pred vbodi s pritiskom 1100 N Kompozitni del prsta, odporen na udarce z energijo 200 J in tla\u010dno silo do [&hellip;]","og_url":"https:\/\/andpro.net\/de\/product\/reis-varnostni-cevlji-bctitanblue_t\/","og_site_name":"AndPro","article_modified_time":"2025-07-20T10:24:19+00:00","og_image":[{"width":1024,"height":1006,"url":"https:\/\/andpro.net\/wp-content\/uploads\/2024\/05\/0055260336.jpg","type":"image\/jpeg"}],"twitter_card":"summary_large_image","twitter_misc":{"Gesch\u00e4tzte Lesezeit":"1\u00a0Minute"},"schema":{"@context":"https:\/\/schema.org","@graph":[{"@type":"WebPage","@id":"https:\/\/andpro.net\/product\/reis-varnostni-cevlji-bctitanblue_t\/","url":"https:\/\/andpro.net\/product\/reis-varnostni-cevlji-bctitanblue_t\/","name":"REIS VARNOSTNI \u010cEVLJI BCTITANBLUE_T S3 SRC - AndPro","isPartOf":{"@id":"https:\/\/andpro.net\/de\/#website"},"primaryImageOfPage":{"@id":"https:\/\/andpro.net\/product\/reis-varnostni-cevlji-bctitanblue_t\/#primaryimage"},"image":{"@id":"https:\/\/andpro.net\/product\/reis-varnostni-cevlji-bctitanblue_t\/#primaryimage"},"thumbnailUrl":"https:\/\/andpro.net\/wp-content\/uploads\/2024\/05\/0055260336.jpg","datePublished":"2024-05-27T06:50:15+00:00","dateModified":"2025-07-20T10:24:19+00:00","breadcrumb":{"@id":"https:\/\/andpro.net\/product\/reis-varnostni-cevlji-bctitanblue_t\/#breadcrumb"},"inLanguage":"de","potentialAction":[{"@type":"ReadAction","target":["https:\/\/andpro.net\/product\/reis-varnostni-cevlji-bctitanblue_t\/"]}]},{"@type":"ImageObject","inLanguage":"de","@id":"https:\/\/andpro.net\/product\/reis-varnostni-cevlji-bctitanblue_t\/#primaryimage","url":"https:\/\/andpro.net\/wp-content\/uploads\/2024\/05\/0055260336.jpg","contentUrl":"https:\/\/andpro.net\/wp-content\/uploads\/2024\/05\/0055260336.jpg","width":1024,"height":1006},{"@type":"BreadcrumbList","@id":"https:\/\/andpro.net\/product\/reis-varnostni-cevlji-bctitanblue_t\/#breadcrumb","itemListElement":[{"@type":"ListItem","position":1,"name":"Home","item":"https:\/\/andpro.net\/"},{"@type":"ListItem","position":2,"name":"Shop","item":"https:\/\/andpro.net\/en\/shop\/"},{"@type":"ListItem","position":3,"name":"REIS VARNOSTNI \u010cEVLJI BCTITANBLUE_T S3 SRC"}]},{"@type":"WebSite","@id":"https:\/\/andpro.net\/de\/#website","url":"https:\/\/andpro.net\/de\/","name":"AndPro","description":"The best decision","publisher":{"@id":"https:\/\/andpro.net\/de\/#organization"},"potentialAction":[{"@type":"SearchAction","target":{"@type":"EntryPoint","urlTemplate":"https:\/\/andpro.net\/de\/?s={search_term_string}"},"query-input":{"@type":"PropertyValueSpecification","valueRequired":true,"valueName":"search_term_string"}}],"inLanguage":"de"},{"@type":"Organization","@id":"https:\/\/andpro.net\/de\/#organization","name":"AndPro","url":"https:\/\/andpro.net\/de\/","logo":{"@type":"ImageObject","inLanguage":"de","@id":"https:\/\/andpro.net\/de\/#\/schema\/logo\/image\/","url":"https:\/\/andpro.net\/wp-content\/uploads\/2023\/11\/logo_fix.png","contentUrl":"https:\/\/andpro.net\/wp-content\/uploads\/2023\/11\/logo_fix.png","width":1244,"height":637,"caption":"AndPro"},"image":{"@id":"https:\/\/andpro.net\/de\/#\/schema\/logo\/image\/"}}]}},"_links":{"self":[{"href":"https:\/\/andpro.net\/de\/wp-json\/wp\/v2\/product\/8836","targetHints":{"allow":["GET"]}}],"collection":[{"href":"https:\/\/andpro.net\/de\/wp-json\/wp\/v2\/product"}],"about":[{"href":"https:\/\/andpro.net\/de\/wp-json\/wp\/v2\/types\/product"}],"wp:featuredmedia":[{"embeddable":true,"href":"https:\/\/andpro.net\/de\/wp-json\/wp\/v2\/media\/8846"}],"wp:attachment":[{"href":"https:\/\/andpro.net\/de\/wp-json\/wp\/v2\/media?parent=8836"}],"wp:term":[{"taxonomy":"product_brand","embeddable":true,"href":"https:\/\/andpro.net\/de\/wp-json\/wp\/v2\/product_brand?post=8836"},{"taxonomy":"product_cat","embeddable":true,"href":"https:\/\/andpro.net\/de\/wp-json\/wp\/v2\/product_cat?post=8836"},{"taxonomy":"product_tag","embeddable":true,"href":"https:\/\/andpro.net\/de\/wp-json\/wp\/v2\/product_tag?post=8836"}],"curies":[{"name":"wp","href":"https:\/\/api.w.org\/{rel}","templated":true}]}}