{"id":8921,"date":"2024-06-11T11:18:57","date_gmt":"2024-06-11T10:18:57","guid":{"rendered":"https:\/\/andpro.net\/?post_type=product&#038;p=8921"},"modified":"2025-07-20T11:07:52","modified_gmt":"2025-07-20T10:07:52","slug":"reis-zascitne-rokavice-redvox-ni","status":"publish","type":"product","link":"https:\/\/andpro.net\/de\/product\/reis-zascitne-rokavice-redvox-ni\/","title":{"rendered":"REIS SCHUTZHANDSCHUHE REDVOX-NI"},"content":{"rendered":"<p>Schutzhandschuhe mit Nitrilbeschichtung<\/p>\n<p>&nbsp;<\/p>\n<p>\u2013 aus Polyester (Naht 13)<\/p>\n<p>beschichtet mit \"glattem\" Nitril, Farbe schwarz,<\/p>\n<p>abgerundet mit schwarzer Manschette<\/p>\n<p>\u2013 flexibel, sodass sie perfekt in der Hand liegen<\/p>\n<p>Sie vermitteln Geschicklichkeit und ein gutes Gesp\u00fcr f\u00fcr den gehaltenen Gegenstand<\/p>\n<p>Nitril erh\u00f6ht die Best\u00e4ndigkeit gegen\u00fcber Fetten und \u00d6len<\/p>\n<p>Wird f\u00fcr allgemeine mechanische Arbeiten verwendet<\/p>\n<p>Entspricht der Norm EN ISO 21420<\/p>","protected":false},"excerpt":{"rendered":"<p>Za\u0161\u010ditne rokavice s prevleko iz nitrila. &nbsp; Izdelane iz poliestra (\u0161iv 13), prevle\u010dene z \u201egladkim\u201c nitrilom, \u010drne barve, zaokro\u017eene s \u010drno man\u0161eto So zelo pro\u017ene in se popolnoma prilegajo roki, zagotavljajo spretnost in odli\u010den ob\u010dutek za predmet, ki ga dr\u017eite Nitril pove\u010da odpornost na ma\u0161\u010dobe in olja Uporabljajo se za splo\u0161na mehani\u010dna dela, v skladu [&hellip;]<\/p>","protected":false},"featured_media":8922,"template":"","meta":[],"product_brand":[],"product_cat":[22,115],"product_tag":[],"class_list":{"0":"post-8921","1":"product","2":"type-product","3":"status-publish","4":"has-post-thumbnail","6":"product_cat-rokavice","7":"product_cat-zascita-za-roke","9":"first","10":"instock","11":"taxable","12":"shipping-taxable","13":"purchasable","14":"product-type-simple"},"bundled_by":[],"bundle_stock_status":"instock","bundle_stock_quantity":5,"bundle_virtual":false,"bundle_layout":"","bundle_add_to_cart_form_location":"","bundle_editable_in_cart":false,"bundle_sold_individually_context":"","bundle_item_grouping":"","bundle_min_size":"","bundle_max_size":"","bundle_price":[],"bundled_items":[],"bundle_sell_ids":[],"group_of_quantity":0,"min_quantity":24,"max_quantity":"","exclude_order_quantity_value_rules":"no","exclude_category_quantity_rules":"no","combine_variations":"no","yoast_head":"<!-- This site is optimized with the Yoast SEO Premium plugin v23.9 (Yoast SEO v27.3) - https:\/\/yoast.com\/product\/yoast-seo-premium-wordpress\/ -->\n<title>REIS ZA\u0160\u010cITNE ROKAVICE REDVOX-NI - AndPro<\/title>\n<meta name=\"robots\" content=\"index, follow, max-snippet:-1, max-image-preview:large, max-video-preview:-1\" \/>\n<link rel=\"canonical\" href=\"https:\/\/andpro.net\/de\/product\/reis-zascitne-rokavice-redvox-ni\/\" \/>\n<meta property=\"og:locale\" content=\"de_DE\" \/>\n<meta property=\"og:type\" content=\"article\" \/>\n<meta property=\"og:title\" content=\"REIS ZA\u0160\u010cITNE ROKAVICE REDVOX-NI\" \/>\n<meta property=\"og:description\" content=\"Za\u0161\u010ditne rokavice s prevleko iz nitrila. &nbsp; Izdelane iz poliestra (\u0161iv 13), prevle\u010dene z \u201egladkim\u201c nitrilom, \u010drne barve, zaokro\u017eene s \u010drno man\u0161eto So zelo pro\u017ene in se popolnoma prilegajo roki, zagotavljajo spretnost in odli\u010den ob\u010dutek za predmet, ki ga dr\u017eite Nitril pove\u010da odpornost na ma\u0161\u010dobe in olja Uporabljajo se za splo\u0161na mehani\u010dna dela, v skladu [&hellip;]\" \/>\n<meta property=\"og:url\" content=\"https:\/\/andpro.net\/de\/product\/reis-zascitne-rokavice-redvox-ni\/\" \/>\n<meta property=\"og:site_name\" content=\"AndPro\" \/>\n<meta property=\"article:modified_time\" content=\"2025-07-20T10:07:52+00:00\" \/>\n<meta property=\"og:image\" content=\"https:\/\/andpro.net\/wp-content\/uploads\/2024\/06\/0045347968.jpg\" \/>\n\t<meta property=\"og:image:width\" content=\"737\" \/>\n\t<meta property=\"og:image:height\" content=\"1024\" \/>\n\t<meta property=\"og:image:type\" content=\"image\/jpeg\" \/>\n<meta name=\"twitter:card\" content=\"summary_large_image\" \/>\n<meta name=\"twitter:label1\" content=\"Gesch\u00e4tzte Lesezeit\" \/>\n\t<meta name=\"twitter:data1\" content=\"1\u00a0Minute\" \/>\n<script type=\"application\/ld+json\" class=\"yoast-schema-graph\">{\"@context\":\"https:\\\/\\\/schema.org\",\"@graph\":[{\"@type\":\"WebPage\",\"@id\":\"https:\\\/\\\/andpro.net\\\/product\\\/reis-zascitne-rokavice-redvox-ni\\\/\",\"url\":\"https:\\\/\\\/andpro.net\\\/product\\\/reis-zascitne-rokavice-redvox-ni\\\/\",\"name\":\"REIS ZA\u0160\u010cITNE ROKAVICE REDVOX-NI - AndPro\",\"isPartOf\":{\"@id\":\"https:\\\/\\\/andpro.net\\\/de\\\/#website\"},\"primaryImageOfPage\":{\"@id\":\"https:\\\/\\\/andpro.net\\\/product\\\/reis-zascitne-rokavice-redvox-ni\\\/#primaryimage\"},\"image\":{\"@id\":\"https:\\\/\\\/andpro.net\\\/product\\\/reis-zascitne-rokavice-redvox-ni\\\/#primaryimage\"},\"thumbnailUrl\":\"https:\\\/\\\/andpro.net\\\/wp-content\\\/uploads\\\/2024\\\/06\\\/0045347968.jpg\",\"datePublished\":\"2024-06-11T10:18:57+00:00\",\"dateModified\":\"2025-07-20T10:07:52+00:00\",\"breadcrumb\":{\"@id\":\"https:\\\/\\\/andpro.net\\\/product\\\/reis-zascitne-rokavice-redvox-ni\\\/#breadcrumb\"},\"inLanguage\":\"de\",\"potentialAction\":[{\"@type\":\"ReadAction\",\"target\":[\"https:\\\/\\\/andpro.net\\\/product\\\/reis-zascitne-rokavice-redvox-ni\\\/\"]}]},{\"@type\":\"ImageObject\",\"inLanguage\":\"de\",\"@id\":\"https:\\\/\\\/andpro.net\\\/product\\\/reis-zascitne-rokavice-redvox-ni\\\/#primaryimage\",\"url\":\"https:\\\/\\\/andpro.net\\\/wp-content\\\/uploads\\\/2024\\\/06\\\/0045347968.jpg\",\"contentUrl\":\"https:\\\/\\\/andpro.net\\\/wp-content\\\/uploads\\\/2024\\\/06\\\/0045347968.jpg\",\"width\":737,\"height\":1024},{\"@type\":\"BreadcrumbList\",\"@id\":\"https:\\\/\\\/andpro.net\\\/product\\\/reis-zascitne-rokavice-redvox-ni\\\/#breadcrumb\",\"itemListElement\":[{\"@type\":\"ListItem\",\"position\":1,\"name\":\"Home\",\"item\":\"https:\\\/\\\/andpro.net\\\/\"},{\"@type\":\"ListItem\",\"position\":2,\"name\":\"Shop\",\"item\":\"https:\\\/\\\/andpro.net\\\/en\\\/shop\\\/\"},{\"@type\":\"ListItem\",\"position\":3,\"name\":\"REIS ZA\u0160\u010cITNE ROKAVICE REDVOX-NI\"}]},{\"@type\":\"WebSite\",\"@id\":\"https:\\\/\\\/andpro.net\\\/de\\\/#website\",\"url\":\"https:\\\/\\\/andpro.net\\\/de\\\/\",\"name\":\"AndPro\",\"description\":\"The best decision\",\"publisher\":{\"@id\":\"https:\\\/\\\/andpro.net\\\/de\\\/#organization\"},\"potentialAction\":[{\"@type\":\"SearchAction\",\"target\":{\"@type\":\"EntryPoint\",\"urlTemplate\":\"https:\\\/\\\/andpro.net\\\/de\\\/?s={search_term_string}\"},\"query-input\":{\"@type\":\"PropertyValueSpecification\",\"valueRequired\":true,\"valueName\":\"search_term_string\"}}],\"inLanguage\":\"de\"},{\"@type\":\"Organization\",\"@id\":\"https:\\\/\\\/andpro.net\\\/de\\\/#organization\",\"name\":\"AndPro\",\"url\":\"https:\\\/\\\/andpro.net\\\/de\\\/\",\"logo\":{\"@type\":\"ImageObject\",\"inLanguage\":\"de\",\"@id\":\"https:\\\/\\\/andpro.net\\\/de\\\/#\\\/schema\\\/logo\\\/image\\\/\",\"url\":\"https:\\\/\\\/andpro.net\\\/wp-content\\\/uploads\\\/2023\\\/11\\\/logo_fix.png\",\"contentUrl\":\"https:\\\/\\\/andpro.net\\\/wp-content\\\/uploads\\\/2023\\\/11\\\/logo_fix.png\",\"width\":1244,\"height\":637,\"caption\":\"AndPro\"},\"image\":{\"@id\":\"https:\\\/\\\/andpro.net\\\/de\\\/#\\\/schema\\\/logo\\\/image\\\/\"}}]}<\/script>\n<!-- \/ Yoast SEO Premium plugin. -->","yoast_head_json":{"title":"REIS ZA\u0160\u010cITNE ROKAVICE REDVOX-NI - AndPro","robots":{"index":"index","follow":"follow","max-snippet":"max-snippet:-1","max-image-preview":"max-image-preview:large","max-video-preview":"max-video-preview:-1"},"canonical":"https:\/\/andpro.net\/de\/product\/reis-zascitne-rokavice-redvox-ni\/","og_locale":"de_DE","og_type":"article","og_title":"REIS ZA\u0160\u010cITNE ROKAVICE REDVOX-NI","og_description":"Za\u0161\u010ditne rokavice s prevleko iz nitrila. &nbsp; Izdelane iz poliestra (\u0161iv 13), prevle\u010dene z \u201egladkim\u201c nitrilom, \u010drne barve, zaokro\u017eene s \u010drno man\u0161eto So zelo pro\u017ene in se popolnoma prilegajo roki, zagotavljajo spretnost in odli\u010den ob\u010dutek za predmet, ki ga dr\u017eite Nitril pove\u010da odpornost na ma\u0161\u010dobe in olja Uporabljajo se za splo\u0161na mehani\u010dna dela, v skladu [&hellip;]","og_url":"https:\/\/andpro.net\/de\/product\/reis-zascitne-rokavice-redvox-ni\/","og_site_name":"AndPro","article_modified_time":"2025-07-20T10:07:52+00:00","og_image":[{"width":737,"height":1024,"url":"https:\/\/andpro.net\/wp-content\/uploads\/2024\/06\/0045347968.jpg","type":"image\/jpeg"}],"twitter_card":"summary_large_image","twitter_misc":{"Gesch\u00e4tzte Lesezeit":"1\u00a0Minute"},"schema":{"@context":"https:\/\/schema.org","@graph":[{"@type":"WebPage","@id":"https:\/\/andpro.net\/product\/reis-zascitne-rokavice-redvox-ni\/","url":"https:\/\/andpro.net\/product\/reis-zascitne-rokavice-redvox-ni\/","name":"REIS ZA\u0160\u010cITNE ROKAVICE REDVOX-NI - AndPro","isPartOf":{"@id":"https:\/\/andpro.net\/de\/#website"},"primaryImageOfPage":{"@id":"https:\/\/andpro.net\/product\/reis-zascitne-rokavice-redvox-ni\/#primaryimage"},"image":{"@id":"https:\/\/andpro.net\/product\/reis-zascitne-rokavice-redvox-ni\/#primaryimage"},"thumbnailUrl":"https:\/\/andpro.net\/wp-content\/uploads\/2024\/06\/0045347968.jpg","datePublished":"2024-06-11T10:18:57+00:00","dateModified":"2025-07-20T10:07:52+00:00","breadcrumb":{"@id":"https:\/\/andpro.net\/product\/reis-zascitne-rokavice-redvox-ni\/#breadcrumb"},"inLanguage":"de","potentialAction":[{"@type":"ReadAction","target":["https:\/\/andpro.net\/product\/reis-zascitne-rokavice-redvox-ni\/"]}]},{"@type":"ImageObject","inLanguage":"de","@id":"https:\/\/andpro.net\/product\/reis-zascitne-rokavice-redvox-ni\/#primaryimage","url":"https:\/\/andpro.net\/wp-content\/uploads\/2024\/06\/0045347968.jpg","contentUrl":"https:\/\/andpro.net\/wp-content\/uploads\/2024\/06\/0045347968.jpg","width":737,"height":1024},{"@type":"BreadcrumbList","@id":"https:\/\/andpro.net\/product\/reis-zascitne-rokavice-redvox-ni\/#breadcrumb","itemListElement":[{"@type":"ListItem","position":1,"name":"Home","item":"https:\/\/andpro.net\/"},{"@type":"ListItem","position":2,"name":"Shop","item":"https:\/\/andpro.net\/en\/shop\/"},{"@type":"ListItem","position":3,"name":"REIS ZA\u0160\u010cITNE ROKAVICE REDVOX-NI"}]},{"@type":"WebSite","@id":"https:\/\/andpro.net\/de\/#website","url":"https:\/\/andpro.net\/de\/","name":"AndPro","description":"The best decision","publisher":{"@id":"https:\/\/andpro.net\/de\/#organization"},"potentialAction":[{"@type":"SearchAction","target":{"@type":"EntryPoint","urlTemplate":"https:\/\/andpro.net\/de\/?s={search_term_string}"},"query-input":{"@type":"PropertyValueSpecification","valueRequired":true,"valueName":"search_term_string"}}],"inLanguage":"de"},{"@type":"Organization","@id":"https:\/\/andpro.net\/de\/#organization","name":"AndPro","url":"https:\/\/andpro.net\/de\/","logo":{"@type":"ImageObject","inLanguage":"de","@id":"https:\/\/andpro.net\/de\/#\/schema\/logo\/image\/","url":"https:\/\/andpro.net\/wp-content\/uploads\/2023\/11\/logo_fix.png","contentUrl":"https:\/\/andpro.net\/wp-content\/uploads\/2023\/11\/logo_fix.png","width":1244,"height":637,"caption":"AndPro"},"image":{"@id":"https:\/\/andpro.net\/de\/#\/schema\/logo\/image\/"}}]}},"_links":{"self":[{"href":"https:\/\/andpro.net\/de\/wp-json\/wp\/v2\/product\/8921","targetHints":{"allow":["GET"]}}],"collection":[{"href":"https:\/\/andpro.net\/de\/wp-json\/wp\/v2\/product"}],"about":[{"href":"https:\/\/andpro.net\/de\/wp-json\/wp\/v2\/types\/product"}],"wp:featuredmedia":[{"embeddable":true,"href":"https:\/\/andpro.net\/de\/wp-json\/wp\/v2\/media\/8922"}],"wp:attachment":[{"href":"https:\/\/andpro.net\/de\/wp-json\/wp\/v2\/media?parent=8921"}],"wp:term":[{"taxonomy":"product_brand","embeddable":true,"href":"https:\/\/andpro.net\/de\/wp-json\/wp\/v2\/product_brand?post=8921"},{"taxonomy":"product_cat","embeddable":true,"href":"https:\/\/andpro.net\/de\/wp-json\/wp\/v2\/product_cat?post=8921"},{"taxonomy":"product_tag","embeddable":true,"href":"https:\/\/andpro.net\/de\/wp-json\/wp\/v2\/product_tag?post=8921"}],"curies":[{"name":"wp","href":"https:\/\/api.w.org\/{rel}","templated":true}]}}