{"id":9032,"date":"2024-06-12T13:19:42","date_gmt":"2024-06-12T12:19:42","guid":{"rendered":"https:\/\/andpro.net\/?post_type=product&#038;p=9032"},"modified":"2025-07-20T11:03:49","modified_gmt":"2025-07-20T10:03:49","slug":"reis-zascitna-ocala-gog-frameb-uni","status":"publish","type":"product","link":"https:\/\/andpro.net\/de\/product\/reis-zascitna-ocala-gog-frameb-uni\/","title":{"rendered":"REIS ZA\u0160\u010cITNA O\u010cALA GOG-FRAMEB UNI"},"content":{"rendered":"<p>O\u010dala za za\u0161\u010dito pred razbitinami &#8211; UNI<\/p>\n<p>&nbsp;<\/p>\n<p>opti\u010dni razred 1<\/p>\n<p>Prilagojena je dol\u017eina rok o\u010dal,<\/p>\n<p>\u010drn okvir,<\/p>\n<p>majhne luknjice na koncu rok, na katere lahko na primer pritrdite vrvico, tako da lahko o\u010dala obesite okoli vratu.<\/p>\n<p>Za za\u0161\u010dito o\u010di pred brizganjem trdnih teles, ki se pojavljajo med ro\u010dno in mehansko obdelavo kovin, lesa, plastike, kerami\u010dnih materialov, pridobivanjem mineralov itd.<\/p>\n<p>Nudijo za\u0161\u010dito pred majhnimi brizgi trdnih teles z energijo udarca do 45 m\/s (F),<\/p>\n<p>izpolnjujejo zahteve standarda EN166<\/p>\n<p>Velikost: UNI<\/p>","protected":false},"excerpt":{"rendered":"<p>O\u010dala za za\u0161\u010dito pred razbitinami &#8211; UNI &nbsp; opti\u010dni razred 1 Prilagojena je dol\u017eina rok o\u010dal, \u010drn okvir, majhne luknjice na koncu rok, na katere lahko na primer pritrdite vrvico, tako da lahko o\u010dala obesite okoli vratu. Za za\u0161\u010dito o\u010di pred brizganjem trdnih teles, ki se pojavljajo med ro\u010dno in mehansko obdelavo kovin, lesa, plastike, [&hellip;]<\/p>","protected":false},"featured_media":9034,"template":"","meta":[],"product_brand":[],"product_cat":[24,214,136],"product_tag":[],"class_list":{"0":"post-9032","1":"product","2":"type-product","3":"status-publish","4":"has-post-thumbnail","6":"product_cat-zascita-glave","7":"product_cat-zascita-za-glavo-2","8":"product_cat-zascita-za-oci","10":"first","11":"onbackorder","12":"taxable","13":"shipping-taxable","14":"purchasable","15":"product-type-simple"},"bundled_by":[],"bundle_stock_status":"onbackorder","bundle_stock_quantity":null,"bundle_virtual":false,"bundle_layout":"","bundle_add_to_cart_form_location":"","bundle_editable_in_cart":false,"bundle_sold_individually_context":"","bundle_item_grouping":"","bundle_min_size":"","bundle_max_size":"","bundle_price":[],"bundled_items":[],"bundle_sell_ids":[],"group_of_quantity":0,"min_quantity":12,"max_quantity":"","exclude_order_quantity_value_rules":"no","exclude_category_quantity_rules":"no","combine_variations":"no","yoast_head":"<!-- This site is optimized with the Yoast SEO Premium plugin v23.9 (Yoast SEO v27.3) - https:\/\/yoast.com\/product\/yoast-seo-premium-wordpress\/ -->\n<title>REIS ZA\u0160\u010cITNA O\u010cALA GOG-FRAMEB UNI - AndPro<\/title>\n<meta name=\"robots\" content=\"index, follow, max-snippet:-1, max-image-preview:large, max-video-preview:-1\" \/>\n<link rel=\"canonical\" href=\"https:\/\/andpro.net\/de\/product\/reis-zascitna-ocala-gog-frameb-uni\/\" \/>\n<meta property=\"og:locale\" content=\"de_DE\" \/>\n<meta property=\"og:type\" content=\"article\" \/>\n<meta property=\"og:title\" content=\"REIS ZA\u0160\u010cITNA O\u010cALA GOG-FRAMEB UNI\" \/>\n<meta property=\"og:description\" content=\"O\u010dala za za\u0161\u010dito pred razbitinami &#8211; UNI &nbsp; opti\u010dni razred 1 Prilagojena je dol\u017eina rok o\u010dal, \u010drn okvir, majhne luknjice na koncu rok, na katere lahko na primer pritrdite vrvico, tako da lahko o\u010dala obesite okoli vratu. Za za\u0161\u010dito o\u010di pred brizganjem trdnih teles, ki se pojavljajo med ro\u010dno in mehansko obdelavo kovin, lesa, plastike, [&hellip;]\" \/>\n<meta property=\"og:url\" content=\"https:\/\/andpro.net\/de\/product\/reis-zascitna-ocala-gog-frameb-uni\/\" \/>\n<meta property=\"og:site_name\" content=\"AndPro\" \/>\n<meta property=\"article:modified_time\" content=\"2025-07-20T10:03:49+00:00\" \/>\n<meta property=\"og:image\" content=\"https:\/\/andpro.net\/wp-content\/uploads\/2024\/06\/0058772016.jpg\" \/>\n\t<meta property=\"og:image:width\" content=\"661\" \/>\n\t<meta property=\"og:image:height\" content=\"1024\" \/>\n\t<meta property=\"og:image:type\" content=\"image\/jpeg\" \/>\n<meta name=\"twitter:card\" content=\"summary_large_image\" \/>\n<meta name=\"twitter:label1\" content=\"Gesch\u00e4tzte Lesezeit\" \/>\n\t<meta name=\"twitter:data1\" content=\"1\u00a0Minute\" \/>\n<script type=\"application\/ld+json\" class=\"yoast-schema-graph\">{\"@context\":\"https:\\\/\\\/schema.org\",\"@graph\":[{\"@type\":\"WebPage\",\"@id\":\"https:\\\/\\\/andpro.net\\\/product\\\/reis-zascitna-ocala-gog-frameb-uni\\\/\",\"url\":\"https:\\\/\\\/andpro.net\\\/product\\\/reis-zascitna-ocala-gog-frameb-uni\\\/\",\"name\":\"REIS ZA\u0160\u010cITNA O\u010cALA GOG-FRAMEB UNI - AndPro\",\"isPartOf\":{\"@id\":\"https:\\\/\\\/andpro.net\\\/de\\\/#website\"},\"primaryImageOfPage\":{\"@id\":\"https:\\\/\\\/andpro.net\\\/product\\\/reis-zascitna-ocala-gog-frameb-uni\\\/#primaryimage\"},\"image\":{\"@id\":\"https:\\\/\\\/andpro.net\\\/product\\\/reis-zascitna-ocala-gog-frameb-uni\\\/#primaryimage\"},\"thumbnailUrl\":\"https:\\\/\\\/andpro.net\\\/wp-content\\\/uploads\\\/2024\\\/06\\\/0058772016.jpg\",\"datePublished\":\"2024-06-12T12:19:42+00:00\",\"dateModified\":\"2025-07-20T10:03:49+00:00\",\"breadcrumb\":{\"@id\":\"https:\\\/\\\/andpro.net\\\/product\\\/reis-zascitna-ocala-gog-frameb-uni\\\/#breadcrumb\"},\"inLanguage\":\"de\",\"potentialAction\":[{\"@type\":\"ReadAction\",\"target\":[\"https:\\\/\\\/andpro.net\\\/product\\\/reis-zascitna-ocala-gog-frameb-uni\\\/\"]}]},{\"@type\":\"ImageObject\",\"inLanguage\":\"de\",\"@id\":\"https:\\\/\\\/andpro.net\\\/product\\\/reis-zascitna-ocala-gog-frameb-uni\\\/#primaryimage\",\"url\":\"https:\\\/\\\/andpro.net\\\/wp-content\\\/uploads\\\/2024\\\/06\\\/0058772016.jpg\",\"contentUrl\":\"https:\\\/\\\/andpro.net\\\/wp-content\\\/uploads\\\/2024\\\/06\\\/0058772016.jpg\",\"width\":661,\"height\":1024},{\"@type\":\"BreadcrumbList\",\"@id\":\"https:\\\/\\\/andpro.net\\\/product\\\/reis-zascitna-ocala-gog-frameb-uni\\\/#breadcrumb\",\"itemListElement\":[{\"@type\":\"ListItem\",\"position\":1,\"name\":\"Home\",\"item\":\"https:\\\/\\\/andpro.net\\\/\"},{\"@type\":\"ListItem\",\"position\":2,\"name\":\"Shop\",\"item\":\"https:\\\/\\\/andpro.net\\\/en\\\/shop\\\/\"},{\"@type\":\"ListItem\",\"position\":3,\"name\":\"REIS ZA\u0160\u010cITNA O\u010cALA GOG-FRAMEB UNI\"}]},{\"@type\":\"WebSite\",\"@id\":\"https:\\\/\\\/andpro.net\\\/de\\\/#website\",\"url\":\"https:\\\/\\\/andpro.net\\\/de\\\/\",\"name\":\"AndPro\",\"description\":\"The best decision\",\"publisher\":{\"@id\":\"https:\\\/\\\/andpro.net\\\/de\\\/#organization\"},\"potentialAction\":[{\"@type\":\"SearchAction\",\"target\":{\"@type\":\"EntryPoint\",\"urlTemplate\":\"https:\\\/\\\/andpro.net\\\/de\\\/?s={search_term_string}\"},\"query-input\":{\"@type\":\"PropertyValueSpecification\",\"valueRequired\":true,\"valueName\":\"search_term_string\"}}],\"inLanguage\":\"de\"},{\"@type\":\"Organization\",\"@id\":\"https:\\\/\\\/andpro.net\\\/de\\\/#organization\",\"name\":\"AndPro\",\"url\":\"https:\\\/\\\/andpro.net\\\/de\\\/\",\"logo\":{\"@type\":\"ImageObject\",\"inLanguage\":\"de\",\"@id\":\"https:\\\/\\\/andpro.net\\\/de\\\/#\\\/schema\\\/logo\\\/image\\\/\",\"url\":\"https:\\\/\\\/andpro.net\\\/wp-content\\\/uploads\\\/2023\\\/11\\\/logo_fix.png\",\"contentUrl\":\"https:\\\/\\\/andpro.net\\\/wp-content\\\/uploads\\\/2023\\\/11\\\/logo_fix.png\",\"width\":1244,\"height\":637,\"caption\":\"AndPro\"},\"image\":{\"@id\":\"https:\\\/\\\/andpro.net\\\/de\\\/#\\\/schema\\\/logo\\\/image\\\/\"}}]}<\/script>\n<!-- \/ Yoast SEO Premium plugin. -->","yoast_head_json":{"title":"REIS ZA\u0160\u010cITNA O\u010cALA GOG-FRAMEB UNI - AndPro","robots":{"index":"index","follow":"follow","max-snippet":"max-snippet:-1","max-image-preview":"max-image-preview:large","max-video-preview":"max-video-preview:-1"},"canonical":"https:\/\/andpro.net\/de\/product\/reis-zascitna-ocala-gog-frameb-uni\/","og_locale":"de_DE","og_type":"article","og_title":"REIS ZA\u0160\u010cITNA O\u010cALA GOG-FRAMEB UNI","og_description":"O\u010dala za za\u0161\u010dito pred razbitinami &#8211; UNI &nbsp; opti\u010dni razred 1 Prilagojena je dol\u017eina rok o\u010dal, \u010drn okvir, majhne luknjice na koncu rok, na katere lahko na primer pritrdite vrvico, tako da lahko o\u010dala obesite okoli vratu. Za za\u0161\u010dito o\u010di pred brizganjem trdnih teles, ki se pojavljajo med ro\u010dno in mehansko obdelavo kovin, lesa, plastike, [&hellip;]","og_url":"https:\/\/andpro.net\/de\/product\/reis-zascitna-ocala-gog-frameb-uni\/","og_site_name":"AndPro","article_modified_time":"2025-07-20T10:03:49+00:00","og_image":[{"width":661,"height":1024,"url":"https:\/\/andpro.net\/wp-content\/uploads\/2024\/06\/0058772016.jpg","type":"image\/jpeg"}],"twitter_card":"summary_large_image","twitter_misc":{"Gesch\u00e4tzte Lesezeit":"1\u00a0Minute"},"schema":{"@context":"https:\/\/schema.org","@graph":[{"@type":"WebPage","@id":"https:\/\/andpro.net\/product\/reis-zascitna-ocala-gog-frameb-uni\/","url":"https:\/\/andpro.net\/product\/reis-zascitna-ocala-gog-frameb-uni\/","name":"REIS ZA\u0160\u010cITNA O\u010cALA GOG-FRAMEB UNI - AndPro","isPartOf":{"@id":"https:\/\/andpro.net\/de\/#website"},"primaryImageOfPage":{"@id":"https:\/\/andpro.net\/product\/reis-zascitna-ocala-gog-frameb-uni\/#primaryimage"},"image":{"@id":"https:\/\/andpro.net\/product\/reis-zascitna-ocala-gog-frameb-uni\/#primaryimage"},"thumbnailUrl":"https:\/\/andpro.net\/wp-content\/uploads\/2024\/06\/0058772016.jpg","datePublished":"2024-06-12T12:19:42+00:00","dateModified":"2025-07-20T10:03:49+00:00","breadcrumb":{"@id":"https:\/\/andpro.net\/product\/reis-zascitna-ocala-gog-frameb-uni\/#breadcrumb"},"inLanguage":"de","potentialAction":[{"@type":"ReadAction","target":["https:\/\/andpro.net\/product\/reis-zascitna-ocala-gog-frameb-uni\/"]}]},{"@type":"ImageObject","inLanguage":"de","@id":"https:\/\/andpro.net\/product\/reis-zascitna-ocala-gog-frameb-uni\/#primaryimage","url":"https:\/\/andpro.net\/wp-content\/uploads\/2024\/06\/0058772016.jpg","contentUrl":"https:\/\/andpro.net\/wp-content\/uploads\/2024\/06\/0058772016.jpg","width":661,"height":1024},{"@type":"BreadcrumbList","@id":"https:\/\/andpro.net\/product\/reis-zascitna-ocala-gog-frameb-uni\/#breadcrumb","itemListElement":[{"@type":"ListItem","position":1,"name":"Home","item":"https:\/\/andpro.net\/"},{"@type":"ListItem","position":2,"name":"Shop","item":"https:\/\/andpro.net\/en\/shop\/"},{"@type":"ListItem","position":3,"name":"REIS ZA\u0160\u010cITNA O\u010cALA GOG-FRAMEB UNI"}]},{"@type":"WebSite","@id":"https:\/\/andpro.net\/de\/#website","url":"https:\/\/andpro.net\/de\/","name":"AndPro","description":"The best decision","publisher":{"@id":"https:\/\/andpro.net\/de\/#organization"},"potentialAction":[{"@type":"SearchAction","target":{"@type":"EntryPoint","urlTemplate":"https:\/\/andpro.net\/de\/?s={search_term_string}"},"query-input":{"@type":"PropertyValueSpecification","valueRequired":true,"valueName":"search_term_string"}}],"inLanguage":"de"},{"@type":"Organization","@id":"https:\/\/andpro.net\/de\/#organization","name":"AndPro","url":"https:\/\/andpro.net\/de\/","logo":{"@type":"ImageObject","inLanguage":"de","@id":"https:\/\/andpro.net\/de\/#\/schema\/logo\/image\/","url":"https:\/\/andpro.net\/wp-content\/uploads\/2023\/11\/logo_fix.png","contentUrl":"https:\/\/andpro.net\/wp-content\/uploads\/2023\/11\/logo_fix.png","width":1244,"height":637,"caption":"AndPro"},"image":{"@id":"https:\/\/andpro.net\/de\/#\/schema\/logo\/image\/"}}]}},"_links":{"self":[{"href":"https:\/\/andpro.net\/de\/wp-json\/wp\/v2\/product\/9032","targetHints":{"allow":["GET"]}}],"collection":[{"href":"https:\/\/andpro.net\/de\/wp-json\/wp\/v2\/product"}],"about":[{"href":"https:\/\/andpro.net\/de\/wp-json\/wp\/v2\/types\/product"}],"wp:featuredmedia":[{"embeddable":true,"href":"https:\/\/andpro.net\/de\/wp-json\/wp\/v2\/media\/9034"}],"wp:attachment":[{"href":"https:\/\/andpro.net\/de\/wp-json\/wp\/v2\/media?parent=9032"}],"wp:term":[{"taxonomy":"product_brand","embeddable":true,"href":"https:\/\/andpro.net\/de\/wp-json\/wp\/v2\/product_brand?post=9032"},{"taxonomy":"product_cat","embeddable":true,"href":"https:\/\/andpro.net\/de\/wp-json\/wp\/v2\/product_cat?post=9032"},{"taxonomy":"product_tag","embeddable":true,"href":"https:\/\/andpro.net\/de\/wp-json\/wp\/v2\/product_tag?post=9032"}],"curies":[{"name":"wp","href":"https:\/\/api.w.org\/{rel}","templated":true}]}}