{"id":9446,"date":"2024-09-08T12:07:57","date_gmt":"2024-09-08T11:07:57","guid":{"rendered":"https:\/\/andpro.net\/?post_type=product&#038;p=9446"},"modified":"2025-07-20T10:57:34","modified_gmt":"2025-07-20T09:57:34","slug":"l-hollman-zascitne-hlace-lh-verdon-t-stretch","status":"publish","type":"product","link":"https:\/\/andpro.net\/de\/product\/l-hollman-zascitne-hlace-lh-verdon-t-stretch\/","title":{"rendered":"L.HOLLMAN SCHUTZHOSEN LH-VERDON-TS; STRETCH"},"content":{"rendered":"<p>Mo\u0161ke za\u0161\u010ditne hla\u010de &#8211; STRETCH<\/p>\n<p>&#8211; Glavni material: \u0161tirismerno raztegljiva tkanina 90 % poliester, 10 % elastan, gramatura 240 g\/m\u00b2<\/p>\n<p>- Knie- und Ges\u00e4\u00dftaschenfutter: 100% Polyester-Jacquard-Oxfrod 300D, 310 g\/m\u00b2<\/p>\n<p>- Eins\u00e4tze an der Taille und in den Taschen: Twillgewebe: 65 % Polyester, 35 % Baumwolle, 270 g\/m\u00b2.<\/p>\n<p>- Vier-Wege-Stretchmaterial, das sich in alle Richtungen dehnt<\/p>\n<p>- Verschluss mit Kn\u00f6pfen, Klettverschluss und Rei\u00dfverschluss<\/p>\n<p>- Silikon am Bund gegen Verrutschen<\/p>\n<p>&#8211; dva stranska \u017eepa, dva dvojna monta\u017ena \u017eepa, eden s predali, in dva zadnja \u017eepa<\/p>\n<p>&#8211; \u017eepi na nogah, eden z velcro zapenjanjem in en stranski \u017eep s predali<\/p>\n<p>&#8211; profilirana kolena<\/p>\n<p>- Zus\u00e4tzliche Schlaufe f\u00fcr Zubeh\u00f6r mit Klettverschluss<\/p>\n<p>&#8211; Konica za pritrditev klju\u010dev<\/p>\n<p>&#8211; dr\u017ealo za orodje na desni nogi<\/p>","protected":false},"excerpt":{"rendered":"<p>Mo\u0161ke za\u0161\u010ditne hla\u010de &#8211; STRETCH &#8211; Glavni material: \u0161tirismerno raztegljiva tkanina 90 % poliester, 10 % elastan, gramatura 240 g\/m\u00b2 &#8211; Vlo\u017eki na kolenih in na hrbtni strani \u017eepov: 100 % poliestrska \u017eakardna tkanina oxfrod 300D, gramatura 310 g\/m\u00b2 &#8211; Vlo\u017eki v pasu in na \u017eepih: Tkanina Twill: 65 % poliester, 35 % bomba\u017e, gramatura [&hellip;]<\/p>","protected":false},"featured_media":9456,"template":"","meta":[],"product_brand":[116],"product_cat":[21,41],"product_tag":[],"class_list":{"0":"post-9446","1":"product","2":"type-product","3":"status-publish","4":"has-post-thumbnail","6":"product_brand-l-hollman","7":"product_cat-oblacila","8":"product_cat-hlace","10":"first","11":"instock","12":"taxable","13":"shipping-taxable","14":"purchasable","15":"product-type-variable"},"bundled_by":[],"bundle_stock_status":"instock","bundle_stock_quantity":1,"bundle_virtual":false,"bundle_layout":"","bundle_add_to_cart_form_location":"","bundle_editable_in_cart":false,"bundle_sold_individually_context":"","bundle_item_grouping":"","bundle_min_size":"","bundle_max_size":"","bundle_price":[],"bundled_items":[],"bundle_sell_ids":[],"group_of_quantity":0,"min_quantity":0,"max_quantity":"","exclude_order_quantity_value_rules":"no","exclude_category_quantity_rules":"no","combine_variations":"no","yoast_head":"<!-- This site is optimized with the Yoast SEO Premium plugin v23.9 (Yoast SEO v27.4) - https:\/\/yoast.com\/product\/yoast-seo-premium-wordpress\/ -->\n<title>L. HOLLMAN ZA\u0160\u010cITNE HLA\u010cE LH-VERDON-T - STRETCH - AndPro<\/title>\n<meta name=\"robots\" content=\"index, follow, max-snippet:-1, max-image-preview:large, max-video-preview:-1\" \/>\n<link rel=\"canonical\" href=\"https:\/\/andpro.net\/de\/product\/l-hollman-zascitne-hlace-lh-verdon-t-stretch\/\" \/>\n<meta property=\"og:locale\" content=\"de_DE\" \/>\n<meta property=\"og:type\" content=\"article\" \/>\n<meta property=\"og:title\" content=\"L. HOLLMAN ZA\u0160\u010cITNE HLA\u010cE LH-VERDON-T - STRETCH\" \/>\n<meta property=\"og:description\" content=\"Mo\u0161ke za\u0161\u010ditne hla\u010de &#8211; STRETCH &#8211; Glavni material: \u0161tirismerno raztegljiva tkanina 90 % poliester, 10 % elastan, gramatura 240 g\/m\u00b2 &#8211; Vlo\u017eki na kolenih in na hrbtni strani \u017eepov: 100 % poliestrska \u017eakardna tkanina oxfrod 300D, gramatura 310 g\/m\u00b2 &#8211; Vlo\u017eki v pasu in na \u017eepih: Tkanina Twill: 65 % poliester, 35 % bomba\u017e, gramatura [&hellip;]\" \/>\n<meta property=\"og:url\" content=\"https:\/\/andpro.net\/de\/product\/l-hollman-zascitne-hlace-lh-verdon-t-stretch\/\" \/>\n<meta property=\"og:site_name\" content=\"AndPro\" \/>\n<meta property=\"article:modified_time\" content=\"2025-07-20T09:57:34+00:00\" \/>\n<meta property=\"og:image\" content=\"https:\/\/andpro.net\/wp-content\/uploads\/2024\/09\/0067024880-1.jpg\" \/>\n\t<meta property=\"og:image:width\" content=\"707\" \/>\n\t<meta property=\"og:image:height\" content=\"1024\" \/>\n\t<meta property=\"og:image:type\" content=\"image\/jpeg\" \/>\n<meta name=\"twitter:card\" content=\"summary_large_image\" \/>\n<meta name=\"twitter:label1\" content=\"Gesch\u00e4tzte Lesezeit\" \/>\n\t<meta name=\"twitter:data1\" content=\"1\u00a0Minute\" \/>\n<script type=\"application\/ld+json\" class=\"yoast-schema-graph\">{\"@context\":\"https:\\\/\\\/schema.org\",\"@graph\":[{\"@type\":\"WebPage\",\"@id\":\"https:\\\/\\\/andpro.net\\\/product\\\/l-hollman-zascitne-hlace-lh-verdon-t-stretch\\\/\",\"url\":\"https:\\\/\\\/andpro.net\\\/product\\\/l-hollman-zascitne-hlace-lh-verdon-t-stretch\\\/\",\"name\":\"L. HOLLMAN ZA\u0160\u010cITNE HLA\u010cE LH-VERDON-T - STRETCH - AndPro\",\"isPartOf\":{\"@id\":\"https:\\\/\\\/andpro.net\\\/de\\\/#website\"},\"primaryImageOfPage\":{\"@id\":\"https:\\\/\\\/andpro.net\\\/product\\\/l-hollman-zascitne-hlace-lh-verdon-t-stretch\\\/#primaryimage\"},\"image\":{\"@id\":\"https:\\\/\\\/andpro.net\\\/product\\\/l-hollman-zascitne-hlace-lh-verdon-t-stretch\\\/#primaryimage\"},\"thumbnailUrl\":\"https:\\\/\\\/andpro.net\\\/wp-content\\\/uploads\\\/2024\\\/09\\\/0067024880-1.jpg\",\"datePublished\":\"2024-09-08T11:07:57+00:00\",\"dateModified\":\"2025-07-20T09:57:34+00:00\",\"breadcrumb\":{\"@id\":\"https:\\\/\\\/andpro.net\\\/product\\\/l-hollman-zascitne-hlace-lh-verdon-t-stretch\\\/#breadcrumb\"},\"inLanguage\":\"de\",\"potentialAction\":[{\"@type\":\"ReadAction\",\"target\":[\"https:\\\/\\\/andpro.net\\\/product\\\/l-hollman-zascitne-hlace-lh-verdon-t-stretch\\\/\"]}]},{\"@type\":\"ImageObject\",\"inLanguage\":\"de\",\"@id\":\"https:\\\/\\\/andpro.net\\\/product\\\/l-hollman-zascitne-hlace-lh-verdon-t-stretch\\\/#primaryimage\",\"url\":\"https:\\\/\\\/andpro.net\\\/wp-content\\\/uploads\\\/2024\\\/09\\\/0067024880-1.jpg\",\"contentUrl\":\"https:\\\/\\\/andpro.net\\\/wp-content\\\/uploads\\\/2024\\\/09\\\/0067024880-1.jpg\",\"width\":707,\"height\":1024},{\"@type\":\"BreadcrumbList\",\"@id\":\"https:\\\/\\\/andpro.net\\\/product\\\/l-hollman-zascitne-hlace-lh-verdon-t-stretch\\\/#breadcrumb\",\"itemListElement\":[{\"@type\":\"ListItem\",\"position\":1,\"name\":\"Home\",\"item\":\"https:\\\/\\\/andpro.net\\\/\"},{\"@type\":\"ListItem\",\"position\":2,\"name\":\"Shop\",\"item\":\"https:\\\/\\\/andpro.net\\\/en\\\/shop\\\/\"},{\"@type\":\"ListItem\",\"position\":3,\"name\":\"L. HOLLMAN ZA\u0160\u010cITNE HLA\u010cE LH-VERDON-T &#8211; STRETCH\"}]},{\"@type\":\"WebSite\",\"@id\":\"https:\\\/\\\/andpro.net\\\/de\\\/#website\",\"url\":\"https:\\\/\\\/andpro.net\\\/de\\\/\",\"name\":\"AndPro\",\"description\":\"The best decision\",\"publisher\":{\"@id\":\"https:\\\/\\\/andpro.net\\\/de\\\/#organization\"},\"potentialAction\":[{\"@type\":\"SearchAction\",\"target\":{\"@type\":\"EntryPoint\",\"urlTemplate\":\"https:\\\/\\\/andpro.net\\\/de\\\/?s={search_term_string}\"},\"query-input\":{\"@type\":\"PropertyValueSpecification\",\"valueRequired\":true,\"valueName\":\"search_term_string\"}}],\"inLanguage\":\"de\"},{\"@type\":\"Organization\",\"@id\":\"https:\\\/\\\/andpro.net\\\/de\\\/#organization\",\"name\":\"AndPro\",\"url\":\"https:\\\/\\\/andpro.net\\\/de\\\/\",\"logo\":{\"@type\":\"ImageObject\",\"inLanguage\":\"de\",\"@id\":\"https:\\\/\\\/andpro.net\\\/de\\\/#\\\/schema\\\/logo\\\/image\\\/\",\"url\":\"https:\\\/\\\/andpro.net\\\/wp-content\\\/uploads\\\/2023\\\/11\\\/logo_fix.png\",\"contentUrl\":\"https:\\\/\\\/andpro.net\\\/wp-content\\\/uploads\\\/2023\\\/11\\\/logo_fix.png\",\"width\":1244,\"height\":637,\"caption\":\"AndPro\"},\"image\":{\"@id\":\"https:\\\/\\\/andpro.net\\\/de\\\/#\\\/schema\\\/logo\\\/image\\\/\"}}]}<\/script>\n<!-- \/ Yoast SEO Premium plugin. -->","yoast_head_json":{"title":"L. HOLLMAN ZA\u0160\u010cITNE HLA\u010cE LH-VERDON-T - STRETCH - AndPro","robots":{"index":"index","follow":"follow","max-snippet":"max-snippet:-1","max-image-preview":"max-image-preview:large","max-video-preview":"max-video-preview:-1"},"canonical":"https:\/\/andpro.net\/de\/product\/l-hollman-zascitne-hlace-lh-verdon-t-stretch\/","og_locale":"de_DE","og_type":"article","og_title":"L. HOLLMAN ZA\u0160\u010cITNE HLA\u010cE LH-VERDON-T - STRETCH","og_description":"Mo\u0161ke za\u0161\u010ditne hla\u010de &#8211; STRETCH &#8211; Glavni material: \u0161tirismerno raztegljiva tkanina 90 % poliester, 10 % elastan, gramatura 240 g\/m\u00b2 &#8211; Vlo\u017eki na kolenih in na hrbtni strani \u017eepov: 100 % poliestrska \u017eakardna tkanina oxfrod 300D, gramatura 310 g\/m\u00b2 &#8211; Vlo\u017eki v pasu in na \u017eepih: Tkanina Twill: 65 % poliester, 35 % bomba\u017e, gramatura [&hellip;]","og_url":"https:\/\/andpro.net\/de\/product\/l-hollman-zascitne-hlace-lh-verdon-t-stretch\/","og_site_name":"AndPro","article_modified_time":"2025-07-20T09:57:34+00:00","og_image":[{"width":707,"height":1024,"url":"https:\/\/andpro.net\/wp-content\/uploads\/2024\/09\/0067024880-1.jpg","type":"image\/jpeg"}],"twitter_card":"summary_large_image","twitter_misc":{"Gesch\u00e4tzte Lesezeit":"1\u00a0Minute"},"schema":{"@context":"https:\/\/schema.org","@graph":[{"@type":"WebPage","@id":"https:\/\/andpro.net\/product\/l-hollman-zascitne-hlace-lh-verdon-t-stretch\/","url":"https:\/\/andpro.net\/product\/l-hollman-zascitne-hlace-lh-verdon-t-stretch\/","name":"L. HOLLMAN ZA\u0160\u010cITNE HLA\u010cE LH-VERDON-T - STRETCH - AndPro","isPartOf":{"@id":"https:\/\/andpro.net\/de\/#website"},"primaryImageOfPage":{"@id":"https:\/\/andpro.net\/product\/l-hollman-zascitne-hlace-lh-verdon-t-stretch\/#primaryimage"},"image":{"@id":"https:\/\/andpro.net\/product\/l-hollman-zascitne-hlace-lh-verdon-t-stretch\/#primaryimage"},"thumbnailUrl":"https:\/\/andpro.net\/wp-content\/uploads\/2024\/09\/0067024880-1.jpg","datePublished":"2024-09-08T11:07:57+00:00","dateModified":"2025-07-20T09:57:34+00:00","breadcrumb":{"@id":"https:\/\/andpro.net\/product\/l-hollman-zascitne-hlace-lh-verdon-t-stretch\/#breadcrumb"},"inLanguage":"de","potentialAction":[{"@type":"ReadAction","target":["https:\/\/andpro.net\/product\/l-hollman-zascitne-hlace-lh-verdon-t-stretch\/"]}]},{"@type":"ImageObject","inLanguage":"de","@id":"https:\/\/andpro.net\/product\/l-hollman-zascitne-hlace-lh-verdon-t-stretch\/#primaryimage","url":"https:\/\/andpro.net\/wp-content\/uploads\/2024\/09\/0067024880-1.jpg","contentUrl":"https:\/\/andpro.net\/wp-content\/uploads\/2024\/09\/0067024880-1.jpg","width":707,"height":1024},{"@type":"BreadcrumbList","@id":"https:\/\/andpro.net\/product\/l-hollman-zascitne-hlace-lh-verdon-t-stretch\/#breadcrumb","itemListElement":[{"@type":"ListItem","position":1,"name":"Home","item":"https:\/\/andpro.net\/"},{"@type":"ListItem","position":2,"name":"Shop","item":"https:\/\/andpro.net\/en\/shop\/"},{"@type":"ListItem","position":3,"name":"L. HOLLMAN ZA\u0160\u010cITNE HLA\u010cE LH-VERDON-T &#8211; STRETCH"}]},{"@type":"WebSite","@id":"https:\/\/andpro.net\/de\/#website","url":"https:\/\/andpro.net\/de\/","name":"AndPro","description":"The best decision","publisher":{"@id":"https:\/\/andpro.net\/de\/#organization"},"potentialAction":[{"@type":"SearchAction","target":{"@type":"EntryPoint","urlTemplate":"https:\/\/andpro.net\/de\/?s={search_term_string}"},"query-input":{"@type":"PropertyValueSpecification","valueRequired":true,"valueName":"search_term_string"}}],"inLanguage":"de"},{"@type":"Organization","@id":"https:\/\/andpro.net\/de\/#organization","name":"AndPro","url":"https:\/\/andpro.net\/de\/","logo":{"@type":"ImageObject","inLanguage":"de","@id":"https:\/\/andpro.net\/de\/#\/schema\/logo\/image\/","url":"https:\/\/andpro.net\/wp-content\/uploads\/2023\/11\/logo_fix.png","contentUrl":"https:\/\/andpro.net\/wp-content\/uploads\/2023\/11\/logo_fix.png","width":1244,"height":637,"caption":"AndPro"},"image":{"@id":"https:\/\/andpro.net\/de\/#\/schema\/logo\/image\/"}}]}},"_links":{"self":[{"href":"https:\/\/andpro.net\/de\/wp-json\/wp\/v2\/product\/9446","targetHints":{"allow":["GET"]}}],"collection":[{"href":"https:\/\/andpro.net\/de\/wp-json\/wp\/v2\/product"}],"about":[{"href":"https:\/\/andpro.net\/de\/wp-json\/wp\/v2\/types\/product"}],"wp:featuredmedia":[{"embeddable":true,"href":"https:\/\/andpro.net\/de\/wp-json\/wp\/v2\/media\/9456"}],"wp:attachment":[{"href":"https:\/\/andpro.net\/de\/wp-json\/wp\/v2\/media?parent=9446"}],"wp:term":[{"taxonomy":"product_brand","embeddable":true,"href":"https:\/\/andpro.net\/de\/wp-json\/wp\/v2\/product_brand?post=9446"},{"taxonomy":"product_cat","embeddable":true,"href":"https:\/\/andpro.net\/de\/wp-json\/wp\/v2\/product_cat?post=9446"},{"taxonomy":"product_tag","embeddable":true,"href":"https:\/\/andpro.net\/de\/wp-json\/wp\/v2\/product_tag?post=9446"}],"curies":[{"name":"wp","href":"https:\/\/api.w.org\/{rel}","templated":true}]}}