{"id":9609,"date":"2024-10-21T18:43:04","date_gmt":"2024-10-21T17:43:04","guid":{"rendered":"https:\/\/andpro.net\/?post_type=product&#038;p=9609"},"modified":"2025-07-20T10:55:51","modified_gmt":"2025-07-20T09:55:51","slug":"honeywell-esd-varnostni-cevlji-hw-sprint-p","status":"publish","type":"product","link":"https:\/\/andpro.net\/de\/product\/honeywell-esd-varnostni-cevlji-hw-sprint-p\/","title":{"rendered":"HONEYWELL ESD SICHERHEITSSCHUHE HW-SPRINT-P"},"content":{"rendered":"<p><strong>Sicherheitsschuhe HONEYWELL_SPRINT-P LOW.<\/strong><\/p>\n<ul>\n<li>Obermaterial aus wasserdichtem Leder mit Textileins\u00e4tzen<\/li>\n<li>au\u00dfergew\u00f6hnlicher Komfort und reduzierte Schwei\u00dfbildung dank des optimal sitzenden und atmungsaktiven 3D-Mesh-Futters, das den Innenraum des Schuhs umgibt<\/li>\n<li>izjemno lahek za\u0161\u010ditni pokrov\u010dek za prste brez kovin<\/li>\n<li>\u2013 Pannenschutz in Form einer nichtmetallischen und nichtmagnetischen FLEXIUM-Einlage<\/li>\n<li>- rutschfeste PU2D-Sohle aus zwei Schichten Polyurethan unterschiedlicher Dichte<\/li>\n<li>\u2013 hervorragende Isolierung der Sohle gegen Hitze (HI) und K\u00e4lte (CI)<\/li>\n<li>Vier dreieckige Verschlei\u00dfindikatoren an den Schl\u00fcsselstellen der Sohle erm\u00f6glichen eine unabh\u00e4ngige Bewertung und \u00dcberwachung des Verschlei\u00dfniveaus<\/li>\n<li>Universelle, rutschfeste Trittfl\u00e4che f\u00fcr Arbeiten auf allen Oberfl\u00e4chen geeignet<\/li>\n<li>Erh\u00f6hte Traktion durch Kan\u00e4le, die Fl\u00fcssigkeit unter den Sohlen ableiten<\/li>\n<li>Energieabsorption im Fersenbereich<\/li>\n<li>- Reflektierende Eins\u00e4tze f\u00fcr Sichtbarkeit bei Nacht<\/li>\n<li>Sie passen sich der Fu\u00dfform des Benutzers an und bieten lang anhaltenden Komfort<\/li>\n<li>\u2013 ein stabiler, leichter und hoher Absatz mit einer einzigartigen F\u00e4higkeit, Energie zu absorbieren<\/li>\n<li>Kategorie HI CI S3 ESD SRC<\/li>\n<li>\u2013 die Anforderungen der Normen EN 20345 und EN 61340-4-3 erf\u00fcllen<\/li>\n<\/ul>","protected":false},"excerpt":{"rendered":"<p>Sicherheitsschuhe HONEYWELL_SPRINT-P LOW. Obermaterial aus wasserdichtem Leder mit Textilinnensohle au\u00dfergew\u00f6hnlicher Tragekomfort und reduzierte Schwei\u00dfbildung dank des optimal sitzenden und atmungsaktiven 3D-Mesh-Futters, das den Innenraum des Schuhs umgibt extrem leichte metallfreie Zehenschutzkappe Durchtrittsschutz in Form einer nicht-metallischen und nicht-magnetischen FLEXIUM rutschfeste PU2D-Laufsohle aus zwei Schichten [...]<\/p>","protected":false},"featured_media":9625,"template":"","meta":[],"product_brand":[],"product_cat":[23,119],"product_tag":[],"class_list":{"0":"post-9609","1":"product","2":"type-product","3":"status-publish","4":"has-post-thumbnail","6":"product_cat-obutev","7":"product_cat-zascita-za-noge","9":"first","10":"onbackorder","11":"taxable","12":"shipping-taxable","13":"purchasable","14":"product-type-variable"},"bundled_by":[],"bundle_stock_status":"onbackorder","bundle_stock_quantity":null,"bundle_virtual":false,"bundle_layout":"","bundle_add_to_cart_form_location":"","bundle_editable_in_cart":false,"bundle_sold_individually_context":"","bundle_item_grouping":"","bundle_min_size":"","bundle_max_size":"","bundle_price":[],"bundled_items":[],"bundle_sell_ids":[],"group_of_quantity":0,"min_quantity":0,"max_quantity":"","exclude_order_quantity_value_rules":"no","exclude_category_quantity_rules":"no","combine_variations":"no","yoast_head":"<!-- This site is optimized with the Yoast SEO Premium plugin v23.9 (Yoast SEO v27.4) - https:\/\/yoast.com\/product\/yoast-seo-premium-wordpress\/ -->\n<title>HONEYWELL ESD VARNOSTNI \u010cEVLJI HW-SPRINT-P - AndPro<\/title>\n<meta name=\"robots\" content=\"index, follow, max-snippet:-1, max-image-preview:large, max-video-preview:-1\" \/>\n<link rel=\"canonical\" href=\"https:\/\/andpro.net\/de\/product\/honeywell-esd-varnostni-cevlji-hw-sprint-p\/\" \/>\n<meta property=\"og:locale\" content=\"de_DE\" \/>\n<meta property=\"og:type\" content=\"article\" \/>\n<meta property=\"og:title\" content=\"HONEYWELL ESD VARNOSTNI \u010cEVLJI HW-SPRINT-P\" \/>\n<meta property=\"og:description\" content=\"Varnostni \u010devlji HONEYWELL_SPRINT-P NIZEK. Vodoodporen usnjen zgornji del s tekstilnimi vlo\u017eki izjemno udobje in zmanj\u0161ano znojenje zaradi optimalno prilegajo\u010de se in zra\u010dne podloge iz 3D mre\u017eice, ki obdaja notranjost \u010devlja izjemno lahek za\u0161\u010ditni pokrov\u010dek za prste brez kovin za\u0161\u010dita pred predrtjem v obliki nekovinskega in nemagnetnega za\u0161\u010ditnega vlo\u017eka FLEXIUM Nedrse\u010d podplat PU2D iz dveh plasti [&hellip;]\" \/>\n<meta property=\"og:url\" content=\"https:\/\/andpro.net\/de\/product\/honeywell-esd-varnostni-cevlji-hw-sprint-p\/\" \/>\n<meta property=\"og:site_name\" content=\"AndPro\" \/>\n<meta property=\"article:modified_time\" content=\"2025-07-20T09:55:51+00:00\" \/>\n<meta property=\"og:image\" content=\"https:\/\/andpro.net\/wp-content\/uploads\/2024\/10\/0058482016.png\" \/>\n\t<meta property=\"og:image:width\" content=\"1299\" \/>\n\t<meta property=\"og:image:height\" content=\"833\" \/>\n\t<meta property=\"og:image:type\" content=\"image\/png\" \/>\n<meta name=\"twitter:card\" content=\"summary_large_image\" \/>\n<meta name=\"twitter:label1\" content=\"Gesch\u00e4tzte Lesezeit\" \/>\n\t<meta name=\"twitter:data1\" content=\"1\u00a0Minute\" \/>\n<script type=\"application\/ld+json\" class=\"yoast-schema-graph\">{\"@context\":\"https:\\\/\\\/schema.org\",\"@graph\":[{\"@type\":\"WebPage\",\"@id\":\"https:\\\/\\\/andpro.net\\\/product\\\/honeywell-esd-varnostni-cevlji-hw-sprint-p\\\/\",\"url\":\"https:\\\/\\\/andpro.net\\\/product\\\/honeywell-esd-varnostni-cevlji-hw-sprint-p\\\/\",\"name\":\"HONEYWELL ESD VARNOSTNI \u010cEVLJI HW-SPRINT-P - AndPro\",\"isPartOf\":{\"@id\":\"https:\\\/\\\/andpro.net\\\/de\\\/#website\"},\"primaryImageOfPage\":{\"@id\":\"https:\\\/\\\/andpro.net\\\/product\\\/honeywell-esd-varnostni-cevlji-hw-sprint-p\\\/#primaryimage\"},\"image\":{\"@id\":\"https:\\\/\\\/andpro.net\\\/product\\\/honeywell-esd-varnostni-cevlji-hw-sprint-p\\\/#primaryimage\"},\"thumbnailUrl\":\"https:\\\/\\\/andpro.net\\\/wp-content\\\/uploads\\\/2024\\\/10\\\/0058482016.png\",\"datePublished\":\"2024-10-21T17:43:04+00:00\",\"dateModified\":\"2025-07-20T09:55:51+00:00\",\"breadcrumb\":{\"@id\":\"https:\\\/\\\/andpro.net\\\/product\\\/honeywell-esd-varnostni-cevlji-hw-sprint-p\\\/#breadcrumb\"},\"inLanguage\":\"de\",\"potentialAction\":[{\"@type\":\"ReadAction\",\"target\":[\"https:\\\/\\\/andpro.net\\\/product\\\/honeywell-esd-varnostni-cevlji-hw-sprint-p\\\/\"]}]},{\"@type\":\"ImageObject\",\"inLanguage\":\"de\",\"@id\":\"https:\\\/\\\/andpro.net\\\/product\\\/honeywell-esd-varnostni-cevlji-hw-sprint-p\\\/#primaryimage\",\"url\":\"https:\\\/\\\/andpro.net\\\/wp-content\\\/uploads\\\/2024\\\/10\\\/0058482016.png\",\"contentUrl\":\"https:\\\/\\\/andpro.net\\\/wp-content\\\/uploads\\\/2024\\\/10\\\/0058482016.png\",\"width\":1299,\"height\":833},{\"@type\":\"BreadcrumbList\",\"@id\":\"https:\\\/\\\/andpro.net\\\/product\\\/honeywell-esd-varnostni-cevlji-hw-sprint-p\\\/#breadcrumb\",\"itemListElement\":[{\"@type\":\"ListItem\",\"position\":1,\"name\":\"Home\",\"item\":\"https:\\\/\\\/andpro.net\\\/\"},{\"@type\":\"ListItem\",\"position\":2,\"name\":\"Shop\",\"item\":\"https:\\\/\\\/andpro.net\\\/en\\\/shop\\\/\"},{\"@type\":\"ListItem\",\"position\":3,\"name\":\"HONEYWELL ESD VARNOSTNI \u010cEVLJI HW-SPRINT-P\"}]},{\"@type\":\"WebSite\",\"@id\":\"https:\\\/\\\/andpro.net\\\/de\\\/#website\",\"url\":\"https:\\\/\\\/andpro.net\\\/de\\\/\",\"name\":\"AndPro\",\"description\":\"The best decision\",\"publisher\":{\"@id\":\"https:\\\/\\\/andpro.net\\\/de\\\/#organization\"},\"potentialAction\":[{\"@type\":\"SearchAction\",\"target\":{\"@type\":\"EntryPoint\",\"urlTemplate\":\"https:\\\/\\\/andpro.net\\\/de\\\/?s={search_term_string}\"},\"query-input\":{\"@type\":\"PropertyValueSpecification\",\"valueRequired\":true,\"valueName\":\"search_term_string\"}}],\"inLanguage\":\"de\"},{\"@type\":\"Organization\",\"@id\":\"https:\\\/\\\/andpro.net\\\/de\\\/#organization\",\"name\":\"AndPro\",\"url\":\"https:\\\/\\\/andpro.net\\\/de\\\/\",\"logo\":{\"@type\":\"ImageObject\",\"inLanguage\":\"de\",\"@id\":\"https:\\\/\\\/andpro.net\\\/de\\\/#\\\/schema\\\/logo\\\/image\\\/\",\"url\":\"https:\\\/\\\/andpro.net\\\/wp-content\\\/uploads\\\/2023\\\/11\\\/logo_fix.png\",\"contentUrl\":\"https:\\\/\\\/andpro.net\\\/wp-content\\\/uploads\\\/2023\\\/11\\\/logo_fix.png\",\"width\":1244,\"height\":637,\"caption\":\"AndPro\"},\"image\":{\"@id\":\"https:\\\/\\\/andpro.net\\\/de\\\/#\\\/schema\\\/logo\\\/image\\\/\"}}]}<\/script>\n<!-- \/ Yoast SEO Premium plugin. -->","yoast_head_json":{"title":"HONEYWELL ESD VARNOSTNI \u010cEVLJI HW-SPRINT-P - AndPro","robots":{"index":"index","follow":"follow","max-snippet":"max-snippet:-1","max-image-preview":"max-image-preview:large","max-video-preview":"max-video-preview:-1"},"canonical":"https:\/\/andpro.net\/de\/product\/honeywell-esd-varnostni-cevlji-hw-sprint-p\/","og_locale":"de_DE","og_type":"article","og_title":"HONEYWELL ESD VARNOSTNI \u010cEVLJI HW-SPRINT-P","og_description":"Varnostni \u010devlji HONEYWELL_SPRINT-P NIZEK. Vodoodporen usnjen zgornji del s tekstilnimi vlo\u017eki izjemno udobje in zmanj\u0161ano znojenje zaradi optimalno prilegajo\u010de se in zra\u010dne podloge iz 3D mre\u017eice, ki obdaja notranjost \u010devlja izjemno lahek za\u0161\u010ditni pokrov\u010dek za prste brez kovin za\u0161\u010dita pred predrtjem v obliki nekovinskega in nemagnetnega za\u0161\u010ditnega vlo\u017eka FLEXIUM Nedrse\u010d podplat PU2D iz dveh plasti [&hellip;]","og_url":"https:\/\/andpro.net\/de\/product\/honeywell-esd-varnostni-cevlji-hw-sprint-p\/","og_site_name":"AndPro","article_modified_time":"2025-07-20T09:55:51+00:00","og_image":[{"width":1299,"height":833,"url":"https:\/\/andpro.net\/wp-content\/uploads\/2024\/10\/0058482016.png","type":"image\/png"}],"twitter_card":"summary_large_image","twitter_misc":{"Gesch\u00e4tzte Lesezeit":"1\u00a0Minute"},"schema":{"@context":"https:\/\/schema.org","@graph":[{"@type":"WebPage","@id":"https:\/\/andpro.net\/product\/honeywell-esd-varnostni-cevlji-hw-sprint-p\/","url":"https:\/\/andpro.net\/product\/honeywell-esd-varnostni-cevlji-hw-sprint-p\/","name":"HONEYWELL ESD VARNOSTNI \u010cEVLJI HW-SPRINT-P - AndPro","isPartOf":{"@id":"https:\/\/andpro.net\/de\/#website"},"primaryImageOfPage":{"@id":"https:\/\/andpro.net\/product\/honeywell-esd-varnostni-cevlji-hw-sprint-p\/#primaryimage"},"image":{"@id":"https:\/\/andpro.net\/product\/honeywell-esd-varnostni-cevlji-hw-sprint-p\/#primaryimage"},"thumbnailUrl":"https:\/\/andpro.net\/wp-content\/uploads\/2024\/10\/0058482016.png","datePublished":"2024-10-21T17:43:04+00:00","dateModified":"2025-07-20T09:55:51+00:00","breadcrumb":{"@id":"https:\/\/andpro.net\/product\/honeywell-esd-varnostni-cevlji-hw-sprint-p\/#breadcrumb"},"inLanguage":"de","potentialAction":[{"@type":"ReadAction","target":["https:\/\/andpro.net\/product\/honeywell-esd-varnostni-cevlji-hw-sprint-p\/"]}]},{"@type":"ImageObject","inLanguage":"de","@id":"https:\/\/andpro.net\/product\/honeywell-esd-varnostni-cevlji-hw-sprint-p\/#primaryimage","url":"https:\/\/andpro.net\/wp-content\/uploads\/2024\/10\/0058482016.png","contentUrl":"https:\/\/andpro.net\/wp-content\/uploads\/2024\/10\/0058482016.png","width":1299,"height":833},{"@type":"BreadcrumbList","@id":"https:\/\/andpro.net\/product\/honeywell-esd-varnostni-cevlji-hw-sprint-p\/#breadcrumb","itemListElement":[{"@type":"ListItem","position":1,"name":"Home","item":"https:\/\/andpro.net\/"},{"@type":"ListItem","position":2,"name":"Shop","item":"https:\/\/andpro.net\/en\/shop\/"},{"@type":"ListItem","position":3,"name":"HONEYWELL ESD VARNOSTNI \u010cEVLJI HW-SPRINT-P"}]},{"@type":"WebSite","@id":"https:\/\/andpro.net\/de\/#website","url":"https:\/\/andpro.net\/de\/","name":"AndPro","description":"The best decision","publisher":{"@id":"https:\/\/andpro.net\/de\/#organization"},"potentialAction":[{"@type":"SearchAction","target":{"@type":"EntryPoint","urlTemplate":"https:\/\/andpro.net\/de\/?s={search_term_string}"},"query-input":{"@type":"PropertyValueSpecification","valueRequired":true,"valueName":"search_term_string"}}],"inLanguage":"de"},{"@type":"Organization","@id":"https:\/\/andpro.net\/de\/#organization","name":"AndPro","url":"https:\/\/andpro.net\/de\/","logo":{"@type":"ImageObject","inLanguage":"de","@id":"https:\/\/andpro.net\/de\/#\/schema\/logo\/image\/","url":"https:\/\/andpro.net\/wp-content\/uploads\/2023\/11\/logo_fix.png","contentUrl":"https:\/\/andpro.net\/wp-content\/uploads\/2023\/11\/logo_fix.png","width":1244,"height":637,"caption":"AndPro"},"image":{"@id":"https:\/\/andpro.net\/de\/#\/schema\/logo\/image\/"}}]}},"_links":{"self":[{"href":"https:\/\/andpro.net\/de\/wp-json\/wp\/v2\/product\/9609","targetHints":{"allow":["GET"]}}],"collection":[{"href":"https:\/\/andpro.net\/de\/wp-json\/wp\/v2\/product"}],"about":[{"href":"https:\/\/andpro.net\/de\/wp-json\/wp\/v2\/types\/product"}],"wp:featuredmedia":[{"embeddable":true,"href":"https:\/\/andpro.net\/de\/wp-json\/wp\/v2\/media\/9625"}],"wp:attachment":[{"href":"https:\/\/andpro.net\/de\/wp-json\/wp\/v2\/media?parent=9609"}],"wp:term":[{"taxonomy":"product_brand","embeddable":true,"href":"https:\/\/andpro.net\/de\/wp-json\/wp\/v2\/product_brand?post=9609"},{"taxonomy":"product_cat","embeddable":true,"href":"https:\/\/andpro.net\/de\/wp-json\/wp\/v2\/product_cat?post=9609"},{"taxonomy":"product_tag","embeddable":true,"href":"https:\/\/andpro.net\/de\/wp-json\/wp\/v2\/product_tag?post=9609"}],"curies":[{"name":"wp","href":"https:\/\/api.w.org\/{rel}","templated":true}]}}