{"id":10370,"date":"2025-05-05T16:03:23","date_gmt":"2025-05-05T15:03:23","guid":{"rendered":"https:\/\/andpro.net\/?post_type=product&#038;p=10370"},"modified":"2025-07-20T13:45:16","modified_gmt":"2025-07-20T12:45:16","slug":"l-hollman-zascitne-stretch-hlace-lh-raut-t","status":"publish","type":"product","link":"https:\/\/andpro.net\/en\/product\/l-hollman-zascitne-stretch-hlace-lh-raut-t\/","title":{"rendered":"L. HOLLMAN ZA\u0160\u010cITNE STRETCH HLA\u010cE LH-RAUT-T"},"content":{"rendered":"<p>Mo\u0161ke za\u0161\u010ditne stretch hla\u010de.<\/p>\n<p>&nbsp;<\/p>\n<p>Glavni material: raztegljiva tkanina s 4 vratci, 90 % najlona, 10 % elastana, te\u017ea 260 g\/m\u00b2.<\/p>\n<p>Kontrastni vlo\u017eki: 80 % poliester, 20 % satenast bomba\u017e z maso 280 g\/m\u00b2<\/p>\n<p>Vlo\u017eki za kolena: Vmesni material: RIP-Stop 90 % najlon, 10 % najlon, te\u017ea 260 g\/m\u00b2.<\/p>\n<p>Dodatni vlo\u017eki na spodnjem delu nog in stranskem \u017eepu: 100 % najlonska tkanina Oxford z maso 210 g\/m\u00b2<\/p>\n<p>\u0160tirismerno raztegljiv material, ki se razteza v vse smeri<\/p>\n<p>Zapenja se z gumbom in zadrgo<\/p>\n<p>Dva stranska \u017eepa in dva zadnja \u017eepa z zadrgo<\/p>\n<p>\u017depi na nogah, vklju\u010dno z zadrgo in dvojnim vzdol\u017enim prerezom z zankami, ki omogo\u010dajo pritrditev dodatnih dodatkov<\/p>\n<p>\u017depi za kolenske blazinice, vstavljene od spodaj z zapenjanjem z velcro,<\/p>\n<p>oblikovana kolena<\/p>\n<p>Elasti\u010den pas v stranskih delih za bolj\u0161e prileganje<\/p>\n<p>key clip<\/p>\n<p>Cut: SLIM<\/p>","protected":false},"excerpt":{"rendered":"<p>Mo\u0161ke za\u0161\u010ditne stretch hla\u010de. &nbsp; Glavni material: raztegljiva tkanina s 4 vratci, 90 % najlona, 10 % elastana, te\u017ea 260 g\/m\u00b2. Kontrastni vlo\u017eki: 80 % poliester, 20 % satenast bomba\u017e z maso 280 g\/m\u00b2 Vlo\u017eki za kolena: Vmesni material: RIP-Stop 90 % najlon, 10 % najlon, te\u017ea 260 g\/m\u00b2. Dodatni vlo\u017eki na spodnjem delu nog [&hellip;]<\/p>","protected":false},"featured_media":10381,"template":"","meta":[],"product_brand":[],"product_cat":[21,41],"product_tag":[],"class_list":{"0":"post-10370","1":"product","2":"type-product","3":"status-publish","4":"has-post-thumbnail","6":"product_cat-oblacila","7":"product_cat-hlace","9":"first","10":"instock","11":"taxable","12":"shipping-taxable","13":"purchasable","14":"product-type-variable"},"bundled_by":[],"bundle_stock_status":"instock","bundle_stock_quantity":2,"bundle_virtual":false,"bundle_layout":"","bundle_add_to_cart_form_location":"","bundle_editable_in_cart":false,"bundle_sold_individually_context":"","bundle_item_grouping":"","bundle_min_size":"","bundle_max_size":"","bundle_price":[],"bundled_items":[],"bundle_sell_ids":[],"group_of_quantity":0,"min_quantity":0,"max_quantity":"","exclude_order_quantity_value_rules":"no","exclude_category_quantity_rules":"no","combine_variations":"no","yoast_head":"<!-- This site is optimized with the Yoast SEO Premium plugin v23.9 (Yoast SEO v27.3) - https:\/\/yoast.com\/product\/yoast-seo-premium-wordpress\/ -->\n<title>L. HOLLMAN ZA\u0160\u010cITNE STRETCH HLA\u010cE LH-RAUT-T - AndPro<\/title>\n<meta name=\"robots\" content=\"index, follow, max-snippet:-1, max-image-preview:large, max-video-preview:-1\" \/>\n<link rel=\"canonical\" href=\"https:\/\/andpro.net\/en\/product\/l-hollman-zascitne-stretch-hlace-lh-raut-t\/\" \/>\n<meta property=\"og:locale\" content=\"en_GB\" \/>\n<meta property=\"og:type\" content=\"article\" \/>\n<meta property=\"og:title\" content=\"L. HOLLMAN ZA\u0160\u010cITNE STRETCH HLA\u010cE LH-RAUT-T\" \/>\n<meta property=\"og:description\" content=\"Mo\u0161ke za\u0161\u010ditne stretch hla\u010de. &nbsp; Glavni material: raztegljiva tkanina s 4 vratci, 90 % najlona, 10 % elastana, te\u017ea 260 g\/m\u00b2. Kontrastni vlo\u017eki: 80 % poliester, 20 % satenast bomba\u017e z maso 280 g\/m\u00b2 Vlo\u017eki za kolena: Vmesni material: RIP-Stop 90 % najlon, 10 % najlon, te\u017ea 260 g\/m\u00b2. Dodatni vlo\u017eki na spodnjem delu nog [&hellip;]\" \/>\n<meta property=\"og:url\" content=\"https:\/\/andpro.net\/en\/product\/l-hollman-zascitne-stretch-hlace-lh-raut-t\/\" \/>\n<meta property=\"og:site_name\" content=\"AndPro\" \/>\n<meta property=\"article:modified_time\" content=\"2025-07-20T12:45:16+00:00\" \/>\n<meta property=\"og:image\" content=\"https:\/\/andpro.net\/wp-content\/uploads\/2025\/05\/0079298368.png\" \/>\n\t<meta property=\"og:image:width\" content=\"920\" \/>\n\t<meta property=\"og:image:height\" content=\"1980\" \/>\n\t<meta property=\"og:image:type\" content=\"image\/png\" \/>\n<meta name=\"twitter:card\" content=\"summary_large_image\" \/>\n<meta name=\"twitter:label1\" content=\"Estimated reading time\" \/>\n\t<meta name=\"twitter:data1\" content=\"1 minute\" \/>\n<script type=\"application\/ld+json\" class=\"yoast-schema-graph\">{\"@context\":\"https:\\\/\\\/schema.org\",\"@graph\":[{\"@type\":\"WebPage\",\"@id\":\"https:\\\/\\\/andpro.net\\\/product\\\/l-hollman-zascitne-stretch-hlace-lh-raut-t\\\/\",\"url\":\"https:\\\/\\\/andpro.net\\\/product\\\/l-hollman-zascitne-stretch-hlace-lh-raut-t\\\/\",\"name\":\"L. HOLLMAN ZA\u0160\u010cITNE STRETCH HLA\u010cE LH-RAUT-T - AndPro\",\"isPartOf\":{\"@id\":\"https:\\\/\\\/andpro.net\\\/de\\\/#website\"},\"primaryImageOfPage\":{\"@id\":\"https:\\\/\\\/andpro.net\\\/product\\\/l-hollman-zascitne-stretch-hlace-lh-raut-t\\\/#primaryimage\"},\"image\":{\"@id\":\"https:\\\/\\\/andpro.net\\\/product\\\/l-hollman-zascitne-stretch-hlace-lh-raut-t\\\/#primaryimage\"},\"thumbnailUrl\":\"https:\\\/\\\/andpro.net\\\/wp-content\\\/uploads\\\/2025\\\/05\\\/0079298368.png\",\"datePublished\":\"2025-05-05T15:03:23+00:00\",\"dateModified\":\"2025-07-20T12:45:16+00:00\",\"breadcrumb\":{\"@id\":\"https:\\\/\\\/andpro.net\\\/product\\\/l-hollman-zascitne-stretch-hlace-lh-raut-t\\\/#breadcrumb\"},\"inLanguage\":\"en-GB\",\"potentialAction\":[{\"@type\":\"ReadAction\",\"target\":[\"https:\\\/\\\/andpro.net\\\/product\\\/l-hollman-zascitne-stretch-hlace-lh-raut-t\\\/\"]}]},{\"@type\":\"ImageObject\",\"inLanguage\":\"en-GB\",\"@id\":\"https:\\\/\\\/andpro.net\\\/product\\\/l-hollman-zascitne-stretch-hlace-lh-raut-t\\\/#primaryimage\",\"url\":\"https:\\\/\\\/andpro.net\\\/wp-content\\\/uploads\\\/2025\\\/05\\\/0079298368.png\",\"contentUrl\":\"https:\\\/\\\/andpro.net\\\/wp-content\\\/uploads\\\/2025\\\/05\\\/0079298368.png\",\"width\":920,\"height\":1980},{\"@type\":\"BreadcrumbList\",\"@id\":\"https:\\\/\\\/andpro.net\\\/product\\\/l-hollman-zascitne-stretch-hlace-lh-raut-t\\\/#breadcrumb\",\"itemListElement\":[{\"@type\":\"ListItem\",\"position\":1,\"name\":\"Home\",\"item\":\"https:\\\/\\\/andpro.net\\\/\"},{\"@type\":\"ListItem\",\"position\":2,\"name\":\"Shop\",\"item\":\"https:\\\/\\\/andpro.net\\\/en\\\/shop\\\/\"},{\"@type\":\"ListItem\",\"position\":3,\"name\":\"L. HOLLMAN ZA\u0160\u010cITNE STRETCH HLA\u010cE LH-RAUT-T\"}]},{\"@type\":\"WebSite\",\"@id\":\"https:\\\/\\\/andpro.net\\\/de\\\/#website\",\"url\":\"https:\\\/\\\/andpro.net\\\/de\\\/\",\"name\":\"AndPro\",\"description\":\"The best decision\",\"publisher\":{\"@id\":\"https:\\\/\\\/andpro.net\\\/de\\\/#organization\"},\"potentialAction\":[{\"@type\":\"SearchAction\",\"target\":{\"@type\":\"EntryPoint\",\"urlTemplate\":\"https:\\\/\\\/andpro.net\\\/de\\\/?s={search_term_string}\"},\"query-input\":{\"@type\":\"PropertyValueSpecification\",\"valueRequired\":true,\"valueName\":\"search_term_string\"}}],\"inLanguage\":\"en-GB\"},{\"@type\":\"Organization\",\"@id\":\"https:\\\/\\\/andpro.net\\\/de\\\/#organization\",\"name\":\"AndPro\",\"url\":\"https:\\\/\\\/andpro.net\\\/de\\\/\",\"logo\":{\"@type\":\"ImageObject\",\"inLanguage\":\"en-GB\",\"@id\":\"https:\\\/\\\/andpro.net\\\/de\\\/#\\\/schema\\\/logo\\\/image\\\/\",\"url\":\"https:\\\/\\\/andpro.net\\\/wp-content\\\/uploads\\\/2023\\\/11\\\/logo_fix.png\",\"contentUrl\":\"https:\\\/\\\/andpro.net\\\/wp-content\\\/uploads\\\/2023\\\/11\\\/logo_fix.png\",\"width\":1244,\"height\":637,\"caption\":\"AndPro\"},\"image\":{\"@id\":\"https:\\\/\\\/andpro.net\\\/de\\\/#\\\/schema\\\/logo\\\/image\\\/\"}}]}<\/script>\n<!-- \/ Yoast SEO Premium plugin. -->","yoast_head_json":{"title":"L. HOLLMAN ZA\u0160\u010cITNE STRETCH HLA\u010cE LH-RAUT-T - AndPro","robots":{"index":"index","follow":"follow","max-snippet":"max-snippet:-1","max-image-preview":"max-image-preview:large","max-video-preview":"max-video-preview:-1"},"canonical":"https:\/\/andpro.net\/en\/product\/l-hollman-zascitne-stretch-hlace-lh-raut-t\/","og_locale":"en_GB","og_type":"article","og_title":"L. HOLLMAN ZA\u0160\u010cITNE STRETCH HLA\u010cE LH-RAUT-T","og_description":"Mo\u0161ke za\u0161\u010ditne stretch hla\u010de. &nbsp; Glavni material: raztegljiva tkanina s 4 vratci, 90 % najlona, 10 % elastana, te\u017ea 260 g\/m\u00b2. Kontrastni vlo\u017eki: 80 % poliester, 20 % satenast bomba\u017e z maso 280 g\/m\u00b2 Vlo\u017eki za kolena: Vmesni material: RIP-Stop 90 % najlon, 10 % najlon, te\u017ea 260 g\/m\u00b2. Dodatni vlo\u017eki na spodnjem delu nog [&hellip;]","og_url":"https:\/\/andpro.net\/en\/product\/l-hollman-zascitne-stretch-hlace-lh-raut-t\/","og_site_name":"AndPro","article_modified_time":"2025-07-20T12:45:16+00:00","og_image":[{"width":920,"height":1980,"url":"https:\/\/andpro.net\/wp-content\/uploads\/2025\/05\/0079298368.png","type":"image\/png"}],"twitter_card":"summary_large_image","twitter_misc":{"Estimated reading time":"1 minute"},"schema":{"@context":"https:\/\/schema.org","@graph":[{"@type":"WebPage","@id":"https:\/\/andpro.net\/product\/l-hollman-zascitne-stretch-hlace-lh-raut-t\/","url":"https:\/\/andpro.net\/product\/l-hollman-zascitne-stretch-hlace-lh-raut-t\/","name":"L. HOLLMAN ZA\u0160\u010cITNE STRETCH HLA\u010cE LH-RAUT-T - AndPro","isPartOf":{"@id":"https:\/\/andpro.net\/de\/#website"},"primaryImageOfPage":{"@id":"https:\/\/andpro.net\/product\/l-hollman-zascitne-stretch-hlace-lh-raut-t\/#primaryimage"},"image":{"@id":"https:\/\/andpro.net\/product\/l-hollman-zascitne-stretch-hlace-lh-raut-t\/#primaryimage"},"thumbnailUrl":"https:\/\/andpro.net\/wp-content\/uploads\/2025\/05\/0079298368.png","datePublished":"2025-05-05T15:03:23+00:00","dateModified":"2025-07-20T12:45:16+00:00","breadcrumb":{"@id":"https:\/\/andpro.net\/product\/l-hollman-zascitne-stretch-hlace-lh-raut-t\/#breadcrumb"},"inLanguage":"en-GB","potentialAction":[{"@type":"ReadAction","target":["https:\/\/andpro.net\/product\/l-hollman-zascitne-stretch-hlace-lh-raut-t\/"]}]},{"@type":"ImageObject","inLanguage":"en-GB","@id":"https:\/\/andpro.net\/product\/l-hollman-zascitne-stretch-hlace-lh-raut-t\/#primaryimage","url":"https:\/\/andpro.net\/wp-content\/uploads\/2025\/05\/0079298368.png","contentUrl":"https:\/\/andpro.net\/wp-content\/uploads\/2025\/05\/0079298368.png","width":920,"height":1980},{"@type":"BreadcrumbList","@id":"https:\/\/andpro.net\/product\/l-hollman-zascitne-stretch-hlace-lh-raut-t\/#breadcrumb","itemListElement":[{"@type":"ListItem","position":1,"name":"Home","item":"https:\/\/andpro.net\/"},{"@type":"ListItem","position":2,"name":"Shop","item":"https:\/\/andpro.net\/en\/shop\/"},{"@type":"ListItem","position":3,"name":"L. HOLLMAN ZA\u0160\u010cITNE STRETCH HLA\u010cE LH-RAUT-T"}]},{"@type":"WebSite","@id":"https:\/\/andpro.net\/de\/#website","url":"https:\/\/andpro.net\/de\/","name":"AndPro","description":"The best decision","publisher":{"@id":"https:\/\/andpro.net\/de\/#organization"},"potentialAction":[{"@type":"SearchAction","target":{"@type":"EntryPoint","urlTemplate":"https:\/\/andpro.net\/de\/?s={search_term_string}"},"query-input":{"@type":"PropertyValueSpecification","valueRequired":true,"valueName":"search_term_string"}}],"inLanguage":"en-GB"},{"@type":"Organization","@id":"https:\/\/andpro.net\/de\/#organization","name":"AndPro","url":"https:\/\/andpro.net\/de\/","logo":{"@type":"ImageObject","inLanguage":"en-GB","@id":"https:\/\/andpro.net\/de\/#\/schema\/logo\/image\/","url":"https:\/\/andpro.net\/wp-content\/uploads\/2023\/11\/logo_fix.png","contentUrl":"https:\/\/andpro.net\/wp-content\/uploads\/2023\/11\/logo_fix.png","width":1244,"height":637,"caption":"AndPro"},"image":{"@id":"https:\/\/andpro.net\/de\/#\/schema\/logo\/image\/"}}]}},"_links":{"self":[{"href":"https:\/\/andpro.net\/en\/wp-json\/wp\/v2\/product\/10370","targetHints":{"allow":["GET"]}}],"collection":[{"href":"https:\/\/andpro.net\/en\/wp-json\/wp\/v2\/product"}],"about":[{"href":"https:\/\/andpro.net\/en\/wp-json\/wp\/v2\/types\/product"}],"wp:featuredmedia":[{"embeddable":true,"href":"https:\/\/andpro.net\/en\/wp-json\/wp\/v2\/media\/10381"}],"wp:attachment":[{"href":"https:\/\/andpro.net\/en\/wp-json\/wp\/v2\/media?parent=10370"}],"wp:term":[{"taxonomy":"product_brand","embeddable":true,"href":"https:\/\/andpro.net\/en\/wp-json\/wp\/v2\/product_brand?post=10370"},{"taxonomy":"product_cat","embeddable":true,"href":"https:\/\/andpro.net\/en\/wp-json\/wp\/v2\/product_cat?post=10370"},{"taxonomy":"product_tag","embeddable":true,"href":"https:\/\/andpro.net\/en\/wp-json\/wp\/v2\/product_tag?post=10370"}],"curies":[{"name":"wp","href":"https:\/\/api.w.org\/{rel}","templated":true}]}}