{"id":10884,"date":"2025-11-14T20:32:26","date_gmt":"2025-11-14T19:32:26","guid":{"rendered":"https:\/\/andpro.net\/?post_type=product&#038;p=10884"},"modified":"2025-11-14T20:39:23","modified_gmt":"2025-11-14T19:39:23","slug":"l-hollman-zimska-jakna-lh-rautexw-j","status":"publish","type":"product","link":"https:\/\/andpro.net\/en\/product\/l-hollman-zimska-jakna-lh-rautexw-j\/","title":{"rendered":"L.HOLLMAN JAKNA LH-RAUTEXW-J"},"content":{"rendered":"<p>Zimska podlo\u017eena HI-VIS jakna, mo\u0161ka.<\/p>\n<p>&nbsp;<\/p>\n<p>Tkanina iz 2-smernega raztegljivega materiala.<\/p>\n<p>Podloga iz 100 % poliestra s te\u017eo 120 g\/m\u00b2 (torzo) in 100 % poliestra s te\u017eo 100 g\/m\u00b2 (rokavi).<\/p>\n<p>Podloga iz 100 % poliestra tafeta s te\u017eo 55 g\/m\u00b2.<\/p>\n<p>2-way stretch \u2013 material, ki se razteza v eni ravnini.<\/p>\n<p>Rip-stop tkanina \u2013 \u0161\u010diti pred raztrganjem, \u010de se zatakne za izstopajo\u010di predmet.<\/p>\n<p>Zapiranje z zadrgo in dodatnim velcro trakom.<\/p>\n<p>Stoje\u010di ovratnik.<\/p>\n<p>Odstranljiva kapuca z vrvico in dodatnim velcro trakom za bolj\u0161o za\u0161\u010dito glave pred mrazom.<\/p>\n<p>Dva \u017eepa v spodnjem delu so pritrjeni z zadrgo, dva na prsih, od katerih je eden pritrjen z zadrgo, drugi pa z velcro trakom, in dodatni \u017eep za identifikacijo<\/p>\n<p>Notranji \u017eep z velcro trakom<\/p>\n<p>Rokavi z velcro trakom za regulacijo \u0161irine<\/p>\n<p>Lower part of the jacket can be tightened with drawstrings from the inside<\/p>\n<p>Fluorescen\u010dna tkanina in odsevni trakovi za ve\u010djo vidljivost<\/p>","protected":false},"excerpt":{"rendered":"<p>Zimska podlo\u017eena HI-VIS jakna, mo\u0161ka. &nbsp; Tkanina iz 2-smernega raztegljivega materiala. Podloga iz 100 % poliestra s te\u017eo 120 g\/m\u00b2 (torzo) in 100 % poliestra s te\u017eo 100 g\/m\u00b2 (rokavi). Podloga iz 100 % poliestra tafeta s te\u017eo 55 g\/m\u00b2. 2-way stretch \u2013 material, ki se razteza v eni ravnini. Rip-stop tkanina \u2013 \u0161\u010diti pred [&hellip;]<\/p>","protected":false},"featured_media":10889,"template":"","meta":[],"product_brand":[],"product_cat":[21,44],"product_tag":[],"class_list":{"0":"post-10884","1":"product","2":"type-product","3":"status-publish","4":"has-post-thumbnail","6":"product_cat-oblacila","7":"product_cat-jakne","9":"first","10":"instock","11":"featured","12":"taxable","13":"shipping-taxable","14":"purchasable","15":"product-type-variable"},"bundled_by":[],"bundle_stock_status":"instock","bundle_stock_quantity":1,"bundle_virtual":false,"bundle_layout":"","bundle_add_to_cart_form_location":"","bundle_editable_in_cart":false,"bundle_sold_individually_context":"","bundle_item_grouping":"","bundle_min_size":"","bundle_max_size":"","bundle_price":[],"bundled_items":[],"bundle_sell_ids":[],"group_of_quantity":0,"min_quantity":0,"max_quantity":"","exclude_order_quantity_value_rules":"no","exclude_category_quantity_rules":"no","combine_variations":"no","yoast_head":"<!-- This site is optimized with the Yoast SEO Premium plugin v23.9 (Yoast SEO v27.4) - https:\/\/yoast.com\/product\/yoast-seo-premium-wordpress\/ -->\n<title>L.HOLLMAN JAKNA LH-RAUTEXW-J - AndPro<\/title>\n<meta name=\"robots\" content=\"index, follow, max-snippet:-1, max-image-preview:large, max-video-preview:-1\" \/>\n<link rel=\"canonical\" href=\"https:\/\/andpro.net\/en\/product\/l-hollman-zimska-jakna-lh-rautexw-j\/\" \/>\n<meta property=\"og:locale\" content=\"en_GB\" \/>\n<meta property=\"og:type\" content=\"article\" \/>\n<meta property=\"og:title\" content=\"L.HOLLMAN JAKNA LH-RAUTEXW-J\" \/>\n<meta property=\"og:description\" content=\"Zimska podlo\u017eena HI-VIS jakna, mo\u0161ka. &nbsp; Tkanina iz 2-smernega raztegljivega materiala. Podloga iz 100 % poliestra s te\u017eo 120 g\/m\u00b2 (torzo) in 100 % poliestra s te\u017eo 100 g\/m\u00b2 (rokavi). Podloga iz 100 % poliestra tafeta s te\u017eo 55 g\/m\u00b2. 2-way stretch \u2013 material, ki se razteza v eni ravnini. Rip-stop tkanina \u2013 \u0161\u010diti pred [&hellip;]\" \/>\n<meta property=\"og:url\" content=\"https:\/\/andpro.net\/en\/product\/l-hollman-zimska-jakna-lh-rautexw-j\/\" \/>\n<meta property=\"og:site_name\" content=\"AndPro\" \/>\n<meta property=\"article:modified_time\" content=\"2025-11-14T19:39:23+00:00\" \/>\n<meta property=\"og:image\" content=\"https:\/\/andpro.net\/wp-content\/uploads\/2025\/11\/0079361920-636x1024.png\" \/>\n\t<meta property=\"og:image:width\" content=\"636\" \/>\n\t<meta property=\"og:image:height\" content=\"1024\" \/>\n\t<meta property=\"og:image:type\" content=\"image\/png\" \/>\n<meta name=\"twitter:card\" content=\"summary_large_image\" \/>\n<meta name=\"twitter:label1\" content=\"Estimated reading time\" \/>\n\t<meta name=\"twitter:data1\" content=\"1 minute\" \/>\n<script type=\"application\/ld+json\" class=\"yoast-schema-graph\">{\"@context\":\"https:\\\/\\\/schema.org\",\"@graph\":[{\"@type\":\"WebPage\",\"@id\":\"https:\\\/\\\/andpro.net\\\/product\\\/l-hollman-zimska-jakna-lh-rautexw-j\\\/\",\"url\":\"https:\\\/\\\/andpro.net\\\/product\\\/l-hollman-zimska-jakna-lh-rautexw-j\\\/\",\"name\":\"L.HOLLMAN JAKNA LH-RAUTEXW-J - AndPro\",\"isPartOf\":{\"@id\":\"https:\\\/\\\/andpro.net\\\/de\\\/#website\"},\"primaryImageOfPage\":{\"@id\":\"https:\\\/\\\/andpro.net\\\/product\\\/l-hollman-zimska-jakna-lh-rautexw-j\\\/#primaryimage\"},\"image\":{\"@id\":\"https:\\\/\\\/andpro.net\\\/product\\\/l-hollman-zimska-jakna-lh-rautexw-j\\\/#primaryimage\"},\"thumbnailUrl\":\"https:\\\/\\\/andpro.net\\\/wp-content\\\/uploads\\\/2025\\\/11\\\/0079361920.png\",\"datePublished\":\"2025-11-14T19:32:26+00:00\",\"dateModified\":\"2025-11-14T19:39:23+00:00\",\"breadcrumb\":{\"@id\":\"https:\\\/\\\/andpro.net\\\/product\\\/l-hollman-zimska-jakna-lh-rautexw-j\\\/#breadcrumb\"},\"inLanguage\":\"en-GB\",\"potentialAction\":[{\"@type\":\"ReadAction\",\"target\":[\"https:\\\/\\\/andpro.net\\\/product\\\/l-hollman-zimska-jakna-lh-rautexw-j\\\/\"]}]},{\"@type\":\"ImageObject\",\"inLanguage\":\"en-GB\",\"@id\":\"https:\\\/\\\/andpro.net\\\/product\\\/l-hollman-zimska-jakna-lh-rautexw-j\\\/#primaryimage\",\"url\":\"https:\\\/\\\/andpro.net\\\/wp-content\\\/uploads\\\/2025\\\/11\\\/0079361920.png\",\"contentUrl\":\"https:\\\/\\\/andpro.net\\\/wp-content\\\/uploads\\\/2025\\\/11\\\/0079361920.png\",\"width\":1200,\"height\":1933},{\"@type\":\"BreadcrumbList\",\"@id\":\"https:\\\/\\\/andpro.net\\\/product\\\/l-hollman-zimska-jakna-lh-rautexw-j\\\/#breadcrumb\",\"itemListElement\":[{\"@type\":\"ListItem\",\"position\":1,\"name\":\"Home\",\"item\":\"https:\\\/\\\/andpro.net\\\/\"},{\"@type\":\"ListItem\",\"position\":2,\"name\":\"Shop\",\"item\":\"https:\\\/\\\/andpro.net\\\/en\\\/shop\\\/\"},{\"@type\":\"ListItem\",\"position\":3,\"name\":\"L.HOLLMAN JAKNA LH-RAUTEXW-J\"}]},{\"@type\":\"WebSite\",\"@id\":\"https:\\\/\\\/andpro.net\\\/de\\\/#website\",\"url\":\"https:\\\/\\\/andpro.net\\\/de\\\/\",\"name\":\"AndPro\",\"description\":\"The best decision\",\"publisher\":{\"@id\":\"https:\\\/\\\/andpro.net\\\/de\\\/#organization\"},\"potentialAction\":[{\"@type\":\"SearchAction\",\"target\":{\"@type\":\"EntryPoint\",\"urlTemplate\":\"https:\\\/\\\/andpro.net\\\/de\\\/?s={search_term_string}\"},\"query-input\":{\"@type\":\"PropertyValueSpecification\",\"valueRequired\":true,\"valueName\":\"search_term_string\"}}],\"inLanguage\":\"en-GB\"},{\"@type\":\"Organization\",\"@id\":\"https:\\\/\\\/andpro.net\\\/de\\\/#organization\",\"name\":\"AndPro\",\"url\":\"https:\\\/\\\/andpro.net\\\/de\\\/\",\"logo\":{\"@type\":\"ImageObject\",\"inLanguage\":\"en-GB\",\"@id\":\"https:\\\/\\\/andpro.net\\\/de\\\/#\\\/schema\\\/logo\\\/image\\\/\",\"url\":\"https:\\\/\\\/andpro.net\\\/wp-content\\\/uploads\\\/2023\\\/11\\\/logo_fix.png\",\"contentUrl\":\"https:\\\/\\\/andpro.net\\\/wp-content\\\/uploads\\\/2023\\\/11\\\/logo_fix.png\",\"width\":1244,\"height\":637,\"caption\":\"AndPro\"},\"image\":{\"@id\":\"https:\\\/\\\/andpro.net\\\/de\\\/#\\\/schema\\\/logo\\\/image\\\/\"}}]}<\/script>\n<!-- \/ Yoast SEO Premium plugin. -->","yoast_head_json":{"title":"L.HOLLMAN JAKNA LH-RAUTEXW-J - AndPro","robots":{"index":"index","follow":"follow","max-snippet":"max-snippet:-1","max-image-preview":"max-image-preview:large","max-video-preview":"max-video-preview:-1"},"canonical":"https:\/\/andpro.net\/en\/product\/l-hollman-zimska-jakna-lh-rautexw-j\/","og_locale":"en_GB","og_type":"article","og_title":"L.HOLLMAN JAKNA LH-RAUTEXW-J","og_description":"Zimska podlo\u017eena HI-VIS jakna, mo\u0161ka. &nbsp; Tkanina iz 2-smernega raztegljivega materiala. Podloga iz 100 % poliestra s te\u017eo 120 g\/m\u00b2 (torzo) in 100 % poliestra s te\u017eo 100 g\/m\u00b2 (rokavi). Podloga iz 100 % poliestra tafeta s te\u017eo 55 g\/m\u00b2. 2-way stretch \u2013 material, ki se razteza v eni ravnini. Rip-stop tkanina \u2013 \u0161\u010diti pred [&hellip;]","og_url":"https:\/\/andpro.net\/en\/product\/l-hollman-zimska-jakna-lh-rautexw-j\/","og_site_name":"AndPro","article_modified_time":"2025-11-14T19:39:23+00:00","og_image":[{"width":636,"height":1024,"url":"https:\/\/andpro.net\/wp-content\/uploads\/2025\/11\/0079361920-636x1024.png","type":"image\/png"}],"twitter_card":"summary_large_image","twitter_misc":{"Estimated reading time":"1 minute"},"schema":{"@context":"https:\/\/schema.org","@graph":[{"@type":"WebPage","@id":"https:\/\/andpro.net\/product\/l-hollman-zimska-jakna-lh-rautexw-j\/","url":"https:\/\/andpro.net\/product\/l-hollman-zimska-jakna-lh-rautexw-j\/","name":"L.HOLLMAN JAKNA LH-RAUTEXW-J - AndPro","isPartOf":{"@id":"https:\/\/andpro.net\/de\/#website"},"primaryImageOfPage":{"@id":"https:\/\/andpro.net\/product\/l-hollman-zimska-jakna-lh-rautexw-j\/#primaryimage"},"image":{"@id":"https:\/\/andpro.net\/product\/l-hollman-zimska-jakna-lh-rautexw-j\/#primaryimage"},"thumbnailUrl":"https:\/\/andpro.net\/wp-content\/uploads\/2025\/11\/0079361920.png","datePublished":"2025-11-14T19:32:26+00:00","dateModified":"2025-11-14T19:39:23+00:00","breadcrumb":{"@id":"https:\/\/andpro.net\/product\/l-hollman-zimska-jakna-lh-rautexw-j\/#breadcrumb"},"inLanguage":"en-GB","potentialAction":[{"@type":"ReadAction","target":["https:\/\/andpro.net\/product\/l-hollman-zimska-jakna-lh-rautexw-j\/"]}]},{"@type":"ImageObject","inLanguage":"en-GB","@id":"https:\/\/andpro.net\/product\/l-hollman-zimska-jakna-lh-rautexw-j\/#primaryimage","url":"https:\/\/andpro.net\/wp-content\/uploads\/2025\/11\/0079361920.png","contentUrl":"https:\/\/andpro.net\/wp-content\/uploads\/2025\/11\/0079361920.png","width":1200,"height":1933},{"@type":"BreadcrumbList","@id":"https:\/\/andpro.net\/product\/l-hollman-zimska-jakna-lh-rautexw-j\/#breadcrumb","itemListElement":[{"@type":"ListItem","position":1,"name":"Home","item":"https:\/\/andpro.net\/"},{"@type":"ListItem","position":2,"name":"Shop","item":"https:\/\/andpro.net\/en\/shop\/"},{"@type":"ListItem","position":3,"name":"L.HOLLMAN JAKNA LH-RAUTEXW-J"}]},{"@type":"WebSite","@id":"https:\/\/andpro.net\/de\/#website","url":"https:\/\/andpro.net\/de\/","name":"AndPro","description":"The best decision","publisher":{"@id":"https:\/\/andpro.net\/de\/#organization"},"potentialAction":[{"@type":"SearchAction","target":{"@type":"EntryPoint","urlTemplate":"https:\/\/andpro.net\/de\/?s={search_term_string}"},"query-input":{"@type":"PropertyValueSpecification","valueRequired":true,"valueName":"search_term_string"}}],"inLanguage":"en-GB"},{"@type":"Organization","@id":"https:\/\/andpro.net\/de\/#organization","name":"AndPro","url":"https:\/\/andpro.net\/de\/","logo":{"@type":"ImageObject","inLanguage":"en-GB","@id":"https:\/\/andpro.net\/de\/#\/schema\/logo\/image\/","url":"https:\/\/andpro.net\/wp-content\/uploads\/2023\/11\/logo_fix.png","contentUrl":"https:\/\/andpro.net\/wp-content\/uploads\/2023\/11\/logo_fix.png","width":1244,"height":637,"caption":"AndPro"},"image":{"@id":"https:\/\/andpro.net\/de\/#\/schema\/logo\/image\/"}}]}},"_links":{"self":[{"href":"https:\/\/andpro.net\/en\/wp-json\/wp\/v2\/product\/10884","targetHints":{"allow":["GET"]}}],"collection":[{"href":"https:\/\/andpro.net\/en\/wp-json\/wp\/v2\/product"}],"about":[{"href":"https:\/\/andpro.net\/en\/wp-json\/wp\/v2\/types\/product"}],"wp:featuredmedia":[{"embeddable":true,"href":"https:\/\/andpro.net\/en\/wp-json\/wp\/v2\/media\/10889"}],"wp:attachment":[{"href":"https:\/\/andpro.net\/en\/wp-json\/wp\/v2\/media?parent=10884"}],"wp:term":[{"taxonomy":"product_brand","embeddable":true,"href":"https:\/\/andpro.net\/en\/wp-json\/wp\/v2\/product_brand?post=10884"},{"taxonomy":"product_cat","embeddable":true,"href":"https:\/\/andpro.net\/en\/wp-json\/wp\/v2\/product_cat?post=10884"},{"taxonomy":"product_tag","embeddable":true,"href":"https:\/\/andpro.net\/en\/wp-json\/wp\/v2\/product_tag?post=10884"}],"curies":[{"name":"wp","href":"https:\/\/api.w.org\/{rel}","templated":true}]}}