{"id":3086,"date":"2023-12-18T11:48:22","date_gmt":"2023-12-18T10:48:22","guid":{"rendered":"https:\/\/andpro.net\/product\/l-hollman-izoliran-zascitni-jopic-lh-asker-gp\/"},"modified":"2025-07-20T13:35:44","modified_gmt":"2025-07-20T12:35:44","slug":"l-hollman-izoliran-zascitni-jopic-lh-asker-gp","status":"publish","type":"product","link":"https:\/\/andpro.net\/en\/product\/l-hollman-izoliran-zascitni-jopic-lh-asker-gp\/","title":{"rendered":"L.HOLLMAN PADDED WINTER JACKET \u2013 JACKET LH-ASKER GP"},"content":{"rendered":"<p>LH-ASKER winter jacket.<br \/>\n- coating 100% polyester, grammage 180 g\/m2, coated with polyurethane<br \/>\nLining 100% polyester, grammage 280 g\/m\u00b2<br \/>\nLining 100% polyester, weight 60 g\/m\u00b2<br \/>\n- zip closure with additional velcro<br \/>\nStand collar<br \/>\n- removable hood, tightened with cords, with additional Velcro for better protection of the head from the cold<br \/>\n\u2013 four chest pockets, including two with zippers<br \/>\n&#8211; dva \u017eepa na spodnjem delu jakne<br \/>\n&#8211; dodatni \u017eepi za dodatke<br \/>\n\u2013 pocket on the inside with Velcro<br \/>\nSleeves finished with cuffs<br \/>\nReflective strips ensure better visibility<\/p>","protected":false},"excerpt":{"rendered":"<p>LH-ASKER zimska delavska bunda-jakna. &#8211; premaz 100% poliester, gramatura 180 g\/m2, prevle\u010den s poliuretanom &#8211; podloga 100% poliester, gramatura 280 g\/m2 &#8211; podloga 100% poliester, te\u017ea 60 g\/m2 &#8211; zapenjanje z zadrgo z dodatnim je\u017ekom &#8211; stoje\u010di ovratnik &#8211; snemljiva kapuca, zategnjena z vrvicami, z dodatnim je\u017ekom za bolj\u0161o za\u0161\u010dito glave pred mrazom &#8211; \u0161tirje [&hellip;]<\/p>","protected":false},"featured_media":1434,"template":"","meta":[],"product_brand":[116],"product_cat":[44,117],"product_tag":[],"class_list":{"0":"post-3086","1":"product","2":"type-product","3":"status-publish","4":"has-post-thumbnail","6":"product_brand-l-hollman","7":"product_cat-jakne","8":"product_cat-zascita-telesa","10":"first","11":"instock","12":"taxable","13":"shipping-taxable","14":"purchasable","15":"product-type-variable"},"bundled_by":[],"bundle_stock_status":"instock","bundle_stock_quantity":1,"bundle_virtual":false,"bundle_layout":"","bundle_add_to_cart_form_location":"","bundle_editable_in_cart":false,"bundle_sold_individually_context":"","bundle_item_grouping":"","bundle_min_size":"","bundle_max_size":"","bundle_price":[],"bundled_items":[],"bundle_sell_ids":[],"group_of_quantity":0,"min_quantity":0,"max_quantity":"","exclude_order_quantity_value_rules":"no","exclude_category_quantity_rules":"no","combine_variations":"no","yoast_head":"<!-- This site is optimized with the Yoast SEO Premium plugin v23.9 (Yoast SEO v27.3) - https:\/\/yoast.com\/product\/yoast-seo-premium-wordpress\/ -->\n<title>L.HOLLMAN PODLO\u017dENA ZIMSKA BUNDA - JAKNA LH-ASKER GP - AndPro<\/title>\n<meta name=\"robots\" content=\"index, follow, max-snippet:-1, max-image-preview:large, max-video-preview:-1\" \/>\n<link rel=\"canonical\" href=\"https:\/\/andpro.net\/en\/product\/l-hollman-izoliran-zascitni-jopic-lh-asker-gp\/\" \/>\n<meta property=\"og:locale\" content=\"en_GB\" \/>\n<meta property=\"og:type\" content=\"article\" \/>\n<meta property=\"og:title\" content=\"L.HOLLMAN PODLO\u017dENA ZIMSKA BUNDA - JAKNA LH-ASKER GP\" \/>\n<meta property=\"og:description\" content=\"LH-ASKER zimska delavska bunda-jakna. &#8211; premaz 100% poliester, gramatura 180 g\/m2, prevle\u010den s poliuretanom &#8211; podloga 100% poliester, gramatura 280 g\/m2 &#8211; podloga 100% poliester, te\u017ea 60 g\/m2 &#8211; zapenjanje z zadrgo z dodatnim je\u017ekom &#8211; stoje\u010di ovratnik &#8211; snemljiva kapuca, zategnjena z vrvicami, z dodatnim je\u017ekom za bolj\u0161o za\u0161\u010dito glave pred mrazom &#8211; \u0161tirje [&hellip;]\" \/>\n<meta property=\"og:url\" content=\"https:\/\/andpro.net\/en\/product\/l-hollman-izoliran-zascitni-jopic-lh-asker-gp\/\" \/>\n<meta property=\"og:site_name\" content=\"AndPro\" \/>\n<meta property=\"article:modified_time\" content=\"2025-07-20T12:35:44+00:00\" \/>\n<meta property=\"og:image\" content=\"https:\/\/andpro.net\/wp-content\/uploads\/2023\/12\/0046905072.jpg\" \/>\n\t<meta property=\"og:image:width\" content=\"690\" \/>\n\t<meta property=\"og:image:height\" content=\"1024\" \/>\n\t<meta property=\"og:image:type\" content=\"image\/jpeg\" \/>\n<meta name=\"twitter:card\" content=\"summary_large_image\" \/>\n<meta name=\"twitter:label1\" content=\"Estimated reading time\" \/>\n\t<meta name=\"twitter:data1\" content=\"1 minute\" \/>\n<script type=\"application\/ld+json\" class=\"yoast-schema-graph\">{\"@context\":\"https:\\\/\\\/schema.org\",\"@graph\":[{\"@type\":\"WebPage\",\"@id\":\"https:\\\/\\\/andpro.net\\\/product\\\/l-hollman-izoliran-zascitni-jopic-lh-asker-gp\\\/\",\"url\":\"https:\\\/\\\/andpro.net\\\/product\\\/l-hollman-izoliran-zascitni-jopic-lh-asker-gp\\\/\",\"name\":\"L.HOLLMAN PODLO\u017dENA ZIMSKA BUNDA - JAKNA LH-ASKER GP - AndPro\",\"isPartOf\":{\"@id\":\"https:\\\/\\\/andpro.net\\\/de\\\/#website\"},\"primaryImageOfPage\":{\"@id\":\"https:\\\/\\\/andpro.net\\\/product\\\/l-hollman-izoliran-zascitni-jopic-lh-asker-gp\\\/#primaryimage\"},\"image\":{\"@id\":\"https:\\\/\\\/andpro.net\\\/product\\\/l-hollman-izoliran-zascitni-jopic-lh-asker-gp\\\/#primaryimage\"},\"thumbnailUrl\":\"https:\\\/\\\/andpro.net\\\/wp-content\\\/uploads\\\/2023\\\/12\\\/0046905072.jpg\",\"datePublished\":\"2023-12-18T10:48:22+00:00\",\"dateModified\":\"2025-07-20T12:35:44+00:00\",\"breadcrumb\":{\"@id\":\"https:\\\/\\\/andpro.net\\\/product\\\/l-hollman-izoliran-zascitni-jopic-lh-asker-gp\\\/#breadcrumb\"},\"inLanguage\":\"en-GB\",\"potentialAction\":[{\"@type\":\"ReadAction\",\"target\":[\"https:\\\/\\\/andpro.net\\\/product\\\/l-hollman-izoliran-zascitni-jopic-lh-asker-gp\\\/\"]}]},{\"@type\":\"ImageObject\",\"inLanguage\":\"en-GB\",\"@id\":\"https:\\\/\\\/andpro.net\\\/product\\\/l-hollman-izoliran-zascitni-jopic-lh-asker-gp\\\/#primaryimage\",\"url\":\"https:\\\/\\\/andpro.net\\\/wp-content\\\/uploads\\\/2023\\\/12\\\/0046905072.jpg\",\"contentUrl\":\"https:\\\/\\\/andpro.net\\\/wp-content\\\/uploads\\\/2023\\\/12\\\/0046905072.jpg\",\"width\":690,\"height\":1024,\"caption\":\"37323248\"},{\"@type\":\"BreadcrumbList\",\"@id\":\"https:\\\/\\\/andpro.net\\\/product\\\/l-hollman-izoliran-zascitni-jopic-lh-asker-gp\\\/#breadcrumb\",\"itemListElement\":[{\"@type\":\"ListItem\",\"position\":1,\"name\":\"Home\",\"item\":\"https:\\\/\\\/andpro.net\\\/\"},{\"@type\":\"ListItem\",\"position\":2,\"name\":\"Shop\",\"item\":\"https:\\\/\\\/andpro.net\\\/en\\\/shop\\\/\"},{\"@type\":\"ListItem\",\"position\":3,\"name\":\"L.HOLLMAN PODLO\u017dENA ZIMSKA BUNDA &#8211; JAKNA LH-ASKER GP\"}]},{\"@type\":\"WebSite\",\"@id\":\"https:\\\/\\\/andpro.net\\\/de\\\/#website\",\"url\":\"https:\\\/\\\/andpro.net\\\/de\\\/\",\"name\":\"AndPro\",\"description\":\"The best decision\",\"publisher\":{\"@id\":\"https:\\\/\\\/andpro.net\\\/de\\\/#organization\"},\"potentialAction\":[{\"@type\":\"SearchAction\",\"target\":{\"@type\":\"EntryPoint\",\"urlTemplate\":\"https:\\\/\\\/andpro.net\\\/de\\\/?s={search_term_string}\"},\"query-input\":{\"@type\":\"PropertyValueSpecification\",\"valueRequired\":true,\"valueName\":\"search_term_string\"}}],\"inLanguage\":\"en-GB\"},{\"@type\":\"Organization\",\"@id\":\"https:\\\/\\\/andpro.net\\\/de\\\/#organization\",\"name\":\"AndPro\",\"url\":\"https:\\\/\\\/andpro.net\\\/de\\\/\",\"logo\":{\"@type\":\"ImageObject\",\"inLanguage\":\"en-GB\",\"@id\":\"https:\\\/\\\/andpro.net\\\/de\\\/#\\\/schema\\\/logo\\\/image\\\/\",\"url\":\"https:\\\/\\\/andpro.net\\\/wp-content\\\/uploads\\\/2023\\\/11\\\/logo_fix.png\",\"contentUrl\":\"https:\\\/\\\/andpro.net\\\/wp-content\\\/uploads\\\/2023\\\/11\\\/logo_fix.png\",\"width\":1244,\"height\":637,\"caption\":\"AndPro\"},\"image\":{\"@id\":\"https:\\\/\\\/andpro.net\\\/de\\\/#\\\/schema\\\/logo\\\/image\\\/\"}}]}<\/script>\n<!-- \/ Yoast SEO Premium plugin. -->","yoast_head_json":{"title":"L.HOLLMAN PODLO\u017dENA ZIMSKA BUNDA - JAKNA LH-ASKER GP - AndPro","robots":{"index":"index","follow":"follow","max-snippet":"max-snippet:-1","max-image-preview":"max-image-preview:large","max-video-preview":"max-video-preview:-1"},"canonical":"https:\/\/andpro.net\/en\/product\/l-hollman-izoliran-zascitni-jopic-lh-asker-gp\/","og_locale":"en_GB","og_type":"article","og_title":"L.HOLLMAN PODLO\u017dENA ZIMSKA BUNDA - JAKNA LH-ASKER GP","og_description":"LH-ASKER zimska delavska bunda-jakna. &#8211; premaz 100% poliester, gramatura 180 g\/m2, prevle\u010den s poliuretanom &#8211; podloga 100% poliester, gramatura 280 g\/m2 &#8211; podloga 100% poliester, te\u017ea 60 g\/m2 &#8211; zapenjanje z zadrgo z dodatnim je\u017ekom &#8211; stoje\u010di ovratnik &#8211; snemljiva kapuca, zategnjena z vrvicami, z dodatnim je\u017ekom za bolj\u0161o za\u0161\u010dito glave pred mrazom &#8211; \u0161tirje [&hellip;]","og_url":"https:\/\/andpro.net\/en\/product\/l-hollman-izoliran-zascitni-jopic-lh-asker-gp\/","og_site_name":"AndPro","article_modified_time":"2025-07-20T12:35:44+00:00","og_image":[{"width":690,"height":1024,"url":"https:\/\/andpro.net\/wp-content\/uploads\/2023\/12\/0046905072.jpg","type":"image\/jpeg"}],"twitter_card":"summary_large_image","twitter_misc":{"Estimated reading time":"1 minute"},"schema":{"@context":"https:\/\/schema.org","@graph":[{"@type":"WebPage","@id":"https:\/\/andpro.net\/product\/l-hollman-izoliran-zascitni-jopic-lh-asker-gp\/","url":"https:\/\/andpro.net\/product\/l-hollman-izoliran-zascitni-jopic-lh-asker-gp\/","name":"L.HOLLMAN PODLO\u017dENA ZIMSKA BUNDA - JAKNA LH-ASKER GP - AndPro","isPartOf":{"@id":"https:\/\/andpro.net\/de\/#website"},"primaryImageOfPage":{"@id":"https:\/\/andpro.net\/product\/l-hollman-izoliran-zascitni-jopic-lh-asker-gp\/#primaryimage"},"image":{"@id":"https:\/\/andpro.net\/product\/l-hollman-izoliran-zascitni-jopic-lh-asker-gp\/#primaryimage"},"thumbnailUrl":"https:\/\/andpro.net\/wp-content\/uploads\/2023\/12\/0046905072.jpg","datePublished":"2023-12-18T10:48:22+00:00","dateModified":"2025-07-20T12:35:44+00:00","breadcrumb":{"@id":"https:\/\/andpro.net\/product\/l-hollman-izoliran-zascitni-jopic-lh-asker-gp\/#breadcrumb"},"inLanguage":"en-GB","potentialAction":[{"@type":"ReadAction","target":["https:\/\/andpro.net\/product\/l-hollman-izoliran-zascitni-jopic-lh-asker-gp\/"]}]},{"@type":"ImageObject","inLanguage":"en-GB","@id":"https:\/\/andpro.net\/product\/l-hollman-izoliran-zascitni-jopic-lh-asker-gp\/#primaryimage","url":"https:\/\/andpro.net\/wp-content\/uploads\/2023\/12\/0046905072.jpg","contentUrl":"https:\/\/andpro.net\/wp-content\/uploads\/2023\/12\/0046905072.jpg","width":690,"height":1024,"caption":"37323248"},{"@type":"BreadcrumbList","@id":"https:\/\/andpro.net\/product\/l-hollman-izoliran-zascitni-jopic-lh-asker-gp\/#breadcrumb","itemListElement":[{"@type":"ListItem","position":1,"name":"Home","item":"https:\/\/andpro.net\/"},{"@type":"ListItem","position":2,"name":"Shop","item":"https:\/\/andpro.net\/en\/shop\/"},{"@type":"ListItem","position":3,"name":"L.HOLLMAN PODLO\u017dENA ZIMSKA BUNDA &#8211; JAKNA LH-ASKER GP"}]},{"@type":"WebSite","@id":"https:\/\/andpro.net\/de\/#website","url":"https:\/\/andpro.net\/de\/","name":"AndPro","description":"The best decision","publisher":{"@id":"https:\/\/andpro.net\/de\/#organization"},"potentialAction":[{"@type":"SearchAction","target":{"@type":"EntryPoint","urlTemplate":"https:\/\/andpro.net\/de\/?s={search_term_string}"},"query-input":{"@type":"PropertyValueSpecification","valueRequired":true,"valueName":"search_term_string"}}],"inLanguage":"en-GB"},{"@type":"Organization","@id":"https:\/\/andpro.net\/de\/#organization","name":"AndPro","url":"https:\/\/andpro.net\/de\/","logo":{"@type":"ImageObject","inLanguage":"en-GB","@id":"https:\/\/andpro.net\/de\/#\/schema\/logo\/image\/","url":"https:\/\/andpro.net\/wp-content\/uploads\/2023\/11\/logo_fix.png","contentUrl":"https:\/\/andpro.net\/wp-content\/uploads\/2023\/11\/logo_fix.png","width":1244,"height":637,"caption":"AndPro"},"image":{"@id":"https:\/\/andpro.net\/de\/#\/schema\/logo\/image\/"}}]}},"_links":{"self":[{"href":"https:\/\/andpro.net\/en\/wp-json\/wp\/v2\/product\/3086","targetHints":{"allow":["GET"]}}],"collection":[{"href":"https:\/\/andpro.net\/en\/wp-json\/wp\/v2\/product"}],"about":[{"href":"https:\/\/andpro.net\/en\/wp-json\/wp\/v2\/types\/product"}],"wp:featuredmedia":[{"embeddable":true,"href":"https:\/\/andpro.net\/en\/wp-json\/wp\/v2\/media\/1434"}],"wp:attachment":[{"href":"https:\/\/andpro.net\/en\/wp-json\/wp\/v2\/media?parent=3086"}],"wp:term":[{"taxonomy":"product_brand","embeddable":true,"href":"https:\/\/andpro.net\/en\/wp-json\/wp\/v2\/product_brand?post=3086"},{"taxonomy":"product_cat","embeddable":true,"href":"https:\/\/andpro.net\/en\/wp-json\/wp\/v2\/product_cat?post=3086"},{"taxonomy":"product_tag","embeddable":true,"href":"https:\/\/andpro.net\/en\/wp-json\/wp\/v2\/product_tag?post=3086"}],"curies":[{"name":"wp","href":"https:\/\/api.w.org\/{rel}","templated":true}]}}