{"id":3558,"date":"2023-12-18T11:52:27","date_gmt":"2023-12-18T10:52:27","guid":{"rendered":"https:\/\/andpro.net\/product\/3m-zascitna-celada-3m-kas-h700n-p\/"},"modified":"2025-07-20T13:27:37","modified_gmt":"2025-07-20T12:27:37","slug":"3m-zascitna-celada-3m-kas-h700n-p","status":"publish","type":"product","link":"https:\/\/andpro.net\/en\/product\/3m-zascitna-celada-3m-kas-h700n-p\/","title":{"rendered":"3M PROTECTIVE HELMET 3M-KAS-H700N P"},"content":{"rendered":"<p>H-700 za\u0161\u010ditna \u010delada iz HDPE<br \/>\n\u2013 free air flow thanks to the ventilation on the top of the helmet<br \/>\n- adjustable snap connection at the balance point of the helmet, allowing easy attachment of accessories such as hearing protectors, headphones or visors<br \/>\n- profiled structure, which allows for the adjustment of the hearing protectors installed on the helmet and their maximum adaptation to individual needs<br \/>\n\u2013 replaceable plastic sweatband<br \/>\n\u2013 smooth screw adjustment of the textile support<br \/>\n\u2013 provides comfort and protection against small falling objects<br \/>\n\u2013 a narrow visor provides a field of vision<br \/>\n\u2013 meets the requirements of the EN397 standard<\/p>","protected":false},"excerpt":{"rendered":"<p>H-700 za\u0161\u010ditna \u010delada iz HDPE &#8211; prost pretok zraka zahvaljujo\u010d ventilaciji na vrhu \u010delade &#8211; nastavljiva zasko\u010dna povezava na to\u010dki ravnote\u017eja \u010delade, ki omogo\u010da enostavno pritrditev dodatkov, kot so \u0161\u010ditniki za sluh, slu\u0161alke ali vizirji &#8211; profilirana struktura, ki omogo\u010da prilagajanje \u0161\u010ditnikov sluha name\u0161\u010denih na \u010deladi in njihovo maksimalno prilagajanje individualnim potrebam &#8211; zamenljiv plasti\u010dni [&hellip;]<\/p>","protected":false},"featured_media":1663,"template":"","meta":[],"product_brand":[91],"product_cat":[24,128],"product_tag":[],"class_list":{"0":"post-3558","1":"product","2":"type-product","3":"status-publish","4":"has-post-thumbnail","6":"product_brand-3m","7":"product_cat-zascita-glave","8":"product_cat-zascita-za-glavo","10":"first","11":"onbackorder","12":"taxable","13":"shipping-taxable","14":"purchasable","15":"product-type-variable"},"bundled_by":[],"bundle_stock_status":"onbackorder","bundle_stock_quantity":null,"bundle_virtual":false,"bundle_layout":"","bundle_add_to_cart_form_location":"","bundle_editable_in_cart":false,"bundle_sold_individually_context":"","bundle_item_grouping":"","bundle_min_size":"","bundle_max_size":"","bundle_price":[],"bundled_items":[],"bundle_sell_ids":[],"group_of_quantity":0,"min_quantity":0,"max_quantity":"","exclude_order_quantity_value_rules":"no","exclude_category_quantity_rules":"no","combine_variations":"no","yoast_head":"<!-- This site is optimized with the Yoast SEO Premium plugin v23.9 (Yoast SEO v27.3) - https:\/\/yoast.com\/product\/yoast-seo-premium-wordpress\/ -->\n<title>3M ZA\u0160\u010cITNA \u010cELADA 3M-KAS-H700N P - AndPro<\/title>\n<meta name=\"robots\" content=\"index, follow, max-snippet:-1, max-image-preview:large, max-video-preview:-1\" \/>\n<link rel=\"canonical\" href=\"https:\/\/andpro.net\/en\/product\/3m-zascitna-celada-3m-kas-h700n-p\/\" \/>\n<meta property=\"og:locale\" content=\"en_GB\" \/>\n<meta property=\"og:type\" content=\"article\" \/>\n<meta property=\"og:title\" content=\"3M ZA\u0160\u010cITNA \u010cELADA 3M-KAS-H700N P\" \/>\n<meta property=\"og:description\" content=\"H-700 za\u0161\u010ditna \u010delada iz HDPE &#8211; prost pretok zraka zahvaljujo\u010d ventilaciji na vrhu \u010delade &#8211; nastavljiva zasko\u010dna povezava na to\u010dki ravnote\u017eja \u010delade, ki omogo\u010da enostavno pritrditev dodatkov, kot so \u0161\u010ditniki za sluh, slu\u0161alke ali vizirji &#8211; profilirana struktura, ki omogo\u010da prilagajanje \u0161\u010ditnikov sluha name\u0161\u010denih na \u010deladi in njihovo maksimalno prilagajanje individualnim potrebam &#8211; zamenljiv plasti\u010dni [&hellip;]\" \/>\n<meta property=\"og:url\" content=\"https:\/\/andpro.net\/en\/product\/3m-zascitna-celada-3m-kas-h700n-p\/\" \/>\n<meta property=\"og:site_name\" content=\"AndPro\" \/>\n<meta property=\"article:modified_time\" content=\"2025-07-20T12:27:37+00:00\" \/>\n<meta property=\"og:image\" content=\"https:\/\/andpro.net\/wp-content\/uploads\/2023\/12\/0054911968.jpg\" \/>\n\t<meta property=\"og:image:width\" content=\"1024\" \/>\n\t<meta property=\"og:image:height\" content=\"748\" \/>\n\t<meta property=\"og:image:type\" content=\"image\/jpeg\" \/>\n<meta name=\"twitter:card\" content=\"summary_large_image\" \/>\n<meta name=\"twitter:label1\" content=\"Estimated reading time\" \/>\n\t<meta name=\"twitter:data1\" content=\"1 minute\" \/>\n<script type=\"application\/ld+json\" class=\"yoast-schema-graph\">{\"@context\":\"https:\\\/\\\/schema.org\",\"@graph\":[{\"@type\":\"WebPage\",\"@id\":\"https:\\\/\\\/andpro.net\\\/product\\\/3m-zascitna-celada-3m-kas-h700n-p\\\/\",\"url\":\"https:\\\/\\\/andpro.net\\\/product\\\/3m-zascitna-celada-3m-kas-h700n-p\\\/\",\"name\":\"3M ZA\u0160\u010cITNA \u010cELADA 3M-KAS-H700N P - AndPro\",\"isPartOf\":{\"@id\":\"https:\\\/\\\/andpro.net\\\/de\\\/#website\"},\"primaryImageOfPage\":{\"@id\":\"https:\\\/\\\/andpro.net\\\/product\\\/3m-zascitna-celada-3m-kas-h700n-p\\\/#primaryimage\"},\"image\":{\"@id\":\"https:\\\/\\\/andpro.net\\\/product\\\/3m-zascitna-celada-3m-kas-h700n-p\\\/#primaryimage\"},\"thumbnailUrl\":\"https:\\\/\\\/andpro.net\\\/wp-content\\\/uploads\\\/2023\\\/12\\\/0054911968.jpg\",\"datePublished\":\"2023-12-18T10:52:27+00:00\",\"dateModified\":\"2025-07-20T12:27:37+00:00\",\"breadcrumb\":{\"@id\":\"https:\\\/\\\/andpro.net\\\/product\\\/3m-zascitna-celada-3m-kas-h700n-p\\\/#breadcrumb\"},\"inLanguage\":\"en-GB\",\"potentialAction\":[{\"@type\":\"ReadAction\",\"target\":[\"https:\\\/\\\/andpro.net\\\/product\\\/3m-zascitna-celada-3m-kas-h700n-p\\\/\"]}]},{\"@type\":\"ImageObject\",\"inLanguage\":\"en-GB\",\"@id\":\"https:\\\/\\\/andpro.net\\\/product\\\/3m-zascitna-celada-3m-kas-h700n-p\\\/#primaryimage\",\"url\":\"https:\\\/\\\/andpro.net\\\/wp-content\\\/uploads\\\/2023\\\/12\\\/0054911968.jpg\",\"contentUrl\":\"https:\\\/\\\/andpro.net\\\/wp-content\\\/uploads\\\/2023\\\/12\\\/0054911968.jpg\",\"width\":1024,\"height\":748,\"caption\":\"25302864\"},{\"@type\":\"BreadcrumbList\",\"@id\":\"https:\\\/\\\/andpro.net\\\/product\\\/3m-zascitna-celada-3m-kas-h700n-p\\\/#breadcrumb\",\"itemListElement\":[{\"@type\":\"ListItem\",\"position\":1,\"name\":\"Home\",\"item\":\"https:\\\/\\\/andpro.net\\\/\"},{\"@type\":\"ListItem\",\"position\":2,\"name\":\"Shop\",\"item\":\"https:\\\/\\\/andpro.net\\\/en\\\/shop\\\/\"},{\"@type\":\"ListItem\",\"position\":3,\"name\":\"3M ZA\u0160\u010cITNA \u010cELADA 3M-KAS-H700N P\"}]},{\"@type\":\"WebSite\",\"@id\":\"https:\\\/\\\/andpro.net\\\/de\\\/#website\",\"url\":\"https:\\\/\\\/andpro.net\\\/de\\\/\",\"name\":\"AndPro\",\"description\":\"The best decision\",\"publisher\":{\"@id\":\"https:\\\/\\\/andpro.net\\\/de\\\/#organization\"},\"potentialAction\":[{\"@type\":\"SearchAction\",\"target\":{\"@type\":\"EntryPoint\",\"urlTemplate\":\"https:\\\/\\\/andpro.net\\\/de\\\/?s={search_term_string}\"},\"query-input\":{\"@type\":\"PropertyValueSpecification\",\"valueRequired\":true,\"valueName\":\"search_term_string\"}}],\"inLanguage\":\"en-GB\"},{\"@type\":\"Organization\",\"@id\":\"https:\\\/\\\/andpro.net\\\/de\\\/#organization\",\"name\":\"AndPro\",\"url\":\"https:\\\/\\\/andpro.net\\\/de\\\/\",\"logo\":{\"@type\":\"ImageObject\",\"inLanguage\":\"en-GB\",\"@id\":\"https:\\\/\\\/andpro.net\\\/de\\\/#\\\/schema\\\/logo\\\/image\\\/\",\"url\":\"https:\\\/\\\/andpro.net\\\/wp-content\\\/uploads\\\/2023\\\/11\\\/logo_fix.png\",\"contentUrl\":\"https:\\\/\\\/andpro.net\\\/wp-content\\\/uploads\\\/2023\\\/11\\\/logo_fix.png\",\"width\":1244,\"height\":637,\"caption\":\"AndPro\"},\"image\":{\"@id\":\"https:\\\/\\\/andpro.net\\\/de\\\/#\\\/schema\\\/logo\\\/image\\\/\"}}]}<\/script>\n<!-- \/ Yoast SEO Premium plugin. -->","yoast_head_json":{"title":"3M ZA\u0160\u010cITNA \u010cELADA 3M-KAS-H700N P - AndPro","robots":{"index":"index","follow":"follow","max-snippet":"max-snippet:-1","max-image-preview":"max-image-preview:large","max-video-preview":"max-video-preview:-1"},"canonical":"https:\/\/andpro.net\/en\/product\/3m-zascitna-celada-3m-kas-h700n-p\/","og_locale":"en_GB","og_type":"article","og_title":"3M ZA\u0160\u010cITNA \u010cELADA 3M-KAS-H700N P","og_description":"H-700 za\u0161\u010ditna \u010delada iz HDPE &#8211; prost pretok zraka zahvaljujo\u010d ventilaciji na vrhu \u010delade &#8211; nastavljiva zasko\u010dna povezava na to\u010dki ravnote\u017eja \u010delade, ki omogo\u010da enostavno pritrditev dodatkov, kot so \u0161\u010ditniki za sluh, slu\u0161alke ali vizirji &#8211; profilirana struktura, ki omogo\u010da prilagajanje \u0161\u010ditnikov sluha name\u0161\u010denih na \u010deladi in njihovo maksimalno prilagajanje individualnim potrebam &#8211; zamenljiv plasti\u010dni [&hellip;]","og_url":"https:\/\/andpro.net\/en\/product\/3m-zascitna-celada-3m-kas-h700n-p\/","og_site_name":"AndPro","article_modified_time":"2025-07-20T12:27:37+00:00","og_image":[{"width":1024,"height":748,"url":"https:\/\/andpro.net\/wp-content\/uploads\/2023\/12\/0054911968.jpg","type":"image\/jpeg"}],"twitter_card":"summary_large_image","twitter_misc":{"Estimated reading time":"1 minute"},"schema":{"@context":"https:\/\/schema.org","@graph":[{"@type":"WebPage","@id":"https:\/\/andpro.net\/product\/3m-zascitna-celada-3m-kas-h700n-p\/","url":"https:\/\/andpro.net\/product\/3m-zascitna-celada-3m-kas-h700n-p\/","name":"3M ZA\u0160\u010cITNA \u010cELADA 3M-KAS-H700N P - AndPro","isPartOf":{"@id":"https:\/\/andpro.net\/de\/#website"},"primaryImageOfPage":{"@id":"https:\/\/andpro.net\/product\/3m-zascitna-celada-3m-kas-h700n-p\/#primaryimage"},"image":{"@id":"https:\/\/andpro.net\/product\/3m-zascitna-celada-3m-kas-h700n-p\/#primaryimage"},"thumbnailUrl":"https:\/\/andpro.net\/wp-content\/uploads\/2023\/12\/0054911968.jpg","datePublished":"2023-12-18T10:52:27+00:00","dateModified":"2025-07-20T12:27:37+00:00","breadcrumb":{"@id":"https:\/\/andpro.net\/product\/3m-zascitna-celada-3m-kas-h700n-p\/#breadcrumb"},"inLanguage":"en-GB","potentialAction":[{"@type":"ReadAction","target":["https:\/\/andpro.net\/product\/3m-zascitna-celada-3m-kas-h700n-p\/"]}]},{"@type":"ImageObject","inLanguage":"en-GB","@id":"https:\/\/andpro.net\/product\/3m-zascitna-celada-3m-kas-h700n-p\/#primaryimage","url":"https:\/\/andpro.net\/wp-content\/uploads\/2023\/12\/0054911968.jpg","contentUrl":"https:\/\/andpro.net\/wp-content\/uploads\/2023\/12\/0054911968.jpg","width":1024,"height":748,"caption":"25302864"},{"@type":"BreadcrumbList","@id":"https:\/\/andpro.net\/product\/3m-zascitna-celada-3m-kas-h700n-p\/#breadcrumb","itemListElement":[{"@type":"ListItem","position":1,"name":"Home","item":"https:\/\/andpro.net\/"},{"@type":"ListItem","position":2,"name":"Shop","item":"https:\/\/andpro.net\/en\/shop\/"},{"@type":"ListItem","position":3,"name":"3M ZA\u0160\u010cITNA \u010cELADA 3M-KAS-H700N P"}]},{"@type":"WebSite","@id":"https:\/\/andpro.net\/de\/#website","url":"https:\/\/andpro.net\/de\/","name":"AndPro","description":"The best decision","publisher":{"@id":"https:\/\/andpro.net\/de\/#organization"},"potentialAction":[{"@type":"SearchAction","target":{"@type":"EntryPoint","urlTemplate":"https:\/\/andpro.net\/de\/?s={search_term_string}"},"query-input":{"@type":"PropertyValueSpecification","valueRequired":true,"valueName":"search_term_string"}}],"inLanguage":"en-GB"},{"@type":"Organization","@id":"https:\/\/andpro.net\/de\/#organization","name":"AndPro","url":"https:\/\/andpro.net\/de\/","logo":{"@type":"ImageObject","inLanguage":"en-GB","@id":"https:\/\/andpro.net\/de\/#\/schema\/logo\/image\/","url":"https:\/\/andpro.net\/wp-content\/uploads\/2023\/11\/logo_fix.png","contentUrl":"https:\/\/andpro.net\/wp-content\/uploads\/2023\/11\/logo_fix.png","width":1244,"height":637,"caption":"AndPro"},"image":{"@id":"https:\/\/andpro.net\/de\/#\/schema\/logo\/image\/"}}]}},"_links":{"self":[{"href":"https:\/\/andpro.net\/en\/wp-json\/wp\/v2\/product\/3558","targetHints":{"allow":["GET"]}}],"collection":[{"href":"https:\/\/andpro.net\/en\/wp-json\/wp\/v2\/product"}],"about":[{"href":"https:\/\/andpro.net\/en\/wp-json\/wp\/v2\/types\/product"}],"wp:featuredmedia":[{"embeddable":true,"href":"https:\/\/andpro.net\/en\/wp-json\/wp\/v2\/media\/1663"}],"wp:attachment":[{"href":"https:\/\/andpro.net\/en\/wp-json\/wp\/v2\/media?parent=3558"}],"wp:term":[{"taxonomy":"product_brand","embeddable":true,"href":"https:\/\/andpro.net\/en\/wp-json\/wp\/v2\/product_brand?post=3558"},{"taxonomy":"product_cat","embeddable":true,"href":"https:\/\/andpro.net\/en\/wp-json\/wp\/v2\/product_cat?post=3558"},{"taxonomy":"product_tag","embeddable":true,"href":"https:\/\/andpro.net\/en\/wp-json\/wp\/v2\/product_tag?post=3558"}],"curies":[{"name":"wp","href":"https:\/\/api.w.org\/{rel}","templated":true}]}}