{"id":3559,"date":"2023-12-18T11:52:27","date_gmt":"2023-12-18T10:52:27","guid":{"rendered":"https:\/\/andpro.net\/product\/honeywell-zascitna-celada-hw-kas-short-w-p\/"},"modified":"2026-01-20T21:25:39","modified_gmt":"2026-01-20T20:25:39","slug":"honeywell-zascitna-celada-hw-kas-short-w-p","status":"publish","type":"product","link":"https:\/\/andpro.net\/en\/product\/honeywell-zascitna-celada-hw-kas-short-w-p\/","title":{"rendered":"HONEYWELL PROTECTIVE HELMET HW-KAS-SHORT-W P"},"content":{"rendered":"<p>Ventilated safety helmet.<br \/>\n\u2013 short roundabout<br \/>\n\u2013 adaptation to different head sizes<br \/>\n\u2013 compatible with other Honeywell personal protective equipment<br \/>\n\u2013 type 1<br \/>\n\u2013 light, weight 390 g without chin rest and up to 410 g with strap<br \/>\n\u2013 4-point suspension with ratchet<br \/>\n- \"double locking\" mechanism prevents loosening of the helmet under normal conditions<br \/>\n\u2013 electrical protection class E<br \/>\n\u2013 resistant to temperatures from -30\u00b0C to +50\u00b0C<br \/>\n\u2013 meets the requirements of standards EN50365, EN397<\/p>","protected":false},"excerpt":{"rendered":"<p>Prezra\u010devalna za\u0161\u010ditna \u010delada &#8211; kratko kro\u017ei\u0161\u010de &#8211; prilagajanje razli\u010dnim velikostim glave &#8211; zdru\u017eljivo z ostalo osebno za\u0161\u010ditno opremo Honeywell &#8211; vrsta 1 &#8211; lahka, te\u017ea 390 g brez podbradnika in do 410 g s trakom &#8211; 4-to\u010dkovno vzmetenje z ragljo &#8211; &#8220;double locking&#8221; mehanizem prepre\u010duje zrahljanje \u010delade v normalnih pogojih &#8211; razred E elektri\u010dne za\u0161\u010dite [&hellip;]<\/p>","protected":false},"featured_media":9488,"template":"","meta":[],"product_brand":[125],"product_cat":[24,128],"product_tag":[],"class_list":{"0":"post-3559","1":"product","2":"type-product","3":"status-publish","4":"has-post-thumbnail","6":"product_brand-honeywell","7":"product_cat-zascita-glave","8":"product_cat-zascita-za-glavo","10":"first","11":"instock","12":"taxable","13":"shipping-taxable","14":"product-type-variable"},"bundled_by":[],"bundle_stock_status":"instock","bundle_stock_quantity":null,"bundle_virtual":false,"bundle_layout":"","bundle_add_to_cart_form_location":"","bundle_editable_in_cart":false,"bundle_sold_individually_context":"","bundle_item_grouping":"","bundle_min_size":"","bundle_max_size":"","bundle_price":[],"bundled_items":[],"bundle_sell_ids":[],"group_of_quantity":0,"min_quantity":0,"max_quantity":"","exclude_order_quantity_value_rules":"no","exclude_category_quantity_rules":"no","combine_variations":"no","yoast_head":"<!-- This site is optimized with the Yoast SEO Premium plugin v23.9 (Yoast SEO v27.4) - https:\/\/yoast.com\/product\/yoast-seo-premium-wordpress\/ -->\n<title>HONEYWELL ZA\u0160\u010cITNA \u010cELADA HW-KAS-SHORT-W P - AndPro<\/title>\n<meta name=\"robots\" content=\"index, follow, max-snippet:-1, max-image-preview:large, max-video-preview:-1\" \/>\n<link rel=\"canonical\" href=\"https:\/\/andpro.net\/en\/product\/honeywell-zascitna-celada-hw-kas-short-w-p\/\" \/>\n<meta property=\"og:locale\" content=\"en_GB\" \/>\n<meta property=\"og:type\" content=\"article\" \/>\n<meta property=\"og:title\" content=\"HONEYWELL ZA\u0160\u010cITNA \u010cELADA HW-KAS-SHORT-W P\" \/>\n<meta property=\"og:description\" content=\"Prezra\u010devalna za\u0161\u010ditna \u010delada &#8211; kratko kro\u017ei\u0161\u010de &#8211; prilagajanje razli\u010dnim velikostim glave &#8211; zdru\u017eljivo z ostalo osebno za\u0161\u010ditno opremo Honeywell &#8211; vrsta 1 &#8211; lahka, te\u017ea 390 g brez podbradnika in do 410 g s trakom &#8211; 4-to\u010dkovno vzmetenje z ragljo &#8211; &#8220;double locking&#8221; mehanizem prepre\u010duje zrahljanje \u010delade v normalnih pogojih &#8211; razred E elektri\u010dne za\u0161\u010dite [&hellip;]\" \/>\n<meta property=\"og:url\" content=\"https:\/\/andpro.net\/en\/product\/honeywell-zascitna-celada-hw-kas-short-w-p\/\" \/>\n<meta property=\"og:site_name\" content=\"AndPro\" \/>\n<meta property=\"article:modified_time\" content=\"2026-01-20T20:25:39+00:00\" \/>\n<meta property=\"og:image\" content=\"https:\/\/andpro.net\/wp-content\/uploads\/2023\/12\/0058427040.jpg\" \/>\n\t<meta property=\"og:image:width\" content=\"1024\" \/>\n\t<meta property=\"og:image:height\" content=\"756\" \/>\n\t<meta property=\"og:image:type\" content=\"image\/jpeg\" \/>\n<meta name=\"twitter:card\" content=\"summary_large_image\" \/>\n<meta name=\"twitter:label1\" content=\"Estimated reading time\" \/>\n\t<meta name=\"twitter:data1\" content=\"1 minute\" \/>\n<script type=\"application\/ld+json\" class=\"yoast-schema-graph\">{\"@context\":\"https:\\\/\\\/schema.org\",\"@graph\":[{\"@type\":\"WebPage\",\"@id\":\"https:\\\/\\\/andpro.net\\\/product\\\/honeywell-zascitna-celada-hw-kas-short-w-p\\\/\",\"url\":\"https:\\\/\\\/andpro.net\\\/product\\\/honeywell-zascitna-celada-hw-kas-short-w-p\\\/\",\"name\":\"HONEYWELL ZA\u0160\u010cITNA \u010cELADA HW-KAS-SHORT-W P - AndPro\",\"isPartOf\":{\"@id\":\"https:\\\/\\\/andpro.net\\\/de\\\/#website\"},\"primaryImageOfPage\":{\"@id\":\"https:\\\/\\\/andpro.net\\\/product\\\/honeywell-zascitna-celada-hw-kas-short-w-p\\\/#primaryimage\"},\"image\":{\"@id\":\"https:\\\/\\\/andpro.net\\\/product\\\/honeywell-zascitna-celada-hw-kas-short-w-p\\\/#primaryimage\"},\"thumbnailUrl\":\"https:\\\/\\\/andpro.net\\\/wp-content\\\/uploads\\\/2023\\\/12\\\/0058427040.jpg\",\"datePublished\":\"2023-12-18T10:52:27+00:00\",\"dateModified\":\"2026-01-20T20:25:39+00:00\",\"breadcrumb\":{\"@id\":\"https:\\\/\\\/andpro.net\\\/product\\\/honeywell-zascitna-celada-hw-kas-short-w-p\\\/#breadcrumb\"},\"inLanguage\":\"en-GB\",\"potentialAction\":[{\"@type\":\"ReadAction\",\"target\":[\"https:\\\/\\\/andpro.net\\\/product\\\/honeywell-zascitna-celada-hw-kas-short-w-p\\\/\"]}]},{\"@type\":\"ImageObject\",\"inLanguage\":\"en-GB\",\"@id\":\"https:\\\/\\\/andpro.net\\\/product\\\/honeywell-zascitna-celada-hw-kas-short-w-p\\\/#primaryimage\",\"url\":\"https:\\\/\\\/andpro.net\\\/wp-content\\\/uploads\\\/2023\\\/12\\\/0058427040.jpg\",\"contentUrl\":\"https:\\\/\\\/andpro.net\\\/wp-content\\\/uploads\\\/2023\\\/12\\\/0058427040.jpg\",\"width\":1024,\"height\":756},{\"@type\":\"BreadcrumbList\",\"@id\":\"https:\\\/\\\/andpro.net\\\/product\\\/honeywell-zascitna-celada-hw-kas-short-w-p\\\/#breadcrumb\",\"itemListElement\":[{\"@type\":\"ListItem\",\"position\":1,\"name\":\"Home\",\"item\":\"https:\\\/\\\/andpro.net\\\/\"},{\"@type\":\"ListItem\",\"position\":2,\"name\":\"Shop\",\"item\":\"https:\\\/\\\/andpro.net\\\/en\\\/shop\\\/\"},{\"@type\":\"ListItem\",\"position\":3,\"name\":\"HONEYWELL ZA\u0160\u010cITNA \u010cELADA HW-KAS-SHORT-W P\"}]},{\"@type\":\"WebSite\",\"@id\":\"https:\\\/\\\/andpro.net\\\/de\\\/#website\",\"url\":\"https:\\\/\\\/andpro.net\\\/de\\\/\",\"name\":\"AndPro\",\"description\":\"The best decision\",\"publisher\":{\"@id\":\"https:\\\/\\\/andpro.net\\\/de\\\/#organization\"},\"potentialAction\":[{\"@type\":\"SearchAction\",\"target\":{\"@type\":\"EntryPoint\",\"urlTemplate\":\"https:\\\/\\\/andpro.net\\\/de\\\/?s={search_term_string}\"},\"query-input\":{\"@type\":\"PropertyValueSpecification\",\"valueRequired\":true,\"valueName\":\"search_term_string\"}}],\"inLanguage\":\"en-GB\"},{\"@type\":\"Organization\",\"@id\":\"https:\\\/\\\/andpro.net\\\/de\\\/#organization\",\"name\":\"AndPro\",\"url\":\"https:\\\/\\\/andpro.net\\\/de\\\/\",\"logo\":{\"@type\":\"ImageObject\",\"inLanguage\":\"en-GB\",\"@id\":\"https:\\\/\\\/andpro.net\\\/de\\\/#\\\/schema\\\/logo\\\/image\\\/\",\"url\":\"https:\\\/\\\/andpro.net\\\/wp-content\\\/uploads\\\/2023\\\/11\\\/logo_fix.png\",\"contentUrl\":\"https:\\\/\\\/andpro.net\\\/wp-content\\\/uploads\\\/2023\\\/11\\\/logo_fix.png\",\"width\":1244,\"height\":637,\"caption\":\"AndPro\"},\"image\":{\"@id\":\"https:\\\/\\\/andpro.net\\\/de\\\/#\\\/schema\\\/logo\\\/image\\\/\"}}]}<\/script>\n<!-- \/ Yoast SEO Premium plugin. -->","yoast_head_json":{"title":"HONEYWELL ZA\u0160\u010cITNA \u010cELADA HW-KAS-SHORT-W P - AndPro","robots":{"index":"index","follow":"follow","max-snippet":"max-snippet:-1","max-image-preview":"max-image-preview:large","max-video-preview":"max-video-preview:-1"},"canonical":"https:\/\/andpro.net\/en\/product\/honeywell-zascitna-celada-hw-kas-short-w-p\/","og_locale":"en_GB","og_type":"article","og_title":"HONEYWELL ZA\u0160\u010cITNA \u010cELADA HW-KAS-SHORT-W P","og_description":"Prezra\u010devalna za\u0161\u010ditna \u010delada &#8211; kratko kro\u017ei\u0161\u010de &#8211; prilagajanje razli\u010dnim velikostim glave &#8211; zdru\u017eljivo z ostalo osebno za\u0161\u010ditno opremo Honeywell &#8211; vrsta 1 &#8211; lahka, te\u017ea 390 g brez podbradnika in do 410 g s trakom &#8211; 4-to\u010dkovno vzmetenje z ragljo &#8211; &#8220;double locking&#8221; mehanizem prepre\u010duje zrahljanje \u010delade v normalnih pogojih &#8211; razred E elektri\u010dne za\u0161\u010dite [&hellip;]","og_url":"https:\/\/andpro.net\/en\/product\/honeywell-zascitna-celada-hw-kas-short-w-p\/","og_site_name":"AndPro","article_modified_time":"2026-01-20T20:25:39+00:00","og_image":[{"width":1024,"height":756,"url":"https:\/\/andpro.net\/wp-content\/uploads\/2023\/12\/0058427040.jpg","type":"image\/jpeg"}],"twitter_card":"summary_large_image","twitter_misc":{"Estimated reading time":"1 minute"},"schema":{"@context":"https:\/\/schema.org","@graph":[{"@type":"WebPage","@id":"https:\/\/andpro.net\/product\/honeywell-zascitna-celada-hw-kas-short-w-p\/","url":"https:\/\/andpro.net\/product\/honeywell-zascitna-celada-hw-kas-short-w-p\/","name":"HONEYWELL ZA\u0160\u010cITNA \u010cELADA HW-KAS-SHORT-W P - AndPro","isPartOf":{"@id":"https:\/\/andpro.net\/de\/#website"},"primaryImageOfPage":{"@id":"https:\/\/andpro.net\/product\/honeywell-zascitna-celada-hw-kas-short-w-p\/#primaryimage"},"image":{"@id":"https:\/\/andpro.net\/product\/honeywell-zascitna-celada-hw-kas-short-w-p\/#primaryimage"},"thumbnailUrl":"https:\/\/andpro.net\/wp-content\/uploads\/2023\/12\/0058427040.jpg","datePublished":"2023-12-18T10:52:27+00:00","dateModified":"2026-01-20T20:25:39+00:00","breadcrumb":{"@id":"https:\/\/andpro.net\/product\/honeywell-zascitna-celada-hw-kas-short-w-p\/#breadcrumb"},"inLanguage":"en-GB","potentialAction":[{"@type":"ReadAction","target":["https:\/\/andpro.net\/product\/honeywell-zascitna-celada-hw-kas-short-w-p\/"]}]},{"@type":"ImageObject","inLanguage":"en-GB","@id":"https:\/\/andpro.net\/product\/honeywell-zascitna-celada-hw-kas-short-w-p\/#primaryimage","url":"https:\/\/andpro.net\/wp-content\/uploads\/2023\/12\/0058427040.jpg","contentUrl":"https:\/\/andpro.net\/wp-content\/uploads\/2023\/12\/0058427040.jpg","width":1024,"height":756},{"@type":"BreadcrumbList","@id":"https:\/\/andpro.net\/product\/honeywell-zascitna-celada-hw-kas-short-w-p\/#breadcrumb","itemListElement":[{"@type":"ListItem","position":1,"name":"Home","item":"https:\/\/andpro.net\/"},{"@type":"ListItem","position":2,"name":"Shop","item":"https:\/\/andpro.net\/en\/shop\/"},{"@type":"ListItem","position":3,"name":"HONEYWELL ZA\u0160\u010cITNA \u010cELADA HW-KAS-SHORT-W P"}]},{"@type":"WebSite","@id":"https:\/\/andpro.net\/de\/#website","url":"https:\/\/andpro.net\/de\/","name":"AndPro","description":"The best decision","publisher":{"@id":"https:\/\/andpro.net\/de\/#organization"},"potentialAction":[{"@type":"SearchAction","target":{"@type":"EntryPoint","urlTemplate":"https:\/\/andpro.net\/de\/?s={search_term_string}"},"query-input":{"@type":"PropertyValueSpecification","valueRequired":true,"valueName":"search_term_string"}}],"inLanguage":"en-GB"},{"@type":"Organization","@id":"https:\/\/andpro.net\/de\/#organization","name":"AndPro","url":"https:\/\/andpro.net\/de\/","logo":{"@type":"ImageObject","inLanguage":"en-GB","@id":"https:\/\/andpro.net\/de\/#\/schema\/logo\/image\/","url":"https:\/\/andpro.net\/wp-content\/uploads\/2023\/11\/logo_fix.png","contentUrl":"https:\/\/andpro.net\/wp-content\/uploads\/2023\/11\/logo_fix.png","width":1244,"height":637,"caption":"AndPro"},"image":{"@id":"https:\/\/andpro.net\/de\/#\/schema\/logo\/image\/"}}]}},"_links":{"self":[{"href":"https:\/\/andpro.net\/en\/wp-json\/wp\/v2\/product\/3559","targetHints":{"allow":["GET"]}}],"collection":[{"href":"https:\/\/andpro.net\/en\/wp-json\/wp\/v2\/product"}],"about":[{"href":"https:\/\/andpro.net\/en\/wp-json\/wp\/v2\/types\/product"}],"wp:featuredmedia":[{"embeddable":true,"href":"https:\/\/andpro.net\/en\/wp-json\/wp\/v2\/media\/9488"}],"wp:attachment":[{"href":"https:\/\/andpro.net\/en\/wp-json\/wp\/v2\/media?parent=3559"}],"wp:term":[{"taxonomy":"product_brand","embeddable":true,"href":"https:\/\/andpro.net\/en\/wp-json\/wp\/v2\/product_brand?post=3559"},{"taxonomy":"product_cat","embeddable":true,"href":"https:\/\/andpro.net\/en\/wp-json\/wp\/v2\/product_cat?post=3559"},{"taxonomy":"product_tag","embeddable":true,"href":"https:\/\/andpro.net\/en\/wp-json\/wp\/v2\/product_tag?post=3559"}],"curies":[{"name":"wp","href":"https:\/\/api.w.org\/{rel}","templated":true}]}}