{"id":3604,"date":"2023-12-18T11:52:57","date_gmt":"2023-12-18T10:52:57","guid":{"rendered":"https:\/\/andpro.net\/product\/l-hollman-zascitne-hlace-kratke-lh-fmnx-ts-ysb\/"},"modified":"2025-07-20T13:20:19","modified_gmt":"2025-07-20T12:20:19","slug":"l-hollman-zascitne-hlace-kratke-lh-fmnx-ts-ysb","status":"publish","type":"product","link":"https:\/\/andpro.net\/en\/product\/l-hollman-zascitne-hlace-kratke-lh-fmnx-ts-ysb\/","title":{"rendered":"L.HOLLMAN SCHUTZSHORTS LH-FMNX-TS"},"content":{"rendered":"<p>FORMEN padded protective pants, woven.<br \/>\n\u2013 80% polyester, 20% cotton (CSB and CGS colors: 100% polyester)<br \/>\n\u2013 grammage 270 g\/m2<br \/>\n\u2013 two back pockets with velcro and two double side pockets, including one with a phone pocket<br \/>\n\u2013 one velcro leg pocket with additional accessory pockets and one side longitudinal pocket<br \/>\nA large number of pockets increases the functionality of the jacket<br \/>\n\u2013 tip for attaching keys<br \/>\n- loops for attaching additional accessories<br \/>\n- the elastic waistband at the back increases freedom of movement and allows for a better fit<br \/>\n\u2013 additional reinforcement on the pockets, which increases the wear resistance of the trousers<br \/>\n\u2013 careful manufacturing and increased durability ensure high comfort of use<br \/>\n- tested for the content of substances harmful to health in accordance with the OEKO-TEX\u00ae Standard 100 standards<br \/>\nMeets the requirements of EN ISO 20471 (class 1),<\/p>","protected":false},"excerpt":{"rendered":"<p>Za\u0161\u010ditne delavske kratke hla\u010de FORMEN. &#8211; blago: 80% poliester, 20% bomba\u017e (barve CSB in CGS: 100% poliester) &#8211; gramatura 270 g\/m2 &#8211; dva zadnja \u017eepa z je\u017eki in dva dvojna stranska \u017eepa, vklju\u010dno z enim z \u017eepom za telefon &#8211; en \u017eep na nogah z je\u017ekom z dodatnimi \u017eepi za dodatke in en stranski vzdol\u017eni [&hellip;]<\/p>","protected":false},"featured_media":1723,"template":"","meta":[],"product_brand":[116],"product_cat":[41,117],"product_tag":[],"class_list":{"0":"post-3604","1":"product","2":"type-product","3":"status-publish","4":"has-post-thumbnail","6":"product_brand-l-hollman","7":"product_cat-hlace","8":"product_cat-zascita-telesa","10":"first","11":"onbackorder","12":"taxable","13":"shipping-taxable","14":"purchasable","15":"product-type-variable"},"bundled_by":[],"bundle_stock_status":"onbackorder","bundle_stock_quantity":null,"bundle_virtual":false,"bundle_layout":"","bundle_add_to_cart_form_location":"","bundle_editable_in_cart":false,"bundle_sold_individually_context":"","bundle_item_grouping":"","bundle_min_size":"","bundle_max_size":"","bundle_price":[],"bundled_items":[],"bundle_sell_ids":[],"group_of_quantity":0,"min_quantity":0,"max_quantity":"","exclude_order_quantity_value_rules":"no","exclude_category_quantity_rules":"no","combine_variations":"no","yoast_head":"<!-- This site is optimized with the Yoast SEO Premium plugin v23.9 (Yoast SEO v27.3) - https:\/\/yoast.com\/product\/yoast-seo-premium-wordpress\/ -->\n<title>L.HOLLMAN ZA\u0160\u010cITNE HLA\u010cE KRATKE LH-FMNX-TS - AndPro<\/title>\n<meta name=\"robots\" content=\"index, follow, max-snippet:-1, max-image-preview:large, max-video-preview:-1\" \/>\n<link rel=\"canonical\" href=\"https:\/\/andpro.net\/en\/product\/l-hollman-zascitne-hlace-kratke-lh-fmnx-ts-ysb\/\" \/>\n<meta property=\"og:locale\" content=\"en_GB\" \/>\n<meta property=\"og:type\" content=\"article\" \/>\n<meta property=\"og:title\" content=\"L.HOLLMAN ZA\u0160\u010cITNE HLA\u010cE KRATKE LH-FMNX-TS\" \/>\n<meta property=\"og:description\" content=\"Za\u0161\u010ditne delavske kratke hla\u010de FORMEN. &#8211; blago: 80% poliester, 20% bomba\u017e (barve CSB in CGS: 100% poliester) &#8211; gramatura 270 g\/m2 &#8211; dva zadnja \u017eepa z je\u017eki in dva dvojna stranska \u017eepa, vklju\u010dno z enim z \u017eepom za telefon &#8211; en \u017eep na nogah z je\u017ekom z dodatnimi \u017eepi za dodatke in en stranski vzdol\u017eni [&hellip;]\" \/>\n<meta property=\"og:url\" content=\"https:\/\/andpro.net\/en\/product\/l-hollman-zascitne-hlace-kratke-lh-fmnx-ts-ysb\/\" \/>\n<meta property=\"og:site_name\" content=\"AndPro\" \/>\n<meta property=\"article:modified_time\" content=\"2025-07-20T12:20:19+00:00\" \/>\n<meta property=\"og:image\" content=\"https:\/\/andpro.net\/wp-content\/uploads\/2023\/12\/0047501984.jpg\" \/>\n\t<meta property=\"og:image:width\" content=\"521\" \/>\n\t<meta property=\"og:image:height\" content=\"1024\" \/>\n\t<meta property=\"og:image:type\" content=\"image\/jpeg\" \/>\n<meta name=\"twitter:card\" content=\"summary_large_image\" \/>\n<meta name=\"twitter:label1\" content=\"Estimated reading time\" \/>\n\t<meta name=\"twitter:data1\" content=\"1 minute\" \/>\n<script type=\"application\/ld+json\" class=\"yoast-schema-graph\">{\"@context\":\"https:\\\/\\\/schema.org\",\"@graph\":[{\"@type\":\"WebPage\",\"@id\":\"https:\\\/\\\/andpro.net\\\/product\\\/l-hollman-zascitne-hlace-kratke-lh-fmnx-ts-ysb\\\/\",\"url\":\"https:\\\/\\\/andpro.net\\\/product\\\/l-hollman-zascitne-hlace-kratke-lh-fmnx-ts-ysb\\\/\",\"name\":\"L.HOLLMAN ZA\u0160\u010cITNE HLA\u010cE KRATKE LH-FMNX-TS - AndPro\",\"isPartOf\":{\"@id\":\"https:\\\/\\\/andpro.net\\\/de\\\/#website\"},\"primaryImageOfPage\":{\"@id\":\"https:\\\/\\\/andpro.net\\\/product\\\/l-hollman-zascitne-hlace-kratke-lh-fmnx-ts-ysb\\\/#primaryimage\"},\"image\":{\"@id\":\"https:\\\/\\\/andpro.net\\\/product\\\/l-hollman-zascitne-hlace-kratke-lh-fmnx-ts-ysb\\\/#primaryimage\"},\"thumbnailUrl\":\"https:\\\/\\\/andpro.net\\\/wp-content\\\/uploads\\\/2023\\\/12\\\/0047501984.jpg\",\"datePublished\":\"2023-12-18T10:52:57+00:00\",\"dateModified\":\"2025-07-20T12:20:19+00:00\",\"breadcrumb\":{\"@id\":\"https:\\\/\\\/andpro.net\\\/product\\\/l-hollman-zascitne-hlace-kratke-lh-fmnx-ts-ysb\\\/#breadcrumb\"},\"inLanguage\":\"en-GB\",\"potentialAction\":[{\"@type\":\"ReadAction\",\"target\":[\"https:\\\/\\\/andpro.net\\\/product\\\/l-hollman-zascitne-hlace-kratke-lh-fmnx-ts-ysb\\\/\"]}]},{\"@type\":\"ImageObject\",\"inLanguage\":\"en-GB\",\"@id\":\"https:\\\/\\\/andpro.net\\\/product\\\/l-hollman-zascitne-hlace-kratke-lh-fmnx-ts-ysb\\\/#primaryimage\",\"url\":\"https:\\\/\\\/andpro.net\\\/wp-content\\\/uploads\\\/2023\\\/12\\\/0047501984.jpg\",\"contentUrl\":\"https:\\\/\\\/andpro.net\\\/wp-content\\\/uploads\\\/2023\\\/12\\\/0047501984.jpg\",\"width\":521,\"height\":1024,\"caption\":\"25624240\"},{\"@type\":\"BreadcrumbList\",\"@id\":\"https:\\\/\\\/andpro.net\\\/product\\\/l-hollman-zascitne-hlace-kratke-lh-fmnx-ts-ysb\\\/#breadcrumb\",\"itemListElement\":[{\"@type\":\"ListItem\",\"position\":1,\"name\":\"Home\",\"item\":\"https:\\\/\\\/andpro.net\\\/\"},{\"@type\":\"ListItem\",\"position\":2,\"name\":\"Shop\",\"item\":\"https:\\\/\\\/andpro.net\\\/en\\\/shop\\\/\"},{\"@type\":\"ListItem\",\"position\":3,\"name\":\"L.HOLLMAN ZA\u0160\u010cITNE HLA\u010cE KRATKE LH-FMNX-TS\"}]},{\"@type\":\"WebSite\",\"@id\":\"https:\\\/\\\/andpro.net\\\/de\\\/#website\",\"url\":\"https:\\\/\\\/andpro.net\\\/de\\\/\",\"name\":\"AndPro\",\"description\":\"The best decision\",\"publisher\":{\"@id\":\"https:\\\/\\\/andpro.net\\\/de\\\/#organization\"},\"potentialAction\":[{\"@type\":\"SearchAction\",\"target\":{\"@type\":\"EntryPoint\",\"urlTemplate\":\"https:\\\/\\\/andpro.net\\\/de\\\/?s={search_term_string}\"},\"query-input\":{\"@type\":\"PropertyValueSpecification\",\"valueRequired\":true,\"valueName\":\"search_term_string\"}}],\"inLanguage\":\"en-GB\"},{\"@type\":\"Organization\",\"@id\":\"https:\\\/\\\/andpro.net\\\/de\\\/#organization\",\"name\":\"AndPro\",\"url\":\"https:\\\/\\\/andpro.net\\\/de\\\/\",\"logo\":{\"@type\":\"ImageObject\",\"inLanguage\":\"en-GB\",\"@id\":\"https:\\\/\\\/andpro.net\\\/de\\\/#\\\/schema\\\/logo\\\/image\\\/\",\"url\":\"https:\\\/\\\/andpro.net\\\/wp-content\\\/uploads\\\/2023\\\/11\\\/logo_fix.png\",\"contentUrl\":\"https:\\\/\\\/andpro.net\\\/wp-content\\\/uploads\\\/2023\\\/11\\\/logo_fix.png\",\"width\":1244,\"height\":637,\"caption\":\"AndPro\"},\"image\":{\"@id\":\"https:\\\/\\\/andpro.net\\\/de\\\/#\\\/schema\\\/logo\\\/image\\\/\"}}]}<\/script>\n<!-- \/ Yoast SEO Premium plugin. -->","yoast_head_json":{"title":"L.HOLLMAN ZA\u0160\u010cITNE HLA\u010cE KRATKE LH-FMNX-TS - AndPro","robots":{"index":"index","follow":"follow","max-snippet":"max-snippet:-1","max-image-preview":"max-image-preview:large","max-video-preview":"max-video-preview:-1"},"canonical":"https:\/\/andpro.net\/en\/product\/l-hollman-zascitne-hlace-kratke-lh-fmnx-ts-ysb\/","og_locale":"en_GB","og_type":"article","og_title":"L.HOLLMAN ZA\u0160\u010cITNE HLA\u010cE KRATKE LH-FMNX-TS","og_description":"Za\u0161\u010ditne delavske kratke hla\u010de FORMEN. &#8211; blago: 80% poliester, 20% bomba\u017e (barve CSB in CGS: 100% poliester) &#8211; gramatura 270 g\/m2 &#8211; dva zadnja \u017eepa z je\u017eki in dva dvojna stranska \u017eepa, vklju\u010dno z enim z \u017eepom za telefon &#8211; en \u017eep na nogah z je\u017ekom z dodatnimi \u017eepi za dodatke in en stranski vzdol\u017eni [&hellip;]","og_url":"https:\/\/andpro.net\/en\/product\/l-hollman-zascitne-hlace-kratke-lh-fmnx-ts-ysb\/","og_site_name":"AndPro","article_modified_time":"2025-07-20T12:20:19+00:00","og_image":[{"width":521,"height":1024,"url":"https:\/\/andpro.net\/wp-content\/uploads\/2023\/12\/0047501984.jpg","type":"image\/jpeg"}],"twitter_card":"summary_large_image","twitter_misc":{"Estimated reading time":"1 minute"},"schema":{"@context":"https:\/\/schema.org","@graph":[{"@type":"WebPage","@id":"https:\/\/andpro.net\/product\/l-hollman-zascitne-hlace-kratke-lh-fmnx-ts-ysb\/","url":"https:\/\/andpro.net\/product\/l-hollman-zascitne-hlace-kratke-lh-fmnx-ts-ysb\/","name":"L.HOLLMAN ZA\u0160\u010cITNE HLA\u010cE KRATKE LH-FMNX-TS - AndPro","isPartOf":{"@id":"https:\/\/andpro.net\/de\/#website"},"primaryImageOfPage":{"@id":"https:\/\/andpro.net\/product\/l-hollman-zascitne-hlace-kratke-lh-fmnx-ts-ysb\/#primaryimage"},"image":{"@id":"https:\/\/andpro.net\/product\/l-hollman-zascitne-hlace-kratke-lh-fmnx-ts-ysb\/#primaryimage"},"thumbnailUrl":"https:\/\/andpro.net\/wp-content\/uploads\/2023\/12\/0047501984.jpg","datePublished":"2023-12-18T10:52:57+00:00","dateModified":"2025-07-20T12:20:19+00:00","breadcrumb":{"@id":"https:\/\/andpro.net\/product\/l-hollman-zascitne-hlace-kratke-lh-fmnx-ts-ysb\/#breadcrumb"},"inLanguage":"en-GB","potentialAction":[{"@type":"ReadAction","target":["https:\/\/andpro.net\/product\/l-hollman-zascitne-hlace-kratke-lh-fmnx-ts-ysb\/"]}]},{"@type":"ImageObject","inLanguage":"en-GB","@id":"https:\/\/andpro.net\/product\/l-hollman-zascitne-hlace-kratke-lh-fmnx-ts-ysb\/#primaryimage","url":"https:\/\/andpro.net\/wp-content\/uploads\/2023\/12\/0047501984.jpg","contentUrl":"https:\/\/andpro.net\/wp-content\/uploads\/2023\/12\/0047501984.jpg","width":521,"height":1024,"caption":"25624240"},{"@type":"BreadcrumbList","@id":"https:\/\/andpro.net\/product\/l-hollman-zascitne-hlace-kratke-lh-fmnx-ts-ysb\/#breadcrumb","itemListElement":[{"@type":"ListItem","position":1,"name":"Home","item":"https:\/\/andpro.net\/"},{"@type":"ListItem","position":2,"name":"Shop","item":"https:\/\/andpro.net\/en\/shop\/"},{"@type":"ListItem","position":3,"name":"L.HOLLMAN ZA\u0160\u010cITNE HLA\u010cE KRATKE LH-FMNX-TS"}]},{"@type":"WebSite","@id":"https:\/\/andpro.net\/de\/#website","url":"https:\/\/andpro.net\/de\/","name":"AndPro","description":"The best decision","publisher":{"@id":"https:\/\/andpro.net\/de\/#organization"},"potentialAction":[{"@type":"SearchAction","target":{"@type":"EntryPoint","urlTemplate":"https:\/\/andpro.net\/de\/?s={search_term_string}"},"query-input":{"@type":"PropertyValueSpecification","valueRequired":true,"valueName":"search_term_string"}}],"inLanguage":"en-GB"},{"@type":"Organization","@id":"https:\/\/andpro.net\/de\/#organization","name":"AndPro","url":"https:\/\/andpro.net\/de\/","logo":{"@type":"ImageObject","inLanguage":"en-GB","@id":"https:\/\/andpro.net\/de\/#\/schema\/logo\/image\/","url":"https:\/\/andpro.net\/wp-content\/uploads\/2023\/11\/logo_fix.png","contentUrl":"https:\/\/andpro.net\/wp-content\/uploads\/2023\/11\/logo_fix.png","width":1244,"height":637,"caption":"AndPro"},"image":{"@id":"https:\/\/andpro.net\/de\/#\/schema\/logo\/image\/"}}]}},"_links":{"self":[{"href":"https:\/\/andpro.net\/en\/wp-json\/wp\/v2\/product\/3604","targetHints":{"allow":["GET"]}}],"collection":[{"href":"https:\/\/andpro.net\/en\/wp-json\/wp\/v2\/product"}],"about":[{"href":"https:\/\/andpro.net\/en\/wp-json\/wp\/v2\/types\/product"}],"wp:featuredmedia":[{"embeddable":true,"href":"https:\/\/andpro.net\/en\/wp-json\/wp\/v2\/media\/1723"}],"wp:attachment":[{"href":"https:\/\/andpro.net\/en\/wp-json\/wp\/v2\/media?parent=3604"}],"wp:term":[{"taxonomy":"product_brand","embeddable":true,"href":"https:\/\/andpro.net\/en\/wp-json\/wp\/v2\/product_brand?post=3604"},{"taxonomy":"product_cat","embeddable":true,"href":"https:\/\/andpro.net\/en\/wp-json\/wp\/v2\/product_cat?post=3604"},{"taxonomy":"product_tag","embeddable":true,"href":"https:\/\/andpro.net\/en\/wp-json\/wp\/v2\/product_tag?post=3604"}],"curies":[{"name":"wp","href":"https:\/\/api.w.org\/{rel}","templated":true}]}}