{"id":3752,"date":"2023-12-18T12:04:50","date_gmt":"2023-12-18T11:04:50","guid":{"rendered":"https:\/\/andpro.net\/product\/stedman-polo-majica-sst3000-blm\/"},"modified":"2025-07-20T12:55:10","modified_gmt":"2025-07-20T11:55:10","slug":"stedman-polo-majica-sst3000-blm","status":"publish","type":"product","link":"https:\/\/andpro.net\/en\/product\/stedman-polo-majica-sst3000-blm\/","title":{"rendered":"STEDMAN POLO SHIRT ST3000"},"content":{"rendered":"<p>Men's Polo ST3000.<br \/>\n\u2013 100% cotton dots (grey color: 85% cotton\/15% viscose)<br \/>\n\u2013 grammage 170 g\/m2<br \/>\n\u2013 side seams<br \/>\n- reinforcement tape on the neck and shoulders<br \/>\n\u2013 sleeves without cuffs<br \/>\n\u2013 2 buttons<\/p>","protected":false},"excerpt":{"rendered":"<p>Mo\u0161ki polo ST3000. &#8211; 100% bomba\u017e pike (siva barva: 85% bomba\u017e\/15% viskoza) &#8211; gramatura 170 g\/m2 &#8211; stranski \u0161ivi &#8211; oja\u010ditveni trak na vratu &#8211; rokavi brez man\u0161et &#8211; 2 gumba<\/p>","protected":false},"featured_media":1932,"template":"","meta":[],"product_brand":[130],"product_cat":[21,40],"product_tag":[],"class_list":{"0":"post-3752","1":"product","2":"type-product","3":"status-publish","4":"has-post-thumbnail","6":"product_brand-stedman","7":"product_cat-oblacila","8":"product_cat-majice","10":"first","11":"onbackorder","12":"taxable","13":"shipping-taxable","14":"purchasable","15":"product-type-variable"},"bundled_by":[],"bundle_stock_status":"onbackorder","bundle_stock_quantity":null,"bundle_virtual":false,"bundle_layout":"","bundle_add_to_cart_form_location":"","bundle_editable_in_cart":false,"bundle_sold_individually_context":"","bundle_item_grouping":"","bundle_min_size":"","bundle_max_size":"","bundle_price":[],"bundled_items":[],"bundle_sell_ids":[],"group_of_quantity":0,"min_quantity":5,"max_quantity":"","exclude_order_quantity_value_rules":"no","exclude_category_quantity_rules":"no","combine_variations":"no","yoast_head":"<!-- This site is optimized with the Yoast SEO Premium plugin v23.9 (Yoast SEO v27.3) - https:\/\/yoast.com\/product\/yoast-seo-premium-wordpress\/ -->\n<title>STEDMAN POLO MAJICA ST3000 - AndPro<\/title>\n<meta name=\"robots\" content=\"index, follow, max-snippet:-1, max-image-preview:large, max-video-preview:-1\" \/>\n<link rel=\"canonical\" href=\"https:\/\/andpro.net\/en\/product\/stedman-polo-majica-sst3000-blm\/\" \/>\n<meta property=\"og:locale\" content=\"en_GB\" \/>\n<meta property=\"og:type\" content=\"article\" \/>\n<meta property=\"og:title\" content=\"STEDMAN POLO MAJICA ST3000\" \/>\n<meta property=\"og:description\" content=\"Mo\u0161ki polo ST3000. &#8211; 100% bomba\u017e pike (siva barva: 85% bomba\u017e\/15% viskoza) &#8211; gramatura 170 g\/m2 &#8211; stranski \u0161ivi &#8211; oja\u010ditveni trak na vratu &#8211; rokavi brez man\u0161et &#8211; 2 gumba\" \/>\n<meta property=\"og:url\" content=\"https:\/\/andpro.net\/en\/product\/stedman-polo-majica-sst3000-blm\/\" \/>\n<meta property=\"og:site_name\" content=\"AndPro\" \/>\n<meta property=\"article:modified_time\" content=\"2025-07-20T11:55:10+00:00\" \/>\n<meta property=\"og:image\" content=\"https:\/\/andpro.net\/wp-content\/uploads\/2023\/12\/0050024064.jpg\" \/>\n\t<meta property=\"og:image:width\" content=\"763\" \/>\n\t<meta property=\"og:image:height\" content=\"1024\" \/>\n\t<meta property=\"og:image:type\" content=\"image\/jpeg\" \/>\n<meta name=\"twitter:card\" content=\"summary_large_image\" \/>\n<meta name=\"twitter:label1\" content=\"Estimated reading time\" \/>\n\t<meta name=\"twitter:data1\" content=\"1 minute\" \/>\n<script type=\"application\/ld+json\" class=\"yoast-schema-graph\">{\"@context\":\"https:\\\/\\\/schema.org\",\"@graph\":[{\"@type\":\"WebPage\",\"@id\":\"https:\\\/\\\/andpro.net\\\/product\\\/stedman-polo-majica-sst3000-blm\\\/\",\"url\":\"https:\\\/\\\/andpro.net\\\/product\\\/stedman-polo-majica-sst3000-blm\\\/\",\"name\":\"STEDMAN POLO MAJICA ST3000 - AndPro\",\"isPartOf\":{\"@id\":\"https:\\\/\\\/andpro.net\\\/de\\\/#website\"},\"primaryImageOfPage\":{\"@id\":\"https:\\\/\\\/andpro.net\\\/product\\\/stedman-polo-majica-sst3000-blm\\\/#primaryimage\"},\"image\":{\"@id\":\"https:\\\/\\\/andpro.net\\\/product\\\/stedman-polo-majica-sst3000-blm\\\/#primaryimage\"},\"thumbnailUrl\":\"https:\\\/\\\/andpro.net\\\/wp-content\\\/uploads\\\/2023\\\/12\\\/0050024064.jpg\",\"datePublished\":\"2023-12-18T11:04:50+00:00\",\"dateModified\":\"2025-07-20T11:55:10+00:00\",\"breadcrumb\":{\"@id\":\"https:\\\/\\\/andpro.net\\\/product\\\/stedman-polo-majica-sst3000-blm\\\/#breadcrumb\"},\"inLanguage\":\"en-GB\",\"potentialAction\":[{\"@type\":\"ReadAction\",\"target\":[\"https:\\\/\\\/andpro.net\\\/product\\\/stedman-polo-majica-sst3000-blm\\\/\"]}]},{\"@type\":\"ImageObject\",\"inLanguage\":\"en-GB\",\"@id\":\"https:\\\/\\\/andpro.net\\\/product\\\/stedman-polo-majica-sst3000-blm\\\/#primaryimage\",\"url\":\"https:\\\/\\\/andpro.net\\\/wp-content\\\/uploads\\\/2023\\\/12\\\/0050024064.jpg\",\"contentUrl\":\"https:\\\/\\\/andpro.net\\\/wp-content\\\/uploads\\\/2023\\\/12\\\/0050024064.jpg\",\"width\":763,\"height\":1024,\"caption\":\"23688800\"},{\"@type\":\"BreadcrumbList\",\"@id\":\"https:\\\/\\\/andpro.net\\\/product\\\/stedman-polo-majica-sst3000-blm\\\/#breadcrumb\",\"itemListElement\":[{\"@type\":\"ListItem\",\"position\":1,\"name\":\"Home\",\"item\":\"https:\\\/\\\/andpro.net\\\/\"},{\"@type\":\"ListItem\",\"position\":2,\"name\":\"Shop\",\"item\":\"https:\\\/\\\/andpro.net\\\/en\\\/shop\\\/\"},{\"@type\":\"ListItem\",\"position\":3,\"name\":\"STEDMAN POLO MAJICA ST3000\"}]},{\"@type\":\"WebSite\",\"@id\":\"https:\\\/\\\/andpro.net\\\/de\\\/#website\",\"url\":\"https:\\\/\\\/andpro.net\\\/de\\\/\",\"name\":\"AndPro\",\"description\":\"The best decision\",\"publisher\":{\"@id\":\"https:\\\/\\\/andpro.net\\\/de\\\/#organization\"},\"potentialAction\":[{\"@type\":\"SearchAction\",\"target\":{\"@type\":\"EntryPoint\",\"urlTemplate\":\"https:\\\/\\\/andpro.net\\\/de\\\/?s={search_term_string}\"},\"query-input\":{\"@type\":\"PropertyValueSpecification\",\"valueRequired\":true,\"valueName\":\"search_term_string\"}}],\"inLanguage\":\"en-GB\"},{\"@type\":\"Organization\",\"@id\":\"https:\\\/\\\/andpro.net\\\/de\\\/#organization\",\"name\":\"AndPro\",\"url\":\"https:\\\/\\\/andpro.net\\\/de\\\/\",\"logo\":{\"@type\":\"ImageObject\",\"inLanguage\":\"en-GB\",\"@id\":\"https:\\\/\\\/andpro.net\\\/de\\\/#\\\/schema\\\/logo\\\/image\\\/\",\"url\":\"https:\\\/\\\/andpro.net\\\/wp-content\\\/uploads\\\/2023\\\/11\\\/logo_fix.png\",\"contentUrl\":\"https:\\\/\\\/andpro.net\\\/wp-content\\\/uploads\\\/2023\\\/11\\\/logo_fix.png\",\"width\":1244,\"height\":637,\"caption\":\"AndPro\"},\"image\":{\"@id\":\"https:\\\/\\\/andpro.net\\\/de\\\/#\\\/schema\\\/logo\\\/image\\\/\"}}]}<\/script>\n<!-- \/ Yoast SEO Premium plugin. -->","yoast_head_json":{"title":"STEDMAN POLO MAJICA ST3000 - AndPro","robots":{"index":"index","follow":"follow","max-snippet":"max-snippet:-1","max-image-preview":"max-image-preview:large","max-video-preview":"max-video-preview:-1"},"canonical":"https:\/\/andpro.net\/en\/product\/stedman-polo-majica-sst3000-blm\/","og_locale":"en_GB","og_type":"article","og_title":"STEDMAN POLO MAJICA ST3000","og_description":"Mo\u0161ki polo ST3000. &#8211; 100% bomba\u017e pike (siva barva: 85% bomba\u017e\/15% viskoza) &#8211; gramatura 170 g\/m2 &#8211; stranski \u0161ivi &#8211; oja\u010ditveni trak na vratu &#8211; rokavi brez man\u0161et &#8211; 2 gumba","og_url":"https:\/\/andpro.net\/en\/product\/stedman-polo-majica-sst3000-blm\/","og_site_name":"AndPro","article_modified_time":"2025-07-20T11:55:10+00:00","og_image":[{"width":763,"height":1024,"url":"https:\/\/andpro.net\/wp-content\/uploads\/2023\/12\/0050024064.jpg","type":"image\/jpeg"}],"twitter_card":"summary_large_image","twitter_misc":{"Estimated reading time":"1 minute"},"schema":{"@context":"https:\/\/schema.org","@graph":[{"@type":"WebPage","@id":"https:\/\/andpro.net\/product\/stedman-polo-majica-sst3000-blm\/","url":"https:\/\/andpro.net\/product\/stedman-polo-majica-sst3000-blm\/","name":"STEDMAN POLO MAJICA ST3000 - AndPro","isPartOf":{"@id":"https:\/\/andpro.net\/de\/#website"},"primaryImageOfPage":{"@id":"https:\/\/andpro.net\/product\/stedman-polo-majica-sst3000-blm\/#primaryimage"},"image":{"@id":"https:\/\/andpro.net\/product\/stedman-polo-majica-sst3000-blm\/#primaryimage"},"thumbnailUrl":"https:\/\/andpro.net\/wp-content\/uploads\/2023\/12\/0050024064.jpg","datePublished":"2023-12-18T11:04:50+00:00","dateModified":"2025-07-20T11:55:10+00:00","breadcrumb":{"@id":"https:\/\/andpro.net\/product\/stedman-polo-majica-sst3000-blm\/#breadcrumb"},"inLanguage":"en-GB","potentialAction":[{"@type":"ReadAction","target":["https:\/\/andpro.net\/product\/stedman-polo-majica-sst3000-blm\/"]}]},{"@type":"ImageObject","inLanguage":"en-GB","@id":"https:\/\/andpro.net\/product\/stedman-polo-majica-sst3000-blm\/#primaryimage","url":"https:\/\/andpro.net\/wp-content\/uploads\/2023\/12\/0050024064.jpg","contentUrl":"https:\/\/andpro.net\/wp-content\/uploads\/2023\/12\/0050024064.jpg","width":763,"height":1024,"caption":"23688800"},{"@type":"BreadcrumbList","@id":"https:\/\/andpro.net\/product\/stedman-polo-majica-sst3000-blm\/#breadcrumb","itemListElement":[{"@type":"ListItem","position":1,"name":"Home","item":"https:\/\/andpro.net\/"},{"@type":"ListItem","position":2,"name":"Shop","item":"https:\/\/andpro.net\/en\/shop\/"},{"@type":"ListItem","position":3,"name":"STEDMAN POLO MAJICA ST3000"}]},{"@type":"WebSite","@id":"https:\/\/andpro.net\/de\/#website","url":"https:\/\/andpro.net\/de\/","name":"AndPro","description":"The best decision","publisher":{"@id":"https:\/\/andpro.net\/de\/#organization"},"potentialAction":[{"@type":"SearchAction","target":{"@type":"EntryPoint","urlTemplate":"https:\/\/andpro.net\/de\/?s={search_term_string}"},"query-input":{"@type":"PropertyValueSpecification","valueRequired":true,"valueName":"search_term_string"}}],"inLanguage":"en-GB"},{"@type":"Organization","@id":"https:\/\/andpro.net\/de\/#organization","name":"AndPro","url":"https:\/\/andpro.net\/de\/","logo":{"@type":"ImageObject","inLanguage":"en-GB","@id":"https:\/\/andpro.net\/de\/#\/schema\/logo\/image\/","url":"https:\/\/andpro.net\/wp-content\/uploads\/2023\/11\/logo_fix.png","contentUrl":"https:\/\/andpro.net\/wp-content\/uploads\/2023\/11\/logo_fix.png","width":1244,"height":637,"caption":"AndPro"},"image":{"@id":"https:\/\/andpro.net\/de\/#\/schema\/logo\/image\/"}}]}},"_links":{"self":[{"href":"https:\/\/andpro.net\/en\/wp-json\/wp\/v2\/product\/3752","targetHints":{"allow":["GET"]}}],"collection":[{"href":"https:\/\/andpro.net\/en\/wp-json\/wp\/v2\/product"}],"about":[{"href":"https:\/\/andpro.net\/en\/wp-json\/wp\/v2\/types\/product"}],"wp:featuredmedia":[{"embeddable":true,"href":"https:\/\/andpro.net\/en\/wp-json\/wp\/v2\/media\/1932"}],"wp:attachment":[{"href":"https:\/\/andpro.net\/en\/wp-json\/wp\/v2\/media?parent=3752"}],"wp:term":[{"taxonomy":"product_brand","embeddable":true,"href":"https:\/\/andpro.net\/en\/wp-json\/wp\/v2\/product_brand?post=3752"},{"taxonomy":"product_cat","embeddable":true,"href":"https:\/\/andpro.net\/en\/wp-json\/wp\/v2\/product_cat?post=3752"},{"taxonomy":"product_tag","embeddable":true,"href":"https:\/\/andpro.net\/en\/wp-json\/wp\/v2\/product_tag?post=3752"}],"curies":[{"name":"wp","href":"https:\/\/api.w.org\/{rel}","templated":true}]}}