{"id":3785,"date":"2023-12-18T12:05:12","date_gmt":"2023-12-18T11:05:12","guid":{"rendered":"https:\/\/andpro.net\/product\/dupont-tyvek-zascitni-kombinezon-tyvekp-chf5w-w\/"},"modified":"2025-07-20T12:54:06","modified_gmt":"2025-07-20T11:54:06","slug":"dupont-tyvek-zascitni-kombinezon-tyvekp-chf5w-w","status":"publish","type":"product","link":"https:\/\/andpro.net\/en\/product\/dupont-tyvek-zascitni-kombinezon-tyvekp-chf5w-w\/","title":{"rendered":"DUPONT TYVEK PROTECTIVE OVERALLS TYVEKP-CHF5W W"},"content":{"rendered":"<p>TYVEK\u00ae600 PLUS protective suit made of breathable material Tyvek\u00ae.<br \/>\n\u2013 protective barrier compliant with protective clothing category III, type 4B, 5 and 6<br \/>\n\u2013 protects against dust and liquid particles and heavily sprayed chemicals<br \/>\n- the smooth surface of the fabric means that it does not absorb liquid and hard particles do not stick to it<br \/>\n\u2013 the clothes are light and flexible<br \/>\n\u2013 the hood fits tightly to the face<br \/>\n\u2013 a small facial opening adapted for a mask<br \/>\n\u2013 the seams are made on the outside of the dress, additionally taped, which prevents dangerous substances from entering the inside<br \/>\n\u2013 a three-part insole connecting the legs and an elastic waistband ensure freedom of movement<br \/>\n\u2013 seals in critical places, e.g. zipper covered with protective tape, elastic sleeve and leg cuffs<br \/>\n\u2013 additional thumb loop<br \/>\n\u2013 has antistatic properties<br \/>\n\u2013 protects against radioactive particles<br \/>\n- works well in the chemical, pharmaceutical, automotive, refinery and petrochemical industries, for waste disposal and for working with asbestos<br \/>\n\u2013 used in class C and D clean zones, e.g. in pharmaceutical companies<br \/>\n\u2013 can be used in zone 1,000 (ISO 6), 10,000 (GMP class C, ISO 7) and 100,000 (GMP class D, ISO 8)<br \/>\n\u2013 provides biological protection, can be used in contact with blood, body fluids, bird flu virus<br \/>\n- meets the requirements of standards EN 13982-1, EN13034, EN 1149-5, EN 14126, EN 14605 and EN1073-2<\/p>","protected":false},"excerpt":{"rendered":"<p>TYVEK\u00ae600 PLUS za\u0161\u010ditna obleka iz zra\u010dnega materiala Tyvek\u00ae. &#8211; za\u0161\u010ditna pregrada, skladna z za\u0161\u010ditno obleko kategorije III, tip 4B, 5 in 6 &#8211; \u0161\u010diti pred prahom in teko\u010dimi delci ter mo\u010dno razpr\u0161enimi kemikalijami &#8211; gladka povr\u0161ina blaga pomeni, da ne vpija teko\u010dine in se nanj ne lepijo trdi delci &#8211; obla\u010dila so lahka in pro\u017ena [&hellip;]<\/p>","protected":false},"featured_media":1959,"template":"","meta":[],"product_brand":[131],"product_cat":[133,117,215],"product_tag":[],"class_list":{"0":"post-3785","1":"product","2":"type-product","3":"status-publish","4":"has-post-thumbnail","6":"product_brand-dupont-tyvek","7":"product_cat-zascita-dihal","8":"product_cat-zascita-telesa","9":"product_cat-zascitna-pregrinjala-maske","11":"first","12":"onbackorder","13":"taxable","14":"shipping-taxable","15":"purchasable","16":"product-type-variable"},"bundled_by":[],"bundle_stock_status":"onbackorder","bundle_stock_quantity":null,"bundle_virtual":false,"bundle_layout":"","bundle_add_to_cart_form_location":"","bundle_editable_in_cart":false,"bundle_sold_individually_context":"","bundle_item_grouping":"","bundle_min_size":"","bundle_max_size":"","bundle_price":[],"bundled_items":[],"bundle_sell_ids":[],"group_of_quantity":0,"min_quantity":0,"max_quantity":"","exclude_order_quantity_value_rules":"no","exclude_category_quantity_rules":"no","combine_variations":"no","yoast_head":"<!-- This site is optimized with the Yoast SEO Premium plugin v23.9 (Yoast SEO v27.3) - https:\/\/yoast.com\/product\/yoast-seo-premium-wordpress\/ -->\n<title>DUPONT TYVEK ZA\u0160\u010cITNI KOMBINEZON TYVEKP-CHF5W W - AndPro<\/title>\n<meta name=\"robots\" content=\"index, follow, max-snippet:-1, max-image-preview:large, max-video-preview:-1\" \/>\n<link rel=\"canonical\" href=\"https:\/\/andpro.net\/en\/product\/dupont-tyvek-zascitni-kombinezon-tyvekp-chf5w-w\/\" \/>\n<meta property=\"og:locale\" content=\"en_GB\" \/>\n<meta property=\"og:type\" content=\"article\" \/>\n<meta property=\"og:title\" content=\"DUPONT TYVEK ZA\u0160\u010cITNI KOMBINEZON TYVEKP-CHF5W W\" \/>\n<meta property=\"og:description\" content=\"TYVEK\u00ae600 PLUS za\u0161\u010ditna obleka iz zra\u010dnega materiala Tyvek\u00ae. &#8211; za\u0161\u010ditna pregrada, skladna z za\u0161\u010ditno obleko kategorije III, tip 4B, 5 in 6 &#8211; \u0161\u010diti pred prahom in teko\u010dimi delci ter mo\u010dno razpr\u0161enimi kemikalijami &#8211; gladka povr\u0161ina blaga pomeni, da ne vpija teko\u010dine in se nanj ne lepijo trdi delci &#8211; obla\u010dila so lahka in pro\u017ena [&hellip;]\" \/>\n<meta property=\"og:url\" content=\"https:\/\/andpro.net\/en\/product\/dupont-tyvek-zascitni-kombinezon-tyvekp-chf5w-w\/\" \/>\n<meta property=\"og:site_name\" content=\"AndPro\" \/>\n<meta property=\"article:modified_time\" content=\"2025-07-20T11:54:06+00:00\" \/>\n<meta property=\"og:image\" content=\"https:\/\/andpro.net\/wp-content\/uploads\/2023\/12\/0061189696.jpg\" \/>\n\t<meta property=\"og:image:width\" content=\"380\" \/>\n\t<meta property=\"og:image:height\" content=\"1024\" \/>\n\t<meta property=\"og:image:type\" content=\"image\/jpeg\" \/>\n<meta name=\"twitter:card\" content=\"summary_large_image\" \/>\n<meta name=\"twitter:label1\" content=\"Estimated reading time\" \/>\n\t<meta name=\"twitter:data1\" content=\"2 minutes\" \/>\n<script type=\"application\/ld+json\" class=\"yoast-schema-graph\">{\"@context\":\"https:\\\/\\\/schema.org\",\"@graph\":[{\"@type\":\"WebPage\",\"@id\":\"https:\\\/\\\/andpro.net\\\/product\\\/dupont-tyvek-zascitni-kombinezon-tyvekp-chf5w-w\\\/\",\"url\":\"https:\\\/\\\/andpro.net\\\/product\\\/dupont-tyvek-zascitni-kombinezon-tyvekp-chf5w-w\\\/\",\"name\":\"DUPONT TYVEK ZA\u0160\u010cITNI KOMBINEZON TYVEKP-CHF5W W - AndPro\",\"isPartOf\":{\"@id\":\"https:\\\/\\\/andpro.net\\\/de\\\/#website\"},\"primaryImageOfPage\":{\"@id\":\"https:\\\/\\\/andpro.net\\\/product\\\/dupont-tyvek-zascitni-kombinezon-tyvekp-chf5w-w\\\/#primaryimage\"},\"image\":{\"@id\":\"https:\\\/\\\/andpro.net\\\/product\\\/dupont-tyvek-zascitni-kombinezon-tyvekp-chf5w-w\\\/#primaryimage\"},\"thumbnailUrl\":\"https:\\\/\\\/andpro.net\\\/wp-content\\\/uploads\\\/2023\\\/12\\\/0061189696.jpg\",\"datePublished\":\"2023-12-18T11:05:12+00:00\",\"dateModified\":\"2025-07-20T11:54:06+00:00\",\"breadcrumb\":{\"@id\":\"https:\\\/\\\/andpro.net\\\/product\\\/dupont-tyvek-zascitni-kombinezon-tyvekp-chf5w-w\\\/#breadcrumb\"},\"inLanguage\":\"en-GB\",\"potentialAction\":[{\"@type\":\"ReadAction\",\"target\":[\"https:\\\/\\\/andpro.net\\\/product\\\/dupont-tyvek-zascitni-kombinezon-tyvekp-chf5w-w\\\/\"]}]},{\"@type\":\"ImageObject\",\"inLanguage\":\"en-GB\",\"@id\":\"https:\\\/\\\/andpro.net\\\/product\\\/dupont-tyvek-zascitni-kombinezon-tyvekp-chf5w-w\\\/#primaryimage\",\"url\":\"https:\\\/\\\/andpro.net\\\/wp-content\\\/uploads\\\/2023\\\/12\\\/0061189696.jpg\",\"contentUrl\":\"https:\\\/\\\/andpro.net\\\/wp-content\\\/uploads\\\/2023\\\/12\\\/0061189696.jpg\",\"width\":380,\"height\":1024,\"caption\":\"1043040\"},{\"@type\":\"BreadcrumbList\",\"@id\":\"https:\\\/\\\/andpro.net\\\/product\\\/dupont-tyvek-zascitni-kombinezon-tyvekp-chf5w-w\\\/#breadcrumb\",\"itemListElement\":[{\"@type\":\"ListItem\",\"position\":1,\"name\":\"Home\",\"item\":\"https:\\\/\\\/andpro.net\\\/\"},{\"@type\":\"ListItem\",\"position\":2,\"name\":\"Shop\",\"item\":\"https:\\\/\\\/andpro.net\\\/en\\\/shop\\\/\"},{\"@type\":\"ListItem\",\"position\":3,\"name\":\"DUPONT TYVEK ZA\u0160\u010cITNI KOMBINEZON TYVEKP-CHF5W W\"}]},{\"@type\":\"WebSite\",\"@id\":\"https:\\\/\\\/andpro.net\\\/de\\\/#website\",\"url\":\"https:\\\/\\\/andpro.net\\\/de\\\/\",\"name\":\"AndPro\",\"description\":\"The best decision\",\"publisher\":{\"@id\":\"https:\\\/\\\/andpro.net\\\/de\\\/#organization\"},\"potentialAction\":[{\"@type\":\"SearchAction\",\"target\":{\"@type\":\"EntryPoint\",\"urlTemplate\":\"https:\\\/\\\/andpro.net\\\/de\\\/?s={search_term_string}\"},\"query-input\":{\"@type\":\"PropertyValueSpecification\",\"valueRequired\":true,\"valueName\":\"search_term_string\"}}],\"inLanguage\":\"en-GB\"},{\"@type\":\"Organization\",\"@id\":\"https:\\\/\\\/andpro.net\\\/de\\\/#organization\",\"name\":\"AndPro\",\"url\":\"https:\\\/\\\/andpro.net\\\/de\\\/\",\"logo\":{\"@type\":\"ImageObject\",\"inLanguage\":\"en-GB\",\"@id\":\"https:\\\/\\\/andpro.net\\\/de\\\/#\\\/schema\\\/logo\\\/image\\\/\",\"url\":\"https:\\\/\\\/andpro.net\\\/wp-content\\\/uploads\\\/2023\\\/11\\\/logo_fix.png\",\"contentUrl\":\"https:\\\/\\\/andpro.net\\\/wp-content\\\/uploads\\\/2023\\\/11\\\/logo_fix.png\",\"width\":1244,\"height\":637,\"caption\":\"AndPro\"},\"image\":{\"@id\":\"https:\\\/\\\/andpro.net\\\/de\\\/#\\\/schema\\\/logo\\\/image\\\/\"}}]}<\/script>\n<!-- \/ Yoast SEO Premium plugin. -->","yoast_head_json":{"title":"DUPONT TYVEK ZA\u0160\u010cITNI KOMBINEZON TYVEKP-CHF5W W - AndPro","robots":{"index":"index","follow":"follow","max-snippet":"max-snippet:-1","max-image-preview":"max-image-preview:large","max-video-preview":"max-video-preview:-1"},"canonical":"https:\/\/andpro.net\/en\/product\/dupont-tyvek-zascitni-kombinezon-tyvekp-chf5w-w\/","og_locale":"en_GB","og_type":"article","og_title":"DUPONT TYVEK ZA\u0160\u010cITNI KOMBINEZON TYVEKP-CHF5W W","og_description":"TYVEK\u00ae600 PLUS za\u0161\u010ditna obleka iz zra\u010dnega materiala Tyvek\u00ae. &#8211; za\u0161\u010ditna pregrada, skladna z za\u0161\u010ditno obleko kategorije III, tip 4B, 5 in 6 &#8211; \u0161\u010diti pred prahom in teko\u010dimi delci ter mo\u010dno razpr\u0161enimi kemikalijami &#8211; gladka povr\u0161ina blaga pomeni, da ne vpija teko\u010dine in se nanj ne lepijo trdi delci &#8211; obla\u010dila so lahka in pro\u017ena [&hellip;]","og_url":"https:\/\/andpro.net\/en\/product\/dupont-tyvek-zascitni-kombinezon-tyvekp-chf5w-w\/","og_site_name":"AndPro","article_modified_time":"2025-07-20T11:54:06+00:00","og_image":[{"width":380,"height":1024,"url":"https:\/\/andpro.net\/wp-content\/uploads\/2023\/12\/0061189696.jpg","type":"image\/jpeg"}],"twitter_card":"summary_large_image","twitter_misc":{"Estimated reading time":"2 minutes"},"schema":{"@context":"https:\/\/schema.org","@graph":[{"@type":"WebPage","@id":"https:\/\/andpro.net\/product\/dupont-tyvek-zascitni-kombinezon-tyvekp-chf5w-w\/","url":"https:\/\/andpro.net\/product\/dupont-tyvek-zascitni-kombinezon-tyvekp-chf5w-w\/","name":"DUPONT TYVEK ZA\u0160\u010cITNI KOMBINEZON TYVEKP-CHF5W W - AndPro","isPartOf":{"@id":"https:\/\/andpro.net\/de\/#website"},"primaryImageOfPage":{"@id":"https:\/\/andpro.net\/product\/dupont-tyvek-zascitni-kombinezon-tyvekp-chf5w-w\/#primaryimage"},"image":{"@id":"https:\/\/andpro.net\/product\/dupont-tyvek-zascitni-kombinezon-tyvekp-chf5w-w\/#primaryimage"},"thumbnailUrl":"https:\/\/andpro.net\/wp-content\/uploads\/2023\/12\/0061189696.jpg","datePublished":"2023-12-18T11:05:12+00:00","dateModified":"2025-07-20T11:54:06+00:00","breadcrumb":{"@id":"https:\/\/andpro.net\/product\/dupont-tyvek-zascitni-kombinezon-tyvekp-chf5w-w\/#breadcrumb"},"inLanguage":"en-GB","potentialAction":[{"@type":"ReadAction","target":["https:\/\/andpro.net\/product\/dupont-tyvek-zascitni-kombinezon-tyvekp-chf5w-w\/"]}]},{"@type":"ImageObject","inLanguage":"en-GB","@id":"https:\/\/andpro.net\/product\/dupont-tyvek-zascitni-kombinezon-tyvekp-chf5w-w\/#primaryimage","url":"https:\/\/andpro.net\/wp-content\/uploads\/2023\/12\/0061189696.jpg","contentUrl":"https:\/\/andpro.net\/wp-content\/uploads\/2023\/12\/0061189696.jpg","width":380,"height":1024,"caption":"1043040"},{"@type":"BreadcrumbList","@id":"https:\/\/andpro.net\/product\/dupont-tyvek-zascitni-kombinezon-tyvekp-chf5w-w\/#breadcrumb","itemListElement":[{"@type":"ListItem","position":1,"name":"Home","item":"https:\/\/andpro.net\/"},{"@type":"ListItem","position":2,"name":"Shop","item":"https:\/\/andpro.net\/en\/shop\/"},{"@type":"ListItem","position":3,"name":"DUPONT TYVEK ZA\u0160\u010cITNI KOMBINEZON TYVEKP-CHF5W W"}]},{"@type":"WebSite","@id":"https:\/\/andpro.net\/de\/#website","url":"https:\/\/andpro.net\/de\/","name":"AndPro","description":"The best decision","publisher":{"@id":"https:\/\/andpro.net\/de\/#organization"},"potentialAction":[{"@type":"SearchAction","target":{"@type":"EntryPoint","urlTemplate":"https:\/\/andpro.net\/de\/?s={search_term_string}"},"query-input":{"@type":"PropertyValueSpecification","valueRequired":true,"valueName":"search_term_string"}}],"inLanguage":"en-GB"},{"@type":"Organization","@id":"https:\/\/andpro.net\/de\/#organization","name":"AndPro","url":"https:\/\/andpro.net\/de\/","logo":{"@type":"ImageObject","inLanguage":"en-GB","@id":"https:\/\/andpro.net\/de\/#\/schema\/logo\/image\/","url":"https:\/\/andpro.net\/wp-content\/uploads\/2023\/11\/logo_fix.png","contentUrl":"https:\/\/andpro.net\/wp-content\/uploads\/2023\/11\/logo_fix.png","width":1244,"height":637,"caption":"AndPro"},"image":{"@id":"https:\/\/andpro.net\/de\/#\/schema\/logo\/image\/"}}]}},"_links":{"self":[{"href":"https:\/\/andpro.net\/en\/wp-json\/wp\/v2\/product\/3785","targetHints":{"allow":["GET"]}}],"collection":[{"href":"https:\/\/andpro.net\/en\/wp-json\/wp\/v2\/product"}],"about":[{"href":"https:\/\/andpro.net\/en\/wp-json\/wp\/v2\/types\/product"}],"wp:featuredmedia":[{"embeddable":true,"href":"https:\/\/andpro.net\/en\/wp-json\/wp\/v2\/media\/1959"}],"wp:attachment":[{"href":"https:\/\/andpro.net\/en\/wp-json\/wp\/v2\/media?parent=3785"}],"wp:term":[{"taxonomy":"product_brand","embeddable":true,"href":"https:\/\/andpro.net\/en\/wp-json\/wp\/v2\/product_brand?post=3785"},{"taxonomy":"product_cat","embeddable":true,"href":"https:\/\/andpro.net\/en\/wp-json\/wp\/v2\/product_cat?post=3785"},{"taxonomy":"product_tag","embeddable":true,"href":"https:\/\/andpro.net\/en\/wp-json\/wp\/v2\/product_tag?post=3785"}],"curies":[{"name":"wp","href":"https:\/\/api.w.org\/{rel}","templated":true}]}}