{"id":3802,"date":"2023-12-18T12:05:22","date_gmt":"2023-12-18T11:05:22","guid":{"rendered":"https:\/\/andpro.net\/product\/reis-zascitno-prekrivalo-za-cevlje-bfol-cpe-n\/"},"modified":"2025-07-20T12:50:13","modified_gmt":"2025-07-20T11:50:13","slug":"reis-zascitno-prekrivalo-za-cevlje-bfol-cpe-n","status":"publish","type":"product","link":"https:\/\/andpro.net\/en\/product\/reis-zascitno-prekrivalo-za-cevlje-bfol-cpe-n\/","title":{"rendered":"REIS PROTECTIVE SHOE COVER BFOL-CPE N"},"content":{"rendered":"<p>Foil shoe protector.<\/p>\n<p>\u2013 from CPE polyethylene film<br \/>\n\u2013 grammage 3 g\/m2<br \/>\n\u2013 size 36\u00d715 cm<br \/>\n\u2013 ideal for use in hospitals and anywhere where proper footwear protection is required<br \/>\n\u2013 mechanically processed<br \/>\n\u2013 packed in 100 pieces per package<\/p>","protected":false},"excerpt":{"rendered":"<p>Za\u0161\u010dita za \u010devlje iz folije. &#8211; iz CPE polietilenske folije &#8211; gramatura 3 g\/m2 &#8211; velikost 36&#215;15 cm &#8211; idealen za uporabo v bolni\u0161nicah in povsod, kjer je potrebna ustrezna za\u0161\u010dita obutve &#8211; mehansko obdelan &#8211; pakirano 100 kosov v paketu<\/p>","protected":false},"featured_media":1974,"template":"","meta":[],"product_brand":[105],"product_cat":[133,134,215],"product_tag":[],"class_list":{"0":"post-3802","1":"product","2":"type-product","3":"status-publish","4":"has-post-thumbnail","6":"product_brand-reis","7":"product_cat-zascita-dihal","8":"product_cat-zascita-nog","9":"product_cat-zascitna-pregrinjala-maske","11":"first","12":"onbackorder","13":"taxable","14":"shipping-taxable","15":"purchasable","16":"product-type-simple"},"bundled_by":[],"bundle_stock_status":"onbackorder","bundle_stock_quantity":null,"bundle_virtual":false,"bundle_layout":"","bundle_add_to_cart_form_location":"","bundle_editable_in_cart":false,"bundle_sold_individually_context":"","bundle_item_grouping":"","bundle_min_size":"","bundle_max_size":"","bundle_price":[],"bundled_items":[],"bundle_sell_ids":[],"group_of_quantity":0,"min_quantity":0,"max_quantity":"","exclude_order_quantity_value_rules":"no","exclude_category_quantity_rules":"no","combine_variations":"no","yoast_head":"<!-- This site is optimized with the Yoast SEO Premium plugin v23.9 (Yoast SEO v27.3) - https:\/\/yoast.com\/product\/yoast-seo-premium-wordpress\/ -->\n<title>REIS ZA\u0160\u010cITNO PREKRIVALO ZA \u010cEVLJE BFOL-CPE N - AndPro<\/title>\n<meta name=\"robots\" content=\"index, follow, max-snippet:-1, max-image-preview:large, max-video-preview:-1\" \/>\n<link rel=\"canonical\" href=\"https:\/\/andpro.net\/en\/product\/reis-zascitno-prekrivalo-za-cevlje-bfol-cpe-n\/\" \/>\n<meta property=\"og:locale\" content=\"en_GB\" \/>\n<meta property=\"og:type\" content=\"article\" \/>\n<meta property=\"og:title\" content=\"REIS ZA\u0160\u010cITNO PREKRIVALO ZA \u010cEVLJE BFOL-CPE N\" \/>\n<meta property=\"og:description\" content=\"Za\u0161\u010dita za \u010devlje iz folije. &#8211; iz CPE polietilenske folije &#8211; gramatura 3 g\/m2 &#8211; velikost 36&#215;15 cm &#8211; idealen za uporabo v bolni\u0161nicah in povsod, kjer je potrebna ustrezna za\u0161\u010dita obutve &#8211; mehansko obdelan &#8211; pakirano 100 kosov v paketu\" \/>\n<meta property=\"og:url\" content=\"https:\/\/andpro.net\/en\/product\/reis-zascitno-prekrivalo-za-cevlje-bfol-cpe-n\/\" \/>\n<meta property=\"og:site_name\" content=\"AndPro\" \/>\n<meta property=\"article:modified_time\" content=\"2025-07-20T11:50:13+00:00\" \/>\n<meta property=\"og:image\" content=\"https:\/\/andpro.net\/wp-content\/uploads\/2023\/12\/0055426448.jpg\" \/>\n\t<meta property=\"og:image:width\" content=\"1024\" \/>\n\t<meta property=\"og:image:height\" content=\"734\" \/>\n\t<meta property=\"og:image:type\" content=\"image\/jpeg\" \/>\n<meta name=\"twitter:card\" content=\"summary_large_image\" \/>\n<meta name=\"twitter:label1\" content=\"Estimated reading time\" \/>\n\t<meta name=\"twitter:data1\" content=\"1 minute\" \/>\n<script type=\"application\/ld+json\" class=\"yoast-schema-graph\">{\"@context\":\"https:\\\/\\\/schema.org\",\"@graph\":[{\"@type\":\"WebPage\",\"@id\":\"https:\\\/\\\/andpro.net\\\/product\\\/reis-zascitno-prekrivalo-za-cevlje-bfol-cpe-n\\\/\",\"url\":\"https:\\\/\\\/andpro.net\\\/product\\\/reis-zascitno-prekrivalo-za-cevlje-bfol-cpe-n\\\/\",\"name\":\"REIS ZA\u0160\u010cITNO PREKRIVALO ZA \u010cEVLJE BFOL-CPE N - AndPro\",\"isPartOf\":{\"@id\":\"https:\\\/\\\/andpro.net\\\/de\\\/#website\"},\"primaryImageOfPage\":{\"@id\":\"https:\\\/\\\/andpro.net\\\/product\\\/reis-zascitno-prekrivalo-za-cevlje-bfol-cpe-n\\\/#primaryimage\"},\"image\":{\"@id\":\"https:\\\/\\\/andpro.net\\\/product\\\/reis-zascitno-prekrivalo-za-cevlje-bfol-cpe-n\\\/#primaryimage\"},\"thumbnailUrl\":\"https:\\\/\\\/andpro.net\\\/wp-content\\\/uploads\\\/2023\\\/12\\\/0055426448.jpg\",\"datePublished\":\"2023-12-18T11:05:22+00:00\",\"dateModified\":\"2025-07-20T11:50:13+00:00\",\"breadcrumb\":{\"@id\":\"https:\\\/\\\/andpro.net\\\/product\\\/reis-zascitno-prekrivalo-za-cevlje-bfol-cpe-n\\\/#breadcrumb\"},\"inLanguage\":\"en-GB\",\"potentialAction\":[{\"@type\":\"ReadAction\",\"target\":[\"https:\\\/\\\/andpro.net\\\/product\\\/reis-zascitno-prekrivalo-za-cevlje-bfol-cpe-n\\\/\"]}]},{\"@type\":\"ImageObject\",\"inLanguage\":\"en-GB\",\"@id\":\"https:\\\/\\\/andpro.net\\\/product\\\/reis-zascitno-prekrivalo-za-cevlje-bfol-cpe-n\\\/#primaryimage\",\"url\":\"https:\\\/\\\/andpro.net\\\/wp-content\\\/uploads\\\/2023\\\/12\\\/0055426448.jpg\",\"contentUrl\":\"https:\\\/\\\/andpro.net\\\/wp-content\\\/uploads\\\/2023\\\/12\\\/0055426448.jpg\",\"width\":1024,\"height\":734,\"caption\":\"988160\"},{\"@type\":\"BreadcrumbList\",\"@id\":\"https:\\\/\\\/andpro.net\\\/product\\\/reis-zascitno-prekrivalo-za-cevlje-bfol-cpe-n\\\/#breadcrumb\",\"itemListElement\":[{\"@type\":\"ListItem\",\"position\":1,\"name\":\"Home\",\"item\":\"https:\\\/\\\/andpro.net\\\/\"},{\"@type\":\"ListItem\",\"position\":2,\"name\":\"Shop\",\"item\":\"https:\\\/\\\/andpro.net\\\/en\\\/shop\\\/\"},{\"@type\":\"ListItem\",\"position\":3,\"name\":\"REIS ZA\u0160\u010cITNO PREKRIVALO ZA \u010cEVLJE BFOL-CPE N\"}]},{\"@type\":\"WebSite\",\"@id\":\"https:\\\/\\\/andpro.net\\\/de\\\/#website\",\"url\":\"https:\\\/\\\/andpro.net\\\/de\\\/\",\"name\":\"AndPro\",\"description\":\"The best decision\",\"publisher\":{\"@id\":\"https:\\\/\\\/andpro.net\\\/de\\\/#organization\"},\"potentialAction\":[{\"@type\":\"SearchAction\",\"target\":{\"@type\":\"EntryPoint\",\"urlTemplate\":\"https:\\\/\\\/andpro.net\\\/de\\\/?s={search_term_string}\"},\"query-input\":{\"@type\":\"PropertyValueSpecification\",\"valueRequired\":true,\"valueName\":\"search_term_string\"}}],\"inLanguage\":\"en-GB\"},{\"@type\":\"Organization\",\"@id\":\"https:\\\/\\\/andpro.net\\\/de\\\/#organization\",\"name\":\"AndPro\",\"url\":\"https:\\\/\\\/andpro.net\\\/de\\\/\",\"logo\":{\"@type\":\"ImageObject\",\"inLanguage\":\"en-GB\",\"@id\":\"https:\\\/\\\/andpro.net\\\/de\\\/#\\\/schema\\\/logo\\\/image\\\/\",\"url\":\"https:\\\/\\\/andpro.net\\\/wp-content\\\/uploads\\\/2023\\\/11\\\/logo_fix.png\",\"contentUrl\":\"https:\\\/\\\/andpro.net\\\/wp-content\\\/uploads\\\/2023\\\/11\\\/logo_fix.png\",\"width\":1244,\"height\":637,\"caption\":\"AndPro\"},\"image\":{\"@id\":\"https:\\\/\\\/andpro.net\\\/de\\\/#\\\/schema\\\/logo\\\/image\\\/\"}}]}<\/script>\n<!-- \/ Yoast SEO Premium plugin. -->","yoast_head_json":{"title":"REIS ZA\u0160\u010cITNO PREKRIVALO ZA \u010cEVLJE BFOL-CPE N - AndPro","robots":{"index":"index","follow":"follow","max-snippet":"max-snippet:-1","max-image-preview":"max-image-preview:large","max-video-preview":"max-video-preview:-1"},"canonical":"https:\/\/andpro.net\/en\/product\/reis-zascitno-prekrivalo-za-cevlje-bfol-cpe-n\/","og_locale":"en_GB","og_type":"article","og_title":"REIS ZA\u0160\u010cITNO PREKRIVALO ZA \u010cEVLJE BFOL-CPE N","og_description":"Za\u0161\u010dita za \u010devlje iz folije. &#8211; iz CPE polietilenske folije &#8211; gramatura 3 g\/m2 &#8211; velikost 36&#215;15 cm &#8211; idealen za uporabo v bolni\u0161nicah in povsod, kjer je potrebna ustrezna za\u0161\u010dita obutve &#8211; mehansko obdelan &#8211; pakirano 100 kosov v paketu","og_url":"https:\/\/andpro.net\/en\/product\/reis-zascitno-prekrivalo-za-cevlje-bfol-cpe-n\/","og_site_name":"AndPro","article_modified_time":"2025-07-20T11:50:13+00:00","og_image":[{"width":1024,"height":734,"url":"https:\/\/andpro.net\/wp-content\/uploads\/2023\/12\/0055426448.jpg","type":"image\/jpeg"}],"twitter_card":"summary_large_image","twitter_misc":{"Estimated reading time":"1 minute"},"schema":{"@context":"https:\/\/schema.org","@graph":[{"@type":"WebPage","@id":"https:\/\/andpro.net\/product\/reis-zascitno-prekrivalo-za-cevlje-bfol-cpe-n\/","url":"https:\/\/andpro.net\/product\/reis-zascitno-prekrivalo-za-cevlje-bfol-cpe-n\/","name":"REIS ZA\u0160\u010cITNO PREKRIVALO ZA \u010cEVLJE BFOL-CPE N - AndPro","isPartOf":{"@id":"https:\/\/andpro.net\/de\/#website"},"primaryImageOfPage":{"@id":"https:\/\/andpro.net\/product\/reis-zascitno-prekrivalo-za-cevlje-bfol-cpe-n\/#primaryimage"},"image":{"@id":"https:\/\/andpro.net\/product\/reis-zascitno-prekrivalo-za-cevlje-bfol-cpe-n\/#primaryimage"},"thumbnailUrl":"https:\/\/andpro.net\/wp-content\/uploads\/2023\/12\/0055426448.jpg","datePublished":"2023-12-18T11:05:22+00:00","dateModified":"2025-07-20T11:50:13+00:00","breadcrumb":{"@id":"https:\/\/andpro.net\/product\/reis-zascitno-prekrivalo-za-cevlje-bfol-cpe-n\/#breadcrumb"},"inLanguage":"en-GB","potentialAction":[{"@type":"ReadAction","target":["https:\/\/andpro.net\/product\/reis-zascitno-prekrivalo-za-cevlje-bfol-cpe-n\/"]}]},{"@type":"ImageObject","inLanguage":"en-GB","@id":"https:\/\/andpro.net\/product\/reis-zascitno-prekrivalo-za-cevlje-bfol-cpe-n\/#primaryimage","url":"https:\/\/andpro.net\/wp-content\/uploads\/2023\/12\/0055426448.jpg","contentUrl":"https:\/\/andpro.net\/wp-content\/uploads\/2023\/12\/0055426448.jpg","width":1024,"height":734,"caption":"988160"},{"@type":"BreadcrumbList","@id":"https:\/\/andpro.net\/product\/reis-zascitno-prekrivalo-za-cevlje-bfol-cpe-n\/#breadcrumb","itemListElement":[{"@type":"ListItem","position":1,"name":"Home","item":"https:\/\/andpro.net\/"},{"@type":"ListItem","position":2,"name":"Shop","item":"https:\/\/andpro.net\/en\/shop\/"},{"@type":"ListItem","position":3,"name":"REIS ZA\u0160\u010cITNO PREKRIVALO ZA \u010cEVLJE BFOL-CPE N"}]},{"@type":"WebSite","@id":"https:\/\/andpro.net\/de\/#website","url":"https:\/\/andpro.net\/de\/","name":"AndPro","description":"The best decision","publisher":{"@id":"https:\/\/andpro.net\/de\/#organization"},"potentialAction":[{"@type":"SearchAction","target":{"@type":"EntryPoint","urlTemplate":"https:\/\/andpro.net\/de\/?s={search_term_string}"},"query-input":{"@type":"PropertyValueSpecification","valueRequired":true,"valueName":"search_term_string"}}],"inLanguage":"en-GB"},{"@type":"Organization","@id":"https:\/\/andpro.net\/de\/#organization","name":"AndPro","url":"https:\/\/andpro.net\/de\/","logo":{"@type":"ImageObject","inLanguage":"en-GB","@id":"https:\/\/andpro.net\/de\/#\/schema\/logo\/image\/","url":"https:\/\/andpro.net\/wp-content\/uploads\/2023\/11\/logo_fix.png","contentUrl":"https:\/\/andpro.net\/wp-content\/uploads\/2023\/11\/logo_fix.png","width":1244,"height":637,"caption":"AndPro"},"image":{"@id":"https:\/\/andpro.net\/de\/#\/schema\/logo\/image\/"}}]}},"_links":{"self":[{"href":"https:\/\/andpro.net\/en\/wp-json\/wp\/v2\/product\/3802","targetHints":{"allow":["GET"]}}],"collection":[{"href":"https:\/\/andpro.net\/en\/wp-json\/wp\/v2\/product"}],"about":[{"href":"https:\/\/andpro.net\/en\/wp-json\/wp\/v2\/types\/product"}],"wp:featuredmedia":[{"embeddable":true,"href":"https:\/\/andpro.net\/en\/wp-json\/wp\/v2\/media\/1974"}],"wp:attachment":[{"href":"https:\/\/andpro.net\/en\/wp-json\/wp\/v2\/media?parent=3802"}],"wp:term":[{"taxonomy":"product_brand","embeddable":true,"href":"https:\/\/andpro.net\/en\/wp-json\/wp\/v2\/product_brand?post=3802"},{"taxonomy":"product_cat","embeddable":true,"href":"https:\/\/andpro.net\/en\/wp-json\/wp\/v2\/product_cat?post=3802"},{"taxonomy":"product_tag","embeddable":true,"href":"https:\/\/andpro.net\/en\/wp-json\/wp\/v2\/product_tag?post=3802"}],"curies":[{"name":"wp","href":"https:\/\/api.w.org\/{rel}","templated":true}]}}