{"id":3838,"date":"2023-12-18T12:05:46","date_gmt":"2023-12-18T11:05:46","guid":{"rendered":"https:\/\/andpro.net\/product\/fagum-stomil-varnostni-skornji-bfterminators5-bc\/"},"modified":"2025-07-20T12:48:37","modified_gmt":"2025-07-20T11:48:37","slug":"fagum-stomil-varnostni-skornji-bfterminators5-bc","status":"publish","type":"product","link":"https:\/\/andpro.net\/en\/product\/fagum-stomil-varnostni-skornji-bfterminators5-bc\/","title":{"rendered":"FAGUM-STOMIL SAFETY BOOTS BFTERMINATORS5 BC"},"content":{"rendered":"<p>Safety boots S5 SRC.<\/p>\n<p>\u2013 protects footwear from water, oil, moisture and sand<br \/>\n\u2013 composite cap that protects against impacts with energy up to 200J and compression with a force of up to 15 KN<br \/>\n\u2013 a composite insole that protects the feet from punctures with a force of 1100N<br \/>\n\u2013 the soles provide protection against slipping in the SRC category<br \/>\n- Ultra-Fresh was used in the production of the footwear, whose antibacterial properties were confirmed by microbiological tests<br \/>\n- intended for use at workplaces on construction sites and in mines in the explosively dangerous area of flammable substances<br \/>\n\u2013 Category S5 SRC<br \/>\n\u2013 meet the requirements of EN2034 5and EN20345 standards<\/p>","protected":false},"excerpt":{"rendered":"<p>Varnostni delavski \u0161kornji S5 SRC. &#8211; obutev \u0161\u010diti pred vodo, oljem, vlago in peskom &#8211; kompozitna kapica, ki \u0161\u010diti pred udarci z energijo do 200J in kompresijo s silo do 15 KN &#8211; kompozitni vlo\u017eek, ki \u0161\u010diti stopala pred vbodom s silo 1100N &#8211; podplati zagotavljajo za\u0161\u010dito pred zdrsi v kategoriji SRC &#8211; Pri izdelavi [&hellip;]<\/p>","protected":false},"featured_media":2001,"template":"","meta":[],"product_brand":[137],"product_cat":[25],"product_tag":[],"class_list":{"0":"post-3838","1":"product","2":"type-product","3":"status-publish","4":"has-post-thumbnail","6":"product_brand-fagum-stomil","7":"product_cat-ostalo","9":"first","10":"onbackorder","11":"taxable","12":"shipping-taxable","13":"purchasable","14":"product-type-variable"},"bundled_by":[],"bundle_stock_status":"onbackorder","bundle_stock_quantity":null,"bundle_virtual":false,"bundle_layout":"","bundle_add_to_cart_form_location":"","bundle_editable_in_cart":false,"bundle_sold_individually_context":"","bundle_item_grouping":"","bundle_min_size":"","bundle_max_size":"","bundle_price":[],"bundled_items":[],"bundle_sell_ids":[],"group_of_quantity":0,"min_quantity":0,"max_quantity":"","exclude_order_quantity_value_rules":"no","exclude_category_quantity_rules":"no","combine_variations":"no","yoast_head":"<!-- This site is optimized with the Yoast SEO Premium plugin v23.9 (Yoast SEO v27.3) - https:\/\/yoast.com\/product\/yoast-seo-premium-wordpress\/ -->\n<title>FAGUM-STOMIL VARNOSTNI \u0160KORNJI BFTERMINATORS5 BC - AndPro<\/title>\n<meta name=\"robots\" content=\"index, follow, max-snippet:-1, max-image-preview:large, max-video-preview:-1\" \/>\n<link rel=\"canonical\" href=\"https:\/\/andpro.net\/en\/product\/fagum-stomil-varnostni-skornji-bfterminators5-bc\/\" \/>\n<meta property=\"og:locale\" content=\"en_GB\" \/>\n<meta property=\"og:type\" content=\"article\" \/>\n<meta property=\"og:title\" content=\"FAGUM-STOMIL VARNOSTNI \u0160KORNJI BFTERMINATORS5 BC\" \/>\n<meta property=\"og:description\" content=\"Varnostni delavski \u0161kornji S5 SRC. &#8211; obutev \u0161\u010diti pred vodo, oljem, vlago in peskom &#8211; kompozitna kapica, ki \u0161\u010diti pred udarci z energijo do 200J in kompresijo s silo do 15 KN &#8211; kompozitni vlo\u017eek, ki \u0161\u010diti stopala pred vbodom s silo 1100N &#8211; podplati zagotavljajo za\u0161\u010dito pred zdrsi v kategoriji SRC &#8211; Pri izdelavi [&hellip;]\" \/>\n<meta property=\"og:url\" content=\"https:\/\/andpro.net\/en\/product\/fagum-stomil-varnostni-skornji-bfterminators5-bc\/\" \/>\n<meta property=\"og:site_name\" content=\"AndPro\" \/>\n<meta property=\"article:modified_time\" content=\"2025-07-20T11:48:37+00:00\" \/>\n<meta property=\"og:image\" content=\"https:\/\/andpro.net\/wp-content\/uploads\/2023\/12\/0055475984.jpg\" \/>\n\t<meta property=\"og:image:width\" content=\"840\" \/>\n\t<meta property=\"og:image:height\" content=\"1024\" \/>\n\t<meta property=\"og:image:type\" content=\"image\/jpeg\" \/>\n<meta name=\"twitter:card\" content=\"summary_large_image\" \/>\n<meta name=\"twitter:label1\" content=\"Estimated reading time\" \/>\n\t<meta name=\"twitter:data1\" content=\"1 minute\" \/>\n<script type=\"application\/ld+json\" class=\"yoast-schema-graph\">{\"@context\":\"https:\\\/\\\/schema.org\",\"@graph\":[{\"@type\":\"WebPage\",\"@id\":\"https:\\\/\\\/andpro.net\\\/product\\\/fagum-stomil-varnostni-skornji-bfterminators5-bc\\\/\",\"url\":\"https:\\\/\\\/andpro.net\\\/product\\\/fagum-stomil-varnostni-skornji-bfterminators5-bc\\\/\",\"name\":\"FAGUM-STOMIL VARNOSTNI \u0160KORNJI BFTERMINATORS5 BC - AndPro\",\"isPartOf\":{\"@id\":\"https:\\\/\\\/andpro.net\\\/de\\\/#website\"},\"primaryImageOfPage\":{\"@id\":\"https:\\\/\\\/andpro.net\\\/product\\\/fagum-stomil-varnostni-skornji-bfterminators5-bc\\\/#primaryimage\"},\"image\":{\"@id\":\"https:\\\/\\\/andpro.net\\\/product\\\/fagum-stomil-varnostni-skornji-bfterminators5-bc\\\/#primaryimage\"},\"thumbnailUrl\":\"https:\\\/\\\/andpro.net\\\/wp-content\\\/uploads\\\/2023\\\/12\\\/0055475984.jpg\",\"datePublished\":\"2023-12-18T11:05:46+00:00\",\"dateModified\":\"2025-07-20T11:48:37+00:00\",\"breadcrumb\":{\"@id\":\"https:\\\/\\\/andpro.net\\\/product\\\/fagum-stomil-varnostni-skornji-bfterminators5-bc\\\/#breadcrumb\"},\"inLanguage\":\"en-GB\",\"potentialAction\":[{\"@type\":\"ReadAction\",\"target\":[\"https:\\\/\\\/andpro.net\\\/product\\\/fagum-stomil-varnostni-skornji-bfterminators5-bc\\\/\"]}]},{\"@type\":\"ImageObject\",\"inLanguage\":\"en-GB\",\"@id\":\"https:\\\/\\\/andpro.net\\\/product\\\/fagum-stomil-varnostni-skornji-bfterminators5-bc\\\/#primaryimage\",\"url\":\"https:\\\/\\\/andpro.net\\\/wp-content\\\/uploads\\\/2023\\\/12\\\/0055475984.jpg\",\"contentUrl\":\"https:\\\/\\\/andpro.net\\\/wp-content\\\/uploads\\\/2023\\\/12\\\/0055475984.jpg\",\"width\":840,\"height\":1024,\"caption\":\"37269824\"},{\"@type\":\"BreadcrumbList\",\"@id\":\"https:\\\/\\\/andpro.net\\\/product\\\/fagum-stomil-varnostni-skornji-bfterminators5-bc\\\/#breadcrumb\",\"itemListElement\":[{\"@type\":\"ListItem\",\"position\":1,\"name\":\"Home\",\"item\":\"https:\\\/\\\/andpro.net\\\/\"},{\"@type\":\"ListItem\",\"position\":2,\"name\":\"Shop\",\"item\":\"https:\\\/\\\/andpro.net\\\/en\\\/shop\\\/\"},{\"@type\":\"ListItem\",\"position\":3,\"name\":\"FAGUM-STOMIL VARNOSTNI \u0160KORNJI BFTERMINATORS5 BC\"}]},{\"@type\":\"WebSite\",\"@id\":\"https:\\\/\\\/andpro.net\\\/de\\\/#website\",\"url\":\"https:\\\/\\\/andpro.net\\\/de\\\/\",\"name\":\"AndPro\",\"description\":\"The best decision\",\"publisher\":{\"@id\":\"https:\\\/\\\/andpro.net\\\/de\\\/#organization\"},\"potentialAction\":[{\"@type\":\"SearchAction\",\"target\":{\"@type\":\"EntryPoint\",\"urlTemplate\":\"https:\\\/\\\/andpro.net\\\/de\\\/?s={search_term_string}\"},\"query-input\":{\"@type\":\"PropertyValueSpecification\",\"valueRequired\":true,\"valueName\":\"search_term_string\"}}],\"inLanguage\":\"en-GB\"},{\"@type\":\"Organization\",\"@id\":\"https:\\\/\\\/andpro.net\\\/de\\\/#organization\",\"name\":\"AndPro\",\"url\":\"https:\\\/\\\/andpro.net\\\/de\\\/\",\"logo\":{\"@type\":\"ImageObject\",\"inLanguage\":\"en-GB\",\"@id\":\"https:\\\/\\\/andpro.net\\\/de\\\/#\\\/schema\\\/logo\\\/image\\\/\",\"url\":\"https:\\\/\\\/andpro.net\\\/wp-content\\\/uploads\\\/2023\\\/11\\\/logo_fix.png\",\"contentUrl\":\"https:\\\/\\\/andpro.net\\\/wp-content\\\/uploads\\\/2023\\\/11\\\/logo_fix.png\",\"width\":1244,\"height\":637,\"caption\":\"AndPro\"},\"image\":{\"@id\":\"https:\\\/\\\/andpro.net\\\/de\\\/#\\\/schema\\\/logo\\\/image\\\/\"}}]}<\/script>\n<!-- \/ Yoast SEO Premium plugin. -->","yoast_head_json":{"title":"FAGUM-STOMIL VARNOSTNI \u0160KORNJI BFTERMINATORS5 BC - AndPro","robots":{"index":"index","follow":"follow","max-snippet":"max-snippet:-1","max-image-preview":"max-image-preview:large","max-video-preview":"max-video-preview:-1"},"canonical":"https:\/\/andpro.net\/en\/product\/fagum-stomil-varnostni-skornji-bfterminators5-bc\/","og_locale":"en_GB","og_type":"article","og_title":"FAGUM-STOMIL VARNOSTNI \u0160KORNJI BFTERMINATORS5 BC","og_description":"Varnostni delavski \u0161kornji S5 SRC. &#8211; obutev \u0161\u010diti pred vodo, oljem, vlago in peskom &#8211; kompozitna kapica, ki \u0161\u010diti pred udarci z energijo do 200J in kompresijo s silo do 15 KN &#8211; kompozitni vlo\u017eek, ki \u0161\u010diti stopala pred vbodom s silo 1100N &#8211; podplati zagotavljajo za\u0161\u010dito pred zdrsi v kategoriji SRC &#8211; Pri izdelavi [&hellip;]","og_url":"https:\/\/andpro.net\/en\/product\/fagum-stomil-varnostni-skornji-bfterminators5-bc\/","og_site_name":"AndPro","article_modified_time":"2025-07-20T11:48:37+00:00","og_image":[{"width":840,"height":1024,"url":"https:\/\/andpro.net\/wp-content\/uploads\/2023\/12\/0055475984.jpg","type":"image\/jpeg"}],"twitter_card":"summary_large_image","twitter_misc":{"Estimated reading time":"1 minute"},"schema":{"@context":"https:\/\/schema.org","@graph":[{"@type":"WebPage","@id":"https:\/\/andpro.net\/product\/fagum-stomil-varnostni-skornji-bfterminators5-bc\/","url":"https:\/\/andpro.net\/product\/fagum-stomil-varnostni-skornji-bfterminators5-bc\/","name":"FAGUM-STOMIL VARNOSTNI \u0160KORNJI BFTERMINATORS5 BC - AndPro","isPartOf":{"@id":"https:\/\/andpro.net\/de\/#website"},"primaryImageOfPage":{"@id":"https:\/\/andpro.net\/product\/fagum-stomil-varnostni-skornji-bfterminators5-bc\/#primaryimage"},"image":{"@id":"https:\/\/andpro.net\/product\/fagum-stomil-varnostni-skornji-bfterminators5-bc\/#primaryimage"},"thumbnailUrl":"https:\/\/andpro.net\/wp-content\/uploads\/2023\/12\/0055475984.jpg","datePublished":"2023-12-18T11:05:46+00:00","dateModified":"2025-07-20T11:48:37+00:00","breadcrumb":{"@id":"https:\/\/andpro.net\/product\/fagum-stomil-varnostni-skornji-bfterminators5-bc\/#breadcrumb"},"inLanguage":"en-GB","potentialAction":[{"@type":"ReadAction","target":["https:\/\/andpro.net\/product\/fagum-stomil-varnostni-skornji-bfterminators5-bc\/"]}]},{"@type":"ImageObject","inLanguage":"en-GB","@id":"https:\/\/andpro.net\/product\/fagum-stomil-varnostni-skornji-bfterminators5-bc\/#primaryimage","url":"https:\/\/andpro.net\/wp-content\/uploads\/2023\/12\/0055475984.jpg","contentUrl":"https:\/\/andpro.net\/wp-content\/uploads\/2023\/12\/0055475984.jpg","width":840,"height":1024,"caption":"37269824"},{"@type":"BreadcrumbList","@id":"https:\/\/andpro.net\/product\/fagum-stomil-varnostni-skornji-bfterminators5-bc\/#breadcrumb","itemListElement":[{"@type":"ListItem","position":1,"name":"Home","item":"https:\/\/andpro.net\/"},{"@type":"ListItem","position":2,"name":"Shop","item":"https:\/\/andpro.net\/en\/shop\/"},{"@type":"ListItem","position":3,"name":"FAGUM-STOMIL VARNOSTNI \u0160KORNJI BFTERMINATORS5 BC"}]},{"@type":"WebSite","@id":"https:\/\/andpro.net\/de\/#website","url":"https:\/\/andpro.net\/de\/","name":"AndPro","description":"The best decision","publisher":{"@id":"https:\/\/andpro.net\/de\/#organization"},"potentialAction":[{"@type":"SearchAction","target":{"@type":"EntryPoint","urlTemplate":"https:\/\/andpro.net\/de\/?s={search_term_string}"},"query-input":{"@type":"PropertyValueSpecification","valueRequired":true,"valueName":"search_term_string"}}],"inLanguage":"en-GB"},{"@type":"Organization","@id":"https:\/\/andpro.net\/de\/#organization","name":"AndPro","url":"https:\/\/andpro.net\/de\/","logo":{"@type":"ImageObject","inLanguage":"en-GB","@id":"https:\/\/andpro.net\/de\/#\/schema\/logo\/image\/","url":"https:\/\/andpro.net\/wp-content\/uploads\/2023\/11\/logo_fix.png","contentUrl":"https:\/\/andpro.net\/wp-content\/uploads\/2023\/11\/logo_fix.png","width":1244,"height":637,"caption":"AndPro"},"image":{"@id":"https:\/\/andpro.net\/de\/#\/schema\/logo\/image\/"}}]}},"_links":{"self":[{"href":"https:\/\/andpro.net\/en\/wp-json\/wp\/v2\/product\/3838","targetHints":{"allow":["GET"]}}],"collection":[{"href":"https:\/\/andpro.net\/en\/wp-json\/wp\/v2\/product"}],"about":[{"href":"https:\/\/andpro.net\/en\/wp-json\/wp\/v2\/types\/product"}],"wp:featuredmedia":[{"embeddable":true,"href":"https:\/\/andpro.net\/en\/wp-json\/wp\/v2\/media\/2001"}],"wp:attachment":[{"href":"https:\/\/andpro.net\/en\/wp-json\/wp\/v2\/media?parent=3838"}],"wp:term":[{"taxonomy":"product_brand","embeddable":true,"href":"https:\/\/andpro.net\/en\/wp-json\/wp\/v2\/product_brand?post=3838"},{"taxonomy":"product_cat","embeddable":true,"href":"https:\/\/andpro.net\/en\/wp-json\/wp\/v2\/product_cat?post=3838"},{"taxonomy":"product_tag","embeddable":true,"href":"https:\/\/andpro.net\/en\/wp-json\/wp\/v2\/product_tag?post=3838"}],"curies":[{"name":"wp","href":"https:\/\/api.w.org\/{rel}","templated":true}]}}