{"id":4946,"date":"2023-12-25T13:16:28","date_gmt":"2023-12-25T12:16:28","guid":{"rendered":"https:\/\/andpro.net\/?post_type=product&#038;p=4946"},"modified":"2025-07-20T12:43:24","modified_gmt":"2025-07-20T11:43:24","slug":"reis-kapa-czled","status":"publish","type":"product","link":"https:\/\/andpro.net\/en\/product\/reis-kapa-czled\/","title":{"rendered":"REIS CAP CZLED"},"content":{"rendered":"<p>LED winter hat with replaceable lamp.<\/p>\n<p>&nbsp;<\/p>\n<p>Knit: 100% acrylic yarn, weight 200 g\/m\u00b2<\/p>\n<p>insulated with 100% polyester fleece, weight 110 g\/m\u00b2<\/p>\n<p>The double layer of material provides better protection against the cold<\/p>\n<p>There is a removable LED lamp on the front of the cap, which is charged via a USB port<\/p>\n<p>The housing of the lamp is made of soft rubber, which does not affect the use of the cap<\/p>\n<p>The lamp has three levels of illumination<\/p>\n<p>Each piece comes with a bag and hanger for convenient disassembly,<\/p>\n<p>meets the requirements of the EN ISO 13688 standard<\/p>\n<p>In accordance with Directive 2014\/30\/EU of the European Parliament and of the Council (EMC - electromagnetic compatibility) and 2011\/65\/EU (RoHS - restriction of the use of hazardous substances)<\/p>","protected":false},"excerpt":{"rendered":"<p>LED zimska kapa z zamenljivo svetilko. &nbsp; Pletenina: 100% akrilna preja, te\u017ea 200 g\/m\u00b2 izolirana s 100% poliestrskim flisom, te\u017ea 110 g\/m\u00b2 Dvojna plast materiala zagotavlja bolj\u0161o za\u0161\u010dito pred mrazom Na sprednji strani pokrov\u010dka je odstranljiva LED svetilka, ki se polni preko USB priklju\u010dka Ohi\u0161je svetilke je izdelano iz mehke gume, ki ne vpliva na [&hellip;]<\/p>","protected":false},"featured_media":4950,"template":"","meta":[],"product_brand":[],"product_cat":[267,128],"product_tag":[],"class_list":{"0":"post-4946","1":"product","2":"type-product","3":"status-publish","4":"has-post-thumbnail","6":"product_cat-dodatki","7":"product_cat-zascita-za-glavo","9":"first","10":"onbackorder","11":"sale","12":"taxable","13":"shipping-taxable","14":"purchasable","15":"product-type-simple"},"bundled_by":[],"bundle_stock_status":"onbackorder","bundle_stock_quantity":null,"bundle_virtual":false,"bundle_layout":"","bundle_add_to_cart_form_location":"","bundle_editable_in_cart":false,"bundle_sold_individually_context":"","bundle_item_grouping":"","bundle_min_size":"","bundle_max_size":"","bundle_price":[],"bundled_items":[],"bundle_sell_ids":[],"group_of_quantity":0,"min_quantity":12,"max_quantity":"","exclude_order_quantity_value_rules":"no","exclude_category_quantity_rules":"no","combine_variations":"no","yoast_head":"<!-- This site is optimized with the Yoast SEO Premium plugin v23.9 (Yoast SEO v27.4) - https:\/\/yoast.com\/product\/yoast-seo-premium-wordpress\/ -->\n<title>REIS KAPA CZLED - AndPro<\/title>\n<meta name=\"robots\" content=\"index, follow, max-snippet:-1, max-image-preview:large, max-video-preview:-1\" \/>\n<link rel=\"canonical\" href=\"https:\/\/andpro.net\/en\/product\/reis-kapa-czled\/\" \/>\n<meta property=\"og:locale\" content=\"en_GB\" \/>\n<meta property=\"og:type\" content=\"article\" \/>\n<meta property=\"og:title\" content=\"REIS KAPA CZLED\" \/>\n<meta property=\"og:description\" content=\"LED zimska kapa z zamenljivo svetilko. &nbsp; Pletenina: 100% akrilna preja, te\u017ea 200 g\/m\u00b2 izolirana s 100% poliestrskim flisom, te\u017ea 110 g\/m\u00b2 Dvojna plast materiala zagotavlja bolj\u0161o za\u0161\u010dito pred mrazom Na sprednji strani pokrov\u010dka je odstranljiva LED svetilka, ki se polni preko USB priklju\u010dka Ohi\u0161je svetilke je izdelano iz mehke gume, ki ne vpliva na [&hellip;]\" \/>\n<meta property=\"og:url\" content=\"https:\/\/andpro.net\/en\/product\/reis-kapa-czled\/\" \/>\n<meta property=\"og:site_name\" content=\"AndPro\" \/>\n<meta property=\"article:modified_time\" content=\"2025-07-20T11:43:24+00:00\" \/>\n<meta property=\"og:image\" content=\"https:\/\/andpro.net\/wp-content\/uploads\/2023\/12\/0058219968.jpg\" \/>\n\t<meta property=\"og:image:width\" content=\"899\" \/>\n\t<meta property=\"og:image:height\" content=\"1024\" \/>\n\t<meta property=\"og:image:type\" content=\"image\/jpeg\" \/>\n<meta name=\"twitter:card\" content=\"summary_large_image\" \/>\n<meta name=\"twitter:label1\" content=\"Estimated reading time\" \/>\n\t<meta name=\"twitter:data1\" content=\"1 minute\" \/>\n<script type=\"application\/ld+json\" class=\"yoast-schema-graph\">{\"@context\":\"https:\\\/\\\/schema.org\",\"@graph\":[{\"@type\":\"WebPage\",\"@id\":\"https:\\\/\\\/andpro.net\\\/product\\\/reis-kapa-czled\\\/\",\"url\":\"https:\\\/\\\/andpro.net\\\/product\\\/reis-kapa-czled\\\/\",\"name\":\"REIS KAPA CZLED - AndPro\",\"isPartOf\":{\"@id\":\"https:\\\/\\\/andpro.net\\\/de\\\/#website\"},\"primaryImageOfPage\":{\"@id\":\"https:\\\/\\\/andpro.net\\\/product\\\/reis-kapa-czled\\\/#primaryimage\"},\"image\":{\"@id\":\"https:\\\/\\\/andpro.net\\\/product\\\/reis-kapa-czled\\\/#primaryimage\"},\"thumbnailUrl\":\"https:\\\/\\\/andpro.net\\\/wp-content\\\/uploads\\\/2023\\\/12\\\/0058219968.jpg\",\"datePublished\":\"2023-12-25T12:16:28+00:00\",\"dateModified\":\"2025-07-20T11:43:24+00:00\",\"breadcrumb\":{\"@id\":\"https:\\\/\\\/andpro.net\\\/product\\\/reis-kapa-czled\\\/#breadcrumb\"},\"inLanguage\":\"en-GB\",\"potentialAction\":[{\"@type\":\"ReadAction\",\"target\":[\"https:\\\/\\\/andpro.net\\\/product\\\/reis-kapa-czled\\\/\"]}]},{\"@type\":\"ImageObject\",\"inLanguage\":\"en-GB\",\"@id\":\"https:\\\/\\\/andpro.net\\\/product\\\/reis-kapa-czled\\\/#primaryimage\",\"url\":\"https:\\\/\\\/andpro.net\\\/wp-content\\\/uploads\\\/2023\\\/12\\\/0058219968.jpg\",\"contentUrl\":\"https:\\\/\\\/andpro.net\\\/wp-content\\\/uploads\\\/2023\\\/12\\\/0058219968.jpg\",\"width\":899,\"height\":1024},{\"@type\":\"BreadcrumbList\",\"@id\":\"https:\\\/\\\/andpro.net\\\/product\\\/reis-kapa-czled\\\/#breadcrumb\",\"itemListElement\":[{\"@type\":\"ListItem\",\"position\":1,\"name\":\"Home\",\"item\":\"https:\\\/\\\/andpro.net\\\/\"},{\"@type\":\"ListItem\",\"position\":2,\"name\":\"Shop\",\"item\":\"https:\\\/\\\/andpro.net\\\/en\\\/shop\\\/\"},{\"@type\":\"ListItem\",\"position\":3,\"name\":\"REIS KAPA CZLED\"}]},{\"@type\":\"WebSite\",\"@id\":\"https:\\\/\\\/andpro.net\\\/de\\\/#website\",\"url\":\"https:\\\/\\\/andpro.net\\\/de\\\/\",\"name\":\"AndPro\",\"description\":\"The best decision\",\"publisher\":{\"@id\":\"https:\\\/\\\/andpro.net\\\/de\\\/#organization\"},\"potentialAction\":[{\"@type\":\"SearchAction\",\"target\":{\"@type\":\"EntryPoint\",\"urlTemplate\":\"https:\\\/\\\/andpro.net\\\/de\\\/?s={search_term_string}\"},\"query-input\":{\"@type\":\"PropertyValueSpecification\",\"valueRequired\":true,\"valueName\":\"search_term_string\"}}],\"inLanguage\":\"en-GB\"},{\"@type\":\"Organization\",\"@id\":\"https:\\\/\\\/andpro.net\\\/de\\\/#organization\",\"name\":\"AndPro\",\"url\":\"https:\\\/\\\/andpro.net\\\/de\\\/\",\"logo\":{\"@type\":\"ImageObject\",\"inLanguage\":\"en-GB\",\"@id\":\"https:\\\/\\\/andpro.net\\\/de\\\/#\\\/schema\\\/logo\\\/image\\\/\",\"url\":\"https:\\\/\\\/andpro.net\\\/wp-content\\\/uploads\\\/2023\\\/11\\\/logo_fix.png\",\"contentUrl\":\"https:\\\/\\\/andpro.net\\\/wp-content\\\/uploads\\\/2023\\\/11\\\/logo_fix.png\",\"width\":1244,\"height\":637,\"caption\":\"AndPro\"},\"image\":{\"@id\":\"https:\\\/\\\/andpro.net\\\/de\\\/#\\\/schema\\\/logo\\\/image\\\/\"}}]}<\/script>\n<!-- \/ Yoast SEO Premium plugin. -->","yoast_head_json":{"title":"REIS KAPA CZLED - AndPro","robots":{"index":"index","follow":"follow","max-snippet":"max-snippet:-1","max-image-preview":"max-image-preview:large","max-video-preview":"max-video-preview:-1"},"canonical":"https:\/\/andpro.net\/en\/product\/reis-kapa-czled\/","og_locale":"en_GB","og_type":"article","og_title":"REIS KAPA CZLED","og_description":"LED zimska kapa z zamenljivo svetilko. &nbsp; Pletenina: 100% akrilna preja, te\u017ea 200 g\/m\u00b2 izolirana s 100% poliestrskim flisom, te\u017ea 110 g\/m\u00b2 Dvojna plast materiala zagotavlja bolj\u0161o za\u0161\u010dito pred mrazom Na sprednji strani pokrov\u010dka je odstranljiva LED svetilka, ki se polni preko USB priklju\u010dka Ohi\u0161je svetilke je izdelano iz mehke gume, ki ne vpliva na [&hellip;]","og_url":"https:\/\/andpro.net\/en\/product\/reis-kapa-czled\/","og_site_name":"AndPro","article_modified_time":"2025-07-20T11:43:24+00:00","og_image":[{"width":899,"height":1024,"url":"https:\/\/andpro.net\/wp-content\/uploads\/2023\/12\/0058219968.jpg","type":"image\/jpeg"}],"twitter_card":"summary_large_image","twitter_misc":{"Estimated reading time":"1 minute"},"schema":{"@context":"https:\/\/schema.org","@graph":[{"@type":"WebPage","@id":"https:\/\/andpro.net\/product\/reis-kapa-czled\/","url":"https:\/\/andpro.net\/product\/reis-kapa-czled\/","name":"REIS KAPA CZLED - AndPro","isPartOf":{"@id":"https:\/\/andpro.net\/de\/#website"},"primaryImageOfPage":{"@id":"https:\/\/andpro.net\/product\/reis-kapa-czled\/#primaryimage"},"image":{"@id":"https:\/\/andpro.net\/product\/reis-kapa-czled\/#primaryimage"},"thumbnailUrl":"https:\/\/andpro.net\/wp-content\/uploads\/2023\/12\/0058219968.jpg","datePublished":"2023-12-25T12:16:28+00:00","dateModified":"2025-07-20T11:43:24+00:00","breadcrumb":{"@id":"https:\/\/andpro.net\/product\/reis-kapa-czled\/#breadcrumb"},"inLanguage":"en-GB","potentialAction":[{"@type":"ReadAction","target":["https:\/\/andpro.net\/product\/reis-kapa-czled\/"]}]},{"@type":"ImageObject","inLanguage":"en-GB","@id":"https:\/\/andpro.net\/product\/reis-kapa-czled\/#primaryimage","url":"https:\/\/andpro.net\/wp-content\/uploads\/2023\/12\/0058219968.jpg","contentUrl":"https:\/\/andpro.net\/wp-content\/uploads\/2023\/12\/0058219968.jpg","width":899,"height":1024},{"@type":"BreadcrumbList","@id":"https:\/\/andpro.net\/product\/reis-kapa-czled\/#breadcrumb","itemListElement":[{"@type":"ListItem","position":1,"name":"Home","item":"https:\/\/andpro.net\/"},{"@type":"ListItem","position":2,"name":"Shop","item":"https:\/\/andpro.net\/en\/shop\/"},{"@type":"ListItem","position":3,"name":"REIS KAPA CZLED"}]},{"@type":"WebSite","@id":"https:\/\/andpro.net\/de\/#website","url":"https:\/\/andpro.net\/de\/","name":"AndPro","description":"The best decision","publisher":{"@id":"https:\/\/andpro.net\/de\/#organization"},"potentialAction":[{"@type":"SearchAction","target":{"@type":"EntryPoint","urlTemplate":"https:\/\/andpro.net\/de\/?s={search_term_string}"},"query-input":{"@type":"PropertyValueSpecification","valueRequired":true,"valueName":"search_term_string"}}],"inLanguage":"en-GB"},{"@type":"Organization","@id":"https:\/\/andpro.net\/de\/#organization","name":"AndPro","url":"https:\/\/andpro.net\/de\/","logo":{"@type":"ImageObject","inLanguage":"en-GB","@id":"https:\/\/andpro.net\/de\/#\/schema\/logo\/image\/","url":"https:\/\/andpro.net\/wp-content\/uploads\/2023\/11\/logo_fix.png","contentUrl":"https:\/\/andpro.net\/wp-content\/uploads\/2023\/11\/logo_fix.png","width":1244,"height":637,"caption":"AndPro"},"image":{"@id":"https:\/\/andpro.net\/de\/#\/schema\/logo\/image\/"}}]}},"_links":{"self":[{"href":"https:\/\/andpro.net\/en\/wp-json\/wp\/v2\/product\/4946","targetHints":{"allow":["GET"]}}],"collection":[{"href":"https:\/\/andpro.net\/en\/wp-json\/wp\/v2\/product"}],"about":[{"href":"https:\/\/andpro.net\/en\/wp-json\/wp\/v2\/types\/product"}],"wp:featuredmedia":[{"embeddable":true,"href":"https:\/\/andpro.net\/en\/wp-json\/wp\/v2\/media\/4950"}],"wp:attachment":[{"href":"https:\/\/andpro.net\/en\/wp-json\/wp\/v2\/media?parent=4946"}],"wp:term":[{"taxonomy":"product_brand","embeddable":true,"href":"https:\/\/andpro.net\/en\/wp-json\/wp\/v2\/product_brand?post=4946"},{"taxonomy":"product_cat","embeddable":true,"href":"https:\/\/andpro.net\/en\/wp-json\/wp\/v2\/product_cat?post=4946"},{"taxonomy":"product_tag","embeddable":true,"href":"https:\/\/andpro.net\/en\/wp-json\/wp\/v2\/product_tag?post=4946"}],"curies":[{"name":"wp","href":"https:\/\/api.w.org\/{rel}","templated":true}]}}