{"id":5078,"date":"2023-12-25T14:02:44","date_gmt":"2023-12-25T13:02:44","guid":{"rendered":"https:\/\/andpro.net\/?post_type=product&#038;p=5078"},"modified":"2025-07-20T12:39:59","modified_gmt":"2025-07-20T11:39:59","slug":"reis-zascitne-hlace-bomer-t","status":"publish","type":"product","link":"https:\/\/andpro.net\/en\/product\/reis-zascitne-hlace-bomer-t\/","title":{"rendered":"REIS PROTECTIVE PANTS BOMER-T"},"content":{"rendered":"<p>BOMER working pants<\/p>\n<p>&nbsp;<\/p>\n<p>- fabric: 100% cotton, grammage 260 g\/m2<\/p>\n<p>Insoles made of navy blue material 62% polyester, 34% cotton, 4% elastane, grammage 240 g\/m\u00b2<\/p>\n<p>two side pockets and two back pockets with velcro<\/p>\n<p>three leg pockets, one of which has a velcro fastener<\/p>\n<p>Elastic waistband on the sides increases freedom of movement and allows for a better fit<\/p>\n<p>Knee pockets for knee pads<\/p>\n<p>Hammer grip on left leg<\/p>\n<p>Thanks to the use of elastane, the pants adapt better to the figure without restricting freedom of movement<\/p>\n<p>perfect for hot days<\/p>","protected":false},"excerpt":{"rendered":"<p>BOMER za\u0161\u010ditne delavske hla\u010de: &nbsp; Blago: 100% bomba\u017e, gramatura 260 g\/m\u00b2 Vlo\u017eki iz mornarsko modrega materiala 62% poliester, 34% bomba\u017e, 4% elastan, te\u017ea 240 g\/m\u00b2 dva stranska in dva zadnja \u017eepa trije \u017eepi na nogah, od katerih ima eden velcro zaponko Elasti\u010den pas na stranskih stranicah pove\u010da svobodo gibanja in omogo\u010da bolj\u0161e prileganje \u017depi na [&hellip;]<\/p>","protected":false},"featured_media":5088,"template":"","meta":[],"product_brand":[],"product_cat":[21,41],"product_tag":[],"class_list":{"0":"post-5078","1":"product","2":"type-product","3":"status-publish","4":"has-post-thumbnail","6":"product_cat-oblacila","7":"product_cat-hlace","9":"first","10":"instock","11":"taxable","12":"shipping-taxable","13":"purchasable","14":"product-type-variable"},"bundled_by":[],"bundle_stock_status":"instock","bundle_stock_quantity":1,"bundle_virtual":false,"bundle_layout":"","bundle_add_to_cart_form_location":"","bundle_editable_in_cart":false,"bundle_sold_individually_context":"","bundle_item_grouping":"","bundle_min_size":"","bundle_max_size":"","bundle_price":[],"bundled_items":[],"bundle_sell_ids":[],"group_of_quantity":0,"min_quantity":0,"max_quantity":"","exclude_order_quantity_value_rules":"no","exclude_category_quantity_rules":"no","combine_variations":"no","yoast_head":"<!-- This site is optimized with the Yoast SEO Premium plugin v23.9 (Yoast SEO v27.3) - https:\/\/yoast.com\/product\/yoast-seo-premium-wordpress\/ -->\n<title>REIS ZA\u0160\u010cITNE HLA\u010cE BOMER-T - AndPro<\/title>\n<meta name=\"robots\" content=\"index, follow, max-snippet:-1, max-image-preview:large, max-video-preview:-1\" \/>\n<link rel=\"canonical\" href=\"https:\/\/andpro.net\/en\/product\/reis-zascitne-hlace-bomer-t\/\" \/>\n<meta property=\"og:locale\" content=\"en_GB\" \/>\n<meta property=\"og:type\" content=\"article\" \/>\n<meta property=\"og:title\" content=\"REIS ZA\u0160\u010cITNE HLA\u010cE BOMER-T\" \/>\n<meta property=\"og:description\" content=\"BOMER za\u0161\u010ditne delavske hla\u010de: &nbsp; Blago: 100% bomba\u017e, gramatura 260 g\/m\u00b2 Vlo\u017eki iz mornarsko modrega materiala 62% poliester, 34% bomba\u017e, 4% elastan, te\u017ea 240 g\/m\u00b2 dva stranska in dva zadnja \u017eepa trije \u017eepi na nogah, od katerih ima eden velcro zaponko Elasti\u010den pas na stranskih stranicah pove\u010da svobodo gibanja in omogo\u010da bolj\u0161e prileganje \u017depi na [&hellip;]\" \/>\n<meta property=\"og:url\" content=\"https:\/\/andpro.net\/en\/product\/reis-zascitne-hlace-bomer-t\/\" \/>\n<meta property=\"og:site_name\" content=\"AndPro\" \/>\n<meta property=\"article:modified_time\" content=\"2025-07-20T11:39:59+00:00\" \/>\n<meta property=\"og:image\" content=\"https:\/\/andpro.net\/wp-content\/uploads\/2023\/12\/0045970320.jpg\" \/>\n\t<meta property=\"og:image:width\" content=\"481\" \/>\n\t<meta property=\"og:image:height\" content=\"1024\" \/>\n\t<meta property=\"og:image:type\" content=\"image\/jpeg\" \/>\n<meta name=\"twitter:card\" content=\"summary_large_image\" \/>\n<meta name=\"twitter:label1\" content=\"Estimated reading time\" \/>\n\t<meta name=\"twitter:data1\" content=\"1 minute\" \/>\n<script type=\"application\/ld+json\" class=\"yoast-schema-graph\">{\"@context\":\"https:\\\/\\\/schema.org\",\"@graph\":[{\"@type\":\"WebPage\",\"@id\":\"https:\\\/\\\/andpro.net\\\/product\\\/reis-zascitne-hlace-bomer-t\\\/\",\"url\":\"https:\\\/\\\/andpro.net\\\/product\\\/reis-zascitne-hlace-bomer-t\\\/\",\"name\":\"REIS ZA\u0160\u010cITNE HLA\u010cE BOMER-T - AndPro\",\"isPartOf\":{\"@id\":\"https:\\\/\\\/andpro.net\\\/de\\\/#website\"},\"primaryImageOfPage\":{\"@id\":\"https:\\\/\\\/andpro.net\\\/product\\\/reis-zascitne-hlace-bomer-t\\\/#primaryimage\"},\"image\":{\"@id\":\"https:\\\/\\\/andpro.net\\\/product\\\/reis-zascitne-hlace-bomer-t\\\/#primaryimage\"},\"thumbnailUrl\":\"https:\\\/\\\/andpro.net\\\/wp-content\\\/uploads\\\/2023\\\/12\\\/0045970320.jpg\",\"datePublished\":\"2023-12-25T13:02:44+00:00\",\"dateModified\":\"2025-07-20T11:39:59+00:00\",\"breadcrumb\":{\"@id\":\"https:\\\/\\\/andpro.net\\\/product\\\/reis-zascitne-hlace-bomer-t\\\/#breadcrumb\"},\"inLanguage\":\"en-GB\",\"potentialAction\":[{\"@type\":\"ReadAction\",\"target\":[\"https:\\\/\\\/andpro.net\\\/product\\\/reis-zascitne-hlace-bomer-t\\\/\"]}]},{\"@type\":\"ImageObject\",\"inLanguage\":\"en-GB\",\"@id\":\"https:\\\/\\\/andpro.net\\\/product\\\/reis-zascitne-hlace-bomer-t\\\/#primaryimage\",\"url\":\"https:\\\/\\\/andpro.net\\\/wp-content\\\/uploads\\\/2023\\\/12\\\/0045970320.jpg\",\"contentUrl\":\"https:\\\/\\\/andpro.net\\\/wp-content\\\/uploads\\\/2023\\\/12\\\/0045970320.jpg\",\"width\":481,\"height\":1024},{\"@type\":\"BreadcrumbList\",\"@id\":\"https:\\\/\\\/andpro.net\\\/product\\\/reis-zascitne-hlace-bomer-t\\\/#breadcrumb\",\"itemListElement\":[{\"@type\":\"ListItem\",\"position\":1,\"name\":\"Home\",\"item\":\"https:\\\/\\\/andpro.net\\\/\"},{\"@type\":\"ListItem\",\"position\":2,\"name\":\"Shop\",\"item\":\"https:\\\/\\\/andpro.net\\\/en\\\/shop\\\/\"},{\"@type\":\"ListItem\",\"position\":3,\"name\":\"REIS ZA\u0160\u010cITNE HLA\u010cE BOMER-T\"}]},{\"@type\":\"WebSite\",\"@id\":\"https:\\\/\\\/andpro.net\\\/de\\\/#website\",\"url\":\"https:\\\/\\\/andpro.net\\\/de\\\/\",\"name\":\"AndPro\",\"description\":\"The best decision\",\"publisher\":{\"@id\":\"https:\\\/\\\/andpro.net\\\/de\\\/#organization\"},\"potentialAction\":[{\"@type\":\"SearchAction\",\"target\":{\"@type\":\"EntryPoint\",\"urlTemplate\":\"https:\\\/\\\/andpro.net\\\/de\\\/?s={search_term_string}\"},\"query-input\":{\"@type\":\"PropertyValueSpecification\",\"valueRequired\":true,\"valueName\":\"search_term_string\"}}],\"inLanguage\":\"en-GB\"},{\"@type\":\"Organization\",\"@id\":\"https:\\\/\\\/andpro.net\\\/de\\\/#organization\",\"name\":\"AndPro\",\"url\":\"https:\\\/\\\/andpro.net\\\/de\\\/\",\"logo\":{\"@type\":\"ImageObject\",\"inLanguage\":\"en-GB\",\"@id\":\"https:\\\/\\\/andpro.net\\\/de\\\/#\\\/schema\\\/logo\\\/image\\\/\",\"url\":\"https:\\\/\\\/andpro.net\\\/wp-content\\\/uploads\\\/2023\\\/11\\\/logo_fix.png\",\"contentUrl\":\"https:\\\/\\\/andpro.net\\\/wp-content\\\/uploads\\\/2023\\\/11\\\/logo_fix.png\",\"width\":1244,\"height\":637,\"caption\":\"AndPro\"},\"image\":{\"@id\":\"https:\\\/\\\/andpro.net\\\/de\\\/#\\\/schema\\\/logo\\\/image\\\/\"}}]}<\/script>\n<!-- \/ Yoast SEO Premium plugin. -->","yoast_head_json":{"title":"REIS ZA\u0160\u010cITNE HLA\u010cE BOMER-T - AndPro","robots":{"index":"index","follow":"follow","max-snippet":"max-snippet:-1","max-image-preview":"max-image-preview:large","max-video-preview":"max-video-preview:-1"},"canonical":"https:\/\/andpro.net\/en\/product\/reis-zascitne-hlace-bomer-t\/","og_locale":"en_GB","og_type":"article","og_title":"REIS ZA\u0160\u010cITNE HLA\u010cE BOMER-T","og_description":"BOMER za\u0161\u010ditne delavske hla\u010de: &nbsp; Blago: 100% bomba\u017e, gramatura 260 g\/m\u00b2 Vlo\u017eki iz mornarsko modrega materiala 62% poliester, 34% bomba\u017e, 4% elastan, te\u017ea 240 g\/m\u00b2 dva stranska in dva zadnja \u017eepa trije \u017eepi na nogah, od katerih ima eden velcro zaponko Elasti\u010den pas na stranskih stranicah pove\u010da svobodo gibanja in omogo\u010da bolj\u0161e prileganje \u017depi na [&hellip;]","og_url":"https:\/\/andpro.net\/en\/product\/reis-zascitne-hlace-bomer-t\/","og_site_name":"AndPro","article_modified_time":"2025-07-20T11:39:59+00:00","og_image":[{"width":481,"height":1024,"url":"https:\/\/andpro.net\/wp-content\/uploads\/2023\/12\/0045970320.jpg","type":"image\/jpeg"}],"twitter_card":"summary_large_image","twitter_misc":{"Estimated reading time":"1 minute"},"schema":{"@context":"https:\/\/schema.org","@graph":[{"@type":"WebPage","@id":"https:\/\/andpro.net\/product\/reis-zascitne-hlace-bomer-t\/","url":"https:\/\/andpro.net\/product\/reis-zascitne-hlace-bomer-t\/","name":"REIS ZA\u0160\u010cITNE HLA\u010cE BOMER-T - AndPro","isPartOf":{"@id":"https:\/\/andpro.net\/de\/#website"},"primaryImageOfPage":{"@id":"https:\/\/andpro.net\/product\/reis-zascitne-hlace-bomer-t\/#primaryimage"},"image":{"@id":"https:\/\/andpro.net\/product\/reis-zascitne-hlace-bomer-t\/#primaryimage"},"thumbnailUrl":"https:\/\/andpro.net\/wp-content\/uploads\/2023\/12\/0045970320.jpg","datePublished":"2023-12-25T13:02:44+00:00","dateModified":"2025-07-20T11:39:59+00:00","breadcrumb":{"@id":"https:\/\/andpro.net\/product\/reis-zascitne-hlace-bomer-t\/#breadcrumb"},"inLanguage":"en-GB","potentialAction":[{"@type":"ReadAction","target":["https:\/\/andpro.net\/product\/reis-zascitne-hlace-bomer-t\/"]}]},{"@type":"ImageObject","inLanguage":"en-GB","@id":"https:\/\/andpro.net\/product\/reis-zascitne-hlace-bomer-t\/#primaryimage","url":"https:\/\/andpro.net\/wp-content\/uploads\/2023\/12\/0045970320.jpg","contentUrl":"https:\/\/andpro.net\/wp-content\/uploads\/2023\/12\/0045970320.jpg","width":481,"height":1024},{"@type":"BreadcrumbList","@id":"https:\/\/andpro.net\/product\/reis-zascitne-hlace-bomer-t\/#breadcrumb","itemListElement":[{"@type":"ListItem","position":1,"name":"Home","item":"https:\/\/andpro.net\/"},{"@type":"ListItem","position":2,"name":"Shop","item":"https:\/\/andpro.net\/en\/shop\/"},{"@type":"ListItem","position":3,"name":"REIS ZA\u0160\u010cITNE HLA\u010cE BOMER-T"}]},{"@type":"WebSite","@id":"https:\/\/andpro.net\/de\/#website","url":"https:\/\/andpro.net\/de\/","name":"AndPro","description":"The best decision","publisher":{"@id":"https:\/\/andpro.net\/de\/#organization"},"potentialAction":[{"@type":"SearchAction","target":{"@type":"EntryPoint","urlTemplate":"https:\/\/andpro.net\/de\/?s={search_term_string}"},"query-input":{"@type":"PropertyValueSpecification","valueRequired":true,"valueName":"search_term_string"}}],"inLanguage":"en-GB"},{"@type":"Organization","@id":"https:\/\/andpro.net\/de\/#organization","name":"AndPro","url":"https:\/\/andpro.net\/de\/","logo":{"@type":"ImageObject","inLanguage":"en-GB","@id":"https:\/\/andpro.net\/de\/#\/schema\/logo\/image\/","url":"https:\/\/andpro.net\/wp-content\/uploads\/2023\/11\/logo_fix.png","contentUrl":"https:\/\/andpro.net\/wp-content\/uploads\/2023\/11\/logo_fix.png","width":1244,"height":637,"caption":"AndPro"},"image":{"@id":"https:\/\/andpro.net\/de\/#\/schema\/logo\/image\/"}}]}},"_links":{"self":[{"href":"https:\/\/andpro.net\/en\/wp-json\/wp\/v2\/product\/5078","targetHints":{"allow":["GET"]}}],"collection":[{"href":"https:\/\/andpro.net\/en\/wp-json\/wp\/v2\/product"}],"about":[{"href":"https:\/\/andpro.net\/en\/wp-json\/wp\/v2\/types\/product"}],"wp:featuredmedia":[{"embeddable":true,"href":"https:\/\/andpro.net\/en\/wp-json\/wp\/v2\/media\/5088"}],"wp:attachment":[{"href":"https:\/\/andpro.net\/en\/wp-json\/wp\/v2\/media?parent=5078"}],"wp:term":[{"taxonomy":"product_brand","embeddable":true,"href":"https:\/\/andpro.net\/en\/wp-json\/wp\/v2\/product_brand?post=5078"},{"taxonomy":"product_cat","embeddable":true,"href":"https:\/\/andpro.net\/en\/wp-json\/wp\/v2\/product_cat?post=5078"},{"taxonomy":"product_tag","embeddable":true,"href":"https:\/\/andpro.net\/en\/wp-json\/wp\/v2\/product_tag?post=5078"}],"curies":[{"name":"wp","href":"https:\/\/api.w.org\/{rel}","templated":true}]}}