{"id":5433,"date":"2023-12-28T02:39:22","date_gmt":"2023-12-28T01:39:22","guid":{"rendered":"https:\/\/andpro.net\/?post_type=product&#038;p=5433"},"modified":"2025-07-20T12:35:40","modified_gmt":"2025-07-20T11:35:40","slug":"l-hollman-scitniki-za-kolena-ondumbledor-b","status":"publish","type":"product","link":"https:\/\/andpro.net\/en\/product\/l-hollman-scitniki-za-kolena-ondumbledor-b\/","title":{"rendered":"L.HOLLMAN KNEE PADS ONDUMBLEDOR B"},"content":{"rendered":"<p>Knee pads for trousers.<\/p>\n<p>&nbsp;<\/p>\n<p>100% polyethylene<\/p>\n<p>Approximate dimensions: width 17 cm, length 24 cm<\/p>\n<p>they provide comfort at work and reduce discomfort when working on the knees<\/p>\n<p>ideal for use on paving jobs and where kneeling is required<\/p>\n<p>For use with selected L.Hollman and REIS trousers, among others<\/p>","protected":false},"excerpt":{"rendered":"<p>\u0160\u010ditniki za kolena za hla\u010de. &nbsp; 100% polietilen Pribli\u017ene mere: \u0161irina 17 cm, dol\u017eina 24 cm zagotavljajo udobje pri delu in zmanj\u0161ujejo nelagodje pri delu na kolenih idealen za uporabo pri delu pri polaganju tlakovcev in na mestih, kjer je potrebno kle\u010danje Med drugim za uporabo z izbranimi hla\u010dami L.Hollman in REIS<\/p>","protected":false},"featured_media":5434,"template":"","meta":[],"product_brand":[],"product_cat":[267,41],"product_tag":[],"class_list":{"0":"post-5433","1":"product","2":"type-product","3":"status-publish","4":"has-post-thumbnail","6":"product_cat-dodatki","7":"product_cat-hlace","9":"first","10":"onbackorder","11":"taxable","12":"shipping-taxable","13":"purchasable","14":"product-type-simple"},"bundled_by":[],"bundle_stock_status":"onbackorder","bundle_stock_quantity":null,"bundle_virtual":false,"bundle_layout":"","bundle_add_to_cart_form_location":"","bundle_editable_in_cart":false,"bundle_sold_individually_context":"","bundle_item_grouping":"","bundle_min_size":"","bundle_max_size":"","bundle_price":[],"bundled_items":[],"bundle_sell_ids":[],"group_of_quantity":0,"min_quantity":0,"max_quantity":"","exclude_order_quantity_value_rules":"no","exclude_category_quantity_rules":"no","combine_variations":"no","yoast_head":"<!-- This site is optimized with the Yoast SEO Premium plugin v23.9 (Yoast SEO v27.3) - https:\/\/yoast.com\/product\/yoast-seo-premium-wordpress\/ -->\n<title>L.HOLLMAN \u0160\u010cITNIKI ZA KOLENA ONDUMBLEDOR B - AndPro<\/title>\n<meta name=\"robots\" content=\"index, follow, max-snippet:-1, max-image-preview:large, max-video-preview:-1\" \/>\n<link rel=\"canonical\" href=\"https:\/\/andpro.net\/en\/product\/l-hollman-scitniki-za-kolena-ondumbledor-b\/\" \/>\n<meta property=\"og:locale\" content=\"en_GB\" \/>\n<meta property=\"og:type\" content=\"article\" \/>\n<meta property=\"og:title\" content=\"L.HOLLMAN \u0160\u010cITNIKI ZA KOLENA ONDUMBLEDOR B\" \/>\n<meta property=\"og:description\" content=\"\u0160\u010ditniki za kolena za hla\u010de. &nbsp; 100% polietilen Pribli\u017ene mere: \u0161irina 17 cm, dol\u017eina 24 cm zagotavljajo udobje pri delu in zmanj\u0161ujejo nelagodje pri delu na kolenih idealen za uporabo pri delu pri polaganju tlakovcev in na mestih, kjer je potrebno kle\u010danje Med drugim za uporabo z izbranimi hla\u010dami L.Hollman in REIS\" \/>\n<meta property=\"og:url\" content=\"https:\/\/andpro.net\/en\/product\/l-hollman-scitniki-za-kolena-ondumbledor-b\/\" \/>\n<meta property=\"og:site_name\" content=\"AndPro\" \/>\n<meta property=\"article:modified_time\" content=\"2025-07-20T11:35:40+00:00\" \/>\n<meta property=\"og:image\" content=\"https:\/\/andpro.net\/wp-content\/uploads\/2023\/12\/0058577216.jpg\" \/>\n\t<meta property=\"og:image:width\" content=\"1002\" \/>\n\t<meta property=\"og:image:height\" content=\"1024\" \/>\n\t<meta property=\"og:image:type\" content=\"image\/jpeg\" \/>\n<meta name=\"twitter:card\" content=\"summary_large_image\" \/>\n<meta name=\"twitter:label1\" content=\"Estimated reading time\" \/>\n\t<meta name=\"twitter:data1\" content=\"1 minute\" \/>\n<script type=\"application\/ld+json\" class=\"yoast-schema-graph\">{\"@context\":\"https:\\\/\\\/schema.org\",\"@graph\":[{\"@type\":\"WebPage\",\"@id\":\"https:\\\/\\\/andpro.net\\\/product\\\/l-hollman-scitniki-za-kolena-ondumbledor-b\\\/\",\"url\":\"https:\\\/\\\/andpro.net\\\/product\\\/l-hollman-scitniki-za-kolena-ondumbledor-b\\\/\",\"name\":\"L.HOLLMAN \u0160\u010cITNIKI ZA KOLENA ONDUMBLEDOR B - AndPro\",\"isPartOf\":{\"@id\":\"https:\\\/\\\/andpro.net\\\/de\\\/#website\"},\"primaryImageOfPage\":{\"@id\":\"https:\\\/\\\/andpro.net\\\/product\\\/l-hollman-scitniki-za-kolena-ondumbledor-b\\\/#primaryimage\"},\"image\":{\"@id\":\"https:\\\/\\\/andpro.net\\\/product\\\/l-hollman-scitniki-za-kolena-ondumbledor-b\\\/#primaryimage\"},\"thumbnailUrl\":\"https:\\\/\\\/andpro.net\\\/wp-content\\\/uploads\\\/2023\\\/12\\\/0058577216.jpg\",\"datePublished\":\"2023-12-28T01:39:22+00:00\",\"dateModified\":\"2025-07-20T11:35:40+00:00\",\"breadcrumb\":{\"@id\":\"https:\\\/\\\/andpro.net\\\/product\\\/l-hollman-scitniki-za-kolena-ondumbledor-b\\\/#breadcrumb\"},\"inLanguage\":\"en-GB\",\"potentialAction\":[{\"@type\":\"ReadAction\",\"target\":[\"https:\\\/\\\/andpro.net\\\/product\\\/l-hollman-scitniki-za-kolena-ondumbledor-b\\\/\"]}]},{\"@type\":\"ImageObject\",\"inLanguage\":\"en-GB\",\"@id\":\"https:\\\/\\\/andpro.net\\\/product\\\/l-hollman-scitniki-za-kolena-ondumbledor-b\\\/#primaryimage\",\"url\":\"https:\\\/\\\/andpro.net\\\/wp-content\\\/uploads\\\/2023\\\/12\\\/0058577216.jpg\",\"contentUrl\":\"https:\\\/\\\/andpro.net\\\/wp-content\\\/uploads\\\/2023\\\/12\\\/0058577216.jpg\",\"width\":1002,\"height\":1024},{\"@type\":\"BreadcrumbList\",\"@id\":\"https:\\\/\\\/andpro.net\\\/product\\\/l-hollman-scitniki-za-kolena-ondumbledor-b\\\/#breadcrumb\",\"itemListElement\":[{\"@type\":\"ListItem\",\"position\":1,\"name\":\"Home\",\"item\":\"https:\\\/\\\/andpro.net\\\/\"},{\"@type\":\"ListItem\",\"position\":2,\"name\":\"Shop\",\"item\":\"https:\\\/\\\/andpro.net\\\/en\\\/shop\\\/\"},{\"@type\":\"ListItem\",\"position\":3,\"name\":\"L.HOLLMAN \u0160\u010cITNIKI ZA KOLENA ONDUMBLEDOR B\"}]},{\"@type\":\"WebSite\",\"@id\":\"https:\\\/\\\/andpro.net\\\/de\\\/#website\",\"url\":\"https:\\\/\\\/andpro.net\\\/de\\\/\",\"name\":\"AndPro\",\"description\":\"The best decision\",\"publisher\":{\"@id\":\"https:\\\/\\\/andpro.net\\\/de\\\/#organization\"},\"potentialAction\":[{\"@type\":\"SearchAction\",\"target\":{\"@type\":\"EntryPoint\",\"urlTemplate\":\"https:\\\/\\\/andpro.net\\\/de\\\/?s={search_term_string}\"},\"query-input\":{\"@type\":\"PropertyValueSpecification\",\"valueRequired\":true,\"valueName\":\"search_term_string\"}}],\"inLanguage\":\"en-GB\"},{\"@type\":\"Organization\",\"@id\":\"https:\\\/\\\/andpro.net\\\/de\\\/#organization\",\"name\":\"AndPro\",\"url\":\"https:\\\/\\\/andpro.net\\\/de\\\/\",\"logo\":{\"@type\":\"ImageObject\",\"inLanguage\":\"en-GB\",\"@id\":\"https:\\\/\\\/andpro.net\\\/de\\\/#\\\/schema\\\/logo\\\/image\\\/\",\"url\":\"https:\\\/\\\/andpro.net\\\/wp-content\\\/uploads\\\/2023\\\/11\\\/logo_fix.png\",\"contentUrl\":\"https:\\\/\\\/andpro.net\\\/wp-content\\\/uploads\\\/2023\\\/11\\\/logo_fix.png\",\"width\":1244,\"height\":637,\"caption\":\"AndPro\"},\"image\":{\"@id\":\"https:\\\/\\\/andpro.net\\\/de\\\/#\\\/schema\\\/logo\\\/image\\\/\"}}]}<\/script>\n<!-- \/ Yoast SEO Premium plugin. -->","yoast_head_json":{"title":"L.HOLLMAN \u0160\u010cITNIKI ZA KOLENA ONDUMBLEDOR B - AndPro","robots":{"index":"index","follow":"follow","max-snippet":"max-snippet:-1","max-image-preview":"max-image-preview:large","max-video-preview":"max-video-preview:-1"},"canonical":"https:\/\/andpro.net\/en\/product\/l-hollman-scitniki-za-kolena-ondumbledor-b\/","og_locale":"en_GB","og_type":"article","og_title":"L.HOLLMAN \u0160\u010cITNIKI ZA KOLENA ONDUMBLEDOR B","og_description":"\u0160\u010ditniki za kolena za hla\u010de. &nbsp; 100% polietilen Pribli\u017ene mere: \u0161irina 17 cm, dol\u017eina 24 cm zagotavljajo udobje pri delu in zmanj\u0161ujejo nelagodje pri delu na kolenih idealen za uporabo pri delu pri polaganju tlakovcev in na mestih, kjer je potrebno kle\u010danje Med drugim za uporabo z izbranimi hla\u010dami L.Hollman in REIS","og_url":"https:\/\/andpro.net\/en\/product\/l-hollman-scitniki-za-kolena-ondumbledor-b\/","og_site_name":"AndPro","article_modified_time":"2025-07-20T11:35:40+00:00","og_image":[{"width":1002,"height":1024,"url":"https:\/\/andpro.net\/wp-content\/uploads\/2023\/12\/0058577216.jpg","type":"image\/jpeg"}],"twitter_card":"summary_large_image","twitter_misc":{"Estimated reading time":"1 minute"},"schema":{"@context":"https:\/\/schema.org","@graph":[{"@type":"WebPage","@id":"https:\/\/andpro.net\/product\/l-hollman-scitniki-za-kolena-ondumbledor-b\/","url":"https:\/\/andpro.net\/product\/l-hollman-scitniki-za-kolena-ondumbledor-b\/","name":"L.HOLLMAN \u0160\u010cITNIKI ZA KOLENA ONDUMBLEDOR B - AndPro","isPartOf":{"@id":"https:\/\/andpro.net\/de\/#website"},"primaryImageOfPage":{"@id":"https:\/\/andpro.net\/product\/l-hollman-scitniki-za-kolena-ondumbledor-b\/#primaryimage"},"image":{"@id":"https:\/\/andpro.net\/product\/l-hollman-scitniki-za-kolena-ondumbledor-b\/#primaryimage"},"thumbnailUrl":"https:\/\/andpro.net\/wp-content\/uploads\/2023\/12\/0058577216.jpg","datePublished":"2023-12-28T01:39:22+00:00","dateModified":"2025-07-20T11:35:40+00:00","breadcrumb":{"@id":"https:\/\/andpro.net\/product\/l-hollman-scitniki-za-kolena-ondumbledor-b\/#breadcrumb"},"inLanguage":"en-GB","potentialAction":[{"@type":"ReadAction","target":["https:\/\/andpro.net\/product\/l-hollman-scitniki-za-kolena-ondumbledor-b\/"]}]},{"@type":"ImageObject","inLanguage":"en-GB","@id":"https:\/\/andpro.net\/product\/l-hollman-scitniki-za-kolena-ondumbledor-b\/#primaryimage","url":"https:\/\/andpro.net\/wp-content\/uploads\/2023\/12\/0058577216.jpg","contentUrl":"https:\/\/andpro.net\/wp-content\/uploads\/2023\/12\/0058577216.jpg","width":1002,"height":1024},{"@type":"BreadcrumbList","@id":"https:\/\/andpro.net\/product\/l-hollman-scitniki-za-kolena-ondumbledor-b\/#breadcrumb","itemListElement":[{"@type":"ListItem","position":1,"name":"Home","item":"https:\/\/andpro.net\/"},{"@type":"ListItem","position":2,"name":"Shop","item":"https:\/\/andpro.net\/en\/shop\/"},{"@type":"ListItem","position":3,"name":"L.HOLLMAN \u0160\u010cITNIKI ZA KOLENA ONDUMBLEDOR B"}]},{"@type":"WebSite","@id":"https:\/\/andpro.net\/de\/#website","url":"https:\/\/andpro.net\/de\/","name":"AndPro","description":"The best decision","publisher":{"@id":"https:\/\/andpro.net\/de\/#organization"},"potentialAction":[{"@type":"SearchAction","target":{"@type":"EntryPoint","urlTemplate":"https:\/\/andpro.net\/de\/?s={search_term_string}"},"query-input":{"@type":"PropertyValueSpecification","valueRequired":true,"valueName":"search_term_string"}}],"inLanguage":"en-GB"},{"@type":"Organization","@id":"https:\/\/andpro.net\/de\/#organization","name":"AndPro","url":"https:\/\/andpro.net\/de\/","logo":{"@type":"ImageObject","inLanguage":"en-GB","@id":"https:\/\/andpro.net\/de\/#\/schema\/logo\/image\/","url":"https:\/\/andpro.net\/wp-content\/uploads\/2023\/11\/logo_fix.png","contentUrl":"https:\/\/andpro.net\/wp-content\/uploads\/2023\/11\/logo_fix.png","width":1244,"height":637,"caption":"AndPro"},"image":{"@id":"https:\/\/andpro.net\/de\/#\/schema\/logo\/image\/"}}]}},"_links":{"self":[{"href":"https:\/\/andpro.net\/en\/wp-json\/wp\/v2\/product\/5433","targetHints":{"allow":["GET"]}}],"collection":[{"href":"https:\/\/andpro.net\/en\/wp-json\/wp\/v2\/product"}],"about":[{"href":"https:\/\/andpro.net\/en\/wp-json\/wp\/v2\/types\/product"}],"wp:featuredmedia":[{"embeddable":true,"href":"https:\/\/andpro.net\/en\/wp-json\/wp\/v2\/media\/5434"}],"wp:attachment":[{"href":"https:\/\/andpro.net\/en\/wp-json\/wp\/v2\/media?parent=5433"}],"wp:term":[{"taxonomy":"product_brand","embeddable":true,"href":"https:\/\/andpro.net\/en\/wp-json\/wp\/v2\/product_brand?post=5433"},{"taxonomy":"product_cat","embeddable":true,"href":"https:\/\/andpro.net\/en\/wp-json\/wp\/v2\/product_cat?post=5433"},{"taxonomy":"product_tag","embeddable":true,"href":"https:\/\/andpro.net\/en\/wp-json\/wp\/v2\/product_tag?post=5433"}],"curies":[{"name":"wp","href":"https:\/\/api.w.org\/{rel}","templated":true}]}}