{"id":6106,"date":"2024-01-05T09:51:49","date_gmt":"2024-01-05T08:51:49","guid":{"rendered":"https:\/\/andpro.net\/?post_type=product&#038;p=6106"},"modified":"2025-07-20T12:24:37","modified_gmt":"2025-07-20T11:24:37","slug":"l-hollman-softshell-lh-ladyfun","status":"publish","type":"product","link":"https:\/\/andpro.net\/en\/product\/l-hollman-softshell-lh-ladyfun\/","title":{"rendered":"L.HOLLMAN SOFTSHELL LH-LADYFUN"},"content":{"rendered":"<p>Softshell, women's<\/p>\n<p>&nbsp;<\/p>\n<p>Main material: three-layer gray softshell fabric made of 100% polyester twill, TPU membrane, 100% polyester fleece weight 280g\/m\u00b2<\/p>\n<p>Black inserts made of three-layer softshell fabric: 96% polyester, 4% elastane, TPU membrane, 100% polyester fleece with a weight of 280 g\/m\u00b2<\/p>\n<p>SOFTSHELL material - protects against rain and wind and at the same time allows the skin to \"breathe\".<\/p>\n<p>zip closure<\/p>\n<p>Stand collar<\/p>\n<p>Detachable hood with mesh lining<\/p>\n<p>two pockets on the bottom and one on the chest with a zipper<\/p>\n<p>Sleeves with velcro for width adjustment<\/p>\n<p>The lower part of the jacket can be fastened with cords<\/p>\n<p>It is not only perfect for work, but also for sports<\/p>","protected":false},"excerpt":{"rendered":"<p>Softshell, \u017eenski &nbsp; Glavni material: troslojna siva softshell tkanina iz 100% poliestrskega keperja, TPU membrana, 100% poliestrski flis te\u017ee 280g\/m\u00b2 \u010crni vstavki iz troslojne softshell tkanine: 96% poliester, 4% elastan, TPU membrana, 100% poliestrski flis z te\u017eo 280 g\/m\u00b2 SOFTSHELL material \u2013 \u0161\u010diti pred de\u017ejem in vetrom ter hkrati omogo\u010da ko\u017ei, da \u201cdiha\u201d zapenjanje z [&hellip;]<\/p>","protected":false},"featured_media":6107,"template":"","meta":[],"product_brand":[],"product_cat":[21,42],"product_tag":[],"class_list":{"0":"post-6106","1":"product","2":"type-product","3":"status-publish","4":"has-post-thumbnail","6":"product_cat-oblacila","7":"product_cat-flisijope-in-puloverji","9":"first","10":"onbackorder","11":"taxable","12":"shipping-taxable","13":"purchasable","14":"product-type-variable"},"bundled_by":[],"bundle_stock_status":"onbackorder","bundle_stock_quantity":null,"bundle_virtual":false,"bundle_layout":"","bundle_add_to_cart_form_location":"","bundle_editable_in_cart":false,"bundle_sold_individually_context":"","bundle_item_grouping":"","bundle_min_size":"","bundle_max_size":"","bundle_price":[],"bundled_items":[],"bundle_sell_ids":[],"group_of_quantity":0,"min_quantity":0,"max_quantity":"","exclude_order_quantity_value_rules":"no","exclude_category_quantity_rules":"no","combine_variations":"no","yoast_head":"<!-- This site is optimized with the Yoast SEO Premium plugin v23.9 (Yoast SEO v27.4) - https:\/\/yoast.com\/product\/yoast-seo-premium-wordpress\/ -->\n<title>L.HOLLMAN SOFTSHELL LH-LADYFUN - AndPro<\/title>\n<meta name=\"robots\" content=\"index, follow, max-snippet:-1, max-image-preview:large, max-video-preview:-1\" \/>\n<link rel=\"canonical\" href=\"https:\/\/andpro.net\/en\/product\/l-hollman-softshell-lh-ladyfun\/\" \/>\n<meta property=\"og:locale\" content=\"en_GB\" \/>\n<meta property=\"og:type\" content=\"article\" \/>\n<meta property=\"og:title\" content=\"L.HOLLMAN SOFTSHELL LH-LADYFUN\" \/>\n<meta property=\"og:description\" content=\"Softshell, \u017eenski &nbsp; Glavni material: troslojna siva softshell tkanina iz 100% poliestrskega keperja, TPU membrana, 100% poliestrski flis te\u017ee 280g\/m\u00b2 \u010crni vstavki iz troslojne softshell tkanine: 96% poliester, 4% elastan, TPU membrana, 100% poliestrski flis z te\u017eo 280 g\/m\u00b2 SOFTSHELL material \u2013 \u0161\u010diti pred de\u017ejem in vetrom ter hkrati omogo\u010da ko\u017ei, da \u201cdiha\u201d zapenjanje z [&hellip;]\" \/>\n<meta property=\"og:url\" content=\"https:\/\/andpro.net\/en\/product\/l-hollman-softshell-lh-ladyfun\/\" \/>\n<meta property=\"og:site_name\" content=\"AndPro\" \/>\n<meta property=\"article:modified_time\" content=\"2025-07-20T11:24:37+00:00\" \/>\n<meta property=\"og:image\" content=\"https:\/\/andpro.net\/wp-content\/uploads\/2024\/01\/0047655568.jpg\" \/>\n\t<meta property=\"og:image:width\" content=\"505\" \/>\n\t<meta property=\"og:image:height\" content=\"1024\" \/>\n\t<meta property=\"og:image:type\" content=\"image\/jpeg\" \/>\n<meta name=\"twitter:card\" content=\"summary_large_image\" \/>\n<meta name=\"twitter:label1\" content=\"Estimated reading time\" \/>\n\t<meta name=\"twitter:data1\" content=\"1 minute\" \/>\n<script type=\"application\/ld+json\" class=\"yoast-schema-graph\">{\"@context\":\"https:\\\/\\\/schema.org\",\"@graph\":[{\"@type\":\"WebPage\",\"@id\":\"https:\\\/\\\/andpro.net\\\/product\\\/l-hollman-softshell-lh-ladyfun\\\/\",\"url\":\"https:\\\/\\\/andpro.net\\\/product\\\/l-hollman-softshell-lh-ladyfun\\\/\",\"name\":\"L.HOLLMAN SOFTSHELL LH-LADYFUN - AndPro\",\"isPartOf\":{\"@id\":\"https:\\\/\\\/andpro.net\\\/de\\\/#website\"},\"primaryImageOfPage\":{\"@id\":\"https:\\\/\\\/andpro.net\\\/product\\\/l-hollman-softshell-lh-ladyfun\\\/#primaryimage\"},\"image\":{\"@id\":\"https:\\\/\\\/andpro.net\\\/product\\\/l-hollman-softshell-lh-ladyfun\\\/#primaryimage\"},\"thumbnailUrl\":\"https:\\\/\\\/andpro.net\\\/wp-content\\\/uploads\\\/2024\\\/01\\\/0047655568.jpg\",\"datePublished\":\"2024-01-05T08:51:49+00:00\",\"dateModified\":\"2025-07-20T11:24:37+00:00\",\"breadcrumb\":{\"@id\":\"https:\\\/\\\/andpro.net\\\/product\\\/l-hollman-softshell-lh-ladyfun\\\/#breadcrumb\"},\"inLanguage\":\"en-GB\",\"potentialAction\":[{\"@type\":\"ReadAction\",\"target\":[\"https:\\\/\\\/andpro.net\\\/product\\\/l-hollman-softshell-lh-ladyfun\\\/\"]}]},{\"@type\":\"ImageObject\",\"inLanguage\":\"en-GB\",\"@id\":\"https:\\\/\\\/andpro.net\\\/product\\\/l-hollman-softshell-lh-ladyfun\\\/#primaryimage\",\"url\":\"https:\\\/\\\/andpro.net\\\/wp-content\\\/uploads\\\/2024\\\/01\\\/0047655568.jpg\",\"contentUrl\":\"https:\\\/\\\/andpro.net\\\/wp-content\\\/uploads\\\/2024\\\/01\\\/0047655568.jpg\",\"width\":505,\"height\":1024},{\"@type\":\"BreadcrumbList\",\"@id\":\"https:\\\/\\\/andpro.net\\\/product\\\/l-hollman-softshell-lh-ladyfun\\\/#breadcrumb\",\"itemListElement\":[{\"@type\":\"ListItem\",\"position\":1,\"name\":\"Home\",\"item\":\"https:\\\/\\\/andpro.net\\\/\"},{\"@type\":\"ListItem\",\"position\":2,\"name\":\"Shop\",\"item\":\"https:\\\/\\\/andpro.net\\\/en\\\/shop\\\/\"},{\"@type\":\"ListItem\",\"position\":3,\"name\":\"L.HOLLMAN SOFTSHELL LH-LADYFUN\"}]},{\"@type\":\"WebSite\",\"@id\":\"https:\\\/\\\/andpro.net\\\/de\\\/#website\",\"url\":\"https:\\\/\\\/andpro.net\\\/de\\\/\",\"name\":\"AndPro\",\"description\":\"The best decision\",\"publisher\":{\"@id\":\"https:\\\/\\\/andpro.net\\\/de\\\/#organization\"},\"potentialAction\":[{\"@type\":\"SearchAction\",\"target\":{\"@type\":\"EntryPoint\",\"urlTemplate\":\"https:\\\/\\\/andpro.net\\\/de\\\/?s={search_term_string}\"},\"query-input\":{\"@type\":\"PropertyValueSpecification\",\"valueRequired\":true,\"valueName\":\"search_term_string\"}}],\"inLanguage\":\"en-GB\"},{\"@type\":\"Organization\",\"@id\":\"https:\\\/\\\/andpro.net\\\/de\\\/#organization\",\"name\":\"AndPro\",\"url\":\"https:\\\/\\\/andpro.net\\\/de\\\/\",\"logo\":{\"@type\":\"ImageObject\",\"inLanguage\":\"en-GB\",\"@id\":\"https:\\\/\\\/andpro.net\\\/de\\\/#\\\/schema\\\/logo\\\/image\\\/\",\"url\":\"https:\\\/\\\/andpro.net\\\/wp-content\\\/uploads\\\/2023\\\/11\\\/logo_fix.png\",\"contentUrl\":\"https:\\\/\\\/andpro.net\\\/wp-content\\\/uploads\\\/2023\\\/11\\\/logo_fix.png\",\"width\":1244,\"height\":637,\"caption\":\"AndPro\"},\"image\":{\"@id\":\"https:\\\/\\\/andpro.net\\\/de\\\/#\\\/schema\\\/logo\\\/image\\\/\"}}]}<\/script>\n<!-- \/ Yoast SEO Premium plugin. -->","yoast_head_json":{"title":"L.HOLLMAN SOFTSHELL LH-LADYFUN - AndPro","robots":{"index":"index","follow":"follow","max-snippet":"max-snippet:-1","max-image-preview":"max-image-preview:large","max-video-preview":"max-video-preview:-1"},"canonical":"https:\/\/andpro.net\/en\/product\/l-hollman-softshell-lh-ladyfun\/","og_locale":"en_GB","og_type":"article","og_title":"L.HOLLMAN SOFTSHELL LH-LADYFUN","og_description":"Softshell, \u017eenski &nbsp; Glavni material: troslojna siva softshell tkanina iz 100% poliestrskega keperja, TPU membrana, 100% poliestrski flis te\u017ee 280g\/m\u00b2 \u010crni vstavki iz troslojne softshell tkanine: 96% poliester, 4% elastan, TPU membrana, 100% poliestrski flis z te\u017eo 280 g\/m\u00b2 SOFTSHELL material \u2013 \u0161\u010diti pred de\u017ejem in vetrom ter hkrati omogo\u010da ko\u017ei, da \u201cdiha\u201d zapenjanje z [&hellip;]","og_url":"https:\/\/andpro.net\/en\/product\/l-hollman-softshell-lh-ladyfun\/","og_site_name":"AndPro","article_modified_time":"2025-07-20T11:24:37+00:00","og_image":[{"width":505,"height":1024,"url":"https:\/\/andpro.net\/wp-content\/uploads\/2024\/01\/0047655568.jpg","type":"image\/jpeg"}],"twitter_card":"summary_large_image","twitter_misc":{"Estimated reading time":"1 minute"},"schema":{"@context":"https:\/\/schema.org","@graph":[{"@type":"WebPage","@id":"https:\/\/andpro.net\/product\/l-hollman-softshell-lh-ladyfun\/","url":"https:\/\/andpro.net\/product\/l-hollman-softshell-lh-ladyfun\/","name":"L.HOLLMAN SOFTSHELL LH-LADYFUN - AndPro","isPartOf":{"@id":"https:\/\/andpro.net\/de\/#website"},"primaryImageOfPage":{"@id":"https:\/\/andpro.net\/product\/l-hollman-softshell-lh-ladyfun\/#primaryimage"},"image":{"@id":"https:\/\/andpro.net\/product\/l-hollman-softshell-lh-ladyfun\/#primaryimage"},"thumbnailUrl":"https:\/\/andpro.net\/wp-content\/uploads\/2024\/01\/0047655568.jpg","datePublished":"2024-01-05T08:51:49+00:00","dateModified":"2025-07-20T11:24:37+00:00","breadcrumb":{"@id":"https:\/\/andpro.net\/product\/l-hollman-softshell-lh-ladyfun\/#breadcrumb"},"inLanguage":"en-GB","potentialAction":[{"@type":"ReadAction","target":["https:\/\/andpro.net\/product\/l-hollman-softshell-lh-ladyfun\/"]}]},{"@type":"ImageObject","inLanguage":"en-GB","@id":"https:\/\/andpro.net\/product\/l-hollman-softshell-lh-ladyfun\/#primaryimage","url":"https:\/\/andpro.net\/wp-content\/uploads\/2024\/01\/0047655568.jpg","contentUrl":"https:\/\/andpro.net\/wp-content\/uploads\/2024\/01\/0047655568.jpg","width":505,"height":1024},{"@type":"BreadcrumbList","@id":"https:\/\/andpro.net\/product\/l-hollman-softshell-lh-ladyfun\/#breadcrumb","itemListElement":[{"@type":"ListItem","position":1,"name":"Home","item":"https:\/\/andpro.net\/"},{"@type":"ListItem","position":2,"name":"Shop","item":"https:\/\/andpro.net\/en\/shop\/"},{"@type":"ListItem","position":3,"name":"L.HOLLMAN SOFTSHELL LH-LADYFUN"}]},{"@type":"WebSite","@id":"https:\/\/andpro.net\/de\/#website","url":"https:\/\/andpro.net\/de\/","name":"AndPro","description":"The best decision","publisher":{"@id":"https:\/\/andpro.net\/de\/#organization"},"potentialAction":[{"@type":"SearchAction","target":{"@type":"EntryPoint","urlTemplate":"https:\/\/andpro.net\/de\/?s={search_term_string}"},"query-input":{"@type":"PropertyValueSpecification","valueRequired":true,"valueName":"search_term_string"}}],"inLanguage":"en-GB"},{"@type":"Organization","@id":"https:\/\/andpro.net\/de\/#organization","name":"AndPro","url":"https:\/\/andpro.net\/de\/","logo":{"@type":"ImageObject","inLanguage":"en-GB","@id":"https:\/\/andpro.net\/de\/#\/schema\/logo\/image\/","url":"https:\/\/andpro.net\/wp-content\/uploads\/2023\/11\/logo_fix.png","contentUrl":"https:\/\/andpro.net\/wp-content\/uploads\/2023\/11\/logo_fix.png","width":1244,"height":637,"caption":"AndPro"},"image":{"@id":"https:\/\/andpro.net\/de\/#\/schema\/logo\/image\/"}}]}},"_links":{"self":[{"href":"https:\/\/andpro.net\/en\/wp-json\/wp\/v2\/product\/6106","targetHints":{"allow":["GET"]}}],"collection":[{"href":"https:\/\/andpro.net\/en\/wp-json\/wp\/v2\/product"}],"about":[{"href":"https:\/\/andpro.net\/en\/wp-json\/wp\/v2\/types\/product"}],"wp:featuredmedia":[{"embeddable":true,"href":"https:\/\/andpro.net\/en\/wp-json\/wp\/v2\/media\/6107"}],"wp:attachment":[{"href":"https:\/\/andpro.net\/en\/wp-json\/wp\/v2\/media?parent=6106"}],"wp:term":[{"taxonomy":"product_brand","embeddable":true,"href":"https:\/\/andpro.net\/en\/wp-json\/wp\/v2\/product_brand?post=6106"},{"taxonomy":"product_cat","embeddable":true,"href":"https:\/\/andpro.net\/en\/wp-json\/wp\/v2\/product_cat?post=6106"},{"taxonomy":"product_tag","embeddable":true,"href":"https:\/\/andpro.net\/en\/wp-json\/wp\/v2\/product_tag?post=6106"}],"curies":[{"name":"wp","href":"https:\/\/api.w.org\/{rel}","templated":true}]}}