{"id":6515,"date":"2024-01-11T20:34:11","date_gmt":"2024-01-11T19:34:11","guid":{"rendered":"https:\/\/andpro.net\/?post_type=product&#038;p=6515"},"modified":"2025-07-20T12:03:29","modified_gmt":"2025-07-20T11:03:29","slug":"reis-promaster-podlozene-zascitne-hlace-pro-win-b","status":"publish","type":"product","link":"https:\/\/andpro.net\/en\/product\/reis-promaster-podlozene-zascitne-hlace-pro-win-b\/","title":{"rendered":"REIS PROMASTER PADDED PROTECTIVE PANTS PRO-WIN-B"},"content":{"rendered":"<p>Padded protective pants, woven.<\/p>\n<p>&nbsp;<\/p>\n<p>Cover 65% polyester, 35% cotton, grammage 270 g\/m\u00b2<\/p>\n<p>\u2013 lining 100% polyester, grammage 160 g\/m2<\/p>\n<p>\u2013 lining 100% polyester taffeta 190T, weight 60 g\/m2\n\u200b<\/p>\n<p>The elastic waistband on the back increases freedom of movement and allows for a better fit<\/p>\n<p>Adjustable at the waist with buttons and in length with straps<\/p>\n<p>many pockets: one on the chest with velcro, two on the sides, two on the back with velcro, one on the leg for tools and a side pocket with velcro<\/p>\n<p>Knee pockets for knee pads<\/p>","protected":false},"excerpt":{"rendered":"<p>Za\u0161\u010ditne podlo\u017eene tkane delavske hla\u010de. &nbsp; Prevleka 65% poliester, 35% bomba\u017e, gramatura 270 g\/m\u00b2 Podloga 100% poliester, gramatura 160 g\/m\u00b2 Podloga 100% poliester 190T, gramatura 60 g\/m\u00b2 Elasti\u010den pas na hrbtni strani pove\u010da svobodo gibanja in omogo\u010da bolj\u0161e prileganje V pasu nastavljiva z gumbi in po dol\u017eini z naramnicami \u0161tevilni \u017eepi: en na prsih z [&hellip;]<\/p>","protected":false},"featured_media":6521,"template":"","meta":[],"product_brand":[],"product_cat":[21,41],"product_tag":[],"class_list":{"0":"post-6515","1":"product","2":"type-product","3":"status-publish","4":"has-post-thumbnail","6":"product_cat-oblacila","7":"product_cat-hlace","9":"first","10":"onbackorder","11":"taxable","12":"shipping-taxable","13":"purchasable","14":"product-type-variable"},"bundled_by":[],"bundle_stock_status":"onbackorder","bundle_stock_quantity":null,"bundle_virtual":false,"bundle_layout":"","bundle_add_to_cart_form_location":"","bundle_editable_in_cart":false,"bundle_sold_individually_context":"","bundle_item_grouping":"","bundle_min_size":"","bundle_max_size":"","bundle_price":[],"bundled_items":[],"bundle_sell_ids":[],"group_of_quantity":0,"min_quantity":0,"max_quantity":"","exclude_order_quantity_value_rules":"no","exclude_category_quantity_rules":"no","combine_variations":"no","yoast_head":"<!-- This site is optimized with the Yoast SEO Premium plugin v23.9 (Yoast SEO v27.4) - https:\/\/yoast.com\/product\/yoast-seo-premium-wordpress\/ -->\n<title>REIS PROMASTER PODLO\u017dENE ZA\u0160\u010cITNE HLA\u010cE PRO-WIN-B - AndPro<\/title>\n<meta name=\"robots\" content=\"index, follow, max-snippet:-1, max-image-preview:large, max-video-preview:-1\" \/>\n<link rel=\"canonical\" href=\"https:\/\/andpro.net\/en\/product\/reis-promaster-podlozene-zascitne-hlace-pro-win-b\/\" \/>\n<meta property=\"og:locale\" content=\"en_GB\" \/>\n<meta property=\"og:type\" content=\"article\" \/>\n<meta property=\"og:title\" content=\"REIS PROMASTER PODLO\u017dENE ZA\u0160\u010cITNE HLA\u010cE PRO-WIN-B\" \/>\n<meta property=\"og:description\" content=\"Za\u0161\u010ditne podlo\u017eene tkane delavske hla\u010de. &nbsp; Prevleka 65% poliester, 35% bomba\u017e, gramatura 270 g\/m\u00b2 Podloga 100% poliester, gramatura 160 g\/m\u00b2 Podloga 100% poliester 190T, gramatura 60 g\/m\u00b2 Elasti\u010den pas na hrbtni strani pove\u010da svobodo gibanja in omogo\u010da bolj\u0161e prileganje V pasu nastavljiva z gumbi in po dol\u017eini z naramnicami \u0161tevilni \u017eepi: en na prsih z [&hellip;]\" \/>\n<meta property=\"og:url\" content=\"https:\/\/andpro.net\/en\/product\/reis-promaster-podlozene-zascitne-hlace-pro-win-b\/\" \/>\n<meta property=\"og:site_name\" content=\"AndPro\" \/>\n<meta property=\"article:modified_time\" content=\"2025-07-20T11:03:29+00:00\" \/>\n<meta property=\"og:image\" content=\"https:\/\/andpro.net\/wp-content\/uploads\/2024\/01\/0048779744.jpg\" \/>\n\t<meta property=\"og:image:width\" content=\"322\" \/>\n\t<meta property=\"og:image:height\" content=\"1024\" \/>\n\t<meta property=\"og:image:type\" content=\"image\/jpeg\" \/>\n<meta name=\"twitter:card\" content=\"summary_large_image\" \/>\n<meta name=\"twitter:label1\" content=\"Estimated reading time\" \/>\n\t<meta name=\"twitter:data1\" content=\"1 minute\" \/>\n<script type=\"application\/ld+json\" class=\"yoast-schema-graph\">{\"@context\":\"https:\\\/\\\/schema.org\",\"@graph\":[{\"@type\":\"WebPage\",\"@id\":\"https:\\\/\\\/andpro.net\\\/product\\\/reis-promaster-podlozene-zascitne-hlace-pro-win-b\\\/\",\"url\":\"https:\\\/\\\/andpro.net\\\/product\\\/reis-promaster-podlozene-zascitne-hlace-pro-win-b\\\/\",\"name\":\"REIS PROMASTER PODLO\u017dENE ZA\u0160\u010cITNE HLA\u010cE PRO-WIN-B - AndPro\",\"isPartOf\":{\"@id\":\"https:\\\/\\\/andpro.net\\\/de\\\/#website\"},\"primaryImageOfPage\":{\"@id\":\"https:\\\/\\\/andpro.net\\\/product\\\/reis-promaster-podlozene-zascitne-hlace-pro-win-b\\\/#primaryimage\"},\"image\":{\"@id\":\"https:\\\/\\\/andpro.net\\\/product\\\/reis-promaster-podlozene-zascitne-hlace-pro-win-b\\\/#primaryimage\"},\"thumbnailUrl\":\"https:\\\/\\\/andpro.net\\\/wp-content\\\/uploads\\\/2024\\\/01\\\/0048779744.jpg\",\"datePublished\":\"2024-01-11T19:34:11+00:00\",\"dateModified\":\"2025-07-20T11:03:29+00:00\",\"breadcrumb\":{\"@id\":\"https:\\\/\\\/andpro.net\\\/product\\\/reis-promaster-podlozene-zascitne-hlace-pro-win-b\\\/#breadcrumb\"},\"inLanguage\":\"en-GB\",\"potentialAction\":[{\"@type\":\"ReadAction\",\"target\":[\"https:\\\/\\\/andpro.net\\\/product\\\/reis-promaster-podlozene-zascitne-hlace-pro-win-b\\\/\"]}]},{\"@type\":\"ImageObject\",\"inLanguage\":\"en-GB\",\"@id\":\"https:\\\/\\\/andpro.net\\\/product\\\/reis-promaster-podlozene-zascitne-hlace-pro-win-b\\\/#primaryimage\",\"url\":\"https:\\\/\\\/andpro.net\\\/wp-content\\\/uploads\\\/2024\\\/01\\\/0048779744.jpg\",\"contentUrl\":\"https:\\\/\\\/andpro.net\\\/wp-content\\\/uploads\\\/2024\\\/01\\\/0048779744.jpg\",\"width\":322,\"height\":1024},{\"@type\":\"BreadcrumbList\",\"@id\":\"https:\\\/\\\/andpro.net\\\/product\\\/reis-promaster-podlozene-zascitne-hlace-pro-win-b\\\/#breadcrumb\",\"itemListElement\":[{\"@type\":\"ListItem\",\"position\":1,\"name\":\"Home\",\"item\":\"https:\\\/\\\/andpro.net\\\/\"},{\"@type\":\"ListItem\",\"position\":2,\"name\":\"Shop\",\"item\":\"https:\\\/\\\/andpro.net\\\/en\\\/shop\\\/\"},{\"@type\":\"ListItem\",\"position\":3,\"name\":\"REIS PROMASTER PODLO\u017dENE ZA\u0160\u010cITNE HLA\u010cE PRO-WIN-B\"}]},{\"@type\":\"WebSite\",\"@id\":\"https:\\\/\\\/andpro.net\\\/de\\\/#website\",\"url\":\"https:\\\/\\\/andpro.net\\\/de\\\/\",\"name\":\"AndPro\",\"description\":\"The best decision\",\"publisher\":{\"@id\":\"https:\\\/\\\/andpro.net\\\/de\\\/#organization\"},\"potentialAction\":[{\"@type\":\"SearchAction\",\"target\":{\"@type\":\"EntryPoint\",\"urlTemplate\":\"https:\\\/\\\/andpro.net\\\/de\\\/?s={search_term_string}\"},\"query-input\":{\"@type\":\"PropertyValueSpecification\",\"valueRequired\":true,\"valueName\":\"search_term_string\"}}],\"inLanguage\":\"en-GB\"},{\"@type\":\"Organization\",\"@id\":\"https:\\\/\\\/andpro.net\\\/de\\\/#organization\",\"name\":\"AndPro\",\"url\":\"https:\\\/\\\/andpro.net\\\/de\\\/\",\"logo\":{\"@type\":\"ImageObject\",\"inLanguage\":\"en-GB\",\"@id\":\"https:\\\/\\\/andpro.net\\\/de\\\/#\\\/schema\\\/logo\\\/image\\\/\",\"url\":\"https:\\\/\\\/andpro.net\\\/wp-content\\\/uploads\\\/2023\\\/11\\\/logo_fix.png\",\"contentUrl\":\"https:\\\/\\\/andpro.net\\\/wp-content\\\/uploads\\\/2023\\\/11\\\/logo_fix.png\",\"width\":1244,\"height\":637,\"caption\":\"AndPro\"},\"image\":{\"@id\":\"https:\\\/\\\/andpro.net\\\/de\\\/#\\\/schema\\\/logo\\\/image\\\/\"}}]}<\/script>\n<!-- \/ Yoast SEO Premium plugin. -->","yoast_head_json":{"title":"REIS PROMASTER PODLO\u017dENE ZA\u0160\u010cITNE HLA\u010cE PRO-WIN-B - AndPro","robots":{"index":"index","follow":"follow","max-snippet":"max-snippet:-1","max-image-preview":"max-image-preview:large","max-video-preview":"max-video-preview:-1"},"canonical":"https:\/\/andpro.net\/en\/product\/reis-promaster-podlozene-zascitne-hlace-pro-win-b\/","og_locale":"en_GB","og_type":"article","og_title":"REIS PROMASTER PODLO\u017dENE ZA\u0160\u010cITNE HLA\u010cE PRO-WIN-B","og_description":"Za\u0161\u010ditne podlo\u017eene tkane delavske hla\u010de. &nbsp; Prevleka 65% poliester, 35% bomba\u017e, gramatura 270 g\/m\u00b2 Podloga 100% poliester, gramatura 160 g\/m\u00b2 Podloga 100% poliester 190T, gramatura 60 g\/m\u00b2 Elasti\u010den pas na hrbtni strani pove\u010da svobodo gibanja in omogo\u010da bolj\u0161e prileganje V pasu nastavljiva z gumbi in po dol\u017eini z naramnicami \u0161tevilni \u017eepi: en na prsih z [&hellip;]","og_url":"https:\/\/andpro.net\/en\/product\/reis-promaster-podlozene-zascitne-hlace-pro-win-b\/","og_site_name":"AndPro","article_modified_time":"2025-07-20T11:03:29+00:00","og_image":[{"width":322,"height":1024,"url":"https:\/\/andpro.net\/wp-content\/uploads\/2024\/01\/0048779744.jpg","type":"image\/jpeg"}],"twitter_card":"summary_large_image","twitter_misc":{"Estimated reading time":"1 minute"},"schema":{"@context":"https:\/\/schema.org","@graph":[{"@type":"WebPage","@id":"https:\/\/andpro.net\/product\/reis-promaster-podlozene-zascitne-hlace-pro-win-b\/","url":"https:\/\/andpro.net\/product\/reis-promaster-podlozene-zascitne-hlace-pro-win-b\/","name":"REIS PROMASTER PODLO\u017dENE ZA\u0160\u010cITNE HLA\u010cE PRO-WIN-B - AndPro","isPartOf":{"@id":"https:\/\/andpro.net\/de\/#website"},"primaryImageOfPage":{"@id":"https:\/\/andpro.net\/product\/reis-promaster-podlozene-zascitne-hlace-pro-win-b\/#primaryimage"},"image":{"@id":"https:\/\/andpro.net\/product\/reis-promaster-podlozene-zascitne-hlace-pro-win-b\/#primaryimage"},"thumbnailUrl":"https:\/\/andpro.net\/wp-content\/uploads\/2024\/01\/0048779744.jpg","datePublished":"2024-01-11T19:34:11+00:00","dateModified":"2025-07-20T11:03:29+00:00","breadcrumb":{"@id":"https:\/\/andpro.net\/product\/reis-promaster-podlozene-zascitne-hlace-pro-win-b\/#breadcrumb"},"inLanguage":"en-GB","potentialAction":[{"@type":"ReadAction","target":["https:\/\/andpro.net\/product\/reis-promaster-podlozene-zascitne-hlace-pro-win-b\/"]}]},{"@type":"ImageObject","inLanguage":"en-GB","@id":"https:\/\/andpro.net\/product\/reis-promaster-podlozene-zascitne-hlace-pro-win-b\/#primaryimage","url":"https:\/\/andpro.net\/wp-content\/uploads\/2024\/01\/0048779744.jpg","contentUrl":"https:\/\/andpro.net\/wp-content\/uploads\/2024\/01\/0048779744.jpg","width":322,"height":1024},{"@type":"BreadcrumbList","@id":"https:\/\/andpro.net\/product\/reis-promaster-podlozene-zascitne-hlace-pro-win-b\/#breadcrumb","itemListElement":[{"@type":"ListItem","position":1,"name":"Home","item":"https:\/\/andpro.net\/"},{"@type":"ListItem","position":2,"name":"Shop","item":"https:\/\/andpro.net\/en\/shop\/"},{"@type":"ListItem","position":3,"name":"REIS PROMASTER PODLO\u017dENE ZA\u0160\u010cITNE HLA\u010cE PRO-WIN-B"}]},{"@type":"WebSite","@id":"https:\/\/andpro.net\/de\/#website","url":"https:\/\/andpro.net\/de\/","name":"AndPro","description":"The best decision","publisher":{"@id":"https:\/\/andpro.net\/de\/#organization"},"potentialAction":[{"@type":"SearchAction","target":{"@type":"EntryPoint","urlTemplate":"https:\/\/andpro.net\/de\/?s={search_term_string}"},"query-input":{"@type":"PropertyValueSpecification","valueRequired":true,"valueName":"search_term_string"}}],"inLanguage":"en-GB"},{"@type":"Organization","@id":"https:\/\/andpro.net\/de\/#organization","name":"AndPro","url":"https:\/\/andpro.net\/de\/","logo":{"@type":"ImageObject","inLanguage":"en-GB","@id":"https:\/\/andpro.net\/de\/#\/schema\/logo\/image\/","url":"https:\/\/andpro.net\/wp-content\/uploads\/2023\/11\/logo_fix.png","contentUrl":"https:\/\/andpro.net\/wp-content\/uploads\/2023\/11\/logo_fix.png","width":1244,"height":637,"caption":"AndPro"},"image":{"@id":"https:\/\/andpro.net\/de\/#\/schema\/logo\/image\/"}}]}},"_links":{"self":[{"href":"https:\/\/andpro.net\/en\/wp-json\/wp\/v2\/product\/6515","targetHints":{"allow":["GET"]}}],"collection":[{"href":"https:\/\/andpro.net\/en\/wp-json\/wp\/v2\/product"}],"about":[{"href":"https:\/\/andpro.net\/en\/wp-json\/wp\/v2\/types\/product"}],"wp:featuredmedia":[{"embeddable":true,"href":"https:\/\/andpro.net\/en\/wp-json\/wp\/v2\/media\/6521"}],"wp:attachment":[{"href":"https:\/\/andpro.net\/en\/wp-json\/wp\/v2\/media?parent=6515"}],"wp:term":[{"taxonomy":"product_brand","embeddable":true,"href":"https:\/\/andpro.net\/en\/wp-json\/wp\/v2\/product_brand?post=6515"},{"taxonomy":"product_cat","embeddable":true,"href":"https:\/\/andpro.net\/en\/wp-json\/wp\/v2\/product_cat?post=6515"},{"taxonomy":"product_tag","embeddable":true,"href":"https:\/\/andpro.net\/en\/wp-json\/wp\/v2\/product_tag?post=6515"}],"curies":[{"name":"wp","href":"https:\/\/api.w.org\/{rel}","templated":true}]}}