{"id":6553,"date":"2024-01-11T21:09:07","date_gmt":"2024-01-11T20:09:07","guid":{"rendered":"https:\/\/andpro.net\/?post_type=product&#038;p=6553"},"modified":"2025-07-20T12:02:39","modified_gmt":"2025-07-20T11:02:39","slug":"l-hollman-podlozen-softshell-lh-storm","status":"publish","type":"product","link":"https:\/\/andpro.net\/en\/product\/l-hollman-podlozen-softshell-lh-storm\/","title":{"rendered":"L.HOLLMAN PADDED SOFTSHELL LH-STORM"},"content":{"rendered":"<p>Padded protective SOFTSHELL jacket, men's.<\/p>\n<p>&nbsp;<\/p>\n<p>Main material: three-layer gray softshell fabric 94% polyester, 6% elastane, TPU membrane, 100% polyester fleece weight 310g\/m\u00b2<\/p>\n<p>Black inserts made of three-layer softshell fabric: 96% polyester, 4% elastane, TPU membrane, 100% polyester fleece with a weight of 310 g\/m\u00b2<\/p>\n<p>\u2013 lining 100% polyester, grammage 94 g\/m2<\/p>\n<p>Lining 100% polyester taffeta 190T, weight 49 g\/m\u00b2<\/p>\n<p>SOFTSHELL material - protects against rain and wind and at the same time allows the skin to \"breathe\".<\/p>\n<p>fastens with a zipper with an additional Velcro and a button in the upper part<\/p>\n<p>detachable hood<\/p>\n<p>two lower zipped pockets and two chest pockets, one with a buckle and the other with a zip with additional compartments and pockets<\/p>\n<p>Sleeves with velcro<\/p>\n<p>reflective elements<\/p>\n<p>Careful construction and increased durability ensure high ease of use<\/p>","protected":false},"excerpt":{"rendered":"<p>Podlo\u017eena za\u0161\u010ditna SOFTSHELL jakna, mo\u0161ka. &nbsp; Glavni material: troslojna siva softshell tkanina 94% poliester, 6% elastan, TPU membrana, 100% poliestrski flis te\u017ee 310g\/m\u00b2 \u010drni vstavki iz troslojne softshell tkanine: 96% poliester, 4% elastan, TPU membrana, 100% poliestrski flis z te\u017eo 310 g\/m\u00b2 Podloga 100% poliester, gramatura 94 g\/m\u00b2 Podloga 100% poliester taft 190T, te\u017ea 49 [&hellip;]<\/p>","protected":false},"featured_media":6559,"template":"","meta":[],"product_brand":[],"product_cat":[21,44],"product_tag":[],"class_list":{"0":"post-6553","1":"product","2":"type-product","3":"status-publish","4":"has-post-thumbnail","6":"product_cat-oblacila","7":"product_cat-jakne","9":"first","10":"instock","11":"taxable","12":"shipping-taxable","13":"purchasable","14":"product-type-variable"},"bundled_by":[],"bundle_stock_status":"instock","bundle_stock_quantity":1,"bundle_virtual":false,"bundle_layout":"","bundle_add_to_cart_form_location":"","bundle_editable_in_cart":false,"bundle_sold_individually_context":"","bundle_item_grouping":"","bundle_min_size":"","bundle_max_size":"","bundle_price":[],"bundled_items":[],"bundle_sell_ids":[],"group_of_quantity":0,"min_quantity":0,"max_quantity":"","exclude_order_quantity_value_rules":"no","exclude_category_quantity_rules":"no","combine_variations":"no","yoast_head":"<!-- This site is optimized with the Yoast SEO Premium plugin v23.9 (Yoast SEO v27.4) - https:\/\/yoast.com\/product\/yoast-seo-premium-wordpress\/ -->\n<title>L.HOLLMAN PODLO\u017dEN SOFTSHELL LH-STORM - AndPro<\/title>\n<meta name=\"robots\" content=\"index, follow, max-snippet:-1, max-image-preview:large, max-video-preview:-1\" \/>\n<link rel=\"canonical\" href=\"https:\/\/andpro.net\/en\/product\/l-hollman-podlozen-softshell-lh-storm\/\" \/>\n<meta property=\"og:locale\" content=\"en_GB\" \/>\n<meta property=\"og:type\" content=\"article\" \/>\n<meta property=\"og:title\" content=\"L.HOLLMAN PODLO\u017dEN SOFTSHELL LH-STORM\" \/>\n<meta property=\"og:description\" content=\"Podlo\u017eena za\u0161\u010ditna SOFTSHELL jakna, mo\u0161ka. &nbsp; Glavni material: troslojna siva softshell tkanina 94% poliester, 6% elastan, TPU membrana, 100% poliestrski flis te\u017ee 310g\/m\u00b2 \u010drni vstavki iz troslojne softshell tkanine: 96% poliester, 4% elastan, TPU membrana, 100% poliestrski flis z te\u017eo 310 g\/m\u00b2 Podloga 100% poliester, gramatura 94 g\/m\u00b2 Podloga 100% poliester taft 190T, te\u017ea 49 [&hellip;]\" \/>\n<meta property=\"og:url\" content=\"https:\/\/andpro.net\/en\/product\/l-hollman-podlozen-softshell-lh-storm\/\" \/>\n<meta property=\"og:site_name\" content=\"AndPro\" \/>\n<meta property=\"article:modified_time\" content=\"2025-07-20T11:02:39+00:00\" \/>\n<meta property=\"og:image\" content=\"https:\/\/andpro.net\/wp-content\/uploads\/2024\/01\/0047946272.jpg\" \/>\n\t<meta property=\"og:image:width\" content=\"712\" \/>\n\t<meta property=\"og:image:height\" content=\"1024\" \/>\n\t<meta property=\"og:image:type\" content=\"image\/jpeg\" \/>\n<meta name=\"twitter:card\" content=\"summary_large_image\" \/>\n<meta name=\"twitter:label1\" content=\"Estimated reading time\" \/>\n\t<meta name=\"twitter:data1\" content=\"1 minute\" \/>\n<script type=\"application\/ld+json\" class=\"yoast-schema-graph\">{\"@context\":\"https:\\\/\\\/schema.org\",\"@graph\":[{\"@type\":\"WebPage\",\"@id\":\"https:\\\/\\\/andpro.net\\\/product\\\/l-hollman-podlozen-softshell-lh-storm\\\/\",\"url\":\"https:\\\/\\\/andpro.net\\\/product\\\/l-hollman-podlozen-softshell-lh-storm\\\/\",\"name\":\"L.HOLLMAN PODLO\u017dEN SOFTSHELL LH-STORM - AndPro\",\"isPartOf\":{\"@id\":\"https:\\\/\\\/andpro.net\\\/de\\\/#website\"},\"primaryImageOfPage\":{\"@id\":\"https:\\\/\\\/andpro.net\\\/product\\\/l-hollman-podlozen-softshell-lh-storm\\\/#primaryimage\"},\"image\":{\"@id\":\"https:\\\/\\\/andpro.net\\\/product\\\/l-hollman-podlozen-softshell-lh-storm\\\/#primaryimage\"},\"thumbnailUrl\":\"https:\\\/\\\/andpro.net\\\/wp-content\\\/uploads\\\/2024\\\/01\\\/0047946272.jpg\",\"datePublished\":\"2024-01-11T20:09:07+00:00\",\"dateModified\":\"2025-07-20T11:02:39+00:00\",\"breadcrumb\":{\"@id\":\"https:\\\/\\\/andpro.net\\\/product\\\/l-hollman-podlozen-softshell-lh-storm\\\/#breadcrumb\"},\"inLanguage\":\"en-GB\",\"potentialAction\":[{\"@type\":\"ReadAction\",\"target\":[\"https:\\\/\\\/andpro.net\\\/product\\\/l-hollman-podlozen-softshell-lh-storm\\\/\"]}]},{\"@type\":\"ImageObject\",\"inLanguage\":\"en-GB\",\"@id\":\"https:\\\/\\\/andpro.net\\\/product\\\/l-hollman-podlozen-softshell-lh-storm\\\/#primaryimage\",\"url\":\"https:\\\/\\\/andpro.net\\\/wp-content\\\/uploads\\\/2024\\\/01\\\/0047946272.jpg\",\"contentUrl\":\"https:\\\/\\\/andpro.net\\\/wp-content\\\/uploads\\\/2024\\\/01\\\/0047946272.jpg\",\"width\":712,\"height\":1024},{\"@type\":\"BreadcrumbList\",\"@id\":\"https:\\\/\\\/andpro.net\\\/product\\\/l-hollman-podlozen-softshell-lh-storm\\\/#breadcrumb\",\"itemListElement\":[{\"@type\":\"ListItem\",\"position\":1,\"name\":\"Home\",\"item\":\"https:\\\/\\\/andpro.net\\\/\"},{\"@type\":\"ListItem\",\"position\":2,\"name\":\"Shop\",\"item\":\"https:\\\/\\\/andpro.net\\\/en\\\/shop\\\/\"},{\"@type\":\"ListItem\",\"position\":3,\"name\":\"L.HOLLMAN PODLO\u017dEN SOFTSHELL LH-STORM\"}]},{\"@type\":\"WebSite\",\"@id\":\"https:\\\/\\\/andpro.net\\\/de\\\/#website\",\"url\":\"https:\\\/\\\/andpro.net\\\/de\\\/\",\"name\":\"AndPro\",\"description\":\"The best decision\",\"publisher\":{\"@id\":\"https:\\\/\\\/andpro.net\\\/de\\\/#organization\"},\"potentialAction\":[{\"@type\":\"SearchAction\",\"target\":{\"@type\":\"EntryPoint\",\"urlTemplate\":\"https:\\\/\\\/andpro.net\\\/de\\\/?s={search_term_string}\"},\"query-input\":{\"@type\":\"PropertyValueSpecification\",\"valueRequired\":true,\"valueName\":\"search_term_string\"}}],\"inLanguage\":\"en-GB\"},{\"@type\":\"Organization\",\"@id\":\"https:\\\/\\\/andpro.net\\\/de\\\/#organization\",\"name\":\"AndPro\",\"url\":\"https:\\\/\\\/andpro.net\\\/de\\\/\",\"logo\":{\"@type\":\"ImageObject\",\"inLanguage\":\"en-GB\",\"@id\":\"https:\\\/\\\/andpro.net\\\/de\\\/#\\\/schema\\\/logo\\\/image\\\/\",\"url\":\"https:\\\/\\\/andpro.net\\\/wp-content\\\/uploads\\\/2023\\\/11\\\/logo_fix.png\",\"contentUrl\":\"https:\\\/\\\/andpro.net\\\/wp-content\\\/uploads\\\/2023\\\/11\\\/logo_fix.png\",\"width\":1244,\"height\":637,\"caption\":\"AndPro\"},\"image\":{\"@id\":\"https:\\\/\\\/andpro.net\\\/de\\\/#\\\/schema\\\/logo\\\/image\\\/\"}}]}<\/script>\n<!-- \/ Yoast SEO Premium plugin. -->","yoast_head_json":{"title":"L.HOLLMAN PODLO\u017dEN SOFTSHELL LH-STORM - AndPro","robots":{"index":"index","follow":"follow","max-snippet":"max-snippet:-1","max-image-preview":"max-image-preview:large","max-video-preview":"max-video-preview:-1"},"canonical":"https:\/\/andpro.net\/en\/product\/l-hollman-podlozen-softshell-lh-storm\/","og_locale":"en_GB","og_type":"article","og_title":"L.HOLLMAN PODLO\u017dEN SOFTSHELL LH-STORM","og_description":"Podlo\u017eena za\u0161\u010ditna SOFTSHELL jakna, mo\u0161ka. &nbsp; Glavni material: troslojna siva softshell tkanina 94% poliester, 6% elastan, TPU membrana, 100% poliestrski flis te\u017ee 310g\/m\u00b2 \u010drni vstavki iz troslojne softshell tkanine: 96% poliester, 4% elastan, TPU membrana, 100% poliestrski flis z te\u017eo 310 g\/m\u00b2 Podloga 100% poliester, gramatura 94 g\/m\u00b2 Podloga 100% poliester taft 190T, te\u017ea 49 [&hellip;]","og_url":"https:\/\/andpro.net\/en\/product\/l-hollman-podlozen-softshell-lh-storm\/","og_site_name":"AndPro","article_modified_time":"2025-07-20T11:02:39+00:00","og_image":[{"width":712,"height":1024,"url":"https:\/\/andpro.net\/wp-content\/uploads\/2024\/01\/0047946272.jpg","type":"image\/jpeg"}],"twitter_card":"summary_large_image","twitter_misc":{"Estimated reading time":"1 minute"},"schema":{"@context":"https:\/\/schema.org","@graph":[{"@type":"WebPage","@id":"https:\/\/andpro.net\/product\/l-hollman-podlozen-softshell-lh-storm\/","url":"https:\/\/andpro.net\/product\/l-hollman-podlozen-softshell-lh-storm\/","name":"L.HOLLMAN PODLO\u017dEN SOFTSHELL LH-STORM - AndPro","isPartOf":{"@id":"https:\/\/andpro.net\/de\/#website"},"primaryImageOfPage":{"@id":"https:\/\/andpro.net\/product\/l-hollman-podlozen-softshell-lh-storm\/#primaryimage"},"image":{"@id":"https:\/\/andpro.net\/product\/l-hollman-podlozen-softshell-lh-storm\/#primaryimage"},"thumbnailUrl":"https:\/\/andpro.net\/wp-content\/uploads\/2024\/01\/0047946272.jpg","datePublished":"2024-01-11T20:09:07+00:00","dateModified":"2025-07-20T11:02:39+00:00","breadcrumb":{"@id":"https:\/\/andpro.net\/product\/l-hollman-podlozen-softshell-lh-storm\/#breadcrumb"},"inLanguage":"en-GB","potentialAction":[{"@type":"ReadAction","target":["https:\/\/andpro.net\/product\/l-hollman-podlozen-softshell-lh-storm\/"]}]},{"@type":"ImageObject","inLanguage":"en-GB","@id":"https:\/\/andpro.net\/product\/l-hollman-podlozen-softshell-lh-storm\/#primaryimage","url":"https:\/\/andpro.net\/wp-content\/uploads\/2024\/01\/0047946272.jpg","contentUrl":"https:\/\/andpro.net\/wp-content\/uploads\/2024\/01\/0047946272.jpg","width":712,"height":1024},{"@type":"BreadcrumbList","@id":"https:\/\/andpro.net\/product\/l-hollman-podlozen-softshell-lh-storm\/#breadcrumb","itemListElement":[{"@type":"ListItem","position":1,"name":"Home","item":"https:\/\/andpro.net\/"},{"@type":"ListItem","position":2,"name":"Shop","item":"https:\/\/andpro.net\/en\/shop\/"},{"@type":"ListItem","position":3,"name":"L.HOLLMAN PODLO\u017dEN SOFTSHELL LH-STORM"}]},{"@type":"WebSite","@id":"https:\/\/andpro.net\/de\/#website","url":"https:\/\/andpro.net\/de\/","name":"AndPro","description":"The best decision","publisher":{"@id":"https:\/\/andpro.net\/de\/#organization"},"potentialAction":[{"@type":"SearchAction","target":{"@type":"EntryPoint","urlTemplate":"https:\/\/andpro.net\/de\/?s={search_term_string}"},"query-input":{"@type":"PropertyValueSpecification","valueRequired":true,"valueName":"search_term_string"}}],"inLanguage":"en-GB"},{"@type":"Organization","@id":"https:\/\/andpro.net\/de\/#organization","name":"AndPro","url":"https:\/\/andpro.net\/de\/","logo":{"@type":"ImageObject","inLanguage":"en-GB","@id":"https:\/\/andpro.net\/de\/#\/schema\/logo\/image\/","url":"https:\/\/andpro.net\/wp-content\/uploads\/2023\/11\/logo_fix.png","contentUrl":"https:\/\/andpro.net\/wp-content\/uploads\/2023\/11\/logo_fix.png","width":1244,"height":637,"caption":"AndPro"},"image":{"@id":"https:\/\/andpro.net\/de\/#\/schema\/logo\/image\/"}}]}},"_links":{"self":[{"href":"https:\/\/andpro.net\/en\/wp-json\/wp\/v2\/product\/6553","targetHints":{"allow":["GET"]}}],"collection":[{"href":"https:\/\/andpro.net\/en\/wp-json\/wp\/v2\/product"}],"about":[{"href":"https:\/\/andpro.net\/en\/wp-json\/wp\/v2\/types\/product"}],"wp:featuredmedia":[{"embeddable":true,"href":"https:\/\/andpro.net\/en\/wp-json\/wp\/v2\/media\/6559"}],"wp:attachment":[{"href":"https:\/\/andpro.net\/en\/wp-json\/wp\/v2\/media?parent=6553"}],"wp:term":[{"taxonomy":"product_brand","embeddable":true,"href":"https:\/\/andpro.net\/en\/wp-json\/wp\/v2\/product_brand?post=6553"},{"taxonomy":"product_cat","embeddable":true,"href":"https:\/\/andpro.net\/en\/wp-json\/wp\/v2\/product_cat?post=6553"},{"taxonomy":"product_tag","embeddable":true,"href":"https:\/\/andpro.net\/en\/wp-json\/wp\/v2\/product_tag?post=6553"}],"curies":[{"name":"wp","href":"https:\/\/api.w.org\/{rel}","templated":true}]}}