{"id":7435,"date":"2024-02-05T09:08:57","date_gmt":"2024-02-05T08:08:57","guid":{"rendered":"https:\/\/andpro.net\/?post_type=product&#038;p=7435"},"modified":"2025-07-20T11:52:11","modified_gmt":"2025-07-20T10:52:11","slug":"reis-antistaticne-negorljive-zascitne-hlace-buckler-t","status":"publish","type":"product","link":"https:\/\/andpro.net\/en\/product\/reis-antistaticne-negorljive-zascitne-hlace-buckler-t\/","title":{"rendered":"REIS ANTISTATIC \u2013 NON-FLAMMABLE PROTECTIVE PANTS BUCKLER-T"},"content":{"rendered":"<p>Antistatic, non-flammable welding trousers that protect against the thermal effects of arcs and liquid chemicals.<\/p>\n<p>&nbsp;<\/p>\n<p>80% cotton, 19% polyester, 1% carbon fiber<\/p>\n<p>Grammage 300 g\/m2<\/p>\n<p>hip-length pants with button fastening<\/p>\n<p>two side pockets and an additional pocket on the right leg<\/p>\n<p>waist with elastic at the back to adjust the girth<\/p>\n<p>is intended to protect the user in places where there is a risk of ignition in case of short-term contact with fire<\/p>\n<p>also protects against the effects of convection heat, thermal radiation, contact heat, molten iron spatter and the thermal effect of an electric arc<\/p>\n<p>intended for work in an environment where the ability to dissipate an electrostatic charge is required to prevent discharges that may cause ignition and to prevent possible exposure to finely dispersed liquids or low-pressure, low-volume sprays (type PB clothing [6])<\/p>\n<p>&nbsp;<\/p>\n<p><strong>EN 1149-5<\/strong><\/p>\n<p><strong>EN 13034 (TYP PB [6])<\/strong><\/p>\n<p><strong>EN 61482-2 (APC=1)<\/strong><\/p>\n<p><strong>EN ISO 11611 (CLASS 1, A1+A2)<\/strong><\/p>\n<p><strong>EN ISO 11612 (A1+A2, B1, C1, E3, F1)<\/strong><\/p>\n<p><strong><br \/>\nEN ISO 13688<\/strong><\/p>","protected":false},"excerpt":{"rendered":"<p>Antistati\u010dne delavske, negorljive varilne hla\u010de, ki \u0161\u010ditijo pred toplotnimi u\u010dinki oblokov in teko\u010dih kemikalij. &nbsp; 80% bomba\u017e, 19% poliester, 1% ogljikova vlakna Gramatura 300 g\/m\u00b2 hla\u010de do bokov z zapenjanjem na gumb dva stranska \u017eepa in dodaten \u017eep na desni nogi pas z elastiko zadaj za prilagajanje obsega je namenjen za\u0161\u010diti uporabnika na mestih, kjer [&hellip;]<\/p>","protected":false},"featured_media":7444,"template":"","meta":[],"product_brand":[],"product_cat":[21,41],"product_tag":[],"class_list":{"0":"post-7435","1":"product","2":"type-product","3":"status-publish","4":"has-post-thumbnail","6":"product_cat-oblacila","7":"product_cat-hlace","9":"first","10":"onbackorder","11":"taxable","12":"shipping-taxable","13":"purchasable","14":"product-type-variable"},"bundled_by":[],"bundle_stock_status":"onbackorder","bundle_stock_quantity":null,"bundle_virtual":false,"bundle_layout":"","bundle_add_to_cart_form_location":"","bundle_editable_in_cart":false,"bundle_sold_individually_context":"","bundle_item_grouping":"","bundle_min_size":"","bundle_max_size":"","bundle_price":[],"bundled_items":[],"bundle_sell_ids":[],"group_of_quantity":0,"min_quantity":0,"max_quantity":"","exclude_order_quantity_value_rules":"no","exclude_category_quantity_rules":"no","combine_variations":"no","yoast_head":"<!-- This site is optimized with the Yoast SEO Premium plugin v23.9 (Yoast SEO v27.4) - https:\/\/yoast.com\/product\/yoast-seo-premium-wordpress\/ -->\n<title>REIS ANTISTATI\u010cNE - NEGORLJIVE ZA\u0160\u010cITNE HLA\u010cE BUCKLER-T - AndPro<\/title>\n<meta name=\"robots\" content=\"index, follow, max-snippet:-1, max-image-preview:large, max-video-preview:-1\" \/>\n<link rel=\"canonical\" href=\"https:\/\/andpro.net\/en\/product\/reis-antistaticne-negorljive-zascitne-hlace-buckler-t\/\" \/>\n<meta property=\"og:locale\" content=\"en_GB\" \/>\n<meta property=\"og:type\" content=\"article\" \/>\n<meta property=\"og:title\" content=\"REIS ANTISTATI\u010cNE - NEGORLJIVE ZA\u0160\u010cITNE HLA\u010cE BUCKLER-T\" \/>\n<meta property=\"og:description\" content=\"Antistati\u010dne delavske, negorljive varilne hla\u010de, ki \u0161\u010ditijo pred toplotnimi u\u010dinki oblokov in teko\u010dih kemikalij. &nbsp; 80% bomba\u017e, 19% poliester, 1% ogljikova vlakna Gramatura 300 g\/m\u00b2 hla\u010de do bokov z zapenjanjem na gumb dva stranska \u017eepa in dodaten \u017eep na desni nogi pas z elastiko zadaj za prilagajanje obsega je namenjen za\u0161\u010diti uporabnika na mestih, kjer [&hellip;]\" \/>\n<meta property=\"og:url\" content=\"https:\/\/andpro.net\/en\/product\/reis-antistaticne-negorljive-zascitne-hlace-buckler-t\/\" \/>\n<meta property=\"og:site_name\" content=\"AndPro\" \/>\n<meta property=\"article:modified_time\" content=\"2025-07-20T10:52:11+00:00\" \/>\n<meta property=\"og:image\" content=\"https:\/\/andpro.net\/wp-content\/uploads\/2024\/02\/0046094400.jpg\" \/>\n\t<meta property=\"og:image:width\" content=\"546\" \/>\n\t<meta property=\"og:image:height\" content=\"1024\" \/>\n\t<meta property=\"og:image:type\" content=\"image\/jpeg\" \/>\n<meta name=\"twitter:card\" content=\"summary_large_image\" \/>\n<meta name=\"twitter:label1\" content=\"Estimated reading time\" \/>\n\t<meta name=\"twitter:data1\" content=\"1 minute\" \/>\n<script type=\"application\/ld+json\" class=\"yoast-schema-graph\">{\"@context\":\"https:\\\/\\\/schema.org\",\"@graph\":[{\"@type\":\"WebPage\",\"@id\":\"https:\\\/\\\/andpro.net\\\/product\\\/reis-antistaticne-negorljive-zascitne-hlace-buckler-t\\\/\",\"url\":\"https:\\\/\\\/andpro.net\\\/product\\\/reis-antistaticne-negorljive-zascitne-hlace-buckler-t\\\/\",\"name\":\"REIS ANTISTATI\u010cNE - NEGORLJIVE ZA\u0160\u010cITNE HLA\u010cE BUCKLER-T - AndPro\",\"isPartOf\":{\"@id\":\"https:\\\/\\\/andpro.net\\\/de\\\/#website\"},\"primaryImageOfPage\":{\"@id\":\"https:\\\/\\\/andpro.net\\\/product\\\/reis-antistaticne-negorljive-zascitne-hlace-buckler-t\\\/#primaryimage\"},\"image\":{\"@id\":\"https:\\\/\\\/andpro.net\\\/product\\\/reis-antistaticne-negorljive-zascitne-hlace-buckler-t\\\/#primaryimage\"},\"thumbnailUrl\":\"https:\\\/\\\/andpro.net\\\/wp-content\\\/uploads\\\/2024\\\/02\\\/0046094400.jpg\",\"datePublished\":\"2024-02-05T08:08:57+00:00\",\"dateModified\":\"2025-07-20T10:52:11+00:00\",\"breadcrumb\":{\"@id\":\"https:\\\/\\\/andpro.net\\\/product\\\/reis-antistaticne-negorljive-zascitne-hlace-buckler-t\\\/#breadcrumb\"},\"inLanguage\":\"en-GB\",\"potentialAction\":[{\"@type\":\"ReadAction\",\"target\":[\"https:\\\/\\\/andpro.net\\\/product\\\/reis-antistaticne-negorljive-zascitne-hlace-buckler-t\\\/\"]}]},{\"@type\":\"ImageObject\",\"inLanguage\":\"en-GB\",\"@id\":\"https:\\\/\\\/andpro.net\\\/product\\\/reis-antistaticne-negorljive-zascitne-hlace-buckler-t\\\/#primaryimage\",\"url\":\"https:\\\/\\\/andpro.net\\\/wp-content\\\/uploads\\\/2024\\\/02\\\/0046094400.jpg\",\"contentUrl\":\"https:\\\/\\\/andpro.net\\\/wp-content\\\/uploads\\\/2024\\\/02\\\/0046094400.jpg\",\"width\":546,\"height\":1024},{\"@type\":\"BreadcrumbList\",\"@id\":\"https:\\\/\\\/andpro.net\\\/product\\\/reis-antistaticne-negorljive-zascitne-hlace-buckler-t\\\/#breadcrumb\",\"itemListElement\":[{\"@type\":\"ListItem\",\"position\":1,\"name\":\"Home\",\"item\":\"https:\\\/\\\/andpro.net\\\/\"},{\"@type\":\"ListItem\",\"position\":2,\"name\":\"Shop\",\"item\":\"https:\\\/\\\/andpro.net\\\/en\\\/shop\\\/\"},{\"@type\":\"ListItem\",\"position\":3,\"name\":\"REIS ANTISTATI\u010cNE &#8211; NEGORLJIVE ZA\u0160\u010cITNE HLA\u010cE BUCKLER-T\"}]},{\"@type\":\"WebSite\",\"@id\":\"https:\\\/\\\/andpro.net\\\/de\\\/#website\",\"url\":\"https:\\\/\\\/andpro.net\\\/de\\\/\",\"name\":\"AndPro\",\"description\":\"The best decision\",\"publisher\":{\"@id\":\"https:\\\/\\\/andpro.net\\\/de\\\/#organization\"},\"potentialAction\":[{\"@type\":\"SearchAction\",\"target\":{\"@type\":\"EntryPoint\",\"urlTemplate\":\"https:\\\/\\\/andpro.net\\\/de\\\/?s={search_term_string}\"},\"query-input\":{\"@type\":\"PropertyValueSpecification\",\"valueRequired\":true,\"valueName\":\"search_term_string\"}}],\"inLanguage\":\"en-GB\"},{\"@type\":\"Organization\",\"@id\":\"https:\\\/\\\/andpro.net\\\/de\\\/#organization\",\"name\":\"AndPro\",\"url\":\"https:\\\/\\\/andpro.net\\\/de\\\/\",\"logo\":{\"@type\":\"ImageObject\",\"inLanguage\":\"en-GB\",\"@id\":\"https:\\\/\\\/andpro.net\\\/de\\\/#\\\/schema\\\/logo\\\/image\\\/\",\"url\":\"https:\\\/\\\/andpro.net\\\/wp-content\\\/uploads\\\/2023\\\/11\\\/logo_fix.png\",\"contentUrl\":\"https:\\\/\\\/andpro.net\\\/wp-content\\\/uploads\\\/2023\\\/11\\\/logo_fix.png\",\"width\":1244,\"height\":637,\"caption\":\"AndPro\"},\"image\":{\"@id\":\"https:\\\/\\\/andpro.net\\\/de\\\/#\\\/schema\\\/logo\\\/image\\\/\"}}]}<\/script>\n<!-- \/ Yoast SEO Premium plugin. -->","yoast_head_json":{"title":"REIS ANTISTATI\u010cNE - NEGORLJIVE ZA\u0160\u010cITNE HLA\u010cE BUCKLER-T - AndPro","robots":{"index":"index","follow":"follow","max-snippet":"max-snippet:-1","max-image-preview":"max-image-preview:large","max-video-preview":"max-video-preview:-1"},"canonical":"https:\/\/andpro.net\/en\/product\/reis-antistaticne-negorljive-zascitne-hlace-buckler-t\/","og_locale":"en_GB","og_type":"article","og_title":"REIS ANTISTATI\u010cNE - NEGORLJIVE ZA\u0160\u010cITNE HLA\u010cE BUCKLER-T","og_description":"Antistati\u010dne delavske, negorljive varilne hla\u010de, ki \u0161\u010ditijo pred toplotnimi u\u010dinki oblokov in teko\u010dih kemikalij. &nbsp; 80% bomba\u017e, 19% poliester, 1% ogljikova vlakna Gramatura 300 g\/m\u00b2 hla\u010de do bokov z zapenjanjem na gumb dva stranska \u017eepa in dodaten \u017eep na desni nogi pas z elastiko zadaj za prilagajanje obsega je namenjen za\u0161\u010diti uporabnika na mestih, kjer [&hellip;]","og_url":"https:\/\/andpro.net\/en\/product\/reis-antistaticne-negorljive-zascitne-hlace-buckler-t\/","og_site_name":"AndPro","article_modified_time":"2025-07-20T10:52:11+00:00","og_image":[{"width":546,"height":1024,"url":"https:\/\/andpro.net\/wp-content\/uploads\/2024\/02\/0046094400.jpg","type":"image\/jpeg"}],"twitter_card":"summary_large_image","twitter_misc":{"Estimated reading time":"1 minute"},"schema":{"@context":"https:\/\/schema.org","@graph":[{"@type":"WebPage","@id":"https:\/\/andpro.net\/product\/reis-antistaticne-negorljive-zascitne-hlace-buckler-t\/","url":"https:\/\/andpro.net\/product\/reis-antistaticne-negorljive-zascitne-hlace-buckler-t\/","name":"REIS ANTISTATI\u010cNE - NEGORLJIVE ZA\u0160\u010cITNE HLA\u010cE BUCKLER-T - AndPro","isPartOf":{"@id":"https:\/\/andpro.net\/de\/#website"},"primaryImageOfPage":{"@id":"https:\/\/andpro.net\/product\/reis-antistaticne-negorljive-zascitne-hlace-buckler-t\/#primaryimage"},"image":{"@id":"https:\/\/andpro.net\/product\/reis-antistaticne-negorljive-zascitne-hlace-buckler-t\/#primaryimage"},"thumbnailUrl":"https:\/\/andpro.net\/wp-content\/uploads\/2024\/02\/0046094400.jpg","datePublished":"2024-02-05T08:08:57+00:00","dateModified":"2025-07-20T10:52:11+00:00","breadcrumb":{"@id":"https:\/\/andpro.net\/product\/reis-antistaticne-negorljive-zascitne-hlace-buckler-t\/#breadcrumb"},"inLanguage":"en-GB","potentialAction":[{"@type":"ReadAction","target":["https:\/\/andpro.net\/product\/reis-antistaticne-negorljive-zascitne-hlace-buckler-t\/"]}]},{"@type":"ImageObject","inLanguage":"en-GB","@id":"https:\/\/andpro.net\/product\/reis-antistaticne-negorljive-zascitne-hlace-buckler-t\/#primaryimage","url":"https:\/\/andpro.net\/wp-content\/uploads\/2024\/02\/0046094400.jpg","contentUrl":"https:\/\/andpro.net\/wp-content\/uploads\/2024\/02\/0046094400.jpg","width":546,"height":1024},{"@type":"BreadcrumbList","@id":"https:\/\/andpro.net\/product\/reis-antistaticne-negorljive-zascitne-hlace-buckler-t\/#breadcrumb","itemListElement":[{"@type":"ListItem","position":1,"name":"Home","item":"https:\/\/andpro.net\/"},{"@type":"ListItem","position":2,"name":"Shop","item":"https:\/\/andpro.net\/en\/shop\/"},{"@type":"ListItem","position":3,"name":"REIS ANTISTATI\u010cNE &#8211; NEGORLJIVE ZA\u0160\u010cITNE HLA\u010cE BUCKLER-T"}]},{"@type":"WebSite","@id":"https:\/\/andpro.net\/de\/#website","url":"https:\/\/andpro.net\/de\/","name":"AndPro","description":"The best decision","publisher":{"@id":"https:\/\/andpro.net\/de\/#organization"},"potentialAction":[{"@type":"SearchAction","target":{"@type":"EntryPoint","urlTemplate":"https:\/\/andpro.net\/de\/?s={search_term_string}"},"query-input":{"@type":"PropertyValueSpecification","valueRequired":true,"valueName":"search_term_string"}}],"inLanguage":"en-GB"},{"@type":"Organization","@id":"https:\/\/andpro.net\/de\/#organization","name":"AndPro","url":"https:\/\/andpro.net\/de\/","logo":{"@type":"ImageObject","inLanguage":"en-GB","@id":"https:\/\/andpro.net\/de\/#\/schema\/logo\/image\/","url":"https:\/\/andpro.net\/wp-content\/uploads\/2023\/11\/logo_fix.png","contentUrl":"https:\/\/andpro.net\/wp-content\/uploads\/2023\/11\/logo_fix.png","width":1244,"height":637,"caption":"AndPro"},"image":{"@id":"https:\/\/andpro.net\/de\/#\/schema\/logo\/image\/"}}]}},"_links":{"self":[{"href":"https:\/\/andpro.net\/en\/wp-json\/wp\/v2\/product\/7435","targetHints":{"allow":["GET"]}}],"collection":[{"href":"https:\/\/andpro.net\/en\/wp-json\/wp\/v2\/product"}],"about":[{"href":"https:\/\/andpro.net\/en\/wp-json\/wp\/v2\/types\/product"}],"wp:featuredmedia":[{"embeddable":true,"href":"https:\/\/andpro.net\/en\/wp-json\/wp\/v2\/media\/7444"}],"wp:attachment":[{"href":"https:\/\/andpro.net\/en\/wp-json\/wp\/v2\/media?parent=7435"}],"wp:term":[{"taxonomy":"product_brand","embeddable":true,"href":"https:\/\/andpro.net\/en\/wp-json\/wp\/v2\/product_brand?post=7435"},{"taxonomy":"product_cat","embeddable":true,"href":"https:\/\/andpro.net\/en\/wp-json\/wp\/v2\/product_cat?post=7435"},{"taxonomy":"product_tag","embeddable":true,"href":"https:\/\/andpro.net\/en\/wp-json\/wp\/v2\/product_tag?post=7435"}],"curies":[{"name":"wp","href":"https:\/\/api.w.org\/{rel}","templated":true}]}}