{"id":7445,"date":"2024-02-05T09:12:19","date_gmt":"2024-02-05T08:12:19","guid":{"rendered":"https:\/\/andpro.net\/?post_type=product&#038;p=7445"},"modified":"2025-07-20T11:51:55","modified_gmt":"2025-07-20T10:51:55","slug":"reis-antistaticna-negorljiva-zascitna-jakna-buckler-t","status":"publish","type":"product","link":"https:\/\/andpro.net\/en\/product\/reis-antistaticna-negorljiva-zascitna-jakna-buckler-t\/","title":{"rendered":"REIS ANTISTATIC \u2013 NON-FLAMMABLE PROTECTIVE JACKET BUCKLER-T"},"content":{"rendered":"<p>An anti-static, flame retardant jacket for welders that protects against the thermal effects of blocks and liquid chemicals.<\/p>\n<p>&nbsp;<\/p>\n<p>80% cotton, 19% polyester, 1% antistatic fibers<\/p>\n<p>Grammage 300 g\/m2<\/p>\n<p>Fastening with buckles, additionally covered with a pleat<\/p>\n<p>Inside pocket on the left side that closes with Velcro<\/p>\n<p>two lower pockets covered with a flap secured with velcro<\/p>\n<p>airy under the arms and on the back<\/p>\n<p>is intended to protect the user in places where there is a risk of ignition in case of short-term contact with fire<\/p>\n<p>also protects against the effects of convection heat, thermal radiation, contact heat, molten iron spatter and the thermal effect of an electric arc<\/p>\n<p>intended for work in an environment where the ability to dissipate an electrostatic charge is required to prevent discharges that may cause ignition and to prevent possible exposure to finely dispersed liquids or low-pressure, low-volume sprays (type PB clothing [6])<\/p>\n<p>&nbsp;<\/p>\n<p><strong>EN 1149-5<\/strong><\/p>\n<p><strong>EN 13034 (TYP PB [6])<\/strong><\/p>\n<p><strong>EN 61482-2 (APC=1)<\/strong><\/p>\n<p><strong>EN ISO 11611 (CLASS 1, A1+A2)<\/strong><\/p>\n<p><strong>EN ISO 11612 (A1+A2, B1, C1, E3, F1)<\/strong><\/p>\n<p><strong><br \/>\nEN ISO 13688<\/strong><\/p>","protected":false},"excerpt":{"rendered":"<p>Antistati\u010dna delavska, ognjevarna jakna za varilce, ki \u0161\u010diti pred toplotnimi u\u010dinki oblokov in teko\u010dih kemikalij. &nbsp; 80% bomba\u017e, 19% poliester, 1% antistati\u010dna vlakna Gramatura 300 g\/m\u00b2 Zapenjanje z zaponkami, dodatno prekrito z gubo Notranji \u017eep na levi strani, ki se zapenja z je\u017ekom dva spodnja \u017eepa, prekrita z zavihkom, pritrjenim z je\u017ekom zra\u010den pod pazduhami [&hellip;]<\/p>","protected":false},"featured_media":7451,"template":"","meta":[],"product_brand":[],"product_cat":[21,42,44],"product_tag":[],"class_list":{"0":"post-7445","1":"product","2":"type-product","3":"status-publish","4":"has-post-thumbnail","6":"product_cat-oblacila","7":"product_cat-flisijope-in-puloverji","8":"product_cat-jakne","10":"first","11":"onbackorder","12":"taxable","13":"shipping-taxable","14":"purchasable","15":"product-type-variable"},"bundled_by":[],"bundle_stock_status":"onbackorder","bundle_stock_quantity":null,"bundle_virtual":false,"bundle_layout":"","bundle_add_to_cart_form_location":"","bundle_editable_in_cart":false,"bundle_sold_individually_context":"","bundle_item_grouping":"","bundle_min_size":"","bundle_max_size":"","bundle_price":[],"bundled_items":[],"bundle_sell_ids":[],"group_of_quantity":0,"min_quantity":0,"max_quantity":"","exclude_order_quantity_value_rules":"no","exclude_category_quantity_rules":"no","combine_variations":"no","yoast_head":"<!-- This site is optimized with the Yoast SEO Premium plugin v23.9 (Yoast SEO v27.4) - https:\/\/yoast.com\/product\/yoast-seo-premium-wordpress\/ -->\n<title>REIS ANTISTATI\u010cNA - NEGORLJIVA ZA\u0160\u010cITNA JAKNA BUCKLER-T - AndPro<\/title>\n<meta name=\"robots\" content=\"index, follow, max-snippet:-1, max-image-preview:large, max-video-preview:-1\" \/>\n<link rel=\"canonical\" href=\"https:\/\/andpro.net\/en\/product\/reis-antistaticna-negorljiva-zascitna-jakna-buckler-t\/\" \/>\n<meta property=\"og:locale\" content=\"en_GB\" \/>\n<meta property=\"og:type\" content=\"article\" \/>\n<meta property=\"og:title\" content=\"REIS ANTISTATI\u010cNA - NEGORLJIVA ZA\u0160\u010cITNA JAKNA BUCKLER-T\" \/>\n<meta property=\"og:description\" content=\"Antistati\u010dna delavska, ognjevarna jakna za varilce, ki \u0161\u010diti pred toplotnimi u\u010dinki oblokov in teko\u010dih kemikalij. &nbsp; 80% bomba\u017e, 19% poliester, 1% antistati\u010dna vlakna Gramatura 300 g\/m\u00b2 Zapenjanje z zaponkami, dodatno prekrito z gubo Notranji \u017eep na levi strani, ki se zapenja z je\u017ekom dva spodnja \u017eepa, prekrita z zavihkom, pritrjenim z je\u017ekom zra\u010den pod pazduhami [&hellip;]\" \/>\n<meta property=\"og:url\" content=\"https:\/\/andpro.net\/en\/product\/reis-antistaticna-negorljiva-zascitna-jakna-buckler-t\/\" \/>\n<meta property=\"og:site_name\" content=\"AndPro\" \/>\n<meta property=\"article:modified_time\" content=\"2025-07-20T10:51:55+00:00\" \/>\n<meta property=\"og:image\" content=\"https:\/\/andpro.net\/wp-content\/uploads\/2024\/02\/0046091712.jpg\" \/>\n\t<meta property=\"og:image:width\" content=\"481\" \/>\n\t<meta property=\"og:image:height\" content=\"1024\" \/>\n\t<meta property=\"og:image:type\" content=\"image\/jpeg\" \/>\n<meta name=\"twitter:card\" content=\"summary_large_image\" \/>\n<meta name=\"twitter:label1\" content=\"Estimated reading time\" \/>\n\t<meta name=\"twitter:data1\" content=\"2 minutes\" \/>\n<script type=\"application\/ld+json\" class=\"yoast-schema-graph\">{\"@context\":\"https:\\\/\\\/schema.org\",\"@graph\":[{\"@type\":\"WebPage\",\"@id\":\"https:\\\/\\\/andpro.net\\\/product\\\/reis-antistaticna-negorljiva-zascitna-jakna-buckler-t\\\/\",\"url\":\"https:\\\/\\\/andpro.net\\\/product\\\/reis-antistaticna-negorljiva-zascitna-jakna-buckler-t\\\/\",\"name\":\"REIS ANTISTATI\u010cNA - NEGORLJIVA ZA\u0160\u010cITNA JAKNA BUCKLER-T - AndPro\",\"isPartOf\":{\"@id\":\"https:\\\/\\\/andpro.net\\\/de\\\/#website\"},\"primaryImageOfPage\":{\"@id\":\"https:\\\/\\\/andpro.net\\\/product\\\/reis-antistaticna-negorljiva-zascitna-jakna-buckler-t\\\/#primaryimage\"},\"image\":{\"@id\":\"https:\\\/\\\/andpro.net\\\/product\\\/reis-antistaticna-negorljiva-zascitna-jakna-buckler-t\\\/#primaryimage\"},\"thumbnailUrl\":\"https:\\\/\\\/andpro.net\\\/wp-content\\\/uploads\\\/2024\\\/02\\\/0046091712.jpg\",\"datePublished\":\"2024-02-05T08:12:19+00:00\",\"dateModified\":\"2025-07-20T10:51:55+00:00\",\"breadcrumb\":{\"@id\":\"https:\\\/\\\/andpro.net\\\/product\\\/reis-antistaticna-negorljiva-zascitna-jakna-buckler-t\\\/#breadcrumb\"},\"inLanguage\":\"en-GB\",\"potentialAction\":[{\"@type\":\"ReadAction\",\"target\":[\"https:\\\/\\\/andpro.net\\\/product\\\/reis-antistaticna-negorljiva-zascitna-jakna-buckler-t\\\/\"]}]},{\"@type\":\"ImageObject\",\"inLanguage\":\"en-GB\",\"@id\":\"https:\\\/\\\/andpro.net\\\/product\\\/reis-antistaticna-negorljiva-zascitna-jakna-buckler-t\\\/#primaryimage\",\"url\":\"https:\\\/\\\/andpro.net\\\/wp-content\\\/uploads\\\/2024\\\/02\\\/0046091712.jpg\",\"contentUrl\":\"https:\\\/\\\/andpro.net\\\/wp-content\\\/uploads\\\/2024\\\/02\\\/0046091712.jpg\",\"width\":481,\"height\":1024},{\"@type\":\"BreadcrumbList\",\"@id\":\"https:\\\/\\\/andpro.net\\\/product\\\/reis-antistaticna-negorljiva-zascitna-jakna-buckler-t\\\/#breadcrumb\",\"itemListElement\":[{\"@type\":\"ListItem\",\"position\":1,\"name\":\"Home\",\"item\":\"https:\\\/\\\/andpro.net\\\/\"},{\"@type\":\"ListItem\",\"position\":2,\"name\":\"Shop\",\"item\":\"https:\\\/\\\/andpro.net\\\/en\\\/shop\\\/\"},{\"@type\":\"ListItem\",\"position\":3,\"name\":\"REIS ANTISTATI\u010cNA &#8211; NEGORLJIVA ZA\u0160\u010cITNA JAKNA BUCKLER-T\"}]},{\"@type\":\"WebSite\",\"@id\":\"https:\\\/\\\/andpro.net\\\/de\\\/#website\",\"url\":\"https:\\\/\\\/andpro.net\\\/de\\\/\",\"name\":\"AndPro\",\"description\":\"The best decision\",\"publisher\":{\"@id\":\"https:\\\/\\\/andpro.net\\\/de\\\/#organization\"},\"potentialAction\":[{\"@type\":\"SearchAction\",\"target\":{\"@type\":\"EntryPoint\",\"urlTemplate\":\"https:\\\/\\\/andpro.net\\\/de\\\/?s={search_term_string}\"},\"query-input\":{\"@type\":\"PropertyValueSpecification\",\"valueRequired\":true,\"valueName\":\"search_term_string\"}}],\"inLanguage\":\"en-GB\"},{\"@type\":\"Organization\",\"@id\":\"https:\\\/\\\/andpro.net\\\/de\\\/#organization\",\"name\":\"AndPro\",\"url\":\"https:\\\/\\\/andpro.net\\\/de\\\/\",\"logo\":{\"@type\":\"ImageObject\",\"inLanguage\":\"en-GB\",\"@id\":\"https:\\\/\\\/andpro.net\\\/de\\\/#\\\/schema\\\/logo\\\/image\\\/\",\"url\":\"https:\\\/\\\/andpro.net\\\/wp-content\\\/uploads\\\/2023\\\/11\\\/logo_fix.png\",\"contentUrl\":\"https:\\\/\\\/andpro.net\\\/wp-content\\\/uploads\\\/2023\\\/11\\\/logo_fix.png\",\"width\":1244,\"height\":637,\"caption\":\"AndPro\"},\"image\":{\"@id\":\"https:\\\/\\\/andpro.net\\\/de\\\/#\\\/schema\\\/logo\\\/image\\\/\"}}]}<\/script>\n<!-- \/ Yoast SEO Premium plugin. -->","yoast_head_json":{"title":"REIS ANTISTATI\u010cNA - NEGORLJIVA ZA\u0160\u010cITNA JAKNA BUCKLER-T - AndPro","robots":{"index":"index","follow":"follow","max-snippet":"max-snippet:-1","max-image-preview":"max-image-preview:large","max-video-preview":"max-video-preview:-1"},"canonical":"https:\/\/andpro.net\/en\/product\/reis-antistaticna-negorljiva-zascitna-jakna-buckler-t\/","og_locale":"en_GB","og_type":"article","og_title":"REIS ANTISTATI\u010cNA - NEGORLJIVA ZA\u0160\u010cITNA JAKNA BUCKLER-T","og_description":"Antistati\u010dna delavska, ognjevarna jakna za varilce, ki \u0161\u010diti pred toplotnimi u\u010dinki oblokov in teko\u010dih kemikalij. &nbsp; 80% bomba\u017e, 19% poliester, 1% antistati\u010dna vlakna Gramatura 300 g\/m\u00b2 Zapenjanje z zaponkami, dodatno prekrito z gubo Notranji \u017eep na levi strani, ki se zapenja z je\u017ekom dva spodnja \u017eepa, prekrita z zavihkom, pritrjenim z je\u017ekom zra\u010den pod pazduhami [&hellip;]","og_url":"https:\/\/andpro.net\/en\/product\/reis-antistaticna-negorljiva-zascitna-jakna-buckler-t\/","og_site_name":"AndPro","article_modified_time":"2025-07-20T10:51:55+00:00","og_image":[{"width":481,"height":1024,"url":"https:\/\/andpro.net\/wp-content\/uploads\/2024\/02\/0046091712.jpg","type":"image\/jpeg"}],"twitter_card":"summary_large_image","twitter_misc":{"Estimated reading time":"2 minutes"},"schema":{"@context":"https:\/\/schema.org","@graph":[{"@type":"WebPage","@id":"https:\/\/andpro.net\/product\/reis-antistaticna-negorljiva-zascitna-jakna-buckler-t\/","url":"https:\/\/andpro.net\/product\/reis-antistaticna-negorljiva-zascitna-jakna-buckler-t\/","name":"REIS ANTISTATI\u010cNA - NEGORLJIVA ZA\u0160\u010cITNA JAKNA BUCKLER-T - AndPro","isPartOf":{"@id":"https:\/\/andpro.net\/de\/#website"},"primaryImageOfPage":{"@id":"https:\/\/andpro.net\/product\/reis-antistaticna-negorljiva-zascitna-jakna-buckler-t\/#primaryimage"},"image":{"@id":"https:\/\/andpro.net\/product\/reis-antistaticna-negorljiva-zascitna-jakna-buckler-t\/#primaryimage"},"thumbnailUrl":"https:\/\/andpro.net\/wp-content\/uploads\/2024\/02\/0046091712.jpg","datePublished":"2024-02-05T08:12:19+00:00","dateModified":"2025-07-20T10:51:55+00:00","breadcrumb":{"@id":"https:\/\/andpro.net\/product\/reis-antistaticna-negorljiva-zascitna-jakna-buckler-t\/#breadcrumb"},"inLanguage":"en-GB","potentialAction":[{"@type":"ReadAction","target":["https:\/\/andpro.net\/product\/reis-antistaticna-negorljiva-zascitna-jakna-buckler-t\/"]}]},{"@type":"ImageObject","inLanguage":"en-GB","@id":"https:\/\/andpro.net\/product\/reis-antistaticna-negorljiva-zascitna-jakna-buckler-t\/#primaryimage","url":"https:\/\/andpro.net\/wp-content\/uploads\/2024\/02\/0046091712.jpg","contentUrl":"https:\/\/andpro.net\/wp-content\/uploads\/2024\/02\/0046091712.jpg","width":481,"height":1024},{"@type":"BreadcrumbList","@id":"https:\/\/andpro.net\/product\/reis-antistaticna-negorljiva-zascitna-jakna-buckler-t\/#breadcrumb","itemListElement":[{"@type":"ListItem","position":1,"name":"Home","item":"https:\/\/andpro.net\/"},{"@type":"ListItem","position":2,"name":"Shop","item":"https:\/\/andpro.net\/en\/shop\/"},{"@type":"ListItem","position":3,"name":"REIS ANTISTATI\u010cNA &#8211; NEGORLJIVA ZA\u0160\u010cITNA JAKNA BUCKLER-T"}]},{"@type":"WebSite","@id":"https:\/\/andpro.net\/de\/#website","url":"https:\/\/andpro.net\/de\/","name":"AndPro","description":"The best decision","publisher":{"@id":"https:\/\/andpro.net\/de\/#organization"},"potentialAction":[{"@type":"SearchAction","target":{"@type":"EntryPoint","urlTemplate":"https:\/\/andpro.net\/de\/?s={search_term_string}"},"query-input":{"@type":"PropertyValueSpecification","valueRequired":true,"valueName":"search_term_string"}}],"inLanguage":"en-GB"},{"@type":"Organization","@id":"https:\/\/andpro.net\/de\/#organization","name":"AndPro","url":"https:\/\/andpro.net\/de\/","logo":{"@type":"ImageObject","inLanguage":"en-GB","@id":"https:\/\/andpro.net\/de\/#\/schema\/logo\/image\/","url":"https:\/\/andpro.net\/wp-content\/uploads\/2023\/11\/logo_fix.png","contentUrl":"https:\/\/andpro.net\/wp-content\/uploads\/2023\/11\/logo_fix.png","width":1244,"height":637,"caption":"AndPro"},"image":{"@id":"https:\/\/andpro.net\/de\/#\/schema\/logo\/image\/"}}]}},"_links":{"self":[{"href":"https:\/\/andpro.net\/en\/wp-json\/wp\/v2\/product\/7445","targetHints":{"allow":["GET"]}}],"collection":[{"href":"https:\/\/andpro.net\/en\/wp-json\/wp\/v2\/product"}],"about":[{"href":"https:\/\/andpro.net\/en\/wp-json\/wp\/v2\/types\/product"}],"wp:featuredmedia":[{"embeddable":true,"href":"https:\/\/andpro.net\/en\/wp-json\/wp\/v2\/media\/7451"}],"wp:attachment":[{"href":"https:\/\/andpro.net\/en\/wp-json\/wp\/v2\/media?parent=7445"}],"wp:term":[{"taxonomy":"product_brand","embeddable":true,"href":"https:\/\/andpro.net\/en\/wp-json\/wp\/v2\/product_brand?post=7445"},{"taxonomy":"product_cat","embeddable":true,"href":"https:\/\/andpro.net\/en\/wp-json\/wp\/v2\/product_cat?post=7445"},{"taxonomy":"product_tag","embeddable":true,"href":"https:\/\/andpro.net\/en\/wp-json\/wp\/v2\/product_tag?post=7445"}],"curies":[{"name":"wp","href":"https:\/\/api.w.org\/{rel}","templated":true}]}}