{"id":7737,"date":"2024-02-20T13:56:04","date_gmt":"2024-02-20T12:56:04","guid":{"rendered":"https:\/\/andpro.net\/?post_type=product&#038;p=7737"},"modified":"2025-07-20T11:42:37","modified_gmt":"2025-07-20T10:42:37","slug":"l-hollaman-zascitne-hlace-lh-stoner","status":"publish","type":"product","link":"https:\/\/andpro.net\/en\/product\/l-hollaman-zascitne-hlace-lh-stoner\/","title":{"rendered":"L.HOLLMAN PROTECTIVE PANTS LH-STONER"},"content":{"rendered":"<p>Protective trousers, woven \u2013 LH-STONER<\/p>\n<p>&nbsp;<\/p>\n<p>100% cotton<\/p>\n<p>Grammage 350 g\/m\u00b2<\/p>\n<p>Extra strong stitches<\/p>\n<p>Two side and two back pockets and two additional pockets, perfect for storing tools<\/p>\n<p>\u2013 pockets on the legs, also for a mobile phone<\/p>\n<p>key clip<\/p>\n<p>Cordura knee reinforcements also create additional pockets for knee pads<\/p>\n<p>ideal for extreme work - comfort at work together with high durability of the material<\/p>","protected":false},"excerpt":{"rendered":"<p>Za\u0161\u010ditne delavske hla\u010de, tkane &#8211; LH-STONER &nbsp; 100% bomba\u017e Gramatura 350 g\/m\u00b2 Izjemno mo\u010dni \u0161ivi Dva stranska in dva zadnja \u017eepa ter dva dodatna \u017eepa, kot nala\u0161\u010d za shranjevanje orodja \u017depi na nogah, tudi za mobilni telefon Sponka za pritrditev klju\u010dev Oja\u010ditve na kolenih iz materiala Cordura ustvarjajo tudi dodatne \u017eepe za \u0161\u010ditnike za kolena [&hellip;]<\/p>","protected":false},"featured_media":7746,"template":"","meta":[],"product_brand":[],"product_cat":[21,41],"product_tag":[],"class_list":{"0":"post-7737","1":"product","2":"type-product","3":"status-publish","4":"has-post-thumbnail","6":"product_cat-oblacila","7":"product_cat-hlace","9":"first","10":"onbackorder","11":"taxable","12":"shipping-taxable","13":"purchasable","14":"product-type-variable"},"bundled_by":[],"bundle_stock_status":"onbackorder","bundle_stock_quantity":null,"bundle_virtual":false,"bundle_layout":"","bundle_add_to_cart_form_location":"","bundle_editable_in_cart":false,"bundle_sold_individually_context":"","bundle_item_grouping":"","bundle_min_size":"","bundle_max_size":"","bundle_price":[],"bundled_items":[],"bundle_sell_ids":[],"group_of_quantity":0,"min_quantity":0,"max_quantity":"","exclude_order_quantity_value_rules":"no","exclude_category_quantity_rules":"no","combine_variations":"no","yoast_head":"<!-- This site is optimized with the Yoast SEO Premium plugin v23.9 (Yoast SEO v27.4) - https:\/\/yoast.com\/product\/yoast-seo-premium-wordpress\/ -->\n<title>L.HOLLMAN ZA\u0160\u010cITNE HLA\u010cE LH-STONER - AndPro<\/title>\n<meta name=\"robots\" content=\"index, follow, max-snippet:-1, max-image-preview:large, max-video-preview:-1\" \/>\n<link rel=\"canonical\" href=\"https:\/\/andpro.net\/en\/product\/l-hollaman-zascitne-hlace-lh-stoner\/\" \/>\n<meta property=\"og:locale\" content=\"en_GB\" \/>\n<meta property=\"og:type\" content=\"article\" \/>\n<meta property=\"og:title\" content=\"L.HOLLMAN ZA\u0160\u010cITNE HLA\u010cE LH-STONER\" \/>\n<meta property=\"og:description\" content=\"Za\u0161\u010ditne delavske hla\u010de, tkane &#8211; LH-STONER &nbsp; 100% bomba\u017e Gramatura 350 g\/m\u00b2 Izjemno mo\u010dni \u0161ivi Dva stranska in dva zadnja \u017eepa ter dva dodatna \u017eepa, kot nala\u0161\u010d za shranjevanje orodja \u017depi na nogah, tudi za mobilni telefon Sponka za pritrditev klju\u010dev Oja\u010ditve na kolenih iz materiala Cordura ustvarjajo tudi dodatne \u017eepe za \u0161\u010ditnike za kolena [&hellip;]\" \/>\n<meta property=\"og:url\" content=\"https:\/\/andpro.net\/en\/product\/l-hollaman-zascitne-hlace-lh-stoner\/\" \/>\n<meta property=\"og:site_name\" content=\"AndPro\" \/>\n<meta property=\"article:modified_time\" content=\"2025-07-20T10:42:37+00:00\" \/>\n<meta property=\"og:image\" content=\"https:\/\/andpro.net\/wp-content\/uploads\/2024\/02\/0047941664.jpg\" \/>\n\t<meta property=\"og:image:width\" content=\"589\" \/>\n\t<meta property=\"og:image:height\" content=\"1024\" \/>\n\t<meta property=\"og:image:type\" content=\"image\/jpeg\" \/>\n<meta name=\"twitter:card\" content=\"summary_large_image\" \/>\n<meta name=\"twitter:label1\" content=\"Estimated reading time\" \/>\n\t<meta name=\"twitter:data1\" content=\"1 minute\" \/>\n<script type=\"application\/ld+json\" class=\"yoast-schema-graph\">{\"@context\":\"https:\\\/\\\/schema.org\",\"@graph\":[{\"@type\":\"WebPage\",\"@id\":\"https:\\\/\\\/andpro.net\\\/product\\\/l-hollaman-zascitne-hlace-lh-stoner\\\/\",\"url\":\"https:\\\/\\\/andpro.net\\\/product\\\/l-hollaman-zascitne-hlace-lh-stoner\\\/\",\"name\":\"L.HOLLMAN ZA\u0160\u010cITNE HLA\u010cE LH-STONER - AndPro\",\"isPartOf\":{\"@id\":\"https:\\\/\\\/andpro.net\\\/de\\\/#website\"},\"primaryImageOfPage\":{\"@id\":\"https:\\\/\\\/andpro.net\\\/product\\\/l-hollaman-zascitne-hlace-lh-stoner\\\/#primaryimage\"},\"image\":{\"@id\":\"https:\\\/\\\/andpro.net\\\/product\\\/l-hollaman-zascitne-hlace-lh-stoner\\\/#primaryimage\"},\"thumbnailUrl\":\"https:\\\/\\\/andpro.net\\\/wp-content\\\/uploads\\\/2024\\\/02\\\/0047941664.jpg\",\"datePublished\":\"2024-02-20T12:56:04+00:00\",\"dateModified\":\"2025-07-20T10:42:37+00:00\",\"breadcrumb\":{\"@id\":\"https:\\\/\\\/andpro.net\\\/product\\\/l-hollaman-zascitne-hlace-lh-stoner\\\/#breadcrumb\"},\"inLanguage\":\"en-GB\",\"potentialAction\":[{\"@type\":\"ReadAction\",\"target\":[\"https:\\\/\\\/andpro.net\\\/product\\\/l-hollaman-zascitne-hlace-lh-stoner\\\/\"]}]},{\"@type\":\"ImageObject\",\"inLanguage\":\"en-GB\",\"@id\":\"https:\\\/\\\/andpro.net\\\/product\\\/l-hollaman-zascitne-hlace-lh-stoner\\\/#primaryimage\",\"url\":\"https:\\\/\\\/andpro.net\\\/wp-content\\\/uploads\\\/2024\\\/02\\\/0047941664.jpg\",\"contentUrl\":\"https:\\\/\\\/andpro.net\\\/wp-content\\\/uploads\\\/2024\\\/02\\\/0047941664.jpg\",\"width\":589,\"height\":1024},{\"@type\":\"BreadcrumbList\",\"@id\":\"https:\\\/\\\/andpro.net\\\/product\\\/l-hollaman-zascitne-hlace-lh-stoner\\\/#breadcrumb\",\"itemListElement\":[{\"@type\":\"ListItem\",\"position\":1,\"name\":\"Home\",\"item\":\"https:\\\/\\\/andpro.net\\\/\"},{\"@type\":\"ListItem\",\"position\":2,\"name\":\"Shop\",\"item\":\"https:\\\/\\\/andpro.net\\\/en\\\/shop\\\/\"},{\"@type\":\"ListItem\",\"position\":3,\"name\":\"L.HOLLMAN ZA\u0160\u010cITNE HLA\u010cE LH-STONER\"}]},{\"@type\":\"WebSite\",\"@id\":\"https:\\\/\\\/andpro.net\\\/de\\\/#website\",\"url\":\"https:\\\/\\\/andpro.net\\\/de\\\/\",\"name\":\"AndPro\",\"description\":\"The best decision\",\"publisher\":{\"@id\":\"https:\\\/\\\/andpro.net\\\/de\\\/#organization\"},\"potentialAction\":[{\"@type\":\"SearchAction\",\"target\":{\"@type\":\"EntryPoint\",\"urlTemplate\":\"https:\\\/\\\/andpro.net\\\/de\\\/?s={search_term_string}\"},\"query-input\":{\"@type\":\"PropertyValueSpecification\",\"valueRequired\":true,\"valueName\":\"search_term_string\"}}],\"inLanguage\":\"en-GB\"},{\"@type\":\"Organization\",\"@id\":\"https:\\\/\\\/andpro.net\\\/de\\\/#organization\",\"name\":\"AndPro\",\"url\":\"https:\\\/\\\/andpro.net\\\/de\\\/\",\"logo\":{\"@type\":\"ImageObject\",\"inLanguage\":\"en-GB\",\"@id\":\"https:\\\/\\\/andpro.net\\\/de\\\/#\\\/schema\\\/logo\\\/image\\\/\",\"url\":\"https:\\\/\\\/andpro.net\\\/wp-content\\\/uploads\\\/2023\\\/11\\\/logo_fix.png\",\"contentUrl\":\"https:\\\/\\\/andpro.net\\\/wp-content\\\/uploads\\\/2023\\\/11\\\/logo_fix.png\",\"width\":1244,\"height\":637,\"caption\":\"AndPro\"},\"image\":{\"@id\":\"https:\\\/\\\/andpro.net\\\/de\\\/#\\\/schema\\\/logo\\\/image\\\/\"}}]}<\/script>\n<!-- \/ Yoast SEO Premium plugin. -->","yoast_head_json":{"title":"L.HOLLMAN ZA\u0160\u010cITNE HLA\u010cE LH-STONER - AndPro","robots":{"index":"index","follow":"follow","max-snippet":"max-snippet:-1","max-image-preview":"max-image-preview:large","max-video-preview":"max-video-preview:-1"},"canonical":"https:\/\/andpro.net\/en\/product\/l-hollaman-zascitne-hlace-lh-stoner\/","og_locale":"en_GB","og_type":"article","og_title":"L.HOLLMAN ZA\u0160\u010cITNE HLA\u010cE LH-STONER","og_description":"Za\u0161\u010ditne delavske hla\u010de, tkane &#8211; LH-STONER &nbsp; 100% bomba\u017e Gramatura 350 g\/m\u00b2 Izjemno mo\u010dni \u0161ivi Dva stranska in dva zadnja \u017eepa ter dva dodatna \u017eepa, kot nala\u0161\u010d za shranjevanje orodja \u017depi na nogah, tudi za mobilni telefon Sponka za pritrditev klju\u010dev Oja\u010ditve na kolenih iz materiala Cordura ustvarjajo tudi dodatne \u017eepe za \u0161\u010ditnike za kolena [&hellip;]","og_url":"https:\/\/andpro.net\/en\/product\/l-hollaman-zascitne-hlace-lh-stoner\/","og_site_name":"AndPro","article_modified_time":"2025-07-20T10:42:37+00:00","og_image":[{"width":589,"height":1024,"url":"https:\/\/andpro.net\/wp-content\/uploads\/2024\/02\/0047941664.jpg","type":"image\/jpeg"}],"twitter_card":"summary_large_image","twitter_misc":{"Estimated reading time":"1 minute"},"schema":{"@context":"https:\/\/schema.org","@graph":[{"@type":"WebPage","@id":"https:\/\/andpro.net\/product\/l-hollaman-zascitne-hlace-lh-stoner\/","url":"https:\/\/andpro.net\/product\/l-hollaman-zascitne-hlace-lh-stoner\/","name":"L.HOLLMAN ZA\u0160\u010cITNE HLA\u010cE LH-STONER - AndPro","isPartOf":{"@id":"https:\/\/andpro.net\/de\/#website"},"primaryImageOfPage":{"@id":"https:\/\/andpro.net\/product\/l-hollaman-zascitne-hlace-lh-stoner\/#primaryimage"},"image":{"@id":"https:\/\/andpro.net\/product\/l-hollaman-zascitne-hlace-lh-stoner\/#primaryimage"},"thumbnailUrl":"https:\/\/andpro.net\/wp-content\/uploads\/2024\/02\/0047941664.jpg","datePublished":"2024-02-20T12:56:04+00:00","dateModified":"2025-07-20T10:42:37+00:00","breadcrumb":{"@id":"https:\/\/andpro.net\/product\/l-hollaman-zascitne-hlace-lh-stoner\/#breadcrumb"},"inLanguage":"en-GB","potentialAction":[{"@type":"ReadAction","target":["https:\/\/andpro.net\/product\/l-hollaman-zascitne-hlace-lh-stoner\/"]}]},{"@type":"ImageObject","inLanguage":"en-GB","@id":"https:\/\/andpro.net\/product\/l-hollaman-zascitne-hlace-lh-stoner\/#primaryimage","url":"https:\/\/andpro.net\/wp-content\/uploads\/2024\/02\/0047941664.jpg","contentUrl":"https:\/\/andpro.net\/wp-content\/uploads\/2024\/02\/0047941664.jpg","width":589,"height":1024},{"@type":"BreadcrumbList","@id":"https:\/\/andpro.net\/product\/l-hollaman-zascitne-hlace-lh-stoner\/#breadcrumb","itemListElement":[{"@type":"ListItem","position":1,"name":"Home","item":"https:\/\/andpro.net\/"},{"@type":"ListItem","position":2,"name":"Shop","item":"https:\/\/andpro.net\/en\/shop\/"},{"@type":"ListItem","position":3,"name":"L.HOLLMAN ZA\u0160\u010cITNE HLA\u010cE LH-STONER"}]},{"@type":"WebSite","@id":"https:\/\/andpro.net\/de\/#website","url":"https:\/\/andpro.net\/de\/","name":"AndPro","description":"The best decision","publisher":{"@id":"https:\/\/andpro.net\/de\/#organization"},"potentialAction":[{"@type":"SearchAction","target":{"@type":"EntryPoint","urlTemplate":"https:\/\/andpro.net\/de\/?s={search_term_string}"},"query-input":{"@type":"PropertyValueSpecification","valueRequired":true,"valueName":"search_term_string"}}],"inLanguage":"en-GB"},{"@type":"Organization","@id":"https:\/\/andpro.net\/de\/#organization","name":"AndPro","url":"https:\/\/andpro.net\/de\/","logo":{"@type":"ImageObject","inLanguage":"en-GB","@id":"https:\/\/andpro.net\/de\/#\/schema\/logo\/image\/","url":"https:\/\/andpro.net\/wp-content\/uploads\/2023\/11\/logo_fix.png","contentUrl":"https:\/\/andpro.net\/wp-content\/uploads\/2023\/11\/logo_fix.png","width":1244,"height":637,"caption":"AndPro"},"image":{"@id":"https:\/\/andpro.net\/de\/#\/schema\/logo\/image\/"}}]}},"_links":{"self":[{"href":"https:\/\/andpro.net\/en\/wp-json\/wp\/v2\/product\/7737","targetHints":{"allow":["GET"]}}],"collection":[{"href":"https:\/\/andpro.net\/en\/wp-json\/wp\/v2\/product"}],"about":[{"href":"https:\/\/andpro.net\/en\/wp-json\/wp\/v2\/types\/product"}],"wp:featuredmedia":[{"embeddable":true,"href":"https:\/\/andpro.net\/en\/wp-json\/wp\/v2\/media\/7746"}],"wp:attachment":[{"href":"https:\/\/andpro.net\/en\/wp-json\/wp\/v2\/media?parent=7737"}],"wp:term":[{"taxonomy":"product_brand","embeddable":true,"href":"https:\/\/andpro.net\/en\/wp-json\/wp\/v2\/product_brand?post=7737"},{"taxonomy":"product_cat","embeddable":true,"href":"https:\/\/andpro.net\/en\/wp-json\/wp\/v2\/product_cat?post=7737"},{"taxonomy":"product_tag","embeddable":true,"href":"https:\/\/andpro.net\/en\/wp-json\/wp\/v2\/product_tag?post=7737"}],"curies":[{"name":"wp","href":"https:\/\/api.w.org\/{rel}","templated":true}]}}