{"id":7753,"date":"2024-02-20T14:05:22","date_gmt":"2024-02-20T13:05:22","guid":{"rendered":"https:\/\/andpro.net\/?post_type=product&#038;p=7753"},"modified":"2025-07-20T11:42:27","modified_gmt":"2025-07-20T10:42:27","slug":"reis-varnostni-cevlji-brbooster-t","status":"publish","type":"product","link":"https:\/\/andpro.net\/en\/product\/reis-varnostni-cevlji-brbooster-t\/","title":{"rendered":"REIS SAFETY SHOES BRBOOSTER-T SB E FO SRC"},"content":{"rendered":"<p>Safety shoes - BOOSTER<\/p>\n<p>&nbsp;<\/p>\n<p>Made from a combination of mesh and nubuck leather<\/p>\n<p>shoes that go over the ankle<\/p>\n<p>Non-slip, oil-resistant sole made of a combination of rubber, EVA and polyurethane<\/p>\n<p>Shock absorption under the heel<\/p>\n<p>Composite finger part, resistant to impacts with energy of 200 J and compressive force up to 15 kN<\/p>\n<p>Unique quick fastening system with one button<\/p>\n<p>without metal surfaces \u2013 METAL-FREE<\/p>\n<p>Category SB E FO SRC<\/p>\n<p>\u2013 meet the requirements of EN20344 and EN20345 standards<\/p>","protected":false},"excerpt":{"rendered":"<p>Varnostni delavski \u010devlji BOOSTER. &nbsp; Izdelani iz kombinacije mre\u017eice in nubukastega usnja \u010devlji, ki segajo \u010dez gle\u017eenj Nedrse\u010d, na olje odporen podplat iz kombinacije gume, EVA in poliuretana Absorpcija udarcev pod peto Kompozitni del prsta, odporen na udarce z energijo 200 J in tla\u010dno silo do 15 kN Edinstven sistem hitrega zapenjanja z enim gumbom [&hellip;]<\/p>","protected":false},"featured_media":7762,"template":"","meta":[],"product_brand":[],"product_cat":[23,119],"product_tag":[],"class_list":{"0":"post-7753","1":"product","2":"type-product","3":"status-publish","4":"has-post-thumbnail","6":"product_cat-obutev","7":"product_cat-zascita-za-noge","9":"first","10":"onbackorder","11":"taxable","12":"shipping-taxable","13":"purchasable","14":"product-type-variable"},"bundled_by":[],"bundle_stock_status":"onbackorder","bundle_stock_quantity":null,"bundle_virtual":false,"bundle_layout":"","bundle_add_to_cart_form_location":"","bundle_editable_in_cart":false,"bundle_sold_individually_context":"","bundle_item_grouping":"","bundle_min_size":"","bundle_max_size":"","bundle_price":[],"bundled_items":[],"bundle_sell_ids":[],"group_of_quantity":0,"min_quantity":0,"max_quantity":"","exclude_order_quantity_value_rules":"no","exclude_category_quantity_rules":"no","combine_variations":"no","yoast_head":"<!-- This site is optimized with the Yoast SEO Premium plugin v23.9 (Yoast SEO v27.4) - https:\/\/yoast.com\/product\/yoast-seo-premium-wordpress\/ -->\n<title>REIS VARNOSTNI \u010cEVLJI BRBOOSTER-T SB E FO SRC - AndPro<\/title>\n<meta name=\"robots\" content=\"index, follow, max-snippet:-1, max-image-preview:large, max-video-preview:-1\" \/>\n<link rel=\"canonical\" href=\"https:\/\/andpro.net\/en\/product\/reis-varnostni-cevlji-brbooster-t\/\" \/>\n<meta property=\"og:locale\" content=\"en_GB\" \/>\n<meta property=\"og:type\" content=\"article\" \/>\n<meta property=\"og:title\" content=\"REIS VARNOSTNI \u010cEVLJI BRBOOSTER-T SB E FO SRC\" \/>\n<meta property=\"og:description\" content=\"Varnostni delavski \u010devlji BOOSTER. &nbsp; Izdelani iz kombinacije mre\u017eice in nubukastega usnja \u010devlji, ki segajo \u010dez gle\u017eenj Nedrse\u010d, na olje odporen podplat iz kombinacije gume, EVA in poliuretana Absorpcija udarcev pod peto Kompozitni del prsta, odporen na udarce z energijo 200 J in tla\u010dno silo do 15 kN Edinstven sistem hitrega zapenjanja z enim gumbom [&hellip;]\" \/>\n<meta property=\"og:url\" content=\"https:\/\/andpro.net\/en\/product\/reis-varnostni-cevlji-brbooster-t\/\" \/>\n<meta property=\"og:site_name\" content=\"AndPro\" \/>\n<meta property=\"article:modified_time\" content=\"2025-07-20T10:42:27+00:00\" \/>\n<meta property=\"og:image\" content=\"https:\/\/andpro.net\/wp-content\/uploads\/2024\/02\/0056244896.jpg\" \/>\n\t<meta property=\"og:image:width\" content=\"1024\" \/>\n\t<meta property=\"og:image:height\" content=\"941\" \/>\n\t<meta property=\"og:image:type\" content=\"image\/jpeg\" \/>\n<meta name=\"twitter:card\" content=\"summary_large_image\" \/>\n<meta name=\"twitter:label1\" content=\"Estimated reading time\" \/>\n\t<meta name=\"twitter:data1\" content=\"1 minute\" \/>\n<script type=\"application\/ld+json\" class=\"yoast-schema-graph\">{\"@context\":\"https:\\\/\\\/schema.org\",\"@graph\":[{\"@type\":\"WebPage\",\"@id\":\"https:\\\/\\\/andpro.net\\\/product\\\/reis-varnostni-cevlji-brbooster-t\\\/\",\"url\":\"https:\\\/\\\/andpro.net\\\/product\\\/reis-varnostni-cevlji-brbooster-t\\\/\",\"name\":\"REIS VARNOSTNI \u010cEVLJI BRBOOSTER-T SB E FO SRC - AndPro\",\"isPartOf\":{\"@id\":\"https:\\\/\\\/andpro.net\\\/de\\\/#website\"},\"primaryImageOfPage\":{\"@id\":\"https:\\\/\\\/andpro.net\\\/product\\\/reis-varnostni-cevlji-brbooster-t\\\/#primaryimage\"},\"image\":{\"@id\":\"https:\\\/\\\/andpro.net\\\/product\\\/reis-varnostni-cevlji-brbooster-t\\\/#primaryimage\"},\"thumbnailUrl\":\"https:\\\/\\\/andpro.net\\\/wp-content\\\/uploads\\\/2024\\\/02\\\/0056244896.jpg\",\"datePublished\":\"2024-02-20T13:05:22+00:00\",\"dateModified\":\"2025-07-20T10:42:27+00:00\",\"breadcrumb\":{\"@id\":\"https:\\\/\\\/andpro.net\\\/product\\\/reis-varnostni-cevlji-brbooster-t\\\/#breadcrumb\"},\"inLanguage\":\"en-GB\",\"potentialAction\":[{\"@type\":\"ReadAction\",\"target\":[\"https:\\\/\\\/andpro.net\\\/product\\\/reis-varnostni-cevlji-brbooster-t\\\/\"]}]},{\"@type\":\"ImageObject\",\"inLanguage\":\"en-GB\",\"@id\":\"https:\\\/\\\/andpro.net\\\/product\\\/reis-varnostni-cevlji-brbooster-t\\\/#primaryimage\",\"url\":\"https:\\\/\\\/andpro.net\\\/wp-content\\\/uploads\\\/2024\\\/02\\\/0056244896.jpg\",\"contentUrl\":\"https:\\\/\\\/andpro.net\\\/wp-content\\\/uploads\\\/2024\\\/02\\\/0056244896.jpg\",\"width\":1024,\"height\":941},{\"@type\":\"BreadcrumbList\",\"@id\":\"https:\\\/\\\/andpro.net\\\/product\\\/reis-varnostni-cevlji-brbooster-t\\\/#breadcrumb\",\"itemListElement\":[{\"@type\":\"ListItem\",\"position\":1,\"name\":\"Home\",\"item\":\"https:\\\/\\\/andpro.net\\\/\"},{\"@type\":\"ListItem\",\"position\":2,\"name\":\"Shop\",\"item\":\"https:\\\/\\\/andpro.net\\\/en\\\/shop\\\/\"},{\"@type\":\"ListItem\",\"position\":3,\"name\":\"REIS VARNOSTNI \u010cEVLJI BRBOOSTER-T SB E FO SRC\"}]},{\"@type\":\"WebSite\",\"@id\":\"https:\\\/\\\/andpro.net\\\/de\\\/#website\",\"url\":\"https:\\\/\\\/andpro.net\\\/de\\\/\",\"name\":\"AndPro\",\"description\":\"The best decision\",\"publisher\":{\"@id\":\"https:\\\/\\\/andpro.net\\\/de\\\/#organization\"},\"potentialAction\":[{\"@type\":\"SearchAction\",\"target\":{\"@type\":\"EntryPoint\",\"urlTemplate\":\"https:\\\/\\\/andpro.net\\\/de\\\/?s={search_term_string}\"},\"query-input\":{\"@type\":\"PropertyValueSpecification\",\"valueRequired\":true,\"valueName\":\"search_term_string\"}}],\"inLanguage\":\"en-GB\"},{\"@type\":\"Organization\",\"@id\":\"https:\\\/\\\/andpro.net\\\/de\\\/#organization\",\"name\":\"AndPro\",\"url\":\"https:\\\/\\\/andpro.net\\\/de\\\/\",\"logo\":{\"@type\":\"ImageObject\",\"inLanguage\":\"en-GB\",\"@id\":\"https:\\\/\\\/andpro.net\\\/de\\\/#\\\/schema\\\/logo\\\/image\\\/\",\"url\":\"https:\\\/\\\/andpro.net\\\/wp-content\\\/uploads\\\/2023\\\/11\\\/logo_fix.png\",\"contentUrl\":\"https:\\\/\\\/andpro.net\\\/wp-content\\\/uploads\\\/2023\\\/11\\\/logo_fix.png\",\"width\":1244,\"height\":637,\"caption\":\"AndPro\"},\"image\":{\"@id\":\"https:\\\/\\\/andpro.net\\\/de\\\/#\\\/schema\\\/logo\\\/image\\\/\"}}]}<\/script>\n<!-- \/ Yoast SEO Premium plugin. -->","yoast_head_json":{"title":"REIS VARNOSTNI \u010cEVLJI BRBOOSTER-T SB E FO SRC - AndPro","robots":{"index":"index","follow":"follow","max-snippet":"max-snippet:-1","max-image-preview":"max-image-preview:large","max-video-preview":"max-video-preview:-1"},"canonical":"https:\/\/andpro.net\/en\/product\/reis-varnostni-cevlji-brbooster-t\/","og_locale":"en_GB","og_type":"article","og_title":"REIS VARNOSTNI \u010cEVLJI BRBOOSTER-T SB E FO SRC","og_description":"Varnostni delavski \u010devlji BOOSTER. &nbsp; Izdelani iz kombinacije mre\u017eice in nubukastega usnja \u010devlji, ki segajo \u010dez gle\u017eenj Nedrse\u010d, na olje odporen podplat iz kombinacije gume, EVA in poliuretana Absorpcija udarcev pod peto Kompozitni del prsta, odporen na udarce z energijo 200 J in tla\u010dno silo do 15 kN Edinstven sistem hitrega zapenjanja z enim gumbom [&hellip;]","og_url":"https:\/\/andpro.net\/en\/product\/reis-varnostni-cevlji-brbooster-t\/","og_site_name":"AndPro","article_modified_time":"2025-07-20T10:42:27+00:00","og_image":[{"width":1024,"height":941,"url":"https:\/\/andpro.net\/wp-content\/uploads\/2024\/02\/0056244896.jpg","type":"image\/jpeg"}],"twitter_card":"summary_large_image","twitter_misc":{"Estimated reading time":"1 minute"},"schema":{"@context":"https:\/\/schema.org","@graph":[{"@type":"WebPage","@id":"https:\/\/andpro.net\/product\/reis-varnostni-cevlji-brbooster-t\/","url":"https:\/\/andpro.net\/product\/reis-varnostni-cevlji-brbooster-t\/","name":"REIS VARNOSTNI \u010cEVLJI BRBOOSTER-T SB E FO SRC - AndPro","isPartOf":{"@id":"https:\/\/andpro.net\/de\/#website"},"primaryImageOfPage":{"@id":"https:\/\/andpro.net\/product\/reis-varnostni-cevlji-brbooster-t\/#primaryimage"},"image":{"@id":"https:\/\/andpro.net\/product\/reis-varnostni-cevlji-brbooster-t\/#primaryimage"},"thumbnailUrl":"https:\/\/andpro.net\/wp-content\/uploads\/2024\/02\/0056244896.jpg","datePublished":"2024-02-20T13:05:22+00:00","dateModified":"2025-07-20T10:42:27+00:00","breadcrumb":{"@id":"https:\/\/andpro.net\/product\/reis-varnostni-cevlji-brbooster-t\/#breadcrumb"},"inLanguage":"en-GB","potentialAction":[{"@type":"ReadAction","target":["https:\/\/andpro.net\/product\/reis-varnostni-cevlji-brbooster-t\/"]}]},{"@type":"ImageObject","inLanguage":"en-GB","@id":"https:\/\/andpro.net\/product\/reis-varnostni-cevlji-brbooster-t\/#primaryimage","url":"https:\/\/andpro.net\/wp-content\/uploads\/2024\/02\/0056244896.jpg","contentUrl":"https:\/\/andpro.net\/wp-content\/uploads\/2024\/02\/0056244896.jpg","width":1024,"height":941},{"@type":"BreadcrumbList","@id":"https:\/\/andpro.net\/product\/reis-varnostni-cevlji-brbooster-t\/#breadcrumb","itemListElement":[{"@type":"ListItem","position":1,"name":"Home","item":"https:\/\/andpro.net\/"},{"@type":"ListItem","position":2,"name":"Shop","item":"https:\/\/andpro.net\/en\/shop\/"},{"@type":"ListItem","position":3,"name":"REIS VARNOSTNI \u010cEVLJI BRBOOSTER-T SB E FO SRC"}]},{"@type":"WebSite","@id":"https:\/\/andpro.net\/de\/#website","url":"https:\/\/andpro.net\/de\/","name":"AndPro","description":"The best decision","publisher":{"@id":"https:\/\/andpro.net\/de\/#organization"},"potentialAction":[{"@type":"SearchAction","target":{"@type":"EntryPoint","urlTemplate":"https:\/\/andpro.net\/de\/?s={search_term_string}"},"query-input":{"@type":"PropertyValueSpecification","valueRequired":true,"valueName":"search_term_string"}}],"inLanguage":"en-GB"},{"@type":"Organization","@id":"https:\/\/andpro.net\/de\/#organization","name":"AndPro","url":"https:\/\/andpro.net\/de\/","logo":{"@type":"ImageObject","inLanguage":"en-GB","@id":"https:\/\/andpro.net\/de\/#\/schema\/logo\/image\/","url":"https:\/\/andpro.net\/wp-content\/uploads\/2023\/11\/logo_fix.png","contentUrl":"https:\/\/andpro.net\/wp-content\/uploads\/2023\/11\/logo_fix.png","width":1244,"height":637,"caption":"AndPro"},"image":{"@id":"https:\/\/andpro.net\/de\/#\/schema\/logo\/image\/"}}]}},"_links":{"self":[{"href":"https:\/\/andpro.net\/en\/wp-json\/wp\/v2\/product\/7753","targetHints":{"allow":["GET"]}}],"collection":[{"href":"https:\/\/andpro.net\/en\/wp-json\/wp\/v2\/product"}],"about":[{"href":"https:\/\/andpro.net\/en\/wp-json\/wp\/v2\/types\/product"}],"wp:featuredmedia":[{"embeddable":true,"href":"https:\/\/andpro.net\/en\/wp-json\/wp\/v2\/media\/7762"}],"wp:attachment":[{"href":"https:\/\/andpro.net\/en\/wp-json\/wp\/v2\/media?parent=7753"}],"wp:term":[{"taxonomy":"product_brand","embeddable":true,"href":"https:\/\/andpro.net\/en\/wp-json\/wp\/v2\/product_brand?post=7753"},{"taxonomy":"product_cat","embeddable":true,"href":"https:\/\/andpro.net\/en\/wp-json\/wp\/v2\/product_cat?post=7753"},{"taxonomy":"product_tag","embeddable":true,"href":"https:\/\/andpro.net\/en\/wp-json\/wp\/v2\/product_tag?post=7753"}],"curies":[{"name":"wp","href":"https:\/\/api.w.org\/{rel}","templated":true}]}}