{"id":8584,"date":"2024-04-09T14:29:53","date_gmt":"2024-04-09T13:29:53","guid":{"rendered":"https:\/\/andpro.net\/?post_type=product&#038;p=8584"},"modified":"2025-07-20T11:24:43","modified_gmt":"2025-07-20T10:24:43","slug":"reis-zascitne-rokavice-rnitns","status":"publish","type":"product","link":"https:\/\/andpro.net\/en\/product\/reis-zascitne-rokavice-rnitns\/","title":{"rendered":"PROTECTIVE GLOVES RNITNS"},"content":{"rendered":"<p><strong>Nitrile coated protective gloves.<\/strong><\/p>\n<ul>\n<li>The handle part and half of the upper part are coated with navy blue nitrile.<\/li>\n<li>Resistant to abrasion, scuffs and punctures<\/li>\n<li>Ensure flexible efficiency<\/li>\n<li>Nitrile increases resistance to grease, oil, grease and hydrocarbons<\/li>\n<li>Retain their shape so they can be washed<\/li>\n<li>- they work well in places where it comes into contact with the above-mentioned substances<\/li>\n<li>Nitrile is biodegradable, so nitrile gloves are safe for the environment<\/li>\n<li>Perfect for mechanics, for use during stevedoring and transport<\/li>\n<li>Compliant with EN388 (resistance levels: 4 1 2 1 X) and EN420 standards<\/li>\n<\/ul>","protected":false},"excerpt":{"rendered":"<p>Z nitrilom prevle\u010dene za\u0161\u010ditne delovne rokavice s pletenimi man\u0161etami. Ro\u010dajni del in polovica zgornjega dela sta prevle\u010dena z mornarsko modrim nitrilom. Odporne na obrabo, odrgnine in vbode Zagotavljajo pro\u017eno u\u010dinkovitost Nitril pove\u010da odpornost na ma\u0161\u010dobe, olja, masti in ogljikovodike Ohranijo svojo obliko, zato jih je mogo\u010de prati dobro se obnesejo na mestih, kjer prihaja do [&hellip;]<\/p>","protected":false},"featured_media":8586,"template":"","meta":[],"product_brand":[],"product_cat":[22,115],"product_tag":[],"class_list":{"0":"post-8584","1":"product","2":"type-product","3":"status-publish","4":"has-post-thumbnail","6":"product_cat-rokavice","7":"product_cat-zascita-za-roke","9":"first","10":"onbackorder","11":"taxable","12":"shipping-taxable","13":"purchasable","14":"product-type-variable"},"bundled_by":[],"bundle_stock_status":"onbackorder","bundle_stock_quantity":null,"bundle_virtual":false,"bundle_layout":"","bundle_add_to_cart_form_location":"","bundle_editable_in_cart":false,"bundle_sold_individually_context":"","bundle_item_grouping":"","bundle_min_size":"","bundle_max_size":"","bundle_price":[],"bundled_items":[],"bundle_sell_ids":[],"group_of_quantity":0,"min_quantity":12,"max_quantity":"","exclude_order_quantity_value_rules":"no","exclude_category_quantity_rules":"no","combine_variations":"no","yoast_head":"<!-- This site is optimized with the Yoast SEO Premium plugin v23.9 (Yoast SEO v27.5) - https:\/\/yoast.com\/product\/yoast-seo-premium-wordpress\/ -->\n<title>REIS ZA\u0160\u010cITNE ROKAVICE RNITNS - AndPro<\/title>\n<meta name=\"robots\" content=\"index, follow, max-snippet:-1, max-image-preview:large, max-video-preview:-1\" \/>\n<link rel=\"canonical\" href=\"https:\/\/andpro.net\/en\/product\/reis-zascitne-rokavice-rnitns\/\" \/>\n<meta property=\"og:locale\" content=\"en_GB\" \/>\n<meta property=\"og:type\" content=\"article\" \/>\n<meta property=\"og:title\" content=\"REIS ZA\u0160\u010cITNE ROKAVICE RNITNS\" \/>\n<meta property=\"og:description\" content=\"Z nitrilom prevle\u010dene za\u0161\u010ditne delovne rokavice s pletenimi man\u0161etami. Ro\u010dajni del in polovica zgornjega dela sta prevle\u010dena z mornarsko modrim nitrilom. Odporne na obrabo, odrgnine in vbode Zagotavljajo pro\u017eno u\u010dinkovitost Nitril pove\u010da odpornost na ma\u0161\u010dobe, olja, masti in ogljikovodike Ohranijo svojo obliko, zato jih je mogo\u010de prati dobro se obnesejo na mestih, kjer prihaja do [&hellip;]\" \/>\n<meta property=\"og:url\" content=\"https:\/\/andpro.net\/en\/product\/reis-zascitne-rokavice-rnitns\/\" \/>\n<meta property=\"og:site_name\" content=\"AndPro\" \/>\n<meta property=\"article:modified_time\" content=\"2025-07-20T10:24:43+00:00\" \/>\n<meta property=\"og:image\" content=\"https:\/\/andpro.net\/wp-content\/uploads\/2024\/04\/0045398464.jpg\" \/>\n\t<meta property=\"og:image:width\" content=\"729\" \/>\n\t<meta property=\"og:image:height\" content=\"1024\" \/>\n\t<meta property=\"og:image:type\" content=\"image\/jpeg\" \/>\n<meta name=\"twitter:card\" content=\"summary_large_image\" \/>\n<meta name=\"twitter:label1\" content=\"Estimated reading time\" \/>\n\t<meta name=\"twitter:data1\" content=\"1 minute\" \/>\n<script type=\"application\/ld+json\" class=\"yoast-schema-graph\">{\"@context\":\"https:\\\/\\\/schema.org\",\"@graph\":[{\"@type\":\"WebPage\",\"@id\":\"https:\\\/\\\/andpro.net\\\/product\\\/reis-zascitne-rokavice-rnitns\\\/\",\"url\":\"https:\\\/\\\/andpro.net\\\/product\\\/reis-zascitne-rokavice-rnitns\\\/\",\"name\":\"REIS ZA\u0160\u010cITNE ROKAVICE RNITNS - AndPro\",\"isPartOf\":{\"@id\":\"https:\\\/\\\/andpro.net\\\/de\\\/#website\"},\"primaryImageOfPage\":{\"@id\":\"https:\\\/\\\/andpro.net\\\/product\\\/reis-zascitne-rokavice-rnitns\\\/#primaryimage\"},\"image\":{\"@id\":\"https:\\\/\\\/andpro.net\\\/product\\\/reis-zascitne-rokavice-rnitns\\\/#primaryimage\"},\"thumbnailUrl\":\"https:\\\/\\\/andpro.net\\\/wp-content\\\/uploads\\\/2024\\\/04\\\/0045398464.jpg\",\"datePublished\":\"2024-04-09T13:29:53+00:00\",\"dateModified\":\"2025-07-20T10:24:43+00:00\",\"breadcrumb\":{\"@id\":\"https:\\\/\\\/andpro.net\\\/product\\\/reis-zascitne-rokavice-rnitns\\\/#breadcrumb\"},\"inLanguage\":\"en-GB\",\"potentialAction\":[{\"@type\":\"ReadAction\",\"target\":[\"https:\\\/\\\/andpro.net\\\/product\\\/reis-zascitne-rokavice-rnitns\\\/\"]}]},{\"@type\":\"ImageObject\",\"inLanguage\":\"en-GB\",\"@id\":\"https:\\\/\\\/andpro.net\\\/product\\\/reis-zascitne-rokavice-rnitns\\\/#primaryimage\",\"url\":\"https:\\\/\\\/andpro.net\\\/wp-content\\\/uploads\\\/2024\\\/04\\\/0045398464.jpg\",\"contentUrl\":\"https:\\\/\\\/andpro.net\\\/wp-content\\\/uploads\\\/2024\\\/04\\\/0045398464.jpg\",\"width\":729,\"height\":1024},{\"@type\":\"BreadcrumbList\",\"@id\":\"https:\\\/\\\/andpro.net\\\/product\\\/reis-zascitne-rokavice-rnitns\\\/#breadcrumb\",\"itemListElement\":[{\"@type\":\"ListItem\",\"position\":1,\"name\":\"Home\",\"item\":\"https:\\\/\\\/andpro.net\\\/\"},{\"@type\":\"ListItem\",\"position\":2,\"name\":\"Shop\",\"item\":\"https:\\\/\\\/andpro.net\\\/en\\\/shop\\\/\"},{\"@type\":\"ListItem\",\"position\":3,\"name\":\"REIS ZA\u0160\u010cITNE ROKAVICE RNITNS\"}]},{\"@type\":\"WebSite\",\"@id\":\"https:\\\/\\\/andpro.net\\\/de\\\/#website\",\"url\":\"https:\\\/\\\/andpro.net\\\/de\\\/\",\"name\":\"AndPro\",\"description\":\"The best decision\",\"publisher\":{\"@id\":\"https:\\\/\\\/andpro.net\\\/de\\\/#organization\"},\"potentialAction\":[{\"@type\":\"SearchAction\",\"target\":{\"@type\":\"EntryPoint\",\"urlTemplate\":\"https:\\\/\\\/andpro.net\\\/de\\\/?s={search_term_string}\"},\"query-input\":{\"@type\":\"PropertyValueSpecification\",\"valueRequired\":true,\"valueName\":\"search_term_string\"}}],\"inLanguage\":\"en-GB\"},{\"@type\":\"Organization\",\"@id\":\"https:\\\/\\\/andpro.net\\\/de\\\/#organization\",\"name\":\"AndPro\",\"url\":\"https:\\\/\\\/andpro.net\\\/de\\\/\",\"logo\":{\"@type\":\"ImageObject\",\"inLanguage\":\"en-GB\",\"@id\":\"https:\\\/\\\/andpro.net\\\/de\\\/#\\\/schema\\\/logo\\\/image\\\/\",\"url\":\"https:\\\/\\\/andpro.net\\\/wp-content\\\/uploads\\\/2023\\\/11\\\/logo_fix.png\",\"contentUrl\":\"https:\\\/\\\/andpro.net\\\/wp-content\\\/uploads\\\/2023\\\/11\\\/logo_fix.png\",\"width\":1244,\"height\":637,\"caption\":\"AndPro\"},\"image\":{\"@id\":\"https:\\\/\\\/andpro.net\\\/de\\\/#\\\/schema\\\/logo\\\/image\\\/\"}}]}<\/script>\n<!-- \/ Yoast SEO Premium plugin. -->","yoast_head_json":{"title":"REIS ZA\u0160\u010cITNE ROKAVICE RNITNS - AndPro","robots":{"index":"index","follow":"follow","max-snippet":"max-snippet:-1","max-image-preview":"max-image-preview:large","max-video-preview":"max-video-preview:-1"},"canonical":"https:\/\/andpro.net\/en\/product\/reis-zascitne-rokavice-rnitns\/","og_locale":"en_GB","og_type":"article","og_title":"REIS ZA\u0160\u010cITNE ROKAVICE RNITNS","og_description":"Z nitrilom prevle\u010dene za\u0161\u010ditne delovne rokavice s pletenimi man\u0161etami. Ro\u010dajni del in polovica zgornjega dela sta prevle\u010dena z mornarsko modrim nitrilom. Odporne na obrabo, odrgnine in vbode Zagotavljajo pro\u017eno u\u010dinkovitost Nitril pove\u010da odpornost na ma\u0161\u010dobe, olja, masti in ogljikovodike Ohranijo svojo obliko, zato jih je mogo\u010de prati dobro se obnesejo na mestih, kjer prihaja do [&hellip;]","og_url":"https:\/\/andpro.net\/en\/product\/reis-zascitne-rokavice-rnitns\/","og_site_name":"AndPro","article_modified_time":"2025-07-20T10:24:43+00:00","og_image":[{"width":729,"height":1024,"url":"https:\/\/andpro.net\/wp-content\/uploads\/2024\/04\/0045398464.jpg","type":"image\/jpeg"}],"twitter_card":"summary_large_image","twitter_misc":{"Estimated reading time":"1 minute"},"schema":{"@context":"https:\/\/schema.org","@graph":[{"@type":"WebPage","@id":"https:\/\/andpro.net\/product\/reis-zascitne-rokavice-rnitns\/","url":"https:\/\/andpro.net\/product\/reis-zascitne-rokavice-rnitns\/","name":"REIS ZA\u0160\u010cITNE ROKAVICE RNITNS - AndPro","isPartOf":{"@id":"https:\/\/andpro.net\/de\/#website"},"primaryImageOfPage":{"@id":"https:\/\/andpro.net\/product\/reis-zascitne-rokavice-rnitns\/#primaryimage"},"image":{"@id":"https:\/\/andpro.net\/product\/reis-zascitne-rokavice-rnitns\/#primaryimage"},"thumbnailUrl":"https:\/\/andpro.net\/wp-content\/uploads\/2024\/04\/0045398464.jpg","datePublished":"2024-04-09T13:29:53+00:00","dateModified":"2025-07-20T10:24:43+00:00","breadcrumb":{"@id":"https:\/\/andpro.net\/product\/reis-zascitne-rokavice-rnitns\/#breadcrumb"},"inLanguage":"en-GB","potentialAction":[{"@type":"ReadAction","target":["https:\/\/andpro.net\/product\/reis-zascitne-rokavice-rnitns\/"]}]},{"@type":"ImageObject","inLanguage":"en-GB","@id":"https:\/\/andpro.net\/product\/reis-zascitne-rokavice-rnitns\/#primaryimage","url":"https:\/\/andpro.net\/wp-content\/uploads\/2024\/04\/0045398464.jpg","contentUrl":"https:\/\/andpro.net\/wp-content\/uploads\/2024\/04\/0045398464.jpg","width":729,"height":1024},{"@type":"BreadcrumbList","@id":"https:\/\/andpro.net\/product\/reis-zascitne-rokavice-rnitns\/#breadcrumb","itemListElement":[{"@type":"ListItem","position":1,"name":"Home","item":"https:\/\/andpro.net\/"},{"@type":"ListItem","position":2,"name":"Shop","item":"https:\/\/andpro.net\/en\/shop\/"},{"@type":"ListItem","position":3,"name":"REIS ZA\u0160\u010cITNE ROKAVICE RNITNS"}]},{"@type":"WebSite","@id":"https:\/\/andpro.net\/de\/#website","url":"https:\/\/andpro.net\/de\/","name":"AndPro","description":"The best decision","publisher":{"@id":"https:\/\/andpro.net\/de\/#organization"},"potentialAction":[{"@type":"SearchAction","target":{"@type":"EntryPoint","urlTemplate":"https:\/\/andpro.net\/de\/?s={search_term_string}"},"query-input":{"@type":"PropertyValueSpecification","valueRequired":true,"valueName":"search_term_string"}}],"inLanguage":"en-GB"},{"@type":"Organization","@id":"https:\/\/andpro.net\/de\/#organization","name":"AndPro","url":"https:\/\/andpro.net\/de\/","logo":{"@type":"ImageObject","inLanguage":"en-GB","@id":"https:\/\/andpro.net\/de\/#\/schema\/logo\/image\/","url":"https:\/\/andpro.net\/wp-content\/uploads\/2023\/11\/logo_fix.png","contentUrl":"https:\/\/andpro.net\/wp-content\/uploads\/2023\/11\/logo_fix.png","width":1244,"height":637,"caption":"AndPro"},"image":{"@id":"https:\/\/andpro.net\/de\/#\/schema\/logo\/image\/"}}]}},"_links":{"self":[{"href":"https:\/\/andpro.net\/en\/wp-json\/wp\/v2\/product\/8584","targetHints":{"allow":["GET"]}}],"collection":[{"href":"https:\/\/andpro.net\/en\/wp-json\/wp\/v2\/product"}],"about":[{"href":"https:\/\/andpro.net\/en\/wp-json\/wp\/v2\/types\/product"}],"wp:featuredmedia":[{"embeddable":true,"href":"https:\/\/andpro.net\/en\/wp-json\/wp\/v2\/media\/8586"}],"wp:attachment":[{"href":"https:\/\/andpro.net\/en\/wp-json\/wp\/v2\/media?parent=8584"}],"wp:term":[{"taxonomy":"product_brand","embeddable":true,"href":"https:\/\/andpro.net\/en\/wp-json\/wp\/v2\/product_brand?post=8584"},{"taxonomy":"product_cat","embeddable":true,"href":"https:\/\/andpro.net\/en\/wp-json\/wp\/v2\/product_cat?post=8584"},{"taxonomy":"product_tag","embeddable":true,"href":"https:\/\/andpro.net\/en\/wp-json\/wp\/v2\/product_tag?post=8584"}],"curies":[{"name":"wp","href":"https:\/\/api.w.org\/{rel}","templated":true}]}}