{"id":8923,"date":"2024-06-11T11:31:09","date_gmt":"2024-06-11T10:31:09","guid":{"rendered":"https:\/\/andpro.net\/?post_type=product&#038;p=8923"},"modified":"2025-07-20T11:07:42","modified_gmt":"2025-07-20T10:07:42","slug":"reis-zascitne-rokavice-redvox-fomni","status":"publish","type":"product","link":"https:\/\/andpro.net\/en\/product\/reis-zascitne-rokavice-redvox-fomni\/","title":{"rendered":"REIS PROTECTIVE GLOVES REDVOX-FOMNI"},"content":{"rendered":"<p>Protective gloves with nitrile coating<\/p>\n<p>&nbsp;<\/p>\n<p>\u2013 made of polyester (seam 13)<\/p>\n<p>SCHAUM black nitrile coated<\/p>\n<p>Rounded with black cuff<\/p>\n<p>\u2013 flexible, so they fit perfectly in the hand<\/p>\n<p>they provide dexterity and a great feel for the object being held<\/p>\n<p>Nitrile increases resistance to fats and oils<\/p>\n<p>used for general mechanical work<\/p>\n<p>Conforms to the EN ISO 21420 standard<\/p>","protected":false},"excerpt":{"rendered":"<p>Za\u0161\u010ditne rokavice s prevleko iz nitrila. &nbsp; Izdelane iz poliestra (\u0161iv 13), prevle\u010dene s \u010drnim nitrilom SCHAUM Zaokro\u017eene s \u010drno man\u0161eto So zelo pro\u017ene in se popolnoma prilegajo roki, zagotavljajo spretnost in odli\u010den ob\u010dutek za predmet, ki ga dr\u017eite Nitril pove\u010duje odpornost na ma\u0161\u010dobe in olja Uporabljajo se za splo\u0161na mehani\u010dna dela, v skladu s [&hellip;]<\/p>","protected":false},"featured_media":8924,"template":"","meta":[],"product_brand":[],"product_cat":[22,115],"product_tag":[],"class_list":{"0":"post-8923","1":"product","2":"type-product","3":"status-publish","4":"has-post-thumbnail","6":"product_cat-rokavice","7":"product_cat-zascita-za-roke","9":"first","10":"instock","11":"taxable","12":"shipping-taxable","13":"purchasable","14":"product-type-simple"},"bundled_by":[],"bundle_stock_status":"instock","bundle_stock_quantity":5,"bundle_virtual":false,"bundle_layout":"","bundle_add_to_cart_form_location":"","bundle_editable_in_cart":false,"bundle_sold_individually_context":"","bundle_item_grouping":"","bundle_min_size":"","bundle_max_size":"","bundle_price":[],"bundled_items":[],"bundle_sell_ids":[],"group_of_quantity":0,"min_quantity":24,"max_quantity":"","exclude_order_quantity_value_rules":"no","exclude_category_quantity_rules":"no","combine_variations":"no","yoast_head":"<!-- This site is optimized with the Yoast SEO Premium plugin v23.9 (Yoast SEO v27.5) - https:\/\/yoast.com\/product\/yoast-seo-premium-wordpress\/ -->\n<title>REIS ZA\u0160\u010cITNE ROKAVICE REDVOX-FOMNI - AndPro<\/title>\n<meta name=\"robots\" content=\"index, follow, max-snippet:-1, max-image-preview:large, max-video-preview:-1\" \/>\n<link rel=\"canonical\" href=\"https:\/\/andpro.net\/en\/product\/reis-zascitne-rokavice-redvox-fomni\/\" \/>\n<meta property=\"og:locale\" content=\"en_GB\" \/>\n<meta property=\"og:type\" content=\"article\" \/>\n<meta property=\"og:title\" content=\"REIS ZA\u0160\u010cITNE ROKAVICE REDVOX-FOMNI\" \/>\n<meta property=\"og:description\" content=\"Za\u0161\u010ditne rokavice s prevleko iz nitrila. &nbsp; Izdelane iz poliestra (\u0161iv 13), prevle\u010dene s \u010drnim nitrilom SCHAUM Zaokro\u017eene s \u010drno man\u0161eto So zelo pro\u017ene in se popolnoma prilegajo roki, zagotavljajo spretnost in odli\u010den ob\u010dutek za predmet, ki ga dr\u017eite Nitril pove\u010duje odpornost na ma\u0161\u010dobe in olja Uporabljajo se za splo\u0161na mehani\u010dna dela, v skladu s [&hellip;]\" \/>\n<meta property=\"og:url\" content=\"https:\/\/andpro.net\/en\/product\/reis-zascitne-rokavice-redvox-fomni\/\" \/>\n<meta property=\"og:site_name\" content=\"AndPro\" \/>\n<meta property=\"article:modified_time\" content=\"2025-07-20T10:07:42+00:00\" \/>\n<meta property=\"og:image\" content=\"https:\/\/andpro.net\/wp-content\/uploads\/2024\/06\/0045344128.jpg\" \/>\n\t<meta property=\"og:image:width\" content=\"783\" \/>\n\t<meta property=\"og:image:height\" content=\"1024\" \/>\n\t<meta property=\"og:image:type\" content=\"image\/jpeg\" \/>\n<meta name=\"twitter:card\" content=\"summary_large_image\" \/>\n<meta name=\"twitter:label1\" content=\"Estimated reading time\" \/>\n\t<meta name=\"twitter:data1\" content=\"1 minute\" \/>\n<script type=\"application\/ld+json\" class=\"yoast-schema-graph\">{\"@context\":\"https:\\\/\\\/schema.org\",\"@graph\":[{\"@type\":\"WebPage\",\"@id\":\"https:\\\/\\\/andpro.net\\\/product\\\/reis-zascitne-rokavice-redvox-fomni\\\/\",\"url\":\"https:\\\/\\\/andpro.net\\\/product\\\/reis-zascitne-rokavice-redvox-fomni\\\/\",\"name\":\"REIS ZA\u0160\u010cITNE ROKAVICE REDVOX-FOMNI - AndPro\",\"isPartOf\":{\"@id\":\"https:\\\/\\\/andpro.net\\\/de\\\/#website\"},\"primaryImageOfPage\":{\"@id\":\"https:\\\/\\\/andpro.net\\\/product\\\/reis-zascitne-rokavice-redvox-fomni\\\/#primaryimage\"},\"image\":{\"@id\":\"https:\\\/\\\/andpro.net\\\/product\\\/reis-zascitne-rokavice-redvox-fomni\\\/#primaryimage\"},\"thumbnailUrl\":\"https:\\\/\\\/andpro.net\\\/wp-content\\\/uploads\\\/2024\\\/06\\\/0045344128.jpg\",\"datePublished\":\"2024-06-11T10:31:09+00:00\",\"dateModified\":\"2025-07-20T10:07:42+00:00\",\"breadcrumb\":{\"@id\":\"https:\\\/\\\/andpro.net\\\/product\\\/reis-zascitne-rokavice-redvox-fomni\\\/#breadcrumb\"},\"inLanguage\":\"en-GB\",\"potentialAction\":[{\"@type\":\"ReadAction\",\"target\":[\"https:\\\/\\\/andpro.net\\\/product\\\/reis-zascitne-rokavice-redvox-fomni\\\/\"]}]},{\"@type\":\"ImageObject\",\"inLanguage\":\"en-GB\",\"@id\":\"https:\\\/\\\/andpro.net\\\/product\\\/reis-zascitne-rokavice-redvox-fomni\\\/#primaryimage\",\"url\":\"https:\\\/\\\/andpro.net\\\/wp-content\\\/uploads\\\/2024\\\/06\\\/0045344128.jpg\",\"contentUrl\":\"https:\\\/\\\/andpro.net\\\/wp-content\\\/uploads\\\/2024\\\/06\\\/0045344128.jpg\",\"width\":783,\"height\":1024},{\"@type\":\"BreadcrumbList\",\"@id\":\"https:\\\/\\\/andpro.net\\\/product\\\/reis-zascitne-rokavice-redvox-fomni\\\/#breadcrumb\",\"itemListElement\":[{\"@type\":\"ListItem\",\"position\":1,\"name\":\"Home\",\"item\":\"https:\\\/\\\/andpro.net\\\/\"},{\"@type\":\"ListItem\",\"position\":2,\"name\":\"Shop\",\"item\":\"https:\\\/\\\/andpro.net\\\/en\\\/shop\\\/\"},{\"@type\":\"ListItem\",\"position\":3,\"name\":\"REIS ZA\u0160\u010cITNE ROKAVICE REDVOX-FOMNI\"}]},{\"@type\":\"WebSite\",\"@id\":\"https:\\\/\\\/andpro.net\\\/de\\\/#website\",\"url\":\"https:\\\/\\\/andpro.net\\\/de\\\/\",\"name\":\"AndPro\",\"description\":\"The best decision\",\"publisher\":{\"@id\":\"https:\\\/\\\/andpro.net\\\/de\\\/#organization\"},\"potentialAction\":[{\"@type\":\"SearchAction\",\"target\":{\"@type\":\"EntryPoint\",\"urlTemplate\":\"https:\\\/\\\/andpro.net\\\/de\\\/?s={search_term_string}\"},\"query-input\":{\"@type\":\"PropertyValueSpecification\",\"valueRequired\":true,\"valueName\":\"search_term_string\"}}],\"inLanguage\":\"en-GB\"},{\"@type\":\"Organization\",\"@id\":\"https:\\\/\\\/andpro.net\\\/de\\\/#organization\",\"name\":\"AndPro\",\"url\":\"https:\\\/\\\/andpro.net\\\/de\\\/\",\"logo\":{\"@type\":\"ImageObject\",\"inLanguage\":\"en-GB\",\"@id\":\"https:\\\/\\\/andpro.net\\\/de\\\/#\\\/schema\\\/logo\\\/image\\\/\",\"url\":\"https:\\\/\\\/andpro.net\\\/wp-content\\\/uploads\\\/2023\\\/11\\\/logo_fix.png\",\"contentUrl\":\"https:\\\/\\\/andpro.net\\\/wp-content\\\/uploads\\\/2023\\\/11\\\/logo_fix.png\",\"width\":1244,\"height\":637,\"caption\":\"AndPro\"},\"image\":{\"@id\":\"https:\\\/\\\/andpro.net\\\/de\\\/#\\\/schema\\\/logo\\\/image\\\/\"}}]}<\/script>\n<!-- \/ Yoast SEO Premium plugin. -->","yoast_head_json":{"title":"REIS ZA\u0160\u010cITNE ROKAVICE REDVOX-FOMNI - AndPro","robots":{"index":"index","follow":"follow","max-snippet":"max-snippet:-1","max-image-preview":"max-image-preview:large","max-video-preview":"max-video-preview:-1"},"canonical":"https:\/\/andpro.net\/en\/product\/reis-zascitne-rokavice-redvox-fomni\/","og_locale":"en_GB","og_type":"article","og_title":"REIS ZA\u0160\u010cITNE ROKAVICE REDVOX-FOMNI","og_description":"Za\u0161\u010ditne rokavice s prevleko iz nitrila. &nbsp; Izdelane iz poliestra (\u0161iv 13), prevle\u010dene s \u010drnim nitrilom SCHAUM Zaokro\u017eene s \u010drno man\u0161eto So zelo pro\u017ene in se popolnoma prilegajo roki, zagotavljajo spretnost in odli\u010den ob\u010dutek za predmet, ki ga dr\u017eite Nitril pove\u010duje odpornost na ma\u0161\u010dobe in olja Uporabljajo se za splo\u0161na mehani\u010dna dela, v skladu s [&hellip;]","og_url":"https:\/\/andpro.net\/en\/product\/reis-zascitne-rokavice-redvox-fomni\/","og_site_name":"AndPro","article_modified_time":"2025-07-20T10:07:42+00:00","og_image":[{"width":783,"height":1024,"url":"https:\/\/andpro.net\/wp-content\/uploads\/2024\/06\/0045344128.jpg","type":"image\/jpeg"}],"twitter_card":"summary_large_image","twitter_misc":{"Estimated reading time":"1 minute"},"schema":{"@context":"https:\/\/schema.org","@graph":[{"@type":"WebPage","@id":"https:\/\/andpro.net\/product\/reis-zascitne-rokavice-redvox-fomni\/","url":"https:\/\/andpro.net\/product\/reis-zascitne-rokavice-redvox-fomni\/","name":"REIS ZA\u0160\u010cITNE ROKAVICE REDVOX-FOMNI - AndPro","isPartOf":{"@id":"https:\/\/andpro.net\/de\/#website"},"primaryImageOfPage":{"@id":"https:\/\/andpro.net\/product\/reis-zascitne-rokavice-redvox-fomni\/#primaryimage"},"image":{"@id":"https:\/\/andpro.net\/product\/reis-zascitne-rokavice-redvox-fomni\/#primaryimage"},"thumbnailUrl":"https:\/\/andpro.net\/wp-content\/uploads\/2024\/06\/0045344128.jpg","datePublished":"2024-06-11T10:31:09+00:00","dateModified":"2025-07-20T10:07:42+00:00","breadcrumb":{"@id":"https:\/\/andpro.net\/product\/reis-zascitne-rokavice-redvox-fomni\/#breadcrumb"},"inLanguage":"en-GB","potentialAction":[{"@type":"ReadAction","target":["https:\/\/andpro.net\/product\/reis-zascitne-rokavice-redvox-fomni\/"]}]},{"@type":"ImageObject","inLanguage":"en-GB","@id":"https:\/\/andpro.net\/product\/reis-zascitne-rokavice-redvox-fomni\/#primaryimage","url":"https:\/\/andpro.net\/wp-content\/uploads\/2024\/06\/0045344128.jpg","contentUrl":"https:\/\/andpro.net\/wp-content\/uploads\/2024\/06\/0045344128.jpg","width":783,"height":1024},{"@type":"BreadcrumbList","@id":"https:\/\/andpro.net\/product\/reis-zascitne-rokavice-redvox-fomni\/#breadcrumb","itemListElement":[{"@type":"ListItem","position":1,"name":"Home","item":"https:\/\/andpro.net\/"},{"@type":"ListItem","position":2,"name":"Shop","item":"https:\/\/andpro.net\/en\/shop\/"},{"@type":"ListItem","position":3,"name":"REIS ZA\u0160\u010cITNE ROKAVICE REDVOX-FOMNI"}]},{"@type":"WebSite","@id":"https:\/\/andpro.net\/de\/#website","url":"https:\/\/andpro.net\/de\/","name":"AndPro","description":"The best decision","publisher":{"@id":"https:\/\/andpro.net\/de\/#organization"},"potentialAction":[{"@type":"SearchAction","target":{"@type":"EntryPoint","urlTemplate":"https:\/\/andpro.net\/de\/?s={search_term_string}"},"query-input":{"@type":"PropertyValueSpecification","valueRequired":true,"valueName":"search_term_string"}}],"inLanguage":"en-GB"},{"@type":"Organization","@id":"https:\/\/andpro.net\/de\/#organization","name":"AndPro","url":"https:\/\/andpro.net\/de\/","logo":{"@type":"ImageObject","inLanguage":"en-GB","@id":"https:\/\/andpro.net\/de\/#\/schema\/logo\/image\/","url":"https:\/\/andpro.net\/wp-content\/uploads\/2023\/11\/logo_fix.png","contentUrl":"https:\/\/andpro.net\/wp-content\/uploads\/2023\/11\/logo_fix.png","width":1244,"height":637,"caption":"AndPro"},"image":{"@id":"https:\/\/andpro.net\/de\/#\/schema\/logo\/image\/"}}]}},"_links":{"self":[{"href":"https:\/\/andpro.net\/en\/wp-json\/wp\/v2\/product\/8923","targetHints":{"allow":["GET"]}}],"collection":[{"href":"https:\/\/andpro.net\/en\/wp-json\/wp\/v2\/product"}],"about":[{"href":"https:\/\/andpro.net\/en\/wp-json\/wp\/v2\/types\/product"}],"wp:featuredmedia":[{"embeddable":true,"href":"https:\/\/andpro.net\/en\/wp-json\/wp\/v2\/media\/8924"}],"wp:attachment":[{"href":"https:\/\/andpro.net\/en\/wp-json\/wp\/v2\/media?parent=8923"}],"wp:term":[{"taxonomy":"product_brand","embeddable":true,"href":"https:\/\/andpro.net\/en\/wp-json\/wp\/v2\/product_brand?post=8923"},{"taxonomy":"product_cat","embeddable":true,"href":"https:\/\/andpro.net\/en\/wp-json\/wp\/v2\/product_cat?post=8923"},{"taxonomy":"product_tag","embeddable":true,"href":"https:\/\/andpro.net\/en\/wp-json\/wp\/v2\/product_tag?post=8923"}],"curies":[{"name":"wp","href":"https:\/\/api.w.org\/{rel}","templated":true}]}}