{"id":8925,"date":"2024-06-11T11:35:54","date_gmt":"2024-06-11T10:35:54","guid":{"rendered":"https:\/\/andpro.net\/?post_type=product&#038;p=8925"},"modified":"2025-07-20T11:06:50","modified_gmt":"2025-07-20T10:06:50","slug":"reis-zascitna-ocala-oo-cansas","status":"publish","type":"product","link":"https:\/\/andpro.net\/en\/product\/reis-zascitna-ocala-oo-cansas\/","title":{"rendered":"REIS ZA\u0160\u010cITNA O\u010cALA OO-CANSAS"},"content":{"rendered":"<p>O\u010dala za za\u0161\u010dito pred razbitinami.<\/p>\n<p>&nbsp;<\/p>\n<p>Opti\u010dni razred 1<\/p>\n<p>Le\u010de iz polikarbonata;<\/p>\n<p>za za\u0161\u010dito o\u010di pred razbitinami trdnih predmetov, ki nastanejo pri ro\u010dni in mehanski obdelavi kovin, lesa itd.<\/p>\n<p>Zagotavljajo za\u0161\u010dito pred majhnimi brizgami trdnih teles z energijo udarca do 45 m\/s (F);<\/p>\n<p>izpolnjujejo zahteve standarda EN166<\/p>","protected":false},"excerpt":{"rendered":"<p>O\u010dala za za\u0161\u010dito pred razbitinami. &nbsp; Opti\u010dni razred 1 Le\u010de iz polikarbonata; za za\u0161\u010dito o\u010di pred razbitinami trdnih predmetov, ki nastanejo pri ro\u010dni in mehanski obdelavi kovin, lesa itd. Zagotavljajo za\u0161\u010dito pred majhnimi brizgami trdnih teles z energijo udarca do 45 m\/s (F); izpolnjujejo zahteve standarda EN166<\/p>","protected":false},"featured_media":8926,"template":"","meta":[],"product_brand":[],"product_cat":[24,214,136],"product_tag":[],"class_list":{"0":"post-8925","1":"product","2":"type-product","3":"status-publish","4":"has-post-thumbnail","6":"product_cat-zascita-glave","7":"product_cat-zascita-za-glavo-2","8":"product_cat-zascita-za-oci","10":"first","11":"onbackorder","12":"taxable","13":"shipping-taxable","14":"purchasable","15":"product-type-simple"},"bundled_by":[],"bundle_stock_status":"onbackorder","bundle_stock_quantity":null,"bundle_virtual":false,"bundle_layout":"","bundle_add_to_cart_form_location":"","bundle_editable_in_cart":false,"bundle_sold_individually_context":"","bundle_item_grouping":"","bundle_min_size":"","bundle_max_size":"","bundle_price":[],"bundled_items":[],"bundle_sell_ids":[],"group_of_quantity":0,"min_quantity":20,"max_quantity":"","exclude_order_quantity_value_rules":"no","exclude_category_quantity_rules":"no","combine_variations":"no","yoast_head":"<!-- This site is optimized with the Yoast SEO Premium plugin v23.9 (Yoast SEO v27.3) - https:\/\/yoast.com\/product\/yoast-seo-premium-wordpress\/ -->\n<title>REIS ZA\u0160\u010cITNA O\u010cALA OO-CANSAS - AndPro<\/title>\n<meta name=\"robots\" content=\"index, follow, max-snippet:-1, max-image-preview:large, max-video-preview:-1\" \/>\n<link rel=\"canonical\" href=\"https:\/\/andpro.net\/en\/product\/reis-zascitna-ocala-oo-cansas\/\" \/>\n<meta property=\"og:locale\" content=\"en_GB\" \/>\n<meta property=\"og:type\" content=\"article\" \/>\n<meta property=\"og:title\" content=\"REIS ZA\u0160\u010cITNA O\u010cALA OO-CANSAS\" \/>\n<meta property=\"og:description\" content=\"O\u010dala za za\u0161\u010dito pred razbitinami. &nbsp; Opti\u010dni razred 1 Le\u010de iz polikarbonata; za za\u0161\u010dito o\u010di pred razbitinami trdnih predmetov, ki nastanejo pri ro\u010dni in mehanski obdelavi kovin, lesa itd. Zagotavljajo za\u0161\u010dito pred majhnimi brizgami trdnih teles z energijo udarca do 45 m\/s (F); izpolnjujejo zahteve standarda EN166\" \/>\n<meta property=\"og:url\" content=\"https:\/\/andpro.net\/en\/product\/reis-zascitna-ocala-oo-cansas\/\" \/>\n<meta property=\"og:site_name\" content=\"AndPro\" \/>\n<meta property=\"article:modified_time\" content=\"2025-07-20T10:06:50+00:00\" \/>\n<meta property=\"og:image\" content=\"https:\/\/andpro.net\/wp-content\/uploads\/2024\/06\/0058814688.jpg\" \/>\n\t<meta property=\"og:image:width\" content=\"1024\" \/>\n\t<meta property=\"og:image:height\" content=\"485\" \/>\n\t<meta property=\"og:image:type\" content=\"image\/jpeg\" \/>\n<meta name=\"twitter:card\" content=\"summary_large_image\" \/>\n<meta name=\"twitter:label1\" content=\"Estimated reading time\" \/>\n\t<meta name=\"twitter:data1\" content=\"1 minute\" \/>\n<script type=\"application\/ld+json\" class=\"yoast-schema-graph\">{\"@context\":\"https:\\\/\\\/schema.org\",\"@graph\":[{\"@type\":\"WebPage\",\"@id\":\"https:\\\/\\\/andpro.net\\\/product\\\/reis-zascitna-ocala-oo-cansas\\\/\",\"url\":\"https:\\\/\\\/andpro.net\\\/product\\\/reis-zascitna-ocala-oo-cansas\\\/\",\"name\":\"REIS ZA\u0160\u010cITNA O\u010cALA OO-CANSAS - AndPro\",\"isPartOf\":{\"@id\":\"https:\\\/\\\/andpro.net\\\/de\\\/#website\"},\"primaryImageOfPage\":{\"@id\":\"https:\\\/\\\/andpro.net\\\/product\\\/reis-zascitna-ocala-oo-cansas\\\/#primaryimage\"},\"image\":{\"@id\":\"https:\\\/\\\/andpro.net\\\/product\\\/reis-zascitna-ocala-oo-cansas\\\/#primaryimage\"},\"thumbnailUrl\":\"https:\\\/\\\/andpro.net\\\/wp-content\\\/uploads\\\/2024\\\/06\\\/0058814688.jpg\",\"datePublished\":\"2024-06-11T10:35:54+00:00\",\"dateModified\":\"2025-07-20T10:06:50+00:00\",\"breadcrumb\":{\"@id\":\"https:\\\/\\\/andpro.net\\\/product\\\/reis-zascitna-ocala-oo-cansas\\\/#breadcrumb\"},\"inLanguage\":\"en-GB\",\"potentialAction\":[{\"@type\":\"ReadAction\",\"target\":[\"https:\\\/\\\/andpro.net\\\/product\\\/reis-zascitna-ocala-oo-cansas\\\/\"]}]},{\"@type\":\"ImageObject\",\"inLanguage\":\"en-GB\",\"@id\":\"https:\\\/\\\/andpro.net\\\/product\\\/reis-zascitna-ocala-oo-cansas\\\/#primaryimage\",\"url\":\"https:\\\/\\\/andpro.net\\\/wp-content\\\/uploads\\\/2024\\\/06\\\/0058814688.jpg\",\"contentUrl\":\"https:\\\/\\\/andpro.net\\\/wp-content\\\/uploads\\\/2024\\\/06\\\/0058814688.jpg\",\"width\":1024,\"height\":485},{\"@type\":\"BreadcrumbList\",\"@id\":\"https:\\\/\\\/andpro.net\\\/product\\\/reis-zascitna-ocala-oo-cansas\\\/#breadcrumb\",\"itemListElement\":[{\"@type\":\"ListItem\",\"position\":1,\"name\":\"Home\",\"item\":\"https:\\\/\\\/andpro.net\\\/\"},{\"@type\":\"ListItem\",\"position\":2,\"name\":\"Shop\",\"item\":\"https:\\\/\\\/andpro.net\\\/en\\\/shop\\\/\"},{\"@type\":\"ListItem\",\"position\":3,\"name\":\"REIS ZA\u0160\u010cITNA O\u010cALA OO-CANSAS\"}]},{\"@type\":\"WebSite\",\"@id\":\"https:\\\/\\\/andpro.net\\\/de\\\/#website\",\"url\":\"https:\\\/\\\/andpro.net\\\/de\\\/\",\"name\":\"AndPro\",\"description\":\"The best decision\",\"publisher\":{\"@id\":\"https:\\\/\\\/andpro.net\\\/de\\\/#organization\"},\"potentialAction\":[{\"@type\":\"SearchAction\",\"target\":{\"@type\":\"EntryPoint\",\"urlTemplate\":\"https:\\\/\\\/andpro.net\\\/de\\\/?s={search_term_string}\"},\"query-input\":{\"@type\":\"PropertyValueSpecification\",\"valueRequired\":true,\"valueName\":\"search_term_string\"}}],\"inLanguage\":\"en-GB\"},{\"@type\":\"Organization\",\"@id\":\"https:\\\/\\\/andpro.net\\\/de\\\/#organization\",\"name\":\"AndPro\",\"url\":\"https:\\\/\\\/andpro.net\\\/de\\\/\",\"logo\":{\"@type\":\"ImageObject\",\"inLanguage\":\"en-GB\",\"@id\":\"https:\\\/\\\/andpro.net\\\/de\\\/#\\\/schema\\\/logo\\\/image\\\/\",\"url\":\"https:\\\/\\\/andpro.net\\\/wp-content\\\/uploads\\\/2023\\\/11\\\/logo_fix.png\",\"contentUrl\":\"https:\\\/\\\/andpro.net\\\/wp-content\\\/uploads\\\/2023\\\/11\\\/logo_fix.png\",\"width\":1244,\"height\":637,\"caption\":\"AndPro\"},\"image\":{\"@id\":\"https:\\\/\\\/andpro.net\\\/de\\\/#\\\/schema\\\/logo\\\/image\\\/\"}}]}<\/script>\n<!-- \/ Yoast SEO Premium plugin. -->","yoast_head_json":{"title":"REIS ZA\u0160\u010cITNA O\u010cALA OO-CANSAS - AndPro","robots":{"index":"index","follow":"follow","max-snippet":"max-snippet:-1","max-image-preview":"max-image-preview:large","max-video-preview":"max-video-preview:-1"},"canonical":"https:\/\/andpro.net\/en\/product\/reis-zascitna-ocala-oo-cansas\/","og_locale":"en_GB","og_type":"article","og_title":"REIS ZA\u0160\u010cITNA O\u010cALA OO-CANSAS","og_description":"O\u010dala za za\u0161\u010dito pred razbitinami. &nbsp; Opti\u010dni razred 1 Le\u010de iz polikarbonata; za za\u0161\u010dito o\u010di pred razbitinami trdnih predmetov, ki nastanejo pri ro\u010dni in mehanski obdelavi kovin, lesa itd. Zagotavljajo za\u0161\u010dito pred majhnimi brizgami trdnih teles z energijo udarca do 45 m\/s (F); izpolnjujejo zahteve standarda EN166","og_url":"https:\/\/andpro.net\/en\/product\/reis-zascitna-ocala-oo-cansas\/","og_site_name":"AndPro","article_modified_time":"2025-07-20T10:06:50+00:00","og_image":[{"width":1024,"height":485,"url":"https:\/\/andpro.net\/wp-content\/uploads\/2024\/06\/0058814688.jpg","type":"image\/jpeg"}],"twitter_card":"summary_large_image","twitter_misc":{"Estimated reading time":"1 minute"},"schema":{"@context":"https:\/\/schema.org","@graph":[{"@type":"WebPage","@id":"https:\/\/andpro.net\/product\/reis-zascitna-ocala-oo-cansas\/","url":"https:\/\/andpro.net\/product\/reis-zascitna-ocala-oo-cansas\/","name":"REIS ZA\u0160\u010cITNA O\u010cALA OO-CANSAS - AndPro","isPartOf":{"@id":"https:\/\/andpro.net\/de\/#website"},"primaryImageOfPage":{"@id":"https:\/\/andpro.net\/product\/reis-zascitna-ocala-oo-cansas\/#primaryimage"},"image":{"@id":"https:\/\/andpro.net\/product\/reis-zascitna-ocala-oo-cansas\/#primaryimage"},"thumbnailUrl":"https:\/\/andpro.net\/wp-content\/uploads\/2024\/06\/0058814688.jpg","datePublished":"2024-06-11T10:35:54+00:00","dateModified":"2025-07-20T10:06:50+00:00","breadcrumb":{"@id":"https:\/\/andpro.net\/product\/reis-zascitna-ocala-oo-cansas\/#breadcrumb"},"inLanguage":"en-GB","potentialAction":[{"@type":"ReadAction","target":["https:\/\/andpro.net\/product\/reis-zascitna-ocala-oo-cansas\/"]}]},{"@type":"ImageObject","inLanguage":"en-GB","@id":"https:\/\/andpro.net\/product\/reis-zascitna-ocala-oo-cansas\/#primaryimage","url":"https:\/\/andpro.net\/wp-content\/uploads\/2024\/06\/0058814688.jpg","contentUrl":"https:\/\/andpro.net\/wp-content\/uploads\/2024\/06\/0058814688.jpg","width":1024,"height":485},{"@type":"BreadcrumbList","@id":"https:\/\/andpro.net\/product\/reis-zascitna-ocala-oo-cansas\/#breadcrumb","itemListElement":[{"@type":"ListItem","position":1,"name":"Home","item":"https:\/\/andpro.net\/"},{"@type":"ListItem","position":2,"name":"Shop","item":"https:\/\/andpro.net\/en\/shop\/"},{"@type":"ListItem","position":3,"name":"REIS ZA\u0160\u010cITNA O\u010cALA OO-CANSAS"}]},{"@type":"WebSite","@id":"https:\/\/andpro.net\/de\/#website","url":"https:\/\/andpro.net\/de\/","name":"AndPro","description":"The best decision","publisher":{"@id":"https:\/\/andpro.net\/de\/#organization"},"potentialAction":[{"@type":"SearchAction","target":{"@type":"EntryPoint","urlTemplate":"https:\/\/andpro.net\/de\/?s={search_term_string}"},"query-input":{"@type":"PropertyValueSpecification","valueRequired":true,"valueName":"search_term_string"}}],"inLanguage":"en-GB"},{"@type":"Organization","@id":"https:\/\/andpro.net\/de\/#organization","name":"AndPro","url":"https:\/\/andpro.net\/de\/","logo":{"@type":"ImageObject","inLanguage":"en-GB","@id":"https:\/\/andpro.net\/de\/#\/schema\/logo\/image\/","url":"https:\/\/andpro.net\/wp-content\/uploads\/2023\/11\/logo_fix.png","contentUrl":"https:\/\/andpro.net\/wp-content\/uploads\/2023\/11\/logo_fix.png","width":1244,"height":637,"caption":"AndPro"},"image":{"@id":"https:\/\/andpro.net\/de\/#\/schema\/logo\/image\/"}}]}},"_links":{"self":[{"href":"https:\/\/andpro.net\/en\/wp-json\/wp\/v2\/product\/8925","targetHints":{"allow":["GET"]}}],"collection":[{"href":"https:\/\/andpro.net\/en\/wp-json\/wp\/v2\/product"}],"about":[{"href":"https:\/\/andpro.net\/en\/wp-json\/wp\/v2\/types\/product"}],"wp:featuredmedia":[{"embeddable":true,"href":"https:\/\/andpro.net\/en\/wp-json\/wp\/v2\/media\/8926"}],"wp:attachment":[{"href":"https:\/\/andpro.net\/en\/wp-json\/wp\/v2\/media?parent=8925"}],"wp:term":[{"taxonomy":"product_brand","embeddable":true,"href":"https:\/\/andpro.net\/en\/wp-json\/wp\/v2\/product_brand?post=8925"},{"taxonomy":"product_cat","embeddable":true,"href":"https:\/\/andpro.net\/en\/wp-json\/wp\/v2\/product_cat?post=8925"},{"taxonomy":"product_tag","embeddable":true,"href":"https:\/\/andpro.net\/en\/wp-json\/wp\/v2\/product_tag?post=8925"}],"curies":[{"name":"wp","href":"https:\/\/api.w.org\/{rel}","templated":true}]}}