{"id":9011,"date":"2024-06-12T13:09:00","date_gmt":"2024-06-12T12:09:00","guid":{"rendered":"https:\/\/andpro.net\/?post_type=product&#038;p=9011"},"modified":"2025-07-20T11:04:57","modified_gmt":"2025-07-20T10:04:57","slug":"reis-zascitna-celada-kaspe-54-62","status":"publish","type":"product","link":"https:\/\/andpro.net\/en\/product\/reis-zascitna-celada-kaspe-54-62\/","title":{"rendered":"REIS ZA\u0160\u010cITNA \u010cELADA KASPE 54-62"},"content":{"rendered":"<p>\u010celada iz HDPE; KASPE 54-62<\/p>\n<p>&nbsp;<\/p>\n<p>Prilagoditev obsega glavnega traku, da se \u010delada prilega glavi<\/p>\n<p>6-to\u010dkovni plasti\u010dni trak s tekstilnim potnim trakom, ki se prilagaja obliki uporabnikove glave<\/p>\n<p>Velika povr\u0161ina za namestitev logotipa na sprednji, zadnji in stranski strani \u010delade<\/p>\n<p>Zagotavlja za\u0161\u010dito pred padajo\u010dimi predmeti v skladu s standardom EN397,<\/p>\n<p>\u0161\u010diti pred elektri\u010dnim udarom pri izmeni\u010dnem toku 440 V<\/p>\n<p>&nbsp;<\/p>\n<p>VELIKOST 54-62<\/p>","protected":false},"excerpt":{"rendered":"<p>\u010celada iz HDPE; KASPE 54-62 &nbsp; Prilagoditev obsega glavnega traku, da se \u010delada prilega glavi 6-to\u010dkovni plasti\u010dni trak s tekstilnim potnim trakom, ki se prilagaja obliki uporabnikove glave Velika povr\u0161ina za namestitev logotipa na sprednji, zadnji in stranski strani \u010delade Zagotavlja za\u0161\u010dito pred padajo\u010dimi predmeti v skladu s standardom EN397, \u0161\u010diti pred elektri\u010dnim udarom pri [&hellip;]<\/p>","protected":false},"featured_media":9020,"template":"","meta":[],"product_brand":[],"product_cat":[24,128],"product_tag":[],"class_list":{"0":"post-9011","1":"product","2":"type-product","3":"status-publish","4":"has-post-thumbnail","6":"product_cat-zascita-glave","7":"product_cat-zascita-za-glavo","9":"first","10":"onbackorder","11":"taxable","12":"shipping-taxable","13":"purchasable","14":"product-type-variable"},"bundled_by":[],"bundle_stock_status":"onbackorder","bundle_stock_quantity":null,"bundle_virtual":false,"bundle_layout":"","bundle_add_to_cart_form_location":"","bundle_editable_in_cart":false,"bundle_sold_individually_context":"","bundle_item_grouping":"","bundle_min_size":"","bundle_max_size":"","bundle_price":[],"bundled_items":[],"bundle_sell_ids":[],"group_of_quantity":0,"min_quantity":0,"max_quantity":"","exclude_order_quantity_value_rules":"no","exclude_category_quantity_rules":"no","combine_variations":"no","yoast_head":"<!-- This site is optimized with the Yoast SEO Premium plugin v23.9 (Yoast SEO v27.3) - https:\/\/yoast.com\/product\/yoast-seo-premium-wordpress\/ -->\n<title>REIS ZA\u0160\u010cITNA \u010cELADA KASPE 54-62 - AndPro<\/title>\n<meta name=\"robots\" content=\"index, follow, max-snippet:-1, max-image-preview:large, max-video-preview:-1\" \/>\n<link rel=\"canonical\" href=\"https:\/\/andpro.net\/en\/product\/reis-zascitna-celada-kaspe-54-62\/\" \/>\n<meta property=\"og:locale\" content=\"en_GB\" \/>\n<meta property=\"og:type\" content=\"article\" \/>\n<meta property=\"og:title\" content=\"REIS ZA\u0160\u010cITNA \u010cELADA KASPE 54-62\" \/>\n<meta property=\"og:description\" content=\"\u010celada iz HDPE; KASPE 54-62 &nbsp; Prilagoditev obsega glavnega traku, da se \u010delada prilega glavi 6-to\u010dkovni plasti\u010dni trak s tekstilnim potnim trakom, ki se prilagaja obliki uporabnikove glave Velika povr\u0161ina za namestitev logotipa na sprednji, zadnji in stranski strani \u010delade Zagotavlja za\u0161\u010dito pred padajo\u010dimi predmeti v skladu s standardom EN397, \u0161\u010diti pred elektri\u010dnim udarom pri [&hellip;]\" \/>\n<meta property=\"og:url\" content=\"https:\/\/andpro.net\/en\/product\/reis-zascitna-celada-kaspe-54-62\/\" \/>\n<meta property=\"og:site_name\" content=\"AndPro\" \/>\n<meta property=\"article:modified_time\" content=\"2025-07-20T10:04:57+00:00\" \/>\n<meta property=\"og:image\" content=\"https:\/\/andpro.net\/wp-content\/uploads\/2024\/06\/0058528832.jpg\" \/>\n\t<meta property=\"og:image:width\" content=\"1024\" \/>\n\t<meta property=\"og:image:height\" content=\"665\" \/>\n\t<meta property=\"og:image:type\" content=\"image\/jpeg\" \/>\n<meta name=\"twitter:card\" content=\"summary_large_image\" \/>\n<meta name=\"twitter:label1\" content=\"Estimated reading time\" \/>\n\t<meta name=\"twitter:data1\" content=\"1 minute\" \/>\n<script type=\"application\/ld+json\" class=\"yoast-schema-graph\">{\"@context\":\"https:\\\/\\\/schema.org\",\"@graph\":[{\"@type\":\"WebPage\",\"@id\":\"https:\\\/\\\/andpro.net\\\/product\\\/reis-zascitna-celada-kaspe-54-62\\\/\",\"url\":\"https:\\\/\\\/andpro.net\\\/product\\\/reis-zascitna-celada-kaspe-54-62\\\/\",\"name\":\"REIS ZA\u0160\u010cITNA \u010cELADA KASPE 54-62 - AndPro\",\"isPartOf\":{\"@id\":\"https:\\\/\\\/andpro.net\\\/de\\\/#website\"},\"primaryImageOfPage\":{\"@id\":\"https:\\\/\\\/andpro.net\\\/product\\\/reis-zascitna-celada-kaspe-54-62\\\/#primaryimage\"},\"image\":{\"@id\":\"https:\\\/\\\/andpro.net\\\/product\\\/reis-zascitna-celada-kaspe-54-62\\\/#primaryimage\"},\"thumbnailUrl\":\"https:\\\/\\\/andpro.net\\\/wp-content\\\/uploads\\\/2024\\\/06\\\/0058528832.jpg\",\"datePublished\":\"2024-06-12T12:09:00+00:00\",\"dateModified\":\"2025-07-20T10:04:57+00:00\",\"breadcrumb\":{\"@id\":\"https:\\\/\\\/andpro.net\\\/product\\\/reis-zascitna-celada-kaspe-54-62\\\/#breadcrumb\"},\"inLanguage\":\"en-GB\",\"potentialAction\":[{\"@type\":\"ReadAction\",\"target\":[\"https:\\\/\\\/andpro.net\\\/product\\\/reis-zascitna-celada-kaspe-54-62\\\/\"]}]},{\"@type\":\"ImageObject\",\"inLanguage\":\"en-GB\",\"@id\":\"https:\\\/\\\/andpro.net\\\/product\\\/reis-zascitna-celada-kaspe-54-62\\\/#primaryimage\",\"url\":\"https:\\\/\\\/andpro.net\\\/wp-content\\\/uploads\\\/2024\\\/06\\\/0058528832.jpg\",\"contentUrl\":\"https:\\\/\\\/andpro.net\\\/wp-content\\\/uploads\\\/2024\\\/06\\\/0058528832.jpg\",\"width\":1024,\"height\":665},{\"@type\":\"BreadcrumbList\",\"@id\":\"https:\\\/\\\/andpro.net\\\/product\\\/reis-zascitna-celada-kaspe-54-62\\\/#breadcrumb\",\"itemListElement\":[{\"@type\":\"ListItem\",\"position\":1,\"name\":\"Home\",\"item\":\"https:\\\/\\\/andpro.net\\\/\"},{\"@type\":\"ListItem\",\"position\":2,\"name\":\"Shop\",\"item\":\"https:\\\/\\\/andpro.net\\\/en\\\/shop\\\/\"},{\"@type\":\"ListItem\",\"position\":3,\"name\":\"REIS ZA\u0160\u010cITNA \u010cELADA KASPE 54-62\"}]},{\"@type\":\"WebSite\",\"@id\":\"https:\\\/\\\/andpro.net\\\/de\\\/#website\",\"url\":\"https:\\\/\\\/andpro.net\\\/de\\\/\",\"name\":\"AndPro\",\"description\":\"The best decision\",\"publisher\":{\"@id\":\"https:\\\/\\\/andpro.net\\\/de\\\/#organization\"},\"potentialAction\":[{\"@type\":\"SearchAction\",\"target\":{\"@type\":\"EntryPoint\",\"urlTemplate\":\"https:\\\/\\\/andpro.net\\\/de\\\/?s={search_term_string}\"},\"query-input\":{\"@type\":\"PropertyValueSpecification\",\"valueRequired\":true,\"valueName\":\"search_term_string\"}}],\"inLanguage\":\"en-GB\"},{\"@type\":\"Organization\",\"@id\":\"https:\\\/\\\/andpro.net\\\/de\\\/#organization\",\"name\":\"AndPro\",\"url\":\"https:\\\/\\\/andpro.net\\\/de\\\/\",\"logo\":{\"@type\":\"ImageObject\",\"inLanguage\":\"en-GB\",\"@id\":\"https:\\\/\\\/andpro.net\\\/de\\\/#\\\/schema\\\/logo\\\/image\\\/\",\"url\":\"https:\\\/\\\/andpro.net\\\/wp-content\\\/uploads\\\/2023\\\/11\\\/logo_fix.png\",\"contentUrl\":\"https:\\\/\\\/andpro.net\\\/wp-content\\\/uploads\\\/2023\\\/11\\\/logo_fix.png\",\"width\":1244,\"height\":637,\"caption\":\"AndPro\"},\"image\":{\"@id\":\"https:\\\/\\\/andpro.net\\\/de\\\/#\\\/schema\\\/logo\\\/image\\\/\"}}]}<\/script>\n<!-- \/ Yoast SEO Premium plugin. -->","yoast_head_json":{"title":"REIS ZA\u0160\u010cITNA \u010cELADA KASPE 54-62 - AndPro","robots":{"index":"index","follow":"follow","max-snippet":"max-snippet:-1","max-image-preview":"max-image-preview:large","max-video-preview":"max-video-preview:-1"},"canonical":"https:\/\/andpro.net\/en\/product\/reis-zascitna-celada-kaspe-54-62\/","og_locale":"en_GB","og_type":"article","og_title":"REIS ZA\u0160\u010cITNA \u010cELADA KASPE 54-62","og_description":"\u010celada iz HDPE; KASPE 54-62 &nbsp; Prilagoditev obsega glavnega traku, da se \u010delada prilega glavi 6-to\u010dkovni plasti\u010dni trak s tekstilnim potnim trakom, ki se prilagaja obliki uporabnikove glave Velika povr\u0161ina za namestitev logotipa na sprednji, zadnji in stranski strani \u010delade Zagotavlja za\u0161\u010dito pred padajo\u010dimi predmeti v skladu s standardom EN397, \u0161\u010diti pred elektri\u010dnim udarom pri [&hellip;]","og_url":"https:\/\/andpro.net\/en\/product\/reis-zascitna-celada-kaspe-54-62\/","og_site_name":"AndPro","article_modified_time":"2025-07-20T10:04:57+00:00","og_image":[{"width":1024,"height":665,"url":"https:\/\/andpro.net\/wp-content\/uploads\/2024\/06\/0058528832.jpg","type":"image\/jpeg"}],"twitter_card":"summary_large_image","twitter_misc":{"Estimated reading time":"1 minute"},"schema":{"@context":"https:\/\/schema.org","@graph":[{"@type":"WebPage","@id":"https:\/\/andpro.net\/product\/reis-zascitna-celada-kaspe-54-62\/","url":"https:\/\/andpro.net\/product\/reis-zascitna-celada-kaspe-54-62\/","name":"REIS ZA\u0160\u010cITNA \u010cELADA KASPE 54-62 - AndPro","isPartOf":{"@id":"https:\/\/andpro.net\/de\/#website"},"primaryImageOfPage":{"@id":"https:\/\/andpro.net\/product\/reis-zascitna-celada-kaspe-54-62\/#primaryimage"},"image":{"@id":"https:\/\/andpro.net\/product\/reis-zascitna-celada-kaspe-54-62\/#primaryimage"},"thumbnailUrl":"https:\/\/andpro.net\/wp-content\/uploads\/2024\/06\/0058528832.jpg","datePublished":"2024-06-12T12:09:00+00:00","dateModified":"2025-07-20T10:04:57+00:00","breadcrumb":{"@id":"https:\/\/andpro.net\/product\/reis-zascitna-celada-kaspe-54-62\/#breadcrumb"},"inLanguage":"en-GB","potentialAction":[{"@type":"ReadAction","target":["https:\/\/andpro.net\/product\/reis-zascitna-celada-kaspe-54-62\/"]}]},{"@type":"ImageObject","inLanguage":"en-GB","@id":"https:\/\/andpro.net\/product\/reis-zascitna-celada-kaspe-54-62\/#primaryimage","url":"https:\/\/andpro.net\/wp-content\/uploads\/2024\/06\/0058528832.jpg","contentUrl":"https:\/\/andpro.net\/wp-content\/uploads\/2024\/06\/0058528832.jpg","width":1024,"height":665},{"@type":"BreadcrumbList","@id":"https:\/\/andpro.net\/product\/reis-zascitna-celada-kaspe-54-62\/#breadcrumb","itemListElement":[{"@type":"ListItem","position":1,"name":"Home","item":"https:\/\/andpro.net\/"},{"@type":"ListItem","position":2,"name":"Shop","item":"https:\/\/andpro.net\/en\/shop\/"},{"@type":"ListItem","position":3,"name":"REIS ZA\u0160\u010cITNA \u010cELADA KASPE 54-62"}]},{"@type":"WebSite","@id":"https:\/\/andpro.net\/de\/#website","url":"https:\/\/andpro.net\/de\/","name":"AndPro","description":"The best decision","publisher":{"@id":"https:\/\/andpro.net\/de\/#organization"},"potentialAction":[{"@type":"SearchAction","target":{"@type":"EntryPoint","urlTemplate":"https:\/\/andpro.net\/de\/?s={search_term_string}"},"query-input":{"@type":"PropertyValueSpecification","valueRequired":true,"valueName":"search_term_string"}}],"inLanguage":"en-GB"},{"@type":"Organization","@id":"https:\/\/andpro.net\/de\/#organization","name":"AndPro","url":"https:\/\/andpro.net\/de\/","logo":{"@type":"ImageObject","inLanguage":"en-GB","@id":"https:\/\/andpro.net\/de\/#\/schema\/logo\/image\/","url":"https:\/\/andpro.net\/wp-content\/uploads\/2023\/11\/logo_fix.png","contentUrl":"https:\/\/andpro.net\/wp-content\/uploads\/2023\/11\/logo_fix.png","width":1244,"height":637,"caption":"AndPro"},"image":{"@id":"https:\/\/andpro.net\/de\/#\/schema\/logo\/image\/"}}]}},"_links":{"self":[{"href":"https:\/\/andpro.net\/en\/wp-json\/wp\/v2\/product\/9011","targetHints":{"allow":["GET"]}}],"collection":[{"href":"https:\/\/andpro.net\/en\/wp-json\/wp\/v2\/product"}],"about":[{"href":"https:\/\/andpro.net\/en\/wp-json\/wp\/v2\/types\/product"}],"wp:featuredmedia":[{"embeddable":true,"href":"https:\/\/andpro.net\/en\/wp-json\/wp\/v2\/media\/9020"}],"wp:attachment":[{"href":"https:\/\/andpro.net\/en\/wp-json\/wp\/v2\/media?parent=9011"}],"wp:term":[{"taxonomy":"product_brand","embeddable":true,"href":"https:\/\/andpro.net\/en\/wp-json\/wp\/v2\/product_brand?post=9011"},{"taxonomy":"product_cat","embeddable":true,"href":"https:\/\/andpro.net\/en\/wp-json\/wp\/v2\/product_cat?post=9011"},{"taxonomy":"product_tag","embeddable":true,"href":"https:\/\/andpro.net\/en\/wp-json\/wp\/v2\/product_tag?post=9011"}],"curies":[{"name":"wp","href":"https:\/\/api.w.org\/{rel}","templated":true}]}}