{"id":9609,"date":"2024-10-21T18:43:04","date_gmt":"2024-10-21T17:43:04","guid":{"rendered":"https:\/\/andpro.net\/?post_type=product&#038;p=9609"},"modified":"2025-07-20T10:55:51","modified_gmt":"2025-07-20T09:55:51","slug":"honeywell-esd-varnostni-cevlji-hw-sprint-p","status":"publish","type":"product","link":"https:\/\/andpro.net\/en\/product\/honeywell-esd-varnostni-cevlji-hw-sprint-p\/","title":{"rendered":"HONEYWELL ESD SAFETY SHOES HW-SPRINT-P"},"content":{"rendered":"<p><strong>Safety shoes HONEYWELL_SPRINT-P LOW.<\/strong><\/p>\n<ul>\n<li>Waterproof leather upper with textile inserts<\/li>\n<li>exceptional comfort and reduced perspiration thanks to the optimally fitting and breathable 3D mesh lining that surrounds the inside of the shoe<\/li>\n<li>izjemno lahek za\u0161\u010ditni pokrov\u010dek za prste brez kovin<\/li>\n<li>\u2013 puncture protection in the form of a non-metallic and non-magnetic FLEXIUM insert<\/li>\n<li>- non-slip PU2D sole made of two layers of polyurethane of different densities<\/li>\n<li>\u2013 excellent insulation of the sole against heat (HI) and cold (CI)<\/li>\n<li>Four triangular wear indicators at key points on the sole allow independent assessment and monitoring of wear levels<\/li>\n<li>Universal non-slip tread suitable for work on all surfaces<\/li>\n<li>Increased traction due to channels that drain fluid from under the soles<\/li>\n<li>Energy absorption in the heel area<\/li>\n<li>- reflective inserts for visibility at night<\/li>\n<li>They adapt to the shape of the user's foot and provide long-lasting comfort<\/li>\n<li>\u2013 a stable, light and high heel with a unique ability to absorb energy<\/li>\n<li>Category HI CI S3 ESD SRC<\/li>\n<li>\u2013 meet the requirements of EN 20345, EN 61340-4-3 standards<\/li>\n<\/ul>","protected":false},"excerpt":{"rendered":"<p>Safety shoes HONEYWELL_SPRINT-P LOW. Waterproof leather upper with textile insoles exceptional comfort and reduced perspiration thanks to the optimally fitting and breathable 3D mesh lining that surrounds the interior of the shoe extremely lightweight metal-free protective toe cap puncture protection in the form of a non-metallic and non-magnetic FLEXIUM non-slip PU2D outsole made of two layers [...]<\/p>","protected":false},"featured_media":9625,"template":"","meta":[],"product_brand":[],"product_cat":[23,119],"product_tag":[],"class_list":{"0":"post-9609","1":"product","2":"type-product","3":"status-publish","4":"has-post-thumbnail","6":"product_cat-obutev","7":"product_cat-zascita-za-noge","9":"first","10":"onbackorder","11":"taxable","12":"shipping-taxable","13":"purchasable","14":"product-type-variable"},"bundled_by":[],"bundle_stock_status":"onbackorder","bundle_stock_quantity":null,"bundle_virtual":false,"bundle_layout":"","bundle_add_to_cart_form_location":"","bundle_editable_in_cart":false,"bundle_sold_individually_context":"","bundle_item_grouping":"","bundle_min_size":"","bundle_max_size":"","bundle_price":[],"bundled_items":[],"bundle_sell_ids":[],"group_of_quantity":0,"min_quantity":0,"max_quantity":"","exclude_order_quantity_value_rules":"no","exclude_category_quantity_rules":"no","combine_variations":"no","yoast_head":"<!-- This site is optimized with the Yoast SEO Premium plugin v23.9 (Yoast SEO v27.4) - https:\/\/yoast.com\/product\/yoast-seo-premium-wordpress\/ -->\n<title>HONEYWELL ESD VARNOSTNI \u010cEVLJI HW-SPRINT-P - AndPro<\/title>\n<meta name=\"robots\" content=\"index, follow, max-snippet:-1, max-image-preview:large, max-video-preview:-1\" \/>\n<link rel=\"canonical\" href=\"https:\/\/andpro.net\/en\/product\/honeywell-esd-varnostni-cevlji-hw-sprint-p\/\" \/>\n<meta property=\"og:locale\" content=\"en_GB\" \/>\n<meta property=\"og:type\" content=\"article\" \/>\n<meta property=\"og:title\" content=\"HONEYWELL ESD VARNOSTNI \u010cEVLJI HW-SPRINT-P\" \/>\n<meta property=\"og:description\" content=\"Varnostni \u010devlji HONEYWELL_SPRINT-P NIZEK. Vodoodporen usnjen zgornji del s tekstilnimi vlo\u017eki izjemno udobje in zmanj\u0161ano znojenje zaradi optimalno prilegajo\u010de se in zra\u010dne podloge iz 3D mre\u017eice, ki obdaja notranjost \u010devlja izjemno lahek za\u0161\u010ditni pokrov\u010dek za prste brez kovin za\u0161\u010dita pred predrtjem v obliki nekovinskega in nemagnetnega za\u0161\u010ditnega vlo\u017eka FLEXIUM Nedrse\u010d podplat PU2D iz dveh plasti [&hellip;]\" \/>\n<meta property=\"og:url\" content=\"https:\/\/andpro.net\/en\/product\/honeywell-esd-varnostni-cevlji-hw-sprint-p\/\" \/>\n<meta property=\"og:site_name\" content=\"AndPro\" \/>\n<meta property=\"article:modified_time\" content=\"2025-07-20T09:55:51+00:00\" \/>\n<meta property=\"og:image\" content=\"https:\/\/andpro.net\/wp-content\/uploads\/2024\/10\/0058482016.png\" \/>\n\t<meta property=\"og:image:width\" content=\"1299\" \/>\n\t<meta property=\"og:image:height\" content=\"833\" \/>\n\t<meta property=\"og:image:type\" content=\"image\/png\" \/>\n<meta name=\"twitter:card\" content=\"summary_large_image\" \/>\n<meta name=\"twitter:label1\" content=\"Estimated reading time\" \/>\n\t<meta name=\"twitter:data1\" content=\"1 minute\" \/>\n<script type=\"application\/ld+json\" class=\"yoast-schema-graph\">{\"@context\":\"https:\\\/\\\/schema.org\",\"@graph\":[{\"@type\":\"WebPage\",\"@id\":\"https:\\\/\\\/andpro.net\\\/product\\\/honeywell-esd-varnostni-cevlji-hw-sprint-p\\\/\",\"url\":\"https:\\\/\\\/andpro.net\\\/product\\\/honeywell-esd-varnostni-cevlji-hw-sprint-p\\\/\",\"name\":\"HONEYWELL ESD VARNOSTNI \u010cEVLJI HW-SPRINT-P - AndPro\",\"isPartOf\":{\"@id\":\"https:\\\/\\\/andpro.net\\\/de\\\/#website\"},\"primaryImageOfPage\":{\"@id\":\"https:\\\/\\\/andpro.net\\\/product\\\/honeywell-esd-varnostni-cevlji-hw-sprint-p\\\/#primaryimage\"},\"image\":{\"@id\":\"https:\\\/\\\/andpro.net\\\/product\\\/honeywell-esd-varnostni-cevlji-hw-sprint-p\\\/#primaryimage\"},\"thumbnailUrl\":\"https:\\\/\\\/andpro.net\\\/wp-content\\\/uploads\\\/2024\\\/10\\\/0058482016.png\",\"datePublished\":\"2024-10-21T17:43:04+00:00\",\"dateModified\":\"2025-07-20T09:55:51+00:00\",\"breadcrumb\":{\"@id\":\"https:\\\/\\\/andpro.net\\\/product\\\/honeywell-esd-varnostni-cevlji-hw-sprint-p\\\/#breadcrumb\"},\"inLanguage\":\"en-GB\",\"potentialAction\":[{\"@type\":\"ReadAction\",\"target\":[\"https:\\\/\\\/andpro.net\\\/product\\\/honeywell-esd-varnostni-cevlji-hw-sprint-p\\\/\"]}]},{\"@type\":\"ImageObject\",\"inLanguage\":\"en-GB\",\"@id\":\"https:\\\/\\\/andpro.net\\\/product\\\/honeywell-esd-varnostni-cevlji-hw-sprint-p\\\/#primaryimage\",\"url\":\"https:\\\/\\\/andpro.net\\\/wp-content\\\/uploads\\\/2024\\\/10\\\/0058482016.png\",\"contentUrl\":\"https:\\\/\\\/andpro.net\\\/wp-content\\\/uploads\\\/2024\\\/10\\\/0058482016.png\",\"width\":1299,\"height\":833},{\"@type\":\"BreadcrumbList\",\"@id\":\"https:\\\/\\\/andpro.net\\\/product\\\/honeywell-esd-varnostni-cevlji-hw-sprint-p\\\/#breadcrumb\",\"itemListElement\":[{\"@type\":\"ListItem\",\"position\":1,\"name\":\"Home\",\"item\":\"https:\\\/\\\/andpro.net\\\/\"},{\"@type\":\"ListItem\",\"position\":2,\"name\":\"Shop\",\"item\":\"https:\\\/\\\/andpro.net\\\/en\\\/shop\\\/\"},{\"@type\":\"ListItem\",\"position\":3,\"name\":\"HONEYWELL ESD VARNOSTNI \u010cEVLJI HW-SPRINT-P\"}]},{\"@type\":\"WebSite\",\"@id\":\"https:\\\/\\\/andpro.net\\\/de\\\/#website\",\"url\":\"https:\\\/\\\/andpro.net\\\/de\\\/\",\"name\":\"AndPro\",\"description\":\"The best decision\",\"publisher\":{\"@id\":\"https:\\\/\\\/andpro.net\\\/de\\\/#organization\"},\"potentialAction\":[{\"@type\":\"SearchAction\",\"target\":{\"@type\":\"EntryPoint\",\"urlTemplate\":\"https:\\\/\\\/andpro.net\\\/de\\\/?s={search_term_string}\"},\"query-input\":{\"@type\":\"PropertyValueSpecification\",\"valueRequired\":true,\"valueName\":\"search_term_string\"}}],\"inLanguage\":\"en-GB\"},{\"@type\":\"Organization\",\"@id\":\"https:\\\/\\\/andpro.net\\\/de\\\/#organization\",\"name\":\"AndPro\",\"url\":\"https:\\\/\\\/andpro.net\\\/de\\\/\",\"logo\":{\"@type\":\"ImageObject\",\"inLanguage\":\"en-GB\",\"@id\":\"https:\\\/\\\/andpro.net\\\/de\\\/#\\\/schema\\\/logo\\\/image\\\/\",\"url\":\"https:\\\/\\\/andpro.net\\\/wp-content\\\/uploads\\\/2023\\\/11\\\/logo_fix.png\",\"contentUrl\":\"https:\\\/\\\/andpro.net\\\/wp-content\\\/uploads\\\/2023\\\/11\\\/logo_fix.png\",\"width\":1244,\"height\":637,\"caption\":\"AndPro\"},\"image\":{\"@id\":\"https:\\\/\\\/andpro.net\\\/de\\\/#\\\/schema\\\/logo\\\/image\\\/\"}}]}<\/script>\n<!-- \/ Yoast SEO Premium plugin. -->","yoast_head_json":{"title":"HONEYWELL ESD VARNOSTNI \u010cEVLJI HW-SPRINT-P - AndPro","robots":{"index":"index","follow":"follow","max-snippet":"max-snippet:-1","max-image-preview":"max-image-preview:large","max-video-preview":"max-video-preview:-1"},"canonical":"https:\/\/andpro.net\/en\/product\/honeywell-esd-varnostni-cevlji-hw-sprint-p\/","og_locale":"en_GB","og_type":"article","og_title":"HONEYWELL ESD VARNOSTNI \u010cEVLJI HW-SPRINT-P","og_description":"Varnostni \u010devlji HONEYWELL_SPRINT-P NIZEK. Vodoodporen usnjen zgornji del s tekstilnimi vlo\u017eki izjemno udobje in zmanj\u0161ano znojenje zaradi optimalno prilegajo\u010de se in zra\u010dne podloge iz 3D mre\u017eice, ki obdaja notranjost \u010devlja izjemno lahek za\u0161\u010ditni pokrov\u010dek za prste brez kovin za\u0161\u010dita pred predrtjem v obliki nekovinskega in nemagnetnega za\u0161\u010ditnega vlo\u017eka FLEXIUM Nedrse\u010d podplat PU2D iz dveh plasti [&hellip;]","og_url":"https:\/\/andpro.net\/en\/product\/honeywell-esd-varnostni-cevlji-hw-sprint-p\/","og_site_name":"AndPro","article_modified_time":"2025-07-20T09:55:51+00:00","og_image":[{"width":1299,"height":833,"url":"https:\/\/andpro.net\/wp-content\/uploads\/2024\/10\/0058482016.png","type":"image\/png"}],"twitter_card":"summary_large_image","twitter_misc":{"Estimated reading time":"1 minute"},"schema":{"@context":"https:\/\/schema.org","@graph":[{"@type":"WebPage","@id":"https:\/\/andpro.net\/product\/honeywell-esd-varnostni-cevlji-hw-sprint-p\/","url":"https:\/\/andpro.net\/product\/honeywell-esd-varnostni-cevlji-hw-sprint-p\/","name":"HONEYWELL ESD VARNOSTNI \u010cEVLJI HW-SPRINT-P - AndPro","isPartOf":{"@id":"https:\/\/andpro.net\/de\/#website"},"primaryImageOfPage":{"@id":"https:\/\/andpro.net\/product\/honeywell-esd-varnostni-cevlji-hw-sprint-p\/#primaryimage"},"image":{"@id":"https:\/\/andpro.net\/product\/honeywell-esd-varnostni-cevlji-hw-sprint-p\/#primaryimage"},"thumbnailUrl":"https:\/\/andpro.net\/wp-content\/uploads\/2024\/10\/0058482016.png","datePublished":"2024-10-21T17:43:04+00:00","dateModified":"2025-07-20T09:55:51+00:00","breadcrumb":{"@id":"https:\/\/andpro.net\/product\/honeywell-esd-varnostni-cevlji-hw-sprint-p\/#breadcrumb"},"inLanguage":"en-GB","potentialAction":[{"@type":"ReadAction","target":["https:\/\/andpro.net\/product\/honeywell-esd-varnostni-cevlji-hw-sprint-p\/"]}]},{"@type":"ImageObject","inLanguage":"en-GB","@id":"https:\/\/andpro.net\/product\/honeywell-esd-varnostni-cevlji-hw-sprint-p\/#primaryimage","url":"https:\/\/andpro.net\/wp-content\/uploads\/2024\/10\/0058482016.png","contentUrl":"https:\/\/andpro.net\/wp-content\/uploads\/2024\/10\/0058482016.png","width":1299,"height":833},{"@type":"BreadcrumbList","@id":"https:\/\/andpro.net\/product\/honeywell-esd-varnostni-cevlji-hw-sprint-p\/#breadcrumb","itemListElement":[{"@type":"ListItem","position":1,"name":"Home","item":"https:\/\/andpro.net\/"},{"@type":"ListItem","position":2,"name":"Shop","item":"https:\/\/andpro.net\/en\/shop\/"},{"@type":"ListItem","position":3,"name":"HONEYWELL ESD VARNOSTNI \u010cEVLJI HW-SPRINT-P"}]},{"@type":"WebSite","@id":"https:\/\/andpro.net\/de\/#website","url":"https:\/\/andpro.net\/de\/","name":"AndPro","description":"The best decision","publisher":{"@id":"https:\/\/andpro.net\/de\/#organization"},"potentialAction":[{"@type":"SearchAction","target":{"@type":"EntryPoint","urlTemplate":"https:\/\/andpro.net\/de\/?s={search_term_string}"},"query-input":{"@type":"PropertyValueSpecification","valueRequired":true,"valueName":"search_term_string"}}],"inLanguage":"en-GB"},{"@type":"Organization","@id":"https:\/\/andpro.net\/de\/#organization","name":"AndPro","url":"https:\/\/andpro.net\/de\/","logo":{"@type":"ImageObject","inLanguage":"en-GB","@id":"https:\/\/andpro.net\/de\/#\/schema\/logo\/image\/","url":"https:\/\/andpro.net\/wp-content\/uploads\/2023\/11\/logo_fix.png","contentUrl":"https:\/\/andpro.net\/wp-content\/uploads\/2023\/11\/logo_fix.png","width":1244,"height":637,"caption":"AndPro"},"image":{"@id":"https:\/\/andpro.net\/de\/#\/schema\/logo\/image\/"}}]}},"_links":{"self":[{"href":"https:\/\/andpro.net\/en\/wp-json\/wp\/v2\/product\/9609","targetHints":{"allow":["GET"]}}],"collection":[{"href":"https:\/\/andpro.net\/en\/wp-json\/wp\/v2\/product"}],"about":[{"href":"https:\/\/andpro.net\/en\/wp-json\/wp\/v2\/types\/product"}],"wp:featuredmedia":[{"embeddable":true,"href":"https:\/\/andpro.net\/en\/wp-json\/wp\/v2\/media\/9625"}],"wp:attachment":[{"href":"https:\/\/andpro.net\/en\/wp-json\/wp\/v2\/media?parent=9609"}],"wp:term":[{"taxonomy":"product_brand","embeddable":true,"href":"https:\/\/andpro.net\/en\/wp-json\/wp\/v2\/product_brand?post=9609"},{"taxonomy":"product_cat","embeddable":true,"href":"https:\/\/andpro.net\/en\/wp-json\/wp\/v2\/product_cat?post=9609"},{"taxonomy":"product_tag","embeddable":true,"href":"https:\/\/andpro.net\/en\/wp-json\/wp\/v2\/product_tag?post=9609"}],"curies":[{"name":"wp","href":"https:\/\/api.w.org\/{rel}","templated":true}]}}