{"id":3219,"date":"2023-12-18T11:49:53","date_gmt":"2023-12-18T10:49:53","guid":{"rendered":"https:\/\/andpro.net\/product\/reis-varnostni-cevlji-bctitan_to-bp\/"},"modified":"2025-07-20T13:33:15","modified_gmt":"2025-07-20T12:33:15","slug":"reis-varnostni-cevlji-bctitan_to-bp","status":"publish","type":"product","link":"https:\/\/andpro.net\/hr\/product\/reis-varnostni-cevlji-bctitan_to-bp\/","title":{"rendered":"REIS VARNOSTNI \u010cEVLJI BCTITAN_TO BP S3 SRC"},"content":{"rendered":"<p>TITAN podlo\u017eeni delavski varnostni \u010devlji.<br \/>\n&#8211; iz cepljenega govejega usnja<br \/>\n&#8211; gle\u017enjarji, ki segajo nad gle\u017eenj<br \/>\n&#8211; izolirani s krznom<br \/>\n&#8211; protizdrsni, na olje odporen, antistati\u010den podplat iz poliuretana dvojne gostote<br \/>\n&#8211; bla\u017eenje udarcev pod peto<br \/>\n&#8211; ve\u010dslojni vlo\u017eek iz vlaken, ki \u0161\u010diti stopalo pred vbodom s pritiskom 1100N<br \/>\n&#8211; kompozitni no\u017eni prst odporen na udarce z energijo 200 J in zme\u010dkanino do 15 kN<br \/>\n&#8211; gumijasta prevleka, ki prepre\u010duje drgnjenje konice \u010devlja ob podlago<br \/>\n&#8211; S3 kategorija SRC<br \/>\n&#8211; izpolnjujejo zahteve standardov EN ISO 20344 in EN ISO 20345<\/p>","protected":false},"excerpt":{"rendered":"<p>TITAN podlo\u017eeni delavski varnostni \u010devlji. &#8211; iz cepljenega govejega usnja &#8211; gle\u017enjarji, ki segajo nad gle\u017eenj &#8211; izolirani s krznom &#8211; protizdrsni, na olje odporen, antistati\u010den podplat iz poliuretana dvojne gostote &#8211; bla\u017eenje udarcev pod peto &#8211; ve\u010dslojni vlo\u017eek iz vlaken, ki \u0161\u010diti stopalo pred vbodom s pritiskom 1100N &#8211; kompozitni no\u017eni prst odporen na [&hellip;]<\/p>","protected":false},"featured_media":1548,"template":"","meta":[],"product_brand":[105],"product_cat":[23,119],"product_tag":[],"class_list":{"0":"post-3219","1":"product","2":"type-product","3":"status-publish","4":"has-post-thumbnail","6":"product_brand-reis","7":"product_cat-obutev","8":"product_cat-zascita-za-noge","10":"first","11":"onbackorder","12":"taxable","13":"shipping-taxable","14":"purchasable","15":"product-type-variable"},"bundled_by":[],"bundle_stock_status":"onbackorder","bundle_stock_quantity":null,"bundle_virtual":false,"bundle_layout":"","bundle_add_to_cart_form_location":"","bundle_editable_in_cart":false,"bundle_sold_individually_context":"","bundle_item_grouping":"","bundle_min_size":"","bundle_max_size":"","bundle_price":[],"bundled_items":[],"bundle_sell_ids":[],"group_of_quantity":0,"min_quantity":0,"max_quantity":"","exclude_order_quantity_value_rules":"no","exclude_category_quantity_rules":"no","combine_variations":"no","yoast_head":"<!-- This site is optimized with the Yoast SEO Premium plugin v23.9 (Yoast SEO v27.3) - https:\/\/yoast.com\/product\/yoast-seo-premium-wordpress\/ -->\n<title>REIS VARNOSTNI \u010cEVLJI BCTITAN_TO BP S3 SRC - AndPro<\/title>\n<meta name=\"robots\" content=\"index, follow, max-snippet:-1, max-image-preview:large, max-video-preview:-1\" \/>\n<link rel=\"canonical\" href=\"https:\/\/andpro.net\/hr\/product\/reis-varnostni-cevlji-bctitan_to-bp\/\" \/>\n<meta property=\"og:locale\" content=\"hr_HR\" \/>\n<meta property=\"og:type\" content=\"article\" \/>\n<meta property=\"og:title\" content=\"REIS VARNOSTNI \u010cEVLJI BCTITAN_TO BP S3 SRC\" \/>\n<meta property=\"og:description\" content=\"TITAN podlo\u017eeni delavski varnostni \u010devlji. &#8211; iz cepljenega govejega usnja &#8211; gle\u017enjarji, ki segajo nad gle\u017eenj &#8211; izolirani s krznom &#8211; protizdrsni, na olje odporen, antistati\u010den podplat iz poliuretana dvojne gostote &#8211; bla\u017eenje udarcev pod peto &#8211; ve\u010dslojni vlo\u017eek iz vlaken, ki \u0161\u010diti stopalo pred vbodom s pritiskom 1100N &#8211; kompozitni no\u017eni prst odporen na [&hellip;]\" \/>\n<meta property=\"og:url\" content=\"https:\/\/andpro.net\/hr\/product\/reis-varnostni-cevlji-bctitan_to-bp\/\" \/>\n<meta property=\"og:site_name\" content=\"AndPro\" \/>\n<meta property=\"article:modified_time\" content=\"2025-07-20T12:33:15+00:00\" \/>\n<meta property=\"og:image\" content=\"https:\/\/andpro.net\/wp-content\/uploads\/2023\/12\/0055256160.jpg\" \/>\n\t<meta property=\"og:image:width\" content=\"1024\" \/>\n\t<meta property=\"og:image:height\" content=\"888\" \/>\n\t<meta property=\"og:image:type\" content=\"image\/jpeg\" \/>\n<meta name=\"twitter:card\" content=\"summary_large_image\" \/>\n<meta name=\"twitter:label1\" content=\"Procijenjeno vrijeme \u010ditanja\" \/>\n\t<meta name=\"twitter:data1\" content=\"1 minuta\" \/>\n<script type=\"application\/ld+json\" class=\"yoast-schema-graph\">{\"@context\":\"https:\\\/\\\/schema.org\",\"@graph\":[{\"@type\":\"WebPage\",\"@id\":\"https:\\\/\\\/andpro.net\\\/product\\\/reis-varnostni-cevlji-bctitan_to-bp\\\/\",\"url\":\"https:\\\/\\\/andpro.net\\\/product\\\/reis-varnostni-cevlji-bctitan_to-bp\\\/\",\"name\":\"REIS VARNOSTNI \u010cEVLJI BCTITAN_TO BP S3 SRC - AndPro\",\"isPartOf\":{\"@id\":\"https:\\\/\\\/andpro.net\\\/de\\\/#website\"},\"primaryImageOfPage\":{\"@id\":\"https:\\\/\\\/andpro.net\\\/product\\\/reis-varnostni-cevlji-bctitan_to-bp\\\/#primaryimage\"},\"image\":{\"@id\":\"https:\\\/\\\/andpro.net\\\/product\\\/reis-varnostni-cevlji-bctitan_to-bp\\\/#primaryimage\"},\"thumbnailUrl\":\"https:\\\/\\\/andpro.net\\\/wp-content\\\/uploads\\\/2023\\\/12\\\/0055256160.jpg\",\"datePublished\":\"2023-12-18T10:49:53+00:00\",\"dateModified\":\"2025-07-20T12:33:15+00:00\",\"breadcrumb\":{\"@id\":\"https:\\\/\\\/andpro.net\\\/product\\\/reis-varnostni-cevlji-bctitan_to-bp\\\/#breadcrumb\"},\"inLanguage\":\"hr\",\"potentialAction\":[{\"@type\":\"ReadAction\",\"target\":[\"https:\\\/\\\/andpro.net\\\/product\\\/reis-varnostni-cevlji-bctitan_to-bp\\\/\"]}]},{\"@type\":\"ImageObject\",\"inLanguage\":\"hr\",\"@id\":\"https:\\\/\\\/andpro.net\\\/product\\\/reis-varnostni-cevlji-bctitan_to-bp\\\/#primaryimage\",\"url\":\"https:\\\/\\\/andpro.net\\\/wp-content\\\/uploads\\\/2023\\\/12\\\/0055256160.jpg\",\"contentUrl\":\"https:\\\/\\\/andpro.net\\\/wp-content\\\/uploads\\\/2023\\\/12\\\/0055256160.jpg\",\"width\":1024,\"height\":888,\"caption\":\"37307424\"},{\"@type\":\"BreadcrumbList\",\"@id\":\"https:\\\/\\\/andpro.net\\\/product\\\/reis-varnostni-cevlji-bctitan_to-bp\\\/#breadcrumb\",\"itemListElement\":[{\"@type\":\"ListItem\",\"position\":1,\"name\":\"Home\",\"item\":\"https:\\\/\\\/andpro.net\\\/\"},{\"@type\":\"ListItem\",\"position\":2,\"name\":\"Shop\",\"item\":\"https:\\\/\\\/andpro.net\\\/en\\\/shop\\\/\"},{\"@type\":\"ListItem\",\"position\":3,\"name\":\"REIS VARNOSTNI \u010cEVLJI BCTITAN_TO BP S3 SRC\"}]},{\"@type\":\"WebSite\",\"@id\":\"https:\\\/\\\/andpro.net\\\/de\\\/#website\",\"url\":\"https:\\\/\\\/andpro.net\\\/de\\\/\",\"name\":\"AndPro\",\"description\":\"The best decision\",\"publisher\":{\"@id\":\"https:\\\/\\\/andpro.net\\\/de\\\/#organization\"},\"potentialAction\":[{\"@type\":\"SearchAction\",\"target\":{\"@type\":\"EntryPoint\",\"urlTemplate\":\"https:\\\/\\\/andpro.net\\\/de\\\/?s={search_term_string}\"},\"query-input\":{\"@type\":\"PropertyValueSpecification\",\"valueRequired\":true,\"valueName\":\"search_term_string\"}}],\"inLanguage\":\"hr\"},{\"@type\":\"Organization\",\"@id\":\"https:\\\/\\\/andpro.net\\\/de\\\/#organization\",\"name\":\"AndPro\",\"url\":\"https:\\\/\\\/andpro.net\\\/de\\\/\",\"logo\":{\"@type\":\"ImageObject\",\"inLanguage\":\"hr\",\"@id\":\"https:\\\/\\\/andpro.net\\\/de\\\/#\\\/schema\\\/logo\\\/image\\\/\",\"url\":\"https:\\\/\\\/andpro.net\\\/wp-content\\\/uploads\\\/2023\\\/11\\\/logo_fix.png\",\"contentUrl\":\"https:\\\/\\\/andpro.net\\\/wp-content\\\/uploads\\\/2023\\\/11\\\/logo_fix.png\",\"width\":1244,\"height\":637,\"caption\":\"AndPro\"},\"image\":{\"@id\":\"https:\\\/\\\/andpro.net\\\/de\\\/#\\\/schema\\\/logo\\\/image\\\/\"}}]}<\/script>\n<!-- \/ Yoast SEO Premium plugin. -->","yoast_head_json":{"title":"REIS VARNOSTNI \u010cEVLJI BCTITAN_TO BP S3 SRC - AndPro","robots":{"index":"index","follow":"follow","max-snippet":"max-snippet:-1","max-image-preview":"max-image-preview:large","max-video-preview":"max-video-preview:-1"},"canonical":"https:\/\/andpro.net\/hr\/product\/reis-varnostni-cevlji-bctitan_to-bp\/","og_locale":"hr_HR","og_type":"article","og_title":"REIS VARNOSTNI \u010cEVLJI BCTITAN_TO BP S3 SRC","og_description":"TITAN podlo\u017eeni delavski varnostni \u010devlji. &#8211; iz cepljenega govejega usnja &#8211; gle\u017enjarji, ki segajo nad gle\u017eenj &#8211; izolirani s krznom &#8211; protizdrsni, na olje odporen, antistati\u010den podplat iz poliuretana dvojne gostote &#8211; bla\u017eenje udarcev pod peto &#8211; ve\u010dslojni vlo\u017eek iz vlaken, ki \u0161\u010diti stopalo pred vbodom s pritiskom 1100N &#8211; kompozitni no\u017eni prst odporen na [&hellip;]","og_url":"https:\/\/andpro.net\/hr\/product\/reis-varnostni-cevlji-bctitan_to-bp\/","og_site_name":"AndPro","article_modified_time":"2025-07-20T12:33:15+00:00","og_image":[{"width":1024,"height":888,"url":"https:\/\/andpro.net\/wp-content\/uploads\/2023\/12\/0055256160.jpg","type":"image\/jpeg"}],"twitter_card":"summary_large_image","twitter_misc":{"Procijenjeno vrijeme \u010ditanja":"1 minuta"},"schema":{"@context":"https:\/\/schema.org","@graph":[{"@type":"WebPage","@id":"https:\/\/andpro.net\/product\/reis-varnostni-cevlji-bctitan_to-bp\/","url":"https:\/\/andpro.net\/product\/reis-varnostni-cevlji-bctitan_to-bp\/","name":"REIS VARNOSTNI \u010cEVLJI BCTITAN_TO BP S3 SRC - AndPro","isPartOf":{"@id":"https:\/\/andpro.net\/de\/#website"},"primaryImageOfPage":{"@id":"https:\/\/andpro.net\/product\/reis-varnostni-cevlji-bctitan_to-bp\/#primaryimage"},"image":{"@id":"https:\/\/andpro.net\/product\/reis-varnostni-cevlji-bctitan_to-bp\/#primaryimage"},"thumbnailUrl":"https:\/\/andpro.net\/wp-content\/uploads\/2023\/12\/0055256160.jpg","datePublished":"2023-12-18T10:49:53+00:00","dateModified":"2025-07-20T12:33:15+00:00","breadcrumb":{"@id":"https:\/\/andpro.net\/product\/reis-varnostni-cevlji-bctitan_to-bp\/#breadcrumb"},"inLanguage":"hr","potentialAction":[{"@type":"ReadAction","target":["https:\/\/andpro.net\/product\/reis-varnostni-cevlji-bctitan_to-bp\/"]}]},{"@type":"ImageObject","inLanguage":"hr","@id":"https:\/\/andpro.net\/product\/reis-varnostni-cevlji-bctitan_to-bp\/#primaryimage","url":"https:\/\/andpro.net\/wp-content\/uploads\/2023\/12\/0055256160.jpg","contentUrl":"https:\/\/andpro.net\/wp-content\/uploads\/2023\/12\/0055256160.jpg","width":1024,"height":888,"caption":"37307424"},{"@type":"BreadcrumbList","@id":"https:\/\/andpro.net\/product\/reis-varnostni-cevlji-bctitan_to-bp\/#breadcrumb","itemListElement":[{"@type":"ListItem","position":1,"name":"Home","item":"https:\/\/andpro.net\/"},{"@type":"ListItem","position":2,"name":"Shop","item":"https:\/\/andpro.net\/en\/shop\/"},{"@type":"ListItem","position":3,"name":"REIS VARNOSTNI \u010cEVLJI BCTITAN_TO BP S3 SRC"}]},{"@type":"WebSite","@id":"https:\/\/andpro.net\/de\/#website","url":"https:\/\/andpro.net\/de\/","name":"AndPro","description":"The best decision","publisher":{"@id":"https:\/\/andpro.net\/de\/#organization"},"potentialAction":[{"@type":"SearchAction","target":{"@type":"EntryPoint","urlTemplate":"https:\/\/andpro.net\/de\/?s={search_term_string}"},"query-input":{"@type":"PropertyValueSpecification","valueRequired":true,"valueName":"search_term_string"}}],"inLanguage":"hr"},{"@type":"Organization","@id":"https:\/\/andpro.net\/de\/#organization","name":"AndPro","url":"https:\/\/andpro.net\/de\/","logo":{"@type":"ImageObject","inLanguage":"hr","@id":"https:\/\/andpro.net\/de\/#\/schema\/logo\/image\/","url":"https:\/\/andpro.net\/wp-content\/uploads\/2023\/11\/logo_fix.png","contentUrl":"https:\/\/andpro.net\/wp-content\/uploads\/2023\/11\/logo_fix.png","width":1244,"height":637,"caption":"AndPro"},"image":{"@id":"https:\/\/andpro.net\/de\/#\/schema\/logo\/image\/"}}]}},"_links":{"self":[{"href":"https:\/\/andpro.net\/hr\/wp-json\/wp\/v2\/product\/3219","targetHints":{"allow":["GET"]}}],"collection":[{"href":"https:\/\/andpro.net\/hr\/wp-json\/wp\/v2\/product"}],"about":[{"href":"https:\/\/andpro.net\/hr\/wp-json\/wp\/v2\/types\/product"}],"wp:featuredmedia":[{"embeddable":true,"href":"https:\/\/andpro.net\/hr\/wp-json\/wp\/v2\/media\/1548"}],"wp:attachment":[{"href":"https:\/\/andpro.net\/hr\/wp-json\/wp\/v2\/media?parent=3219"}],"wp:term":[{"taxonomy":"product_brand","embeddable":true,"href":"https:\/\/andpro.net\/hr\/wp-json\/wp\/v2\/product_brand?post=3219"},{"taxonomy":"product_cat","embeddable":true,"href":"https:\/\/andpro.net\/hr\/wp-json\/wp\/v2\/product_cat?post=3219"},{"taxonomy":"product_tag","embeddable":true,"href":"https:\/\/andpro.net\/hr\/wp-json\/wp\/v2\/product_tag?post=3219"}],"curies":[{"name":"wp","href":"https:\/\/api.w.org\/{rel}","templated":true}]}}