{"id":3326,"date":"2023-12-18T11:50:38","date_gmt":"2023-12-18T10:50:38","guid":{"rendered":"https:\/\/andpro.net\/product\/honeywell-varnostni-cevlji-hw-bellevo-t-brbc\/"},"modified":"2025-07-20T13:31:15","modified_gmt":"2025-07-20T12:31:15","slug":"honeywell-varnostni-cevlji-hw-bellevo-t-brbc","status":"publish","type":"product","link":"https:\/\/andpro.net\/hr\/product\/honeywell-varnostni-cevlji-hw-bellevo-t-brbc\/","title":{"rendered":"HONEYWELL VARNOSTNI \u010cEVLJI HW-BELLEVO-T BRBC S3"},"content":{"rendered":"<p>Varnostni delavski \u010devlji BALLAST EVO.<br \/>\n&#8211; vodoodporno naoljeno usnje<br \/>\n&#8211; ergonomski ovratnik iz Cordure<br \/>\n&#8211; mehak jezik iz zrnatega usnja z vodoodpornim mehom<br \/>\n&#8211; antibakterijska, zra\u010dna podloga Coolmax &#8211; hitro su\u0161e\u010da z dodatno podlogo na osnovi srebrovih ionov<br \/>\n&#8211; oja\u010dani \u0161ivi za ve\u010djo vzdr\u017eljivost<br \/>\n&#8211; za\u0161\u010ditna kapica iz brizganega polimera<br \/>\n&#8211; vlo\u017eek proti predrtju (nekovinski)<br \/>\n&#8211; pro\u017een in lahek podplat iz PU\/nitrila, odporen na kisline in alkalije omejene na nizke koncentracije<br \/>\n&#8211; kategorija S3 HRO CI HI SRC<\/p>","protected":false},"excerpt":{"rendered":"<p>Varnostni delavski \u010devlji BALLAST EVO. &#8211; vodoodporno naoljeno usnje &#8211; ergonomski ovratnik iz Cordure &#8211; mehak jezik iz zrnatega usnja z vodoodpornim mehom &#8211; antibakterijska, zra\u010dna podloga Coolmax &#8211; hitro su\u0161e\u010da z dodatno podlogo na osnovi srebrovih ionov &#8211; oja\u010dani \u0161ivi za ve\u010djo vzdr\u017eljivost &#8211; za\u0161\u010ditna kapica iz brizganega polimera &#8211; vlo\u017eek proti predrtju (nekovinski) [&hellip;]<\/p>","protected":false},"featured_media":1596,"template":"","meta":[],"product_brand":[125],"product_cat":[23,119],"product_tag":[],"class_list":{"0":"post-3326","1":"product","2":"type-product","3":"status-publish","4":"has-post-thumbnail","6":"product_brand-honeywell","7":"product_cat-obutev","8":"product_cat-zascita-za-noge","10":"first","11":"onbackorder","12":"taxable","13":"shipping-taxable","14":"purchasable","15":"product-type-variable"},"bundled_by":[],"bundle_stock_status":"onbackorder","bundle_stock_quantity":null,"bundle_virtual":false,"bundle_layout":"","bundle_add_to_cart_form_location":"","bundle_editable_in_cart":false,"bundle_sold_individually_context":"","bundle_item_grouping":"","bundle_min_size":"","bundle_max_size":"","bundle_price":[],"bundled_items":[],"bundle_sell_ids":[],"group_of_quantity":0,"min_quantity":0,"max_quantity":"","exclude_order_quantity_value_rules":"no","exclude_category_quantity_rules":"no","combine_variations":"no","yoast_head":"<!-- This site is optimized with the Yoast SEO Premium plugin v23.9 (Yoast SEO v27.4) - https:\/\/yoast.com\/product\/yoast-seo-premium-wordpress\/ -->\n<title>HONEYWELL VARNOSTNI \u010cEVLJI HW-BELLEVO-T BRBC S3 - AndPro<\/title>\n<meta name=\"robots\" content=\"index, follow, max-snippet:-1, max-image-preview:large, max-video-preview:-1\" \/>\n<link rel=\"canonical\" href=\"https:\/\/andpro.net\/hr\/product\/honeywell-varnostni-cevlji-hw-bellevo-t-brbc\/\" \/>\n<meta property=\"og:locale\" content=\"hr_HR\" \/>\n<meta property=\"og:type\" content=\"article\" \/>\n<meta property=\"og:title\" content=\"HONEYWELL VARNOSTNI \u010cEVLJI HW-BELLEVO-T BRBC S3\" \/>\n<meta property=\"og:description\" content=\"Varnostni delavski \u010devlji BALLAST EVO. &#8211; vodoodporno naoljeno usnje &#8211; ergonomski ovratnik iz Cordure &#8211; mehak jezik iz zrnatega usnja z vodoodpornim mehom &#8211; antibakterijska, zra\u010dna podloga Coolmax &#8211; hitro su\u0161e\u010da z dodatno podlogo na osnovi srebrovih ionov &#8211; oja\u010dani \u0161ivi za ve\u010djo vzdr\u017eljivost &#8211; za\u0161\u010ditna kapica iz brizganega polimera &#8211; vlo\u017eek proti predrtju (nekovinski) [&hellip;]\" \/>\n<meta property=\"og:url\" content=\"https:\/\/andpro.net\/hr\/product\/honeywell-varnostni-cevlji-hw-bellevo-t-brbc\/\" \/>\n<meta property=\"og:site_name\" content=\"AndPro\" \/>\n<meta property=\"article:modified_time\" content=\"2025-07-20T12:31:15+00:00\" \/>\n<meta property=\"og:image\" content=\"https:\/\/andpro.net\/wp-content\/uploads\/2023\/12\/0058374480.jpg\" \/>\n\t<meta property=\"og:image:width\" content=\"990\" \/>\n\t<meta property=\"og:image:height\" content=\"1024\" \/>\n\t<meta property=\"og:image:type\" content=\"image\/jpeg\" \/>\n<meta name=\"twitter:card\" content=\"summary_large_image\" \/>\n<meta name=\"twitter:label1\" content=\"Procijenjeno vrijeme \u010ditanja\" \/>\n\t<meta name=\"twitter:data1\" content=\"1 minuta\" \/>\n<script type=\"application\/ld+json\" class=\"yoast-schema-graph\">{\"@context\":\"https:\\\/\\\/schema.org\",\"@graph\":[{\"@type\":\"WebPage\",\"@id\":\"https:\\\/\\\/andpro.net\\\/product\\\/honeywell-varnostni-cevlji-hw-bellevo-t-brbc\\\/\",\"url\":\"https:\\\/\\\/andpro.net\\\/product\\\/honeywell-varnostni-cevlji-hw-bellevo-t-brbc\\\/\",\"name\":\"HONEYWELL VARNOSTNI \u010cEVLJI HW-BELLEVO-T BRBC S3 - AndPro\",\"isPartOf\":{\"@id\":\"https:\\\/\\\/andpro.net\\\/de\\\/#website\"},\"primaryImageOfPage\":{\"@id\":\"https:\\\/\\\/andpro.net\\\/product\\\/honeywell-varnostni-cevlji-hw-bellevo-t-brbc\\\/#primaryimage\"},\"image\":{\"@id\":\"https:\\\/\\\/andpro.net\\\/product\\\/honeywell-varnostni-cevlji-hw-bellevo-t-brbc\\\/#primaryimage\"},\"thumbnailUrl\":\"https:\\\/\\\/andpro.net\\\/wp-content\\\/uploads\\\/2023\\\/12\\\/0058374480.jpg\",\"datePublished\":\"2023-12-18T10:50:38+00:00\",\"dateModified\":\"2025-07-20T12:31:15+00:00\",\"breadcrumb\":{\"@id\":\"https:\\\/\\\/andpro.net\\\/product\\\/honeywell-varnostni-cevlji-hw-bellevo-t-brbc\\\/#breadcrumb\"},\"inLanguage\":\"hr\",\"potentialAction\":[{\"@type\":\"ReadAction\",\"target\":[\"https:\\\/\\\/andpro.net\\\/product\\\/honeywell-varnostni-cevlji-hw-bellevo-t-brbc\\\/\"]}]},{\"@type\":\"ImageObject\",\"inLanguage\":\"hr\",\"@id\":\"https:\\\/\\\/andpro.net\\\/product\\\/honeywell-varnostni-cevlji-hw-bellevo-t-brbc\\\/#primaryimage\",\"url\":\"https:\\\/\\\/andpro.net\\\/wp-content\\\/uploads\\\/2023\\\/12\\\/0058374480.jpg\",\"contentUrl\":\"https:\\\/\\\/andpro.net\\\/wp-content\\\/uploads\\\/2023\\\/12\\\/0058374480.jpg\",\"width\":990,\"height\":1024,\"caption\":\"37446800\"},{\"@type\":\"BreadcrumbList\",\"@id\":\"https:\\\/\\\/andpro.net\\\/product\\\/honeywell-varnostni-cevlji-hw-bellevo-t-brbc\\\/#breadcrumb\",\"itemListElement\":[{\"@type\":\"ListItem\",\"position\":1,\"name\":\"Home\",\"item\":\"https:\\\/\\\/andpro.net\\\/\"},{\"@type\":\"ListItem\",\"position\":2,\"name\":\"Shop\",\"item\":\"https:\\\/\\\/andpro.net\\\/en\\\/shop\\\/\"},{\"@type\":\"ListItem\",\"position\":3,\"name\":\"HONEYWELL VARNOSTNI \u010cEVLJI HW-BELLEVO-T BRBC S3\"}]},{\"@type\":\"WebSite\",\"@id\":\"https:\\\/\\\/andpro.net\\\/de\\\/#website\",\"url\":\"https:\\\/\\\/andpro.net\\\/de\\\/\",\"name\":\"AndPro\",\"description\":\"The best decision\",\"publisher\":{\"@id\":\"https:\\\/\\\/andpro.net\\\/de\\\/#organization\"},\"potentialAction\":[{\"@type\":\"SearchAction\",\"target\":{\"@type\":\"EntryPoint\",\"urlTemplate\":\"https:\\\/\\\/andpro.net\\\/de\\\/?s={search_term_string}\"},\"query-input\":{\"@type\":\"PropertyValueSpecification\",\"valueRequired\":true,\"valueName\":\"search_term_string\"}}],\"inLanguage\":\"hr\"},{\"@type\":\"Organization\",\"@id\":\"https:\\\/\\\/andpro.net\\\/de\\\/#organization\",\"name\":\"AndPro\",\"url\":\"https:\\\/\\\/andpro.net\\\/de\\\/\",\"logo\":{\"@type\":\"ImageObject\",\"inLanguage\":\"hr\",\"@id\":\"https:\\\/\\\/andpro.net\\\/de\\\/#\\\/schema\\\/logo\\\/image\\\/\",\"url\":\"https:\\\/\\\/andpro.net\\\/wp-content\\\/uploads\\\/2023\\\/11\\\/logo_fix.png\",\"contentUrl\":\"https:\\\/\\\/andpro.net\\\/wp-content\\\/uploads\\\/2023\\\/11\\\/logo_fix.png\",\"width\":1244,\"height\":637,\"caption\":\"AndPro\"},\"image\":{\"@id\":\"https:\\\/\\\/andpro.net\\\/de\\\/#\\\/schema\\\/logo\\\/image\\\/\"}}]}<\/script>\n<!-- \/ Yoast SEO Premium plugin. -->","yoast_head_json":{"title":"HONEYWELL VARNOSTNI \u010cEVLJI HW-BELLEVO-T BRBC S3 - AndPro","robots":{"index":"index","follow":"follow","max-snippet":"max-snippet:-1","max-image-preview":"max-image-preview:large","max-video-preview":"max-video-preview:-1"},"canonical":"https:\/\/andpro.net\/hr\/product\/honeywell-varnostni-cevlji-hw-bellevo-t-brbc\/","og_locale":"hr_HR","og_type":"article","og_title":"HONEYWELL VARNOSTNI \u010cEVLJI HW-BELLEVO-T BRBC S3","og_description":"Varnostni delavski \u010devlji BALLAST EVO. &#8211; vodoodporno naoljeno usnje &#8211; ergonomski ovratnik iz Cordure &#8211; mehak jezik iz zrnatega usnja z vodoodpornim mehom &#8211; antibakterijska, zra\u010dna podloga Coolmax &#8211; hitro su\u0161e\u010da z dodatno podlogo na osnovi srebrovih ionov &#8211; oja\u010dani \u0161ivi za ve\u010djo vzdr\u017eljivost &#8211; za\u0161\u010ditna kapica iz brizganega polimera &#8211; vlo\u017eek proti predrtju (nekovinski) [&hellip;]","og_url":"https:\/\/andpro.net\/hr\/product\/honeywell-varnostni-cevlji-hw-bellevo-t-brbc\/","og_site_name":"AndPro","article_modified_time":"2025-07-20T12:31:15+00:00","og_image":[{"width":990,"height":1024,"url":"https:\/\/andpro.net\/wp-content\/uploads\/2023\/12\/0058374480.jpg","type":"image\/jpeg"}],"twitter_card":"summary_large_image","twitter_misc":{"Procijenjeno vrijeme \u010ditanja":"1 minuta"},"schema":{"@context":"https:\/\/schema.org","@graph":[{"@type":"WebPage","@id":"https:\/\/andpro.net\/product\/honeywell-varnostni-cevlji-hw-bellevo-t-brbc\/","url":"https:\/\/andpro.net\/product\/honeywell-varnostni-cevlji-hw-bellevo-t-brbc\/","name":"HONEYWELL VARNOSTNI \u010cEVLJI HW-BELLEVO-T BRBC S3 - AndPro","isPartOf":{"@id":"https:\/\/andpro.net\/de\/#website"},"primaryImageOfPage":{"@id":"https:\/\/andpro.net\/product\/honeywell-varnostni-cevlji-hw-bellevo-t-brbc\/#primaryimage"},"image":{"@id":"https:\/\/andpro.net\/product\/honeywell-varnostni-cevlji-hw-bellevo-t-brbc\/#primaryimage"},"thumbnailUrl":"https:\/\/andpro.net\/wp-content\/uploads\/2023\/12\/0058374480.jpg","datePublished":"2023-12-18T10:50:38+00:00","dateModified":"2025-07-20T12:31:15+00:00","breadcrumb":{"@id":"https:\/\/andpro.net\/product\/honeywell-varnostni-cevlji-hw-bellevo-t-brbc\/#breadcrumb"},"inLanguage":"hr","potentialAction":[{"@type":"ReadAction","target":["https:\/\/andpro.net\/product\/honeywell-varnostni-cevlji-hw-bellevo-t-brbc\/"]}]},{"@type":"ImageObject","inLanguage":"hr","@id":"https:\/\/andpro.net\/product\/honeywell-varnostni-cevlji-hw-bellevo-t-brbc\/#primaryimage","url":"https:\/\/andpro.net\/wp-content\/uploads\/2023\/12\/0058374480.jpg","contentUrl":"https:\/\/andpro.net\/wp-content\/uploads\/2023\/12\/0058374480.jpg","width":990,"height":1024,"caption":"37446800"},{"@type":"BreadcrumbList","@id":"https:\/\/andpro.net\/product\/honeywell-varnostni-cevlji-hw-bellevo-t-brbc\/#breadcrumb","itemListElement":[{"@type":"ListItem","position":1,"name":"Home","item":"https:\/\/andpro.net\/"},{"@type":"ListItem","position":2,"name":"Shop","item":"https:\/\/andpro.net\/en\/shop\/"},{"@type":"ListItem","position":3,"name":"HONEYWELL VARNOSTNI \u010cEVLJI HW-BELLEVO-T BRBC S3"}]},{"@type":"WebSite","@id":"https:\/\/andpro.net\/de\/#website","url":"https:\/\/andpro.net\/de\/","name":"AndPro","description":"The best decision","publisher":{"@id":"https:\/\/andpro.net\/de\/#organization"},"potentialAction":[{"@type":"SearchAction","target":{"@type":"EntryPoint","urlTemplate":"https:\/\/andpro.net\/de\/?s={search_term_string}"},"query-input":{"@type":"PropertyValueSpecification","valueRequired":true,"valueName":"search_term_string"}}],"inLanguage":"hr"},{"@type":"Organization","@id":"https:\/\/andpro.net\/de\/#organization","name":"AndPro","url":"https:\/\/andpro.net\/de\/","logo":{"@type":"ImageObject","inLanguage":"hr","@id":"https:\/\/andpro.net\/de\/#\/schema\/logo\/image\/","url":"https:\/\/andpro.net\/wp-content\/uploads\/2023\/11\/logo_fix.png","contentUrl":"https:\/\/andpro.net\/wp-content\/uploads\/2023\/11\/logo_fix.png","width":1244,"height":637,"caption":"AndPro"},"image":{"@id":"https:\/\/andpro.net\/de\/#\/schema\/logo\/image\/"}}]}},"_links":{"self":[{"href":"https:\/\/andpro.net\/hr\/wp-json\/wp\/v2\/product\/3326","targetHints":{"allow":["GET"]}}],"collection":[{"href":"https:\/\/andpro.net\/hr\/wp-json\/wp\/v2\/product"}],"about":[{"href":"https:\/\/andpro.net\/hr\/wp-json\/wp\/v2\/types\/product"}],"wp:featuredmedia":[{"embeddable":true,"href":"https:\/\/andpro.net\/hr\/wp-json\/wp\/v2\/media\/1596"}],"wp:attachment":[{"href":"https:\/\/andpro.net\/hr\/wp-json\/wp\/v2\/media?parent=3326"}],"wp:term":[{"taxonomy":"product_brand","embeddable":true,"href":"https:\/\/andpro.net\/hr\/wp-json\/wp\/v2\/product_brand?post=3326"},{"taxonomy":"product_cat","embeddable":true,"href":"https:\/\/andpro.net\/hr\/wp-json\/wp\/v2\/product_cat?post=3326"},{"taxonomy":"product_tag","embeddable":true,"href":"https:\/\/andpro.net\/hr\/wp-json\/wp\/v2\/product_tag?post=3326"}],"curies":[{"name":"wp","href":"https:\/\/api.w.org\/{rel}","templated":true}]}}